{"id":9420,"date":"2020-10-20T16:28:32","date_gmt":"2020-10-20T16:28:32","guid":{"rendered":"http:\/\/localhost\/alquera\/?page_id=9420"},"modified":"2023-09-18T10:25:53","modified_gmt":"2023-09-18T10:25:53","slug":"cucarachas","status":"publish","type":"page","link":"https:\/\/www.alquera.com\/pt\/acido-borico\/cucarachas\/","title":{"rendered":"\u00c1cido B\u00f3rico para baratas"},"content":{"rendered":"O\u00a0<strong><a href=\"https:\/\/www.alquera.com\/pt\/acido-borico\/\">\u00e1cido b\u00f3rico<\/a><\/strong>\u00a0\u00e9 muito \u00fatil quando se trata de<strong>\u00a0elimina\u00e7\u00e3o de baratas<\/strong>formigas, formigas, insectos.  Nesta sec\u00e7\u00e3o veremos porqu\u00ea\u00a0<strong>como ver-se livre de baratas com \u00e1cido b\u00f3rico<\/strong>. Todos n\u00f3s n\u00e3o gostamos de encontrar uma barata na cozinha ou na casa de banho, pois \u00e9 um insecto com uma figura bastante repelente e feia, al\u00e9m de ser muito perigoso e prejudicial para a sa\u00fade, pois transmite doen\u00e7as devido \u00e0s quantidades de micr\u00f3bios que transportam nas suas extremidades e saliva. Vamos dar-lhe uma ideia simples para eliminar estes animais de sua casa, que consiste em fazer uma prepara\u00e7\u00e3o de \u00e1cido b\u00f3rico.\n<h2>Como ver-se livre de baratas com \u00e1cido b\u00f3rico<\/h2>\n<figure class=\"wp-block-image size-large\"><img loading=\"lazy\" decoding=\"async\" width=\"300\" height=\"204\" class=\"wp-image-10261\" src=\"https:\/\/www.alquera.com\/wp-content\/uploads\/2020\/11\/cucarachas-300x204-2.png\" alt=\"\" srcset=\"https:\/\/www.alquera.com\/wp-content\/uploads\/2020\/11\/cucarachas-300x204-2.png 300w, https:\/\/www.alquera.com\/wp-content\/uploads\/2020\/11\/cucarachas-300x204-2-64x44.png 64w\" sizes=\"auto, (max-width: 300px) 100vw, 300px\" \/><\/figure>\nO \u00e1cido b\u00f3rico \u00e9 um veneno muito potente para os insectos, e se se provar ou comer mesmo uma pequena quantidade, eles morrem rapidamente. \u00c9 um rem\u00e9dio eficaz n\u00e3o s\u00f3 para as baratas, mas tamb\u00e9m para as t\u00e9rmitas e formigas. Uma vez que as baratas, ou insectos, tenham ingerido uma pequena quantidade de \u00e1cido b\u00f3rico, apenas lhes d\u00e1 tempo para alcan\u00e7arem o seu ninho. Subsequentemente, as restantes baratas comer\u00e3o os restos destas baratas que morreram, envenenando-se a si pr\u00f3prias e eliminando assim totalmente as formigas e baratas da casa. Vamos ver como preparar este excelente insecticida.<strong>.\u00a0<\/strong>Puedes leer tambi\u00e9n c\u00f3mo aplicar\u00a0\u00e1cido b\u00f3rico para eliminar termitas.\n\nEl \u00e1cido b\u00f3rico es un remedio muy eficaz contra las cucarachas y tambi\u00e9n te va a servir para eliminar las termitas: Ver <a href=\"https:\/\/www.alquera.com\/pt\/acido-borico\/termitas\/\">t\u00e9rmitas de \u00e1cido b\u00f3rico<\/a>.\n<h2>Preparar \u00e1cido b\u00f3rico para eliminar baratas<\/h2>\nH\u00e1 v\u00e1rias maneiras de preparar \u00e1cido b\u00f3rico para eliminar baratas. Principalmente todos os m\u00e9todos envolvem uma combina\u00e7\u00e3o de uma subst\u00e2ncia doce como o a\u00e7\u00facar ou o leite (que atrair\u00e1 os insectos) e o \u00e1cido b\u00f3rico que os far\u00e1 desaparecer.\n\n<div class=\"ast-oembed-container\" style=\"height: 100%;\"><iframe loading=\"lazy\" title=\"\u00c1cido B\u00f3rico para baratas\" width=\"500\" height=\"281\" src=\"https:\/\/www.youtube.com\/embed\/BE3BQIBwKXw?feature=oembed\" frameborder=\"0\" allow=\"accelerometer; autoplay; clipboard-write; encrypted-media; gyroscope; picture-in-picture; web-share\" referrerpolicy=\"strict-origin-when-cross-origin\" allowfullscreen><\/iframe><\/div>\n\n<strong>M\u00e9todo 1\u00a0<\/strong>\n\nCombine uma colher grande de a\u00e7\u00facar de confeiteiro e uma colher cheia de\u00a0<strong>\u00e1cido b\u00f3rico<\/strong>\u00a0e adicionar um pouco de leite, at\u00e9 se formar uma massa, com a qual faremos v\u00e1rias bolinhas do tamanho de gr\u00e3o de bico, que colocaremos em lugares estrat\u00e9gicos onde as baratas costumam aparecer.\n\n<strong>M\u00e9todo 2\u00a0<\/strong>\n\nCombinar 2 colheres de \u00e1cido b\u00f3rico com 4 colheres de farinha de trigo, meia cebola cortada em cubos muito pequenos e um pouco de \u00e1gua para fazer uma pasta. Fazer pequenas bolas da massa e coloc\u00e1-las em lugares preferidos pelas baratas.\n\n<strong>M\u00e9todo 3<\/strong>\n\nCombinar 2 colheres de sopa de \u00e1cido b\u00f3rico e 100 mililitros (meio copo) de \u00e1gua, mergulhar um peda\u00e7o de p\u00e3o nesta mistura e coloc\u00e1-lo junto \u00e0 col\u00f3nia activa de formigas ou baratas. Em menos de 24 horas, a barata ou col\u00f3nia de formigas ter\u00e1 desaparecido.\n\n<strong>M\u00e9todo 4\u00a0<\/strong>\n\nEspolvorear simplemente 1 cuchara de az\u00facar junto con 3 de \u00e1cido b\u00f3rico.\nEspolvorear en las zonas elegidas y esperar.\n\n\n<h3><strong>Precau\u00e7\u00f5es de Aspers\u00e3o B\u00f3rica\u00a0<\/strong><\/h3>\nEm primeiro lugar, h\u00e1 que ter o cuidado de assegurar que as crian\u00e7as e os animais de estima\u00e7\u00e3o n\u00e3o tenham acesso a estas prepara\u00e7\u00f5es. Em seguida, escolher um dos m\u00e9todos acima para fazer a prepara\u00e7\u00e3o do \u00e1cido b\u00f3rico e polvilhar ou coloc\u00e1-lo em \u00e1reas onde possam estar presentes baratas, formigas ou cupins.\n<h2>Onde aspergir B\u00f3rico para baratas<\/h2>\nPoder\u00e1 muitas vezes perguntar-se como \u00e9 que as baratas conseguiram entrar na sua casa. As formas como as baratas ou formigas podem entrar na sua casa s\u00e3o variadas, aqui est\u00e3o algumas delas.\n<ul>\n \t<li>Podem entrar na sua casa atrav\u00e9s de fendas ou fendas nas janelas ou portas.<\/li>\n \t<li>Em sacos de compras ou vindos do estrangeiro.<\/li>\n \t<li>Mudan\u00e7a do exterior ou de outro apartamento do edif\u00edcio atrav\u00e9s de tubos ou cabos.<\/li>\n<\/ul>\nUma vez que tenham entrado na sua casa, n\u00e3o poder\u00e1 v\u00ea-los porque se escondem, pelo que poder\u00e1 encontrar baratas nestes locais:\n<figure class=\"wp-block-image size-large\"><img loading=\"lazy\" decoding=\"async\" width=\"300\" height=\"192\" class=\"wp-image-10262\" src=\"https:\/\/www.alquera.com\/wp-content\/uploads\/2020\/11\/vigilar-cucarachas-300x192-2.jpg\" alt=\"\" srcset=\"https:\/\/www.alquera.com\/wp-content\/uploads\/2020\/11\/vigilar-cucarachas-300x192-2.jpg 300w, https:\/\/www.alquera.com\/wp-content\/uploads\/2020\/11\/vigilar-cucarachas-300x192-2-64x41.jpg 64w\" sizes=\"auto, (max-width: 300px) 100vw, 300px\" \/><\/figure>\n<ul>\n \t<li>Na cozinha, em locais quentes e h\u00famidos: atr\u00e1s do frigor\u00edfico e dos frigor\u00edficos, debaixo da pia ou na elimina\u00e7\u00e3o de lixo. Tamb\u00e9m se podem encontrar baratas em esgotos, arm\u00e1rios e quaisquer fendas e fendas.<\/li>\n \t<li>\u00c0 noite saem para se alimentarem, e comem todo o tipo de subst\u00e2ncias e produtos. Permite-lhes sobreviver nas casas mais limpas.<\/li>\n<\/ul>\n<h2>Preven\u00e7\u00e3o para evitar o aparecimento de baratas<\/h2>\nPara al\u00e9m de eliminar as baratas com \u00e1cido b\u00f3rico, a preven\u00e7\u00e3o \u00e9 fundamental para evitar que as baratas reapare\u00e7am:\n<ul>\n \t<li>Verificar continuamente os sacos vindos do exterior.<\/li>\n \t<li>Evitar quaisquer fissuras ou fendas nas paredes ou portas.<\/li>\n<\/ul>\n<ul>\n \t<li>Consertar qualquer tipo de fuga na casa, cozinha ou casa de banho.<\/li>\n \t<li>Manter o caixote do lixo fechado<\/li>\n \t<li>Nunca deixar comida a descoberto<\/li>\n<\/ul>\n<p class=\"widget-title\">Leia mais<\/p><a href=\"https:\/\/www.alquera.com\/pt\/acido-borico\/\">\u00c1cido b\u00f3rico<\/a>\n<!-- Page-list plugin v.5.9 wordpress.org\/plugins\/page-list\/ -->\n<ul class=\"page-list siblings-page-list\">\n<li class=\"page_item page-item-9420 menu-item\"><a href=\"https:\/\/www.alquera.com\/pt\/acido-borico\/cucarachas\/\" class=\"menu-link\">\u00c1cido B\u00f3rico para baratas<\/a><\/li>\n<li class=\"page_item page-item-9422 menu-item\"><a href=\"https:\/\/www.alquera.com\/pt\/acido-borico\/termitas\/\" class=\"menu-link\">\u00c1cido B\u00f3rico para T\u00e9rmitas<\/a><\/li>\n<li class=\"page_item page-item-9391 menu-item\"><a href=\"https:\/\/www.alquera.com\/pt\/acido-borico\/usos-acido-borico\/\" class=\"menu-link\">Utiliza \u00e1cido b\u00f3rico<\/a><\/li>\n\n<\/ul><!-- \/wp:post-content -->","protected":false},"excerpt":{"rendered":"<p>El\u00a0\u00e1cido b\u00f3rico\u00a0es de gran utilidad cuando se trata de\u00a0eliminar cucarachas, hormigas, insectos. \u00a0En esta secci\u00f3n vamos a ver por ello\u00a0c\u00f3mo eliminar cucarachas con \u00e1cido b\u00f3rico. A todos nos desagrada mucho encontrarnos con una cucaracha, en la cocina o el ba\u00f1o, es un insecto con una figura bastante repelente y fea, adem\u00e1s de ser muy peligroso [&hellip;]<\/p>\n","protected":false},"author":1,"featured_media":0,"parent":32598,"menu_order":0,"comment_status":"open","ping_status":"closed","template":"","meta":{"_acf_changed":false,"site-sidebar-layout":"default","site-content-layout":"default","ast-site-content-layout":"default","site-content-style":"default","site-sidebar-style":"default","ast-global-header-display":"","ast-banner-title-visibility":"","ast-main-header-display":"","ast-hfb-above-header-display":"","ast-hfb-below-header-display":"","ast-hfb-mobile-header-display":"","site-post-title":"","ast-breadcrumbs-content":"","ast-featured-img":"","footer-sml-layout":"","ast-disable-related-posts":"","theme-transparent-header-meta":"default","adv-header-id-meta":"","stick-header-meta":"default","header-above-stick-meta":"","header-main-stick-meta":"","header-below-stick-meta":"","astra-migrate-meta-layouts":"default","ast-page-background-enabled":"default","ast-page-background-meta":{"desktop":{"background-color":"var(--ast-global-color-4)","background-image":"","background-repeat":"repeat","background-position":"center center","background-size":"auto","background-attachment":"scroll","background-type":"","background-media":"","overlay-type":"","overlay-color":"","overlay-opacity":"","overlay-gradient":""},"tablet":{"background-color":"","background-image":"","background-repeat":"repeat","background-position":"center center","background-size":"auto","background-attachment":"scroll","background-type":"","background-media":"","overlay-type":"","overlay-color":"","overlay-opacity":"","overlay-gradient":""},"mobile":{"background-color":"","background-image":"","background-repeat":"repeat","background-position":"center center","background-size":"auto","background-attachment":"scroll","background-type":"","background-media":"","overlay-type":"","overlay-color":"","overlay-opacity":"","overlay-gradient":""}},"ast-content-background-meta":{"desktop":{"background-color":"var(--ast-global-color-5)","background-image":"","background-repeat":"repeat","background-position":"center center","background-size":"auto","background-attachment":"scroll","background-type":"","background-media":"","overlay-type":"","overlay-color":"","overlay-opacity":"","overlay-gradient":""},"tablet":{"background-color":"var(--ast-global-color-5)","background-image":"","background-repeat":"repeat","background-position":"center center","background-size":"auto","background-attachment":"scroll","background-type":"","background-media":"","overlay-type":"","overlay-color":"","overlay-opacity":"","overlay-gradient":""},"mobile":{"background-color":"var(--ast-global-color-5)","background-image":"","background-repeat":"repeat","background-position":"center center","background-size":"auto","background-attachment":"scroll","background-type":"","background-media":"","overlay-type":"","overlay-color":"","overlay-opacity":"","overlay-gradient":""}},"footnotes":""},"class_list":["post-9420","page","type-page","status-publish","hentry"],"acf":[],"yoast_head":"<!-- This site is optimized with the Yoast SEO Premium plugin v27.1 (Yoast SEO v27.1.1) - https:\/\/yoast.com\/product\/yoast-seo-premium-wordpress\/ -->\n<title>\u00c1cido B\u00f3rico para Cucarachas - Alquera.com<\/title>\n<meta name=\"description\" content=\"El \u00e1cido b\u00f3rico para cucharachas es un excelente remedio como insecticida. Te explicamos diferentes formas de aplicarlo y donde comprar.\" \/>\n<meta name=\"robots\" content=\"index, follow, max-snippet:-1, max-image-preview:large, max-video-preview:-1\" \/>\n<link rel=\"canonical\" href=\"https:\/\/www.alquera.com\/pt\/acido-borico\/cucarachas\/\" \/>\n<meta property=\"og:locale\" content=\"pt_PT\" \/>\n<meta property=\"og:type\" content=\"article\" \/>\n<meta property=\"og:title\" content=\"\u00c1cido B\u00f3rico para Cucarachas\" \/>\n<meta property=\"og:description\" content=\"El \u00e1cido b\u00f3rico para cucharachas es un excelente remedio como insecticida. Te explicamos diferentes formas de aplicarlo y donde comprar.\" \/>\n<meta property=\"og:url\" content=\"https:\/\/www.alquera.com\/pt\/acido-borico\/cucarachas\/\" \/>\n<meta property=\"og:site_name\" content=\"Alquera.com\" \/>\n<meta property=\"article:publisher\" content=\"https:\/\/www.facebook.com\/alqueraciencia\" \/>\n<meta property=\"article:modified_time\" content=\"2023-09-18T10:25:53+00:00\" \/>\n<meta property=\"og:image\" content=\"https:\/\/www.alquera.com\/wp-content\/uploads\/2020\/11\/cucarachas-300x204-2.png\" \/>\n<meta name=\"twitter:card\" content=\"summary_large_image\" \/>\n<meta name=\"twitter:label1\" content=\"Tempo estimado de leitura\" \/>\n\t<meta name=\"twitter:data1\" content=\"4 minutos\" \/>\n<script type=\"application\/ld+json\" class=\"yoast-schema-graph\">{\"@context\":\"https:\/\/schema.org\",\"@graph\":[{\"@type\":\"WebPage\",\"@id\":\"https:\/\/www.alquera.com\/acido-borico\/cucarachas\/\",\"url\":\"https:\/\/www.alquera.com\/acido-borico\/cucarachas\/\",\"name\":\"\u00c1cido B\u00f3rico para Cucarachas - Alquera.com\",\"isPartOf\":{\"@id\":\"https:\/\/www.alquera.com\/en\/#website\"},\"primaryImageOfPage\":{\"@id\":\"https:\/\/www.alquera.com\/acido-borico\/cucarachas\/#primaryimage\"},\"image\":{\"@id\":\"https:\/\/www.alquera.com\/acido-borico\/cucarachas\/#primaryimage\"},\"thumbnailUrl\":\"https:\/\/www.alquera.com\/wp-content\/uploads\/2020\/11\/cucarachas-300x204-2.png\",\"datePublished\":\"2020-10-20T16:28:32+00:00\",\"dateModified\":\"2023-09-18T10:25:53+00:00\",\"description\":\"El \u00e1cido b\u00f3rico para cucharachas es un excelente remedio como insecticida. Te explicamos diferentes formas de aplicarlo y donde comprar.\",\"breadcrumb\":{\"@id\":\"https:\/\/www.alquera.com\/acido-borico\/cucarachas\/#breadcrumb\"},\"inLanguage\":\"pt-PT\",\"potentialAction\":[{\"@type\":\"ReadAction\",\"target\":[\"https:\/\/www.alquera.com\/acido-borico\/cucarachas\/\"]}]},{\"@type\":\"ImageObject\",\"inLanguage\":\"pt-PT\",\"@id\":\"https:\/\/www.alquera.com\/acido-borico\/cucarachas\/#primaryimage\",\"url\":\"https:\/\/www.alquera.com\/wp-content\/uploads\/2020\/11\/cucarachas-300x204-2.png\",\"contentUrl\":\"https:\/\/www.alquera.com\/wp-content\/uploads\/2020\/11\/cucarachas-300x204-2.png\"},{\"@type\":\"BreadcrumbList\",\"@id\":\"https:\/\/www.alquera.com\/acido-borico\/cucarachas\/#breadcrumb\",\"itemListElement\":[{\"@type\":\"ListItem\",\"position\":1,\"name\":\"Inicio\",\"item\":\"https:\/\/www.alquera.com\/\"},{\"@type\":\"ListItem\",\"position\":2,\"name\":\"Acido Borico\",\"item\":\"https:\/\/www.alquera.com\/acido-borico\/\"},{\"@type\":\"ListItem\",\"position\":3,\"name\":\"\u00c1cido B\u00f3rico para Cucarachas\"}]},{\"@type\":\"WebSite\",\"@id\":\"https:\/\/www.alquera.com\/en\/#website\",\"url\":\"https:\/\/www.alquera.com\/en\/\",\"name\":\"Alquera.com\",\"description\":\"Tienda Online Productos Qu\u00edmicos y Material de Laboratorio\",\"publisher\":{\"@id\":\"https:\/\/www.alquera.com\/en\/#organization\"},\"potentialAction\":[{\"@type\":\"SearchAction\",\"target\":{\"@type\":\"EntryPoint\",\"urlTemplate\":\"https:\/\/www.alquera.com\/en\/?s={search_term_string}\"},\"query-input\":{\"@type\":\"PropertyValueSpecification\",\"valueRequired\":true,\"valueName\":\"search_term_string\"}}],\"inLanguage\":\"pt-PT\"},{\"@type\":\"Organization\",\"@id\":\"https:\/\/www.alquera.com\/en\/#organization\",\"name\":\"ALQUERA CIENCIA SL\",\"url\":\"https:\/\/www.alquera.com\/en\/\",\"logo\":{\"@type\":\"ImageObject\",\"inLanguage\":\"pt-PT\",\"@id\":\"https:\/\/www.alquera.com\/en\/#\/schema\/logo\/image\/\",\"url\":\"https:\/\/www.alquera.com\/wp-content\/uploads\/2020\/11\/logo_300_ancho.png\",\"contentUrl\":\"https:\/\/www.alquera.com\/wp-content\/uploads\/2020\/11\/logo_300_ancho.png\",\"width\":300,\"height\":86,\"caption\":\"ALQUERA CIENCIA SL\"},\"image\":{\"@id\":\"https:\/\/www.alquera.com\/en\/#\/schema\/logo\/image\/\"},\"sameAs\":[\"https:\/\/www.facebook.com\/alqueraciencia\",\"https:\/\/www.instagram.com\/alquera_ciencia\/\",\"https:\/\/www.youtube.com\/c\/alquera\"]}]}<\/script>\n<!-- \/ Yoast SEO Premium plugin. -->","yoast_head_json":{"title":"\u00c1cido B\u00f3rico para Baratas - Alquera.com","description":"O \u00e1cido b\u00f3rico para colheres de ch\u00e1 \u00e9 um excelente rem\u00e9dio como insecticida. Explicamos diferentes maneiras de o aplicar e onde o comprar.","robots":{"index":"index","follow":"follow","max-snippet":"max-snippet:-1","max-image-preview":"max-image-preview:large","max-video-preview":"max-video-preview:-1"},"canonical":"https:\/\/www.alquera.com\/pt\/acido-borico\/cucarachas\/","og_locale":"pt_PT","og_type":"article","og_title":"\u00c1cido B\u00f3rico para Cucarachas","og_description":"El \u00e1cido b\u00f3rico para cucharachas es un excelente remedio como insecticida. Te explicamos diferentes formas de aplicarlo y donde comprar.","og_url":"https:\/\/www.alquera.com\/pt\/acido-borico\/cucarachas\/","og_site_name":"Alquera.com","article_publisher":"https:\/\/www.facebook.com\/alqueraciencia","article_modified_time":"2023-09-18T10:25:53+00:00","og_image":[{"url":"https:\/\/www.alquera.com\/wp-content\/uploads\/2020\/11\/cucarachas-300x204-2.png","type":"","width":"","height":""}],"twitter_card":"summary_large_image","twitter_misc":{"Tempo estimado de leitura":"4 minutos"},"schema":{"@context":"https:\/\/schema.org","@graph":[{"@type":"WebPage","@id":"https:\/\/www.alquera.com\/acido-borico\/cucarachas\/","url":"https:\/\/www.alquera.com\/acido-borico\/cucarachas\/","name":"\u00c1cido B\u00f3rico para Baratas - Alquera.com","isPartOf":{"@id":"https:\/\/www.alquera.com\/en\/#website"},"primaryImageOfPage":{"@id":"https:\/\/www.alquera.com\/acido-borico\/cucarachas\/#primaryimage"},"image":{"@id":"https:\/\/www.alquera.com\/acido-borico\/cucarachas\/#primaryimage"},"thumbnailUrl":"https:\/\/www.alquera.com\/wp-content\/uploads\/2020\/11\/cucarachas-300x204-2.png","datePublished":"2020-10-20T16:28:32+00:00","dateModified":"2023-09-18T10:25:53+00:00","description":"O \u00e1cido b\u00f3rico para colheres de ch\u00e1 \u00e9 um excelente rem\u00e9dio como insecticida. Explicamos diferentes maneiras de o aplicar e onde o comprar.","breadcrumb":{"@id":"https:\/\/www.alquera.com\/acido-borico\/cucarachas\/#breadcrumb"},"inLanguage":"pt-PT","potentialAction":[{"@type":"ReadAction","target":["https:\/\/www.alquera.com\/acido-borico\/cucarachas\/"]}]},{"@type":"ImageObject","inLanguage":"pt-PT","@id":"https:\/\/www.alquera.com\/acido-borico\/cucarachas\/#primaryimage","url":"https:\/\/www.alquera.com\/wp-content\/uploads\/2020\/11\/cucarachas-300x204-2.png","contentUrl":"https:\/\/www.alquera.com\/wp-content\/uploads\/2020\/11\/cucarachas-300x204-2.png"},{"@type":"BreadcrumbList","@id":"https:\/\/www.alquera.com\/acido-borico\/cucarachas\/#breadcrumb","itemListElement":[{"@type":"ListItem","position":1,"name":"Inicio","item":"https:\/\/www.alquera.com\/"},{"@type":"ListItem","position":2,"name":"Acido Borico","item":"https:\/\/www.alquera.com\/acido-borico\/"},{"@type":"ListItem","position":3,"name":"\u00c1cido B\u00f3rico para Cucarachas"}]},{"@type":"WebSite","@id":"https:\/\/www.alquera.com\/en\/#website","url":"https:\/\/www.alquera.com\/en\/","name":"Alquera.com","description":"Loja on-line de produtos qu\u00edmicos e equipamento de laborat\u00f3rio","publisher":{"@id":"https:\/\/www.alquera.com\/en\/#organization"},"potentialAction":[{"@type":"SearchAction","target":{"@type":"EntryPoint","urlTemplate":"https:\/\/www.alquera.com\/en\/?s={search_term_string}"},"query-input":{"@type":"PropertyValueSpecification","valueRequired":true,"valueName":"search_term_string"}}],"inLanguage":"pt-PT"},{"@type":"Organization","@id":"https:\/\/www.alquera.com\/en\/#organization","name":"ALQUERA CIENCIA SL","url":"https:\/\/www.alquera.com\/en\/","logo":{"@type":"ImageObject","inLanguage":"pt-PT","@id":"https:\/\/www.alquera.com\/en\/#\/schema\/logo\/image\/","url":"https:\/\/www.alquera.com\/wp-content\/uploads\/2020\/11\/logo_300_ancho.png","contentUrl":"https:\/\/www.alquera.com\/wp-content\/uploads\/2020\/11\/logo_300_ancho.png","width":300,"height":86,"caption":"ALQUERA CIENCIA SL"},"image":{"@id":"https:\/\/www.alquera.com\/en\/#\/schema\/logo\/image\/"},"sameAs":["https:\/\/www.facebook.com\/alqueraciencia","https:\/\/www.instagram.com\/alquera_ciencia\/","https:\/\/www.youtube.com\/c\/alquera"]}]}},"_links":{"self":[{"href":"https:\/\/www.alquera.com\/pt\/wp-json\/wp\/v2\/pages\/9420","targetHints":{"allow":["GET"]}}],"collection":[{"href":"https:\/\/www.alquera.com\/pt\/wp-json\/wp\/v2\/pages"}],"about":[{"href":"https:\/\/www.alquera.com\/pt\/wp-json\/wp\/v2\/types\/page"}],"author":[{"embeddable":true,"href":"https:\/\/www.alquera.com\/pt\/wp-json\/wp\/v2\/users\/1"}],"replies":[{"embeddable":true,"href":"https:\/\/www.alquera.com\/pt\/wp-json\/wp\/v2\/comments?post=9420"}],"version-history":[{"count":9,"href":"https:\/\/www.alquera.com\/pt\/wp-json\/wp\/v2\/pages\/9420\/revisions"}],"predecessor-version":[{"id":44260,"href":"https:\/\/www.alquera.com\/pt\/wp-json\/wp\/v2\/pages\/9420\/revisions\/44260"}],"up":[{"embeddable":true,"href":"https:\/\/www.alquera.com\/pt\/wp-json\/wp\/v2\/pages\/32598"}],"wp:attachment":[{"href":"https:\/\/www.alquera.com\/pt\/wp-json\/wp\/v2\/media?parent=9420"}],"curies":[{"name":"wp","href":"https:\/\/api.w.org\/{rel}","templated":true}]}}