{"id":9422,"date":"2020-10-20T16:31:39","date_gmt":"2020-10-20T16:31:39","guid":{"rendered":"http:\/\/localhost\/alquera\/?page_id=9422"},"modified":"2023-09-18T10:26:40","modified_gmt":"2023-09-18T10:26:40","slug":"termitas","status":"publish","type":"page","link":"https:\/\/www.alquera.com\/pt\/acido-borico\/termitas\/","title":{"rendered":"\u00c1cido B\u00f3rico para T\u00e9rmitas"},"content":{"rendered":"<p>Se est\u00e1 preocupado com o aparecimento de t\u00e9rmitas na madeira, aqui daremos uma vista de olhos a um\u00a0<strong>rem\u00e9dio para eliminar as t\u00e9rmitas<\/strong>. O rem\u00e9dio a utilizar \u00e9<a href=\"https:\/\/www.alquera.com\/pt\/acido-borico\/\">\u00a0<strong>\u00e1cido b\u00f3rico<\/strong><\/a>. O \u00e1cido b\u00f3rico \u00e9 um produto qu\u00edmico que vem em forma de p\u00f3 branco, que o ajudar\u00e1 tanto com as t\u00e9rmitas como a eliminar as baratas e formigas em casa.<\/p>\n<figure class=\"wp-block-image size-large\"><img loading=\"lazy\" decoding=\"async\" width=\"300\" height=\"182\" class=\"wp-image-10264\" src=\"https:\/\/www.alquera.com\/wp-content\/uploads\/2020\/11\/termitas2-300x182-2.jpg\" alt=\"termitas\" srcset=\"https:\/\/www.alquera.com\/wp-content\/uploads\/2020\/11\/termitas2-300x182-2.jpg 300w, https:\/\/www.alquera.com\/wp-content\/uploads\/2020\/11\/termitas2-300x182-2-64x39.jpg 64w\" sizes=\"auto, (max-width: 300px) 100vw, 300px\" \/><\/figure>\n<h2>O que s\u00e3o as t\u00e9rmitas?<\/h2>\n<p>O\u00a0<strong>cupins<\/strong>\u00a0s\u00e3o insectos brancos semelhantes a minhocas. S\u00e3o tamb\u00e9m conhecidos como\u00a0<strong>termes<\/strong>,\u00a0<strong>turiros<\/strong>,\u00a0<strong>cupins<\/strong>,\u00a0<strong>mariposas<\/strong>\u00a0e tamb\u00e9m como\u00a0<strong>formigas brancas<\/strong>devido \u00e0 sua semelhan\u00e7a com as formigas.  As t\u00e9rmitas s\u00e3o tamb\u00e9m insectos que aglutinam nas col\u00f3nias. Os termos s\u00e3o necess\u00e1rios para a natureza e o ambiente \u00e0 medida que decomp\u00f5em a mat\u00e9ria org\u00e2nica, em particular a mat\u00e9ria org\u00e2nica das plantas mortas. O problema com as t\u00e9rmitas \u00e9 que elas entram em estruturas e paredes sem serem detectadas. As t\u00e9rmitas vivem comendo a celulose que est\u00e1 na madeira, pelo que um dos locais preferidos para encontrar t\u00e9rmitas \u00e9 na madeira.<\/p>\n<p>As t\u00e9rmitas formam ninhos e t\u00eam uma elevada capacidade reprodutiva, pelo que as t\u00e9rmitas correm o risco de criar uma praga. Nesse momento as t\u00e9rmitas s\u00e3o um problema, uma vez que invadem o nosso espa\u00e7o.<\/p>\n<p>Ao contr\u00e1rio do caruncho da madeira, as t\u00e9rmitas fazem um pequeno buraco de gr\u00e3o na madeira, sem sa\u00edda do outro lado. Tamb\u00e9m n\u00e3o fazem qualquer barulho.<\/p>\n<h2>Como preparar o \u00e1cido b\u00f3rico para eliminar as t\u00e9rmitas<\/h2>\n<p>O \u00e1cido b\u00f3rico \u00e9 um qu\u00edmico que vem sob a forma de um p\u00f3 branco, de gr\u00e3o fino ou granulado mais grosseiro. As t\u00e9rmitas s\u00e3o mortas pela ingest\u00e3o de \u00e1cido b\u00f3rico. Portanto, se tiver t\u00e9rmitas localizadas numa determinada \u00e1rea ou num espa\u00e7o fechado,\u00a0<strong>aspergir \u00e1cido b\u00f3rico<\/strong>\u00a0pela \u00e1rea onde se encontram as t\u00e9rmitas.<\/p>\n<figure class=\"wp-block-image size-large\"><img loading=\"lazy\" decoding=\"async\" width=\"300\" height=\"200\" class=\"wp-image-10265\" src=\"https:\/\/www.alquera.com\/wp-content\/uploads\/2020\/11\/termitas-300x200-2.jpg\" alt=\"\u00e1cido b\u00f3rico termitas\" srcset=\"https:\/\/www.alquera.com\/wp-content\/uploads\/2020\/11\/termitas-300x200-2.jpg 300w, https:\/\/www.alquera.com\/wp-content\/uploads\/2020\/11\/termitas-300x200-2-64x43.jpg 64w\" sizes=\"auto, (max-width: 300px) 100vw, 300px\" \/><\/figure>\n<p>Se as t\u00e9rmitas forem distribu\u00eddas pela madeira, aplicar \u00e1cido b\u00f3rico \u00e0 madeira nos passos seguintes:<\/p>\n<ol>\n<li>Preparar uma solu\u00e7\u00e3o de \u00e1cido b\u00f3rico e propilenoglicol. O propilenoglicol \u00e9 um l\u00edquido que pode ser encontrado em lojas de piscinas ou drogarias. A propor\u00e7\u00e3o de propilenoglicol em \u00e1cido b\u00f3rico a ser aplicada \u00e9 de 1:1 a 8:1.<\/li>\n<li>Com a ajuda de um pincel ou de um vaporizador, aplique a solu\u00e7\u00e3o que preparou. Aplicar a solu\u00e7\u00e3o em toda a \u00e1rea afectada pelas t\u00e9rmitas e tamb\u00e9m em \u00e1reas pr\u00f3ximas. \u00c9 necess\u00e1rio que a solu\u00e7\u00e3o atravesse a madeira e chegue \u00e0s t\u00e9rmitas, tem de ser aplicada profundamente e molhando bem toda a superf\u00edcie onde possam existir t\u00e9rmitas.<\/li>\n<li>Deixe a solu\u00e7\u00e3o agir e ver\u00e1 como dentro de algumas horas as tem\u00edveis t\u00e9rmitas desaparecer\u00e3o.<\/li>\n<\/ol>\n<p>Uma vez removido o \u00e1cido b\u00f3rico, secar bem a madeira e enverniz\u00e1-la para proteger a madeira de futuros ataques e infesta\u00e7\u00f5es de t\u00e9rmitas.<\/p>\n<p class=\"widget-title\">Leia mais<\/p><a href=\"https:\/\/www.alquera.com\/pt\/acido-borico\/\">\u00c1cido b\u00f3rico<\/a>\n<!-- Page-list plugin v.5.9 wordpress.org\/plugins\/page-list\/ -->\n<ul class=\"page-list siblings-page-list\">\n<li class=\"page_item page-item-9420 menu-item\"><a href=\"https:\/\/www.alquera.com\/pt\/acido-borico\/cucarachas\/\" class=\"menu-link\">\u00c1cido B\u00f3rico para baratas<\/a><\/li>\n<li class=\"page_item page-item-9422 menu-item\"><a href=\"https:\/\/www.alquera.com\/pt\/acido-borico\/termitas\/\" class=\"menu-link\">\u00c1cido B\u00f3rico para T\u00e9rmitas<\/a><\/li>\n<li class=\"page_item page-item-9391 menu-item\"><a href=\"https:\/\/www.alquera.com\/pt\/acido-borico\/usos-acido-borico\/\" class=\"menu-link\">Utiliza \u00e1cido b\u00f3rico<\/a><\/li>\n\n<\/ul>","protected":false},"excerpt":{"rendered":"<p>Si est\u00e1s preocupado con la aparici\u00f3n de termitas en la madera aqu\u00ed vamos a ver un\u00a0remedio para eliminar las termitas. El remedio es utilizando\u00a0\u00e1cido b\u00f3rico. El \u00e1cido b\u00f3rico es un producto qu\u00edmico que se presenta en color blanco, en polvo, que te va a ayudar tanto con las termitas, como a\u00a0eliminar cucarachas\u00a0y hormigas en el [&hellip;]<\/p>\n","protected":false},"author":1,"featured_media":0,"parent":32598,"menu_order":0,"comment_status":"open","ping_status":"closed","template":"","meta":{"_acf_changed":false,"site-sidebar-layout":"default","site-content-layout":"default","ast-site-content-layout":"default","site-content-style":"default","site-sidebar-style":"default","ast-global-header-display":"","ast-banner-title-visibility":"","ast-main-header-display":"","ast-hfb-above-header-display":"","ast-hfb-below-header-display":"","ast-hfb-mobile-header-display":"","site-post-title":"","ast-breadcrumbs-content":"","ast-featured-img":"","footer-sml-layout":"","ast-disable-related-posts":"","theme-transparent-header-meta":"default","adv-header-id-meta":"","stick-header-meta":"default","header-above-stick-meta":"","header-main-stick-meta":"","header-below-stick-meta":"","astra-migrate-meta-layouts":"default","ast-page-background-enabled":"default","ast-page-background-meta":{"desktop":{"background-color":"var(--ast-global-color-4)","background-image":"","background-repeat":"repeat","background-position":"center center","background-size":"auto","background-attachment":"scroll","background-type":"","background-media":"","overlay-type":"","overlay-color":"","overlay-opacity":"","overlay-gradient":""},"tablet":{"background-color":"","background-image":"","background-repeat":"repeat","background-position":"center center","background-size":"auto","background-attachment":"scroll","background-type":"","background-media":"","overlay-type":"","overlay-color":"","overlay-opacity":"","overlay-gradient":""},"mobile":{"background-color":"","background-image":"","background-repeat":"repeat","background-position":"center center","background-size":"auto","background-attachment":"scroll","background-type":"","background-media":"","overlay-type":"","overlay-color":"","overlay-opacity":"","overlay-gradient":""}},"ast-content-background-meta":{"desktop":{"background-color":"var(--ast-global-color-5)","background-image":"","background-repeat":"repeat","background-position":"center center","background-size":"auto","background-attachment":"scroll","background-type":"","background-media":"","overlay-type":"","overlay-color":"","overlay-opacity":"","overlay-gradient":""},"tablet":{"background-color":"var(--ast-global-color-5)","background-image":"","background-repeat":"repeat","background-position":"center center","background-size":"auto","background-attachment":"scroll","background-type":"","background-media":"","overlay-type":"","overlay-color":"","overlay-opacity":"","overlay-gradient":""},"mobile":{"background-color":"var(--ast-global-color-5)","background-image":"","background-repeat":"repeat","background-position":"center center","background-size":"auto","background-attachment":"scroll","background-type":"","background-media":"","overlay-type":"","overlay-color":"","overlay-opacity":"","overlay-gradient":""}},"footnotes":""},"class_list":["post-9422","page","type-page","status-publish","hentry"],"acf":[],"yoast_head":"<!-- This site is optimized with the Yoast SEO Premium plugin v27.1 (Yoast SEO v27.1.1) - https:\/\/yoast.com\/product\/yoast-seo-premium-wordpress\/ -->\n<title>\u00c1cido B\u00f3rico para Termitas - Alquera.com<\/title>\n<meta name=\"description\" content=\"El \u00e1cido b\u00f3rico es un compuesto qu\u00edmico que funciona muy bien para la eliminaci\u00f3n de las temidas termitas en la madera. Ver c\u00f3mo funciona.\" \/>\n<meta name=\"robots\" content=\"index, follow, max-snippet:-1, max-image-preview:large, max-video-preview:-1\" \/>\n<link rel=\"canonical\" href=\"https:\/\/www.alquera.com\/pt\/acido-borico\/termitas\/\" \/>\n<meta property=\"og:locale\" content=\"pt_PT\" \/>\n<meta property=\"og:type\" content=\"article\" \/>\n<meta property=\"og:title\" content=\"\u00c1cido B\u00f3rico para Termitas\" \/>\n<meta property=\"og:description\" content=\"El \u00e1cido b\u00f3rico es un compuesto qu\u00edmico que funciona muy bien para la eliminaci\u00f3n de las temidas termitas en la madera. Ver c\u00f3mo funciona.\" \/>\n<meta property=\"og:url\" content=\"https:\/\/www.alquera.com\/pt\/acido-borico\/termitas\/\" \/>\n<meta property=\"og:site_name\" content=\"Alquera.com\" \/>\n<meta property=\"article:publisher\" content=\"https:\/\/www.facebook.com\/alqueraciencia\" \/>\n<meta property=\"article:modified_time\" content=\"2023-09-18T10:26:40+00:00\" \/>\n<meta property=\"og:image\" content=\"https:\/\/www.alquera.com\/wp-content\/uploads\/2020\/11\/termitas2-300x182-2.jpg\" \/>\n<meta name=\"twitter:card\" content=\"summary_large_image\" \/>\n<meta name=\"twitter:label1\" content=\"Tempo estimado de leitura\" \/>\n\t<meta name=\"twitter:data1\" content=\"3 minutos\" \/>\n<script type=\"application\/ld+json\" class=\"yoast-schema-graph\">{\"@context\":\"https:\/\/schema.org\",\"@graph\":[{\"@type\":\"WebPage\",\"@id\":\"https:\/\/www.alquera.com\/acido-borico\/termitas\/\",\"url\":\"https:\/\/www.alquera.com\/acido-borico\/termitas\/\",\"name\":\"\u00c1cido B\u00f3rico para Termitas - Alquera.com\",\"isPartOf\":{\"@id\":\"https:\/\/www.alquera.com\/en\/#website\"},\"primaryImageOfPage\":{\"@id\":\"https:\/\/www.alquera.com\/acido-borico\/termitas\/#primaryimage\"},\"image\":{\"@id\":\"https:\/\/www.alquera.com\/acido-borico\/termitas\/#primaryimage\"},\"thumbnailUrl\":\"https:\/\/www.alquera.com\/wp-content\/uploads\/2020\/11\/termitas2-300x182-2.jpg\",\"datePublished\":\"2020-10-20T16:31:39+00:00\",\"dateModified\":\"2023-09-18T10:26:40+00:00\",\"description\":\"El \u00e1cido b\u00f3rico es un compuesto qu\u00edmico que funciona muy bien para la eliminaci\u00f3n de las temidas termitas en la madera. Ver c\u00f3mo funciona.\",\"breadcrumb\":{\"@id\":\"https:\/\/www.alquera.com\/acido-borico\/termitas\/#breadcrumb\"},\"inLanguage\":\"pt-PT\",\"potentialAction\":[{\"@type\":\"ReadAction\",\"target\":[\"https:\/\/www.alquera.com\/acido-borico\/termitas\/\"]}]},{\"@type\":\"ImageObject\",\"inLanguage\":\"pt-PT\",\"@id\":\"https:\/\/www.alquera.com\/acido-borico\/termitas\/#primaryimage\",\"url\":\"https:\/\/www.alquera.com\/wp-content\/uploads\/2020\/11\/termitas2-300x182-2.jpg\",\"contentUrl\":\"https:\/\/www.alquera.com\/wp-content\/uploads\/2020\/11\/termitas2-300x182-2.jpg\"},{\"@type\":\"BreadcrumbList\",\"@id\":\"https:\/\/www.alquera.com\/acido-borico\/termitas\/#breadcrumb\",\"itemListElement\":[{\"@type\":\"ListItem\",\"position\":1,\"name\":\"Inicio\",\"item\":\"https:\/\/www.alquera.com\/\"},{\"@type\":\"ListItem\",\"position\":2,\"name\":\"Acido Borico\",\"item\":\"https:\/\/www.alquera.com\/acido-borico\/\"},{\"@type\":\"ListItem\",\"position\":3,\"name\":\"\u00c1cido B\u00f3rico para Termitas\"}]},{\"@type\":\"WebSite\",\"@id\":\"https:\/\/www.alquera.com\/en\/#website\",\"url\":\"https:\/\/www.alquera.com\/en\/\",\"name\":\"Alquera.com\",\"description\":\"Tienda Online Productos Qu\u00edmicos y Material de Laboratorio\",\"publisher\":{\"@id\":\"https:\/\/www.alquera.com\/en\/#organization\"},\"potentialAction\":[{\"@type\":\"SearchAction\",\"target\":{\"@type\":\"EntryPoint\",\"urlTemplate\":\"https:\/\/www.alquera.com\/en\/?s={search_term_string}\"},\"query-input\":{\"@type\":\"PropertyValueSpecification\",\"valueRequired\":true,\"valueName\":\"search_term_string\"}}],\"inLanguage\":\"pt-PT\"},{\"@type\":\"Organization\",\"@id\":\"https:\/\/www.alquera.com\/en\/#organization\",\"name\":\"ALQUERA CIENCIA SL\",\"url\":\"https:\/\/www.alquera.com\/en\/\",\"logo\":{\"@type\":\"ImageObject\",\"inLanguage\":\"pt-PT\",\"@id\":\"https:\/\/www.alquera.com\/en\/#\/schema\/logo\/image\/\",\"url\":\"https:\/\/www.alquera.com\/wp-content\/uploads\/2020\/11\/logo_300_ancho.png\",\"contentUrl\":\"https:\/\/www.alquera.com\/wp-content\/uploads\/2020\/11\/logo_300_ancho.png\",\"width\":300,\"height\":86,\"caption\":\"ALQUERA CIENCIA SL\"},\"image\":{\"@id\":\"https:\/\/www.alquera.com\/en\/#\/schema\/logo\/image\/\"},\"sameAs\":[\"https:\/\/www.facebook.com\/alqueraciencia\",\"https:\/\/www.instagram.com\/alquera_ciencia\/\",\"https:\/\/www.youtube.com\/c\/alquera\"]}]}<\/script>\n<!-- \/ Yoast SEO Premium plugin. -->","yoast_head_json":{"title":"\u00c1cido B\u00f3rico para T\u00e9rmitas - Alquera.com","description":"O \u00e1cido b\u00f3rico \u00e9 um composto qu\u00edmico que funciona muito bem para a elimina\u00e7\u00e3o das temidas t\u00e9rmitas na madeira. Veja como funciona.","robots":{"index":"index","follow":"follow","max-snippet":"max-snippet:-1","max-image-preview":"max-image-preview:large","max-video-preview":"max-video-preview:-1"},"canonical":"https:\/\/www.alquera.com\/pt\/acido-borico\/termitas\/","og_locale":"pt_PT","og_type":"article","og_title":"\u00c1cido B\u00f3rico para Termitas","og_description":"El \u00e1cido b\u00f3rico es un compuesto qu\u00edmico que funciona muy bien para la eliminaci\u00f3n de las temidas termitas en la madera. Ver c\u00f3mo funciona.","og_url":"https:\/\/www.alquera.com\/pt\/acido-borico\/termitas\/","og_site_name":"Alquera.com","article_publisher":"https:\/\/www.facebook.com\/alqueraciencia","article_modified_time":"2023-09-18T10:26:40+00:00","og_image":[{"url":"https:\/\/www.alquera.com\/wp-content\/uploads\/2020\/11\/termitas2-300x182-2.jpg","type":"","width":"","height":""}],"twitter_card":"summary_large_image","twitter_misc":{"Tempo estimado de leitura":"3 minutos"},"schema":{"@context":"https:\/\/schema.org","@graph":[{"@type":"WebPage","@id":"https:\/\/www.alquera.com\/acido-borico\/termitas\/","url":"https:\/\/www.alquera.com\/acido-borico\/termitas\/","name":"\u00c1cido B\u00f3rico para T\u00e9rmitas - Alquera.com","isPartOf":{"@id":"https:\/\/www.alquera.com\/en\/#website"},"primaryImageOfPage":{"@id":"https:\/\/www.alquera.com\/acido-borico\/termitas\/#primaryimage"},"image":{"@id":"https:\/\/www.alquera.com\/acido-borico\/termitas\/#primaryimage"},"thumbnailUrl":"https:\/\/www.alquera.com\/wp-content\/uploads\/2020\/11\/termitas2-300x182-2.jpg","datePublished":"2020-10-20T16:31:39+00:00","dateModified":"2023-09-18T10:26:40+00:00","description":"O \u00e1cido b\u00f3rico \u00e9 um composto qu\u00edmico que funciona muito bem para a elimina\u00e7\u00e3o das temidas t\u00e9rmitas na madeira. Veja como funciona.","breadcrumb":{"@id":"https:\/\/www.alquera.com\/acido-borico\/termitas\/#breadcrumb"},"inLanguage":"pt-PT","potentialAction":[{"@type":"ReadAction","target":["https:\/\/www.alquera.com\/acido-borico\/termitas\/"]}]},{"@type":"ImageObject","inLanguage":"pt-PT","@id":"https:\/\/www.alquera.com\/acido-borico\/termitas\/#primaryimage","url":"https:\/\/www.alquera.com\/wp-content\/uploads\/2020\/11\/termitas2-300x182-2.jpg","contentUrl":"https:\/\/www.alquera.com\/wp-content\/uploads\/2020\/11\/termitas2-300x182-2.jpg"},{"@type":"BreadcrumbList","@id":"https:\/\/www.alquera.com\/acido-borico\/termitas\/#breadcrumb","itemListElement":[{"@type":"ListItem","position":1,"name":"Inicio","item":"https:\/\/www.alquera.com\/"},{"@type":"ListItem","position":2,"name":"Acido Borico","item":"https:\/\/www.alquera.com\/acido-borico\/"},{"@type":"ListItem","position":3,"name":"\u00c1cido B\u00f3rico para Termitas"}]},{"@type":"WebSite","@id":"https:\/\/www.alquera.com\/en\/#website","url":"https:\/\/www.alquera.com\/en\/","name":"Alquera.com","description":"Loja on-line de produtos qu\u00edmicos e equipamento de laborat\u00f3rio","publisher":{"@id":"https:\/\/www.alquera.com\/en\/#organization"},"potentialAction":[{"@type":"SearchAction","target":{"@type":"EntryPoint","urlTemplate":"https:\/\/www.alquera.com\/en\/?s={search_term_string}"},"query-input":{"@type":"PropertyValueSpecification","valueRequired":true,"valueName":"search_term_string"}}],"inLanguage":"pt-PT"},{"@type":"Organization","@id":"https:\/\/www.alquera.com\/en\/#organization","name":"ALQUERA CIENCIA SL","url":"https:\/\/www.alquera.com\/en\/","logo":{"@type":"ImageObject","inLanguage":"pt-PT","@id":"https:\/\/www.alquera.com\/en\/#\/schema\/logo\/image\/","url":"https:\/\/www.alquera.com\/wp-content\/uploads\/2020\/11\/logo_300_ancho.png","contentUrl":"https:\/\/www.alquera.com\/wp-content\/uploads\/2020\/11\/logo_300_ancho.png","width":300,"height":86,"caption":"ALQUERA CIENCIA SL"},"image":{"@id":"https:\/\/www.alquera.com\/en\/#\/schema\/logo\/image\/"},"sameAs":["https:\/\/www.facebook.com\/alqueraciencia","https:\/\/www.instagram.com\/alquera_ciencia\/","https:\/\/www.youtube.com\/c\/alquera"]}]}},"_links":{"self":[{"href":"https:\/\/www.alquera.com\/pt\/wp-json\/wp\/v2\/pages\/9422","targetHints":{"allow":["GET"]}}],"collection":[{"href":"https:\/\/www.alquera.com\/pt\/wp-json\/wp\/v2\/pages"}],"about":[{"href":"https:\/\/www.alquera.com\/pt\/wp-json\/wp\/v2\/types\/page"}],"author":[{"embeddable":true,"href":"https:\/\/www.alquera.com\/pt\/wp-json\/wp\/v2\/users\/1"}],"replies":[{"embeddable":true,"href":"https:\/\/www.alquera.com\/pt\/wp-json\/wp\/v2\/comments?post=9422"}],"version-history":[{"count":8,"href":"https:\/\/www.alquera.com\/pt\/wp-json\/wp\/v2\/pages\/9422\/revisions"}],"predecessor-version":[{"id":44261,"href":"https:\/\/www.alquera.com\/pt\/wp-json\/wp\/v2\/pages\/9422\/revisions\/44261"}],"up":[{"embeddable":true,"href":"https:\/\/www.alquera.com\/pt\/wp-json\/wp\/v2\/pages\/32598"}],"wp:attachment":[{"href":"https:\/\/www.alquera.com\/pt\/wp-json\/wp\/v2\/media?parent=9422"}],"curies":[{"name":"wp","href":"https:\/\/api.w.org\/{rel}","templated":true}]}}