{"id":9424,"date":"2020-10-20T16:45:35","date_gmt":"2020-10-20T16:45:35","guid":{"rendered":"http:\/\/localhost\/alquera\/?page_id=9424"},"modified":"2021-09-12T13:53:20","modified_gmt":"2021-09-12T13:53:20","slug":"usos-fluoresceina-sodica","status":"publish","type":"page","link":"https:\/\/www.alquera.com\/pt\/fluoresceina-sodica\/usos-fluoresceina-sodica\/","title":{"rendered":"Usos da Fluoresce\u00edna de S\u00f3dio"},"content":{"rendered":"<p>O <a href=\"https:\/\/www.alquera.com\/pt\/fluoresceina-sodica\/\">fluoresce\u00edna de s\u00f3dio<\/a> ou fluoresce\u00edna de s\u00f3dio \u00e9 uma subst\u00e2ncia corante org\u00e2nica que produz uma luz fluorescente quando irradiada com luz ultravioleta.<\/p>\r\n\r\n\r\n\r\n<p>O\u00a0<a href=\"https:\/\/www.alquera.com\/pt\/fluoresceina-sodica\/fluorescencia\/\">fluoresc\u00eancia<\/a>\u00a0\u00e9 o fen\u00f3meno pelo qual certas subst\u00e2ncias absorvem a luz ultravioleta e subsequentemente a emitem imediatamente, ou seja, assim que a energia (sob a forma de luz) j\u00e1 n\u00e3o \u00e9 irradiada, deixam de emitir.<\/p>\r\n\r\n\r\n\r\n<p>A pr\u00f3pria fluoresce\u00edna \u00e9 um sal insol\u00favel, tornado sol\u00favel em \u00e1gua pelo sal de s\u00f3dio adicionado \u00e0 sua composi\u00e7\u00e3o. \u00c9 um p\u00f3 avermelhado, que deve ser manuseado com muito cuidado, uma vez que algumas manchas de p\u00f3 podem transformar uma grande superf\u00edcie (desde que humedecida) em fluorescente.<\/p>\r\n\r\n\r\n\r\n<figure class=\"wp-block-image size-medium is-resized\"><img loading=\"lazy\" decoding=\"async\" class=\"size-medium wp-image-32311 aligncenter\" src=\"https:\/\/www.alquera.com\/wp-content\/uploads\/2020\/12\/fluoresceina-sodica-2-300x273.jpg\" alt=\"\" width=\"300\" height=\"273\" srcset=\"https:\/\/www.alquera.com\/wp-content\/uploads\/2020\/12\/fluoresceina-sodica-2-300x273.jpg 300w, https:\/\/www.alquera.com\/wp-content\/uploads\/2020\/12\/fluoresceina-sodica-2-1024x931.jpg 1024w, https:\/\/www.alquera.com\/wp-content\/uploads\/2020\/12\/fluoresceina-sodica-2-768x698.jpg 768w, https:\/\/www.alquera.com\/wp-content\/uploads\/2020\/12\/fluoresceina-sodica-2-1536x1397.jpg 1536w, https:\/\/www.alquera.com\/wp-content\/uploads\/2020\/12\/fluoresceina-sodica-2-600x546.jpg 600w, https:\/\/www.alquera.com\/wp-content\/uploads\/2020\/12\/fluoresceina-sodica-2-scaled.jpg 800w\" sizes=\"auto, (max-width: 300px) 100vw, 300px\" \/><\/figure>\r\n\r\n\r\n\r\n<p>&nbsp;<\/p>\r\n\r\n\r\n\r\n\r\n\r\n<h2 class=\"wp-block-heading\">Utiliza Fluoresce\u00edna de S\u00f3dio<\/h2>\r\n\r\n\r\n\r\n<p>A fluoresce\u00edna de s\u00f3dio tem uma multiplicidade de utiliza\u00e7\u00f5es. Os usos s\u00e3o:<\/p>\r\n\r\n\r\n\r\n<p><strong>Oftalmologia:<\/strong>\u00a0Em oftalmologia, a fluoresce\u00edna de s\u00f3dio \u00e9 utilizada para detectar anomalias vasculares do fundo e da \u00edris do olho. \u00c9 administrado por injec\u00e7\u00e3o e o corante demora alguns segundos a aparecer nos vasos coroidais e da retina. Tamb\u00e9m pode ser administrado oralmente ou por via t\u00f3pica.<\/p>\r\n\r\n\r\n\r\n<p><strong>Hidrologia:<\/strong>\u00a0Devido \u00e0 sua alta capacidade de detec\u00e7\u00e3o e baixa absor\u00e7\u00e3o, a fluoresce\u00edna de s\u00f3dio \u00e9 utilizada para estudos hidrol\u00f3gicos. Por exemplo, rastrear correntes subterr\u00e2neas, verificar liga\u00e7\u00f5es hidr\u00e1ulicas, medir caudais hidr\u00e1ulicos, impermeabilidade, etc... A fluoresce\u00edna \u00e9 cada vez mais procurada devido \u00e0 crescente procura de levantamentos hidrol\u00f3gicos que requerem a utiliza\u00e7\u00e3o de tra\u00e7adores artificiais.<\/p>\r\n\r\n\r\n\r\n<p><strong>Detec\u00e7\u00e3o de fugas:\u00a0<\/strong>Devido \u00e0 sua emiss\u00e3o fluorescente, a fluoresce\u00edna de s\u00f3dio tamb\u00e9m tem aplica\u00e7\u00f5es na detec\u00e7\u00e3o de fugas. Principalmente nos casos de:  Reservat\u00f3rios de \u00e1gua, Circuitos de ar e g\u00e1s, Canaliza\u00e7\u00e3o dom\u00e9stica, Telhados e s\u00f3t\u00e3os.<\/p>\r\n\r\n\r\n\r\n<p><strong>Experi\u00eancias de fluoresc\u00eancia:<\/strong>\u00a0Pode realizar experi\u00eancias de fluoresc\u00eancia com p\u00f3 de fluoresce\u00edna de s\u00f3dio.  Fazer l\u00edquidos fluorescentes<\/p>\r\n\r\n\r\n\r\n<h2 class=\"wp-block-heading\">Fluoresc\u00eancia<\/h2>\r\n\r\n\r\n\r\n<p>A fluoresce\u00edna de s\u00f3dio quando irradiada com luz ultravioleta. \u00c9 sol\u00favel em \u00e1gua gra\u00e7as ao s\u00f3dio, e porque tem grupos fen\u00f3licos e \u00e1cidos carbox\u00edlicos na sua estrutura, dissolve-se melhor em meios ligeiramente b\u00e1sicos. A maior emiss\u00e3o de luz a pH de cerca de 8 comprimentos de onda de emiss\u00e3o perto de 550 nm. Leia mais sobre fluoresc\u00eancia<\/p>\r\n\r\n\r\n\r\n\r\n\r\n<figure class=\"wp-block-image size-medium is-resized\"><img loading=\"lazy\" decoding=\"async\" class=\"size-medium wp-image-32314 aligncenter\" src=\"https:\/\/www.alquera.com\/wp-content\/uploads\/2020\/12\/fluorescencia5-1-300x168.png\" alt=\"liquido fluorescente\" width=\"300\" height=\"168\" srcset=\"https:\/\/www.alquera.com\/wp-content\/uploads\/2020\/12\/fluorescencia5-1-300x168.png 300w, https:\/\/www.alquera.com\/wp-content\/uploads\/2020\/12\/fluorescencia5-1.png 506w\" sizes=\"auto, (max-width: 300px) 100vw, 300px\" \/><\/figure>\r\n\r\n\r\n\r\n<h2 class=\"wp-block-heading\">Toxicidade<\/h2>\r\n\r\n\r\n\r\n<p>Inala\u00e7\u00e3o : Certifique-se de que respira ar fresco. Descanso.<\/p>\r\n\r\n\r\n\r\n<p>Contacto com a pele: Remover a roupa afectada e lavar toda a pele exposta ao produto com \u00e1gua e sab\u00e3o suave, depois enxaguar com \u00e1gua morna.<\/p>\r\n\r\n\r\n\r\n<p>Contacto com os olhos : Enxaguar imediatamente com bastante \u00e1gua. Obter aten\u00e7\u00e3o m\u00e9dica se a dor ou irrita\u00e7\u00e3o persistirem.<\/p>\r\n\r\n\r\n\r\n<p>Ingest\u00e3o : Lavar a boca. N\u00c3O induzir o v\u00f3mito. Obter cuidados m\u00e9dicos de emerg\u00eancia.<\/p>\r\n\r\n\r\n\r\n\r\n\r\n<h3 class=\"widget-title\">Comprar <\/h3><div><div class=\"woocommerce\"><ul class=\"products columns-4\">\n<li class=\"desktop-align-left tablet-align-left mobile-align-left ast-product-gallery-layout-horizontal-slider ast-magnify-disabled ast-product-single-variable ast-product-tabs-layout-horizontal ast-qv-on-image product type-product post-495 status-publish first instock product_cat-productos-experimentos product_cat-productos has-post-thumbnail taxable shipping-taxable purchasable product-type-variable has-default-attributes\">\n\t<a href=\"https:\/\/www.alquera.com\/pt\/permanganato-de-potasio\/\" class=\"woocommerce-LoopProduct-link woocommerce-loop-product__link\"><img loading=\"lazy\" decoding=\"async\" width=\"300\" height=\"300\" src=\"https:\/\/www.alquera.com\/wp-content\/uploads\/2016\/01\/permanganato-200g-foto-nueva-300x300.png\" class=\"attachment-woocommerce_thumbnail size-woocommerce_thumbnail\" alt=\"permanganato 200g\" srcset=\"https:\/\/www.alquera.com\/wp-content\/uploads\/2016\/01\/permanganato-200g-foto-nueva-300x300.png 300w, https:\/\/www.alquera.com\/wp-content\/uploads\/2016\/01\/permanganato-200g-foto-nueva-150x150.png 150w, https:\/\/www.alquera.com\/wp-content\/uploads\/2016\/01\/permanganato-200g-foto-nueva-12x12.png 12w, https:\/\/www.alquera.com\/wp-content\/uploads\/2016\/01\/permanganato-200g-foto-nueva-100x100.png 100w\" sizes=\"auto, (max-width: 300px) 100vw, 300px\" \/><h2 class=\"woocommerce-loop-product__title\">Permanganato de Pot\u00e1ssio<\/h2><div class=\"review-rating\"><div class=\"star-rating\"><span style=\"width:100%\" data-no-translation=\"\" data-trp-gettext=\"\">Classificado <strong class=\"rating\">5.00<\/strong> em 5<\/span><\/div><\/div>\n<\/a><a href=\"https:\/\/www.alquera.com\/pt\/permanganato-de-potasio\/\" aria-describedby=\"woocommerce_loop_add_to_cart_link_describedby_495\" data-quantity=\"1\" class=\"button product_type_variable add_to_cart_button\" data-product_id=\"495\" data-product_sku=\"AL100111\" aria-label=\"Seleccione as op\u00e7\u00f5es para \u201cPermanganato de Potasio\u201d\" rel=\"nofollow\" data-no-translation=\"\" data-trp-gettext=\"\" data-no-translation-aria-label=\"\">Ver op\u00e7\u00f5es<\/a>\t<span id=\"woocommerce_loop_add_to_cart_link_describedby_495\" class=\"screen-reader-text\">\n\t\tEste produto tem v\u00e1rias variantes. As op\u00e7\u00f5es podem ser seleccionadas na p\u00e1gina do produto\t<\/span>\n<\/li>\n<\/ul>\n<\/div><\/div>","protected":false},"excerpt":{"rendered":"<p>La fluoresceina sodica o fluoresce\u00edna de sodio es una sustancia colorante org\u00e1nica que produce una luz fluorescente cuando es irradiada con luz ultravioleta. La\u00a0fluorescencia\u00a0es el fen\u00f3meno por el que ciertas sustancias \u00a0absorben luz ultravioleta y la emiten posteriormente y de forma inmediata, es decir, en el momento que se deja de irradiar la energ\u00eda (en [&hellip;]<\/p>\n","protected":false},"author":1,"featured_media":0,"parent":32586,"menu_order":0,"comment_status":"open","ping_status":"closed","template":"","meta":{"_acf_changed":false,"site-sidebar-layout":"default","site-content-layout":"","ast-site-content-layout":"default","site-content-style":"default","site-sidebar-style":"default","ast-global-header-display":"","ast-banner-title-visibility":"","ast-main-header-display":"","ast-hfb-above-header-display":"","ast-hfb-below-header-display":"","ast-hfb-mobile-header-display":"","site-post-title":"","ast-breadcrumbs-content":"","ast-featured-img":"","footer-sml-layout":"","ast-disable-related-posts":"","theme-transparent-header-meta":"","adv-header-id-meta":"","stick-header-meta":"","header-above-stick-meta":"","header-main-stick-meta":"","header-below-stick-meta":"","astra-migrate-meta-layouts":"default","ast-page-background-enabled":"default","ast-page-background-meta":{"desktop":{"background-color":"var(--ast-global-color-4)","background-image":"","background-repeat":"repeat","background-position":"center center","background-size":"auto","background-attachment":"scroll","background-type":"","background-media":"","overlay-type":"","overlay-color":"","overlay-opacity":"","overlay-gradient":""},"tablet":{"background-color":"","background-image":"","background-repeat":"repeat","background-position":"center center","background-size":"auto","background-attachment":"scroll","background-type":"","background-media":"","overlay-type":"","overlay-color":"","overlay-opacity":"","overlay-gradient":""},"mobile":{"background-color":"","background-image":"","background-repeat":"repeat","background-position":"center center","background-size":"auto","background-attachment":"scroll","background-type":"","background-media":"","overlay-type":"","overlay-color":"","overlay-opacity":"","overlay-gradient":""}},"ast-content-background-meta":{"desktop":{"background-color":"var(--ast-global-color-5)","background-image":"","background-repeat":"repeat","background-position":"center center","background-size":"auto","background-attachment":"scroll","background-type":"","background-media":"","overlay-type":"","overlay-color":"","overlay-opacity":"","overlay-gradient":""},"tablet":{"background-color":"var(--ast-global-color-5)","background-image":"","background-repeat":"repeat","background-position":"center center","background-size":"auto","background-attachment":"scroll","background-type":"","background-media":"","overlay-type":"","overlay-color":"","overlay-opacity":"","overlay-gradient":""},"mobile":{"background-color":"var(--ast-global-color-5)","background-image":"","background-repeat":"repeat","background-position":"center center","background-size":"auto","background-attachment":"scroll","background-type":"","background-media":"","overlay-type":"","overlay-color":"","overlay-opacity":"","overlay-gradient":""}},"footnotes":""},"class_list":["post-9424","page","type-page","status-publish","hentry"],"acf":[],"yoast_head":"<!-- This site is optimized with the Yoast SEO Premium plugin v27.1 (Yoast SEO v27.1.1) - https:\/\/yoast.com\/product\/yoast-seo-premium-wordpress\/ -->\n<title>Usos de Fluoresce\u00edna S\u00f3dica - Alquera.com<\/title>\n<meta name=\"description\" content=\"La fluoresce\u00edna s\u00f3dica es un producto utilizado para dar fluorescencia en l\u00edquidos. Medidas de fluojo de agua, detecci\u00f3n de p\u00e9rdidas.\" \/>\n<meta name=\"robots\" content=\"index, follow, max-snippet:-1, max-image-preview:large, max-video-preview:-1\" \/>\n<link rel=\"canonical\" href=\"https:\/\/www.alquera.com\/pt\/fluoresceina-sodica\/usos-fluoresceina-sodica\/\" \/>\n<meta property=\"og:locale\" content=\"pt_PT\" \/>\n<meta property=\"og:type\" content=\"article\" \/>\n<meta property=\"og:title\" content=\"Usos de Fluoresce\u00edna S\u00f3dica\" \/>\n<meta property=\"og:description\" content=\"La fluoresce\u00edna s\u00f3dica es un producto utilizado para dar fluorescencia en l\u00edquidos. Medidas de fluojo de agua, detecci\u00f3n de p\u00e9rdidas.\" \/>\n<meta property=\"og:url\" content=\"https:\/\/www.alquera.com\/pt\/fluoresceina-sodica\/usos-fluoresceina-sodica\/\" \/>\n<meta property=\"og:site_name\" content=\"Alquera.com\" \/>\n<meta property=\"article:publisher\" content=\"https:\/\/www.facebook.com\/alqueraciencia\" \/>\n<meta property=\"article:modified_time\" content=\"2021-09-12T13:53:20+00:00\" \/>\n<meta property=\"og:image\" content=\"https:\/\/www.alquera.com\/wp-content\/uploads\/2020\/12\/fluoresceina-sodica-2-300x273.jpg\" \/>\n<meta name=\"twitter:card\" content=\"summary_large_image\" \/>\n<meta name=\"twitter:label1\" content=\"Tempo estimado de leitura\" \/>\n\t<meta name=\"twitter:data1\" content=\"2 minutos\" \/>\n<script type=\"application\/ld+json\" class=\"yoast-schema-graph\">{\"@context\":\"https:\/\/schema.org\",\"@graph\":[{\"@type\":\"WebPage\",\"@id\":\"https:\/\/www.alquera.com\/de\/fluoresceina-sodica\/usos-fluoresceina-sodica\/\",\"url\":\"https:\/\/www.alquera.com\/de\/fluoresceina-sodica\/usos-fluoresceina-sodica\/\",\"name\":\"Usos de Fluoresce\u00edna S\u00f3dica - Alquera.com\",\"isPartOf\":{\"@id\":\"https:\/\/www.alquera.com\/en\/#website\"},\"primaryImageOfPage\":{\"@id\":\"https:\/\/www.alquera.com\/de\/fluoresceina-sodica\/usos-fluoresceina-sodica\/#primaryimage\"},\"image\":{\"@id\":\"https:\/\/www.alquera.com\/de\/fluoresceina-sodica\/usos-fluoresceina-sodica\/#primaryimage\"},\"thumbnailUrl\":\"https:\/\/www.alquera.com\/wp-content\/uploads\/2020\/12\/fluoresceina-sodica-2-300x273.jpg\",\"datePublished\":\"2020-10-20T16:45:35+00:00\",\"dateModified\":\"2021-09-12T13:53:20+00:00\",\"description\":\"La fluoresce\u00edna s\u00f3dica es un producto utilizado para dar fluorescencia en l\u00edquidos. Medidas de fluojo de agua, detecci\u00f3n de p\u00e9rdidas.\",\"breadcrumb\":{\"@id\":\"https:\/\/www.alquera.com\/de\/fluoresceina-sodica\/usos-fluoresceina-sodica\/#breadcrumb\"},\"inLanguage\":\"pt-PT\",\"potentialAction\":[{\"@type\":\"ReadAction\",\"target\":[\"https:\/\/www.alquera.com\/de\/fluoresceina-sodica\/usos-fluoresceina-sodica\/\"]}]},{\"@type\":\"ImageObject\",\"inLanguage\":\"pt-PT\",\"@id\":\"https:\/\/www.alquera.com\/de\/fluoresceina-sodica\/usos-fluoresceina-sodica\/#primaryimage\",\"url\":\"https:\/\/www.alquera.com\/wp-content\/uploads\/2020\/12\/fluoresceina-sodica-2-300x273.jpg\",\"contentUrl\":\"https:\/\/www.alquera.com\/wp-content\/uploads\/2020\/12\/fluoresceina-sodica-2-300x273.jpg\"},{\"@type\":\"BreadcrumbList\",\"@id\":\"https:\/\/www.alquera.com\/de\/fluoresceina-sodica\/usos-fluoresceina-sodica\/#breadcrumb\",\"itemListElement\":[{\"@type\":\"ListItem\",\"position\":1,\"name\":\"Inicio\",\"item\":\"https:\/\/www.alquera.com\/\"},{\"@type\":\"ListItem\",\"position\":2,\"name\":\"Fluoresceina S\u00f3dica\",\"item\":\"https:\/\/www.alquera.com\/fluoresceina-sodica\/\"},{\"@type\":\"ListItem\",\"position\":3,\"name\":\"Usos de Fluoresce\u00edna S\u00f3dica\"}]},{\"@type\":\"WebSite\",\"@id\":\"https:\/\/www.alquera.com\/en\/#website\",\"url\":\"https:\/\/www.alquera.com\/en\/\",\"name\":\"Alquera.com\",\"description\":\"Tienda Online Productos Qu\u00edmicos y Material de Laboratorio\",\"publisher\":{\"@id\":\"https:\/\/www.alquera.com\/en\/#organization\"},\"potentialAction\":[{\"@type\":\"SearchAction\",\"target\":{\"@type\":\"EntryPoint\",\"urlTemplate\":\"https:\/\/www.alquera.com\/en\/?s={search_term_string}\"},\"query-input\":{\"@type\":\"PropertyValueSpecification\",\"valueRequired\":true,\"valueName\":\"search_term_string\"}}],\"inLanguage\":\"pt-PT\"},{\"@type\":\"Organization\",\"@id\":\"https:\/\/www.alquera.com\/en\/#organization\",\"name\":\"ALQUERA CIENCIA SL\",\"url\":\"https:\/\/www.alquera.com\/en\/\",\"logo\":{\"@type\":\"ImageObject\",\"inLanguage\":\"pt-PT\",\"@id\":\"https:\/\/www.alquera.com\/en\/#\/schema\/logo\/image\/\",\"url\":\"https:\/\/www.alquera.com\/wp-content\/uploads\/2020\/11\/logo_300_ancho.png\",\"contentUrl\":\"https:\/\/www.alquera.com\/wp-content\/uploads\/2020\/11\/logo_300_ancho.png\",\"width\":300,\"height\":86,\"caption\":\"ALQUERA CIENCIA SL\"},\"image\":{\"@id\":\"https:\/\/www.alquera.com\/en\/#\/schema\/logo\/image\/\"},\"sameAs\":[\"https:\/\/www.facebook.com\/alqueraciencia\",\"https:\/\/www.instagram.com\/alquera_ciencia\/\",\"https:\/\/www.youtube.com\/c\/alquera\"]}]}<\/script>\n<!-- \/ Yoast SEO Premium plugin. -->","yoast_head_json":{"title":"Usos da Fluoresce\u00edna de S\u00f3dio - Alquera.com","description":"A fluoresce\u00edna de s\u00f3dio \u00e9 um produto utilizado para fluorescer l\u00edquidos. Medi\u00e7\u00f5es do fluxo de \u00e1gua, detec\u00e7\u00e3o de fugas.","robots":{"index":"index","follow":"follow","max-snippet":"max-snippet:-1","max-image-preview":"max-image-preview:large","max-video-preview":"max-video-preview:-1"},"canonical":"https:\/\/www.alquera.com\/pt\/fluoresceina-sodica\/usos-fluoresceina-sodica\/","og_locale":"pt_PT","og_type":"article","og_title":"Usos de Fluoresce\u00edna S\u00f3dica","og_description":"La fluoresce\u00edna s\u00f3dica es un producto utilizado para dar fluorescencia en l\u00edquidos. Medidas de fluojo de agua, detecci\u00f3n de p\u00e9rdidas.","og_url":"https:\/\/www.alquera.com\/pt\/fluoresceina-sodica\/usos-fluoresceina-sodica\/","og_site_name":"Alquera.com","article_publisher":"https:\/\/www.facebook.com\/alqueraciencia","article_modified_time":"2021-09-12T13:53:20+00:00","og_image":[{"url":"https:\/\/www.alquera.com\/wp-content\/uploads\/2020\/12\/fluoresceina-sodica-2-300x273.jpg","type":"","width":"","height":""}],"twitter_card":"summary_large_image","twitter_misc":{"Tempo estimado de leitura":"2 minutos"},"schema":{"@context":"https:\/\/schema.org","@graph":[{"@type":"WebPage","@id":"https:\/\/www.alquera.com\/de\/fluoresceina-sodica\/usos-fluoresceina-sodica\/","url":"https:\/\/www.alquera.com\/de\/fluoresceina-sodica\/usos-fluoresceina-sodica\/","name":"Usos da Fluoresce\u00edna de S\u00f3dio - Alquera.com","isPartOf":{"@id":"https:\/\/www.alquera.com\/en\/#website"},"primaryImageOfPage":{"@id":"https:\/\/www.alquera.com\/de\/fluoresceina-sodica\/usos-fluoresceina-sodica\/#primaryimage"},"image":{"@id":"https:\/\/www.alquera.com\/de\/fluoresceina-sodica\/usos-fluoresceina-sodica\/#primaryimage"},"thumbnailUrl":"https:\/\/www.alquera.com\/wp-content\/uploads\/2020\/12\/fluoresceina-sodica-2-300x273.jpg","datePublished":"2020-10-20T16:45:35+00:00","dateModified":"2021-09-12T13:53:20+00:00","description":"A fluoresce\u00edna de s\u00f3dio \u00e9 um produto utilizado para fluorescer l\u00edquidos. Medi\u00e7\u00f5es do fluxo de \u00e1gua, detec\u00e7\u00e3o de fugas.","breadcrumb":{"@id":"https:\/\/www.alquera.com\/de\/fluoresceina-sodica\/usos-fluoresceina-sodica\/#breadcrumb"},"inLanguage":"pt-PT","potentialAction":[{"@type":"ReadAction","target":["https:\/\/www.alquera.com\/de\/fluoresceina-sodica\/usos-fluoresceina-sodica\/"]}]},{"@type":"ImageObject","inLanguage":"pt-PT","@id":"https:\/\/www.alquera.com\/de\/fluoresceina-sodica\/usos-fluoresceina-sodica\/#primaryimage","url":"https:\/\/www.alquera.com\/wp-content\/uploads\/2020\/12\/fluoresceina-sodica-2-300x273.jpg","contentUrl":"https:\/\/www.alquera.com\/wp-content\/uploads\/2020\/12\/fluoresceina-sodica-2-300x273.jpg"},{"@type":"BreadcrumbList","@id":"https:\/\/www.alquera.com\/de\/fluoresceina-sodica\/usos-fluoresceina-sodica\/#breadcrumb","itemListElement":[{"@type":"ListItem","position":1,"name":"Inicio","item":"https:\/\/www.alquera.com\/"},{"@type":"ListItem","position":2,"name":"Fluoresceina S\u00f3dica","item":"https:\/\/www.alquera.com\/fluoresceina-sodica\/"},{"@type":"ListItem","position":3,"name":"Usos de Fluoresce\u00edna S\u00f3dica"}]},{"@type":"WebSite","@id":"https:\/\/www.alquera.com\/en\/#website","url":"https:\/\/www.alquera.com\/en\/","name":"Alquera.com","description":"Loja on-line de produtos qu\u00edmicos e equipamento de laborat\u00f3rio","publisher":{"@id":"https:\/\/www.alquera.com\/en\/#organization"},"potentialAction":[{"@type":"SearchAction","target":{"@type":"EntryPoint","urlTemplate":"https:\/\/www.alquera.com\/en\/?s={search_term_string}"},"query-input":{"@type":"PropertyValueSpecification","valueRequired":true,"valueName":"search_term_string"}}],"inLanguage":"pt-PT"},{"@type":"Organization","@id":"https:\/\/www.alquera.com\/en\/#organization","name":"ALQUERA CIENCIA SL","url":"https:\/\/www.alquera.com\/en\/","logo":{"@type":"ImageObject","inLanguage":"pt-PT","@id":"https:\/\/www.alquera.com\/en\/#\/schema\/logo\/image\/","url":"https:\/\/www.alquera.com\/wp-content\/uploads\/2020\/11\/logo_300_ancho.png","contentUrl":"https:\/\/www.alquera.com\/wp-content\/uploads\/2020\/11\/logo_300_ancho.png","width":300,"height":86,"caption":"ALQUERA CIENCIA SL"},"image":{"@id":"https:\/\/www.alquera.com\/en\/#\/schema\/logo\/image\/"},"sameAs":["https:\/\/www.facebook.com\/alqueraciencia","https:\/\/www.instagram.com\/alquera_ciencia\/","https:\/\/www.youtube.com\/c\/alquera"]}]}},"_links":{"self":[{"href":"https:\/\/www.alquera.com\/pt\/wp-json\/wp\/v2\/pages\/9424","targetHints":{"allow":["GET"]}}],"collection":[{"href":"https:\/\/www.alquera.com\/pt\/wp-json\/wp\/v2\/pages"}],"about":[{"href":"https:\/\/www.alquera.com\/pt\/wp-json\/wp\/v2\/types\/page"}],"author":[{"embeddable":true,"href":"https:\/\/www.alquera.com\/pt\/wp-json\/wp\/v2\/users\/1"}],"replies":[{"embeddable":true,"href":"https:\/\/www.alquera.com\/pt\/wp-json\/wp\/v2\/comments?post=9424"}],"version-history":[{"count":7,"href":"https:\/\/www.alquera.com\/pt\/wp-json\/wp\/v2\/pages\/9424\/revisions"}],"predecessor-version":[{"id":33191,"href":"https:\/\/www.alquera.com\/pt\/wp-json\/wp\/v2\/pages\/9424\/revisions\/33191"}],"up":[{"embeddable":true,"href":"https:\/\/www.alquera.com\/pt\/wp-json\/wp\/v2\/pages\/32586"}],"wp:attachment":[{"href":"https:\/\/www.alquera.com\/pt\/wp-json\/wp\/v2\/media?parent=9424"}],"curies":[{"name":"wp","href":"https:\/\/api.w.org\/{rel}","templated":true}]}}