{"id":9431,"date":"2020-10-20T17:34:41","date_gmt":"2020-10-20T17:34:41","guid":{"rendered":"http:\/\/localhost\/alquera\/?page_id=9431"},"modified":"2022-12-02T06:14:31","modified_gmt":"2022-12-02T06:14:31","slug":"fluorescencia","status":"publish","type":"page","link":"https:\/\/www.alquera.com\/pt\/fluoresceina-sodica\/fluorescencia\/","title":{"rendered":"Fluoresc\u00eancia - O que \u00e9 e como funciona"},"content":{"rendered":"<p>A fluoresc\u00eancia \u00e9 o fen\u00f3meno pelo qual alguns produtos ou subst\u00e2ncias emitem energia sob a forma de luz quando irradiados com luz ultravioleta. A fluoresc\u00eancia n\u00e3o deve ser confundida com a fosforesc\u00eancia. Na fosforesc\u00eancia, as part\u00edculas armazenam a energia e depois irradiam-na ap\u00f3s a irradia\u00e7\u00e3o da luz ultravioleta ter sido completada.<\/p>\n\n\n\n<p>Para compreender realmente o processo de fluoresc\u00eancia, \u00e9 necess\u00e1rio recordar o modelo orbital at\u00f3mico e orbital molecular. De acordo com o princ\u00edpio da incerteza, um electr\u00e3o pode ser encontrado dentro de um determinado intervalo de n\u00edvel de energia, num n\u00edvel inferior ou superior. Existem orbitais de baixa energia e de alta energia. Os electr\u00f5es, por defeito, preferem ocupar orbitais de baixa energia, mas podem ocupar transientemente n\u00edveis de energia mais elevados. <\/p>\n\n\n\n<p>Estes saltos orbitais s\u00e3o conseguidos em certas subst\u00e2ncias irradiando-as com energia. Estes saltos s\u00e3o conhecidos como transi\u00e7\u00f5es electr\u00f3nicas. Cada tipo de \u00e1tomo tem linhas de absor\u00e7\u00e3o e linhas de emiss\u00e3o muito caracter\u00edsticas.<\/p>\n\n\n\n<h2 class=\"wp-block-heading\">Aplica\u00e7\u00f5es de fluoresc\u00eancia<\/h2>\n\n\n\n<p>O fen\u00f3meno da fluoresc\u00eancia tem muitas aplica\u00e7\u00f5es:<\/p>\n\n\n\n<ul class=\"wp-block-list\"><li><strong>Em Ilumina\u00e7\u00e3o<\/strong>Tubo fluorescente: O funcionamento do tubo fluorescente, t\u00e3o omnipresente em casas e escrit\u00f3rios, depende da fluoresc\u00eancia. Dentro do tubo de vidro h\u00e1 um v\u00e1cuo parcial e uma pequena quantidade de merc\u00fario. Uma descarga el\u00e9ctrica no tubo faz com que os \u00e1tomos de merc\u00fario emitam luz. A luz emitida est\u00e1 na gama dos ultravioletas (UV), e \u00e9 portanto invis\u00edvel aos nossos olhos; mas o tubo \u00e9 revestido com uma camada de um material fluorescente chamado f\u00f3sforo, que absorve a luz ultravioleta e a reemita no espectro vis\u00edvel.<\/li><li><strong>Qu\u00edmica anal\u00edtica<\/strong> para t\u00e9cnicas de laborat\u00f3rio para a detec\u00e7\u00e3o<\/li><li><strong>Bioqu\u00edmica e medicina<\/strong>As biomol\u00e9culas podem ser rotuladas com um grupo qu\u00edmico fluorescente (fluorocromo) atrav\u00e9s de uma simples reac\u00e7\u00e3o qu\u00edmica, permitindo a detec\u00e7\u00e3o sens\u00edvel e quantitativa da mol\u00e9cula.<\/li><li><strong>Gemologia<\/strong>mineralogia, mineralogia, geologia e ci\u00eancias forenses<\/li><li>Outra aplica\u00e7\u00e3o deste fen\u00f3meno est\u00e1 na diferencia\u00e7\u00e3o de <strong>notas falsas<\/strong> A impress\u00e3o destas \u00e9 feita com tinta fluorescente, que \u00e9 vis\u00edvel \u00e0 luz ultravioleta.<\/li><li>Avalia\u00e7\u00e3o da fluoresc\u00eancia da \u00e1gua em hidrologia.<\/li><\/ul>\n\n\n\n<h3 class=\"wp-block-heading\">Materiais fluorescentes. Pedras Fluorescentes e Minerais<\/h3>\n\n\n\n<ul class=\"wp-block-list\"><li>Um exemplo de tais subst\u00e2ncias \u00e9 a <a href=\"https:\/\/www.alquera.com\/pt\/fluoresceina-sodica\/\">fluoresce\u00edna de s\u00f3dio<\/a>um composto pertencente \u00e0 fam\u00edlia das xantinas. Pode-se ver na sec\u00e7\u00e3o da experi\u00eancia, na experi\u00eancia, fazendo \u00e1gua fluorescente, como dilu\u00edda em \u00e1gua tem uma cor amarela. Quando est\u00e1 em solu\u00e7\u00f5es de pH superior a 7 (por exemplo, adicionando algumas gotas de amon\u00edaco \u00e0 \u00e1gua), torna-se verde, e a sua fluoresc\u00eancia aumenta.<\/li><\/ul>\n\n\n\n<p><a href=\"https:\/\/www.alquera.com\/pt\/fluoresceina-sodica\/fluorescencia\/fluorescencia2\/\" rel=\"attachment wp-att-9681\"><img loading=\"lazy\" decoding=\"async\" class=\"size-medium wp-image-9681 aligncenter\" src=\"https:\/\/www.alquera.com\/wp-content\/uploads\/2020\/10\/fluorescencia2-300x171.png\" alt=\"\" width=\"300\" height=\"171\" srcset=\"https:\/\/www.alquera.com\/wp-content\/uploads\/2020\/10\/fluorescencia2-300x171.png 300w, https:\/\/www.alquera.com\/wp-content\/uploads\/2020\/10\/fluorescencia2.png 504w\" sizes=\"auto, (max-width: 300px) 100vw, 300px\" \/><\/a><\/p>\n\n\n\n<ul class=\"wp-block-list\"><li><strong>Pedras preciosas:<\/strong> T\u00eam espatofl\u00faor nas suas estruturas cristalinas, se n\u00e3o forem demasiado puros.\n<ul>\n<li>\u00c2mbar: mostram radia\u00e7\u00e3o de cor laranja quando recebem luz ultravioleta de onda curta.<\/li>\n<li>Diamantes e rubis da esperan\u00e7a: exibem radia\u00e7\u00e3o vermelha quando irradiados com radia\u00e7\u00e3o ultravioleta de onda curta.<\/li>\n<\/ul>\n<\/li><li><strong>Minerais:<\/strong> Em muitos casos deve-se ao facto de que a fluorite ou um derivado da fluorite est\u00e1 presente. Nesta imagem pode ver alguns minerais fluorescentes, sendo os principais os seguintes os seguintes<\/li><\/ul>\n\n\n\n\n\n<ul class=\"wp-block-list\"><li>Fluorite: \u00c9 a base da maioria dos elementos fluorescentes, apresenta diferentes varia\u00e7\u00f5es de cor nas radia\u00e7\u00f5es, tais como o verde, azul ou rosa.<\/li><li>Calcite: Propriedades semelhantes \u00e0 fluorite, da\u00ed as suas propriedades. Tem tend\u00eancia a emitir luz em cores rosa.<\/li><li>Ur\u00e2nio: Este mineral tem uma radia\u00e7\u00e3o esverdeada devido ao facto de ser um material radioactivo.<\/li><li><strong>Materiais org\u00e2nicos:<\/strong> Devem principalmente a sua fluoresc\u00eancia aos compostos minerais que os formam juntamente com a mat\u00e9ria org\u00e2nica. Os principais exemplos s\u00e3o:\n<ul>\n<li>Fungos Mycena Lux-coeli. Acredita-se que adquirem esta propriedade para atrair insectos para realizar a dispers\u00e3o de esporos.<\/li>\n<li>Clorofila: A clorofila presente nas folhas das plantas leva a energia do sol para realizar a fotoss\u00edntese, e parte desta energia deve ser dissipada para n\u00e3o danificar a folha. Parte \u00e9 dissipada como calor e parte sob a forma de fluoresc\u00eancia. A sua cor \u00e9 geralmente verde.<\/li>\n<\/ul>\n<\/li><\/ul>\n\n\n\n<h2 class=\"wp-block-heading\">Fluoresc\u00eancia em fluoresce\u00edna de s\u00f3dio<\/h2>\n\n\n\n<p>A fluoresce\u00edna de s\u00f3dio \u00e9 uma das subst\u00e2ncias, dentro dos produtos qu\u00edmicos, que t\u00eam a propriedade de fluoresc\u00eancia e est\u00e3o entre as mais utilizadas, dada a sua facilidade de transporte e a sua estabilidade. A fluoresce\u00edna de s\u00f3dio \u00e9 utilizada tanto para fins m\u00e9dicos para a detec\u00e7\u00e3o ocular como no campo hidrol\u00f3gico para a detec\u00e7\u00e3o de fugas e vest\u00edgios em \u00e1reas aqu\u00e1ticas.<\/p>\n\n\n\n<p><p>A emiss\u00e3o de fluoresce\u00edna de s\u00f3dio \u00e9 mais elevada a pH 8 e a um comprimento de onda de cerca de 550 nm. Nesta imagem pode ver o gr\u00e1fico de excita\u00e7\u00e3o de emiss\u00e3o de fluoresce\u00edna de s\u00f3dio.<\/p>\n<p><iframe loading=\"lazy\" title=\"Como fazer um l\u00edquido fluorescente - Alquera\" width=\"500\" height=\"281\" src=\"https:\/\/www.youtube.com\/embed\/zsq1paqbVls?feature=oembed\" frameborder=\"0\" allow=\"accelerometer; autoplay; clipboard-write; encrypted-media; gyroscope; picture-in-picture; web-share\" referrerpolicy=\"strict-origin-when-cross-origin\" allowfullscreen><\/iframe><\/p><\/p>\n\n\n\n<h3 class=\"widget-title\">Comprar <\/h3><div><div class=\"woocommerce\"><ul class=\"products columns-4\">\n<li class=\"desktop-align-left tablet-align-left mobile-align-left ast-product-gallery-layout-horizontal-slider ast-magnify-disabled ast-product-single-variable ast-product-tabs-layout-horizontal ast-qv-on-image product type-product post-495 status-publish first instock product_cat-productos-experimentos product_cat-productos has-post-thumbnail taxable shipping-taxable purchasable product-type-variable has-default-attributes\">\n\t<a href=\"https:\/\/www.alquera.com\/pt\/permanganato-de-potasio\/\" class=\"woocommerce-LoopProduct-link woocommerce-loop-product__link\"><img loading=\"lazy\" decoding=\"async\" width=\"300\" height=\"300\" src=\"https:\/\/www.alquera.com\/wp-content\/uploads\/2016\/01\/permanganato-200g-foto-nueva-300x300.png\" class=\"attachment-woocommerce_thumbnail size-woocommerce_thumbnail\" alt=\"permanganato 200g\" srcset=\"https:\/\/www.alquera.com\/wp-content\/uploads\/2016\/01\/permanganato-200g-foto-nueva-300x300.png 300w, https:\/\/www.alquera.com\/wp-content\/uploads\/2016\/01\/permanganato-200g-foto-nueva-150x150.png 150w, https:\/\/www.alquera.com\/wp-content\/uploads\/2016\/01\/permanganato-200g-foto-nueva-12x12.png 12w, https:\/\/www.alquera.com\/wp-content\/uploads\/2016\/01\/permanganato-200g-foto-nueva-100x100.png 100w\" sizes=\"auto, (max-width: 300px) 100vw, 300px\" \/><h2 class=\"woocommerce-loop-product__title\">Permanganato de Pot\u00e1ssio<\/h2><div class=\"review-rating\"><div class=\"star-rating\"><span style=\"width:100%\" data-no-translation=\"\" data-trp-gettext=\"\">Classificado <strong class=\"rating\">5.00<\/strong> em 5<\/span><\/div><\/div>\n<\/a><a href=\"https:\/\/www.alquera.com\/pt\/permanganato-de-potasio\/\" aria-describedby=\"woocommerce_loop_add_to_cart_link_describedby_495\" data-quantity=\"1\" class=\"button product_type_variable add_to_cart_button\" data-product_id=\"495\" data-product_sku=\"AL100111\" aria-label=\"Seleccione as op\u00e7\u00f5es para \u201cPermanganato de Potasio\u201d\" rel=\"nofollow\" data-no-translation=\"\" data-trp-gettext=\"\" data-no-translation-aria-label=\"\">Ver op\u00e7\u00f5es<\/a>\t<span id=\"woocommerce_loop_add_to_cart_link_describedby_495\" class=\"screen-reader-text\">\n\t\tEste produto tem v\u00e1rias variantes. As op\u00e7\u00f5es podem ser seleccionadas na p\u00e1gina do produto\t<\/span>\n<\/li>\n<\/ul>\n<\/div><\/div>\n\n\n\n<p class=\"widget-title\">Leia mais<\/p><a href=\"https:\/\/www.alquera.com\/pt\/fluoresceina-sodica\/\">Fluoresce\u00edna de S\u00f3dio<\/a>\n<!-- Page-list plugin v.5.9 wordpress.org\/plugins\/page-list\/ -->\n<ul class=\"page-list siblings-page-list\">\n<li class=\"page_item page-item-9431 menu-item\"><a href=\"https:\/\/www.alquera.com\/pt\/fluoresceina-sodica\/fluorescencia\/\" class=\"menu-link\">Fluoresc\u00eancia - O que \u00e9 e como funciona<\/a><\/li>\n<li class=\"page_item page-item-9429 menu-item\"><a href=\"https:\/\/www.alquera.com\/pt\/fluoresceina-sodica\/hacer-liquido-fluorescente\/\" class=\"menu-link\">Fazer l\u00edquidos fluorescentes<\/a><\/li>\n<li class=\"page_item page-item-9424 menu-item\"><a href=\"https:\/\/www.alquera.com\/pt\/fluoresceina-sodica\/usos-fluoresceina-sodica\/\" class=\"menu-link\">Usos da Fluoresce\u00edna de S\u00f3dio<\/a><\/li>\n\n<\/ul>","protected":false},"excerpt":{"rendered":"<p>La fluorescencia es el fen\u00f3meno mediante el cual algunos productos o substancias emiten energ\u00eda en forma de luz una vez se les irradia con luz ultravioleta.&nbsp;La fluorescencia no debe confundirse con la fosforescencia. En la fosforescencia, las part\u00edculas almacenan la energ\u00eda, irradi\u00e1ndola despu\u00e9s, hasta una vez que se ha finalizado la irradiaci\u00f3n de luz ultravioleta. [&hellip;]<\/p>\n","protected":false},"author":1,"featured_media":0,"parent":32586,"menu_order":0,"comment_status":"open","ping_status":"closed","template":"","meta":{"_acf_changed":false,"site-sidebar-layout":"default","site-content-layout":"default","ast-site-content-layout":"default","site-content-style":"default","site-sidebar-style":"default","ast-global-header-display":"","ast-banner-title-visibility":"","ast-main-header-display":"","ast-hfb-above-header-display":"","ast-hfb-below-header-display":"","ast-hfb-mobile-header-display":"","site-post-title":"","ast-breadcrumbs-content":"","ast-featured-img":"","footer-sml-layout":"","ast-disable-related-posts":"","theme-transparent-header-meta":"default","adv-header-id-meta":"","stick-header-meta":"default","header-above-stick-meta":"","header-main-stick-meta":"","header-below-stick-meta":"","astra-migrate-meta-layouts":"default","ast-page-background-enabled":"default","ast-page-background-meta":{"desktop":{"background-color":"var(--ast-global-color-4)","background-image":"","background-repeat":"repeat","background-position":"center center","background-size":"auto","background-attachment":"scroll","background-type":"","background-media":"","overlay-type":"","overlay-color":"","overlay-opacity":"","overlay-gradient":""},"tablet":{"background-color":"","background-image":"","background-repeat":"repeat","background-position":"center center","background-size":"auto","background-attachment":"scroll","background-type":"","background-media":"","overlay-type":"","overlay-color":"","overlay-opacity":"","overlay-gradient":""},"mobile":{"background-color":"","background-image":"","background-repeat":"repeat","background-position":"center center","background-size":"auto","background-attachment":"scroll","background-type":"","background-media":"","overlay-type":"","overlay-color":"","overlay-opacity":"","overlay-gradient":""}},"ast-content-background-meta":{"desktop":{"background-color":"var(--ast-global-color-5)","background-image":"","background-repeat":"repeat","background-position":"center center","background-size":"auto","background-attachment":"scroll","background-type":"","background-media":"","overlay-type":"","overlay-color":"","overlay-opacity":"","overlay-gradient":""},"tablet":{"background-color":"var(--ast-global-color-5)","background-image":"","background-repeat":"repeat","background-position":"center center","background-size":"auto","background-attachment":"scroll","background-type":"","background-media":"","overlay-type":"","overlay-color":"","overlay-opacity":"","overlay-gradient":""},"mobile":{"background-color":"var(--ast-global-color-5)","background-image":"","background-repeat":"repeat","background-position":"center center","background-size":"auto","background-attachment":"scroll","background-type":"","background-media":"","overlay-type":"","overlay-color":"","overlay-opacity":"","overlay-gradient":""}},"footnotes":""},"class_list":["post-9431","page","type-page","status-publish","hentry"],"acf":[],"yoast_head":"<!-- This site is optimized with the Yoast SEO Premium plugin v27.1 (Yoast SEO v27.1.1) - https:\/\/yoast.com\/product\/yoast-seo-premium-wordpress\/ -->\n<title>Fluorescencia - Qu\u00e9 es y C\u00f3mo Funciona - Alquera.com<\/title>\n<meta name=\"description\" content=\"La fluorescencia es el fen\u00f3meno mediante el cual algunos productos o substancias emiten luz una vez se les irradia con luz ultravioleta.\" \/>\n<meta name=\"robots\" content=\"index, follow, max-snippet:-1, max-image-preview:large, max-video-preview:-1\" \/>\n<link rel=\"canonical\" href=\"https:\/\/www.alquera.com\/pt\/fluoresceina-sodica\/fluorescencia\/\" \/>\n<meta property=\"og:locale\" content=\"pt_PT\" \/>\n<meta property=\"og:type\" content=\"article\" \/>\n<meta property=\"og:title\" content=\"Fluorescencia - Qu\u00e9 es y C\u00f3mo Funciona\" \/>\n<meta property=\"og:description\" content=\"La fluorescencia es el fen\u00f3meno mediante el cual algunos productos o substancias emiten luz una vez se les irradia con luz ultravioleta.\" \/>\n<meta property=\"og:url\" content=\"https:\/\/www.alquera.com\/pt\/fluoresceina-sodica\/fluorescencia\/\" \/>\n<meta property=\"og:site_name\" content=\"Alquera.com\" \/>\n<meta property=\"article:publisher\" content=\"https:\/\/www.facebook.com\/alqueraciencia\" \/>\n<meta property=\"article:modified_time\" content=\"2022-12-02T06:14:31+00:00\" \/>\n<meta property=\"og:image\" content=\"https:\/\/www.alquera.com\/wp-content\/uploads\/2020\/10\/fluorescencia2-300x171.png\" \/>\n<meta name=\"twitter:card\" content=\"summary_large_image\" \/>\n<meta name=\"twitter:label1\" content=\"Tempo estimado de leitura\" \/>\n\t<meta name=\"twitter:data1\" content=\"4 minutos\" \/>\n<script type=\"application\/ld+json\" class=\"yoast-schema-graph\">{\"@context\":\"https:\/\/schema.org\",\"@graph\":[{\"@type\":\"WebPage\",\"@id\":\"https:\/\/www.alquera.com\/fluoresceina-sodica\/fluorescencia\/\",\"url\":\"https:\/\/www.alquera.com\/fluoresceina-sodica\/fluorescencia\/\",\"name\":\"Fluorescencia - Qu\u00e9 es y C\u00f3mo Funciona - Alquera.com\",\"isPartOf\":{\"@id\":\"https:\/\/www.alquera.com\/en\/#website\"},\"primaryImageOfPage\":{\"@id\":\"https:\/\/www.alquera.com\/fluoresceina-sodica\/fluorescencia\/#primaryimage\"},\"image\":{\"@id\":\"https:\/\/www.alquera.com\/fluoresceina-sodica\/fluorescencia\/#primaryimage\"},\"thumbnailUrl\":\"https:\/\/www.alquera.com\/wp-content\/uploads\/2020\/10\/fluorescencia2-300x171.png\",\"datePublished\":\"2020-10-20T17:34:41+00:00\",\"dateModified\":\"2022-12-02T06:14:31+00:00\",\"description\":\"La fluorescencia es el fen\u00f3meno mediante el cual algunos productos o substancias emiten luz una vez se les irradia con luz ultravioleta.\",\"breadcrumb\":{\"@id\":\"https:\/\/www.alquera.com\/fluoresceina-sodica\/fluorescencia\/#breadcrumb\"},\"inLanguage\":\"pt-PT\",\"potentialAction\":[{\"@type\":\"ReadAction\",\"target\":[\"https:\/\/www.alquera.com\/fluoresceina-sodica\/fluorescencia\/\"]}]},{\"@type\":\"ImageObject\",\"inLanguage\":\"pt-PT\",\"@id\":\"https:\/\/www.alquera.com\/fluoresceina-sodica\/fluorescencia\/#primaryimage\",\"url\":\"https:\/\/www.alquera.com\/wp-content\/uploads\/2020\/10\/fluorescencia2-300x171.png\",\"contentUrl\":\"https:\/\/www.alquera.com\/wp-content\/uploads\/2020\/10\/fluorescencia2-300x171.png\"},{\"@type\":\"BreadcrumbList\",\"@id\":\"https:\/\/www.alquera.com\/fluoresceina-sodica\/fluorescencia\/#breadcrumb\",\"itemListElement\":[{\"@type\":\"ListItem\",\"position\":1,\"name\":\"Inicio\",\"item\":\"https:\/\/www.alquera.com\/\"},{\"@type\":\"ListItem\",\"position\":2,\"name\":\"Fluoresceina S\u00f3dica\",\"item\":\"https:\/\/www.alquera.com\/fluoresceina-sodica\/\"},{\"@type\":\"ListItem\",\"position\":3,\"name\":\"Fluorescencia &#8211; Qu\u00e9 es y C\u00f3mo Funciona\"}]},{\"@type\":\"WebSite\",\"@id\":\"https:\/\/www.alquera.com\/en\/#website\",\"url\":\"https:\/\/www.alquera.com\/en\/\",\"name\":\"Alquera.com\",\"description\":\"Tienda Online Productos Qu\u00edmicos y Material de Laboratorio\",\"publisher\":{\"@id\":\"https:\/\/www.alquera.com\/en\/#organization\"},\"potentialAction\":[{\"@type\":\"SearchAction\",\"target\":{\"@type\":\"EntryPoint\",\"urlTemplate\":\"https:\/\/www.alquera.com\/en\/?s={search_term_string}\"},\"query-input\":{\"@type\":\"PropertyValueSpecification\",\"valueRequired\":true,\"valueName\":\"search_term_string\"}}],\"inLanguage\":\"pt-PT\"},{\"@type\":\"Organization\",\"@id\":\"https:\/\/www.alquera.com\/en\/#organization\",\"name\":\"ALQUERA CIENCIA SL\",\"url\":\"https:\/\/www.alquera.com\/en\/\",\"logo\":{\"@type\":\"ImageObject\",\"inLanguage\":\"pt-PT\",\"@id\":\"https:\/\/www.alquera.com\/en\/#\/schema\/logo\/image\/\",\"url\":\"https:\/\/www.alquera.com\/wp-content\/uploads\/2020\/11\/logo_300_ancho.png\",\"contentUrl\":\"https:\/\/www.alquera.com\/wp-content\/uploads\/2020\/11\/logo_300_ancho.png\",\"width\":300,\"height\":86,\"caption\":\"ALQUERA CIENCIA SL\"},\"image\":{\"@id\":\"https:\/\/www.alquera.com\/en\/#\/schema\/logo\/image\/\"},\"sameAs\":[\"https:\/\/www.facebook.com\/alqueraciencia\",\"https:\/\/www.instagram.com\/alquera_ciencia\/\",\"https:\/\/www.youtube.com\/c\/alquera\"]}]}<\/script>\n<!-- \/ Yoast SEO Premium plugin. -->","yoast_head_json":{"title":"Fluoresc\u00eancia - O que \u00e9 e como funciona - Alquera.com","description":"A fluoresc\u00eancia \u00e9 o fen\u00f3meno pelo qual alguns produtos ou subst\u00e2ncias emitem luz quando irradiados com luz ultravioleta.","robots":{"index":"index","follow":"follow","max-snippet":"max-snippet:-1","max-image-preview":"max-image-preview:large","max-video-preview":"max-video-preview:-1"},"canonical":"https:\/\/www.alquera.com\/pt\/fluoresceina-sodica\/fluorescencia\/","og_locale":"pt_PT","og_type":"article","og_title":"Fluorescencia - Qu\u00e9 es y C\u00f3mo Funciona","og_description":"La fluorescencia es el fen\u00f3meno mediante el cual algunos productos o substancias emiten luz una vez se les irradia con luz ultravioleta.","og_url":"https:\/\/www.alquera.com\/pt\/fluoresceina-sodica\/fluorescencia\/","og_site_name":"Alquera.com","article_publisher":"https:\/\/www.facebook.com\/alqueraciencia","article_modified_time":"2022-12-02T06:14:31+00:00","og_image":[{"url":"https:\/\/www.alquera.com\/wp-content\/uploads\/2020\/10\/fluorescencia2-300x171.png","type":"","width":"","height":""}],"twitter_card":"summary_large_image","twitter_misc":{"Tempo estimado de leitura":"4 minutos"},"schema":{"@context":"https:\/\/schema.org","@graph":[{"@type":"WebPage","@id":"https:\/\/www.alquera.com\/fluoresceina-sodica\/fluorescencia\/","url":"https:\/\/www.alquera.com\/fluoresceina-sodica\/fluorescencia\/","name":"Fluoresc\u00eancia - O que \u00e9 e como funciona - Alquera.com","isPartOf":{"@id":"https:\/\/www.alquera.com\/en\/#website"},"primaryImageOfPage":{"@id":"https:\/\/www.alquera.com\/fluoresceina-sodica\/fluorescencia\/#primaryimage"},"image":{"@id":"https:\/\/www.alquera.com\/fluoresceina-sodica\/fluorescencia\/#primaryimage"},"thumbnailUrl":"https:\/\/www.alquera.com\/wp-content\/uploads\/2020\/10\/fluorescencia2-300x171.png","datePublished":"2020-10-20T17:34:41+00:00","dateModified":"2022-12-02T06:14:31+00:00","description":"A fluoresc\u00eancia \u00e9 o fen\u00f3meno pelo qual alguns produtos ou subst\u00e2ncias emitem luz quando irradiados com luz ultravioleta.","breadcrumb":{"@id":"https:\/\/www.alquera.com\/fluoresceina-sodica\/fluorescencia\/#breadcrumb"},"inLanguage":"pt-PT","potentialAction":[{"@type":"ReadAction","target":["https:\/\/www.alquera.com\/fluoresceina-sodica\/fluorescencia\/"]}]},{"@type":"ImageObject","inLanguage":"pt-PT","@id":"https:\/\/www.alquera.com\/fluoresceina-sodica\/fluorescencia\/#primaryimage","url":"https:\/\/www.alquera.com\/wp-content\/uploads\/2020\/10\/fluorescencia2-300x171.png","contentUrl":"https:\/\/www.alquera.com\/wp-content\/uploads\/2020\/10\/fluorescencia2-300x171.png"},{"@type":"BreadcrumbList","@id":"https:\/\/www.alquera.com\/fluoresceina-sodica\/fluorescencia\/#breadcrumb","itemListElement":[{"@type":"ListItem","position":1,"name":"Inicio","item":"https:\/\/www.alquera.com\/"},{"@type":"ListItem","position":2,"name":"Fluoresceina S\u00f3dica","item":"https:\/\/www.alquera.com\/fluoresceina-sodica\/"},{"@type":"ListItem","position":3,"name":"Fluorescencia &#8211; Qu\u00e9 es y C\u00f3mo Funciona"}]},{"@type":"WebSite","@id":"https:\/\/www.alquera.com\/en\/#website","url":"https:\/\/www.alquera.com\/en\/","name":"Alquera.com","description":"Loja on-line de produtos qu\u00edmicos e equipamento de laborat\u00f3rio","publisher":{"@id":"https:\/\/www.alquera.com\/en\/#organization"},"potentialAction":[{"@type":"SearchAction","target":{"@type":"EntryPoint","urlTemplate":"https:\/\/www.alquera.com\/en\/?s={search_term_string}"},"query-input":{"@type":"PropertyValueSpecification","valueRequired":true,"valueName":"search_term_string"}}],"inLanguage":"pt-PT"},{"@type":"Organization","@id":"https:\/\/www.alquera.com\/en\/#organization","name":"ALQUERA CIENCIA SL","url":"https:\/\/www.alquera.com\/en\/","logo":{"@type":"ImageObject","inLanguage":"pt-PT","@id":"https:\/\/www.alquera.com\/en\/#\/schema\/logo\/image\/","url":"https:\/\/www.alquera.com\/wp-content\/uploads\/2020\/11\/logo_300_ancho.png","contentUrl":"https:\/\/www.alquera.com\/wp-content\/uploads\/2020\/11\/logo_300_ancho.png","width":300,"height":86,"caption":"ALQUERA CIENCIA SL"},"image":{"@id":"https:\/\/www.alquera.com\/en\/#\/schema\/logo\/image\/"},"sameAs":["https:\/\/www.facebook.com\/alqueraciencia","https:\/\/www.instagram.com\/alquera_ciencia\/","https:\/\/www.youtube.com\/c\/alquera"]}]}},"_links":{"self":[{"href":"https:\/\/www.alquera.com\/pt\/wp-json\/wp\/v2\/pages\/9431","targetHints":{"allow":["GET"]}}],"collection":[{"href":"https:\/\/www.alquera.com\/pt\/wp-json\/wp\/v2\/pages"}],"about":[{"href":"https:\/\/www.alquera.com\/pt\/wp-json\/wp\/v2\/types\/page"}],"author":[{"embeddable":true,"href":"https:\/\/www.alquera.com\/pt\/wp-json\/wp\/v2\/users\/1"}],"replies":[{"embeddable":true,"href":"https:\/\/www.alquera.com\/pt\/wp-json\/wp\/v2\/comments?post=9431"}],"version-history":[{"count":9,"href":"https:\/\/www.alquera.com\/pt\/wp-json\/wp\/v2\/pages\/9431\/revisions"}],"predecessor-version":[{"id":40013,"href":"https:\/\/www.alquera.com\/pt\/wp-json\/wp\/v2\/pages\/9431\/revisions\/40013"}],"up":[{"embeddable":true,"href":"https:\/\/www.alquera.com\/pt\/wp-json\/wp\/v2\/pages\/32586"}],"wp:attachment":[{"href":"https:\/\/www.alquera.com\/pt\/wp-json\/wp\/v2\/media?parent=9431"}],"curies":[{"name":"wp","href":"https:\/\/api.w.org\/{rel}","templated":true}]}}