{"id":9970,"date":"2020-11-06T15:41:15","date_gmt":"2020-11-06T15:41:15","guid":{"rendered":"http:\/\/www.alquerapruebas.es\/?page_id=9970"},"modified":"2026-02-23T14:25:00","modified_gmt":"2026-02-23T14:25:00","slug":"propiedades","status":"publish","type":"page","link":"https:\/\/www.alquera.com\/pt\/poliacrilato-de-sodio\/propiedades\/","title":{"rendered":"Propriedades Poliacrilato de S\u00f3dio"},"content":{"rendered":"<p>As caracter\u00edsticas t\u00e9cnicas do\u00a0<a href=\"https:\/\/www.alquera.com\/pt\/poliacrilato-de-sodio\/\">poliacrilato de s\u00f3dio<\/a>\u00a0que pode encontrar na Alquera s\u00e3o as seguintes:\u00a0<\/p>\r\n\r\n\r\n\r\n<figure class=\"wp-block-table\">\r\n<table>\r\n<tbody>\r\n<tr>\r\n<th>Geral<\/th>\r\n<\/tr>\r\n<tr>\r\n<th scope=\"row\">Outros nomes<\/th>\r\n<td>Poliacrilato de S\u00f3dio<\/td>\r\n<\/tr>\r\n<tr>\r\n<th scope=\"row\">F\u00f3rmula qu\u00edmica<\/th>\r\n<td>O mon\u00f3mero a partir do qual \u00e9 formado tem a f\u00f3rmula -CH2CH(CO2Na)-, -CH2CH(CO2Na)-, -CH2CH(CO2Na)- e -CH2CH(CO2Na)-.<\/td>\r\n<\/tr>\r\n<tr>\r\n<th>Identifica\u00e7\u00e3o<\/th>\r\n<\/tr>\r\n<tr>\r\n<th scope=\"row\">N\u00famero CAS<\/th>\r\n<td>\u00a09003-04-7<\/td>\r\n<\/tr>\r\n<tr>\r\n<th>Im\u00f3veis<\/th>\r\n<\/tr>\r\n<tr>\r\n<th scope=\"row\">Apar\u00eancia<\/th>\r\n<td>P\u00f3 granular branco<\/td>\r\n<\/tr>\r\n<tr>\r\n<th scope=\"row\">Tamanho da part\u00edcula<\/th>\r\n<td>150-850um<\/td>\r\n<\/tr>\r\n<tr>\r\n<th scope=\"row\">Densidade\u00a0<\/th>\r\n<td>550-750g\/l<\/td>\r\n<\/tr>\r\n<tr>\r\n<th scope=\"row\">Humidade<\/th>\r\n<td>&lt;5%<\/td>\r\n<\/tr>\r\n<tr>\r\n<th scope=\"row\">pH (na \u00e1gua 0,9%NaCl)<\/th>\r\n<td>6+-0,5<\/td>\r\n<\/tr>\r\n<tr>\r\n<th scope=\"row\">Absor\u00e7\u00e3o de \u00e1gua (0,2% NaCl)<\/th>\r\n<td>&gt;80g\/g<\/td>\r\n<\/tr>\r\n<tr>\r\n<th scope=\"row\">Absor\u00e7\u00e3o de \u00e1gua (0.9% NaCl)<\/th>\r\n<td>&gt;40g\/g<\/td>\r\n<\/tr>\r\n<tr>\r\n<th scope=\"row\">Reten\u00e7\u00e3o de \u00e1gua (0.2% NaCl)<\/th>\r\n<td>&gt;50g\/g<\/td>\r\n<\/tr>\r\n<tr>\r\n<th scope=\"row\">Reten\u00e7\u00e3o de \u00e1gua (0.9% NaCl)<\/th>\r\n<td>&gt;30g\/g<\/td>\r\n<\/tr>\r\n<\/tbody>\r\n<\/table>\r\n<\/figure>\r\n\r\n\r\n\r\n<p>&nbsp;<\/p>\r\n\r\n\r\n\r\n<h2 class=\"wp-block-heading\">ABSOR\u00c7\u00c3O DE \u00c1GUA POLIACRILATO DE S\u00d3DIO<\/h2>\r\n\r\n\r\n\r\n<p>Como indicado na tabela, o poliacrilato de s\u00f3dio absorve mais de 80 gramas de \u00e1gua por grama de poliacrilato para \u00e1gua de salinidade 0,2%, o que corresponde \u00e0 \u00e1gua normal da torneira.\u00a0<\/p>\r\n\r\n\r\n\r\n<p>Ao absorver \u00e1gua adquire a textura de um gel, suficientemente s\u00f3lido para ser mantido dentro de um recipiente quando virado de cabe\u00e7a para baixo, mas facilmente mold\u00e1vel. Pode-se brincar com a textura do gel adicionando mais ou menos \u00e1gua. Quanto menos \u00e1gua se acrescentar ao poliacrilato de s\u00f3dio, mais seca ser\u00e1 a textura. Para 40 gramas de \u00e1gua\/1 grama de poliacrilato de s\u00f3dio, obter\u00e1 uma textura semelhante \u00e0 neve. O poliacrilato de s\u00f3dio \u00e9 utilizado como base para fazer neve artificial decorativa para este fim. Na Alquera temos um produto \u00e0 base de poliacrilato de s\u00f3dio para este fim:\u00a0<a href=\"https:\/\/www.alquera.com\/pt\/nieve-artificial\/\">neve artificial<\/a>.\u00a0<\/p>\r\n\r\n\r\n\r\n<figure class=\"wp-block-image\"><img decoding=\"async\" class=\"wp-image-174\" src=\"https:\/\/www.alquera.com\/usos\/wp-content\/uploads\/2020\/10\/poliacrilato-de-sodio-x40x80-1.png\" alt=\"\" \/><\/figure>\r\n\r\n\r\n\r\n<h2 class=\"wp-block-heading\">UTILIZA\u00c7\u00d5ES DO POLIACRILATO DE S\u00d3DIO<\/h2>\r\n\r\n\r\n\r\n<p>Desde fraldas de beb\u00e9 a experi\u00eancias cient\u00edficas, pode ver aqui todos os usos do poliacrilato de s\u00f3dio:\u00a0<a href=\"https:\/\/www.alquera.com\/pt\/poliacrilato-de-sodio\/usos\/\">Utiliza poliacrilato de s\u00f3dio<\/a><\/p>\r\n\r\n\r\n\r\n<h3 class=\"widget-title\">Comprar <\/h3><div><div class=\"woocommerce\"><ul class=\"products columns-4\">\n<li class=\"desktop-align-left tablet-align-left mobile-align-left ast-product-gallery-layout-horizontal-slider ast-magnify-disabled ast-product-single-variable ast-product-tabs-layout-horizontal ast-qv-on-image product type-product post-495 status-publish first instock product_cat-productos-experimentos product_cat-productos has-post-thumbnail taxable shipping-taxable purchasable product-type-variable has-default-attributes\">\n\t<a href=\"https:\/\/www.alquera.com\/pt\/permanganato-de-potasio\/\" class=\"woocommerce-LoopProduct-link woocommerce-loop-product__link\"><img loading=\"lazy\" decoding=\"async\" width=\"300\" height=\"300\" src=\"https:\/\/www.alquera.com\/wp-content\/uploads\/2016\/01\/permanganato-200g-foto-nueva-300x300.png\" class=\"attachment-woocommerce_thumbnail size-woocommerce_thumbnail\" alt=\"permanganato 200g\" srcset=\"https:\/\/www.alquera.com\/wp-content\/uploads\/2016\/01\/permanganato-200g-foto-nueva-300x300.png 300w, https:\/\/www.alquera.com\/wp-content\/uploads\/2016\/01\/permanganato-200g-foto-nueva-150x150.png 150w, https:\/\/www.alquera.com\/wp-content\/uploads\/2016\/01\/permanganato-200g-foto-nueva-12x12.png 12w, https:\/\/www.alquera.com\/wp-content\/uploads\/2016\/01\/permanganato-200g-foto-nueva-100x100.png 100w\" sizes=\"auto, (max-width: 300px) 100vw, 300px\" \/><h2 class=\"woocommerce-loop-product__title\">Permanganato de Pot\u00e1ssio<\/h2><div class=\"review-rating\"><div class=\"star-rating\"><span style=\"width:100%\" data-no-translation=\"\" data-trp-gettext=\"\">Classificado <strong class=\"rating\">5.00<\/strong> em 5<\/span><\/div><\/div>\n<\/a><a href=\"https:\/\/www.alquera.com\/pt\/permanganato-de-potasio\/\" aria-describedby=\"woocommerce_loop_add_to_cart_link_describedby_495\" data-quantity=\"1\" class=\"button product_type_variable add_to_cart_button\" data-product_id=\"495\" data-product_sku=\"AL100111\" aria-label=\"Seleccione as op\u00e7\u00f5es para \u201cPermanganato de Potasio\u201d\" rel=\"nofollow\" data-no-translation=\"\" data-trp-gettext=\"\" data-no-translation-aria-label=\"\">Ver op\u00e7\u00f5es<\/a>\t<span id=\"woocommerce_loop_add_to_cart_link_describedby_495\" class=\"screen-reader-text\">\n\t\tEste produto tem v\u00e1rias variantes. As op\u00e7\u00f5es podem ser seleccionadas na p\u00e1gina do produto\t<\/span>\n<\/li>\n<\/ul>\n<\/div><\/div>\r\n\r\n\r\n\r\n<p class=\"widget-title\">Leia mais<\/p><a href=\"https:\/\/www.alquera.com\/pt\/poliacrilato-de-sodio\/\">Poliacrilato de S\u00f3dio<\/a>\n<!-- Page-list plugin v.5.9 wordpress.org\/plugins\/page-list\/ -->\n<ul class=\"page-list siblings-page-list\">\n<li class=\"page_item page-item-9970 menu-item\"><a href=\"https:\/\/www.alquera.com\/pt\/poliacrilato-de-sodio\/propiedades\/\" class=\"menu-link\">Propriedades Poliacrilato de S\u00f3dio<\/a><\/li>\n<li class=\"page_item page-item-9973 menu-item\"><a href=\"https:\/\/www.alquera.com\/pt\/poliacrilato-de-sodio\/usos\/\" class=\"menu-link\">Utiliza Poliacrilato de S\u00f3dio<\/a><\/li>\n\n<\/ul>","protected":false},"excerpt":{"rendered":"<p>Las caracter\u00edsticas t\u00e9cnicas del\u00a0poliacrilato de sodio\u00a0que puedes encontrar en Alquera son las siguientes:\u00a0 General Otros nombres Poliacrilato de Sodio F\u00f3rmula qu\u00edmica Sal del \u00e1cido poliacr\u00edlico.El mon\u00f3mero del que est\u00e1 formado\u00a0tiene\u00a0f\u00f3rmula\u00a0\u2014CH2CH(CO2Na)\u2014 Identificaci\u00f3n N\u00famero CAS \u00a09003-04-7 Propiedades Apariencia Polvo granulado de color blanco Tama\u00f1o de part\u00edcula 150-850um Densidad\u00a0 550-750g\/l Humedad &lt;5% pH (en agua 0,9%NaCl) 6+-0,5 Absorci\u00f3n [&hellip;]<\/p>\n","protected":false},"author":1,"featured_media":0,"parent":32595,"menu_order":0,"comment_status":"open","ping_status":"closed","template":"","meta":{"_acf_changed":false,"site-sidebar-layout":"left-sidebar","site-content-layout":"","ast-site-content-layout":"default","site-content-style":"default","site-sidebar-style":"default","ast-global-header-display":"","ast-banner-title-visibility":"","ast-main-header-display":"","ast-hfb-above-header-display":"","ast-hfb-below-header-display":"","ast-hfb-mobile-header-display":"","site-post-title":"","ast-breadcrumbs-content":"","ast-featured-img":"","footer-sml-layout":"","ast-disable-related-posts":"","theme-transparent-header-meta":"","adv-header-id-meta":"","stick-header-meta":"","header-above-stick-meta":"","header-main-stick-meta":"","header-below-stick-meta":"","astra-migrate-meta-layouts":"set","ast-page-background-enabled":"default","ast-page-background-meta":{"desktop":{"background-color":"var(--ast-global-color-4)","background-image":"","background-repeat":"repeat","background-position":"center center","background-size":"auto","background-attachment":"scroll","background-type":"","background-media":"","overlay-type":"","overlay-color":"","overlay-opacity":"","overlay-gradient":""},"tablet":{"background-color":"","background-image":"","background-repeat":"repeat","background-position":"center center","background-size":"auto","background-attachment":"scroll","background-type":"","background-media":"","overlay-type":"","overlay-color":"","overlay-opacity":"","overlay-gradient":""},"mobile":{"background-color":"","background-image":"","background-repeat":"repeat","background-position":"center center","background-size":"auto","background-attachment":"scroll","background-type":"","background-media":"","overlay-type":"","overlay-color":"","overlay-opacity":"","overlay-gradient":""}},"ast-content-background-meta":{"desktop":{"background-color":"var(--ast-global-color-5)","background-image":"","background-repeat":"repeat","background-position":"center center","background-size":"auto","background-attachment":"scroll","background-type":"","background-media":"","overlay-type":"","overlay-color":"","overlay-opacity":"","overlay-gradient":""},"tablet":{"background-color":"var(--ast-global-color-5)","background-image":"","background-repeat":"repeat","background-position":"center center","background-size":"auto","background-attachment":"scroll","background-type":"","background-media":"","overlay-type":"","overlay-color":"","overlay-opacity":"","overlay-gradient":""},"mobile":{"background-color":"var(--ast-global-color-5)","background-image":"","background-repeat":"repeat","background-position":"center center","background-size":"auto","background-attachment":"scroll","background-type":"","background-media":"","overlay-type":"","overlay-color":"","overlay-opacity":"","overlay-gradient":""}},"footnotes":""},"class_list":["post-9970","page","type-page","status-publish","hentry"],"acf":[],"yoast_head":"<!-- This site is optimized with the Yoast SEO Premium plugin v27.1 (Yoast SEO v27.1.1) - https:\/\/yoast.com\/product\/yoast-seo-premium-wordpress\/ -->\n<title>Propiedades Poliacrilato de Sodio - Alquera.com<\/title>\n<meta name=\"robots\" content=\"index, follow, max-snippet:-1, max-image-preview:large, max-video-preview:-1\" \/>\n<link rel=\"canonical\" href=\"https:\/\/www.alquera.com\/pt\/poliacrilato-de-sodio\/propiedades\/\" \/>\n<meta property=\"og:locale\" content=\"pt_PT\" \/>\n<meta property=\"og:type\" content=\"article\" \/>\n<meta property=\"og:title\" content=\"Propiedades Poliacrilato de Sodio\" \/>\n<meta property=\"og:description\" content=\"Las caracter\u00edsticas t\u00e9cnicas del\u00a0poliacrilato de sodio\u00a0que puedes encontrar en Alquera son las siguientes:\u00a0 General Otros nombres Poliacrilato de Sodio F\u00f3rmula qu\u00edmica Sal del \u00e1cido poliacr\u00edlico.El mon\u00f3mero del que est\u00e1 formado\u00a0tiene\u00a0f\u00f3rmula\u00a0\u2014CH2CH(CO2Na)\u2014 Identificaci\u00f3n N\u00famero CAS \u00a09003-04-7 Propiedades Apariencia Polvo granulado de color blanco Tama\u00f1o de part\u00edcula 150-850um Densidad\u00a0 550-750g\/l Humedad &lt;5% pH (en agua 0,9%NaCl) 6+-0,5 Absorci\u00f3n [&hellip;]\" \/>\n<meta property=\"og:url\" content=\"https:\/\/www.alquera.com\/pt\/poliacrilato-de-sodio\/propiedades\/\" \/>\n<meta property=\"og:site_name\" content=\"Alquera.com\" \/>\n<meta property=\"article:publisher\" content=\"https:\/\/www.facebook.com\/alqueraciencia\" \/>\n<meta property=\"article:modified_time\" content=\"2026-02-23T14:25:00+00:00\" \/>\n<meta name=\"twitter:card\" content=\"summary_large_image\" \/>\n<meta name=\"twitter:label1\" content=\"Tempo estimado de leitura\" \/>\n\t<meta name=\"twitter:data1\" content=\"2 minutos\" \/>\n<script type=\"application\/ld+json\" class=\"yoast-schema-graph\">{\"@context\":\"https:\/\/schema.org\",\"@graph\":[{\"@type\":\"WebPage\",\"@id\":\"https:\/\/www.alquera.com\/poliacrilato-de-sodio\/propiedades\/\",\"url\":\"https:\/\/www.alquera.com\/poliacrilato-de-sodio\/propiedades\/\",\"name\":\"Propiedades Poliacrilato de Sodio - Alquera.com\",\"isPartOf\":{\"@id\":\"https:\/\/www.alquera.com\/en\/#website\"},\"primaryImageOfPage\":{\"@id\":\"https:\/\/www.alquera.com\/poliacrilato-de-sodio\/propiedades\/#primaryimage\"},\"image\":{\"@id\":\"https:\/\/www.alquera.com\/poliacrilato-de-sodio\/propiedades\/#primaryimage\"},\"thumbnailUrl\":\"https:\/\/www.alquera.com\/usos\/wp-content\/uploads\/2020\/10\/poliacrilato-de-sodio-x40x80-1.png\",\"datePublished\":\"2020-11-06T15:41:15+00:00\",\"dateModified\":\"2026-02-23T14:25:00+00:00\",\"breadcrumb\":{\"@id\":\"https:\/\/www.alquera.com\/poliacrilato-de-sodio\/propiedades\/#breadcrumb\"},\"inLanguage\":\"pt-PT\",\"potentialAction\":[{\"@type\":\"ReadAction\",\"target\":[\"https:\/\/www.alquera.com\/poliacrilato-de-sodio\/propiedades\/\"]}]},{\"@type\":\"ImageObject\",\"inLanguage\":\"pt-PT\",\"@id\":\"https:\/\/www.alquera.com\/poliacrilato-de-sodio\/propiedades\/#primaryimage\",\"url\":\"https:\/\/www.alquera.com\/usos\/wp-content\/uploads\/2020\/10\/poliacrilato-de-sodio-x40x80-1.png\",\"contentUrl\":\"https:\/\/www.alquera.com\/usos\/wp-content\/uploads\/2020\/10\/poliacrilato-de-sodio-x40x80-1.png\"},{\"@type\":\"BreadcrumbList\",\"@id\":\"https:\/\/www.alquera.com\/poliacrilato-de-sodio\/propiedades\/#breadcrumb\",\"itemListElement\":[{\"@type\":\"ListItem\",\"position\":1,\"name\":\"Inicio\",\"item\":\"https:\/\/www.alquera.com\/\"},{\"@type\":\"ListItem\",\"position\":2,\"name\":\"Poliacrilato de Sodio\",\"item\":\"https:\/\/www.alquera.com\/poliacrilato-de-sodio\/\"},{\"@type\":\"ListItem\",\"position\":3,\"name\":\"Propiedades Poliacrilato de Sodio\"}]},{\"@type\":\"WebSite\",\"@id\":\"https:\/\/www.alquera.com\/en\/#website\",\"url\":\"https:\/\/www.alquera.com\/en\/\",\"name\":\"Alquera.com\",\"description\":\"Tienda Online Productos Qu\u00edmicos y Material de Laboratorio\",\"publisher\":{\"@id\":\"https:\/\/www.alquera.com\/en\/#organization\"},\"potentialAction\":[{\"@type\":\"SearchAction\",\"target\":{\"@type\":\"EntryPoint\",\"urlTemplate\":\"https:\/\/www.alquera.com\/en\/?s={search_term_string}\"},\"query-input\":{\"@type\":\"PropertyValueSpecification\",\"valueRequired\":true,\"valueName\":\"search_term_string\"}}],\"inLanguage\":\"pt-PT\"},{\"@type\":\"Organization\",\"@id\":\"https:\/\/www.alquera.com\/en\/#organization\",\"name\":\"ALQUERA CIENCIA SL\",\"url\":\"https:\/\/www.alquera.com\/en\/\",\"logo\":{\"@type\":\"ImageObject\",\"inLanguage\":\"pt-PT\",\"@id\":\"https:\/\/www.alquera.com\/en\/#\/schema\/logo\/image\/\",\"url\":\"https:\/\/www.alquera.com\/wp-content\/uploads\/2020\/11\/logo_300_ancho.png\",\"contentUrl\":\"https:\/\/www.alquera.com\/wp-content\/uploads\/2020\/11\/logo_300_ancho.png\",\"width\":300,\"height\":86,\"caption\":\"ALQUERA CIENCIA SL\"},\"image\":{\"@id\":\"https:\/\/www.alquera.com\/en\/#\/schema\/logo\/image\/\"},\"sameAs\":[\"https:\/\/www.facebook.com\/alqueraciencia\",\"https:\/\/www.instagram.com\/alquera_ciencia\/\",\"https:\/\/www.youtube.com\/c\/alquera\"]}]}<\/script>\n<!-- \/ Yoast SEO Premium plugin. -->","yoast_head_json":{"title":"Propriedades Poliacrilato de S\u00f3dio - Alquera.com","robots":{"index":"index","follow":"follow","max-snippet":"max-snippet:-1","max-image-preview":"max-image-preview:large","max-video-preview":"max-video-preview:-1"},"canonical":"https:\/\/www.alquera.com\/pt\/poliacrilato-de-sodio\/propiedades\/","og_locale":"pt_PT","og_type":"article","og_title":"Propiedades Poliacrilato de Sodio","og_description":"Las caracter\u00edsticas t\u00e9cnicas del\u00a0poliacrilato de sodio\u00a0que puedes encontrar en Alquera son las siguientes:\u00a0 General Otros nombres Poliacrilato de Sodio F\u00f3rmula qu\u00edmica Sal del \u00e1cido poliacr\u00edlico.El mon\u00f3mero del que est\u00e1 formado\u00a0tiene\u00a0f\u00f3rmula\u00a0\u2014CH2CH(CO2Na)\u2014 Identificaci\u00f3n N\u00famero CAS \u00a09003-04-7 Propiedades Apariencia Polvo granulado de color blanco Tama\u00f1o de part\u00edcula 150-850um Densidad\u00a0 550-750g\/l Humedad &lt;5% pH (en agua 0,9%NaCl) 6+-0,5 Absorci\u00f3n [&hellip;]","og_url":"https:\/\/www.alquera.com\/pt\/poliacrilato-de-sodio\/propiedades\/","og_site_name":"Alquera.com","article_publisher":"https:\/\/www.facebook.com\/alqueraciencia","article_modified_time":"2026-02-23T14:25:00+00:00","twitter_card":"summary_large_image","twitter_misc":{"Tempo estimado de leitura":"2 minutos"},"schema":{"@context":"https:\/\/schema.org","@graph":[{"@type":"WebPage","@id":"https:\/\/www.alquera.com\/poliacrilato-de-sodio\/propiedades\/","url":"https:\/\/www.alquera.com\/poliacrilato-de-sodio\/propiedades\/","name":"Propriedades Poliacrilato de S\u00f3dio - Alquera.com","isPartOf":{"@id":"https:\/\/www.alquera.com\/en\/#website"},"primaryImageOfPage":{"@id":"https:\/\/www.alquera.com\/poliacrilato-de-sodio\/propiedades\/#primaryimage"},"image":{"@id":"https:\/\/www.alquera.com\/poliacrilato-de-sodio\/propiedades\/#primaryimage"},"thumbnailUrl":"https:\/\/www.alquera.com\/usos\/wp-content\/uploads\/2020\/10\/poliacrilato-de-sodio-x40x80-1.png","datePublished":"2020-11-06T15:41:15+00:00","dateModified":"2026-02-23T14:25:00+00:00","breadcrumb":{"@id":"https:\/\/www.alquera.com\/poliacrilato-de-sodio\/propiedades\/#breadcrumb"},"inLanguage":"pt-PT","potentialAction":[{"@type":"ReadAction","target":["https:\/\/www.alquera.com\/poliacrilato-de-sodio\/propiedades\/"]}]},{"@type":"ImageObject","inLanguage":"pt-PT","@id":"https:\/\/www.alquera.com\/poliacrilato-de-sodio\/propiedades\/#primaryimage","url":"https:\/\/www.alquera.com\/usos\/wp-content\/uploads\/2020\/10\/poliacrilato-de-sodio-x40x80-1.png","contentUrl":"https:\/\/www.alquera.com\/usos\/wp-content\/uploads\/2020\/10\/poliacrilato-de-sodio-x40x80-1.png"},{"@type":"BreadcrumbList","@id":"https:\/\/www.alquera.com\/poliacrilato-de-sodio\/propiedades\/#breadcrumb","itemListElement":[{"@type":"ListItem","position":1,"name":"Inicio","item":"https:\/\/www.alquera.com\/"},{"@type":"ListItem","position":2,"name":"Poliacrilato de Sodio","item":"https:\/\/www.alquera.com\/poliacrilato-de-sodio\/"},{"@type":"ListItem","position":3,"name":"Propiedades Poliacrilato de Sodio"}]},{"@type":"WebSite","@id":"https:\/\/www.alquera.com\/en\/#website","url":"https:\/\/www.alquera.com\/en\/","name":"Alquera.com","description":"Loja on-line de produtos qu\u00edmicos e equipamento de laborat\u00f3rio","publisher":{"@id":"https:\/\/www.alquera.com\/en\/#organization"},"potentialAction":[{"@type":"SearchAction","target":{"@type":"EntryPoint","urlTemplate":"https:\/\/www.alquera.com\/en\/?s={search_term_string}"},"query-input":{"@type":"PropertyValueSpecification","valueRequired":true,"valueName":"search_term_string"}}],"inLanguage":"pt-PT"},{"@type":"Organization","@id":"https:\/\/www.alquera.com\/en\/#organization","name":"ALQUERA CIENCIA SL","url":"https:\/\/www.alquera.com\/en\/","logo":{"@type":"ImageObject","inLanguage":"pt-PT","@id":"https:\/\/www.alquera.com\/en\/#\/schema\/logo\/image\/","url":"https:\/\/www.alquera.com\/wp-content\/uploads\/2020\/11\/logo_300_ancho.png","contentUrl":"https:\/\/www.alquera.com\/wp-content\/uploads\/2020\/11\/logo_300_ancho.png","width":300,"height":86,"caption":"ALQUERA CIENCIA SL"},"image":{"@id":"https:\/\/www.alquera.com\/en\/#\/schema\/logo\/image\/"},"sameAs":["https:\/\/www.facebook.com\/alqueraciencia","https:\/\/www.instagram.com\/alquera_ciencia\/","https:\/\/www.youtube.com\/c\/alquera"]}]}},"_links":{"self":[{"href":"https:\/\/www.alquera.com\/pt\/wp-json\/wp\/v2\/pages\/9970","targetHints":{"allow":["GET"]}}],"collection":[{"href":"https:\/\/www.alquera.com\/pt\/wp-json\/wp\/v2\/pages"}],"about":[{"href":"https:\/\/www.alquera.com\/pt\/wp-json\/wp\/v2\/types\/page"}],"author":[{"embeddable":true,"href":"https:\/\/www.alquera.com\/pt\/wp-json\/wp\/v2\/users\/1"}],"replies":[{"embeddable":true,"href":"https:\/\/www.alquera.com\/pt\/wp-json\/wp\/v2\/comments?post=9970"}],"version-history":[{"count":5,"href":"https:\/\/www.alquera.com\/pt\/wp-json\/wp\/v2\/pages\/9970\/revisions"}],"predecessor-version":[{"id":56848,"href":"https:\/\/www.alquera.com\/pt\/wp-json\/wp\/v2\/pages\/9970\/revisions\/56848"}],"up":[{"embeddable":true,"href":"https:\/\/www.alquera.com\/pt\/wp-json\/wp\/v2\/pages\/32595"}],"wp:attachment":[{"href":"https:\/\/www.alquera.com\/pt\/wp-json\/wp\/v2\/media?parent=9970"}],"curies":[{"name":"wp","href":"https:\/\/api.w.org\/{rel}","templated":true}]}}