{"id":9973,"date":"2020-11-06T15:44:22","date_gmt":"2020-11-06T15:44:22","guid":{"rendered":"http:\/\/www.alquerapruebas.es\/?page_id=9973"},"modified":"2026-02-23T13:56:37","modified_gmt":"2026-02-23T13:56:37","slug":"usos","status":"publish","type":"page","link":"https:\/\/www.alquera.com\/pt\/poliacrilato-de-sodio\/usos\/","title":{"rendered":"Utiliza Poliacrilato de S\u00f3dio"},"content":{"rendered":"<p>O\u00a0<a href=\"https:\/\/www.alquera.com\/pt\/poliacrilato-de-sodio\/\">poliacrilato de s\u00f3dio<\/a>\u00a0\u00e9 um pol\u00edmero superabsorvente que vem sob a forma de p\u00f3 branco e quando absorve \u00e1gua assume a forma e textura de um gel de \u00e1gua branca. Esta capacidade de absor\u00e7\u00e3o de \u00e1gua \u00e9 a principal raz\u00e3o para os usos do poliacrilato de s\u00f3dio que vamos ver a seguir.\u00a0<\/p>\r\n\r\n<figure class=\"wp-block-image size-large\"><img loading=\"lazy\" decoding=\"async\" width=\"700\" height=\"302\" class=\"wp-image-10241\" src=\"https:\/\/www.alquera.com\/wp-content\/uploads\/2020\/11\/poliacrilato-de-sodio-que-es.png\" alt=\"USOS POLIACRILATO DE SODIO\" srcset=\"https:\/\/www.alquera.com\/wp-content\/uploads\/2020\/11\/poliacrilato-de-sodio-que-es.png 700w, https:\/\/www.alquera.com\/wp-content\/uploads\/2020\/11\/poliacrilato-de-sodio-que-es-300x129.png 300w, https:\/\/www.alquera.com\/wp-content\/uploads\/2020\/11\/poliacrilato-de-sodio-que-es-600x259.png 600w, https:\/\/www.alquera.com\/wp-content\/uploads\/2020\/11\/poliacrilato-de-sodio-que-es-64x28.png 64w\" sizes=\"auto, (max-width: 700px) 100vw, 700px\" \/><\/figure>\r\n\r\n<p>&nbsp;<\/p>\r\n\r\n\r\n\r\n<h2 class=\"wp-block-heading\">SUPERABSORVENTES EM FRALDAS DE BEB\u00c9, GUARDANAPOS SANIT\u00c1RIOS, GUARDANAPOS HIGI\u00c9NICOS<\/h2>\r\n\r\n\r\n\r\n<p>O poliacrilato de s\u00f3dio tem uma das suas principais utiliza\u00e7\u00f5es no seu desempenho como super absorvente de \u00e1gua em fraldas de beb\u00e9 e guardanapos higi\u00e9nicos. Embora as empresas fabricantes n\u00e3o sejam obrigadas a revelar cada material espec\u00edfico em fraldas e guardanapos sanit\u00e1rios, todas elas t\u00eam uma estrutura semelhante. Consistem em 2 forros: 1 forro exterior para isolar a fralda ou almofada da pele e um forro interior para permitir a entrada de l\u00edquido. No centro encontra-se um material absorvente, um p\u00f3 constitu\u00eddo por poliacrilato de s\u00f3dio, que \u00e9 respons\u00e1vel pela absor\u00e7\u00e3o tanto das fraldas como dos pensos higi\u00e9nicos.\u00a0<\/p>\r\n\r\n\r\n\r\n<h2 class=\"wp-block-heading\">EMBALAGENS FRIAS (ALMOFADAS)<\/h2>\r\n\r\n\r\n\r\n<p>As compressas frias que se comportam como um gel quando congeladas t\u00eam poliacrilato de s\u00f3dio no seu interior, o que permite que a compressa tenha a solidez de uma compressa fria, retendo a \u00e1gua.\u00a0<\/p>\r\n\r\n\r\n\r\n<h2 class=\"wp-block-heading\">TRANSPORTE ALIMENTAR\u00a0<\/h2>\r\n\r\n\r\n\r\n<p>Para evitar derramamento de l\u00edquidos durante o transporte de alguns produtos alimentares, por exemplo carne, s\u00e3o utilizadas folhas almofadadas contendo poliacrilato de s\u00f3dio para absorver l\u00edquidos. No caso da carne, pode-se ver nas bandejas individuais, a pel\u00edcula por baixo para absorver qualquer sangue que possa derramar.\u00a0<\/p>\r\n\r\n\r\n\r\n<h2 class=\"wp-block-heading\">AGENTE QUELANTE<\/h2>\r\n\r\n\r\n\r\n<p>O poliacrilato de s\u00f3dio, para al\u00e9m de prender \u00e1gua nos seus i\u00f5es, \u00e9 capaz de prender alguns metais presentes na \u00e1gua, tais como magn\u00e9sio, ferro ou zinco. Isto ajuda certos detergentes a funcionar mais eficazmente.<\/p>\r\n\r\n\r\n\r\n<p>Os agentes quelantes neutralizam a presen\u00e7a de metais pesados encontrados na \u00e1gua, sujidade e outras subst\u00e2ncias que podem ser encontradas na roupa, tornando o detergente mais puro e mais eficaz na limpeza e neutraliza\u00e7\u00e3o dos odores da roupa.<\/p>\r\n\r\n\r\n\r\n<h2 class=\"wp-block-heading\">AGENTE ESPESSANTE<\/h2>\r\n\r\n\r\n\r\n<p>Outra utiliza\u00e7\u00e3o do poliacrilato de s\u00f3dio seria como agente espessante tanto em processos industriais como em cosm\u00e9ticos. Como agente espessante, melhora a viscosidade dos compostos \u00e0 base de \u00e1gua e aumenta a sua estabilidade.\u00a0<\/p>\r\n\r\n\r\n\r\n<h2 class=\"wp-block-heading\">REVESTIMENTO<\/h2>\r\n\r\n\r\n\r\n<p>Em algumas instala\u00e7\u00f5es el\u00e9ctricas que t\u00eam de estar em contacto com \u00e1gua, a cablagem \u00e9 revestida com poliacrilato de s\u00f3dio. Desta forma, mesmo que a cablagem esteja bem isolada, qualquer pequena fuga ser\u00e1 absorvida pelo poliacrilato de s\u00f3dio.<\/p>\r\n\r\n\r\n\r\n<h2 class=\"wp-block-heading\">AGRICULTURA<\/h2>\r\n\r\n\r\n\r\n<p>Os superabsorventes s\u00e3o cada vez mais utilizados para a reten\u00e7\u00e3o de \u00e1gua para manter o solo h\u00famido durante um per\u00edodo de tempo mais longo. Para este fim, contudo, recomenda-se a utiliza\u00e7\u00e3o de\u00a0<a href=\"https:\/\/www.alquera.com\/pt\/poliacrilato-de-potasio\/\">poliacrilato de pot\u00e1ssio<\/a>\u00a0o\u00a0<a href=\"https:\/\/www.alquera.com\/pt\/hidrogel\/\">hydrogel<\/a>\u00a0(mesmo produto), que s\u00e3o tamb\u00e9m super absorvedores de \u00e1gua, mas onde n\u00e3o h\u00e1 risco de envenenamento das plantas por s\u00f3dio. As vantagens de utilizar um absorvedor de \u00e1gua para poupar tempo e custos de irriga\u00e7\u00e3o s\u00e3o claras.\u00a0<\/p>\r\n\r\n\r\n\r\n<h2 class=\"wp-block-heading\">EXPERI\u00caNCIA CIENT\u00cdFICA<\/h2>\r\n\r\n\r\n\r\n<p>O poliacrilato de s\u00f3dio \u00e9 um dos produtos mais comummente utilizados em feiras e eventos cient\u00edficos. A observa\u00e7\u00e3o da absor\u00e7\u00e3o de \u00e1gua do poliacrilato de s\u00f3dio \u00e9 uma experi\u00eancia de pol\u00edmero. Para al\u00e9m desta experi\u00eancia, o poliacrilato, tendo absorvido \u00e1gua e entrado em contacto com o ar, parece neve artificial. Isto torna-a uma experi\u00eancia cient\u00edfica curiosa e divertida. O poliacrilato de s\u00f3dio \u00e9 frequentemente utilizado como base para produtos em p\u00f3 para fazer neve artificial. Pode encontrar mais informa\u00e7\u00f5es aqui:\u00a0<a href=\"https:\/\/www.alquera.com\/pt\/nieve-artificial\/\">neve artificial \u00e0 base de poliacrilato de s\u00f3dio<\/a>.<\/p>\r\n\r\n\r\n\r\n<figure class=\"wp-block-image size-large is-resized\"><img loading=\"lazy\" decoding=\"async\" class=\"wp-image-10244\" src=\"https:\/\/www.alquera.com\/wp-content\/uploads\/2020\/11\/NIEVE-CON-POLIACRILATO-DE-SODIO.png\" alt=\"\" width=\"500\" height=\"400\" srcset=\"https:\/\/www.alquera.com\/wp-content\/uploads\/2020\/11\/NIEVE-CON-POLIACRILATO-DE-SODIO.png 800w, https:\/\/www.alquera.com\/wp-content\/uploads\/2020\/11\/NIEVE-CON-POLIACRILATO-DE-SODIO-300x240.png 300w, https:\/\/www.alquera.com\/wp-content\/uploads\/2020\/11\/NIEVE-CON-POLIACRILATO-DE-SODIO-768x614.png 768w, https:\/\/www.alquera.com\/wp-content\/uploads\/2020\/11\/NIEVE-CON-POLIACRILATO-DE-SODIO-600x480.png 600w, https:\/\/www.alquera.com\/wp-content\/uploads\/2020\/11\/NIEVE-CON-POLIACRILATO-DE-SODIO-64x51.png 64w\" sizes=\"auto, (max-width: 500px) 100vw, 500px\" \/><\/figure>\r\n\r\n\r\n\r\n<h2 class=\"wp-block-heading\">PROPRIEDADES DO POLIACRILATO DE S\u00d3DIO<\/h2>\r\n\r\n\r\n\r\n<p>Pode ver a f\u00f3rmula e as propriedades do poliacrilato de s\u00f3dio nesta sec\u00e7\u00e3o:\u00a0<a href=\"https:\/\/www.alquera.com\/pt\/poliacrilato-de-sodio\/propiedades\/\">Propriedades do poliacrilato de s\u00f3dio<\/a><\/p>\r\n\r\n\r\n\r\n<h3 class=\"widget-title\">Comprar <\/h3><div><div class=\"woocommerce\"><ul class=\"products columns-4\">\n<li class=\"desktop-align-left tablet-align-left mobile-align-left ast-product-gallery-layout-horizontal-slider ast-magnify-disabled ast-product-single-variable ast-product-tabs-layout-horizontal ast-qv-on-image product type-product post-495 status-publish first instock product_cat-productos-experimentos product_cat-productos has-post-thumbnail taxable shipping-taxable purchasable product-type-variable has-default-attributes\">\n\t<a href=\"https:\/\/www.alquera.com\/pt\/permanganato-de-potasio\/\" class=\"woocommerce-LoopProduct-link woocommerce-loop-product__link\"><img loading=\"lazy\" decoding=\"async\" width=\"300\" height=\"300\" src=\"https:\/\/www.alquera.com\/wp-content\/uploads\/2016\/01\/permanganato-200g-foto-nueva-300x300.png\" class=\"attachment-woocommerce_thumbnail size-woocommerce_thumbnail\" alt=\"permanganato 200g\" srcset=\"https:\/\/www.alquera.com\/wp-content\/uploads\/2016\/01\/permanganato-200g-foto-nueva-300x300.png 300w, https:\/\/www.alquera.com\/wp-content\/uploads\/2016\/01\/permanganato-200g-foto-nueva-150x150.png 150w, https:\/\/www.alquera.com\/wp-content\/uploads\/2016\/01\/permanganato-200g-foto-nueva-12x12.png 12w, https:\/\/www.alquera.com\/wp-content\/uploads\/2016\/01\/permanganato-200g-foto-nueva-100x100.png 100w\" sizes=\"auto, (max-width: 300px) 100vw, 300px\" \/><h2 class=\"woocommerce-loop-product__title\">Permanganato de Pot\u00e1ssio<\/h2><div class=\"review-rating\"><div class=\"star-rating\"><span style=\"width:100%\" data-no-translation=\"\" data-trp-gettext=\"\">Classificado <strong class=\"rating\">5.00<\/strong> em 5<\/span><\/div><\/div>\n<\/a><a href=\"https:\/\/www.alquera.com\/pt\/permanganato-de-potasio\/\" aria-describedby=\"woocommerce_loop_add_to_cart_link_describedby_495\" data-quantity=\"1\" class=\"button product_type_variable add_to_cart_button\" data-product_id=\"495\" data-product_sku=\"AL100111\" aria-label=\"Seleccione as op\u00e7\u00f5es para \u201cPermanganato de Potasio\u201d\" rel=\"nofollow\" data-no-translation=\"\" data-trp-gettext=\"\" data-no-translation-aria-label=\"\">Ver op\u00e7\u00f5es<\/a>\t<span id=\"woocommerce_loop_add_to_cart_link_describedby_495\" class=\"screen-reader-text\">\n\t\tEste produto tem v\u00e1rias variantes. As op\u00e7\u00f5es podem ser seleccionadas na p\u00e1gina do produto\t<\/span>\n<\/li>\n<\/ul>\n<\/div><\/div>","protected":false},"excerpt":{"rendered":"<p>SUPERABSORBENTE EN PA\u00d1ALES BEB\u00c9S, COMPRESAS SANITARIAS El poliacrilato de sodio tiene uno de sus usos principales en su comportamiento como super absorbente de agua, en los pa\u00f1ales de los beb\u00e9s, compresas sanitarias. Aunque las compa\u00f1\u00edas fabricantes no est\u00e1n obligadas a desvelar cada material espec\u00edfico en los pa\u00f1ales y en las compresas sanitarias, todas tienen una [&hellip;]<\/p>\n","protected":false},"author":1,"featured_media":0,"parent":32595,"menu_order":0,"comment_status":"open","ping_status":"closed","template":"","meta":{"_acf_changed":false,"site-sidebar-layout":"left-sidebar","site-content-layout":"","ast-site-content-layout":"default","site-content-style":"default","site-sidebar-style":"default","ast-global-header-display":"","ast-banner-title-visibility":"","ast-main-header-display":"","ast-hfb-above-header-display":"","ast-hfb-below-header-display":"","ast-hfb-mobile-header-display":"","site-post-title":"","ast-breadcrumbs-content":"","ast-featured-img":"","footer-sml-layout":"","ast-disable-related-posts":"","theme-transparent-header-meta":"","adv-header-id-meta":"","stick-header-meta":"","header-above-stick-meta":"","header-main-stick-meta":"","header-below-stick-meta":"","astra-migrate-meta-layouts":"set","ast-page-background-enabled":"default","ast-page-background-meta":{"desktop":{"background-color":"var(--ast-global-color-4)","background-image":"","background-repeat":"repeat","background-position":"center center","background-size":"auto","background-attachment":"scroll","background-type":"","background-media":"","overlay-type":"","overlay-color":"","overlay-opacity":"","overlay-gradient":""},"tablet":{"background-color":"","background-image":"","background-repeat":"repeat","background-position":"center center","background-size":"auto","background-attachment":"scroll","background-type":"","background-media":"","overlay-type":"","overlay-color":"","overlay-opacity":"","overlay-gradient":""},"mobile":{"background-color":"","background-image":"","background-repeat":"repeat","background-position":"center center","background-size":"auto","background-attachment":"scroll","background-type":"","background-media":"","overlay-type":"","overlay-color":"","overlay-opacity":"","overlay-gradient":""}},"ast-content-background-meta":{"desktop":{"background-color":"var(--ast-global-color-5)","background-image":"","background-repeat":"repeat","background-position":"center center","background-size":"auto","background-attachment":"scroll","background-type":"","background-media":"","overlay-type":"","overlay-color":"","overlay-opacity":"","overlay-gradient":""},"tablet":{"background-color":"var(--ast-global-color-5)","background-image":"","background-repeat":"repeat","background-position":"center center","background-size":"auto","background-attachment":"scroll","background-type":"","background-media":"","overlay-type":"","overlay-color":"","overlay-opacity":"","overlay-gradient":""},"mobile":{"background-color":"var(--ast-global-color-5)","background-image":"","background-repeat":"repeat","background-position":"center center","background-size":"auto","background-attachment":"scroll","background-type":"","background-media":"","overlay-type":"","overlay-color":"","overlay-opacity":"","overlay-gradient":""}},"footnotes":""},"class_list":["post-9973","page","type-page","status-publish","hentry"],"acf":[],"yoast_head":"<!-- This site is optimized with the Yoast SEO Premium plugin v27.1 (Yoast SEO v27.1.1) - https:\/\/yoast.com\/product\/yoast-seo-premium-wordpress\/ -->\n<title>Usos Poliacrilato de Sodio - Alquera.com<\/title>\n<meta name=\"description\" content=\"El poliacrilato de sodio tiene multitud de usos gracias a su capacidad de absorci\u00f3n de agua; ver usos y caracter\u00edsticas.\" \/>\n<meta name=\"robots\" content=\"index, follow, max-snippet:-1, max-image-preview:large, max-video-preview:-1\" \/>\n<link rel=\"canonical\" href=\"https:\/\/www.alquera.com\/pt\/poliacrilato-de-sodio\/usos\/\" \/>\n<meta property=\"og:locale\" content=\"pt_PT\" \/>\n<meta property=\"og:type\" content=\"article\" \/>\n<meta property=\"og:title\" content=\"Usos Poliacrilato de Sodio\" \/>\n<meta property=\"og:description\" content=\"El poliacrilato de sodio tiene multitud de usos gracias a su capacidad de absorci\u00f3n de agua; ver usos y caracter\u00edsticas.\" \/>\n<meta property=\"og:url\" content=\"https:\/\/www.alquera.com\/pt\/poliacrilato-de-sodio\/usos\/\" \/>\n<meta property=\"og:site_name\" content=\"Alquera.com\" \/>\n<meta property=\"article:publisher\" content=\"https:\/\/www.facebook.com\/alqueraciencia\" \/>\n<meta property=\"article:modified_time\" content=\"2026-02-23T13:56:37+00:00\" \/>\n<meta property=\"og:image\" content=\"https:\/\/www.alquera.com\/wp-content\/uploads\/2020\/11\/poliacrilato-de-sodio-que-es.png\" \/>\n\t<meta property=\"og:image:width\" content=\"700\" \/>\n\t<meta property=\"og:image:height\" content=\"302\" \/>\n\t<meta property=\"og:image:type\" content=\"image\/png\" \/>\n<meta name=\"twitter:card\" content=\"summary_large_image\" \/>\n<meta name=\"twitter:label1\" content=\"Tempo estimado de leitura\" \/>\n\t<meta name=\"twitter:data1\" content=\"4 minutos\" \/>\n<script type=\"application\/ld+json\" class=\"yoast-schema-graph\">{\"@context\":\"https:\/\/schema.org\",\"@graph\":[{\"@type\":\"WebPage\",\"@id\":\"https:\/\/www.alquera.com\/poliacrilato-de-sodio\/usos\/\",\"url\":\"https:\/\/www.alquera.com\/poliacrilato-de-sodio\/usos\/\",\"name\":\"Usos Poliacrilato de Sodio - Alquera.com\",\"isPartOf\":{\"@id\":\"https:\/\/www.alquera.com\/en\/#website\"},\"primaryImageOfPage\":{\"@id\":\"https:\/\/www.alquera.com\/poliacrilato-de-sodio\/usos\/#primaryimage\"},\"image\":{\"@id\":\"https:\/\/www.alquera.com\/poliacrilato-de-sodio\/usos\/#primaryimage\"},\"thumbnailUrl\":\"https:\/\/www.alquera.com\/wp-content\/uploads\/2020\/11\/poliacrilato-de-sodio-que-es.png\",\"datePublished\":\"2020-11-06T15:44:22+00:00\",\"dateModified\":\"2026-02-23T13:56:37+00:00\",\"description\":\"El poliacrilato de sodio tiene multitud de usos gracias a su capacidad de absorci\u00f3n de agua; ver usos y caracter\u00edsticas.\",\"breadcrumb\":{\"@id\":\"https:\/\/www.alquera.com\/poliacrilato-de-sodio\/usos\/#breadcrumb\"},\"inLanguage\":\"pt-PT\",\"potentialAction\":[{\"@type\":\"ReadAction\",\"target\":[\"https:\/\/www.alquera.com\/poliacrilato-de-sodio\/usos\/\"]}]},{\"@type\":\"ImageObject\",\"inLanguage\":\"pt-PT\",\"@id\":\"https:\/\/www.alquera.com\/poliacrilato-de-sodio\/usos\/#primaryimage\",\"url\":\"https:\/\/www.alquera.com\/wp-content\/uploads\/2020\/11\/poliacrilato-de-sodio-que-es.png\",\"contentUrl\":\"https:\/\/www.alquera.com\/wp-content\/uploads\/2020\/11\/poliacrilato-de-sodio-que-es.png\"},{\"@type\":\"BreadcrumbList\",\"@id\":\"https:\/\/www.alquera.com\/poliacrilato-de-sodio\/usos\/#breadcrumb\",\"itemListElement\":[{\"@type\":\"ListItem\",\"position\":1,\"name\":\"Inicio\",\"item\":\"https:\/\/www.alquera.com\/\"},{\"@type\":\"ListItem\",\"position\":2,\"name\":\"Poliacrilato de Sodio\",\"item\":\"https:\/\/www.alquera.com\/poliacrilato-de-sodio\/\"},{\"@type\":\"ListItem\",\"position\":3,\"name\":\"Usos Poliacrilato de Sodio\"}]},{\"@type\":\"WebSite\",\"@id\":\"https:\/\/www.alquera.com\/en\/#website\",\"url\":\"https:\/\/www.alquera.com\/en\/\",\"name\":\"Alquera.com\",\"description\":\"Tienda Online Productos Qu\u00edmicos y Material de Laboratorio\",\"publisher\":{\"@id\":\"https:\/\/www.alquera.com\/en\/#organization\"},\"potentialAction\":[{\"@type\":\"SearchAction\",\"target\":{\"@type\":\"EntryPoint\",\"urlTemplate\":\"https:\/\/www.alquera.com\/en\/?s={search_term_string}\"},\"query-input\":{\"@type\":\"PropertyValueSpecification\",\"valueRequired\":true,\"valueName\":\"search_term_string\"}}],\"inLanguage\":\"pt-PT\"},{\"@type\":\"Organization\",\"@id\":\"https:\/\/www.alquera.com\/en\/#organization\",\"name\":\"ALQUERA CIENCIA SL\",\"url\":\"https:\/\/www.alquera.com\/en\/\",\"logo\":{\"@type\":\"ImageObject\",\"inLanguage\":\"pt-PT\",\"@id\":\"https:\/\/www.alquera.com\/en\/#\/schema\/logo\/image\/\",\"url\":\"https:\/\/www.alquera.com\/wp-content\/uploads\/2020\/11\/logo_300_ancho.png\",\"contentUrl\":\"https:\/\/www.alquera.com\/wp-content\/uploads\/2020\/11\/logo_300_ancho.png\",\"width\":300,\"height\":86,\"caption\":\"ALQUERA CIENCIA SL\"},\"image\":{\"@id\":\"https:\/\/www.alquera.com\/en\/#\/schema\/logo\/image\/\"},\"sameAs\":[\"https:\/\/www.facebook.com\/alqueraciencia\",\"https:\/\/www.instagram.com\/alquera_ciencia\/\",\"https:\/\/www.youtube.com\/c\/alquera\"]}]}<\/script>\n<!-- \/ Yoast SEO Premium plugin. -->","yoast_head_json":{"title":"Utiliza Poliacrilato de S\u00f3dio - Alquera.com","description":"O poliacrilato de s\u00f3dio tem uma multiplicidade de utiliza\u00e7\u00f5es gra\u00e7as \u00e0 sua capacidade de absor\u00e7\u00e3o de \u00e1gua; ver utiliza\u00e7\u00f5es e caracter\u00edsticas.","robots":{"index":"index","follow":"follow","max-snippet":"max-snippet:-1","max-image-preview":"max-image-preview:large","max-video-preview":"max-video-preview:-1"},"canonical":"https:\/\/www.alquera.com\/pt\/poliacrilato-de-sodio\/usos\/","og_locale":"pt_PT","og_type":"article","og_title":"Usos Poliacrilato de Sodio","og_description":"El poliacrilato de sodio tiene multitud de usos gracias a su capacidad de absorci\u00f3n de agua; ver usos y caracter\u00edsticas.","og_url":"https:\/\/www.alquera.com\/pt\/poliacrilato-de-sodio\/usos\/","og_site_name":"Alquera.com","article_publisher":"https:\/\/www.facebook.com\/alqueraciencia","article_modified_time":"2026-02-23T13:56:37+00:00","og_image":[{"width":700,"height":302,"url":"https:\/\/www.alquera.com\/wp-content\/uploads\/2020\/11\/poliacrilato-de-sodio-que-es.png","type":"image\/png"}],"twitter_card":"summary_large_image","twitter_misc":{"Tempo estimado de leitura":"4 minutos"},"schema":{"@context":"https:\/\/schema.org","@graph":[{"@type":"WebPage","@id":"https:\/\/www.alquera.com\/poliacrilato-de-sodio\/usos\/","url":"https:\/\/www.alquera.com\/poliacrilato-de-sodio\/usos\/","name":"Utiliza Poliacrilato de S\u00f3dio - Alquera.com","isPartOf":{"@id":"https:\/\/www.alquera.com\/en\/#website"},"primaryImageOfPage":{"@id":"https:\/\/www.alquera.com\/poliacrilato-de-sodio\/usos\/#primaryimage"},"image":{"@id":"https:\/\/www.alquera.com\/poliacrilato-de-sodio\/usos\/#primaryimage"},"thumbnailUrl":"https:\/\/www.alquera.com\/wp-content\/uploads\/2020\/11\/poliacrilato-de-sodio-que-es.png","datePublished":"2020-11-06T15:44:22+00:00","dateModified":"2026-02-23T13:56:37+00:00","description":"O poliacrilato de s\u00f3dio tem uma multiplicidade de utiliza\u00e7\u00f5es gra\u00e7as \u00e0 sua capacidade de absor\u00e7\u00e3o de \u00e1gua; ver utiliza\u00e7\u00f5es e caracter\u00edsticas.","breadcrumb":{"@id":"https:\/\/www.alquera.com\/poliacrilato-de-sodio\/usos\/#breadcrumb"},"inLanguage":"pt-PT","potentialAction":[{"@type":"ReadAction","target":["https:\/\/www.alquera.com\/poliacrilato-de-sodio\/usos\/"]}]},{"@type":"ImageObject","inLanguage":"pt-PT","@id":"https:\/\/www.alquera.com\/poliacrilato-de-sodio\/usos\/#primaryimage","url":"https:\/\/www.alquera.com\/wp-content\/uploads\/2020\/11\/poliacrilato-de-sodio-que-es.png","contentUrl":"https:\/\/www.alquera.com\/wp-content\/uploads\/2020\/11\/poliacrilato-de-sodio-que-es.png"},{"@type":"BreadcrumbList","@id":"https:\/\/www.alquera.com\/poliacrilato-de-sodio\/usos\/#breadcrumb","itemListElement":[{"@type":"ListItem","position":1,"name":"Inicio","item":"https:\/\/www.alquera.com\/"},{"@type":"ListItem","position":2,"name":"Poliacrilato de Sodio","item":"https:\/\/www.alquera.com\/poliacrilato-de-sodio\/"},{"@type":"ListItem","position":3,"name":"Usos Poliacrilato de Sodio"}]},{"@type":"WebSite","@id":"https:\/\/www.alquera.com\/en\/#website","url":"https:\/\/www.alquera.com\/en\/","name":"Alquera.com","description":"Loja on-line de produtos qu\u00edmicos e equipamento de laborat\u00f3rio","publisher":{"@id":"https:\/\/www.alquera.com\/en\/#organization"},"potentialAction":[{"@type":"SearchAction","target":{"@type":"EntryPoint","urlTemplate":"https:\/\/www.alquera.com\/en\/?s={search_term_string}"},"query-input":{"@type":"PropertyValueSpecification","valueRequired":true,"valueName":"search_term_string"}}],"inLanguage":"pt-PT"},{"@type":"Organization","@id":"https:\/\/www.alquera.com\/en\/#organization","name":"ALQUERA CIENCIA SL","url":"https:\/\/www.alquera.com\/en\/","logo":{"@type":"ImageObject","inLanguage":"pt-PT","@id":"https:\/\/www.alquera.com\/en\/#\/schema\/logo\/image\/","url":"https:\/\/www.alquera.com\/wp-content\/uploads\/2020\/11\/logo_300_ancho.png","contentUrl":"https:\/\/www.alquera.com\/wp-content\/uploads\/2020\/11\/logo_300_ancho.png","width":300,"height":86,"caption":"ALQUERA CIENCIA SL"},"image":{"@id":"https:\/\/www.alquera.com\/en\/#\/schema\/logo\/image\/"},"sameAs":["https:\/\/www.facebook.com\/alqueraciencia","https:\/\/www.instagram.com\/alquera_ciencia\/","https:\/\/www.youtube.com\/c\/alquera"]}]}},"_links":{"self":[{"href":"https:\/\/www.alquera.com\/pt\/wp-json\/wp\/v2\/pages\/9973","targetHints":{"allow":["GET"]}}],"collection":[{"href":"https:\/\/www.alquera.com\/pt\/wp-json\/wp\/v2\/pages"}],"about":[{"href":"https:\/\/www.alquera.com\/pt\/wp-json\/wp\/v2\/types\/page"}],"author":[{"embeddable":true,"href":"https:\/\/www.alquera.com\/pt\/wp-json\/wp\/v2\/users\/1"}],"replies":[{"embeddable":true,"href":"https:\/\/www.alquera.com\/pt\/wp-json\/wp\/v2\/comments?post=9973"}],"version-history":[{"count":11,"href":"https:\/\/www.alquera.com\/pt\/wp-json\/wp\/v2\/pages\/9973\/revisions"}],"predecessor-version":[{"id":56847,"href":"https:\/\/www.alquera.com\/pt\/wp-json\/wp\/v2\/pages\/9973\/revisions\/56847"}],"up":[{"embeddable":true,"href":"https:\/\/www.alquera.com\/pt\/wp-json\/wp\/v2\/pages\/32595"}],"wp:attachment":[{"href":"https:\/\/www.alquera.com\/pt\/wp-json\/wp\/v2\/media?parent=9973"}],"curies":[{"name":"wp","href":"https:\/\/api.w.org\/{rel}","templated":true}]}}