{"id":9976,"date":"2020-11-06T15:51:40","date_gmt":"2020-11-06T15:51:40","guid":{"rendered":"http:\/\/www.alquerapruebas.es\/?page_id=9976"},"modified":"2026-02-23T14:46:31","modified_gmt":"2026-02-23T14:46:31","slug":"usos-hidrogel","status":"publish","type":"page","link":"https:\/\/www.alquera.com\/pt\/hidrogel\/usos-hidrogel\/","title":{"rendered":"Utiliza Hidrogel para Plantas"},"content":{"rendered":"<h1 class=\"wp-block-heading\" id=\"h-que-es-el-hidrogel\">O QUE \u00c9 HIDROGEL<\/h1>\n\n\n\n<p>O&nbsp;<strong>hydrogel<\/strong>&nbsp;\u00e9 um retentor de \u00e1gua. Consiste em um&nbsp;<a href=\"https:\/\/www.alquera.com\/pt\/polimeros-super-absorbentes\/\">pol\u00edmero superabsorvente<\/a>&nbsp;\u00e1gua chamada&nbsp;<strong>poliacrilato de pot\u00e1ssio<\/strong>. Um pol\u00edmero superabsorvente \u00e9 um material que tem a capacidade de absorver grandes quantidades de \u00e1gua e libert\u00e1-la lentamente depois. O&nbsp;<a href=\"https:\/\/www.alquera.com\/pt\/hidrogel\/\">hydrogel<\/a>&nbsp;pertence a este tipo de material. \u00c9 um material que \u00e9 apresentado seco e sob a forma de cristais brancos de 1-2mm de tamanho. A sua principal utiliza\u00e7\u00e3o \u00e9 em&nbsp;<strong>agricultura<\/strong>. Tamb\u00e9m conhecido como chuva s\u00f3lida, retentor de \u00e1gua, poliacrilato de pot\u00e1ssio, gel de \u00e1gua, cristais de \u00e1gua.&nbsp;<\/p>\n\n\n\n<figure class=\"wp-block-image size-large\"><img loading=\"lazy\" decoding=\"async\" width=\"700\" height=\"302\" class=\"wp-image-10230\" src=\"https:\/\/www.alquera.com\/wp-content\/uploads\/2020\/11\/HIDROGEL-PARA-PLANTAS.png\" alt=\"\" srcset=\"https:\/\/www.alquera.com\/wp-content\/uploads\/2020\/11\/HIDROGEL-PARA-PLANTAS.png 700w, https:\/\/www.alquera.com\/wp-content\/uploads\/2020\/11\/HIDROGEL-PARA-PLANTAS-300x129.png 300w, https:\/\/www.alquera.com\/wp-content\/uploads\/2020\/11\/HIDROGEL-PARA-PLANTAS-600x259.png 600w, https:\/\/www.alquera.com\/wp-content\/uploads\/2020\/11\/HIDROGEL-PARA-PLANTAS-64x28.png 64w\" sizes=\"auto, (max-width: 700px) 100vw, 700px\" \/><\/figure>\r\n<h2>UTILIZA\u00c7\u00d5ES DO HIDROGEL\u00a0<\/h2>\r\n<p>\n\n\n\n<\/p>\r\n<p>Os cristais de hidrogel podem ser utilizados para qualquer aplica\u00e7\u00e3o onde seja necess\u00e1ria a reten\u00e7\u00e3o de \u00e1gua. A sua principal utiliza\u00e7\u00e3o \u00e9 <strong>na agricultura<\/strong> para poupan\u00e7a de \u00e1gua na agricultura, consegue a reten\u00e7\u00e3o de \u00e1gua para poupar tempo e custos de irriga\u00e7\u00e3o.  O hidrogel \u00e9 v\u00e1lido para pequenos vasos, para a manuten\u00e7\u00e3o das ra\u00edzes, bem como para grandes superf\u00edcies.<\/p>\n\n\n\n<p><\/p>\n\n\n\n\n\n<h3 class=\"wp-block-heading\">RETENTOR DE \u00c1GUA PARA PLANTAS<\/h3>\n\n\n\n<p>Os cristais secos de hidrogel t\u00eam a capacidade de absorver \u00e1gua e libert\u00e1-la depois. Isto torna o hidrogel um grande aliado para poupar \u00e1gua de irriga\u00e7\u00e3o e utilizar \u00e1gua da chuva. Alquera hydrogel tem uma capacidade de absor\u00e7\u00e3o de at\u00e9 300 vezes o seu peso em \u00e1gua. A \u00e1gua absorvida pelo pol\u00edmero pode ser absorvida pelas ra\u00edzes de todos os tipos de culturas agr\u00edcolas, plantas, legumes, flores, etc. A reten\u00e7\u00e3o de \u00e1gua do hidrogel depender\u00e1 do tipo de hidrogel e da salinidade da \u00e1gua a ele aplicada. Aqui damos-lhe a capacidade de absor\u00e7\u00e3o de \u00e1gua do hidrogel que encontra na Alquera (ver <a href=\"https:\/\/www.alquera.com\/pt\/hidrogel\/\">Alquera hidrogel<\/a>), com \u00e1gua da torneira de 2 por ml de salinidade (medi\u00e7\u00e3o padr\u00e3o).<\/p>\n\n\n\n<ul class=\"wp-block-list\">\r\n<li>1 grama de hidrogel absorve at\u00e9 300ml de \u00e1gua<\/li>\r\n<li>3,3 gramas de hidrogel absorve at\u00e9 1L de \u00e1gua<\/li>\r\n<li>200 gramas de hidrogel absorve at\u00e9 60L de \u00e1gua.<\/li>\r\n<li>1Kg de hidrogel absorve at\u00e9 300L de \u00e1gua.<\/li>\r\n<\/ul>\r\n<h3>PROPRIEDADES T\u00c9CNICAS HIDROGEL<\/h3>\r\n<p>Nesta sec\u00e7\u00e3o pode ver o <a href=\"https:\/\/www.alquera.com\/pt\/hidrogel\/propiedades\/\">propriedades t\u00e9cnicas do hidrogel<\/a>.<\/p>\r\n<h3>GUIA DE APLICA\u00c7\u00c3O DE HIDROGEL AGRICULTURA<\/h3>\r\n<p>\n\n\n\n<\/p>\r\n<p>A partir de\u00a0<strong>refer\u00eancia<\/strong>\u00a0a taxa de aplica\u00e7\u00e3o seria de 2-4 gramas de hidrogel seco por litro de substrato, ou entre 100-400 gramas de hidrogel por \u00e1rvore (dependendo do tamanho).<\/p>\r\n<p>\n\n\n\n<\/p>\n<p>Para ver\u00a0<strong>dosagem e aplica\u00e7\u00e3o<\/strong>\u00a0recomendado para Alquera hydrogel nesta sec\u00e7\u00e3o:\u00a0<a href=\"https:\/\/www.alquera.com\/pt\/hidrogel\/guia-aplicacion\/\">utiliza\u00e7\u00e3o de hidrogel na agricultura<\/a>.<\/p>\n\n\n\n<h3 class=\"wp-block-heading\">VANTAGENS NA UTILIZA\u00c7\u00c3O DE HIDROGEL<\/h3>\n\n\n\n<p>As caracter\u00edsticas de reten\u00e7\u00e3o de \u00e1gua do hidrogel conferem-lhe uma s\u00e9rie de vantagens para as plantas, que s\u00e3o enumeradas a seguir:<\/p>\n\n\n\n<ul class=\"wp-block-list\">\n<li><strong>Melhorar a sementeira:&nbsp;<\/strong>O uso de hidrogel melhora a taxa de germina\u00e7\u00e3o das sementes. Tamb\u00e9m a taxa de sobreviv\u00eancia em transplantes de pl\u00e2ntulas.<\/li>\n\n\n\n<li><strong>Ra\u00edzes:&nbsp;<\/strong>O uso de hidrogel promove o desenvolvimento radicular, aumenta a resist\u00eancia das sementes a doen\u00e7as de crescimento.<\/li>\n\n\n\n<li><strong>Poupan\u00e7a de \u00e1gua:&nbsp;<\/strong>Ao reter tanto a irriga\u00e7\u00e3o como a \u00e1gua da chuva, consegue poupan\u00e7a de \u00e1gua, resist\u00eancia \u00e0 seca, aumenta as reservas de \u00e1gua do solo, melhora a efic\u00e1cia da irriga\u00e7\u00e3o e da pluviosidade.<\/li>\n\n\n\n<li><strong>Solo perme\u00e1vel:&nbsp;<\/strong>Melhorar a permeabilidade do solo, e a utiliza\u00e7\u00e3o de mat\u00e9ria org\u00e2nica no solo.<\/li>\n\n\n\n<li><strong>Fertiliza\u00e7\u00e3o:&nbsp;<\/strong>Melhorar o efeito da fertiliza\u00e7\u00e3o, reduzir a perda de nutrientes e proteger o ambiente de \u00e1guas subterr\u00e2neas.<\/li>\n\n\n\n<li><strong>\u00d3ptimo em Plantas:&nbsp;<\/strong>N\u00e3o danifica as plantas a longo prazo, melhora a fertilidade do solo e reduz o encabe\u00e7amento.<\/li>\n<\/ul>\n\n\n\n<p>&nbsp;<\/p>\n\n\n\n<h3 class=\"widget-title\">Comprar <\/h3><div><div class=\"woocommerce\"><ul class=\"products columns-4\">\n<li class=\"desktop-align-left tablet-align-left mobile-align-left ast-product-gallery-layout-horizontal-slider ast-magnify-disabled ast-product-single-variable ast-product-tabs-layout-horizontal ast-qv-on-image product type-product post-495 status-publish first instock product_cat-productos-experimentos product_cat-productos has-post-thumbnail taxable shipping-taxable purchasable product-type-variable has-default-attributes\">\n\t<a href=\"https:\/\/www.alquera.com\/pt\/permanganato-de-potasio\/\" class=\"woocommerce-LoopProduct-link woocommerce-loop-product__link\"><img loading=\"lazy\" decoding=\"async\" width=\"300\" height=\"300\" src=\"https:\/\/www.alquera.com\/wp-content\/uploads\/2016\/01\/permanganato-200g-foto-nueva-300x300.png\" class=\"attachment-woocommerce_thumbnail size-woocommerce_thumbnail\" alt=\"permanganato 200g\" srcset=\"https:\/\/www.alquera.com\/wp-content\/uploads\/2016\/01\/permanganato-200g-foto-nueva-300x300.png 300w, https:\/\/www.alquera.com\/wp-content\/uploads\/2016\/01\/permanganato-200g-foto-nueva-150x150.png 150w, https:\/\/www.alquera.com\/wp-content\/uploads\/2016\/01\/permanganato-200g-foto-nueva-12x12.png 12w, https:\/\/www.alquera.com\/wp-content\/uploads\/2016\/01\/permanganato-200g-foto-nueva-100x100.png 100w\" sizes=\"auto, (max-width: 300px) 100vw, 300px\" \/><h2 class=\"woocommerce-loop-product__title\">Permanganato de Pot\u00e1ssio<\/h2><div class=\"review-rating\"><div class=\"star-rating\"><span style=\"width:100%\" data-no-translation=\"\" data-trp-gettext=\"\">Classificado <strong class=\"rating\">5.00<\/strong> em 5<\/span><\/div><\/div>\n<\/a><a href=\"https:\/\/www.alquera.com\/pt\/permanganato-de-potasio\/\" aria-describedby=\"woocommerce_loop_add_to_cart_link_describedby_495\" data-quantity=\"1\" class=\"button product_type_variable add_to_cart_button\" data-product_id=\"495\" data-product_sku=\"AL100111\" aria-label=\"Seleccione as op\u00e7\u00f5es para \u201cPermanganato de Potasio\u201d\" rel=\"nofollow\" data-no-translation=\"\" data-trp-gettext=\"\" data-no-translation-aria-label=\"\">Ver op\u00e7\u00f5es<\/a>\t<span id=\"woocommerce_loop_add_to_cart_link_describedby_495\" class=\"screen-reader-text\">\n\t\tEste produto tem v\u00e1rias variantes. As op\u00e7\u00f5es podem ser seleccionadas na p\u00e1gina do produto\t<\/span>\n<\/li>\n<\/ul>\n<\/div><\/div>","protected":false},"excerpt":{"rendered":"<p>QU\u00c9 ES EL HIDROGEL El&nbsp;hidrogel&nbsp;es un retenedor de agua. Est\u00e1 formado por un&nbsp;pol\u00edmero superabsorbente&nbsp;de agua llamado&nbsp;poliacrilato de potasio. Un pol\u00edmero superabsorbente, es un un material que tiene la capacidad de absorci\u00f3n grandes cantidades de agua y liberarla lentamente despu\u00e9s. El&nbsp;hidrogel&nbsp;pertenece a este tipo de materiales. Es un material que se presenta en seco y en [&hellip;]<\/p>\n","protected":false},"author":1,"featured_media":0,"parent":32588,"menu_order":0,"comment_status":"open","ping_status":"closed","template":"","meta":{"_acf_changed":false,"site-sidebar-layout":"left-sidebar","site-content-layout":"default","ast-site-content-layout":"default","site-content-style":"default","site-sidebar-style":"default","ast-global-header-display":"","ast-banner-title-visibility":"","ast-main-header-display":"","ast-hfb-above-header-display":"","ast-hfb-below-header-display":"","ast-hfb-mobile-header-display":"","site-post-title":"","ast-breadcrumbs-content":"","ast-featured-img":"","footer-sml-layout":"","ast-disable-related-posts":"","theme-transparent-header-meta":"default","adv-header-id-meta":"","stick-header-meta":"default","header-above-stick-meta":"","header-main-stick-meta":"","header-below-stick-meta":"","astra-migrate-meta-layouts":"set","ast-page-background-enabled":"default","ast-page-background-meta":{"desktop":{"background-color":"var(--ast-global-color-4)","background-image":"","background-repeat":"repeat","background-position":"center center","background-size":"auto","background-attachment":"scroll","background-type":"","background-media":"","overlay-type":"","overlay-color":"","overlay-opacity":"","overlay-gradient":""},"tablet":{"background-color":"","background-image":"","background-repeat":"repeat","background-position":"center center","background-size":"auto","background-attachment":"scroll","background-type":"","background-media":"","overlay-type":"","overlay-color":"","overlay-opacity":"","overlay-gradient":""},"mobile":{"background-color":"","background-image":"","background-repeat":"repeat","background-position":"center center","background-size":"auto","background-attachment":"scroll","background-type":"","background-media":"","overlay-type":"","overlay-color":"","overlay-opacity":"","overlay-gradient":""}},"ast-content-background-meta":{"desktop":{"background-color":"var(--ast-global-color-5)","background-image":"","background-repeat":"repeat","background-position":"center center","background-size":"auto","background-attachment":"scroll","background-type":"","background-media":"","overlay-type":"","overlay-color":"","overlay-opacity":"","overlay-gradient":""},"tablet":{"background-color":"var(--ast-global-color-5)","background-image":"","background-repeat":"repeat","background-position":"center center","background-size":"auto","background-attachment":"scroll","background-type":"","background-media":"","overlay-type":"","overlay-color":"","overlay-opacity":"","overlay-gradient":""},"mobile":{"background-color":"var(--ast-global-color-5)","background-image":"","background-repeat":"repeat","background-position":"center center","background-size":"auto","background-attachment":"scroll","background-type":"","background-media":"","overlay-type":"","overlay-color":"","overlay-opacity":"","overlay-gradient":""}},"footnotes":""},"class_list":["post-9976","page","type-page","status-publish","hentry"],"acf":[],"yoast_head":"<!-- This site is optimized with the Yoast SEO Premium plugin v27.1 (Yoast SEO v27.1.1) - https:\/\/yoast.com\/product\/yoast-seo-premium-wordpress\/ -->\n<title>Usos Hidrogel para Plantas - Alquera.com<\/title>\n<meta name=\"description\" content=\"El hidrogel es un pol\u00edmero superabsorbente utilizado en agricultura por su capacidad de retenci\u00f3n de agua. Ver sus usos y aplicaciones.\" \/>\n<meta name=\"robots\" content=\"index, follow, max-snippet:-1, max-image-preview:large, max-video-preview:-1\" \/>\n<link rel=\"canonical\" href=\"https:\/\/www.alquera.com\/pt\/hidrogel\/usos-hidrogel\/\" \/>\n<meta property=\"og:locale\" content=\"pt_PT\" \/>\n<meta property=\"og:type\" content=\"article\" \/>\n<meta property=\"og:title\" content=\"Usos Hidrogel para Plantas\" \/>\n<meta property=\"og:description\" content=\"El hidrogel es un pol\u00edmero superabsorbente utilizado en agricultura por su capacidad de retenci\u00f3n de agua. Ver sus usos y aplicaciones.\" \/>\n<meta property=\"og:url\" content=\"https:\/\/www.alquera.com\/pt\/hidrogel\/usos-hidrogel\/\" \/>\n<meta property=\"og:site_name\" content=\"Alquera.com\" \/>\n<meta property=\"article:publisher\" content=\"https:\/\/www.facebook.com\/alqueraciencia\" \/>\n<meta property=\"article:modified_time\" content=\"2026-02-23T14:46:31+00:00\" \/>\n<meta property=\"og:image\" content=\"https:\/\/www.alquera.com\/wp-content\/uploads\/2020\/11\/HIDROGEL-PARA-PLANTAS.png\" \/>\n\t<meta property=\"og:image:width\" content=\"700\" \/>\n\t<meta property=\"og:image:height\" content=\"302\" \/>\n\t<meta property=\"og:image:type\" content=\"image\/png\" \/>\n<meta name=\"twitter:card\" content=\"summary_large_image\" \/>\n<meta name=\"twitter:label1\" content=\"Tempo estimado de leitura\" \/>\n\t<meta name=\"twitter:data1\" content=\"3 minutos\" \/>\n<script type=\"application\/ld+json\" class=\"yoast-schema-graph\">{\"@context\":\"https:\/\/schema.org\",\"@graph\":[{\"@type\":\"WebPage\",\"@id\":\"https:\/\/www.alquera.com\/hidrogel\/usos-hidrogel\/\",\"url\":\"https:\/\/www.alquera.com\/hidrogel\/usos-hidrogel\/\",\"name\":\"Usos Hidrogel para Plantas - Alquera.com\",\"isPartOf\":{\"@id\":\"https:\/\/www.alquera.com\/en\/#website\"},\"primaryImageOfPage\":{\"@id\":\"https:\/\/www.alquera.com\/hidrogel\/usos-hidrogel\/#primaryimage\"},\"image\":{\"@id\":\"https:\/\/www.alquera.com\/hidrogel\/usos-hidrogel\/#primaryimage\"},\"thumbnailUrl\":\"https:\/\/www.alquera.com\/wp-content\/uploads\/2020\/11\/HIDROGEL-PARA-PLANTAS.png\",\"datePublished\":\"2020-11-06T15:51:40+00:00\",\"dateModified\":\"2026-02-23T14:46:31+00:00\",\"description\":\"El hidrogel es un pol\u00edmero superabsorbente utilizado en agricultura por su capacidad de retenci\u00f3n de agua. Ver sus usos y aplicaciones.\",\"breadcrumb\":{\"@id\":\"https:\/\/www.alquera.com\/hidrogel\/usos-hidrogel\/#breadcrumb\"},\"inLanguage\":\"pt-PT\",\"potentialAction\":[{\"@type\":\"ReadAction\",\"target\":[\"https:\/\/www.alquera.com\/hidrogel\/usos-hidrogel\/\"]}]},{\"@type\":\"ImageObject\",\"inLanguage\":\"pt-PT\",\"@id\":\"https:\/\/www.alquera.com\/hidrogel\/usos-hidrogel\/#primaryimage\",\"url\":\"https:\/\/www.alquera.com\/wp-content\/uploads\/2020\/11\/HIDROGEL-PARA-PLANTAS.png\",\"contentUrl\":\"https:\/\/www.alquera.com\/wp-content\/uploads\/2020\/11\/HIDROGEL-PARA-PLANTAS.png\"},{\"@type\":\"BreadcrumbList\",\"@id\":\"https:\/\/www.alquera.com\/hidrogel\/usos-hidrogel\/#breadcrumb\",\"itemListElement\":[{\"@type\":\"ListItem\",\"position\":1,\"name\":\"Inicio\",\"item\":\"https:\/\/www.alquera.com\/\"},{\"@type\":\"ListItem\",\"position\":2,\"name\":\"Hidrogel para Plantas\",\"item\":\"https:\/\/www.alquera.com\/hidrogel\/\"},{\"@type\":\"ListItem\",\"position\":3,\"name\":\"Usos Hidrogel para Plantas\"}]},{\"@type\":\"WebSite\",\"@id\":\"https:\/\/www.alquera.com\/en\/#website\",\"url\":\"https:\/\/www.alquera.com\/en\/\",\"name\":\"Alquera.com\",\"description\":\"Tienda Online Productos Qu\u00edmicos y Material de Laboratorio\",\"publisher\":{\"@id\":\"https:\/\/www.alquera.com\/en\/#organization\"},\"potentialAction\":[{\"@type\":\"SearchAction\",\"target\":{\"@type\":\"EntryPoint\",\"urlTemplate\":\"https:\/\/www.alquera.com\/en\/?s={search_term_string}\"},\"query-input\":{\"@type\":\"PropertyValueSpecification\",\"valueRequired\":true,\"valueName\":\"search_term_string\"}}],\"inLanguage\":\"pt-PT\"},{\"@type\":\"Organization\",\"@id\":\"https:\/\/www.alquera.com\/en\/#organization\",\"name\":\"ALQUERA CIENCIA SL\",\"url\":\"https:\/\/www.alquera.com\/en\/\",\"logo\":{\"@type\":\"ImageObject\",\"inLanguage\":\"pt-PT\",\"@id\":\"https:\/\/www.alquera.com\/en\/#\/schema\/logo\/image\/\",\"url\":\"https:\/\/www.alquera.com\/wp-content\/uploads\/2020\/11\/logo_300_ancho.png\",\"contentUrl\":\"https:\/\/www.alquera.com\/wp-content\/uploads\/2020\/11\/logo_300_ancho.png\",\"width\":300,\"height\":86,\"caption\":\"ALQUERA CIENCIA SL\"},\"image\":{\"@id\":\"https:\/\/www.alquera.com\/en\/#\/schema\/logo\/image\/\"},\"sameAs\":[\"https:\/\/www.facebook.com\/alqueraciencia\",\"https:\/\/www.instagram.com\/alquera_ciencia\/\",\"https:\/\/www.youtube.com\/c\/alquera\"]}]}<\/script>\n<!-- \/ Yoast SEO Premium plugin. -->","yoast_head_json":{"title":"Utiliza Hidrogel para Plantas - Alquera.com","description":"O hidrogel \u00e9 um pol\u00edmero superabsorvente utilizado na agricultura pela sua capacidade de reten\u00e7\u00e3o de \u00e1gua. Ver as suas utiliza\u00e7\u00f5es e aplica\u00e7\u00f5es.","robots":{"index":"index","follow":"follow","max-snippet":"max-snippet:-1","max-image-preview":"max-image-preview:large","max-video-preview":"max-video-preview:-1"},"canonical":"https:\/\/www.alquera.com\/pt\/hidrogel\/usos-hidrogel\/","og_locale":"pt_PT","og_type":"article","og_title":"Usos Hidrogel para Plantas","og_description":"El hidrogel es un pol\u00edmero superabsorbente utilizado en agricultura por su capacidad de retenci\u00f3n de agua. Ver sus usos y aplicaciones.","og_url":"https:\/\/www.alquera.com\/pt\/hidrogel\/usos-hidrogel\/","og_site_name":"Alquera.com","article_publisher":"https:\/\/www.facebook.com\/alqueraciencia","article_modified_time":"2026-02-23T14:46:31+00:00","og_image":[{"width":700,"height":302,"url":"https:\/\/www.alquera.com\/wp-content\/uploads\/2020\/11\/HIDROGEL-PARA-PLANTAS.png","type":"image\/png"}],"twitter_card":"summary_large_image","twitter_misc":{"Tempo estimado de leitura":"3 minutos"},"schema":{"@context":"https:\/\/schema.org","@graph":[{"@type":"WebPage","@id":"https:\/\/www.alquera.com\/hidrogel\/usos-hidrogel\/","url":"https:\/\/www.alquera.com\/hidrogel\/usos-hidrogel\/","name":"Utiliza Hidrogel para Plantas - Alquera.com","isPartOf":{"@id":"https:\/\/www.alquera.com\/en\/#website"},"primaryImageOfPage":{"@id":"https:\/\/www.alquera.com\/hidrogel\/usos-hidrogel\/#primaryimage"},"image":{"@id":"https:\/\/www.alquera.com\/hidrogel\/usos-hidrogel\/#primaryimage"},"thumbnailUrl":"https:\/\/www.alquera.com\/wp-content\/uploads\/2020\/11\/HIDROGEL-PARA-PLANTAS.png","datePublished":"2020-11-06T15:51:40+00:00","dateModified":"2026-02-23T14:46:31+00:00","description":"O hidrogel \u00e9 um pol\u00edmero superabsorvente utilizado na agricultura pela sua capacidade de reten\u00e7\u00e3o de \u00e1gua. Ver as suas utiliza\u00e7\u00f5es e aplica\u00e7\u00f5es.","breadcrumb":{"@id":"https:\/\/www.alquera.com\/hidrogel\/usos-hidrogel\/#breadcrumb"},"inLanguage":"pt-PT","potentialAction":[{"@type":"ReadAction","target":["https:\/\/www.alquera.com\/hidrogel\/usos-hidrogel\/"]}]},{"@type":"ImageObject","inLanguage":"pt-PT","@id":"https:\/\/www.alquera.com\/hidrogel\/usos-hidrogel\/#primaryimage","url":"https:\/\/www.alquera.com\/wp-content\/uploads\/2020\/11\/HIDROGEL-PARA-PLANTAS.png","contentUrl":"https:\/\/www.alquera.com\/wp-content\/uploads\/2020\/11\/HIDROGEL-PARA-PLANTAS.png"},{"@type":"BreadcrumbList","@id":"https:\/\/www.alquera.com\/hidrogel\/usos-hidrogel\/#breadcrumb","itemListElement":[{"@type":"ListItem","position":1,"name":"Inicio","item":"https:\/\/www.alquera.com\/"},{"@type":"ListItem","position":2,"name":"Hidrogel para Plantas","item":"https:\/\/www.alquera.com\/hidrogel\/"},{"@type":"ListItem","position":3,"name":"Usos Hidrogel para Plantas"}]},{"@type":"WebSite","@id":"https:\/\/www.alquera.com\/en\/#website","url":"https:\/\/www.alquera.com\/en\/","name":"Alquera.com","description":"Loja on-line de produtos qu\u00edmicos e equipamento de laborat\u00f3rio","publisher":{"@id":"https:\/\/www.alquera.com\/en\/#organization"},"potentialAction":[{"@type":"SearchAction","target":{"@type":"EntryPoint","urlTemplate":"https:\/\/www.alquera.com\/en\/?s={search_term_string}"},"query-input":{"@type":"PropertyValueSpecification","valueRequired":true,"valueName":"search_term_string"}}],"inLanguage":"pt-PT"},{"@type":"Organization","@id":"https:\/\/www.alquera.com\/en\/#organization","name":"ALQUERA CIENCIA SL","url":"https:\/\/www.alquera.com\/en\/","logo":{"@type":"ImageObject","inLanguage":"pt-PT","@id":"https:\/\/www.alquera.com\/en\/#\/schema\/logo\/image\/","url":"https:\/\/www.alquera.com\/wp-content\/uploads\/2020\/11\/logo_300_ancho.png","contentUrl":"https:\/\/www.alquera.com\/wp-content\/uploads\/2020\/11\/logo_300_ancho.png","width":300,"height":86,"caption":"ALQUERA CIENCIA SL"},"image":{"@id":"https:\/\/www.alquera.com\/en\/#\/schema\/logo\/image\/"},"sameAs":["https:\/\/www.facebook.com\/alqueraciencia","https:\/\/www.instagram.com\/alquera_ciencia\/","https:\/\/www.youtube.com\/c\/alquera"]}]}},"_links":{"self":[{"href":"https:\/\/www.alquera.com\/pt\/wp-json\/wp\/v2\/pages\/9976","targetHints":{"allow":["GET"]}}],"collection":[{"href":"https:\/\/www.alquera.com\/pt\/wp-json\/wp\/v2\/pages"}],"about":[{"href":"https:\/\/www.alquera.com\/pt\/wp-json\/wp\/v2\/types\/page"}],"author":[{"embeddable":true,"href":"https:\/\/www.alquera.com\/pt\/wp-json\/wp\/v2\/users\/1"}],"replies":[{"embeddable":true,"href":"https:\/\/www.alquera.com\/pt\/wp-json\/wp\/v2\/comments?post=9976"}],"version-history":[{"count":15,"href":"https:\/\/www.alquera.com\/pt\/wp-json\/wp\/v2\/pages\/9976\/revisions"}],"predecessor-version":[{"id":56861,"href":"https:\/\/www.alquera.com\/pt\/wp-json\/wp\/v2\/pages\/9976\/revisions\/56861"}],"up":[{"embeddable":true,"href":"https:\/\/www.alquera.com\/pt\/wp-json\/wp\/v2\/pages\/32588"}],"wp:attachment":[{"href":"https:\/\/www.alquera.com\/pt\/wp-json\/wp\/v2\/media?parent=9976"}],"curies":[{"name":"wp","href":"https:\/\/api.w.org\/{rel}","templated":true}]}}