{"id":9983,"date":"2020-11-06T15:57:17","date_gmt":"2020-11-06T15:57:17","guid":{"rendered":"http:\/\/www.alquerapruebas.es\/?page_id=9983"},"modified":"2026-02-23T14:46:02","modified_gmt":"2026-02-23T14:46:02","slug":"propiedades","status":"publish","type":"page","link":"https:\/\/www.alquera.com\/pt\/hidrogel\/propiedades\/","title":{"rendered":"Propriedades Hidrogel"},"content":{"rendered":"<p><p>O hidrogel \u00e9 um pol\u00edmero com uma elevada capacidade de absor\u00e7\u00e3o de \u00e1gua. Cada vez mais utilizado pela sua capacidade de poupan\u00e7a de \u00e1gua, nesta sec\u00e7\u00e3o pode ver as caracter\u00edsticas f\u00edsicas e qu\u00edmicas do hidrogel.<\/p>\n<p>As caracter\u00edsticas t\u00e9cnicas do&nbsp;<a href=\"https:\/\/www.alquera.com\/pt\/hidrogel\/\">hidrogel para plantas<\/a>&nbsp;que pode encontrar na Alquera s\u00e3o as seguintes:&nbsp;<\/p><\/p>\n\n\n\n<figure class=\"wp-block-table\"><table><tbody><tr><th>Geral<\/th><\/tr><tr><th scope=\"row\">Outros nomes<\/th><td>Hidrogel, Poliacrilato de Pot\u00e1ssio, Chuva S\u00f3lida, Gel de \u00c1gua<\/td><\/tr><tr><th scope=\"row\">&nbsp;<\/th><td>&nbsp;<\/td><\/tr><tr><th>Identifica\u00e7\u00e3o<\/th><\/tr><tr><th scope=\"row\">N\u00famero CAS<\/th><td>25608-12-2<\/td><\/tr><tr><th scope=\"row\">&nbsp;<\/th><td>&nbsp;<\/td><\/tr><tr><th>Im\u00f3veis<\/th><\/tr><tr><th scope=\"row\">Apar\u00eancia<\/th><td>Cristais 1-2mm brancos<\/td><\/tr><tr><th scope=\"row\">Densidade a granel (ml\/g)<\/th><td>0,56<\/td><\/tr><tr><th scope=\"row\">pH<\/th><td>6,8<\/td><\/tr><tr><th scope=\"row\">Conte\u00fado de pot\u00e1ssio<\/th><td>10,8%<\/td><\/tr><tr><th scope=\"row\">Absor\u00e7\u00e3o (\u00e1gua destilada) g\/g<\/th><td>400-800<\/td><\/tr><tr><th scope=\"row\">Absor\u00e7\u00e3o (\u00e1gua da torneira) g\/g<\/th><td>&gt;100<\/td><\/tr><tr><th scope=\"row\">\u00c1gua dispon\u00edvel para as plantas<\/th><td>95%<\/td><\/tr><tr><th scope=\"row\">Ciclos de utiliza\u00e7\u00e3o<\/th><td>&gt;18<\/td><\/tr><tr><th scope=\"row\">Conserva\u00e7\u00e3o<\/th><td>Num local seco, longe da luz<\/td><\/tr><\/tbody><\/table><\/figure>\n\n\n\n<h2 class=\"wp-block-heading\" id=\"h-\">\u00a0<\/h2>\n\n\n\n<p>Tamb\u00e9m pode <a href=\"https:\/\/www.alquera.com\/wp-content\/uploads\/2016\/03\/Dossier-Hidrogel-Alquera.pdf\">descarregar o dossier t\u00e9cnico completo<\/a> do hidrogel<\/p>\n\n\n\n<p>&nbsp;<\/p>\n\n\n\n<h3 class=\"widget-title\">Comprar <\/h3><div><div class=\"woocommerce\"><ul class=\"products columns-4\">\n<li class=\"desktop-align-left tablet-align-left mobile-align-left ast-product-gallery-layout-horizontal-slider ast-magnify-disabled ast-product-single-variable ast-product-tabs-layout-horizontal ast-qv-on-image product type-product post-495 status-publish first instock product_cat-productos-experimentos product_cat-productos has-post-thumbnail taxable shipping-taxable purchasable product-type-variable has-default-attributes\">\n\t<a href=\"https:\/\/www.alquera.com\/pt\/permanganato-de-potasio\/\" class=\"woocommerce-LoopProduct-link woocommerce-loop-product__link\"><img loading=\"lazy\" decoding=\"async\" width=\"300\" height=\"300\" src=\"https:\/\/www.alquera.com\/wp-content\/uploads\/2016\/01\/permanganato-200g-foto-nueva-300x300.png\" class=\"attachment-woocommerce_thumbnail size-woocommerce_thumbnail\" alt=\"permanganato 200g\" srcset=\"https:\/\/www.alquera.com\/wp-content\/uploads\/2016\/01\/permanganato-200g-foto-nueva-300x300.png 300w, https:\/\/www.alquera.com\/wp-content\/uploads\/2016\/01\/permanganato-200g-foto-nueva-150x150.png 150w, https:\/\/www.alquera.com\/wp-content\/uploads\/2016\/01\/permanganato-200g-foto-nueva-12x12.png 12w, https:\/\/www.alquera.com\/wp-content\/uploads\/2016\/01\/permanganato-200g-foto-nueva-100x100.png 100w\" sizes=\"auto, (max-width: 300px) 100vw, 300px\" \/><h2 class=\"woocommerce-loop-product__title\">Permanganato de Pot\u00e1ssio<\/h2><div class=\"review-rating\"><div class=\"star-rating\"><span style=\"width:100%\" data-no-translation=\"\" data-trp-gettext=\"\">Classificado <strong class=\"rating\">5.00<\/strong> em 5<\/span><\/div><\/div>\n<\/a><a href=\"https:\/\/www.alquera.com\/pt\/permanganato-de-potasio\/\" aria-describedby=\"woocommerce_loop_add_to_cart_link_describedby_495\" data-quantity=\"1\" class=\"button product_type_variable add_to_cart_button\" data-product_id=\"495\" data-product_sku=\"AL100111\" aria-label=\"Seleccione as op\u00e7\u00f5es para \u201cPermanganato de Potasio\u201d\" rel=\"nofollow\" data-no-translation=\"\" data-trp-gettext=\"\" data-no-translation-aria-label=\"\">Ver op\u00e7\u00f5es<\/a>\t<span id=\"woocommerce_loop_add_to_cart_link_describedby_495\" class=\"screen-reader-text\">\n\t\tEste produto tem v\u00e1rias variantes. As op\u00e7\u00f5es podem ser seleccionadas na p\u00e1gina do produto\t<\/span>\n<\/li>\n<\/ul>\n<\/div><\/div>\n\n\n\n<p class=\"widget-title\">Leia mais<\/p><a href=\"https:\/\/www.alquera.com\/pt\/hidrogel\/\">Hidrogel para Plantas<\/a>\n<!-- Page-list plugin v.5.9 wordpress.org\/plugins\/page-list\/ -->\n<ul class=\"page-list siblings-page-list\">\n<li class=\"page_item page-item-9980 menu-item\"><a href=\"https:\/\/www.alquera.com\/pt\/hidrogel\/guia-aplicacion\/\" class=\"menu-link\">Guia de Aplica\u00e7\u00e3o de Hidrogel para Plantas<\/a><\/li>\n<li class=\"page_item page-item-9983 menu-item\"><a href=\"https:\/\/www.alquera.com\/pt\/hidrogel\/propiedades\/\" class=\"menu-link\">Propriedades Hidrogel<\/a><\/li>\n<li class=\"page_item page-item-9976 menu-item\"><a href=\"https:\/\/www.alquera.com\/pt\/hidrogel\/usos-hidrogel\/\" class=\"menu-link\">Utiliza Hidrogel para Plantas<\/a><\/li>\n\n<\/ul>","protected":false},"excerpt":{"rendered":"<p>El hidrogel es un pol\u00edmero con gran capacidad de absorci\u00f3n de agua. Cada vez m\u00e1s utilizado por la capacidad de ahorro de agua, en este apartado puedes ver las caracter\u00edsticas f\u00edsico qu\u00edmicas del hidrogel. Las caracter\u00edsticas t\u00e9cnicas del&nbsp;hidrogel para plantas&nbsp;que puedes encontrar en Alquera son las siguientes:&nbsp; General Otros nombres Hidrogel, Poliacrilato de Potasio, Lluvia [&hellip;]<\/p>\n","protected":false},"author":1,"featured_media":0,"parent":32588,"menu_order":0,"comment_status":"open","ping_status":"closed","template":"","meta":{"_acf_changed":false,"site-sidebar-layout":"left-sidebar","site-content-layout":"default","ast-site-content-layout":"default","site-content-style":"default","site-sidebar-style":"default","ast-global-header-display":"","ast-banner-title-visibility":"","ast-main-header-display":"","ast-hfb-above-header-display":"","ast-hfb-below-header-display":"","ast-hfb-mobile-header-display":"","site-post-title":"","ast-breadcrumbs-content":"","ast-featured-img":"","footer-sml-layout":"","ast-disable-related-posts":"","theme-transparent-header-meta":"default","adv-header-id-meta":"","stick-header-meta":"default","header-above-stick-meta":"","header-main-stick-meta":"","header-below-stick-meta":"","astra-migrate-meta-layouts":"set","ast-page-background-enabled":"default","ast-page-background-meta":{"desktop":{"background-color":"var(--ast-global-color-4)","background-image":"","background-repeat":"repeat","background-position":"center center","background-size":"auto","background-attachment":"scroll","background-type":"","background-media":"","overlay-type":"","overlay-color":"","overlay-opacity":"","overlay-gradient":""},"tablet":{"background-color":"","background-image":"","background-repeat":"repeat","background-position":"center center","background-size":"auto","background-attachment":"scroll","background-type":"","background-media":"","overlay-type":"","overlay-color":"","overlay-opacity":"","overlay-gradient":""},"mobile":{"background-color":"","background-image":"","background-repeat":"repeat","background-position":"center center","background-size":"auto","background-attachment":"scroll","background-type":"","background-media":"","overlay-type":"","overlay-color":"","overlay-opacity":"","overlay-gradient":""}},"ast-content-background-meta":{"desktop":{"background-color":"var(--ast-global-color-5)","background-image":"","background-repeat":"repeat","background-position":"center center","background-size":"auto","background-attachment":"scroll","background-type":"","background-media":"","overlay-type":"","overlay-color":"","overlay-opacity":"","overlay-gradient":""},"tablet":{"background-color":"var(--ast-global-color-5)","background-image":"","background-repeat":"repeat","background-position":"center center","background-size":"auto","background-attachment":"scroll","background-type":"","background-media":"","overlay-type":"","overlay-color":"","overlay-opacity":"","overlay-gradient":""},"mobile":{"background-color":"var(--ast-global-color-5)","background-image":"","background-repeat":"repeat","background-position":"center center","background-size":"auto","background-attachment":"scroll","background-type":"","background-media":"","overlay-type":"","overlay-color":"","overlay-opacity":"","overlay-gradient":""}},"footnotes":""},"class_list":["post-9983","page","type-page","status-publish","hentry"],"acf":[],"yoast_head":"<!-- This site is optimized with the Yoast SEO Premium plugin v27.1 (Yoast SEO v27.1.1) - https:\/\/yoast.com\/product\/yoast-seo-premium-wordpress\/ -->\n<title>Propiedades Hidrogel - Alquera.com<\/title>\n<meta name=\"description\" content=\"Propiedades t\u00e9cnicias del hidrogel que puedes encontrar en Alquera, ciclos de uso, capacidad de retenci\u00f3n y donde comprar.\" \/>\n<meta name=\"robots\" content=\"index, follow, max-snippet:-1, max-image-preview:large, max-video-preview:-1\" \/>\n<link rel=\"canonical\" href=\"https:\/\/www.alquera.com\/pt\/hidrogel\/propiedades\/\" \/>\n<meta property=\"og:locale\" content=\"pt_PT\" \/>\n<meta property=\"og:type\" content=\"article\" \/>\n<meta property=\"og:title\" content=\"Propiedades Hidrogel\" \/>\n<meta property=\"og:description\" content=\"Propiedades t\u00e9cnicias del hidrogel que puedes encontrar en Alquera, ciclos de uso, capacidad de retenci\u00f3n y donde comprar.\" \/>\n<meta property=\"og:url\" content=\"https:\/\/www.alquera.com\/pt\/hidrogel\/propiedades\/\" \/>\n<meta property=\"og:site_name\" content=\"Alquera.com\" \/>\n<meta property=\"article:publisher\" content=\"https:\/\/www.facebook.com\/alqueraciencia\" \/>\n<meta property=\"article:modified_time\" content=\"2026-02-23T14:46:02+00:00\" \/>\n<meta name=\"twitter:card\" content=\"summary_large_image\" \/>\n<meta name=\"twitter:label1\" content=\"Tempo estimado de leitura\" \/>\n\t<meta name=\"twitter:data1\" content=\"1 minuto\" \/>\n<script type=\"application\/ld+json\" class=\"yoast-schema-graph\">{\"@context\":\"https:\/\/schema.org\",\"@graph\":[{\"@type\":\"WebPage\",\"@id\":\"https:\/\/www.alquera.com\/hidrogel\/propiedades\/\",\"url\":\"https:\/\/www.alquera.com\/hidrogel\/propiedades\/\",\"name\":\"Propiedades Hidrogel - Alquera.com\",\"isPartOf\":{\"@id\":\"https:\/\/www.alquera.com\/en\/#website\"},\"datePublished\":\"2020-11-06T15:57:17+00:00\",\"dateModified\":\"2026-02-23T14:46:02+00:00\",\"description\":\"Propiedades t\u00e9cnicias del hidrogel que puedes encontrar en Alquera, ciclos de uso, capacidad de retenci\u00f3n y donde comprar.\",\"breadcrumb\":{\"@id\":\"https:\/\/www.alquera.com\/hidrogel\/propiedades\/#breadcrumb\"},\"inLanguage\":\"pt-PT\",\"potentialAction\":[{\"@type\":\"ReadAction\",\"target\":[\"https:\/\/www.alquera.com\/hidrogel\/propiedades\/\"]}]},{\"@type\":\"BreadcrumbList\",\"@id\":\"https:\/\/www.alquera.com\/hidrogel\/propiedades\/#breadcrumb\",\"itemListElement\":[{\"@type\":\"ListItem\",\"position\":1,\"name\":\"Inicio\",\"item\":\"https:\/\/www.alquera.com\/\"},{\"@type\":\"ListItem\",\"position\":2,\"name\":\"Hidrogel para Plantas\",\"item\":\"https:\/\/www.alquera.com\/hidrogel\/\"},{\"@type\":\"ListItem\",\"position\":3,\"name\":\"Propiedades Hidrogel\"}]},{\"@type\":\"WebSite\",\"@id\":\"https:\/\/www.alquera.com\/en\/#website\",\"url\":\"https:\/\/www.alquera.com\/en\/\",\"name\":\"Alquera.com\",\"description\":\"Tienda Online Productos Qu\u00edmicos y Material de Laboratorio\",\"publisher\":{\"@id\":\"https:\/\/www.alquera.com\/en\/#organization\"},\"potentialAction\":[{\"@type\":\"SearchAction\",\"target\":{\"@type\":\"EntryPoint\",\"urlTemplate\":\"https:\/\/www.alquera.com\/en\/?s={search_term_string}\"},\"query-input\":{\"@type\":\"PropertyValueSpecification\",\"valueRequired\":true,\"valueName\":\"search_term_string\"}}],\"inLanguage\":\"pt-PT\"},{\"@type\":\"Organization\",\"@id\":\"https:\/\/www.alquera.com\/en\/#organization\",\"name\":\"ALQUERA CIENCIA SL\",\"url\":\"https:\/\/www.alquera.com\/en\/\",\"logo\":{\"@type\":\"ImageObject\",\"inLanguage\":\"pt-PT\",\"@id\":\"https:\/\/www.alquera.com\/en\/#\/schema\/logo\/image\/\",\"url\":\"https:\/\/www.alquera.com\/wp-content\/uploads\/2020\/11\/logo_300_ancho.png\",\"contentUrl\":\"https:\/\/www.alquera.com\/wp-content\/uploads\/2020\/11\/logo_300_ancho.png\",\"width\":300,\"height\":86,\"caption\":\"ALQUERA CIENCIA SL\"},\"image\":{\"@id\":\"https:\/\/www.alquera.com\/en\/#\/schema\/logo\/image\/\"},\"sameAs\":[\"https:\/\/www.facebook.com\/alqueraciencia\",\"https:\/\/www.instagram.com\/alquera_ciencia\/\",\"https:\/\/www.youtube.com\/c\/alquera\"]}]}<\/script>\n<!-- \/ Yoast SEO Premium plugin. -->","yoast_head_json":{"title":"Propriedades do Hidrogel - Alquera.com","description":"Propriedades t\u00e9cnicas do hidrogel que pode encontrar em Alquera, ciclos de utiliza\u00e7\u00e3o, capacidade de reten\u00e7\u00e3o e onde comprar.","robots":{"index":"index","follow":"follow","max-snippet":"max-snippet:-1","max-image-preview":"max-image-preview:large","max-video-preview":"max-video-preview:-1"},"canonical":"https:\/\/www.alquera.com\/pt\/hidrogel\/propiedades\/","og_locale":"pt_PT","og_type":"article","og_title":"Propiedades Hidrogel","og_description":"Propiedades t\u00e9cnicias del hidrogel que puedes encontrar en Alquera, ciclos de uso, capacidad de retenci\u00f3n y donde comprar.","og_url":"https:\/\/www.alquera.com\/pt\/hidrogel\/propiedades\/","og_site_name":"Alquera.com","article_publisher":"https:\/\/www.facebook.com\/alqueraciencia","article_modified_time":"2026-02-23T14:46:02+00:00","twitter_card":"summary_large_image","twitter_misc":{"Tempo estimado de leitura":"1 minuto"},"schema":{"@context":"https:\/\/schema.org","@graph":[{"@type":"WebPage","@id":"https:\/\/www.alquera.com\/hidrogel\/propiedades\/","url":"https:\/\/www.alquera.com\/hidrogel\/propiedades\/","name":"Propriedades do Hidrogel - Alquera.com","isPartOf":{"@id":"https:\/\/www.alquera.com\/en\/#website"},"datePublished":"2020-11-06T15:57:17+00:00","dateModified":"2026-02-23T14:46:02+00:00","description":"Propriedades t\u00e9cnicas do hidrogel que pode encontrar em Alquera, ciclos de utiliza\u00e7\u00e3o, capacidade de reten\u00e7\u00e3o e onde comprar.","breadcrumb":{"@id":"https:\/\/www.alquera.com\/hidrogel\/propiedades\/#breadcrumb"},"inLanguage":"pt-PT","potentialAction":[{"@type":"ReadAction","target":["https:\/\/www.alquera.com\/hidrogel\/propiedades\/"]}]},{"@type":"BreadcrumbList","@id":"https:\/\/www.alquera.com\/hidrogel\/propiedades\/#breadcrumb","itemListElement":[{"@type":"ListItem","position":1,"name":"Inicio","item":"https:\/\/www.alquera.com\/"},{"@type":"ListItem","position":2,"name":"Hidrogel para Plantas","item":"https:\/\/www.alquera.com\/hidrogel\/"},{"@type":"ListItem","position":3,"name":"Propiedades Hidrogel"}]},{"@type":"WebSite","@id":"https:\/\/www.alquera.com\/en\/#website","url":"https:\/\/www.alquera.com\/en\/","name":"Alquera.com","description":"Loja on-line de produtos qu\u00edmicos e equipamento de laborat\u00f3rio","publisher":{"@id":"https:\/\/www.alquera.com\/en\/#organization"},"potentialAction":[{"@type":"SearchAction","target":{"@type":"EntryPoint","urlTemplate":"https:\/\/www.alquera.com\/en\/?s={search_term_string}"},"query-input":{"@type":"PropertyValueSpecification","valueRequired":true,"valueName":"search_term_string"}}],"inLanguage":"pt-PT"},{"@type":"Organization","@id":"https:\/\/www.alquera.com\/en\/#organization","name":"ALQUERA CIENCIA SL","url":"https:\/\/www.alquera.com\/en\/","logo":{"@type":"ImageObject","inLanguage":"pt-PT","@id":"https:\/\/www.alquera.com\/en\/#\/schema\/logo\/image\/","url":"https:\/\/www.alquera.com\/wp-content\/uploads\/2020\/11\/logo_300_ancho.png","contentUrl":"https:\/\/www.alquera.com\/wp-content\/uploads\/2020\/11\/logo_300_ancho.png","width":300,"height":86,"caption":"ALQUERA CIENCIA SL"},"image":{"@id":"https:\/\/www.alquera.com\/en\/#\/schema\/logo\/image\/"},"sameAs":["https:\/\/www.facebook.com\/alqueraciencia","https:\/\/www.instagram.com\/alquera_ciencia\/","https:\/\/www.youtube.com\/c\/alquera"]}]}},"_links":{"self":[{"href":"https:\/\/www.alquera.com\/pt\/wp-json\/wp\/v2\/pages\/9983","targetHints":{"allow":["GET"]}}],"collection":[{"href":"https:\/\/www.alquera.com\/pt\/wp-json\/wp\/v2\/pages"}],"about":[{"href":"https:\/\/www.alquera.com\/pt\/wp-json\/wp\/v2\/types\/page"}],"author":[{"embeddable":true,"href":"https:\/\/www.alquera.com\/pt\/wp-json\/wp\/v2\/users\/1"}],"replies":[{"embeddable":true,"href":"https:\/\/www.alquera.com\/pt\/wp-json\/wp\/v2\/comments?post=9983"}],"version-history":[{"count":8,"href":"https:\/\/www.alquera.com\/pt\/wp-json\/wp\/v2\/pages\/9983\/revisions"}],"predecessor-version":[{"id":56860,"href":"https:\/\/www.alquera.com\/pt\/wp-json\/wp\/v2\/pages\/9983\/revisions\/56860"}],"up":[{"embeddable":true,"href":"https:\/\/www.alquera.com\/pt\/wp-json\/wp\/v2\/pages\/32588"}],"wp:attachment":[{"href":"https:\/\/www.alquera.com\/pt\/wp-json\/wp\/v2\/media?parent=9983"}],"curies":[{"name":"wp","href":"https:\/\/api.w.org\/{rel}","templated":true}]}}