{"id":9992,"date":"2020-11-06T16:09:50","date_gmt":"2020-11-06T16:09:50","guid":{"rendered":"http:\/\/www.alquerapruebas.es\/?page_id=9992"},"modified":"2024-02-15T10:52:37","modified_gmt":"2024-02-15T10:52:37","slug":"piscinas","status":"publish","type":"page","link":"https:\/\/www.alquera.com\/pt\/sulfato-de-cobre\/piscinas\/","title":{"rendered":"Piscinas de Sulfato de Cobre"},"content":{"rendered":"<p><p>O&nbsp;<a href=\"https:\/\/www.alquera.com\/pt\/sulfato-de-cobre\/\">Sulfato de Cobre<\/a>&nbsp;para piscinas, CuSO4, \u00e9 utilizado como um&nbsp;<strong>algicida<\/strong> na prepara\u00e7\u00e3o de piscinas durante a \u00e9poca de Ver\u00e3o. Um algicida \u00e9 um qu\u00edmico utilizado para destruir algas (plantas microsc\u00f3picas monocelulares ou multicelulares clorof\u00edlicas). Reproduzem-se por divis\u00e3o ou esporula\u00e7\u00e3o e encorajam o crescimento de microrganismos, tais como bact\u00e9rias e fungos.<\/p>\n<p>Praticamente todas as piscinas requerem a utiliza\u00e7\u00e3o de um algicida. O <strong>sulfato de cobre<\/strong> \u00e9 uma das mais utilizadas.<\/p><\/p>\n\n\n\n<h2 class=\"wp-block-heading\"><strong>QUANDO UTILIZAR SULFATO DE COBRE EM PISCINAS<\/strong><\/h2>\n\n\n\n<p><p>Nestas 2 imagens podem-se ver diferentes piscinas. Na primeira imagem mostramos-lhe 2 piscinas com \u00e1gua esverdeada devido a algas e mat\u00e9ria org\u00e2nica. A imagem inferior mostra-lhe uma piscina em que estamos habituados a nadar. A cor \u00e9 muitas vezes o melhor indicador do estado da piscina.&nbsp;<\/p>\n<p><a href=\"https:\/\/www.alquera.com\/pt\/sulfato-de-cobre\/piscinas\/piscina-agua-algas\/\" rel=\"attachment wp-att-33242\"><img loading=\"lazy\" decoding=\"async\" class=\"alignnone wp-image-33242 size-full\" src=\"https:\/\/www.alquera.com\/wp-content\/uploads\/2021\/03\/piscina-agua-ALGAS.png\" alt=\"Piscina con algas\" width=\"600\" height=\"300\" srcset=\"https:\/\/www.alquera.com\/wp-content\/uploads\/2021\/03\/piscina-agua-ALGAS.png 600w, https:\/\/www.alquera.com\/wp-content\/uploads\/2021\/03\/piscina-agua-ALGAS-300x150.png 300w\" sizes=\"auto, (max-width: 600px) 100vw, 600px\" \/><\/a> <a href=\"https:\/\/www.alquera.com\/pt\/sulfato-de-cobre\/piscinas\/piscina-agua-clara\/\" rel=\"attachment wp-att-33243\"><img loading=\"lazy\" decoding=\"async\" class=\"alignnone wp-image-33243 size-full\" src=\"https:\/\/www.alquera.com\/wp-content\/uploads\/2021\/03\/piscina-agua-clara.png\" alt=\"Piscina agua clara\" width=\"600\" height=\"300\" srcset=\"https:\/\/www.alquera.com\/wp-content\/uploads\/2021\/03\/piscina-agua-clara.png 600w, https:\/\/www.alquera.com\/wp-content\/uploads\/2021\/03\/piscina-agua-clara-300x150.png 300w\" sizes=\"auto, (max-width: 600px) 100vw, 600px\" \/><\/a><\/p><\/p>\n\n\n\n<p>A cor verde deve-se \u00e0s algas, que s\u00e3o microrganismos unicelulares de origem vegetal, com uma grande capacidade de reprodu\u00e7\u00e3o sob certas condi\u00e7\u00f5es.<\/p>\n\n\n\n\n\n<p>Para reparar a piscina quando isto acontecer, recomenda-se a utiliza\u00e7\u00e3o de um<strong> biocida como o Sulfato de Cobre<\/strong> que actuar\u00e1 como um algicida. Sulfato de cobre para piscinas \u00e9 o sulfato de cobre comum (pentahidrato), que normalmente se encontra comercialmente.<\/p>\n\n\n\n<h2 class=\"wp-block-heading\">DOSAGEM DE SULFATO DE COBRE PARA PISCINAS<\/h2>\n\n\n\n<p><p>A dose a ser utilizada depender\u00e1 da quantidade de mat\u00e9ria org\u00e2nica na \u00e1gua. Depende tamb\u00e9m se \u00e9 um tratamento de choque ou se \u00e9 aplicado como um tratamento preventivo para o Inverno.&nbsp;<\/p>\n<p>Para uma limpeza da \u00e1gua de prepara\u00e7\u00e3o para o Ver\u00e3o, uma dose de refer\u00eancia seria <strong>5-10 gramas por m3 de \u00e1gua. <\/strong>&nbsp;1 m3 equivale a 1000 litros, por isso para uma piscina de <strong>100 m3 exigiria 0,5-1Kg<\/strong> de sulfato de cobre, aproximadamente. Podemos tomar estas quantidades como uma refer\u00eancia.<\/p><\/p>\n\n\n\n<p>1m3 de \u00c1gua - (1.000L \u00c1gua) - 5-10 gramas de Sulfato de Cobre<br>10m3 de \u00c1gua - (10.000L \u00c1gua) - 50-100 gramas de Sulfato de Cobre<br>50m3 de \u00c1gua - (50.000L \u00c1gua)- 250-500 gramas de Sulfato de Cobre<br>100m3 \u00c1gua - (100.000L \u00c1gua) - 500-1000 gramas (1Kg) Sulfato de Cobre<br>2500m3 de \u00c1gua - 12-25 Kg de Sulfato de Cobre<\/p>\n\n\n\n<p><\/p>\n\n\n\n<p>Dissolver previamente o produto numa pequena quantidade de \u00e1gua e espalh\u00e1-lo por toda a superf\u00edcie da piscina.<\/p>\n\n\n\n<h2 class=\"wp-block-heading\">LIMPEZA PASSO A PASSO DAS ALGAS NA PISCINA&nbsp;<\/h2>\n\n\n\n<ul class=\"wp-block-list\">\n<li>Fa\u00e7a um c\u00e1lculo do volume de \u00e1gua na sua piscina (se n\u00e3o a tiver no plano de fabrico). Com este volume, estimar a quantidade de sulfato de cobre.<\/li>\n\n\n\n<li>Dissolver primeiro o sulfato de cobre numa pequena quantidade de \u00e1gua. Uma vez dissolvida na pequena quantidade de \u00e1gua, verter a solu\u00e7\u00e3o para a piscina.<\/li>\n\n\n\n<li>Fazer circular a \u00e1gua durante 1-2 horas. Ao fazer circular a \u00e1gua estar\u00e1 a dissolver todo o sulfato de cobre da piscina.  Deixar passar a noite (8-10h) para que o sulfato de cobre actue sobre os microrganismos. O sulfato de cobre \u00e9 um biocida que actuar\u00e1 sobre os microrganismos em suspens\u00e3o. Posteriormente, precisaremos de um produto que os precipite.&nbsp;<\/li>\n\n\n\n<li>Uma vez assentado durante a noite, ou pelo menos 8-10 horas, \u00e9 necess\u00e1rio um floculante para precipitar as part\u00edculas em suspens\u00e3o. Um dos floculantes mais comummente utilizados \u00e9 <a href=\"https:\/\/www.alquera.com\/pt\/sulfato-de-aluminio\/\">Sulfato de alum\u00ednio<\/a>. O sulfato de alum\u00ednio actua como um floculante, ligando as part\u00edculas e precipitando-as no fundo da piscina.<\/li>\n\n\n\n<li>Deixar o sulfato de alum\u00ednio de p\u00e9 e agir durante pelo menos 1-2 horas.<\/li>\n\n\n\n<li>Limpar as impurezas deixadas no fundo e nas paredes com um aspirador de p\u00f3.<\/li>\n\n\n\n<li>Recircular a \u00e1gua da piscina.<\/li>\n\n\n\n<li>Medir o pH da \u00e1gua e o seu cloro residual, verificar se todos os valores se encontram dentro dos par\u00e2metros estabelecidos.&nbsp;<\/li>\n\n\n\n<li>Para prevenir a forma\u00e7\u00e3o de microrganismos, recomenda-se a utiliza\u00e7\u00e3o de um protector de piscina.&nbsp;<\/li>\n<\/ul>\n\n\n\n<p>No caso da utiliza\u00e7\u00e3o de sulfato de cobre ser preventiva (a piscina n\u00e3o \u00e9 verde, mas o sulfato de cobre \u00e9 derramado ao encher a piscina como medida preventiva), utilizar apenas como medida preventiva. <strong>2 a 4 gramas por m3<\/strong> . Se for para manuten\u00e7\u00e3o de inverno (ALL YEAR ROUND), ent\u00e3o use <strong>50 gramas por m3<\/strong> de \u00e1gua.&nbsp;<\/p>\n\n\n\n<p>OBSERVA\u00c7\u00d5ES Ap\u00f3s a aplica\u00e7\u00e3o do algicida ou sulfato de cobre, podem aparecer manchas cinzentas azuis, cobrindo uma superf\u00edcie apreci\u00e1vel das paredes e fundos. S\u00e3o devidos aos res\u00edduos de prote\u00ednas mortas dos microrganismos invasores, e desaparecem por si mesmos no prazo de 1 a 4 dias.<\/p>\n\n\n\n<p><p>Outro uso do sulfato de cobre \u00e9 na agricultura, aqui pode ver mais:&nbsp;<a href=\"https:\/\/www.alquera.com\/pt\/sulfato-de-cobre\/fungicida\/\">fungicida de sulfato de cobre<\/a>e \u00e9 tamb\u00e9m um componente importante no&nbsp;<a href=\"https:\/\/www.alquera.com\/pt\/sulfato-de-cobre\/alimentacion-animal\/\">alimenta\u00e7\u00e3o animal<\/a>.<\/p>\n<h2>DOCUMENTA\u00c7\u00c3O ASSOCIADA<\/h2>\n<ul>\n<li><a href=\"https:\/\/www.alquera.com\/pt\/sulfato-de-cobre\/piscinas\/ntp_690\/\" rel=\"attachment wp-att-33230\">Guia de boas pr\u00e1ticas no manuseamento de produtos qu\u00edmicos em piscinas.&nbsp;<\/a><\/li>\n<li><a href=\"https:\/\/www.alquera.com\/pt\/sulfato-de-cobre\/piscinas\/boe-a-2013-10580-consolidado\/\" rel=\"attachment wp-att-33231\">Decreto Real 742\/2013, de 27 de Setembro, que estabelece os crit\u00e9rios t\u00e9cnico-sanit\u00e1rios para as piscinas.<\/a><\/li>\n<li><a href=\"http:\/\/www.madrid.org\/cs\/Satellite?blobcol=urldata&amp;blobheader=application%2Fpdf&amp;blobheadername1=Content-Disposition&amp;blobheadervalue1=filename%3D3._MANUAL_PISCINAS_ENCARGADOS_MANTENIMIENTO_2010%5B1%5D.pdf&amp;blobkey=id&amp;blobtable=MungoBlobs&amp;blobwhere=1352885284227&amp;ssbinary=true\">Guia de Manuten\u00e7\u00e3o de Piscinas - Comunidade de Sa\u00fade de Madrid<\/a>.<\/li>\n<\/ul><\/p>\n\n\n\n<h3 class=\"widget-title\">Comprar <\/h3><div><div class=\"woocommerce\"><ul class=\"products columns-4\">\n<li class=\"desktop-align-left tablet-align-left mobile-align-left ast-product-gallery-layout-horizontal-slider ast-magnify-disabled ast-product-single-variable ast-product-tabs-layout-horizontal ast-qv-on-image product type-product post-495 status-publish first instock product_cat-productos-experimentos product_cat-productos has-post-thumbnail taxable shipping-taxable purchasable product-type-variable has-default-attributes\">\n\t<a href=\"https:\/\/www.alquera.com\/pt\/permanganato-de-potasio\/\" class=\"woocommerce-LoopProduct-link woocommerce-loop-product__link\"><img loading=\"lazy\" decoding=\"async\" width=\"300\" height=\"300\" src=\"https:\/\/www.alquera.com\/wp-content\/uploads\/2016\/01\/permanganato-200g-foto-nueva-300x300.png\" class=\"attachment-woocommerce_thumbnail size-woocommerce_thumbnail\" alt=\"permanganato 200g\" srcset=\"https:\/\/www.alquera.com\/wp-content\/uploads\/2016\/01\/permanganato-200g-foto-nueva-300x300.png 300w, https:\/\/www.alquera.com\/wp-content\/uploads\/2016\/01\/permanganato-200g-foto-nueva-150x150.png 150w, https:\/\/www.alquera.com\/wp-content\/uploads\/2016\/01\/permanganato-200g-foto-nueva-12x12.png 12w, https:\/\/www.alquera.com\/wp-content\/uploads\/2016\/01\/permanganato-200g-foto-nueva-100x100.png 100w\" sizes=\"auto, (max-width: 300px) 100vw, 300px\" \/><h2 class=\"woocommerce-loop-product__title\">Permanganato de Pot\u00e1ssio<\/h2><div class=\"review-rating\"><div class=\"star-rating\"><span style=\"width:100%\" data-no-translation=\"\" data-trp-gettext=\"\">Classificado <strong class=\"rating\">5.00<\/strong> em 5<\/span><\/div><\/div>\n<\/a><a href=\"https:\/\/www.alquera.com\/pt\/permanganato-de-potasio\/\" aria-describedby=\"woocommerce_loop_add_to_cart_link_describedby_495\" data-quantity=\"1\" class=\"button product_type_variable add_to_cart_button\" data-product_id=\"495\" data-product_sku=\"AL100111\" aria-label=\"Seleccione as op\u00e7\u00f5es para \u201cPermanganato de Potasio\u201d\" rel=\"nofollow\" data-no-translation=\"\" data-trp-gettext=\"\" data-no-translation-aria-label=\"\">Ver op\u00e7\u00f5es<\/a>\t<span id=\"woocommerce_loop_add_to_cart_link_describedby_495\" class=\"screen-reader-text\">\n\t\tEste produto tem v\u00e1rias variantes. As op\u00e7\u00f5es podem ser seleccionadas na p\u00e1gina do produto\t<\/span>\n<\/li>\n<\/ul>\n<\/div><\/div>\n\n\n\n<p class=\"widget-title\">Leia mais<\/p><a href=\"https:\/\/www.alquera.com\/pt\/sulfato-de-cobre\/\">Sulfato de Cobre<\/a>\n<!-- Page-list plugin v.5.9 wordpress.org\/plugins\/page-list\/ -->\n<ul class=\"page-list siblings-page-list\">\n<li class=\"page_item page-item-9998 menu-item\"><a href=\"https:\/\/www.alquera.com\/pt\/sulfato-de-cobre\/caldo-bordeles-agricultura\/\" class=\"menu-link\">Caldo Bordelaise<\/a><\/li>\n<li class=\"page_item page-item-9989 menu-item\"><a href=\"https:\/\/www.alquera.com\/pt\/sulfato-de-cobre\/alimentacion-animal\/\" class=\"menu-link\">Sulfato de Cobre Ra\u00e7\u00e3o Animal<\/a><\/li>\n<li class=\"page_item page-item-331 menu-item\"><a href=\"https:\/\/www.alquera.com\/pt\/sulfato-de-cobre\/fungicida\/\" class=\"menu-link\">Fungicida de Sulfato de Cobre<\/a><\/li>\n<li class=\"page_item page-item-9992 menu-item\"><a href=\"https:\/\/www.alquera.com\/pt\/sulfato-de-cobre\/piscinas\/\" class=\"menu-link\">Piscinas de Sulfato de Cobre<\/a><\/li>\n<li class=\"page_item page-item-324 menu-item\"><a href=\"https:\/\/www.alquera.com\/pt\/sulfato-de-cobre\/usos\/\" class=\"menu-link\">Utiliza sulfato de cobre<\/a><\/li>\n\n<\/ul>","protected":false},"excerpt":{"rendered":"<p>El&nbsp;Sulfato de Cobre&nbsp;para piscinas, CuSO4, es utilizado como&nbsp;alguicida en la preparaci\u00f3n de las piscinas en \u00e9poca estival. Un alguicida en un qu\u00edmico utilizado para destruir las algas (vegetales clorof\u00edlicos microsc\u00f3picos un\u00ed o pluricelulares). \u00c9stas se reproducen por divisi\u00f3n o esporulaci\u00f3n y favorecen el crecimiento de microorganismos como las bacterias y los hongos. Pr\u00e1cticamente todas las [&hellip;]<\/p>\n","protected":false},"author":1,"featured_media":0,"parent":32602,"menu_order":0,"comment_status":"open","ping_status":"closed","template":"","meta":{"_acf_changed":false,"site-sidebar-layout":"default","site-content-layout":"default","ast-site-content-layout":"default","site-content-style":"default","site-sidebar-style":"default","ast-global-header-display":"","ast-banner-title-visibility":"","ast-main-header-display":"","ast-hfb-above-header-display":"","ast-hfb-below-header-display":"","ast-hfb-mobile-header-display":"","site-post-title":"","ast-breadcrumbs-content":"","ast-featured-img":"","footer-sml-layout":"","ast-disable-related-posts":"","theme-transparent-header-meta":"default","adv-header-id-meta":"","stick-header-meta":"default","header-above-stick-meta":"","header-main-stick-meta":"","header-below-stick-meta":"","astra-migrate-meta-layouts":"default","ast-page-background-enabled":"default","ast-page-background-meta":{"desktop":{"background-color":"var(--ast-global-color-4)","background-image":"","background-repeat":"repeat","background-position":"center center","background-size":"auto","background-attachment":"scroll","background-type":"","background-media":"","overlay-type":"","overlay-color":"","overlay-opacity":"","overlay-gradient":""},"tablet":{"background-color":"","background-image":"","background-repeat":"repeat","background-position":"center center","background-size":"auto","background-attachment":"scroll","background-type":"","background-media":"","overlay-type":"","overlay-color":"","overlay-opacity":"","overlay-gradient":""},"mobile":{"background-color":"","background-image":"","background-repeat":"repeat","background-position":"center center","background-size":"auto","background-attachment":"scroll","background-type":"","background-media":"","overlay-type":"","overlay-color":"","overlay-opacity":"","overlay-gradient":""}},"ast-content-background-meta":{"desktop":{"background-color":"var(--ast-global-color-5)","background-image":"","background-repeat":"repeat","background-position":"center center","background-size":"auto","background-attachment":"scroll","background-type":"","background-media":"","overlay-type":"","overlay-color":"","overlay-opacity":"","overlay-gradient":""},"tablet":{"background-color":"var(--ast-global-color-5)","background-image":"","background-repeat":"repeat","background-position":"center center","background-size":"auto","background-attachment":"scroll","background-type":"","background-media":"","overlay-type":"","overlay-color":"","overlay-opacity":"","overlay-gradient":""},"mobile":{"background-color":"var(--ast-global-color-5)","background-image":"","background-repeat":"repeat","background-position":"center center","background-size":"auto","background-attachment":"scroll","background-type":"","background-media":"","overlay-type":"","overlay-color":"","overlay-opacity":"","overlay-gradient":""}},"footnotes":""},"class_list":["post-9992","page","type-page","status-publish","hentry"],"acf":[],"yoast_head":"<!-- This site is optimized with the Yoast SEO Premium plugin v27.1 (Yoast SEO v27.1.1) - https:\/\/yoast.com\/product\/yoast-seo-premium-wordpress\/ -->\n<title>Sulfato de Cobre: Uso en Piscinas y Comprar - Alquera.com<\/title>\n<meta name=\"description\" content=\"ENV\u00cdOS EN 24\/48H - El sulfato de cobre es un producto que actua como excelente alguicida para piscinas. Ver c\u00f3mo aplicar el sulfato de cobre\" \/>\n<meta name=\"robots\" content=\"index, follow, max-snippet:-1, max-image-preview:large, max-video-preview:-1\" \/>\n<link rel=\"canonical\" href=\"https:\/\/www.alquera.com\/pt\/sulfato-de-cobre\/piscinas\/\" \/>\n<meta property=\"og:locale\" content=\"pt_PT\" \/>\n<meta property=\"og:type\" content=\"article\" \/>\n<meta property=\"og:title\" content=\"Sulfato de Cobre Piscinas\" \/>\n<meta property=\"og:description\" content=\"ENV\u00cdOS EN 24\/48H - El sulfato de cobre es un producto que actua como excelente alguicida para piscinas. Ver c\u00f3mo aplicar el sulfato de cobre\" \/>\n<meta property=\"og:url\" content=\"https:\/\/www.alquera.com\/pt\/sulfato-de-cobre\/piscinas\/\" \/>\n<meta property=\"og:site_name\" content=\"Alquera.com\" \/>\n<meta property=\"article:publisher\" content=\"https:\/\/www.facebook.com\/alqueraciencia\" \/>\n<meta property=\"article:modified_time\" content=\"2024-02-15T10:52:37+00:00\" \/>\n<meta property=\"og:image\" content=\"https:\/\/www.alquera.com\/wp-content\/uploads\/2021\/03\/piscina-agua-ALGAS.png\" \/>\n<meta name=\"twitter:card\" content=\"summary_large_image\" \/>\n<meta name=\"twitter:label1\" content=\"Tempo estimado de leitura\" \/>\n\t<meta name=\"twitter:data1\" content=\"4 minutos\" \/>\n<script type=\"application\/ld+json\" class=\"yoast-schema-graph\">{\"@context\":\"https:\/\/schema.org\",\"@graph\":[{\"@type\":\"WebPage\",\"@id\":\"https:\/\/www.alquera.com\/sulfato-de-cobre\/piscinas\/\",\"url\":\"https:\/\/www.alquera.com\/sulfato-de-cobre\/piscinas\/\",\"name\":\"Sulfato de Cobre: Uso en Piscinas y Comprar - Alquera.com\",\"isPartOf\":{\"@id\":\"https:\/\/www.alquera.com\/en\/#website\"},\"primaryImageOfPage\":{\"@id\":\"https:\/\/www.alquera.com\/sulfato-de-cobre\/piscinas\/#primaryimage\"},\"image\":{\"@id\":\"https:\/\/www.alquera.com\/sulfato-de-cobre\/piscinas\/#primaryimage\"},\"thumbnailUrl\":\"https:\/\/www.alquera.com\/wp-content\/uploads\/2021\/03\/piscina-agua-ALGAS.png\",\"datePublished\":\"2020-11-06T16:09:50+00:00\",\"dateModified\":\"2024-02-15T10:52:37+00:00\",\"description\":\"ENV\u00cdOS EN 24\/48H - El sulfato de cobre es un producto que actua como excelente alguicida para piscinas. Ver c\u00f3mo aplicar el sulfato de cobre\",\"breadcrumb\":{\"@id\":\"https:\/\/www.alquera.com\/sulfato-de-cobre\/piscinas\/#breadcrumb\"},\"inLanguage\":\"pt-PT\",\"potentialAction\":[{\"@type\":\"ReadAction\",\"target\":[\"https:\/\/www.alquera.com\/sulfato-de-cobre\/piscinas\/\"]}]},{\"@type\":\"ImageObject\",\"inLanguage\":\"pt-PT\",\"@id\":\"https:\/\/www.alquera.com\/sulfato-de-cobre\/piscinas\/#primaryimage\",\"url\":\"https:\/\/www.alquera.com\/wp-content\/uploads\/2021\/03\/piscina-agua-ALGAS.png\",\"contentUrl\":\"https:\/\/www.alquera.com\/wp-content\/uploads\/2021\/03\/piscina-agua-ALGAS.png\"},{\"@type\":\"BreadcrumbList\",\"@id\":\"https:\/\/www.alquera.com\/sulfato-de-cobre\/piscinas\/#breadcrumb\",\"itemListElement\":[{\"@type\":\"ListItem\",\"position\":1,\"name\":\"Inicio\",\"item\":\"https:\/\/www.alquera.com\/\"},{\"@type\":\"ListItem\",\"position\":2,\"name\":\"Sulfato de Cobre\",\"item\":\"https:\/\/www.alquera.com\/sulfato-de-cobre\/\"},{\"@type\":\"ListItem\",\"position\":3,\"name\":\"Sulfato de Cobre Piscinas\"}]},{\"@type\":\"WebSite\",\"@id\":\"https:\/\/www.alquera.com\/en\/#website\",\"url\":\"https:\/\/www.alquera.com\/en\/\",\"name\":\"Alquera.com\",\"description\":\"Tienda Online Productos Qu\u00edmicos y Material de Laboratorio\",\"publisher\":{\"@id\":\"https:\/\/www.alquera.com\/en\/#organization\"},\"potentialAction\":[{\"@type\":\"SearchAction\",\"target\":{\"@type\":\"EntryPoint\",\"urlTemplate\":\"https:\/\/www.alquera.com\/en\/?s={search_term_string}\"},\"query-input\":{\"@type\":\"PropertyValueSpecification\",\"valueRequired\":true,\"valueName\":\"search_term_string\"}}],\"inLanguage\":\"pt-PT\"},{\"@type\":\"Organization\",\"@id\":\"https:\/\/www.alquera.com\/en\/#organization\",\"name\":\"ALQUERA CIENCIA SL\",\"url\":\"https:\/\/www.alquera.com\/en\/\",\"logo\":{\"@type\":\"ImageObject\",\"inLanguage\":\"pt-PT\",\"@id\":\"https:\/\/www.alquera.com\/en\/#\/schema\/logo\/image\/\",\"url\":\"https:\/\/www.alquera.com\/wp-content\/uploads\/2020\/11\/logo_300_ancho.png\",\"contentUrl\":\"https:\/\/www.alquera.com\/wp-content\/uploads\/2020\/11\/logo_300_ancho.png\",\"width\":300,\"height\":86,\"caption\":\"ALQUERA CIENCIA SL\"},\"image\":{\"@id\":\"https:\/\/www.alquera.com\/en\/#\/schema\/logo\/image\/\"},\"sameAs\":[\"https:\/\/www.facebook.com\/alqueraciencia\",\"https:\/\/www.instagram.com\/alquera_ciencia\/\",\"https:\/\/www.youtube.com\/c\/alquera\"]}]}<\/script>\n<!-- \/ Yoast SEO Premium plugin. -->","yoast_head_json":{"title":"Sulfato de Cobre: Utiliza\u00e7\u00e3o em Piscinas e Comprar - Alquera.com","description":"ENVIO EM 24\/48H - O sulfato de cobre \u00e9 um produto que actua como um excelente algicida para piscinas. Ver como aplicar o sulfato de cobre","robots":{"index":"index","follow":"follow","max-snippet":"max-snippet:-1","max-image-preview":"max-image-preview:large","max-video-preview":"max-video-preview:-1"},"canonical":"https:\/\/www.alquera.com\/pt\/sulfato-de-cobre\/piscinas\/","og_locale":"pt_PT","og_type":"article","og_title":"Sulfato de Cobre Piscinas","og_description":"ENV\u00cdOS EN 24\/48H - El sulfato de cobre es un producto que actua como excelente alguicida para piscinas. Ver c\u00f3mo aplicar el sulfato de cobre","og_url":"https:\/\/www.alquera.com\/pt\/sulfato-de-cobre\/piscinas\/","og_site_name":"Alquera.com","article_publisher":"https:\/\/www.facebook.com\/alqueraciencia","article_modified_time":"2024-02-15T10:52:37+00:00","og_image":[{"url":"https:\/\/www.alquera.com\/wp-content\/uploads\/2021\/03\/piscina-agua-ALGAS.png","type":"","width":"","height":""}],"twitter_card":"summary_large_image","twitter_misc":{"Tempo estimado de leitura":"4 minutos"},"schema":{"@context":"https:\/\/schema.org","@graph":[{"@type":"WebPage","@id":"https:\/\/www.alquera.com\/sulfato-de-cobre\/piscinas\/","url":"https:\/\/www.alquera.com\/sulfato-de-cobre\/piscinas\/","name":"Sulfato de Cobre: Utiliza\u00e7\u00e3o em Piscinas e Comprar - Alquera.com","isPartOf":{"@id":"https:\/\/www.alquera.com\/en\/#website"},"primaryImageOfPage":{"@id":"https:\/\/www.alquera.com\/sulfato-de-cobre\/piscinas\/#primaryimage"},"image":{"@id":"https:\/\/www.alquera.com\/sulfato-de-cobre\/piscinas\/#primaryimage"},"thumbnailUrl":"https:\/\/www.alquera.com\/wp-content\/uploads\/2021\/03\/piscina-agua-ALGAS.png","datePublished":"2020-11-06T16:09:50+00:00","dateModified":"2024-02-15T10:52:37+00:00","description":"ENVIO EM 24\/48H - O sulfato de cobre \u00e9 um produto que actua como um excelente algicida para piscinas. Ver como aplicar o sulfato de cobre","breadcrumb":{"@id":"https:\/\/www.alquera.com\/sulfato-de-cobre\/piscinas\/#breadcrumb"},"inLanguage":"pt-PT","potentialAction":[{"@type":"ReadAction","target":["https:\/\/www.alquera.com\/sulfato-de-cobre\/piscinas\/"]}]},{"@type":"ImageObject","inLanguage":"pt-PT","@id":"https:\/\/www.alquera.com\/sulfato-de-cobre\/piscinas\/#primaryimage","url":"https:\/\/www.alquera.com\/wp-content\/uploads\/2021\/03\/piscina-agua-ALGAS.png","contentUrl":"https:\/\/www.alquera.com\/wp-content\/uploads\/2021\/03\/piscina-agua-ALGAS.png"},{"@type":"BreadcrumbList","@id":"https:\/\/www.alquera.com\/sulfato-de-cobre\/piscinas\/#breadcrumb","itemListElement":[{"@type":"ListItem","position":1,"name":"Inicio","item":"https:\/\/www.alquera.com\/"},{"@type":"ListItem","position":2,"name":"Sulfato de Cobre","item":"https:\/\/www.alquera.com\/sulfato-de-cobre\/"},{"@type":"ListItem","position":3,"name":"Sulfato de Cobre Piscinas"}]},{"@type":"WebSite","@id":"https:\/\/www.alquera.com\/en\/#website","url":"https:\/\/www.alquera.com\/en\/","name":"Alquera.com","description":"Loja on-line de produtos qu\u00edmicos e equipamento de laborat\u00f3rio","publisher":{"@id":"https:\/\/www.alquera.com\/en\/#organization"},"potentialAction":[{"@type":"SearchAction","target":{"@type":"EntryPoint","urlTemplate":"https:\/\/www.alquera.com\/en\/?s={search_term_string}"},"query-input":{"@type":"PropertyValueSpecification","valueRequired":true,"valueName":"search_term_string"}}],"inLanguage":"pt-PT"},{"@type":"Organization","@id":"https:\/\/www.alquera.com\/en\/#organization","name":"ALQUERA CIENCIA SL","url":"https:\/\/www.alquera.com\/en\/","logo":{"@type":"ImageObject","inLanguage":"pt-PT","@id":"https:\/\/www.alquera.com\/en\/#\/schema\/logo\/image\/","url":"https:\/\/www.alquera.com\/wp-content\/uploads\/2020\/11\/logo_300_ancho.png","contentUrl":"https:\/\/www.alquera.com\/wp-content\/uploads\/2020\/11\/logo_300_ancho.png","width":300,"height":86,"caption":"ALQUERA CIENCIA SL"},"image":{"@id":"https:\/\/www.alquera.com\/en\/#\/schema\/logo\/image\/"},"sameAs":["https:\/\/www.facebook.com\/alqueraciencia","https:\/\/www.instagram.com\/alquera_ciencia\/","https:\/\/www.youtube.com\/c\/alquera"]}]}},"_links":{"self":[{"href":"https:\/\/www.alquera.com\/pt\/wp-json\/wp\/v2\/pages\/9992","targetHints":{"allow":["GET"]}}],"collection":[{"href":"https:\/\/www.alquera.com\/pt\/wp-json\/wp\/v2\/pages"}],"about":[{"href":"https:\/\/www.alquera.com\/pt\/wp-json\/wp\/v2\/types\/page"}],"author":[{"embeddable":true,"href":"https:\/\/www.alquera.com\/pt\/wp-json\/wp\/v2\/users\/1"}],"replies":[{"embeddable":true,"href":"https:\/\/www.alquera.com\/pt\/wp-json\/wp\/v2\/comments?post=9992"}],"version-history":[{"count":26,"href":"https:\/\/www.alquera.com\/pt\/wp-json\/wp\/v2\/pages\/9992\/revisions"}],"predecessor-version":[{"id":46316,"href":"https:\/\/www.alquera.com\/pt\/wp-json\/wp\/v2\/pages\/9992\/revisions\/46316"}],"up":[{"embeddable":true,"href":"https:\/\/www.alquera.com\/pt\/wp-json\/wp\/v2\/pages\/32602"}],"wp:attachment":[{"href":"https:\/\/www.alquera.com\/pt\/wp-json\/wp\/v2\/media?parent=9992"}],"curies":[{"name":"wp","href":"https:\/\/api.w.org\/{rel}","templated":true}]}}