{"id":1222,"date":"2018-12-08T13:33:29","date_gmt":"2018-12-08T13:33:29","guid":{"rendered":"http:\/\/localhost\/alquera\/productos\/producto\/hierro-metal-grano-fino-g50-25kg\/"},"modified":"2026-02-26T14:28:29","modified_gmt":"2026-02-26T14:28:29","slug":"polvos-de-hierro","status":"publish","type":"product","link":"https:\/\/www.alquera.com\/pt\/polvos-de-hierro\/","title":{"rendered":"P\u00f3s de Ferro 100micron &gt;98%"},"content":{"rendered":"<p>P\u00f3s finos de ferro, da mais alta qualidade e pureza. Obtido por meio de um processo de atomiza\u00e7\u00e3o da \u00e1gua e reduzido com hidrog\u00e9nio para obter a mais alta qualidade. Tamanho m\u00e1ximo do gr\u00e3o 100\u00b5m. Pureza &gt; 98%.  Se precisar de um gr\u00e3o maior de p\u00f3 de ferro (at\u00e9 0,4mm), consulte a nossa sec\u00e7\u00e3o de <a href=\"http:\/\/www.alquera.com\/pt\/limaduras-de-hierro\/\">limalhas de ferro<\/a>. Apresenta propriedades magn\u00e9ticas, tem uma elevada dureza e densidade, \u00e9 utilizado em m\u00faltiplas aplica\u00e7\u00f5es e representa 95 % por peso da produ\u00e7\u00e3o mundial de metais.<\/p>\n<h2><strong>IDENTIFICA\u00c7\u00c3O E PROPRIEDADES\u00a0<\/strong><\/h2>\n<p><strong>Nome:<\/strong> P\u00f3 de Ferro<br \/>\n<strong>Conte\u00fado F\u00e9<\/strong> = 98,5 % min<br \/>\n<strong>CAS:<\/strong> 7439-89-6<br \/>\n<strong>CE: <\/strong>231-096-4<\/p>\n<ul>\n<li>Estado f\u00edsico (20\u00baC): S\u00f3lido - P\u00f3 (p\u00f3 met\u00e1lico).<\/li>\n<li>Cor: cinzento (metalizado)<\/li>\n<li>Odor: Inodoro.<\/li>\n<li>Ponto de partida\/ponto de ebuli\u00e7\u00e3o\/intervalo de ebuli\u00e7\u00e3o: 2861\u00baC<\/li>\n<li>Press\u00e3o de vapor: 1,0 mmHg, 1787\u00baC<\/li>\n<li>Inflamabilidade: Este material \u00e9 combust\u00edvel, mas n\u00e3o \u00e9 facilmente inflam\u00e1vel.<\/li>\n<li>Ponto de inflama\u00e7\u00e3o: De acordo com a coluna 2 do Anexo VII do REACH, o estudo n\u00e3o \u00e9 necess\u00e1rio, uma vez que a subst\u00e2ncia \u00e9 inorg\u00e2nica.<\/li>\n<li>Temperatura de auto-igni\u00e7\u00e3o: 350\u00b0C a 1013 hPa (ECHA) (temperatura relativa de auto-igni\u00e7\u00e3o de s\u00f3lidos).<\/li>\n<li>Ponto de fus\u00e3o: 1530\u00baC<\/li>\n<li>pH: N.A. Insol\u00favel em \u00e1gua<\/li>\n<li>Viscosidade cinem\u00e1tica\/din\u00e2mica: N\u00e3o aplic\u00e1vel. A viscosidade s\u00f3 \u00e9 relevante para l\u00edquidos. A subst\u00e2ncia \u00e9 um s\u00f3lido met\u00e1lico com um ponto de fus\u00e3o &gt;1500\u00b0C, pelo que esta determina\u00e7\u00e3o n\u00e3o \u00e9 necess\u00e1ria.<\/li>\n<li>Solubilidade: Insol\u00favel em \u00e1gua 0,015 mg\/l (22\u00baC)<\/li>\n<li>Solubilidade em \u00e1gua: insol\u00favel em \u00e1gua; 0,015 mg\/l (22\u00baC)<\/li>\n<li>Coeficiente de parti\u00e7\u00e3o (n-octanol\/\u00e1gua) (valor logar\u00edtmico): N.A. Subst\u00e2ncia inorg\u00e2nica.<\/li>\n<li>Densidade a granel: 2,00-4,00 g\/cm3<\/li>\n<li>Densidade relativa (\u00e1gua=1, 20\u00baC): 7,87.<\/li>\n<\/ul>\n<h2>USES<\/h2>\n<ul>\n<li>Utiliza\u00e7\u00e3o em aplica\u00e7\u00f5es industriais e profissionais<\/li>\n<li>El\u00e9ctrodos de soldadura<\/li>\n<li>Jato de areia suave<\/li>\n<li>Corte por chama<\/li>\n<li>Reac\u00e7\u00f5es qu\u00edmicas<\/li>\n<li>Ferramentas diamantadas<\/li>\n<li>Ensaios magn\u00e9ticos (ensaios n\u00e3o destrutivos)<\/li>\n<li>Carregamento de resina<\/li>\n<li>Sintetizado<\/li>\n<li>Selec\u00e7\u00e3o de sementes<\/li>\n<li>Fotocopiadoras<\/li>\n<li>Reagentes de laborat\u00f3rio<\/li>\n<\/ul>","protected":false},"excerpt":{"rendered":"<p>Comprar p\u00f3 de ferro em formatos de 1kg, 5kg e 25kg. Pode ver o pre\u00e7o dos diferentes formatos de p\u00f3 de ferro quando selecciona o formato desejado. A encomenda \u00e9 feita directamente atrav\u00e9s da web seguindo os passos indicados, sendo entregue em 24\/48 horas.<\/p>","protected":false},"featured_media":8648,"comment_status":"open","ping_status":"closed","template":"","meta":{"_acf_changed":false,"site-sidebar-layout":"default","site-content-layout":"default","ast-site-content-layout":"default","site-content-style":"default","site-sidebar-style":"default","ast-global-header-display":"","ast-banner-title-visibility":"","ast-main-header-display":"","ast-hfb-above-header-display":"","ast-hfb-below-header-display":"","ast-hfb-mobile-header-display":"","site-post-title":"","ast-breadcrumbs-content":"","ast-featured-img":"","footer-sml-layout":"","ast-disable-related-posts":"","theme-transparent-header-meta":"default","adv-header-id-meta":"","stick-header-meta":"default","header-above-stick-meta":"","header-main-stick-meta":"","header-below-stick-meta":"","astra-migrate-meta-layouts":"default","ast-page-background-enabled":"default","ast-page-background-meta":{"desktop":{"background-color":"var(--ast-global-color-4)","background-image":"","background-repeat":"repeat","background-position":"center center","background-size":"auto","background-attachment":"scroll","background-type":"","background-media":"","overlay-type":"","overlay-color":"","overlay-opacity":"","overlay-gradient":""},"tablet":{"background-color":"","background-image":"","background-repeat":"repeat","background-position":"center center","background-size":"auto","background-attachment":"scroll","background-type":"","background-media":"","overlay-type":"","overlay-color":"","overlay-opacity":"","overlay-gradient":""},"mobile":{"background-color":"","background-image":"","background-repeat":"repeat","background-position":"center center","background-size":"auto","background-attachment":"scroll","background-type":"","background-media":"","overlay-type":"","overlay-color":"","overlay-opacity":"","overlay-gradient":""}},"ast-content-background-meta":{"desktop":{"background-color":"var(--ast-global-color-5)","background-image":"","background-repeat":"repeat","background-position":"center center","background-size":"auto","background-attachment":"scroll","background-type":"","background-media":"","overlay-type":"","overlay-color":"","overlay-opacity":"","overlay-gradient":""},"tablet":{"background-color":"var(--ast-global-color-5)","background-image":"","background-repeat":"repeat","background-position":"center center","background-size":"auto","background-attachment":"scroll","background-type":"","background-media":"","overlay-type":"","overlay-color":"","overlay-opacity":"","overlay-gradient":""},"mobile":{"background-color":"var(--ast-global-color-5)","background-image":"","background-repeat":"repeat","background-position":"center center","background-size":"auto","background-attachment":"scroll","background-type":"","background-media":"","overlay-type":"","overlay-color":"","overlay-opacity":"","overlay-gradient":""}}},"product_brand":[],"product_cat":[260,206],"product_tag":[],"class_list":{"0":"post-1222","1":"product","2":"type-product","3":"status-publish","4":"has-post-thumbnail","6":"product_cat-hierro-polvo-limaduras-y-chapa","7":"product_cat-productos-experimentos","8":"pa_cantidad-300g","9":"pa_cantidad-1kg","10":"pa_cantidad-5kg","11":"pa_cantidad-25kg","12":"desktop-align-left","13":"tablet-align-left","14":"mobile-align-left","15":"ast-product-gallery-layout-horizontal-slider","16":"ast-magnify-disabled","17":"ast-product-single-variable","18":"ast-product-tabs-layout-horizontal","19":"ast-qv-on-image","21":"first","22":"instock","23":"taxable","24":"shipping-taxable","25":"purchasable","26":"product-type-variable","27":"has-default-attributes"},"acf":[],"yoast_head":"<!-- This site is optimized with the Yoast SEO Premium plugin v27.1 (Yoast SEO v27.1.1) - https:\/\/yoast.com\/product\/yoast-seo-premium-wordpress\/ -->\n<title>Polvos de Hierro: Comprar Online - Alquera.com<\/title>\n<meta name=\"description\" content=\"ENV\u00cdOS EN 24\/48H - Comprar Polvos de Hierro en Alquera. Calidad m\u00e1xima. 100micras, pureza &gt;98%. Env\u00edos en 24\/48h\" \/>\n<meta name=\"robots\" content=\"index, follow, max-snippet:-1, max-image-preview:large, max-video-preview:-1\" \/>\n<link rel=\"canonical\" href=\"https:\/\/www.alquera.com\/pt\/polvos-de-hierro\/\" \/>\n<meta property=\"og:locale\" content=\"pt_PT\" \/>\n<meta property=\"og:type\" content=\"article\" \/>\n<meta property=\"og:title\" content=\"Polvos de Hierro 100micras &gt;98%: Comprar Online - Alquera.com\" \/>\n<meta property=\"og:description\" content=\"ENV\u00cdOS EN 24\/48H - Comprar Polvos de Hierro en Alquera. Calidad m\u00e1xima. 100micras, pureza &gt;98%. Env\u00edos en 24\/48h\" \/>\n<meta property=\"og:url\" content=\"https:\/\/www.alquera.com\/pt\/polvos-de-hierro\/\" \/>\n<meta property=\"og:site_name\" content=\"Alquera.com\" \/>\n<meta property=\"article:publisher\" content=\"https:\/\/www.facebook.com\/alqueraciencia\" \/>\n<meta property=\"article:modified_time\" content=\"2026-02-26T14:28:29+00:00\" \/>\n<meta property=\"og:image\" content=\"https:\/\/www.alquera.com\/wp-content\/uploads\/2018\/12\/polvos-de-hierro.jpg\" \/>\n\t<meta property=\"og:image:width\" content=\"800\" \/>\n\t<meta property=\"og:image:height\" content=\"800\" \/>\n\t<meta property=\"og:image:type\" content=\"image\/jpeg\" \/>\n<meta name=\"twitter:card\" content=\"summary_large_image\" \/>\n<meta name=\"twitter:label1\" content=\"Disponibilidade\" \/>\n\t<meta name=\"twitter:data1\" content=\"Em stock\" \/>\n<script type=\"application\/ld+json\" class=\"yoast-schema-graph\">{\"@context\":\"https:\/\/schema.org\",\"@graph\":[{\"@type\":[\"WebPage\",\"ItemPage\"],\"@id\":\"https:\/\/www.alquera.com\/polvos-de-hierro\/\",\"url\":\"https:\/\/www.alquera.com\/polvos-de-hierro\/\",\"name\":\"Polvos de Hierro: Comprar Online - Alquera.com\",\"isPartOf\":{\"@id\":\"https:\/\/www.alquera.com\/en\/#website\"},\"primaryImageOfPage\":{\"@id\":\"https:\/\/www.alquera.com\/polvos-de-hierro\/#primaryimage\"},\"image\":{\"@id\":\"https:\/\/www.alquera.com\/polvos-de-hierro\/#primaryimage\"},\"thumbnailUrl\":\"https:\/\/www.alquera.com\/wp-content\/uploads\/2018\/12\/polvos-de-hierro.jpg\",\"datePublished\":\"2018-12-08T13:33:29+00:00\",\"dateModified\":\"2026-02-26T14:28:29+00:00\",\"description\":\"ENV\u00cdOS EN 24\/48H - Comprar Polvos de Hierro en Alquera. Calidad m\u00e1xima. 100micras, pureza >98%. Env\u00edos en 24\/48h\",\"breadcrumb\":{\"@id\":\"https:\/\/www.alquera.com\/polvos-de-hierro\/#breadcrumb\"},\"inLanguage\":\"pt-PT\",\"potentialAction\":[{\"@type\":\"ReadAction\",\"target\":[\"https:\/\/www.alquera.com\/polvos-de-hierro\/\"]}]},{\"@type\":\"ImageObject\",\"inLanguage\":\"pt-PT\",\"@id\":\"https:\/\/www.alquera.com\/polvos-de-hierro\/#primaryimage\",\"url\":\"https:\/\/www.alquera.com\/wp-content\/uploads\/2018\/12\/polvos-de-hierro.jpg\",\"contentUrl\":\"https:\/\/www.alquera.com\/wp-content\/uploads\/2018\/12\/polvos-de-hierro.jpg\",\"width\":800,\"height\":800,\"caption\":\"Polvos de hierro\"},{\"@type\":\"BreadcrumbList\",\"@id\":\"https:\/\/www.alquera.com\/polvos-de-hierro\/#breadcrumb\",\"itemListElement\":[{\"@type\":\"ListItem\",\"position\":1,\"name\":\"Inicio\",\"item\":\"https:\/\/www.alquera.com\/\"},{\"@type\":\"ListItem\",\"position\":2,\"name\":\"Alquera.com: Tienda Online de Productos Qu\u00edmicos y Material de Laboratorio\",\"item\":\"https:\/\/www.alquera.com\/en\/tienda\/\"},{\"@type\":\"ListItem\",\"position\":3,\"name\":\"Polvos de Hierro 100micras >98%\"}]},{\"@type\":\"WebSite\",\"@id\":\"https:\/\/www.alquera.com\/en\/#website\",\"url\":\"https:\/\/www.alquera.com\/en\/\",\"name\":\"Alquera.com\",\"description\":\"Tienda Online Productos Qu\u00edmicos y Material de Laboratorio\",\"publisher\":{\"@id\":\"https:\/\/www.alquera.com\/en\/#organization\"},\"potentialAction\":[{\"@type\":\"SearchAction\",\"target\":{\"@type\":\"EntryPoint\",\"urlTemplate\":\"https:\/\/www.alquera.com\/en\/?s={search_term_string}\"},\"query-input\":{\"@type\":\"PropertyValueSpecification\",\"valueRequired\":true,\"valueName\":\"search_term_string\"}}],\"inLanguage\":\"pt-PT\"},{\"@type\":\"Organization\",\"@id\":\"https:\/\/www.alquera.com\/en\/#organization\",\"name\":\"ALQUERA CIENCIA SL\",\"url\":\"https:\/\/www.alquera.com\/en\/\",\"logo\":{\"@type\":\"ImageObject\",\"inLanguage\":\"pt-PT\",\"@id\":\"https:\/\/www.alquera.com\/en\/#\/schema\/logo\/image\/\",\"url\":\"https:\/\/www.alquera.com\/wp-content\/uploads\/2020\/11\/logo_300_ancho.png\",\"contentUrl\":\"https:\/\/www.alquera.com\/wp-content\/uploads\/2020\/11\/logo_300_ancho.png\",\"width\":300,\"height\":86,\"caption\":\"ALQUERA CIENCIA SL\"},\"image\":{\"@id\":\"https:\/\/www.alquera.com\/en\/#\/schema\/logo\/image\/\"},\"sameAs\":[\"https:\/\/www.facebook.com\/alqueraciencia\",\"https:\/\/www.instagram.com\/alquera_ciencia\/\",\"https:\/\/www.youtube.com\/c\/alquera\"]}]}<\/script>\n<meta property=\"og:availability\" content=\"instock\" \/>\n<meta property=\"product:availability\" content=\"instock\" \/>\n<meta property=\"product:condition\" content=\"new\" \/>\n<!-- \/ Yoast SEO Premium plugin. -->","yoast_head_json":{"title":"Ferro em p\u00f3: Comprar online - Alquera.com","description":"COMPRAS EM 24\/48H - Comprar P\u00f3s de Ferro em Alquera. A mais alta qualidade. 100micron, pureza &gt;98%. Navios em 24\/48h","robots":{"index":"index","follow":"follow","max-snippet":"max-snippet:-1","max-image-preview":"max-image-preview:large","max-video-preview":"max-video-preview:-1"},"canonical":"https:\/\/www.alquera.com\/pt\/polvos-de-hierro\/","og_locale":"pt_PT","og_type":"article","og_title":"Polvos de Hierro 100micras >98%: Comprar Online - Alquera.com","og_description":"ENV\u00cdOS EN 24\/48H - Comprar Polvos de Hierro en Alquera. Calidad m\u00e1xima. 100micras, pureza >98%. Env\u00edos en 24\/48h","og_url":"https:\/\/www.alquera.com\/pt\/polvos-de-hierro\/","og_site_name":"Alquera.com","article_publisher":"https:\/\/www.facebook.com\/alqueraciencia","article_modified_time":"2026-02-26T14:28:29+00:00","og_image":[{"width":800,"height":800,"url":"https:\/\/www.alquera.com\/wp-content\/uploads\/2018\/12\/polvos-de-hierro.jpg","type":"image\/jpeg"}],"twitter_card":"summary_large_image","twitter_misc":{"Disponibilidade":"Em stock"},"schema":{"@context":"https:\/\/schema.org","@graph":[{"@type":["WebPage","ItemPage"],"@id":"https:\/\/www.alquera.com\/polvos-de-hierro\/","url":"https:\/\/www.alquera.com\/polvos-de-hierro\/","name":"Ferro em p\u00f3: Comprar online - Alquera.com","isPartOf":{"@id":"https:\/\/www.alquera.com\/en\/#website"},"primaryImageOfPage":{"@id":"https:\/\/www.alquera.com\/polvos-de-hierro\/#primaryimage"},"image":{"@id":"https:\/\/www.alquera.com\/polvos-de-hierro\/#primaryimage"},"thumbnailUrl":"https:\/\/www.alquera.com\/wp-content\/uploads\/2018\/12\/polvos-de-hierro.jpg","datePublished":"2018-12-08T13:33:29+00:00","dateModified":"2026-02-26T14:28:29+00:00","description":"COMPRAS EM 24\/48H - Comprar P\u00f3s de Ferro em Alquera. A mais alta qualidade. 100micron, pureza &gt;98%. Navios em 24\/48h","breadcrumb":{"@id":"https:\/\/www.alquera.com\/polvos-de-hierro\/#breadcrumb"},"inLanguage":"pt-PT","potentialAction":[{"@type":"ReadAction","target":["https:\/\/www.alquera.com\/polvos-de-hierro\/"]}]},{"@type":"ImageObject","inLanguage":"pt-PT","@id":"https:\/\/www.alquera.com\/polvos-de-hierro\/#primaryimage","url":"https:\/\/www.alquera.com\/wp-content\/uploads\/2018\/12\/polvos-de-hierro.jpg","contentUrl":"https:\/\/www.alquera.com\/wp-content\/uploads\/2018\/12\/polvos-de-hierro.jpg","width":800,"height":800,"caption":"Polvos de hierro"},{"@type":"BreadcrumbList","@id":"https:\/\/www.alquera.com\/polvos-de-hierro\/#breadcrumb","itemListElement":[{"@type":"ListItem","position":1,"name":"Inicio","item":"https:\/\/www.alquera.com\/"},{"@type":"ListItem","position":2,"name":"Alquera.com: Tienda Online de Productos Qu\u00edmicos y Material de Laboratorio","item":"https:\/\/www.alquera.com\/en\/tienda\/"},{"@type":"ListItem","position":3,"name":"Polvos de Hierro 100micras >98%"}]},{"@type":"WebSite","@id":"https:\/\/www.alquera.com\/en\/#website","url":"https:\/\/www.alquera.com\/en\/","name":"Alquera.com","description":"Loja on-line de produtos qu\u00edmicos e equipamento de laborat\u00f3rio","publisher":{"@id":"https:\/\/www.alquera.com\/en\/#organization"},"potentialAction":[{"@type":"SearchAction","target":{"@type":"EntryPoint","urlTemplate":"https:\/\/www.alquera.com\/en\/?s={search_term_string}"},"query-input":{"@type":"PropertyValueSpecification","valueRequired":true,"valueName":"search_term_string"}}],"inLanguage":"pt-PT"},{"@type":"Organization","@id":"https:\/\/www.alquera.com\/en\/#organization","name":"ALQUERA CIENCIA SL","url":"https:\/\/www.alquera.com\/en\/","logo":{"@type":"ImageObject","inLanguage":"pt-PT","@id":"https:\/\/www.alquera.com\/en\/#\/schema\/logo\/image\/","url":"https:\/\/www.alquera.com\/wp-content\/uploads\/2020\/11\/logo_300_ancho.png","contentUrl":"https:\/\/www.alquera.com\/wp-content\/uploads\/2020\/11\/logo_300_ancho.png","width":300,"height":86,"caption":"ALQUERA CIENCIA SL"},"image":{"@id":"https:\/\/www.alquera.com\/en\/#\/schema\/logo\/image\/"},"sameAs":["https:\/\/www.facebook.com\/alqueraciencia","https:\/\/www.instagram.com\/alquera_ciencia\/","https:\/\/www.youtube.com\/c\/alquera"]}]},"og_availability":"instock","product_availability":"instock","product_condition":"new"},"_links":{"self":[{"href":"https:\/\/www.alquera.com\/pt\/wp-json\/wp\/v2\/product\/1222","targetHints":{"allow":["GET"]}}],"collection":[{"href":"https:\/\/www.alquera.com\/pt\/wp-json\/wp\/v2\/product"}],"about":[{"href":"https:\/\/www.alquera.com\/pt\/wp-json\/wp\/v2\/types\/product"}],"replies":[{"embeddable":true,"href":"https:\/\/www.alquera.com\/pt\/wp-json\/wp\/v2\/comments?post=1222"}],"wp:featuredmedia":[{"embeddable":true,"href":"https:\/\/www.alquera.com\/pt\/wp-json\/wp\/v2\/media\/8648"}],"wp:attachment":[{"href":"https:\/\/www.alquera.com\/pt\/wp-json\/wp\/v2\/media?parent=1222"}],"wp:term":[{"taxonomy":"product_brand","embeddable":true,"href":"https:\/\/www.alquera.com\/pt\/wp-json\/wp\/v2\/product_brand?post=1222"},{"taxonomy":"product_cat","embeddable":true,"href":"https:\/\/www.alquera.com\/pt\/wp-json\/wp\/v2\/product_cat?post=1222"},{"taxonomy":"product_tag","embeddable":true,"href":"https:\/\/www.alquera.com\/pt\/wp-json\/wp\/v2\/product_tag?post=1222"}],"curies":[{"name":"wp","href":"https:\/\/api.w.org\/{rel}","templated":true}]}}