{"id":1230,"date":"2019-10-30T08:38:37","date_gmt":"2019-10-30T08:38:37","guid":{"rendered":"http:\/\/localhost\/alquera\/productos\/producto\/bolas-gel-de-poliacrilamida-2\/"},"modified":"2026-02-23T16:11:52","modified_gmt":"2026-02-23T16:11:52","slug":"bolas-gel","status":"publish","type":"product","link":"https:\/\/www.alquera.com\/pt\/bolas-gel\/","title":{"rendered":"Bolas de Gel - Hidrogel"},"content":{"rendered":"<p><strong>Bolas de gel seco, poder\u00e1 absorver at\u00e9 100l<\/strong> de \u00e1gua. Seleccionar a cor de: Transparente, Vermelho, Verde, Amarelo, Laranja, Azul. Tamb\u00e9m se pode seleccionar o tamanho das bolas.<\/p>\n<ul>\n<li>com 100g \u00e9 poss\u00edvel absorver at\u00e9 10L de \u00e1gua.<\/li>\n<li>com 1Kg pode absorver at\u00e9 100L de \u00e1gua.<\/li>\n<li>Seleccionar cor: Azul, Vermelho, Verde, Amarelo, Laranja, Transparente e Multicolor.<\/li>\n<\/ul>\n<p>Estas bolinhas, bolas de gel, absorvem uma grande quantidade de \u00e1gua, passando de bolas pequenas e duras para bolas maiores e gelatinosas com \u00e1gua no interior.<\/p>\n<h2>IDENTIFICA\u00c7\u00c3O E PROPRIEDADES DO HIDROGEL<\/h2>\n<p><strong>Nome:<\/strong> Contas de Gel, Contas de \u00c1gua, Contas de Hidrogel<br \/>\n<strong>CAS:<\/strong> 7732-18-5<\/p>\n<ul>\n<li>Forma: Gr\u00e2nulo<\/li>\n<li>Odor: inodoro<\/li>\n<li>Ligar autom\u00e1tico: o produto n\u00e3o se liga sozinho.<\/li>\n<li>Risco de explos\u00e3o: O produto n\u00e3o apresenta um risco de explos\u00e3o.<\/li>\n<li>Densidade: 1,5 g\/cm\u00b3<\/li>\n<\/ul>\n<h2>TAMANHOS DE BOLAS DE GEL<\/h2>\n<p>Temos 3 tamanhos diferentes de bolas de gel. Se n\u00e3o tem a certeza qual obter, e precisa dos tomates normais, estes seriam os <strong>M\u00e9dio (2,5-3mm seco)<\/strong><br \/>\nBolas pequenas - 1,5-2mm secas - 0,8-1cm bolas hidratadas<br \/>\nBolas m\u00e9dias - bolas secas de 2,5-3mm - bolas hidratadas de 1-1,5cm<br \/>\nBolas Grandes - 6-8mm secas - 3,5-4,5cm bolas hidratadas<\/p>\n<p>Nesta imagem pode ver uma compara\u00e7\u00e3o de tamanhos<\/p>\n<p><img loading=\"lazy\" decoding=\"async\" class=\"alignnone wp-image-40300 size-full\" src=\"https:\/\/www.alquera.com\/wp-content\/uploads\/2019\/10\/bolas-con-medidas_-600px-1.png\" alt=\"bolas con medidas_ 600px\" width=\"800\" height=\"585\" srcset=\"https:\/\/www.alquera.com\/wp-content\/uploads\/2019\/10\/bolas-con-medidas_-600px-1.png 800w, https:\/\/www.alquera.com\/wp-content\/uploads\/2019\/10\/bolas-con-medidas_-600px-1-300x219.png 300w, https:\/\/www.alquera.com\/wp-content\/uploads\/2019\/10\/bolas-con-medidas_-600px-1-1024x749.png 1024w, https:\/\/www.alquera.com\/wp-content\/uploads\/2019\/10\/bolas-con-medidas_-600px-1-768x561.png 768w, https:\/\/www.alquera.com\/wp-content\/uploads\/2019\/10\/bolas-con-medidas_-600px-1-16x12.png 16w, https:\/\/www.alquera.com\/wp-content\/uploads\/2019\/10\/bolas-con-medidas_-600px-1-600x439.png 600w\" sizes=\"auto, (max-width: 800px) 100vw, 800px\" \/><\/p>\n<h2>TEMPO DE ABSOR\u00c7\u00c3O<\/h2>\n<p>Quanto menor for o tamanho, menor ser\u00e1 o tempo necess\u00e1rio para absorver a \u00e1gua. Para tamanho de 1,5-2mm em 2-3h poderia t\u00ea-los hidratados, bolas de 2,5-3mm em 4-5h. Para bolas de 6-8mm necessitar\u00e1 de pelo menos 10h para atingir 30mm e at\u00e9 48h para atingir 50mm.<\/p>\n<h2>UTILIZA\u00c7\u00d5ES DE BOLAS DE GEL<\/h2>\n<p>S\u00e3o utilizados como uma experi\u00eancia divertida para crian\u00e7as, como decora\u00e7\u00e3o, e tamb\u00e9m para jardinagem, uma vez que, uma vez absorvida a \u00e1gua, libertam-na gradualmente, o que as torna muito \u00fateis para a manuten\u00e7\u00e3o das plantas.<\/p>\n<div class=\"ast-oembed-container\" style=\"height: 100%;\"><iframe loading=\"lazy\" title=\"Bolas de gel. Hidrogel. Para Decora\u00e7\u00e3o de Plantas.\" width=\"500\" height=\"281\" src=\"https:\/\/www.youtube.com\/embed\/1e8zCAhkcuY?start=7&#038;feature=oembed\" frameborder=\"0\" allow=\"accelerometer; autoplay; clipboard-write; encrypted-media; gyroscope; picture-in-picture; web-share\" referrerpolicy=\"strict-origin-when-cross-origin\" allowfullscreen><\/iframe><\/div>\n<div class=\"container-youtube\"><\/div>\n<div>Cores: Bolas Azuis, Bolas Vermelhas, Bolas Verdes, Bolas Amarelas, Bolas Laranjas, Bolas Transparentes e Bolas Multicoloridas.<\/div>","protected":false},"excerpt":{"rendered":"<p>Comprar contas de gel na Alquera. Tamb\u00e9m chamadas contas de \u00e1gua ou p\u00e9rolas de \u00e1gua. As contas de gel, cujo componente b\u00e1sico \u00e9 o <a href=\"http:\/\/www.alquera.com\/pt\/hidrogel\/\">hydrogel <\/a>ou o <a href=\"http:\/\/www.alquera.com\/pt\/poliacrilato-de-potasio\/\">poliacrilato de pot\u00e1ssio<\/a>As bolas s\u00e3o um material muito utilizado para decora\u00e7\u00e3o, em vasos, mas tamb\u00e9m desempenham uma fun\u00e7\u00e3o muito importante com as plantas, uma vez que s\u00e3o pol\u00edmeros superabsorventes, que uma vez absorvida a \u00e1gua, libertam-na de acordo com as necessidades de \u00e1gua das plantas. Receber\u00e1 muito mais contas do que nas fotografias - por 100g receber\u00e1 at\u00e9 10l de contas e por 1kg at\u00e9 100l de contas.<\/p>","protected":false},"featured_media":55540,"comment_status":"open","ping_status":"closed","template":"","meta":{"_acf_changed":false,"site-sidebar-layout":"default","site-content-layout":"default","ast-site-content-layout":"default","site-content-style":"default","site-sidebar-style":"default","ast-global-header-display":"","ast-banner-title-visibility":"","ast-main-header-display":"","ast-hfb-above-header-display":"","ast-hfb-below-header-display":"","ast-hfb-mobile-header-display":"","site-post-title":"","ast-breadcrumbs-content":"","ast-featured-img":"","footer-sml-layout":"","ast-disable-related-posts":"","theme-transparent-header-meta":"default","adv-header-id-meta":"","stick-header-meta":"default","header-above-stick-meta":"","header-main-stick-meta":"","header-below-stick-meta":"","astra-migrate-meta-layouts":"set","ast-page-background-enabled":"default","ast-page-background-meta":{"desktop":{"background-color":"var(--ast-global-color-4)","background-image":"","background-repeat":"repeat","background-position":"center center","background-size":"auto","background-attachment":"scroll","background-type":"","background-media":"","overlay-type":"","overlay-color":"","overlay-opacity":"","overlay-gradient":""},"tablet":{"background-color":"","background-image":"","background-repeat":"repeat","background-position":"center center","background-size":"auto","background-attachment":"scroll","background-type":"","background-media":"","overlay-type":"","overlay-color":"","overlay-opacity":"","overlay-gradient":""},"mobile":{"background-color":"","background-image":"","background-repeat":"repeat","background-position":"center center","background-size":"auto","background-attachment":"scroll","background-type":"","background-media":"","overlay-type":"","overlay-color":"","overlay-opacity":"","overlay-gradient":""}},"ast-content-background-meta":{"desktop":{"background-color":"var(--ast-global-color-5)","background-image":"","background-repeat":"repeat","background-position":"center center","background-size":"auto","background-attachment":"scroll","background-type":"","background-media":"","overlay-type":"","overlay-color":"","overlay-opacity":"","overlay-gradient":""},"tablet":{"background-color":"var(--ast-global-color-5)","background-image":"","background-repeat":"repeat","background-position":"center center","background-size":"auto","background-attachment":"scroll","background-type":"","background-media":"","overlay-type":"","overlay-color":"","overlay-opacity":"","overlay-gradient":""},"mobile":{"background-color":"var(--ast-global-color-5)","background-image":"","background-repeat":"repeat","background-position":"center center","background-size":"auto","background-attachment":"scroll","background-type":"","background-media":"","overlay-type":"","overlay-color":"","overlay-opacity":"","overlay-gradient":""}}},"product_brand":[],"product_cat":[214],"product_tag":[],"class_list":{"0":"post-1230","1":"product","2":"type-product","3":"status-publish","4":"has-post-thumbnail","6":"product_cat-polimeros-super-absorbentes","7":"pa_cantidad-100g","8":"pa_cantidad-1kg","9":"pa_cantidad-25kg","10":"desktop-align-left","11":"tablet-align-left","12":"mobile-align-left","13":"ast-product-gallery-layout-horizontal-slider","14":"ast-magnify-disabled","15":"ast-product-single-variable","16":"ast-product-tabs-layout-horizontal","17":"ast-qv-on-image","19":"first","20":"instock","21":"taxable","22":"shipping-taxable","23":"purchasable","24":"product-type-variable","25":"has-default-attributes"},"acf":[],"yoast_head":"<!-- This site is optimized with the Yoast SEO Premium plugin v27.1 (Yoast SEO v27.1.1) - https:\/\/yoast.com\/product\/yoast-seo-premium-wordpress\/ -->\n<title>Bolas de Gel- Hidrogel: Comprar Online - Alquera.com<\/title>\n<meta name=\"description\" content=\"ENV\u00cdOS EN 24\/48H. Comprar bolas de gel en Alquera. M\u00e1xima calidad, en colores: transparente, azul, rojo, naranja, verde, amarillo.\" \/>\n<meta name=\"robots\" content=\"index, follow, max-snippet:-1, max-image-preview:large, max-video-preview:-1\" \/>\n<link rel=\"canonical\" href=\"https:\/\/www.alquera.com\/pt\/bolas-gel\/\" \/>\n<meta property=\"og:locale\" content=\"pt_PT\" \/>\n<meta property=\"og:type\" content=\"article\" \/>\n<meta property=\"og:title\" content=\"Bolas Gel - Hidrogel: Comprar Online - Alquera.com\" \/>\n<meta property=\"og:description\" content=\"ENV\u00cdOS EN 24\/48H. Comprar bolas de gel en Alquera. M\u00e1xima calidad, en colores: transparente, azul, rojo, naranja, verde, amarillo.\" \/>\n<meta property=\"og:url\" content=\"https:\/\/www.alquera.com\/pt\/bolas-gel\/\" \/>\n<meta property=\"og:site_name\" content=\"Alquera.com\" \/>\n<meta property=\"article:publisher\" content=\"https:\/\/www.facebook.com\/alqueraciencia\" \/>\n<meta property=\"article:modified_time\" content=\"2026-02-23T16:11:52+00:00\" \/>\n<meta property=\"og:image\" content=\"https:\/\/www.alquera.com\/wp-content\/uploads\/2019\/10\/BOLAS-DE-GEL-ALQUERA.png\" \/>\n\t<meta property=\"og:image:width\" content=\"600\" \/>\n\t<meta property=\"og:image:height\" content=\"600\" \/>\n\t<meta property=\"og:image:type\" content=\"image\/png\" \/>\n<meta name=\"twitter:card\" content=\"summary_large_image\" \/>\n<meta name=\"twitter:label1\" content=\"Disponibilidade\" \/>\n\t<meta name=\"twitter:data1\" content=\"Em stock\" \/>\n<script type=\"application\/ld+json\" class=\"yoast-schema-graph\">{\"@context\":\"https:\/\/schema.org\",\"@graph\":[{\"@type\":[\"WebPage\",\"ItemPage\"],\"@id\":\"https:\/\/www.alquera.com\/bolas-gel\/\",\"url\":\"https:\/\/www.alquera.com\/bolas-gel\/\",\"name\":\"Bolas de Gel- Hidrogel: Comprar Online - Alquera.com\",\"isPartOf\":{\"@id\":\"https:\/\/www.alquera.com\/en\/#website\"},\"primaryImageOfPage\":{\"@id\":\"https:\/\/www.alquera.com\/bolas-gel\/#primaryimage\"},\"image\":{\"@id\":\"https:\/\/www.alquera.com\/bolas-gel\/#primaryimage\"},\"thumbnailUrl\":\"https:\/\/www.alquera.com\/wp-content\/uploads\/2019\/10\/BOLAS-DE-GEL-ALQUERA.png\",\"datePublished\":\"2019-10-30T08:38:37+00:00\",\"dateModified\":\"2026-02-23T16:11:52+00:00\",\"description\":\"ENV\u00cdOS EN 24\/48H. Comprar bolas de gel en Alquera. M\u00e1xima calidad, en colores: transparente, azul, rojo, naranja, verde, amarillo.\",\"breadcrumb\":{\"@id\":\"https:\/\/www.alquera.com\/bolas-gel\/#breadcrumb\"},\"inLanguage\":\"pt-PT\",\"potentialAction\":[{\"@type\":\"ReadAction\",\"target\":[\"https:\/\/www.alquera.com\/bolas-gel\/\"]}]},{\"@type\":\"ImageObject\",\"inLanguage\":\"pt-PT\",\"@id\":\"https:\/\/www.alquera.com\/bolas-gel\/#primaryimage\",\"url\":\"https:\/\/www.alquera.com\/wp-content\/uploads\/2019\/10\/BOLAS-DE-GEL-ALQUERA.png\",\"contentUrl\":\"https:\/\/www.alquera.com\/wp-content\/uploads\/2019\/10\/BOLAS-DE-GEL-ALQUERA.png\",\"width\":600,\"height\":600,\"caption\":\"BOLAS DE GEL\"},{\"@type\":\"BreadcrumbList\",\"@id\":\"https:\/\/www.alquera.com\/bolas-gel\/#breadcrumb\",\"itemListElement\":[{\"@type\":\"ListItem\",\"position\":1,\"name\":\"Inicio\",\"item\":\"https:\/\/www.alquera.com\/\"},{\"@type\":\"ListItem\",\"position\":2,\"name\":\"Alquera.com: Tienda Online de Productos Qu\u00edmicos y Material de Laboratorio\",\"item\":\"https:\/\/www.alquera.com\/en\/tienda\/\"},{\"@type\":\"ListItem\",\"position\":3,\"name\":\"Bolas Gel &#8211; Hidrogel\"}]},{\"@type\":\"WebSite\",\"@id\":\"https:\/\/www.alquera.com\/en\/#website\",\"url\":\"https:\/\/www.alquera.com\/en\/\",\"name\":\"Alquera.com\",\"description\":\"Tienda Online Productos Qu\u00edmicos y Material de Laboratorio\",\"publisher\":{\"@id\":\"https:\/\/www.alquera.com\/en\/#organization\"},\"potentialAction\":[{\"@type\":\"SearchAction\",\"target\":{\"@type\":\"EntryPoint\",\"urlTemplate\":\"https:\/\/www.alquera.com\/en\/?s={search_term_string}\"},\"query-input\":{\"@type\":\"PropertyValueSpecification\",\"valueRequired\":true,\"valueName\":\"search_term_string\"}}],\"inLanguage\":\"pt-PT\"},{\"@type\":\"Organization\",\"@id\":\"https:\/\/www.alquera.com\/en\/#organization\",\"name\":\"ALQUERA CIENCIA SL\",\"url\":\"https:\/\/www.alquera.com\/en\/\",\"logo\":{\"@type\":\"ImageObject\",\"inLanguage\":\"pt-PT\",\"@id\":\"https:\/\/www.alquera.com\/en\/#\/schema\/logo\/image\/\",\"url\":\"https:\/\/www.alquera.com\/wp-content\/uploads\/2020\/11\/logo_300_ancho.png\",\"contentUrl\":\"https:\/\/www.alquera.com\/wp-content\/uploads\/2020\/11\/logo_300_ancho.png\",\"width\":300,\"height\":86,\"caption\":\"ALQUERA CIENCIA SL\"},\"image\":{\"@id\":\"https:\/\/www.alquera.com\/en\/#\/schema\/logo\/image\/\"},\"sameAs\":[\"https:\/\/www.facebook.com\/alqueraciencia\",\"https:\/\/www.instagram.com\/alquera_ciencia\/\",\"https:\/\/www.youtube.com\/c\/alquera\"]}]}<\/script>\n<meta property=\"og:availability\" content=\"instock\" \/>\n<meta property=\"product:availability\" content=\"instock\" \/>\n<meta property=\"product:retailer_item_id\" content=\"ALQ0030\" \/>\n<meta property=\"product:condition\" content=\"new\" \/>\n<!-- \/ Yoast SEO Premium plugin. -->","yoast_head_json":{"title":"Hydrogel Gel Balls: Comprar online - Alquera.com","description":"ENTREGA 24\/48H. Comprar bolas de gel em Alquera. Qualidade superior, em cores: transparente, azul, vermelho, laranja, verde, amarelo.","robots":{"index":"index","follow":"follow","max-snippet":"max-snippet:-1","max-image-preview":"max-image-preview:large","max-video-preview":"max-video-preview:-1"},"canonical":"https:\/\/www.alquera.com\/pt\/bolas-gel\/","og_locale":"pt_PT","og_type":"article","og_title":"Bolas Gel - Hidrogel: Comprar Online - Alquera.com","og_description":"ENV\u00cdOS EN 24\/48H. Comprar bolas de gel en Alquera. M\u00e1xima calidad, en colores: transparente, azul, rojo, naranja, verde, amarillo.","og_url":"https:\/\/www.alquera.com\/pt\/bolas-gel\/","og_site_name":"Alquera.com","article_publisher":"https:\/\/www.facebook.com\/alqueraciencia","article_modified_time":"2026-02-23T16:11:52+00:00","og_image":[{"width":600,"height":600,"url":"https:\/\/www.alquera.com\/wp-content\/uploads\/2019\/10\/BOLAS-DE-GEL-ALQUERA.png","type":"image\/png"}],"twitter_card":"summary_large_image","twitter_misc":{"Disponibilidade":"Em stock"},"schema":{"@context":"https:\/\/schema.org","@graph":[{"@type":["WebPage","ItemPage"],"@id":"https:\/\/www.alquera.com\/bolas-gel\/","url":"https:\/\/www.alquera.com\/bolas-gel\/","name":"Hydrogel Gel Balls: Comprar online - Alquera.com","isPartOf":{"@id":"https:\/\/www.alquera.com\/en\/#website"},"primaryImageOfPage":{"@id":"https:\/\/www.alquera.com\/bolas-gel\/#primaryimage"},"image":{"@id":"https:\/\/www.alquera.com\/bolas-gel\/#primaryimage"},"thumbnailUrl":"https:\/\/www.alquera.com\/wp-content\/uploads\/2019\/10\/BOLAS-DE-GEL-ALQUERA.png","datePublished":"2019-10-30T08:38:37+00:00","dateModified":"2026-02-23T16:11:52+00:00","description":"ENTREGA 24\/48H. Comprar bolas de gel em Alquera. Qualidade superior, em cores: transparente, azul, vermelho, laranja, verde, amarelo.","breadcrumb":{"@id":"https:\/\/www.alquera.com\/bolas-gel\/#breadcrumb"},"inLanguage":"pt-PT","potentialAction":[{"@type":"ReadAction","target":["https:\/\/www.alquera.com\/bolas-gel\/"]}]},{"@type":"ImageObject","inLanguage":"pt-PT","@id":"https:\/\/www.alquera.com\/bolas-gel\/#primaryimage","url":"https:\/\/www.alquera.com\/wp-content\/uploads\/2019\/10\/BOLAS-DE-GEL-ALQUERA.png","contentUrl":"https:\/\/www.alquera.com\/wp-content\/uploads\/2019\/10\/BOLAS-DE-GEL-ALQUERA.png","width":600,"height":600,"caption":"BOLAS DE GEL"},{"@type":"BreadcrumbList","@id":"https:\/\/www.alquera.com\/bolas-gel\/#breadcrumb","itemListElement":[{"@type":"ListItem","position":1,"name":"Inicio","item":"https:\/\/www.alquera.com\/"},{"@type":"ListItem","position":2,"name":"Alquera.com: Tienda Online de Productos Qu\u00edmicos y Material de Laboratorio","item":"https:\/\/www.alquera.com\/en\/tienda\/"},{"@type":"ListItem","position":3,"name":"Bolas Gel &#8211; Hidrogel"}]},{"@type":"WebSite","@id":"https:\/\/www.alquera.com\/en\/#website","url":"https:\/\/www.alquera.com\/en\/","name":"Alquera.com","description":"Loja on-line de produtos qu\u00edmicos e equipamento de laborat\u00f3rio","publisher":{"@id":"https:\/\/www.alquera.com\/en\/#organization"},"potentialAction":[{"@type":"SearchAction","target":{"@type":"EntryPoint","urlTemplate":"https:\/\/www.alquera.com\/en\/?s={search_term_string}"},"query-input":{"@type":"PropertyValueSpecification","valueRequired":true,"valueName":"search_term_string"}}],"inLanguage":"pt-PT"},{"@type":"Organization","@id":"https:\/\/www.alquera.com\/en\/#organization","name":"ALQUERA CIENCIA SL","url":"https:\/\/www.alquera.com\/en\/","logo":{"@type":"ImageObject","inLanguage":"pt-PT","@id":"https:\/\/www.alquera.com\/en\/#\/schema\/logo\/image\/","url":"https:\/\/www.alquera.com\/wp-content\/uploads\/2020\/11\/logo_300_ancho.png","contentUrl":"https:\/\/www.alquera.com\/wp-content\/uploads\/2020\/11\/logo_300_ancho.png","width":300,"height":86,"caption":"ALQUERA CIENCIA SL"},"image":{"@id":"https:\/\/www.alquera.com\/en\/#\/schema\/logo\/image\/"},"sameAs":["https:\/\/www.facebook.com\/alqueraciencia","https:\/\/www.instagram.com\/alquera_ciencia\/","https:\/\/www.youtube.com\/c\/alquera"]}]},"og_availability":"instock","product_availability":"instock","product_retailer_item_id":"ALQ0030","product_condition":"new"},"_links":{"self":[{"href":"https:\/\/www.alquera.com\/pt\/wp-json\/wp\/v2\/product\/1230","targetHints":{"allow":["GET"]}}],"collection":[{"href":"https:\/\/www.alquera.com\/pt\/wp-json\/wp\/v2\/product"}],"about":[{"href":"https:\/\/www.alquera.com\/pt\/wp-json\/wp\/v2\/types\/product"}],"replies":[{"embeddable":true,"href":"https:\/\/www.alquera.com\/pt\/wp-json\/wp\/v2\/comments?post=1230"}],"wp:featuredmedia":[{"embeddable":true,"href":"https:\/\/www.alquera.com\/pt\/wp-json\/wp\/v2\/media\/55540"}],"wp:attachment":[{"href":"https:\/\/www.alquera.com\/pt\/wp-json\/wp\/v2\/media?parent=1230"}],"wp:term":[{"taxonomy":"product_brand","embeddable":true,"href":"https:\/\/www.alquera.com\/pt\/wp-json\/wp\/v2\/product_brand?post=1230"},{"taxonomy":"product_cat","embeddable":true,"href":"https:\/\/www.alquera.com\/pt\/wp-json\/wp\/v2\/product_cat?post=1230"},{"taxonomy":"product_tag","embeddable":true,"href":"https:\/\/www.alquera.com\/pt\/wp-json\/wp\/v2\/product_tag?post=1230"}],"curies":[{"name":"wp","href":"https:\/\/api.w.org\/{rel}","templated":true}]}}