{"id":1246,"date":"2020-01-15T16:05:58","date_gmt":"2020-01-15T16:05:58","guid":{"rendered":"http:\/\/localhost\/alquera\/productos\/producto\/polidimetilsiloxano-dimeticona-1l-2\/"},"modified":"2026-04-17T09:58:57","modified_gmt":"2026-04-17T09:58:57","slug":"polidimetilsiloxano-dimeticona","status":"publish","type":"product","link":"https:\/\/www.alquera.com\/pt\/polidimetilsiloxano-dimeticona\/","title":{"rendered":"Dimeticone - Dimethylsiloxane"},"content":{"rendered":"<h2>DIMETICONE<\/h2>\n<p>O\u00a0<strong>polidimetilsiloxano<\/strong>\u00a0o\u00a0<strong>dimeticone<\/strong> O dimeticone \u00e9 o pol\u00edmero linear do dimetilsiloxano. Pertence ao grupo de subst\u00e2ncias conhecidas como silicones. A estrutura molecular deste fluido confere-lhes excelentes propriedades, entre as quais destacaremos:<\/p>\n<h2><strong>PROPRIEDADES DO DIMETICONE<\/strong><\/h2>\n<ul>\n<li>Baixo ponto de solidifica\u00e7\u00e3o<\/li>\n<li>Excelente estabilidade a temperaturas elevadas<\/li>\n<li>Varia\u00e7\u00e3o de viscosidade dependente de baixa temperatura<\/li>\n<li>Quimicamente inerte \u00e0 maioria dos agentes qu\u00edmicos<\/li>\n<li>Baixa tens\u00e3o superficial<\/li>\n<li>Nenhuma degrada\u00e7\u00e3o pela ac\u00e7\u00e3o de agentes atmosf\u00e9ricos<\/li>\n<li>Alta compressibilidade<\/li>\n<li>Boas propriedades diel\u00e9ctricas<\/li>\n<li>Este dimeticone \u00e9 formulado com componentes aprovados pelos regulamentos da UE para estar em contacto com g\u00e9neros aliment\u00edcios.<\/li>\n<\/ul>\n<h2>CARACTER\u00cdSTICAS DO DIMETICONE<\/h2>\n<ul>\n<li>TIPO: Dimeticone<\/li>\n<li>FORMUL\u00c1RIO F\u00cdSICO: L\u00edquido<\/li>\n<li>COR: Transparente<\/li>\n<li>DENSIDADE, 25\u00baC: 0,970 g\/cm3<\/li>\n<li>VISCOSIDADE, 25\u00ba1C: Pode encontrar 3 viscosidades diferentes: 100 cst, 350cst e 1000cst. Pode seleccion\u00e1-lo na pr\u00f3pria ficha de produto.<\/li>\n<li>PONTO DE FULGOR: 300\u00ba.<\/li>\n<li><span style=\"font-size: 16px;\">FOR\u00c7A DE SUPERF\u00cdCIE 20,9 mN\/m<\/span><\/li>\n<\/ul>\n<h2><strong>USES<\/strong><\/h2>\n<p>O dimetilsiloxano pode ser utilizado como l\u00edquido base e como aditivo em muitos produtos de cuidados pessoais: desodorizantes, sprays capilares, cremes de limpeza, cremes para a pele, lo\u00e7\u00f5es e palitos de lo\u00e7\u00e3o, \u00f3leos de banho, bronzeadores, espumas de barbear ou v\u00e1rios produtos de maquilhagem, etc.<\/p>\n<p>\u00c9 tamb\u00e9m amplamente utilizado em formula\u00e7\u00f5es de detergente e manuten\u00e7\u00e3o para proporcionar um excelente brilho e protec\u00e7\u00e3o.<\/p>\n<p>Existem tamb\u00e9m numerosas aplica\u00e7\u00f5es para fluidos de silicone em diferentes sectores da ind\u00fastria, como produto directo ou como ingrediente em formula\u00e7\u00f5es: \u00d3leos hidr\u00e1ulicos, fluidos de transfer\u00eancia de calor, repel\u00eancia de \u00e1gua e protec\u00e7\u00e3o de superf\u00edcies, fluidos diel\u00e9ctricos, agentes antiaderentes, agentes desmoldantes, lubrificantes,<br \/>\nabrilhantadores, aditivos tensioactivos, etc.<\/p>\n<h2>IDENTIFICA\u00c7\u00c3O E PROPRIEDADES<\/h2>\n<p><strong>Nome:<\/strong> Dimeticone, dimetil siloxano<br \/>\n<strong>CAS: <\/strong>63148-62-9<\/p>\n<p>&nbsp;<\/p>\n<p>&nbsp;<\/p>\n<p>&nbsp;<\/p>\n<p>&nbsp;<\/p>\n<p>&nbsp;<\/p>","protected":false},"excerpt":{"rendered":"<p>Compre Dimethicone nas viscosidades de 100cst, 350cst ou 1000cst e nos formatos de 1L e 5L. Pode ver o pre\u00e7o dos diferentes formatos de Dimeticone ao selecionar o formato que deseja. O pedido \u00e9 feito diretamente atrav\u00e9s da Web seguindo os passos que s\u00e3o indicados, sendo a entrega em 24\/48 horas.<\/p>","protected":false},"featured_media":37760,"comment_status":"open","ping_status":"closed","template":"","meta":{"_acf_changed":false,"site-sidebar-layout":"default","site-content-layout":"default","ast-site-content-layout":"default","site-content-style":"default","site-sidebar-style":"default","ast-global-header-display":"","ast-banner-title-visibility":"","ast-main-header-display":"","ast-hfb-above-header-display":"","ast-hfb-below-header-display":"","ast-hfb-mobile-header-display":"","site-post-title":"","ast-breadcrumbs-content":"","ast-featured-img":"","footer-sml-layout":"","ast-disable-related-posts":"","theme-transparent-header-meta":"default","adv-header-id-meta":"","stick-header-meta":"default","header-above-stick-meta":"","header-main-stick-meta":"","header-below-stick-meta":"","astra-migrate-meta-layouts":"set","ast-page-background-enabled":"default","ast-page-background-meta":{"desktop":{"background-color":"var(--ast-global-color-4)","background-image":"","background-repeat":"repeat","background-position":"center center","background-size":"auto","background-attachment":"scroll","background-type":"","background-media":"","overlay-type":"","overlay-color":"","overlay-opacity":"","overlay-gradient":""},"tablet":{"background-color":"","background-image":"","background-repeat":"repeat","background-position":"center center","background-size":"auto","background-attachment":"scroll","background-type":"","background-media":"","overlay-type":"","overlay-color":"","overlay-opacity":"","overlay-gradient":""},"mobile":{"background-color":"","background-image":"","background-repeat":"repeat","background-position":"center center","background-size":"auto","background-attachment":"scroll","background-type":"","background-media":"","overlay-type":"","overlay-color":"","overlay-opacity":"","overlay-gradient":""}},"ast-content-background-meta":{"desktop":{"background-color":"var(--ast-global-color-5)","background-image":"","background-repeat":"repeat","background-position":"center center","background-size":"auto","background-attachment":"scroll","background-type":"","background-media":"","overlay-type":"","overlay-color":"","overlay-opacity":"","overlay-gradient":""},"tablet":{"background-color":"var(--ast-global-color-5)","background-image":"","background-repeat":"repeat","background-position":"center center","background-size":"auto","background-attachment":"scroll","background-type":"","background-media":"","overlay-type":"","overlay-color":"","overlay-opacity":"","overlay-gradient":""},"mobile":{"background-color":"var(--ast-global-color-5)","background-image":"","background-repeat":"repeat","background-position":"center center","background-size":"auto","background-attachment":"scroll","background-type":"","background-media":"","overlay-type":"","overlay-color":"","overlay-opacity":"","overlay-gradient":""}}},"product_brand":[],"product_cat":[21],"product_tag":[],"class_list":{"0":"post-1246","1":"product","2":"type-product","3":"status-publish","4":"has-post-thumbnail","6":"product_cat-productos","7":"pa_cantidad-125ml","8":"pa_cantidad-1l","9":"pa_cantidad-5l","10":"pa_cantidad-25l-2","11":"desktop-align-left","12":"tablet-align-left","13":"mobile-align-left","14":"ast-product-gallery-layout-horizontal-slider","15":"ast-product-gallery-with-no-image","16":"ast-magnify-disabled","17":"ast-product-single-variable","18":"ast-product-tabs-layout-horizontal","19":"ast-qv-on-image","21":"first","22":"instock","23":"taxable","24":"shipping-taxable","25":"purchasable","26":"product-type-variable","27":"has-default-attributes"},"acf":[],"yoast_head":"<!-- This site is optimized with the Yoast SEO Premium plugin v27.1 (Yoast SEO v27.1.1) - https:\/\/yoast.com\/product\/yoast-seo-premium-wordpress\/ -->\n<title>Dimeticona - Comprar Online: Alquera.com<\/title>\n<meta name=\"description\" content=\"ENV\u00cdOS EN 24\/48H. Comprar Silicona de Polidimetilsiloxano o Dimeticona. Aceite de silicona de densidad alta. Cosm\u00e9tica y experimentaci\u00f3n.\" \/>\n<meta name=\"robots\" content=\"index, follow, max-snippet:-1, max-image-preview:large, max-video-preview:-1\" \/>\n<link rel=\"canonical\" href=\"https:\/\/www.alquera.com\/pt\/polidimetilsiloxano-dimeticona\/\" \/>\n<meta property=\"og:locale\" content=\"pt_PT\" \/>\n<meta property=\"og:type\" content=\"article\" \/>\n<meta property=\"og:title\" content=\"Dimeticona - Dimetilsiloxano: Comprar Online - Alquera.com\" \/>\n<meta property=\"og:description\" content=\"ENV\u00cdOS EN 24\/48H. Comprar Silicona de Polidimetilsiloxano o Dimeticona. Aceite de silicona de densidad alta. Cosm\u00e9tica y experimentaci\u00f3n.\" \/>\n<meta property=\"og:url\" content=\"https:\/\/www.alquera.com\/pt\/polidimetilsiloxano-dimeticona\/\" \/>\n<meta property=\"og:site_name\" content=\"Alquera.com\" \/>\n<meta property=\"article:publisher\" content=\"https:\/\/www.facebook.com\/alqueraciencia\" \/>\n<meta property=\"article:modified_time\" content=\"2026-04-17T09:58:57+00:00\" \/>\n<meta property=\"og:image\" content=\"https:\/\/www.alquera.com\/wp-content\/uploads\/2020\/01\/diimeticona.png\" \/>\n\t<meta property=\"og:image:width\" content=\"600\" \/>\n\t<meta property=\"og:image:height\" content=\"590\" \/>\n\t<meta property=\"og:image:type\" content=\"image\/png\" \/>\n<meta name=\"twitter:card\" content=\"summary_large_image\" \/>\n<meta name=\"twitter:label1\" content=\"Disponibilidade\" \/>\n\t<meta name=\"twitter:data1\" content=\"Em stock\" \/>\n<script type=\"application\/ld+json\" class=\"yoast-schema-graph\">{\"@context\":\"https:\/\/schema.org\",\"@graph\":[{\"@type\":[\"WebPage\",\"ItemPage\"],\"@id\":\"https:\/\/www.alquera.com\/polidimetilsiloxano-dimeticona\/\",\"url\":\"https:\/\/www.alquera.com\/polidimetilsiloxano-dimeticona\/\",\"name\":\"Dimeticona - Comprar Online: Alquera.com\",\"isPartOf\":{\"@id\":\"https:\/\/www.alquera.com\/en\/#website\"},\"primaryImageOfPage\":{\"@id\":\"https:\/\/www.alquera.com\/polidimetilsiloxano-dimeticona\/#primaryimage\"},\"image\":{\"@id\":\"https:\/\/www.alquera.com\/polidimetilsiloxano-dimeticona\/#primaryimage\"},\"thumbnailUrl\":\"https:\/\/www.alquera.com\/wp-content\/uploads\/2020\/01\/diimeticona.png\",\"datePublished\":\"2020-01-15T16:05:58+00:00\",\"dateModified\":\"2026-04-17T09:58:57+00:00\",\"description\":\"ENV\u00cdOS EN 24\/48H. Comprar Silicona de Polidimetilsiloxano o Dimeticona. Aceite de silicona de densidad alta. Cosm\u00e9tica y experimentaci\u00f3n.\",\"breadcrumb\":{\"@id\":\"https:\/\/www.alquera.com\/polidimetilsiloxano-dimeticona\/#breadcrumb\"},\"inLanguage\":\"pt-PT\",\"potentialAction\":[{\"@type\":\"ReadAction\",\"target\":[\"https:\/\/www.alquera.com\/polidimetilsiloxano-dimeticona\/\"]}]},{\"@type\":\"ImageObject\",\"inLanguage\":\"pt-PT\",\"@id\":\"https:\/\/www.alquera.com\/polidimetilsiloxano-dimeticona\/#primaryimage\",\"url\":\"https:\/\/www.alquera.com\/wp-content\/uploads\/2020\/01\/diimeticona.png\",\"contentUrl\":\"https:\/\/www.alquera.com\/wp-content\/uploads\/2020\/01\/diimeticona.png\",\"width\":600,\"height\":590,\"caption\":\"dimeticona\"},{\"@type\":\"BreadcrumbList\",\"@id\":\"https:\/\/www.alquera.com\/polidimetilsiloxano-dimeticona\/#breadcrumb\",\"itemListElement\":[{\"@type\":\"ListItem\",\"position\":1,\"name\":\"Inicio\",\"item\":\"https:\/\/www.alquera.com\/\"},{\"@type\":\"ListItem\",\"position\":2,\"name\":\"Alquera.com: Tienda Online de Productos Qu\u00edmicos y Material de Laboratorio\",\"item\":\"https:\/\/www.alquera.com\/en\/tienda\/\"},{\"@type\":\"ListItem\",\"position\":3,\"name\":\"Dimeticona &#8211; Dimetilsiloxano\"}]},{\"@type\":\"WebSite\",\"@id\":\"https:\/\/www.alquera.com\/en\/#website\",\"url\":\"https:\/\/www.alquera.com\/en\/\",\"name\":\"Alquera.com\",\"description\":\"Tienda Online Productos Qu\u00edmicos y Material de Laboratorio\",\"publisher\":{\"@id\":\"https:\/\/www.alquera.com\/en\/#organization\"},\"potentialAction\":[{\"@type\":\"SearchAction\",\"target\":{\"@type\":\"EntryPoint\",\"urlTemplate\":\"https:\/\/www.alquera.com\/en\/?s={search_term_string}\"},\"query-input\":{\"@type\":\"PropertyValueSpecification\",\"valueRequired\":true,\"valueName\":\"search_term_string\"}}],\"inLanguage\":\"pt-PT\"},{\"@type\":\"Organization\",\"@id\":\"https:\/\/www.alquera.com\/en\/#organization\",\"name\":\"ALQUERA CIENCIA SL\",\"url\":\"https:\/\/www.alquera.com\/en\/\",\"logo\":{\"@type\":\"ImageObject\",\"inLanguage\":\"pt-PT\",\"@id\":\"https:\/\/www.alquera.com\/en\/#\/schema\/logo\/image\/\",\"url\":\"https:\/\/www.alquera.com\/wp-content\/uploads\/2020\/11\/logo_300_ancho.png\",\"contentUrl\":\"https:\/\/www.alquera.com\/wp-content\/uploads\/2020\/11\/logo_300_ancho.png\",\"width\":300,\"height\":86,\"caption\":\"ALQUERA CIENCIA SL\"},\"image\":{\"@id\":\"https:\/\/www.alquera.com\/en\/#\/schema\/logo\/image\/\"},\"sameAs\":[\"https:\/\/www.facebook.com\/alqueraciencia\",\"https:\/\/www.instagram.com\/alquera_ciencia\/\",\"https:\/\/www.youtube.com\/c\/alquera\"]}]}<\/script>\n<meta property=\"og:availability\" content=\"instock\" \/>\n<meta property=\"product:availability\" content=\"instock\" \/>\n<meta property=\"product:condition\" content=\"new\" \/>\n<!-- \/ Yoast SEO Premium plugin. -->","yoast_head_json":{"title":"Dimethicone - Comprar online: Alquera.com","description":"24\/48H DE NAVEGA\u00c7\u00c3O. Comprar Polidimetilsiloxano ou Dimeticone de Silicone. \u00d3leo de silicone de alta densidade. Cosm\u00e9tica e experimenta\u00e7\u00e3o.","robots":{"index":"index","follow":"follow","max-snippet":"max-snippet:-1","max-image-preview":"max-image-preview:large","max-video-preview":"max-video-preview:-1"},"canonical":"https:\/\/www.alquera.com\/pt\/polidimetilsiloxano-dimeticona\/","og_locale":"pt_PT","og_type":"article","og_title":"Dimeticona - Dimetilsiloxano: Comprar Online - Alquera.com","og_description":"ENV\u00cdOS EN 24\/48H. Comprar Silicona de Polidimetilsiloxano o Dimeticona. Aceite de silicona de densidad alta. Cosm\u00e9tica y experimentaci\u00f3n.","og_url":"https:\/\/www.alquera.com\/pt\/polidimetilsiloxano-dimeticona\/","og_site_name":"Alquera.com","article_publisher":"https:\/\/www.facebook.com\/alqueraciencia","article_modified_time":"2026-04-17T09:58:57+00:00","og_image":[{"width":600,"height":590,"url":"https:\/\/www.alquera.com\/wp-content\/uploads\/2020\/01\/diimeticona.png","type":"image\/png"}],"twitter_card":"summary_large_image","twitter_misc":{"Disponibilidade":"Em stock"},"schema":{"@context":"https:\/\/schema.org","@graph":[{"@type":["WebPage","ItemPage"],"@id":"https:\/\/www.alquera.com\/polidimetilsiloxano-dimeticona\/","url":"https:\/\/www.alquera.com\/polidimetilsiloxano-dimeticona\/","name":"Dimethicone - Comprar online: Alquera.com","isPartOf":{"@id":"https:\/\/www.alquera.com\/en\/#website"},"primaryImageOfPage":{"@id":"https:\/\/www.alquera.com\/polidimetilsiloxano-dimeticona\/#primaryimage"},"image":{"@id":"https:\/\/www.alquera.com\/polidimetilsiloxano-dimeticona\/#primaryimage"},"thumbnailUrl":"https:\/\/www.alquera.com\/wp-content\/uploads\/2020\/01\/diimeticona.png","datePublished":"2020-01-15T16:05:58+00:00","dateModified":"2026-04-17T09:58:57+00:00","description":"24\/48H DE NAVEGA\u00c7\u00c3O. Comprar Polidimetilsiloxano ou Dimeticone de Silicone. \u00d3leo de silicone de alta densidade. Cosm\u00e9tica e experimenta\u00e7\u00e3o.","breadcrumb":{"@id":"https:\/\/www.alquera.com\/polidimetilsiloxano-dimeticona\/#breadcrumb"},"inLanguage":"pt-PT","potentialAction":[{"@type":"ReadAction","target":["https:\/\/www.alquera.com\/polidimetilsiloxano-dimeticona\/"]}]},{"@type":"ImageObject","inLanguage":"pt-PT","@id":"https:\/\/www.alquera.com\/polidimetilsiloxano-dimeticona\/#primaryimage","url":"https:\/\/www.alquera.com\/wp-content\/uploads\/2020\/01\/diimeticona.png","contentUrl":"https:\/\/www.alquera.com\/wp-content\/uploads\/2020\/01\/diimeticona.png","width":600,"height":590,"caption":"dimeticona"},{"@type":"BreadcrumbList","@id":"https:\/\/www.alquera.com\/polidimetilsiloxano-dimeticona\/#breadcrumb","itemListElement":[{"@type":"ListItem","position":1,"name":"Inicio","item":"https:\/\/www.alquera.com\/"},{"@type":"ListItem","position":2,"name":"Alquera.com: Tienda Online de Productos Qu\u00edmicos y Material de Laboratorio","item":"https:\/\/www.alquera.com\/en\/tienda\/"},{"@type":"ListItem","position":3,"name":"Dimeticona &#8211; Dimetilsiloxano"}]},{"@type":"WebSite","@id":"https:\/\/www.alquera.com\/en\/#website","url":"https:\/\/www.alquera.com\/en\/","name":"Alquera.com","description":"Loja on-line de produtos qu\u00edmicos e equipamento de laborat\u00f3rio","publisher":{"@id":"https:\/\/www.alquera.com\/en\/#organization"},"potentialAction":[{"@type":"SearchAction","target":{"@type":"EntryPoint","urlTemplate":"https:\/\/www.alquera.com\/en\/?s={search_term_string}"},"query-input":{"@type":"PropertyValueSpecification","valueRequired":true,"valueName":"search_term_string"}}],"inLanguage":"pt-PT"},{"@type":"Organization","@id":"https:\/\/www.alquera.com\/en\/#organization","name":"ALQUERA CIENCIA SL","url":"https:\/\/www.alquera.com\/en\/","logo":{"@type":"ImageObject","inLanguage":"pt-PT","@id":"https:\/\/www.alquera.com\/en\/#\/schema\/logo\/image\/","url":"https:\/\/www.alquera.com\/wp-content\/uploads\/2020\/11\/logo_300_ancho.png","contentUrl":"https:\/\/www.alquera.com\/wp-content\/uploads\/2020\/11\/logo_300_ancho.png","width":300,"height":86,"caption":"ALQUERA CIENCIA SL"},"image":{"@id":"https:\/\/www.alquera.com\/en\/#\/schema\/logo\/image\/"},"sameAs":["https:\/\/www.facebook.com\/alqueraciencia","https:\/\/www.instagram.com\/alquera_ciencia\/","https:\/\/www.youtube.com\/c\/alquera"]}]},"og_availability":"instock","product_availability":"instock","product_condition":"new"},"_links":{"self":[{"href":"https:\/\/www.alquera.com\/pt\/wp-json\/wp\/v2\/product\/1246","targetHints":{"allow":["GET"]}}],"collection":[{"href":"https:\/\/www.alquera.com\/pt\/wp-json\/wp\/v2\/product"}],"about":[{"href":"https:\/\/www.alquera.com\/pt\/wp-json\/wp\/v2\/types\/product"}],"replies":[{"embeddable":true,"href":"https:\/\/www.alquera.com\/pt\/wp-json\/wp\/v2\/comments?post=1246"}],"wp:featuredmedia":[{"embeddable":true,"href":"https:\/\/www.alquera.com\/pt\/wp-json\/wp\/v2\/media\/37760"}],"wp:attachment":[{"href":"https:\/\/www.alquera.com\/pt\/wp-json\/wp\/v2\/media?parent=1246"}],"wp:term":[{"taxonomy":"product_brand","embeddable":true,"href":"https:\/\/www.alquera.com\/pt\/wp-json\/wp\/v2\/product_brand?post=1246"},{"taxonomy":"product_cat","embeddable":true,"href":"https:\/\/www.alquera.com\/pt\/wp-json\/wp\/v2\/product_cat?post=1246"},{"taxonomy":"product_tag","embeddable":true,"href":"https:\/\/www.alquera.com\/pt\/wp-json\/wp\/v2\/product_tag?post=1246"}],"curies":[{"name":"wp","href":"https:\/\/api.w.org\/{rel}","templated":true}]}}