{"id":1251,"date":"2020-02-20T15:56:32","date_gmt":"2020-02-20T15:56:32","guid":{"rendered":"http:\/\/localhost\/alquera\/productos\/producto\/kit-escolar-electrico\/"},"modified":"2026-02-27T08:28:32","modified_gmt":"2026-02-27T08:28:32","slug":"kit-escolar-electrico","status":"publish","type":"product","link":"https:\/\/www.alquera.com\/pt\/kit-escolar-electrico\/","title":{"rendered":"Kit escolar el\u00e9ctrico"},"content":{"rendered":"<p>Tem um kit escolar b\u00e1sico e um kit escolar b\u00e1sico com motor. Ambos os kits s\u00e3o concebidos para experimentar e ensinar conhecimentos b\u00e1sicos de electricidade \u00e0s crian\u00e7as em idade escolar. \u00c9 aconselh\u00e1vel utiliz\u00e1-los com a supervis\u00e3o de adultos. Aqui pode ler o conte\u00fado de cada um:<\/p>\n<h2>KIT ESCOLAR EL\u00c9CTRICO<\/h2>\n<p>Conte\u00fado:<\/p>\n<ul>\n<li>1 suporte de l\u00e2mpada<\/li>\n<li>1 bateria 4,5 V<\/li>\n<li>1 bulbo 3,7 V - 0,2 A<\/li>\n<li>1 interruptor 250 V - 2 A<\/li>\n<li>1 m de cabo 2 \u00d7 0,43 mm\u00b2 1 m de cabo 2 \u00d7 0,43 mm\u00b2 1 m de cabo 2 \u00d7 0,43 mm<\/li>\n<\/ul>\n<h2>KIT ESCOLAR EL\u00c9CTRICO COM MOTOR<\/h2>\n<p>Conte\u00fado:<\/p>\n<ul>\n<li>1 suporte de l\u00e2mpada<\/li>\n<li>2 h\u00e9lices de espuma<\/li>\n<li>1 bateria alcalina de 4,5 V<\/li>\n<li>1 bulbo 3'8 V - 0'3 A<\/li>\n<li>1 motor el\u00e9ctrico<\/li>\n<li>1 interruptor 250 V - 2 A<\/li>\n<li>1 m de cabo, 2 \u00d7 0,43 mm\u00b2.<\/li>\n<\/ul>\n<h2>ACTIVIDADES A REALIZAR COM ESTES KITS<\/h2>\n<p>Com este simples kit el\u00e9ctrico pode fazer algumas actividades de aprendizagem muito simples mas divertidas e \u00fateis. Aqui est\u00e3o 2 exemplos:<\/p>\n<h3>Fazer circuito b\u00e1sico<\/h3>\n<p>Ver o passo-a-passo completo: <a href=\"https:\/\/www.experimentoscientificos.es\/hacer-circuito-electrico\/\">Fazer circuito b\u00e1sico<\/a><\/p>\n<div class=\"container-youtube\"><iframe loading=\"lazy\" class=\"video\" src=\"https:\/\/www.youtube.com\/embed\/IhaVIHtx58g\" width=\"300\" height=\"150\" frameborder=\"0\"><\/iframe><\/div>\n<div class=\"container-youtube\"><\/div>\n<h3>Condu\u00e7\u00e3o de electricidade atrav\u00e9s da \u00e1gua<\/h3>\n<p>Ver o passo-a-passo completo: <a href=\"https:\/\/www.experimentoscientificos.es\/electricidad-agua\/\">Fazer circuito b\u00e1sico<\/a><\/p>\n<div class=\"container-youtube\"><\/div>\n<div class=\"container-youtube\"><iframe loading=\"lazy\" class=\"video\" src=\"https:\/\/www.youtube.com\/embed\/O_B4mhKfSAs\" width=\"300\" height=\"150\" frameborder=\"0\"><\/iframe><\/div>","protected":false},"excerpt":{"rendered":"<p>Comprar um kit escolar el\u00e9ctrico com os elementos mais simples para fazer um circuito el\u00e9ctrico. Temos um kit escolar b\u00e1sico (ver descri\u00e7\u00e3o dos componentes) e um kit escolar b\u00e1sico com motor (ver descri\u00e7\u00e3o dos componentes). Pode ver o pre\u00e7o quando selecciona o formato desejado. A encomenda \u00e9 feita directamente atrav\u00e9s da Web seguindo os passos indicados, sendo a entrega dentro de 24\/48 horas.<\/p>","protected":false},"featured_media":9067,"comment_status":"open","ping_status":"closed","template":"","meta":{"_acf_changed":false,"site-sidebar-layout":"default","site-content-layout":"","ast-site-content-layout":"default","site-content-style":"default","site-sidebar-style":"default","ast-global-header-display":"","ast-banner-title-visibility":"","ast-main-header-display":"","ast-hfb-above-header-display":"","ast-hfb-below-header-display":"","ast-hfb-mobile-header-display":"","site-post-title":"","ast-breadcrumbs-content":"","ast-featured-img":"","footer-sml-layout":"","ast-disable-related-posts":"","theme-transparent-header-meta":"","adv-header-id-meta":"","stick-header-meta":"","header-above-stick-meta":"","header-main-stick-meta":"","header-below-stick-meta":"","astra-migrate-meta-layouts":"default","ast-page-background-enabled":"default","ast-page-background-meta":{"desktop":{"background-color":"var(--ast-global-color-4)","background-image":"","background-repeat":"repeat","background-position":"center center","background-size":"auto","background-attachment":"scroll","background-type":"","background-media":"","overlay-type":"","overlay-color":"","overlay-opacity":"","overlay-gradient":""},"tablet":{"background-color":"","background-image":"","background-repeat":"repeat","background-position":"center center","background-size":"auto","background-attachment":"scroll","background-type":"","background-media":"","overlay-type":"","overlay-color":"","overlay-opacity":"","overlay-gradient":""},"mobile":{"background-color":"","background-image":"","background-repeat":"repeat","background-position":"center center","background-size":"auto","background-attachment":"scroll","background-type":"","background-media":"","overlay-type":"","overlay-color":"","overlay-opacity":"","overlay-gradient":""}},"ast-content-background-meta":{"desktop":{"background-color":"var(--ast-global-color-5)","background-image":"","background-repeat":"repeat","background-position":"center center","background-size":"auto","background-attachment":"scroll","background-type":"","background-media":"","overlay-type":"","overlay-color":"","overlay-opacity":"","overlay-gradient":""},"tablet":{"background-color":"var(--ast-global-color-5)","background-image":"","background-repeat":"repeat","background-position":"center center","background-size":"auto","background-attachment":"scroll","background-type":"","background-media":"","overlay-type":"","overlay-color":"","overlay-opacity":"","overlay-gradient":""},"mobile":{"background-color":"var(--ast-global-color-5)","background-image":"","background-repeat":"repeat","background-position":"center center","background-size":"auto","background-attachment":"scroll","background-type":"","background-media":"","overlay-type":"","overlay-color":"","overlay-opacity":"","overlay-gradient":""}}},"product_brand":[],"product_cat":[329,290,206,21],"product_tag":[],"class_list":{"0":"post-1251","1":"product","2":"type-product","3":"status-publish","4":"has-post-thumbnail","6":"product_cat-experimentos-ciencias","7":"product_cat-reactivos-quimicos","8":"product_cat-productos-experimentos","9":"product_cat-productos","10":"desktop-align-left","11":"tablet-align-left","12":"mobile-align-left","13":"ast-product-gallery-layout-horizontal-slider","14":"ast-magnify-disabled","15":"ast-product-single-variable","16":"ast-product-tabs-layout-horizontal","17":"ast-qv-on-image","19":"first","20":"instock","21":"taxable","22":"shipping-taxable","23":"purchasable","24":"product-type-variable","25":"has-default-attributes"},"acf":[],"yoast_head":"<!-- This site is optimized with the Yoast SEO Premium plugin v27.1 (Yoast SEO v27.1.1) - https:\/\/yoast.com\/product\/yoast-seo-premium-wordpress\/ -->\n<title>Kit Escolar El\u00e9ctrico: Comprar Online - Alquera.com<\/title>\n<meta name=\"description\" content=\"ENV\u00cdOS EN 24\/48H. Kit escolar el\u00e9ctrico con los elementos b\u00e1sicos para hacer un circuito el\u00e9ctrico b\u00e1sico. Bombilla, pila, cable.\" \/>\n<meta name=\"robots\" content=\"index, follow, max-snippet:-1, max-image-preview:large, max-video-preview:-1\" \/>\n<link rel=\"canonical\" href=\"https:\/\/www.alquera.com\/pt\/kit-escolar-electrico\/\" \/>\n<meta property=\"og:locale\" content=\"pt_PT\" \/>\n<meta property=\"og:type\" content=\"article\" \/>\n<meta property=\"og:title\" content=\"Kit Escolar El\u00e9ctrico: Comprar Online - Alquera.com\" \/>\n<meta property=\"og:description\" content=\"ENV\u00cdOS EN 24\/48H. Kit escolar el\u00e9ctrico con los elementos b\u00e1sicos para hacer un circuito el\u00e9ctrico b\u00e1sico. Bombilla, pila, cable.\" \/>\n<meta property=\"og:url\" content=\"https:\/\/www.alquera.com\/pt\/kit-escolar-electrico\/\" \/>\n<meta property=\"og:site_name\" content=\"Alquera.com\" \/>\n<meta property=\"article:publisher\" content=\"https:\/\/www.facebook.com\/alqueraciencia\" \/>\n<meta property=\"article:modified_time\" content=\"2026-02-27T08:28:32+00:00\" \/>\n<meta property=\"og:image\" content=\"https:\/\/www.alquera.com\/wp-content\/uploads\/2020\/02\/KIT-ESCOLAR.png\" \/>\n\t<meta property=\"og:image:width\" content=\"386\" \/>\n\t<meta property=\"og:image:height\" content=\"386\" \/>\n\t<meta property=\"og:image:type\" content=\"image\/png\" \/>\n<meta name=\"twitter:card\" content=\"summary_large_image\" \/>\n<meta name=\"twitter:label1\" content=\"Disponibilidade\" \/>\n\t<meta name=\"twitter:data1\" content=\"Em stock\" \/>\n<script type=\"application\/ld+json\" class=\"yoast-schema-graph\">{\"@context\":\"https:\/\/schema.org\",\"@graph\":[{\"@type\":[\"WebPage\",\"ItemPage\"],\"@id\":\"https:\/\/www.alquera.com\/kit-escolar-electrico\/\",\"url\":\"https:\/\/www.alquera.com\/kit-escolar-electrico\/\",\"name\":\"Kit Escolar El\u00e9ctrico: Comprar Online - Alquera.com\",\"isPartOf\":{\"@id\":\"https:\/\/www.alquera.com\/en\/#website\"},\"primaryImageOfPage\":{\"@id\":\"https:\/\/www.alquera.com\/kit-escolar-electrico\/#primaryimage\"},\"image\":{\"@id\":\"https:\/\/www.alquera.com\/kit-escolar-electrico\/#primaryimage\"},\"thumbnailUrl\":\"https:\/\/www.alquera.com\/wp-content\/uploads\/2020\/02\/KIT-ESCOLAR.png\",\"datePublished\":\"2020-02-20T15:56:32+00:00\",\"dateModified\":\"2026-02-27T08:28:32+00:00\",\"description\":\"ENV\u00cdOS EN 24\/48H. Kit escolar el\u00e9ctrico con los elementos b\u00e1sicos para hacer un circuito el\u00e9ctrico b\u00e1sico. Bombilla, pila, cable.\",\"breadcrumb\":{\"@id\":\"https:\/\/www.alquera.com\/kit-escolar-electrico\/#breadcrumb\"},\"inLanguage\":\"pt-PT\",\"potentialAction\":[{\"@type\":\"ReadAction\",\"target\":[\"https:\/\/www.alquera.com\/kit-escolar-electrico\/\"]}]},{\"@type\":\"ImageObject\",\"inLanguage\":\"pt-PT\",\"@id\":\"https:\/\/www.alquera.com\/kit-escolar-electrico\/#primaryimage\",\"url\":\"https:\/\/www.alquera.com\/wp-content\/uploads\/2020\/02\/KIT-ESCOLAR.png\",\"contentUrl\":\"https:\/\/www.alquera.com\/wp-content\/uploads\/2020\/02\/KIT-ESCOLAR.png\",\"width\":386,\"height\":386},{\"@type\":\"BreadcrumbList\",\"@id\":\"https:\/\/www.alquera.com\/kit-escolar-electrico\/#breadcrumb\",\"itemListElement\":[{\"@type\":\"ListItem\",\"position\":1,\"name\":\"Inicio\",\"item\":\"https:\/\/www.alquera.com\/\"},{\"@type\":\"ListItem\",\"position\":2,\"name\":\"Alquera.com: Tienda Online de Productos Qu\u00edmicos y Material de Laboratorio\",\"item\":\"https:\/\/www.alquera.com\/en\/tienda\/\"},{\"@type\":\"ListItem\",\"position\":3,\"name\":\"Kit Escolar El\u00e9ctrico\"}]},{\"@type\":\"WebSite\",\"@id\":\"https:\/\/www.alquera.com\/en\/#website\",\"url\":\"https:\/\/www.alquera.com\/en\/\",\"name\":\"Alquera.com\",\"description\":\"Tienda Online Productos Qu\u00edmicos y Material de Laboratorio\",\"publisher\":{\"@id\":\"https:\/\/www.alquera.com\/en\/#organization\"},\"potentialAction\":[{\"@type\":\"SearchAction\",\"target\":{\"@type\":\"EntryPoint\",\"urlTemplate\":\"https:\/\/www.alquera.com\/en\/?s={search_term_string}\"},\"query-input\":{\"@type\":\"PropertyValueSpecification\",\"valueRequired\":true,\"valueName\":\"search_term_string\"}}],\"inLanguage\":\"pt-PT\"},{\"@type\":\"Organization\",\"@id\":\"https:\/\/www.alquera.com\/en\/#organization\",\"name\":\"ALQUERA CIENCIA SL\",\"url\":\"https:\/\/www.alquera.com\/en\/\",\"logo\":{\"@type\":\"ImageObject\",\"inLanguage\":\"pt-PT\",\"@id\":\"https:\/\/www.alquera.com\/en\/#\/schema\/logo\/image\/\",\"url\":\"https:\/\/www.alquera.com\/wp-content\/uploads\/2020\/11\/logo_300_ancho.png\",\"contentUrl\":\"https:\/\/www.alquera.com\/wp-content\/uploads\/2020\/11\/logo_300_ancho.png\",\"width\":300,\"height\":86,\"caption\":\"ALQUERA CIENCIA SL\"},\"image\":{\"@id\":\"https:\/\/www.alquera.com\/en\/#\/schema\/logo\/image\/\"},\"sameAs\":[\"https:\/\/www.facebook.com\/alqueraciencia\",\"https:\/\/www.instagram.com\/alquera_ciencia\/\",\"https:\/\/www.youtube.com\/c\/alquera\"]}]}<\/script>\n<meta property=\"og:availability\" content=\"instock\" \/>\n<meta property=\"product:availability\" content=\"instock\" \/>\n<meta property=\"product:condition\" content=\"new\" \/>\n<!-- \/ Yoast SEO Premium plugin. -->","yoast_head_json":{"title":"Kit Escolar El\u00e9trico: Comprar Online - Alquera.com","description":"ENVIOS EM 24\/48H. Kit escolar el\u00e9ctrico com os elementos b\u00e1sicos para fazer um circuito el\u00e9ctrico b\u00e1sico. L\u00e2mpada, bateria, cabo.","robots":{"index":"index","follow":"follow","max-snippet":"max-snippet:-1","max-image-preview":"max-image-preview:large","max-video-preview":"max-video-preview:-1"},"canonical":"https:\/\/www.alquera.com\/pt\/kit-escolar-electrico\/","og_locale":"pt_PT","og_type":"article","og_title":"Kit Escolar El\u00e9ctrico: Comprar Online - Alquera.com","og_description":"ENV\u00cdOS EN 24\/48H. Kit escolar el\u00e9ctrico con los elementos b\u00e1sicos para hacer un circuito el\u00e9ctrico b\u00e1sico. Bombilla, pila, cable.","og_url":"https:\/\/www.alquera.com\/pt\/kit-escolar-electrico\/","og_site_name":"Alquera.com","article_publisher":"https:\/\/www.facebook.com\/alqueraciencia","article_modified_time":"2026-02-27T08:28:32+00:00","og_image":[{"width":386,"height":386,"url":"https:\/\/www.alquera.com\/wp-content\/uploads\/2020\/02\/KIT-ESCOLAR.png","type":"image\/png"}],"twitter_card":"summary_large_image","twitter_misc":{"Disponibilidade":"Em stock"},"schema":{"@context":"https:\/\/schema.org","@graph":[{"@type":["WebPage","ItemPage"],"@id":"https:\/\/www.alquera.com\/kit-escolar-electrico\/","url":"https:\/\/www.alquera.com\/kit-escolar-electrico\/","name":"Kit Escolar El\u00e9trico: Comprar Online - Alquera.com","isPartOf":{"@id":"https:\/\/www.alquera.com\/en\/#website"},"primaryImageOfPage":{"@id":"https:\/\/www.alquera.com\/kit-escolar-electrico\/#primaryimage"},"image":{"@id":"https:\/\/www.alquera.com\/kit-escolar-electrico\/#primaryimage"},"thumbnailUrl":"https:\/\/www.alquera.com\/wp-content\/uploads\/2020\/02\/KIT-ESCOLAR.png","datePublished":"2020-02-20T15:56:32+00:00","dateModified":"2026-02-27T08:28:32+00:00","description":"ENVIOS EM 24\/48H. Kit escolar el\u00e9ctrico com os elementos b\u00e1sicos para fazer um circuito el\u00e9ctrico b\u00e1sico. L\u00e2mpada, bateria, cabo.","breadcrumb":{"@id":"https:\/\/www.alquera.com\/kit-escolar-electrico\/#breadcrumb"},"inLanguage":"pt-PT","potentialAction":[{"@type":"ReadAction","target":["https:\/\/www.alquera.com\/kit-escolar-electrico\/"]}]},{"@type":"ImageObject","inLanguage":"pt-PT","@id":"https:\/\/www.alquera.com\/kit-escolar-electrico\/#primaryimage","url":"https:\/\/www.alquera.com\/wp-content\/uploads\/2020\/02\/KIT-ESCOLAR.png","contentUrl":"https:\/\/www.alquera.com\/wp-content\/uploads\/2020\/02\/KIT-ESCOLAR.png","width":386,"height":386},{"@type":"BreadcrumbList","@id":"https:\/\/www.alquera.com\/kit-escolar-electrico\/#breadcrumb","itemListElement":[{"@type":"ListItem","position":1,"name":"Inicio","item":"https:\/\/www.alquera.com\/"},{"@type":"ListItem","position":2,"name":"Alquera.com: Tienda Online de Productos Qu\u00edmicos y Material de Laboratorio","item":"https:\/\/www.alquera.com\/en\/tienda\/"},{"@type":"ListItem","position":3,"name":"Kit Escolar El\u00e9ctrico"}]},{"@type":"WebSite","@id":"https:\/\/www.alquera.com\/en\/#website","url":"https:\/\/www.alquera.com\/en\/","name":"Alquera.com","description":"Loja on-line de produtos qu\u00edmicos e equipamento de laborat\u00f3rio","publisher":{"@id":"https:\/\/www.alquera.com\/en\/#organization"},"potentialAction":[{"@type":"SearchAction","target":{"@type":"EntryPoint","urlTemplate":"https:\/\/www.alquera.com\/en\/?s={search_term_string}"},"query-input":{"@type":"PropertyValueSpecification","valueRequired":true,"valueName":"search_term_string"}}],"inLanguage":"pt-PT"},{"@type":"Organization","@id":"https:\/\/www.alquera.com\/en\/#organization","name":"ALQUERA CIENCIA SL","url":"https:\/\/www.alquera.com\/en\/","logo":{"@type":"ImageObject","inLanguage":"pt-PT","@id":"https:\/\/www.alquera.com\/en\/#\/schema\/logo\/image\/","url":"https:\/\/www.alquera.com\/wp-content\/uploads\/2020\/11\/logo_300_ancho.png","contentUrl":"https:\/\/www.alquera.com\/wp-content\/uploads\/2020\/11\/logo_300_ancho.png","width":300,"height":86,"caption":"ALQUERA CIENCIA SL"},"image":{"@id":"https:\/\/www.alquera.com\/en\/#\/schema\/logo\/image\/"},"sameAs":["https:\/\/www.facebook.com\/alqueraciencia","https:\/\/www.instagram.com\/alquera_ciencia\/","https:\/\/www.youtube.com\/c\/alquera"]}]},"og_availability":"instock","product_availability":"instock","product_condition":"new"},"_links":{"self":[{"href":"https:\/\/www.alquera.com\/pt\/wp-json\/wp\/v2\/product\/1251","targetHints":{"allow":["GET"]}}],"collection":[{"href":"https:\/\/www.alquera.com\/pt\/wp-json\/wp\/v2\/product"}],"about":[{"href":"https:\/\/www.alquera.com\/pt\/wp-json\/wp\/v2\/types\/product"}],"replies":[{"embeddable":true,"href":"https:\/\/www.alquera.com\/pt\/wp-json\/wp\/v2\/comments?post=1251"}],"wp:featuredmedia":[{"embeddable":true,"href":"https:\/\/www.alquera.com\/pt\/wp-json\/wp\/v2\/media\/9067"}],"wp:attachment":[{"href":"https:\/\/www.alquera.com\/pt\/wp-json\/wp\/v2\/media?parent=1251"}],"wp:term":[{"taxonomy":"product_brand","embeddable":true,"href":"https:\/\/www.alquera.com\/pt\/wp-json\/wp\/v2\/product_brand?post=1251"},{"taxonomy":"product_cat","embeddable":true,"href":"https:\/\/www.alquera.com\/pt\/wp-json\/wp\/v2\/product_cat?post=1251"},{"taxonomy":"product_tag","embeddable":true,"href":"https:\/\/www.alquera.com\/pt\/wp-json\/wp\/v2\/product_tag?post=1251"}],"curies":[{"name":"wp","href":"https:\/\/api.w.org\/{rel}","templated":true}]}}