{"id":1255,"date":"2020-03-06T12:18:50","date_gmt":"2020-03-06T12:18:50","guid":{"rendered":"http:\/\/localhost\/alquera\/productos\/producto\/kit-experimento-cohete-quimico\/"},"modified":"2025-12-22T12:56:42","modified_gmt":"2025-12-22T12:56:42","slug":"experimento-cohete-quimico","status":"publish","type":"product","link":"https:\/\/www.alquera.com\/pt\/experimento-cohete-quimico\/","title":{"rendered":"Reac\u00e7\u00e3o \u00e1cido-base - Chemical Rocket - Kit para 10 utiliza\u00e7\u00f5es. #Exp3"},"content":{"rendered":"<p>O kit de experi\u00eancias com foguetes qu\u00edmicos \u00e9 um kit com o qual se pode realizar a experi\u00eancia com foguetes qu\u00edmicos. A experi\u00eancia consiste na cria\u00e7\u00e3o de um pequeno foguete impulsionado por CO2. O CO2 \u00e9 formado pela reac\u00e7\u00e3o entre o \u00e1cido c\u00edtrico e o bicarbonato de pot\u00e1ssio.<\/p>\n<h2>CONTE\u00daDO DO KIT DE FOGUETE QU\u00cdMICO<\/h2>\n<p>O kit \u00e9 destinado a 10-20 utiliza\u00e7\u00f5es\/pessoa e cont\u00e9m:<\/p>\n<ul>\n<li>100 gramas <a href=\"https:\/\/www.alquera.com\/pt\/acido-citrico\/\" target=\"_blank\" rel=\"noreferrer noopener\">\u00e1cido c\u00edtrico<\/a><\/li>\n<li>100 gramas <a href=\"https:\/\/www.alquera.com\/pt\/bicarbonato-de-potasio\/\">bicarbonato de pot\u00e1ssio<\/a><\/li>\n<li>20 copos de 25ml com 20 tampas para selagem herm\u00e9tica<\/li>\n<\/ul>\n<p>O kit n\u00e3o cont\u00e9m: papel celul\u00f3sico e colher<\/p>\n<h2>PASSO-A-PASSO DETALHADO<\/h2>\n<p>Mostramos-lhe o v\u00eddeo detalhado passo a passo e tamb\u00e9m pode seguir os passos descritos abaixo.<\/p>\n<div class=\"ast-oembed-container\" style=\"height: 100%;\"><iframe loading=\"lazy\" title=\"#Exp3 Reacci\u00f3n \u00c1cido- Base. (Cohete Qu\u00edmico)\" width=\"500\" height=\"281\" src=\"https:\/\/www.youtube.com\/embed\/rgmKiWiMUgA?feature=oembed\" frameborder=\"0\" allow=\"accelerometer; autoplay; clipboard-write; encrypted-media; gyroscope; picture-in-picture; web-share\" referrerpolicy=\"strict-origin-when-cross-origin\" allowfullscreen><\/iframe><\/div>\n<ol>\n<li>Tomar um copo de 25 ml e ench\u00ea-lo a meio caminho com \u00e1gua.<\/li>\n<li>Rodar o vidro para garantir que a \u00e1gua cobre todos os lados do vidro.<\/li>\n<li>Colocar um peda\u00e7o de papel higi\u00e9nico no copo sobre a \u00e1gua.<\/li>\n<li>Acrescentar meia colher de sopa de \u00e1cido c\u00edtrico no papel.<\/li>\n<li>Acrescentar meia colher de sopa de bicarbonato de pot\u00e1ssio ao papel.<\/li>\n<li>Cobrir bem o copo com uma tampa e coloc\u00e1-lo sobre uma superf\u00edcie plana.<\/li>\n<li>Pegar no copo com ambas as m\u00e3os e vir\u00e1-lo de cabe\u00e7a para baixo.<\/li>\n<li>Observar como o foguete \u00e9 impulsionado para cima devido \u00e0 press\u00e3o gerada pela reac\u00e7\u00e3o qu\u00edmica.<\/li>\n<\/ol>\n<p>\u00c9 importante notar que esta experi\u00eancia \u00e9 apenas uma demonstra\u00e7\u00e3o em casa e n\u00e3o deve ser tentada em casa sem a supervis\u00e3o de adultos. Al\u00e9m disso, aconselha-se precau\u00e7\u00e3o ao manusear \u00e1cido c\u00edtrico e bicarbonato de pot\u00e1ssio, uma vez que podem irritar a pele e os olhos.<\/p>\n<h2>O QUE SE APRENDE COM ESTA EXPERI\u00caNCIA<\/h2>\n<ul>\n<li>Como fazer uma experi\u00eancia com foguetes caseiros utilizando materiais comuns<\/li>\n<li>Os princ\u00edpios b\u00e1sicos da reac\u00e7\u00e3o qu\u00edmica entre \u00e1cido e base<\/li>\n<li>Como \u00e9 gerada e utilizada a press\u00e3o para alimentar um foguet\u00e3o<\/li>\n<\/ul>\n<h2><strong>EXPLICA\u00c7\u00c3O T\u00c9CNICA<\/strong><\/h2>\n<p>A reac\u00e7\u00e3o entre \u00e1cido c\u00edtrico e bicarbonato de pot\u00e1ssio \u00e9 uma reac\u00e7\u00e3o de neutraliza\u00e7\u00e3o, na qual uma reac\u00e7\u00e3o qu\u00edmica ocorre entre um \u00e1cido e uma base para formar um composto chamado sais e \u00e1gua. A reac\u00e7\u00e3o qu\u00edmica \u00e9 a seguinte:<\/p>\n<p>C6H8O7 (aq) + KHCO3 (aq) \u2192 K3C6H5O7 (aq) + H2O (l) + CO2 (g)<\/p>\n<p>Onde C6H8O7 \u00e9 \u00e1cido c\u00edtrico, KHCO3 \u00e9 bicarbonato de pot\u00e1ssio, K3C6H5O7 \u00e9 o sal c\u00edtrico formado na reac\u00e7\u00e3o e H2O \u00e9 \u00e1gua. O CO2 \u00e9 di\u00f3xido de carbono, que \u00e9 libertado na reac\u00e7\u00e3o como um g\u00e1s.<\/p>\n<p>Nesta reac\u00e7\u00e3o, o \u00e1cido c\u00edtrico e o bicarbonato de pot\u00e1ssio combinam-se para formar um sal chamado citrato de pot\u00e1ssio, bem como \u00e1gua e di\u00f3xido de carbono. A reac\u00e7\u00e3o \u00e9 exot\u00e9rmica, o que significa que o calor \u00e9 libertado durante a reac\u00e7\u00e3o qu\u00edmica.<\/p>\n<p>A reac\u00e7\u00e3o entre \u00e1cido c\u00edtrico e bicarbonato de pot\u00e1ssio \u00e9 uma reac\u00e7\u00e3o comum na qu\u00edmica dom\u00e9stica e \u00e9 utilizada para fazer uma variedade de produtos, tais como pastilhas de menta, pastilhas de limpeza e produtos de limpeza dom\u00e9stica.<\/p>\n<h2>TIPO DE REAC\u00c7\u00c3O<\/h2>\n<p>A reac\u00e7\u00e3o entre o \u00e1cido c\u00edtrico e o bicarbonato de pot\u00e1ssio \u00e9 uma reac\u00e7\u00e3o \u00e1cido-base. Ver mais <a href=\"https:\/\/www.alquera.com\/pt\/experimentos-de-ciencias\/?_reaccion=reaccion-acido-base\">reac\u00e7\u00f5es \u00e1cido-base<\/a>.<\/p>\n<h2>VER MAIS KITS DE EXPERI\u00caNCIAS<\/h2>\n<div class=\"container-youtube\">Pode ver mais experi\u00eancias nesta sec\u00e7\u00e3o: <a href=\"https:\/\/www.alquera.com\/pt\/experimentos-de-ciencias\/\" target=\"_blank\" rel=\"noopener\">Experi\u00eancias cient\u00edficas<\/a><\/div>","protected":false},"excerpt":{"rendered":"<p>Aprenda a fazer um foguet\u00e3o caseiro usando um copo, \u00e1gua, \u00e1cido c\u00edtrico e bicarbonato de pot\u00e1ssio! Esta experi\u00eancia cient\u00edfica divertida ir\u00e1 ensinar sobre a qu\u00edmica da reac\u00e7\u00e3o entre \u00e1cido e base e permitir-lhe-\u00e1 ver como \u00e9 gerada a press\u00e3o para impulsionar o foguet\u00e3o para cima. As encomendas podem ser feitas atrav\u00e9s da web adicionando o produto ao seu carrinho e seguindo os passos abaixo indicados.<\/p>","protected":false},"featured_media":40482,"comment_status":"open","ping_status":"closed","template":"","meta":{"_acf_changed":false,"site-sidebar-layout":"default","site-content-layout":"default","ast-site-content-layout":"default","site-content-style":"default","site-sidebar-style":"default","ast-global-header-display":"","ast-banner-title-visibility":"","ast-main-header-display":"","ast-hfb-above-header-display":"","ast-hfb-below-header-display":"","ast-hfb-mobile-header-display":"","site-post-title":"","ast-breadcrumbs-content":"","ast-featured-img":"","footer-sml-layout":"","ast-disable-related-posts":"","theme-transparent-header-meta":"default","adv-header-id-meta":"","stick-header-meta":"default","header-above-stick-meta":"","header-main-stick-meta":"","header-below-stick-meta":"","astra-migrate-meta-layouts":"default","ast-page-background-enabled":"default","ast-page-background-meta":{"desktop":{"background-color":"var(--ast-global-color-4)","background-image":"","background-repeat":"repeat","background-position":"center center","background-size":"auto","background-attachment":"scroll","background-type":"","background-media":"","overlay-type":"","overlay-color":"","overlay-opacity":"","overlay-gradient":""},"tablet":{"background-color":"","background-image":"","background-repeat":"repeat","background-position":"center center","background-size":"auto","background-attachment":"scroll","background-type":"","background-media":"","overlay-type":"","overlay-color":"","overlay-opacity":"","overlay-gradient":""},"mobile":{"background-color":"","background-image":"","background-repeat":"repeat","background-position":"center center","background-size":"auto","background-attachment":"scroll","background-type":"","background-media":"","overlay-type":"","overlay-color":"","overlay-opacity":"","overlay-gradient":""}},"ast-content-background-meta":{"desktop":{"background-color":"var(--ast-global-color-5)","background-image":"","background-repeat":"repeat","background-position":"center center","background-size":"auto","background-attachment":"scroll","background-type":"","background-media":"","overlay-type":"","overlay-color":"","overlay-opacity":"","overlay-gradient":""},"tablet":{"background-color":"var(--ast-global-color-5)","background-image":"","background-repeat":"repeat","background-position":"center center","background-size":"auto","background-attachment":"scroll","background-type":"","background-media":"","overlay-type":"","overlay-color":"","overlay-opacity":"","overlay-gradient":""},"mobile":{"background-color":"var(--ast-global-color-5)","background-image":"","background-repeat":"repeat","background-position":"center center","background-size":"auto","background-attachment":"scroll","background-type":"","background-media":"","overlay-type":"","overlay-color":"","overlay-opacity":"","overlay-gradient":""}}},"product_brand":[],"product_cat":[329,21],"product_tag":[],"class_list":{"0":"post-1255","1":"product","2":"type-product","3":"status-publish","4":"has-post-thumbnail","6":"product_cat-experimentos-ciencias","7":"product_cat-productos","8":"desktop-align-left","9":"tablet-align-left","10":"mobile-align-left","11":"ast-product-gallery-layout-horizontal-slider","12":"ast-product-gallery-with-no-image","13":"ast-magnify-disabled","14":"ast-product-tabs-layout-horizontal","15":"ast-qv-on-image","17":"first","18":"instock","19":"sold-individually","20":"taxable","21":"shipping-taxable","22":"purchasable","23":"product-type-simple"},"acf":[],"yoast_head":"<!-- This site is optimized with the Yoast SEO Premium plugin v27.1 (Yoast SEO v27.1.1) - https:\/\/yoast.com\/product\/yoast-seo-premium-wordpress\/ -->\n<title>Reacci\u00f3n \u00c1cido-Base - Cohete Qu\u00edmico - Kit para 10 usos. #Exp3: Comprar Online - Alquera.com<\/title>\n<meta name=\"robots\" content=\"noindex, nofollow\" \/>\n<meta property=\"og:locale\" content=\"pt_PT\" \/>\n<meta property=\"og:type\" content=\"article\" \/>\n<meta property=\"og:title\" content=\"Reacci\u00f3n \u00c1cido-Base - Cohete Qu\u00edmico - Kit para 10 usos. #Exp3: Comprar Online - Alquera.com\" \/>\n<meta property=\"og:description\" content=\"\u00a1Ense\u00f1a a hacer un cohete casero utilizando un vaso, agua, \u00e1cido c\u00edtrico y bicarbonato de potasio! Este divertido experimento cient\u00edfico ense\u00f1ar\u00e1 sobre la qu\u00edmica de la reacci\u00f3n entre \u00e1cido y base y permitir\u00e1 ver c\u00f3mo se genera una presi\u00f3n que impulsa el cohete hacia arriba. Los pedidos se hacen via Web, a\u00f1adiendo el producto al carrito y siguiendo los pasos que se indican m\u00e1s abajo.\" \/>\n<meta property=\"og:url\" content=\"https:\/\/www.alquera.com\/pt\/experimento-cohete-quimico\/\" \/>\n<meta property=\"og:site_name\" content=\"Alquera.com\" \/>\n<meta property=\"article:publisher\" content=\"https:\/\/www.facebook.com\/alqueraciencia\" \/>\n<meta property=\"article:modified_time\" content=\"2025-12-22T12:56:42+00:00\" \/>\n<meta property=\"og:image\" content=\"https:\/\/www.alquera.com\/wp-content\/uploads\/2023\/01\/kit-componentes-1.png\" \/>\n\t<meta property=\"og:image:width\" content=\"900\" \/>\n\t<meta property=\"og:image:height\" content=\"900\" \/>\n\t<meta property=\"og:image:type\" content=\"image\/png\" \/>\n<meta name=\"twitter:card\" content=\"summary_large_image\" \/>\n<meta name=\"twitter:label1\" content=\"pre\u00e7o\" \/>\n\t<meta name=\"twitter:data1\" content=\"12,90&euro;\" \/>\n\t<meta name=\"twitter:label2\" content=\"Disponibilidade\" \/>\n\t<meta name=\"twitter:data2\" content=\"Em stock\" \/>\n<script type=\"application\/ld+json\" class=\"yoast-schema-graph\">{\"@context\":\"https:\/\/schema.org\",\"@graph\":[{\"@type\":[\"WebPage\",\"ItemPage\"],\"@id\":\"https:\/\/www.alquera.com\/experimento-cohete-quimico\/\",\"url\":\"https:\/\/www.alquera.com\/experimento-cohete-quimico\/\",\"name\":\"Reacci\u00f3n \u00c1cido-Base - Cohete Qu\u00edmico - Kit para 10 usos. #Exp3: Comprar Online - Alquera.com\",\"isPartOf\":{\"@id\":\"https:\/\/www.alquera.com\/en\/#website\"},\"primaryImageOfPage\":{\"@id\":\"https:\/\/www.alquera.com\/experimento-cohete-quimico\/#primaryimage\"},\"image\":{\"@id\":\"https:\/\/www.alquera.com\/experimento-cohete-quimico\/#primaryimage\"},\"thumbnailUrl\":\"https:\/\/www.alquera.com\/wp-content\/uploads\/2023\/01\/kit-componentes-1.png\",\"datePublished\":\"2020-03-06T12:18:50+00:00\",\"dateModified\":\"2025-12-22T12:56:42+00:00\",\"breadcrumb\":{\"@id\":\"https:\/\/www.alquera.com\/experimento-cohete-quimico\/#breadcrumb\"},\"inLanguage\":\"pt-PT\",\"potentialAction\":[{\"@type\":\"ReadAction\",\"target\":[\"https:\/\/www.alquera.com\/experimento-cohete-quimico\/\"]}]},{\"@type\":\"ImageObject\",\"inLanguage\":\"pt-PT\",\"@id\":\"https:\/\/www.alquera.com\/experimento-cohete-quimico\/#primaryimage\",\"url\":\"https:\/\/www.alquera.com\/wp-content\/uploads\/2023\/01\/kit-componentes-1.png\",\"contentUrl\":\"https:\/\/www.alquera.com\/wp-content\/uploads\/2023\/01\/kit-componentes-1.png\",\"width\":900,\"height\":900,\"caption\":\"kit experimento cohete quimico\"},{\"@type\":\"BreadcrumbList\",\"@id\":\"https:\/\/www.alquera.com\/experimento-cohete-quimico\/#breadcrumb\",\"itemListElement\":[{\"@type\":\"ListItem\",\"position\":1,\"name\":\"Inicio\",\"item\":\"https:\/\/www.alquera.com\/\"},{\"@type\":\"ListItem\",\"position\":2,\"name\":\"Alquera.com: Tienda Online de Productos Qu\u00edmicos y Material de Laboratorio\",\"item\":\"https:\/\/www.alquera.com\/en\/tienda\/\"},{\"@type\":\"ListItem\",\"position\":3,\"name\":\"Reacci\u00f3n \u00c1cido-Base &#8211; Cohete Qu\u00edmico &#8211; Kit para 10 usos. #Exp3\"}]},{\"@type\":\"WebSite\",\"@id\":\"https:\/\/www.alquera.com\/en\/#website\",\"url\":\"https:\/\/www.alquera.com\/en\/\",\"name\":\"Alquera.com\",\"description\":\"Tienda Online Productos Qu\u00edmicos y Material de Laboratorio\",\"publisher\":{\"@id\":\"https:\/\/www.alquera.com\/en\/#organization\"},\"potentialAction\":[{\"@type\":\"SearchAction\",\"target\":{\"@type\":\"EntryPoint\",\"urlTemplate\":\"https:\/\/www.alquera.com\/en\/?s={search_term_string}\"},\"query-input\":{\"@type\":\"PropertyValueSpecification\",\"valueRequired\":true,\"valueName\":\"search_term_string\"}}],\"inLanguage\":\"pt-PT\"},{\"@type\":\"Organization\",\"@id\":\"https:\/\/www.alquera.com\/en\/#organization\",\"name\":\"ALQUERA CIENCIA SL\",\"url\":\"https:\/\/www.alquera.com\/en\/\",\"logo\":{\"@type\":\"ImageObject\",\"inLanguage\":\"pt-PT\",\"@id\":\"https:\/\/www.alquera.com\/en\/#\/schema\/logo\/image\/\",\"url\":\"https:\/\/www.alquera.com\/wp-content\/uploads\/2020\/11\/logo_300_ancho.png\",\"contentUrl\":\"https:\/\/www.alquera.com\/wp-content\/uploads\/2020\/11\/logo_300_ancho.png\",\"width\":300,\"height\":86,\"caption\":\"ALQUERA CIENCIA SL\"},\"image\":{\"@id\":\"https:\/\/www.alquera.com\/en\/#\/schema\/logo\/image\/\"},\"sameAs\":[\"https:\/\/www.facebook.com\/alqueraciencia\",\"https:\/\/www.instagram.com\/alquera_ciencia\/\",\"https:\/\/www.youtube.com\/c\/alquera\"]}]}<\/script>\n<meta property=\"product:price:amount\" content=\"12.90\" \/>\n<meta property=\"product:price:currency\" content=\"EUR\" \/>\n<meta property=\"og:availability\" content=\"instock\" \/>\n<meta property=\"product:availability\" content=\"instock\" \/>\n<meta property=\"product:condition\" content=\"new\" \/>\n<!-- \/ Yoast SEO Premium plugin. -->","yoast_head_json":{"title":"Rea\u00e7\u00e3o \u00c1cido-Base - Foguet\u00e3o Qu\u00edmico - Kit para 10 utiliza\u00e7\u00f5es. #Exp3: Comprar Online - Alquera.com","robots":{"index":"noindex","follow":"nofollow"},"og_locale":"pt_PT","og_type":"article","og_title":"Reacci\u00f3n \u00c1cido-Base - Cohete Qu\u00edmico - Kit para 10 usos. #Exp3: Comprar Online - Alquera.com","og_description":"\u00a1Ense\u00f1a a hacer un cohete casero utilizando un vaso, agua, \u00e1cido c\u00edtrico y bicarbonato de potasio! Este divertido experimento cient\u00edfico ense\u00f1ar\u00e1 sobre la qu\u00edmica de la reacci\u00f3n entre \u00e1cido y base y permitir\u00e1 ver c\u00f3mo se genera una presi\u00f3n que impulsa el cohete hacia arriba. Los pedidos se hacen via Web, a\u00f1adiendo el producto al carrito y siguiendo los pasos que se indican m\u00e1s abajo.","og_url":"https:\/\/www.alquera.com\/pt\/experimento-cohete-quimico\/","og_site_name":"Alquera.com","article_publisher":"https:\/\/www.facebook.com\/alqueraciencia","article_modified_time":"2025-12-22T12:56:42+00:00","og_image":[{"width":900,"height":900,"url":"https:\/\/www.alquera.com\/wp-content\/uploads\/2023\/01\/kit-componentes-1.png","type":"image\/png"}],"twitter_card":"summary_large_image","twitter_misc":{"pre\u00e7o":"12,90&euro;","Disponibilidade":"Em stock"},"schema":{"@context":"https:\/\/schema.org","@graph":[{"@type":["WebPage","ItemPage"],"@id":"https:\/\/www.alquera.com\/experimento-cohete-quimico\/","url":"https:\/\/www.alquera.com\/experimento-cohete-quimico\/","name":"Rea\u00e7\u00e3o \u00c1cido-Base - Foguet\u00e3o Qu\u00edmico - Kit para 10 utiliza\u00e7\u00f5es. #Exp3: Comprar Online - Alquera.com","isPartOf":{"@id":"https:\/\/www.alquera.com\/en\/#website"},"primaryImageOfPage":{"@id":"https:\/\/www.alquera.com\/experimento-cohete-quimico\/#primaryimage"},"image":{"@id":"https:\/\/www.alquera.com\/experimento-cohete-quimico\/#primaryimage"},"thumbnailUrl":"https:\/\/www.alquera.com\/wp-content\/uploads\/2023\/01\/kit-componentes-1.png","datePublished":"2020-03-06T12:18:50+00:00","dateModified":"2025-12-22T12:56:42+00:00","breadcrumb":{"@id":"https:\/\/www.alquera.com\/experimento-cohete-quimico\/#breadcrumb"},"inLanguage":"pt-PT","potentialAction":[{"@type":"ReadAction","target":["https:\/\/www.alquera.com\/experimento-cohete-quimico\/"]}]},{"@type":"ImageObject","inLanguage":"pt-PT","@id":"https:\/\/www.alquera.com\/experimento-cohete-quimico\/#primaryimage","url":"https:\/\/www.alquera.com\/wp-content\/uploads\/2023\/01\/kit-componentes-1.png","contentUrl":"https:\/\/www.alquera.com\/wp-content\/uploads\/2023\/01\/kit-componentes-1.png","width":900,"height":900,"caption":"kit experimento cohete quimico"},{"@type":"BreadcrumbList","@id":"https:\/\/www.alquera.com\/experimento-cohete-quimico\/#breadcrumb","itemListElement":[{"@type":"ListItem","position":1,"name":"Inicio","item":"https:\/\/www.alquera.com\/"},{"@type":"ListItem","position":2,"name":"Alquera.com: Tienda Online de Productos Qu\u00edmicos y Material de Laboratorio","item":"https:\/\/www.alquera.com\/en\/tienda\/"},{"@type":"ListItem","position":3,"name":"Reacci\u00f3n \u00c1cido-Base &#8211; Cohete Qu\u00edmico &#8211; Kit para 10 usos. #Exp3"}]},{"@type":"WebSite","@id":"https:\/\/www.alquera.com\/en\/#website","url":"https:\/\/www.alquera.com\/en\/","name":"Alquera.com","description":"Loja on-line de produtos qu\u00edmicos e equipamento de laborat\u00f3rio","publisher":{"@id":"https:\/\/www.alquera.com\/en\/#organization"},"potentialAction":[{"@type":"SearchAction","target":{"@type":"EntryPoint","urlTemplate":"https:\/\/www.alquera.com\/en\/?s={search_term_string}"},"query-input":{"@type":"PropertyValueSpecification","valueRequired":true,"valueName":"search_term_string"}}],"inLanguage":"pt-PT"},{"@type":"Organization","@id":"https:\/\/www.alquera.com\/en\/#organization","name":"ALQUERA CIENCIA SL","url":"https:\/\/www.alquera.com\/en\/","logo":{"@type":"ImageObject","inLanguage":"pt-PT","@id":"https:\/\/www.alquera.com\/en\/#\/schema\/logo\/image\/","url":"https:\/\/www.alquera.com\/wp-content\/uploads\/2020\/11\/logo_300_ancho.png","contentUrl":"https:\/\/www.alquera.com\/wp-content\/uploads\/2020\/11\/logo_300_ancho.png","width":300,"height":86,"caption":"ALQUERA CIENCIA SL"},"image":{"@id":"https:\/\/www.alquera.com\/en\/#\/schema\/logo\/image\/"},"sameAs":["https:\/\/www.facebook.com\/alqueraciencia","https:\/\/www.instagram.com\/alquera_ciencia\/","https:\/\/www.youtube.com\/c\/alquera"]}]},"product_price_amount":"12.90","product_price_currency":"EUR","og_availability":"instock","product_availability":"instock","product_condition":"new"},"_links":{"self":[{"href":"https:\/\/www.alquera.com\/pt\/wp-json\/wp\/v2\/product\/1255","targetHints":{"allow":["GET"]}}],"collection":[{"href":"https:\/\/www.alquera.com\/pt\/wp-json\/wp\/v2\/product"}],"about":[{"href":"https:\/\/www.alquera.com\/pt\/wp-json\/wp\/v2\/types\/product"}],"replies":[{"embeddable":true,"href":"https:\/\/www.alquera.com\/pt\/wp-json\/wp\/v2\/comments?post=1255"}],"wp:featuredmedia":[{"embeddable":true,"href":"https:\/\/www.alquera.com\/pt\/wp-json\/wp\/v2\/media\/40482"}],"wp:attachment":[{"href":"https:\/\/www.alquera.com\/pt\/wp-json\/wp\/v2\/media?parent=1255"}],"wp:term":[{"taxonomy":"product_brand","embeddable":true,"href":"https:\/\/www.alquera.com\/pt\/wp-json\/wp\/v2\/product_brand?post=1255"},{"taxonomy":"product_cat","embeddable":true,"href":"https:\/\/www.alquera.com\/pt\/wp-json\/wp\/v2\/product_cat?post=1255"},{"taxonomy":"product_tag","embeddable":true,"href":"https:\/\/www.alquera.com\/pt\/wp-json\/wp\/v2\/product_tag?post=1255"}],"curies":[{"name":"wp","href":"https:\/\/api.w.org\/{rel}","templated":true}]}}