{"id":1256,"date":"2020-03-12T09:53:29","date_gmt":"2020-03-12T09:53:29","guid":{"rendered":"http:\/\/localhost\/alquera\/productos\/producto\/glicerina-usp-vegetal-995-5l\/"},"modified":"2026-03-30T14:02:59","modified_gmt":"2026-03-30T14:02:59","slug":"glicerina","status":"publish","type":"product","link":"https:\/\/www.alquera.com\/pt\/glicerina\/","title":{"rendered":"Glicerina USP Vegetal 99.5%"},"content":{"rendered":"<p>A glicerina, ou glicerol, \u00e9 um componente de gorduras animais e vegetais. A glicerina vegetal \u00e9 um dos componentes de base mais utilizados no fabrico de cremes, emulsificando com outros \u00f3leos para lhes conferir as suas propriedades. A glicerina vegetal \u00e9 l\u00edquida a uma temperatura de 25\u00ba, \u00e9 higrosc\u00f3pica e incolor. Tamb\u00e9m pode encontrar sab\u00e3o \u00e0 base de glicerina, neste caso n\u00e3o \u00e9 glicerina pura, mas \u00e9 uma soma de componentes que lhe d\u00e3o um sab\u00e3o \u00e0 base de glicerina em forma de barra para que possa fazer os seus pr\u00f3prios sabonetes \u00e0 base de glicerina. Encontrar diferentes formatos de glicerina em Alquera. Se tiver alguma d\u00favida, por favor contacte-nos.<\/p>\n<h2>IDENTIFICA\u00c7\u00c3O E PROPRIEDADES DA GLICERINA<\/h2>\n<p><strong>Nome:<\/strong> Glicerina 99,5% USP de origem vegetal EP\/E422<br \/>\n<strong>Sin\u00f3nimos:<\/strong> Glicerol, 1,2,3-Propanotriol<br \/>\n<strong>CAS:<\/strong> 56-81-5<br \/>\n<strong>CE:<\/strong> 200-289-5<br \/>\n<strong>Conte\u00fado:<\/strong> &gt; 99,5%<\/p>\n<ul>\n<li>Apar\u00eancia: l\u00edquido incolor viscoso incolor<\/li>\n<li>Odor: inodoro<\/li>\n<li>pH: Aprox. 5 a 100 g\/l 20\u00baC<\/li>\n<li>Ponto de fus\u00e3o: 18\u00baC<\/li>\n<li>Ponto de ebuli\u00e7\u00e3o: 290\u00baC a 1013 hPa (decomposi\u00e7\u00e3o)<\/li>\n<li>Ponto de inflama\u00e7\u00e3o: &gt;160\u00b0C<\/li>\n<li>Limites explosivos: Inferior: 2,6% Superior: 11,3%<\/li>\n<li>Press\u00e3o de vapor (20\u00baC): &lt;0.001 hPa<\/li>\n<li>Densidade relativa do vapor (ar=1): 3,18<\/li>\n<li>Densidade (15\u00baC): 0,78- 0,82 g\/cm3<\/li>\n<li>Solubilidade na \u00e1gua: Sol\u00favel<\/li>\n<li>Coeficiente de parti\u00e7\u00e3o n-octanol\/\u00e1gua: Log Pow: -1,76. N\u00e3o se espera uma bioacumula\u00e7\u00e3o.<\/li>\n<li>Temperatura de auto-igni\u00e7\u00e3o: &gt;400\u00baC<\/li>\n<li>Temperatura de decomposi\u00e7\u00e3o: &gt;290\u00b0C<\/li>\n<li>Viscosidade, din\u00e2mica (20\u00baC): 1,412 mPa.s<\/li>\n<li>Propriedades explosivas: N\u00e3o explosivas<\/li>\n<li>Propriedades oxidantes: N\u00e3o-combustivo<\/li>\n<\/ul>\n<h2>USES<\/h2>\n<ul>\n<li>Mat\u00e9ria-prima para cosm\u00e9tica<\/li>\n<\/ul>\n<p>&nbsp;<\/p>","protected":false},"excerpt":{"rendered":"<p>Comprar Glicerina Vegetal em formatos de 1L e 5L. Pode ver o pre\u00e7o dos diferentes formatos de Glicerina quando selecciona o formato desejado. A encomenda \u00e9 feita directamente atrav\u00e9s da Web seguindo os passos indicados, sendo entregue em 24\/48 horas.<\/p>","protected":false},"featured_media":8427,"comment_status":"open","ping_status":"closed","template":"","meta":{"_acf_changed":false,"site-sidebar-layout":"default","site-content-layout":"default","ast-site-content-layout":"default","site-content-style":"default","site-sidebar-style":"default","ast-global-header-display":"","ast-banner-title-visibility":"","ast-main-header-display":"","ast-hfb-above-header-display":"","ast-hfb-below-header-display":"","ast-hfb-mobile-header-display":"","site-post-title":"","ast-breadcrumbs-content":"","ast-featured-img":"","footer-sml-layout":"","ast-disable-related-posts":"","theme-transparent-header-meta":"default","adv-header-id-meta":"","stick-header-meta":"default","header-above-stick-meta":"","header-main-stick-meta":"","header-below-stick-meta":"","astra-migrate-meta-layouts":"default","ast-page-background-enabled":"default","ast-page-background-meta":{"desktop":{"background-color":"var(--ast-global-color-4)","background-image":"","background-repeat":"repeat","background-position":"center center","background-size":"auto","background-attachment":"scroll","background-type":"","background-media":"","overlay-type":"","overlay-color":"","overlay-opacity":"","overlay-gradient":""},"tablet":{"background-color":"","background-image":"","background-repeat":"repeat","background-position":"center center","background-size":"auto","background-attachment":"scroll","background-type":"","background-media":"","overlay-type":"","overlay-color":"","overlay-opacity":"","overlay-gradient":""},"mobile":{"background-color":"","background-image":"","background-repeat":"repeat","background-position":"center center","background-size":"auto","background-attachment":"scroll","background-type":"","background-media":"","overlay-type":"","overlay-color":"","overlay-opacity":"","overlay-gradient":""}},"ast-content-background-meta":{"desktop":{"background-color":"var(--ast-global-color-5)","background-image":"","background-repeat":"repeat","background-position":"center center","background-size":"auto","background-attachment":"scroll","background-type":"","background-media":"","overlay-type":"","overlay-color":"","overlay-opacity":"","overlay-gradient":""},"tablet":{"background-color":"var(--ast-global-color-5)","background-image":"","background-repeat":"repeat","background-position":"center center","background-size":"auto","background-attachment":"scroll","background-type":"","background-media":"","overlay-type":"","overlay-color":"","overlay-opacity":"","overlay-gradient":""},"mobile":{"background-color":"var(--ast-global-color-5)","background-image":"","background-repeat":"repeat","background-position":"center center","background-size":"auto","background-attachment":"scroll","background-type":"","background-media":"","overlay-type":"","overlay-color":"","overlay-opacity":"","overlay-gradient":""}}},"product_brand":[],"product_cat":[21],"product_tag":[],"class_list":{"0":"post-1256","1":"product","2":"type-product","3":"status-publish","4":"has-post-thumbnail","6":"product_cat-productos","7":"pa_cantidad-1l","8":"pa_cantidad-5l","9":"pa_cantidad-25l-2","10":"desktop-align-left","11":"tablet-align-left","12":"mobile-align-left","13":"ast-product-gallery-layout-horizontal-slider","14":"ast-product-gallery-with-no-image","15":"ast-magnify-disabled","16":"ast-product-single-variable","17":"ast-product-tabs-layout-horizontal","18":"ast-qv-on-image","20":"first","21":"instock","22":"taxable","23":"shipping-taxable","24":"purchasable","25":"product-type-variable","26":"has-default-attributes"},"acf":[],"yoast_head":"<!-- This site is optimized with the Yoast SEO Premium plugin v27.1 (Yoast SEO v27.1.1) - https:\/\/yoast.com\/product\/yoast-seo-premium-wordpress\/ -->\n<title>Glicerina USP Vegetal 99,5% 1L - 5L - Alquera.com<\/title>\n<meta name=\"description\" content=\"ENV\u00cdOS EN 24\/48H. Comprar Glicerina Vegetal en Alquera. Fabricaci\u00f3n de hidrogeles, cremas, emulsi\u00f3n con aceites.\" \/>\n<meta name=\"robots\" content=\"index, follow, max-snippet:-1, max-image-preview:large, max-video-preview:-1\" \/>\n<link rel=\"canonical\" href=\"https:\/\/www.alquera.com\/pt\/glicerina\/\" \/>\n<meta property=\"og:locale\" content=\"pt_PT\" \/>\n<meta property=\"og:type\" content=\"article\" \/>\n<meta property=\"og:title\" content=\"Glicerina USP Vegetal 99,5%: Comprar Online - Alquera.com\" \/>\n<meta property=\"og:description\" content=\"ENV\u00cdOS EN 24\/48H. Comprar Glicerina Vegetal en Alquera. Fabricaci\u00f3n de hidrogeles, cremas, emulsi\u00f3n con aceites.\" \/>\n<meta property=\"og:url\" content=\"https:\/\/www.alquera.com\/pt\/glicerina\/\" \/>\n<meta property=\"og:site_name\" content=\"Alquera.com\" \/>\n<meta property=\"article:publisher\" content=\"https:\/\/www.facebook.com\/alqueraciencia\" \/>\n<meta property=\"article:modified_time\" content=\"2026-03-30T14:02:59+00:00\" \/>\n<meta property=\"og:image\" content=\"https:\/\/www.alquera.com\/wp-content\/uploads\/2020\/03\/GLICERINA-VEGETAL-1L_AMAZON.jpg\" \/>\n\t<meta property=\"og:image:width\" content=\"800\" \/>\n\t<meta property=\"og:image:height\" content=\"785\" \/>\n\t<meta property=\"og:image:type\" content=\"image\/jpeg\" \/>\n<meta name=\"twitter:card\" content=\"summary_large_image\" \/>\n<meta name=\"twitter:label1\" content=\"Disponibilidade\" \/>\n\t<meta name=\"twitter:data1\" content=\"Em stock\" \/>\n<script type=\"application\/ld+json\" class=\"yoast-schema-graph\">{\"@context\":\"https:\/\/schema.org\",\"@graph\":[{\"@type\":[\"WebPage\",\"ItemPage\"],\"@id\":\"https:\/\/www.alquera.com\/glicerina\/\",\"url\":\"https:\/\/www.alquera.com\/glicerina\/\",\"name\":\"Glicerina USP Vegetal 99,5% 1L - 5L - Alquera.com\",\"isPartOf\":{\"@id\":\"https:\/\/www.alquera.com\/en\/#website\"},\"primaryImageOfPage\":{\"@id\":\"https:\/\/www.alquera.com\/glicerina\/#primaryimage\"},\"image\":{\"@id\":\"https:\/\/www.alquera.com\/glicerina\/#primaryimage\"},\"thumbnailUrl\":\"https:\/\/www.alquera.com\/wp-content\/uploads\/2020\/03\/GLICERINA-VEGETAL-1L_AMAZON.jpg\",\"datePublished\":\"2020-03-12T09:53:29+00:00\",\"dateModified\":\"2026-03-30T14:02:59+00:00\",\"description\":\"ENV\u00cdOS EN 24\/48H. Comprar Glicerina Vegetal en Alquera. Fabricaci\u00f3n de hidrogeles, cremas, emulsi\u00f3n con aceites.\",\"breadcrumb\":{\"@id\":\"https:\/\/www.alquera.com\/glicerina\/#breadcrumb\"},\"inLanguage\":\"pt-PT\",\"potentialAction\":[{\"@type\":\"ReadAction\",\"target\":[\"https:\/\/www.alquera.com\/glicerina\/\"]}]},{\"@type\":\"ImageObject\",\"inLanguage\":\"pt-PT\",\"@id\":\"https:\/\/www.alquera.com\/glicerina\/#primaryimage\",\"url\":\"https:\/\/www.alquera.com\/wp-content\/uploads\/2020\/03\/GLICERINA-VEGETAL-1L_AMAZON.jpg\",\"contentUrl\":\"https:\/\/www.alquera.com\/wp-content\/uploads\/2020\/03\/GLICERINA-VEGETAL-1L_AMAZON.jpg\",\"width\":800,\"height\":785,\"caption\":\"GLICERINA VEGETAL\"},{\"@type\":\"BreadcrumbList\",\"@id\":\"https:\/\/www.alquera.com\/glicerina\/#breadcrumb\",\"itemListElement\":[{\"@type\":\"ListItem\",\"position\":1,\"name\":\"Inicio\",\"item\":\"https:\/\/www.alquera.com\/\"},{\"@type\":\"ListItem\",\"position\":2,\"name\":\"Alquera.com: Tienda Online de Productos Qu\u00edmicos y Material de Laboratorio\",\"item\":\"https:\/\/www.alquera.com\/en\/tienda\/\"},{\"@type\":\"ListItem\",\"position\":3,\"name\":\"Glicerina USP Vegetal 99,5%\"}]},{\"@type\":\"WebSite\",\"@id\":\"https:\/\/www.alquera.com\/en\/#website\",\"url\":\"https:\/\/www.alquera.com\/en\/\",\"name\":\"Alquera.com\",\"description\":\"Tienda Online Productos Qu\u00edmicos y Material de Laboratorio\",\"publisher\":{\"@id\":\"https:\/\/www.alquera.com\/en\/#organization\"},\"potentialAction\":[{\"@type\":\"SearchAction\",\"target\":{\"@type\":\"EntryPoint\",\"urlTemplate\":\"https:\/\/www.alquera.com\/en\/?s={search_term_string}\"},\"query-input\":{\"@type\":\"PropertyValueSpecification\",\"valueRequired\":true,\"valueName\":\"search_term_string\"}}],\"inLanguage\":\"pt-PT\"},{\"@type\":\"Organization\",\"@id\":\"https:\/\/www.alquera.com\/en\/#organization\",\"name\":\"ALQUERA CIENCIA SL\",\"url\":\"https:\/\/www.alquera.com\/en\/\",\"logo\":{\"@type\":\"ImageObject\",\"inLanguage\":\"pt-PT\",\"@id\":\"https:\/\/www.alquera.com\/en\/#\/schema\/logo\/image\/\",\"url\":\"https:\/\/www.alquera.com\/wp-content\/uploads\/2020\/11\/logo_300_ancho.png\",\"contentUrl\":\"https:\/\/www.alquera.com\/wp-content\/uploads\/2020\/11\/logo_300_ancho.png\",\"width\":300,\"height\":86,\"caption\":\"ALQUERA CIENCIA SL\"},\"image\":{\"@id\":\"https:\/\/www.alquera.com\/en\/#\/schema\/logo\/image\/\"},\"sameAs\":[\"https:\/\/www.facebook.com\/alqueraciencia\",\"https:\/\/www.instagram.com\/alquera_ciencia\/\",\"https:\/\/www.youtube.com\/c\/alquera\"]}]}<\/script>\n<meta property=\"og:availability\" content=\"instock\" \/>\n<meta property=\"product:availability\" content=\"instock\" \/>\n<meta property=\"product:retailer_item_id\" content=\"ALCS2\" \/>\n<meta property=\"product:condition\" content=\"new\" \/>\n<!-- \/ Yoast SEO Premium plugin. -->","yoast_head_json":{"title":"Glicerina USP Vegetal 99,5% 1L - 5L - Alquera.com","description":"ENTREGA 24\/48H. Comprar Glicerina Vegetal em Alquera. Fabrico de hidrogel, cremes, emuls\u00e3o com \u00f3leos.","robots":{"index":"index","follow":"follow","max-snippet":"max-snippet:-1","max-image-preview":"max-image-preview:large","max-video-preview":"max-video-preview:-1"},"canonical":"https:\/\/www.alquera.com\/pt\/glicerina\/","og_locale":"pt_PT","og_type":"article","og_title":"Glicerina USP Vegetal 99,5%: Comprar Online - Alquera.com","og_description":"ENV\u00cdOS EN 24\/48H. Comprar Glicerina Vegetal en Alquera. Fabricaci\u00f3n de hidrogeles, cremas, emulsi\u00f3n con aceites.","og_url":"https:\/\/www.alquera.com\/pt\/glicerina\/","og_site_name":"Alquera.com","article_publisher":"https:\/\/www.facebook.com\/alqueraciencia","article_modified_time":"2026-03-30T14:02:59+00:00","og_image":[{"width":800,"height":785,"url":"https:\/\/www.alquera.com\/wp-content\/uploads\/2020\/03\/GLICERINA-VEGETAL-1L_AMAZON.jpg","type":"image\/jpeg"}],"twitter_card":"summary_large_image","twitter_misc":{"Disponibilidade":"Em stock"},"schema":{"@context":"https:\/\/schema.org","@graph":[{"@type":["WebPage","ItemPage"],"@id":"https:\/\/www.alquera.com\/glicerina\/","url":"https:\/\/www.alquera.com\/glicerina\/","name":"Glicerina USP Vegetal 99,5% 1L - 5L - Alquera.com","isPartOf":{"@id":"https:\/\/www.alquera.com\/en\/#website"},"primaryImageOfPage":{"@id":"https:\/\/www.alquera.com\/glicerina\/#primaryimage"},"image":{"@id":"https:\/\/www.alquera.com\/glicerina\/#primaryimage"},"thumbnailUrl":"https:\/\/www.alquera.com\/wp-content\/uploads\/2020\/03\/GLICERINA-VEGETAL-1L_AMAZON.jpg","datePublished":"2020-03-12T09:53:29+00:00","dateModified":"2026-03-30T14:02:59+00:00","description":"ENTREGA 24\/48H. Comprar Glicerina Vegetal em Alquera. Fabrico de hidrogel, cremes, emuls\u00e3o com \u00f3leos.","breadcrumb":{"@id":"https:\/\/www.alquera.com\/glicerina\/#breadcrumb"},"inLanguage":"pt-PT","potentialAction":[{"@type":"ReadAction","target":["https:\/\/www.alquera.com\/glicerina\/"]}]},{"@type":"ImageObject","inLanguage":"pt-PT","@id":"https:\/\/www.alquera.com\/glicerina\/#primaryimage","url":"https:\/\/www.alquera.com\/wp-content\/uploads\/2020\/03\/GLICERINA-VEGETAL-1L_AMAZON.jpg","contentUrl":"https:\/\/www.alquera.com\/wp-content\/uploads\/2020\/03\/GLICERINA-VEGETAL-1L_AMAZON.jpg","width":800,"height":785,"caption":"GLICERINA VEGETAL"},{"@type":"BreadcrumbList","@id":"https:\/\/www.alquera.com\/glicerina\/#breadcrumb","itemListElement":[{"@type":"ListItem","position":1,"name":"Inicio","item":"https:\/\/www.alquera.com\/"},{"@type":"ListItem","position":2,"name":"Alquera.com: Tienda Online de Productos Qu\u00edmicos y Material de Laboratorio","item":"https:\/\/www.alquera.com\/en\/tienda\/"},{"@type":"ListItem","position":3,"name":"Glicerina USP Vegetal 99,5%"}]},{"@type":"WebSite","@id":"https:\/\/www.alquera.com\/en\/#website","url":"https:\/\/www.alquera.com\/en\/","name":"Alquera.com","description":"Loja on-line de produtos qu\u00edmicos e equipamento de laborat\u00f3rio","publisher":{"@id":"https:\/\/www.alquera.com\/en\/#organization"},"potentialAction":[{"@type":"SearchAction","target":{"@type":"EntryPoint","urlTemplate":"https:\/\/www.alquera.com\/en\/?s={search_term_string}"},"query-input":{"@type":"PropertyValueSpecification","valueRequired":true,"valueName":"search_term_string"}}],"inLanguage":"pt-PT"},{"@type":"Organization","@id":"https:\/\/www.alquera.com\/en\/#organization","name":"ALQUERA CIENCIA SL","url":"https:\/\/www.alquera.com\/en\/","logo":{"@type":"ImageObject","inLanguage":"pt-PT","@id":"https:\/\/www.alquera.com\/en\/#\/schema\/logo\/image\/","url":"https:\/\/www.alquera.com\/wp-content\/uploads\/2020\/11\/logo_300_ancho.png","contentUrl":"https:\/\/www.alquera.com\/wp-content\/uploads\/2020\/11\/logo_300_ancho.png","width":300,"height":86,"caption":"ALQUERA CIENCIA SL"},"image":{"@id":"https:\/\/www.alquera.com\/en\/#\/schema\/logo\/image\/"},"sameAs":["https:\/\/www.facebook.com\/alqueraciencia","https:\/\/www.instagram.com\/alquera_ciencia\/","https:\/\/www.youtube.com\/c\/alquera"]}]},"og_availability":"instock","product_availability":"instock","product_retailer_item_id":"ALCS2","product_condition":"new"},"_links":{"self":[{"href":"https:\/\/www.alquera.com\/pt\/wp-json\/wp\/v2\/product\/1256","targetHints":{"allow":["GET"]}}],"collection":[{"href":"https:\/\/www.alquera.com\/pt\/wp-json\/wp\/v2\/product"}],"about":[{"href":"https:\/\/www.alquera.com\/pt\/wp-json\/wp\/v2\/types\/product"}],"replies":[{"embeddable":true,"href":"https:\/\/www.alquera.com\/pt\/wp-json\/wp\/v2\/comments?post=1256"}],"wp:featuredmedia":[{"embeddable":true,"href":"https:\/\/www.alquera.com\/pt\/wp-json\/wp\/v2\/media\/8427"}],"wp:attachment":[{"href":"https:\/\/www.alquera.com\/pt\/wp-json\/wp\/v2\/media?parent=1256"}],"wp:term":[{"taxonomy":"product_brand","embeddable":true,"href":"https:\/\/www.alquera.com\/pt\/wp-json\/wp\/v2\/product_brand?post=1256"},{"taxonomy":"product_cat","embeddable":true,"href":"https:\/\/www.alquera.com\/pt\/wp-json\/wp\/v2\/product_cat?post=1256"},{"taxonomy":"product_tag","embeddable":true,"href":"https:\/\/www.alquera.com\/pt\/wp-json\/wp\/v2\/product_tag?post=1256"}],"curies":[{"name":"wp","href":"https:\/\/api.w.org\/{rel}","templated":true}]}}