{"id":1266,"date":"2020-09-10T15:54:00","date_gmt":"2020-09-10T15:54:00","guid":{"rendered":"http:\/\/localhost\/alquera\/productos\/producto\/alumbre-en-polvo-1kg-2\/"},"modified":"2026-04-03T09:49:43","modified_gmt":"2026-04-03T09:49:43","slug":"alumbre-en-polvo","status":"publish","type":"product","link":"https:\/\/www.alquera.com\/pt\/alumbre-en-polvo\/","title":{"rendered":"P\u00f3 de Alum\u00ednio Rochoso"},"content":{"rendered":"<p>O al\u00famen \u00e9 utilizado como desodorizante devido \u00e0 sua efic\u00e1cia na destrui\u00e7\u00e3o de bact\u00e9rias. O al\u00famen que se encontra aqui \u00e9 o al\u00famen tradicionalmente utilizado como desodorizante, e o seu nome t\u00e9cnico \u00e9 sulfato duplo de alum\u00ednio e pot\u00e1ssio.<\/p>\n<h2>IDENTIFICA\u00c7\u00c3O E PROPRIEDADES DO AL\u00daMEN DE POT\u00c1SSIO<\/h2>\n<p><strong>Nome:<\/strong> Al\u00famen de rocha. Sulfato de pot\u00e1ssio de alumina<br \/>\n<strong>Sin\u00f3nimos:<\/strong> Al\u00famen hidratado, al\u00famen de rocha, al\u00famen napolitano, al\u00famen napolitano<br \/>\n<strong>CAS:<\/strong> 10043-67-1<br \/>\n<strong>CE:<\/strong> 233-141-3<\/p>\n<ul>\n<li>Apar\u00eancia: P\u00f3 cristalino<\/li>\n<li>Cor: Branco<\/li>\n<li>Odor: inodoro<\/li>\n<li>pH a 25\u00baC: 3,5 (solu\u00e7\u00e3o 1%)<\/li>\n<li>Ponto de fus\u00e3o: 93\u00baC<\/li>\n<li>Ponto de ebuli\u00e7\u00e3o: 200\u00baC<\/li>\n<li>Ponto de inflama\u00e7\u00e3o: N\u00e3o inflam\u00e1vel<\/li>\n<li>Densidade: 1,64 g\/cc<\/li>\n<li>Solubilidade: Facilmente sol\u00favel em \u00e1gua. 150gr.\/l em \u00e1gua a 20\u00baC.<\/li>\n<li>Temperatura de decomposi\u00e7\u00e3o: &gt; a 770\u00baC<\/li>\n<li>Propriedades explosivas. N\u00e3o explosivo<\/li>\n<li>Propriedades oxidantes: N\u00e3o oxidante<\/li>\n<\/ul>\n<h2>UTILIZA\u00c7\u00d5ES DO AL\u00daMEN DE ROCHA<\/h2>\n<ul>\n<li>Aditivo conservante, adstringente<\/li>\n<li>Pigmentos t\u00eaxteis mordentes<\/li>\n<li>Processo de colagem Papel<\/li>\n<li>Agente coagulante<\/li>\n<li>Aditivo para bronzeamento<\/li>\n<li>Levedura<\/li>\n<li>Produtos laboratoriais fotoqu\u00edmicos<\/li>\n<li>Toner e tintas<\/li>\n<\/ul>","protected":false},"excerpt":{"rendered":"<p>Comprar Alum de Roca em pacotes de 1kg, 5kg e sacos at\u00e9 20kg. Pode ver o pre\u00e7o dos diferentes formatos de Alum de Roca quando selecciona o formato desejado. A encomenda \u00e9 feita directamente atrav\u00e9s da Web seguindo os passos indicados, e a entrega \u00e9 feita em 24\/48 horas.<\/p>","protected":false},"featured_media":8392,"comment_status":"open","ping_status":"closed","template":"","meta":{"_acf_changed":false,"site-sidebar-layout":"default","site-content-layout":"default","ast-site-content-layout":"default","site-content-style":"default","site-sidebar-style":"default","ast-global-header-display":"","ast-banner-title-visibility":"","ast-main-header-display":"","ast-hfb-above-header-display":"","ast-hfb-below-header-display":"","ast-hfb-mobile-header-display":"","site-post-title":"","ast-breadcrumbs-content":"","ast-featured-img":"","footer-sml-layout":"","ast-disable-related-posts":"","theme-transparent-header-meta":"default","adv-header-id-meta":"","stick-header-meta":"default","header-above-stick-meta":"","header-main-stick-meta":"","header-below-stick-meta":"","astra-migrate-meta-layouts":"set","ast-page-background-enabled":"default","ast-page-background-meta":{"desktop":{"background-color":"var(--ast-global-color-4)","background-image":"","background-repeat":"repeat","background-position":"center center","background-size":"auto","background-attachment":"scroll","background-type":"","background-media":"","overlay-type":"","overlay-color":"","overlay-opacity":"","overlay-gradient":""},"tablet":{"background-color":"","background-image":"","background-repeat":"repeat","background-position":"center center","background-size":"auto","background-attachment":"scroll","background-type":"","background-media":"","overlay-type":"","overlay-color":"","overlay-opacity":"","overlay-gradient":""},"mobile":{"background-color":"","background-image":"","background-repeat":"repeat","background-position":"center center","background-size":"auto","background-attachment":"scroll","background-type":"","background-media":"","overlay-type":"","overlay-color":"","overlay-opacity":"","overlay-gradient":""}},"ast-content-background-meta":{"desktop":{"background-color":"var(--ast-global-color-5)","background-image":"","background-repeat":"repeat","background-position":"center center","background-size":"auto","background-attachment":"scroll","background-type":"","background-media":"","overlay-type":"","overlay-color":"","overlay-opacity":"","overlay-gradient":""},"tablet":{"background-color":"var(--ast-global-color-5)","background-image":"","background-repeat":"repeat","background-position":"center center","background-size":"auto","background-attachment":"scroll","background-type":"","background-media":"","overlay-type":"","overlay-color":"","overlay-opacity":"","overlay-gradient":""},"mobile":{"background-color":"var(--ast-global-color-5)","background-image":"","background-repeat":"repeat","background-position":"center center","background-size":"auto","background-attachment":"scroll","background-type":"","background-media":"","overlay-type":"","overlay-color":"","overlay-opacity":"","overlay-gradient":""}}},"product_brand":[],"product_cat":[21],"product_tag":[],"class_list":{"0":"post-1266","1":"product","2":"type-product","3":"status-publish","4":"has-post-thumbnail","6":"product_cat-productos","7":"pa_cantidad-1kg","8":"pa_cantidad-5kg","9":"pa_cantidad-20kg","10":"desktop-align-left","11":"tablet-align-left","12":"mobile-align-left","13":"ast-product-gallery-layout-horizontal-slider","14":"ast-magnify-disabled","15":"ast-product-single-variable","16":"ast-product-tabs-layout-horizontal","17":"ast-qv-on-image","19":"first","20":"instock","21":"taxable","22":"shipping-taxable","23":"purchasable","24":"product-type-variable","25":"has-default-attributes"},"acf":[],"yoast_head":"<!-- This site is optimized with the Yoast SEO Premium plugin v27.1 (Yoast SEO v27.1.1) - https:\/\/yoast.com\/product\/yoast-seo-premium-wordpress\/ -->\n<title>Alumbre de Roca en Polvo: Comprar Online - Alquera.com<\/title>\n<meta name=\"description\" content=\"ENV\u00cdOS EN 24\/48H. Comprar alumbre de roca o alumbre pot\u00e1sico en la tienda online de Alquera. Uso textil, cosm\u00e9tica, cristales.\" \/>\n<meta name=\"robots\" content=\"index, follow, max-snippet:-1, max-image-preview:large, max-video-preview:-1\" \/>\n<link rel=\"canonical\" href=\"https:\/\/www.alquera.com\/pt\/alumbre-en-polvo\/\" \/>\n<meta property=\"og:locale\" content=\"pt_PT\" \/>\n<meta property=\"og:type\" content=\"article\" \/>\n<meta property=\"og:title\" content=\"Alumbre de Roca en Polvo: Comprar Online - Alquera.com\" \/>\n<meta property=\"og:description\" content=\"ENV\u00cdOS EN 24\/48H. Comprar alumbre de roca o alumbre pot\u00e1sico en la tienda online de Alquera. Uso textil, cosm\u00e9tica, cristales.\" \/>\n<meta property=\"og:url\" content=\"https:\/\/www.alquera.com\/pt\/alumbre-en-polvo\/\" \/>\n<meta property=\"og:site_name\" content=\"Alquera.com\" \/>\n<meta property=\"article:publisher\" content=\"https:\/\/www.facebook.com\/alqueraciencia\" \/>\n<meta property=\"article:modified_time\" content=\"2026-04-03T09:49:43+00:00\" \/>\n<meta property=\"og:image\" content=\"https:\/\/www.alquera.com\/wp-content\/uploads\/2020\/09\/ALUMBRE-DE-ROCA__.jpg\" \/>\n\t<meta property=\"og:image:width\" content=\"776\" \/>\n\t<meta property=\"og:image:height\" content=\"800\" \/>\n\t<meta property=\"og:image:type\" content=\"image\/jpeg\" \/>\n<meta name=\"twitter:card\" content=\"summary_large_image\" \/>\n<meta name=\"twitter:label1\" content=\"Disponibilidade\" \/>\n\t<meta name=\"twitter:data1\" content=\"Em stock\" \/>\n<script type=\"application\/ld+json\" class=\"yoast-schema-graph\">{\"@context\":\"https:\/\/schema.org\",\"@graph\":[{\"@type\":[\"WebPage\",\"ItemPage\"],\"@id\":\"https:\/\/www.alquera.com\/alumbre-en-polvo\/\",\"url\":\"https:\/\/www.alquera.com\/alumbre-en-polvo\/\",\"name\":\"Alumbre de Roca en Polvo: Comprar Online - Alquera.com\",\"isPartOf\":{\"@id\":\"https:\/\/www.alquera.com\/en\/#website\"},\"primaryImageOfPage\":{\"@id\":\"https:\/\/www.alquera.com\/alumbre-en-polvo\/#primaryimage\"},\"image\":{\"@id\":\"https:\/\/www.alquera.com\/alumbre-en-polvo\/#primaryimage\"},\"thumbnailUrl\":\"https:\/\/www.alquera.com\/wp-content\/uploads\/2020\/09\/ALUMBRE-DE-ROCA__.jpg\",\"datePublished\":\"2020-09-10T15:54:00+00:00\",\"dateModified\":\"2026-04-03T09:49:43+00:00\",\"description\":\"ENV\u00cdOS EN 24\/48H. Comprar alumbre de roca o alumbre pot\u00e1sico en la tienda online de Alquera. Uso textil, cosm\u00e9tica, cristales.\",\"breadcrumb\":{\"@id\":\"https:\/\/www.alquera.com\/alumbre-en-polvo\/#breadcrumb\"},\"inLanguage\":\"pt-PT\",\"potentialAction\":[{\"@type\":\"ReadAction\",\"target\":[\"https:\/\/www.alquera.com\/alumbre-en-polvo\/\"]}]},{\"@type\":\"ImageObject\",\"inLanguage\":\"pt-PT\",\"@id\":\"https:\/\/www.alquera.com\/alumbre-en-polvo\/#primaryimage\",\"url\":\"https:\/\/www.alquera.com\/wp-content\/uploads\/2020\/09\/ALUMBRE-DE-ROCA__.jpg\",\"contentUrl\":\"https:\/\/www.alquera.com\/wp-content\/uploads\/2020\/09\/ALUMBRE-DE-ROCA__.jpg\",\"width\":776,\"height\":800,\"caption\":\"Alumbre de roca\"},{\"@type\":\"BreadcrumbList\",\"@id\":\"https:\/\/www.alquera.com\/alumbre-en-polvo\/#breadcrumb\",\"itemListElement\":[{\"@type\":\"ListItem\",\"position\":1,\"name\":\"Inicio\",\"item\":\"https:\/\/www.alquera.com\/\"},{\"@type\":\"ListItem\",\"position\":2,\"name\":\"Alquera.com: Tienda Online de Productos Qu\u00edmicos y Material de Laboratorio\",\"item\":\"https:\/\/www.alquera.com\/en\/tienda\/\"},{\"@type\":\"ListItem\",\"position\":3,\"name\":\"Alumbre de Roca en Polvo\"}]},{\"@type\":\"WebSite\",\"@id\":\"https:\/\/www.alquera.com\/en\/#website\",\"url\":\"https:\/\/www.alquera.com\/en\/\",\"name\":\"Alquera.com\",\"description\":\"Tienda Online Productos Qu\u00edmicos y Material de Laboratorio\",\"publisher\":{\"@id\":\"https:\/\/www.alquera.com\/en\/#organization\"},\"potentialAction\":[{\"@type\":\"SearchAction\",\"target\":{\"@type\":\"EntryPoint\",\"urlTemplate\":\"https:\/\/www.alquera.com\/en\/?s={search_term_string}\"},\"query-input\":{\"@type\":\"PropertyValueSpecification\",\"valueRequired\":true,\"valueName\":\"search_term_string\"}}],\"inLanguage\":\"pt-PT\"},{\"@type\":\"Organization\",\"@id\":\"https:\/\/www.alquera.com\/en\/#organization\",\"name\":\"ALQUERA CIENCIA SL\",\"url\":\"https:\/\/www.alquera.com\/en\/\",\"logo\":{\"@type\":\"ImageObject\",\"inLanguage\":\"pt-PT\",\"@id\":\"https:\/\/www.alquera.com\/en\/#\/schema\/logo\/image\/\",\"url\":\"https:\/\/www.alquera.com\/wp-content\/uploads\/2020\/11\/logo_300_ancho.png\",\"contentUrl\":\"https:\/\/www.alquera.com\/wp-content\/uploads\/2020\/11\/logo_300_ancho.png\",\"width\":300,\"height\":86,\"caption\":\"ALQUERA CIENCIA SL\"},\"image\":{\"@id\":\"https:\/\/www.alquera.com\/en\/#\/schema\/logo\/image\/\"},\"sameAs\":[\"https:\/\/www.facebook.com\/alqueraciencia\",\"https:\/\/www.instagram.com\/alquera_ciencia\/\",\"https:\/\/www.youtube.com\/c\/alquera\"]}]}<\/script>\n<meta property=\"og:availability\" content=\"instock\" \/>\n<meta property=\"product:availability\" content=\"instock\" \/>\n<meta property=\"product:retailer_item_id\" content=\"ALCS21\" \/>\n<meta property=\"product:condition\" content=\"new\" \/>\n<!-- \/ Yoast SEO Premium plugin. -->","yoast_head_json":{"title":"Alum\u00ednio em p\u00f3 de rocha: Comprar online - Alquera.com","description":"ENTREGA EM 24\/48H. Comprar al\u00famen de rocha ou de pot\u00e1ssio na loja online da Alquera. Cosm\u00e9ticos, cristais.","robots":{"index":"index","follow":"follow","max-snippet":"max-snippet:-1","max-image-preview":"max-image-preview:large","max-video-preview":"max-video-preview:-1"},"canonical":"https:\/\/www.alquera.com\/pt\/alumbre-en-polvo\/","og_locale":"pt_PT","og_type":"article","og_title":"Alumbre de Roca en Polvo: Comprar Online - Alquera.com","og_description":"ENV\u00cdOS EN 24\/48H. Comprar alumbre de roca o alumbre pot\u00e1sico en la tienda online de Alquera. Uso textil, cosm\u00e9tica, cristales.","og_url":"https:\/\/www.alquera.com\/pt\/alumbre-en-polvo\/","og_site_name":"Alquera.com","article_publisher":"https:\/\/www.facebook.com\/alqueraciencia","article_modified_time":"2026-04-03T09:49:43+00:00","og_image":[{"width":776,"height":800,"url":"https:\/\/www.alquera.com\/wp-content\/uploads\/2020\/09\/ALUMBRE-DE-ROCA__.jpg","type":"image\/jpeg"}],"twitter_card":"summary_large_image","twitter_misc":{"Disponibilidade":"Em stock"},"schema":{"@context":"https:\/\/schema.org","@graph":[{"@type":["WebPage","ItemPage"],"@id":"https:\/\/www.alquera.com\/alumbre-en-polvo\/","url":"https:\/\/www.alquera.com\/alumbre-en-polvo\/","name":"Alum\u00ednio em p\u00f3 de rocha: Comprar online - Alquera.com","isPartOf":{"@id":"https:\/\/www.alquera.com\/en\/#website"},"primaryImageOfPage":{"@id":"https:\/\/www.alquera.com\/alumbre-en-polvo\/#primaryimage"},"image":{"@id":"https:\/\/www.alquera.com\/alumbre-en-polvo\/#primaryimage"},"thumbnailUrl":"https:\/\/www.alquera.com\/wp-content\/uploads\/2020\/09\/ALUMBRE-DE-ROCA__.jpg","datePublished":"2020-09-10T15:54:00+00:00","dateModified":"2026-04-03T09:49:43+00:00","description":"ENTREGA EM 24\/48H. Comprar al\u00famen de rocha ou de pot\u00e1ssio na loja online da Alquera. Cosm\u00e9ticos, cristais.","breadcrumb":{"@id":"https:\/\/www.alquera.com\/alumbre-en-polvo\/#breadcrumb"},"inLanguage":"pt-PT","potentialAction":[{"@type":"ReadAction","target":["https:\/\/www.alquera.com\/alumbre-en-polvo\/"]}]},{"@type":"ImageObject","inLanguage":"pt-PT","@id":"https:\/\/www.alquera.com\/alumbre-en-polvo\/#primaryimage","url":"https:\/\/www.alquera.com\/wp-content\/uploads\/2020\/09\/ALUMBRE-DE-ROCA__.jpg","contentUrl":"https:\/\/www.alquera.com\/wp-content\/uploads\/2020\/09\/ALUMBRE-DE-ROCA__.jpg","width":776,"height":800,"caption":"Alumbre de roca"},{"@type":"BreadcrumbList","@id":"https:\/\/www.alquera.com\/alumbre-en-polvo\/#breadcrumb","itemListElement":[{"@type":"ListItem","position":1,"name":"Inicio","item":"https:\/\/www.alquera.com\/"},{"@type":"ListItem","position":2,"name":"Alquera.com: Tienda Online de Productos Qu\u00edmicos y Material de Laboratorio","item":"https:\/\/www.alquera.com\/en\/tienda\/"},{"@type":"ListItem","position":3,"name":"Alumbre de Roca en Polvo"}]},{"@type":"WebSite","@id":"https:\/\/www.alquera.com\/en\/#website","url":"https:\/\/www.alquera.com\/en\/","name":"Alquera.com","description":"Loja on-line de produtos qu\u00edmicos e equipamento de laborat\u00f3rio","publisher":{"@id":"https:\/\/www.alquera.com\/en\/#organization"},"potentialAction":[{"@type":"SearchAction","target":{"@type":"EntryPoint","urlTemplate":"https:\/\/www.alquera.com\/en\/?s={search_term_string}"},"query-input":{"@type":"PropertyValueSpecification","valueRequired":true,"valueName":"search_term_string"}}],"inLanguage":"pt-PT"},{"@type":"Organization","@id":"https:\/\/www.alquera.com\/en\/#organization","name":"ALQUERA CIENCIA SL","url":"https:\/\/www.alquera.com\/en\/","logo":{"@type":"ImageObject","inLanguage":"pt-PT","@id":"https:\/\/www.alquera.com\/en\/#\/schema\/logo\/image\/","url":"https:\/\/www.alquera.com\/wp-content\/uploads\/2020\/11\/logo_300_ancho.png","contentUrl":"https:\/\/www.alquera.com\/wp-content\/uploads\/2020\/11\/logo_300_ancho.png","width":300,"height":86,"caption":"ALQUERA CIENCIA SL"},"image":{"@id":"https:\/\/www.alquera.com\/en\/#\/schema\/logo\/image\/"},"sameAs":["https:\/\/www.facebook.com\/alqueraciencia","https:\/\/www.instagram.com\/alquera_ciencia\/","https:\/\/www.youtube.com\/c\/alquera"]}]},"og_availability":"instock","product_availability":"instock","product_retailer_item_id":"ALCS21","product_condition":"new"},"_links":{"self":[{"href":"https:\/\/www.alquera.com\/pt\/wp-json\/wp\/v2\/product\/1266","targetHints":{"allow":["GET"]}}],"collection":[{"href":"https:\/\/www.alquera.com\/pt\/wp-json\/wp\/v2\/product"}],"about":[{"href":"https:\/\/www.alquera.com\/pt\/wp-json\/wp\/v2\/types\/product"}],"replies":[{"embeddable":true,"href":"https:\/\/www.alquera.com\/pt\/wp-json\/wp\/v2\/comments?post=1266"}],"wp:featuredmedia":[{"embeddable":true,"href":"https:\/\/www.alquera.com\/pt\/wp-json\/wp\/v2\/media\/8392"}],"wp:attachment":[{"href":"https:\/\/www.alquera.com\/pt\/wp-json\/wp\/v2\/media?parent=1266"}],"wp:term":[{"taxonomy":"product_brand","embeddable":true,"href":"https:\/\/www.alquera.com\/pt\/wp-json\/wp\/v2\/product_brand?post=1266"},{"taxonomy":"product_cat","embeddable":true,"href":"https:\/\/www.alquera.com\/pt\/wp-json\/wp\/v2\/product_cat?post=1266"},{"taxonomy":"product_tag","embeddable":true,"href":"https:\/\/www.alquera.com\/pt\/wp-json\/wp\/v2\/product_tag?post=1266"}],"curies":[{"name":"wp","href":"https:\/\/api.w.org\/{rel}","templated":true}]}}