{"id":1267,"date":"2020-09-16T13:11:11","date_gmt":"2020-09-16T13:11:11","guid":{"rendered":"http:\/\/localhost\/alquera\/productos\/producto\/sulfato-de-potasio\/"},"modified":"2026-04-22T07:20:27","modified_gmt":"2026-04-22T07:20:27","slug":"sulfato-de-potasio","status":"publish","type":"product","link":"https:\/\/www.alquera.com\/pt\/sulfato-de-potasio\/","title":{"rendered":"Sulfato de Pot\u00e1ssio"},"content":{"rendered":"<p>O <strong>sulfato de pot\u00e1ssio<\/strong> ou sulfato de pot\u00e1ssio \u00e9 um composto qu\u00edmico com a f\u00f3rmula <strong>K2SO4<\/strong>que \u00e9 apresentado como p\u00f3 branco ou em forma granular. O sulfato de pot\u00e1ssio \u00e9 utilizado principalmente como fertilizante nas culturas. O pot\u00e1ssio (K) \u00e9 um dos principais nutrientes vegetais e o sulfato de pot\u00e1ssio \u00e9 a principal forma de fornecimento de sulfato de pot\u00e1ssio. O sulfato de pot\u00e1ssio \u00e9 um produto solto e cristalino que se dissolve rapidamente na \u00e1gua sem deixar res\u00edduos. Pode ser aplicado utilizando qualquer sistema de fertirriga\u00e7\u00e3o. \u00c9 adequado para todos os tipos de culturas em fase de desenvolvimento com elevadas necessidades de pot\u00e1ssio e baixas necessidades de azoto.<\/p>\n<h2>IDENTIFICA\u00c7\u00c3O E PROPRIEDADES<\/h2>\n<p><strong>Nome:<\/strong> Sulfato de pot\u00e1ssio<br \/>\n<strong>Sin\u00f3nimos:<\/strong> Arcanite, sulfato de pot\u00e1ssio, sal dipot\u00e1ssico de \u00e1cido sulf\u00farico, sulfato de di-pot\u00e1ssio, sulfato de pot\u00e1ssio<br \/>\n<strong>F\u00f3rmula qu\u00edmica:<\/strong> K2SO4<br \/>\n<strong>CAS :<\/strong> 7778-80-5<br \/>\n<strong>CE :<\/strong> 231-915-5<\/p>\n<ul>\n<li>Estado f\u00edsico a 20\u00baC: S\u00f3lido<\/li>\n<li>Aspecto: Cristalino<\/li>\n<li>Cor: incolor<\/li>\n<li>Odor: inodoro<\/li>\n<li>Ponto de ebuli\u00e7\u00e3o\/intervalo de ebuli\u00e7\u00e3o \u00e0 press\u00e3o atmosf\u00e9rica: 1689\u00baC<\/li>\n<li>Ponto de fus\u00e3o: 1067\u00baC<\/li>\n<li>Densidade relativa: 2,66<\/li>\n<li>Solubilidade: 120 g\/l a 20\u00b0C; sol\u00favel em \u00e1gua fria<\/li>\n<li>Coeficiente de parti\u00e7\u00e3o (n-octanol\/\u00e1gua) 20\u00baC: &lt;1<\/li>\n<li>Propriedades explosivas: N\u00e3o explosivo.<\/li>\n<\/ul>\n<h2>UTILIZA SULFATO DE POT\u00c1SSIO<\/h2>\n<p>Informa\u00e7\u00f5es sobre os usos do sulfato de pot\u00e1ssio podem ser encontradas aqui: <a href=\"https:\/\/www.alquera.com\/pt\/sulfato-de-potasio\/usos\/\" target=\"_blank\" rel=\"noopener noreferrer\">Usos do sulfato de pot\u00e1ssio<\/a><\/p>","protected":false},"excerpt":{"rendered":"<p>Comprar sulfato de pot\u00e1ssio em embalagens de 250g, 1Kg, 5Kg e 25Kg. O pre\u00e7o dos diferentes formatos de sulfato de pot\u00e1ssio que se pode ver quando se selecciona o formato desejado. Amplamente utilizado como fertilizante, para plantas secas ou como fertilizante para plantas de aqu\u00e1rio. Pode tamb\u00e9m estar interessado no <a href=\"https:\/\/www.alquera.com\/pt\/nitrato-de-potasio\/\">nitrato de pot\u00e1ssio<\/a> e a <a href=\"https:\/\/www.alquera.com\/pt\/fosfato-monopotasico\/\">fosfato monopot\u00e1ssico<\/a>. No caso de ser utilizado para a compostagem de plantas pode estar interessado em <a href=\"https:\/\/www.alquera.com\/pt\/pack-acuario\/\">pacote de aqu\u00e1rio<\/a>. A encomenda \u00e9 colocada directamente no website seguindo os passos indicados, e a entrega \u00e9 feita no prazo de 24\/48 horas.<\/p>","protected":false},"featured_media":198,"comment_status":"open","ping_status":"closed","template":"","meta":{"_acf_changed":false,"site-sidebar-layout":"default","site-content-layout":"default","ast-site-content-layout":"default","site-content-style":"default","site-sidebar-style":"default","ast-global-header-display":"","ast-banner-title-visibility":"","ast-main-header-display":"","ast-hfb-above-header-display":"","ast-hfb-below-header-display":"","ast-hfb-mobile-header-display":"","site-post-title":"","ast-breadcrumbs-content":"","ast-featured-img":"","footer-sml-layout":"","ast-disable-related-posts":"","theme-transparent-header-meta":"default","adv-header-id-meta":"","stick-header-meta":"default","header-above-stick-meta":"","header-main-stick-meta":"","header-below-stick-meta":"","astra-migrate-meta-layouts":"set","ast-page-background-enabled":"default","ast-page-background-meta":{"desktop":{"background-color":"var(--ast-global-color-4)","background-image":"","background-repeat":"repeat","background-position":"center center","background-size":"auto","background-attachment":"scroll","background-type":"","background-media":"","overlay-type":"","overlay-color":"","overlay-opacity":"","overlay-gradient":""},"tablet":{"background-color":"","background-image":"","background-repeat":"repeat","background-position":"center center","background-size":"auto","background-attachment":"scroll","background-type":"","background-media":"","overlay-type":"","overlay-color":"","overlay-opacity":"","overlay-gradient":""},"mobile":{"background-color":"","background-image":"","background-repeat":"repeat","background-position":"center center","background-size":"auto","background-attachment":"scroll","background-type":"","background-media":"","overlay-type":"","overlay-color":"","overlay-opacity":"","overlay-gradient":""}},"ast-content-background-meta":{"desktop":{"background-color":"var(--ast-global-color-5)","background-image":"","background-repeat":"repeat","background-position":"center center","background-size":"auto","background-attachment":"scroll","background-type":"","background-media":"","overlay-type":"","overlay-color":"","overlay-opacity":"","overlay-gradient":""},"tablet":{"background-color":"var(--ast-global-color-5)","background-image":"","background-repeat":"repeat","background-position":"center center","background-size":"auto","background-attachment":"scroll","background-type":"","background-media":"","overlay-type":"","overlay-color":"","overlay-opacity":"","overlay-gradient":""},"mobile":{"background-color":"var(--ast-global-color-5)","background-image":"","background-repeat":"repeat","background-position":"center center","background-size":"auto","background-attachment":"scroll","background-type":"","background-media":"","overlay-type":"","overlay-color":"","overlay-opacity":"","overlay-gradient":""}}},"product_brand":[],"product_cat":[213],"product_tag":[],"class_list":{"0":"post-1267","1":"product","2":"type-product","3":"status-publish","4":"has-post-thumbnail","6":"product_cat-agroquimicos","7":"pa_cantidad-250g","8":"pa_cantidad-1kg","9":"pa_cantidad-5kg","10":"pa_cantidad-25kg","11":"desktop-align-left","12":"tablet-align-left","13":"mobile-align-left","14":"ast-product-gallery-layout-horizontal-slider","15":"ast-magnify-disabled","16":"ast-product-single-variable","17":"ast-product-tabs-layout-horizontal","18":"ast-qv-on-image","20":"first","21":"instock","22":"taxable","23":"shipping-taxable","24":"purchasable","25":"product-type-variable","26":"has-default-attributes"},"acf":[],"yoast_head":"<!-- This site is optimized with the Yoast SEO Premium plugin v27.1 (Yoast SEO v27.1.1) - https:\/\/yoast.com\/product\/yoast-seo-premium-wordpress\/ -->\n<title>Sulfato de Potasio: Comprar - Alquera.com<\/title>\n<meta name=\"description\" content=\"ENV\u00cdOS 24\/48H Comprar Sulfato de Potasio en Alquera. El sulfato de potasio soluble da aporte de potasio que necesitan las plantas.\" \/>\n<meta name=\"robots\" content=\"index, follow, max-snippet:-1, max-image-preview:large, max-video-preview:-1\" \/>\n<link rel=\"canonical\" href=\"https:\/\/www.alquera.com\/pt\/sulfato-de-potasio\/\" \/>\n<meta property=\"og:locale\" content=\"pt_PT\" \/>\n<meta property=\"og:type\" content=\"article\" \/>\n<meta property=\"og:title\" content=\"Sulfato de Potasio: Comprar Online - Alquera.com\" \/>\n<meta property=\"og:description\" content=\"ENV\u00cdOS 24\/48H Comprar Sulfato de Potasio en Alquera. El sulfato de potasio soluble da aporte de potasio que necesitan las plantas.\" \/>\n<meta property=\"og:url\" content=\"https:\/\/www.alquera.com\/pt\/sulfato-de-potasio\/\" \/>\n<meta property=\"og:site_name\" content=\"Alquera.com\" \/>\n<meta property=\"article:publisher\" content=\"https:\/\/www.facebook.com\/alqueraciencia\" \/>\n<meta property=\"article:modified_time\" content=\"2026-04-22T07:20:27+00:00\" \/>\n<meta property=\"og:image\" content=\"https:\/\/www.alquera.com\/wp-content\/uploads\/2020\/09\/SULFATO-DE-POTASIO-1KG.jpg\" \/>\n\t<meta property=\"og:image:width\" content=\"800\" \/>\n\t<meta property=\"og:image:height\" content=\"800\" \/>\n\t<meta property=\"og:image:type\" content=\"image\/jpeg\" \/>\n<meta name=\"twitter:card\" content=\"summary_large_image\" \/>\n<meta name=\"twitter:label1\" content=\"Disponibilidade\" \/>\n\t<meta name=\"twitter:data1\" content=\"Em stock\" \/>\n<script type=\"application\/ld+json\" class=\"yoast-schema-graph\">{\"@context\":\"https:\/\/schema.org\",\"@graph\":[{\"@type\":[\"WebPage\",\"ItemPage\"],\"@id\":\"https:\/\/www.alquera.com\/sulfato-de-potasio\/\",\"url\":\"https:\/\/www.alquera.com\/sulfato-de-potasio\/\",\"name\":\"Sulfato de Potasio: Comprar - Alquera.com\",\"isPartOf\":{\"@id\":\"https:\/\/www.alquera.com\/en\/#website\"},\"primaryImageOfPage\":{\"@id\":\"https:\/\/www.alquera.com\/sulfato-de-potasio\/#primaryimage\"},\"image\":{\"@id\":\"https:\/\/www.alquera.com\/sulfato-de-potasio\/#primaryimage\"},\"thumbnailUrl\":\"https:\/\/www.alquera.com\/wp-content\/uploads\/2020\/09\/SULFATO-DE-POTASIO-1KG.jpg\",\"datePublished\":\"2020-09-16T13:11:11+00:00\",\"dateModified\":\"2026-04-22T07:20:27+00:00\",\"description\":\"ENV\u00cdOS 24\/48H Comprar Sulfato de Potasio en Alquera. El sulfato de potasio soluble da aporte de potasio que necesitan las plantas.\",\"breadcrumb\":{\"@id\":\"https:\/\/www.alquera.com\/sulfato-de-potasio\/#breadcrumb\"},\"inLanguage\":\"pt-PT\",\"potentialAction\":[{\"@type\":\"ReadAction\",\"target\":[\"https:\/\/www.alquera.com\/sulfato-de-potasio\/\"]}]},{\"@type\":\"ImageObject\",\"inLanguage\":\"pt-PT\",\"@id\":\"https:\/\/www.alquera.com\/sulfato-de-potasio\/#primaryimage\",\"url\":\"https:\/\/www.alquera.com\/wp-content\/uploads\/2020\/09\/SULFATO-DE-POTASIO-1KG.jpg\",\"contentUrl\":\"https:\/\/www.alquera.com\/wp-content\/uploads\/2020\/09\/SULFATO-DE-POTASIO-1KG.jpg\",\"width\":800,\"height\":800,\"caption\":\"sulfato de potasio\"},{\"@type\":\"BreadcrumbList\",\"@id\":\"https:\/\/www.alquera.com\/sulfato-de-potasio\/#breadcrumb\",\"itemListElement\":[{\"@type\":\"ListItem\",\"position\":1,\"name\":\"Inicio\",\"item\":\"https:\/\/www.alquera.com\/\"},{\"@type\":\"ListItem\",\"position\":2,\"name\":\"Alquera.com: Tienda Online de Productos Qu\u00edmicos y Material de Laboratorio\",\"item\":\"https:\/\/www.alquera.com\/en\/tienda\/\"},{\"@type\":\"ListItem\",\"position\":3,\"name\":\"Sulfato de Potasio\"}]},{\"@type\":\"WebSite\",\"@id\":\"https:\/\/www.alquera.com\/en\/#website\",\"url\":\"https:\/\/www.alquera.com\/en\/\",\"name\":\"Alquera.com\",\"description\":\"Tienda Online Productos Qu\u00edmicos y Material de Laboratorio\",\"publisher\":{\"@id\":\"https:\/\/www.alquera.com\/en\/#organization\"},\"potentialAction\":[{\"@type\":\"SearchAction\",\"target\":{\"@type\":\"EntryPoint\",\"urlTemplate\":\"https:\/\/www.alquera.com\/en\/?s={search_term_string}\"},\"query-input\":{\"@type\":\"PropertyValueSpecification\",\"valueRequired\":true,\"valueName\":\"search_term_string\"}}],\"inLanguage\":\"pt-PT\"},{\"@type\":\"Organization\",\"@id\":\"https:\/\/www.alquera.com\/en\/#organization\",\"name\":\"ALQUERA CIENCIA SL\",\"url\":\"https:\/\/www.alquera.com\/en\/\",\"logo\":{\"@type\":\"ImageObject\",\"inLanguage\":\"pt-PT\",\"@id\":\"https:\/\/www.alquera.com\/en\/#\/schema\/logo\/image\/\",\"url\":\"https:\/\/www.alquera.com\/wp-content\/uploads\/2020\/11\/logo_300_ancho.png\",\"contentUrl\":\"https:\/\/www.alquera.com\/wp-content\/uploads\/2020\/11\/logo_300_ancho.png\",\"width\":300,\"height\":86,\"caption\":\"ALQUERA CIENCIA SL\"},\"image\":{\"@id\":\"https:\/\/www.alquera.com\/en\/#\/schema\/logo\/image\/\"},\"sameAs\":[\"https:\/\/www.facebook.com\/alqueraciencia\",\"https:\/\/www.instagram.com\/alquera_ciencia\/\",\"https:\/\/www.youtube.com\/c\/alquera\"]}]}<\/script>\n<meta property=\"product:brand\" content=\"Alquera\" \/>\n<meta property=\"og:availability\" content=\"instock\" \/>\n<meta property=\"product:availability\" content=\"instock\" \/>\n<meta property=\"product:retailer_item_id\" content=\"QK-6G29-PBDS\" \/>\n<meta property=\"product:condition\" content=\"new\" \/>\n<!-- \/ Yoast SEO Premium plugin. -->","yoast_head_json":{"title":"Sulfato de pot\u00e1ssio: Comprar - Alquera.com","description":"24\/48H SHIPPING Comprar sulfato de pot\u00e1ssio em Alquera. O sulfato de pot\u00e1ssio sol\u00favel fornece o pot\u00e1ssio que as plantas necessitam.","robots":{"index":"index","follow":"follow","max-snippet":"max-snippet:-1","max-image-preview":"max-image-preview:large","max-video-preview":"max-video-preview:-1"},"canonical":"https:\/\/www.alquera.com\/pt\/sulfato-de-potasio\/","og_locale":"pt_PT","og_type":"article","og_title":"Sulfato de Potasio: Comprar Online - Alquera.com","og_description":"ENV\u00cdOS 24\/48H Comprar Sulfato de Potasio en Alquera. El sulfato de potasio soluble da aporte de potasio que necesitan las plantas.","og_url":"https:\/\/www.alquera.com\/pt\/sulfato-de-potasio\/","og_site_name":"Alquera.com","article_publisher":"https:\/\/www.facebook.com\/alqueraciencia","article_modified_time":"2026-04-22T07:20:27+00:00","og_image":[{"width":800,"height":800,"url":"https:\/\/www.alquera.com\/wp-content\/uploads\/2020\/09\/SULFATO-DE-POTASIO-1KG.jpg","type":"image\/jpeg"}],"twitter_card":"summary_large_image","twitter_misc":{"Disponibilidade":"Em stock"},"schema":{"@context":"https:\/\/schema.org","@graph":[{"@type":["WebPage","ItemPage"],"@id":"https:\/\/www.alquera.com\/sulfato-de-potasio\/","url":"https:\/\/www.alquera.com\/sulfato-de-potasio\/","name":"Sulfato de pot\u00e1ssio: Comprar - Alquera.com","isPartOf":{"@id":"https:\/\/www.alquera.com\/en\/#website"},"primaryImageOfPage":{"@id":"https:\/\/www.alquera.com\/sulfato-de-potasio\/#primaryimage"},"image":{"@id":"https:\/\/www.alquera.com\/sulfato-de-potasio\/#primaryimage"},"thumbnailUrl":"https:\/\/www.alquera.com\/wp-content\/uploads\/2020\/09\/SULFATO-DE-POTASIO-1KG.jpg","datePublished":"2020-09-16T13:11:11+00:00","dateModified":"2026-04-22T07:20:27+00:00","description":"24\/48H SHIPPING Comprar sulfato de pot\u00e1ssio em Alquera. O sulfato de pot\u00e1ssio sol\u00favel fornece o pot\u00e1ssio que as plantas necessitam.","breadcrumb":{"@id":"https:\/\/www.alquera.com\/sulfato-de-potasio\/#breadcrumb"},"inLanguage":"pt-PT","potentialAction":[{"@type":"ReadAction","target":["https:\/\/www.alquera.com\/sulfato-de-potasio\/"]}]},{"@type":"ImageObject","inLanguage":"pt-PT","@id":"https:\/\/www.alquera.com\/sulfato-de-potasio\/#primaryimage","url":"https:\/\/www.alquera.com\/wp-content\/uploads\/2020\/09\/SULFATO-DE-POTASIO-1KG.jpg","contentUrl":"https:\/\/www.alquera.com\/wp-content\/uploads\/2020\/09\/SULFATO-DE-POTASIO-1KG.jpg","width":800,"height":800,"caption":"sulfato de potasio"},{"@type":"BreadcrumbList","@id":"https:\/\/www.alquera.com\/sulfato-de-potasio\/#breadcrumb","itemListElement":[{"@type":"ListItem","position":1,"name":"Inicio","item":"https:\/\/www.alquera.com\/"},{"@type":"ListItem","position":2,"name":"Alquera.com: Tienda Online de Productos Qu\u00edmicos y Material de Laboratorio","item":"https:\/\/www.alquera.com\/en\/tienda\/"},{"@type":"ListItem","position":3,"name":"Sulfato de Potasio"}]},{"@type":"WebSite","@id":"https:\/\/www.alquera.com\/en\/#website","url":"https:\/\/www.alquera.com\/en\/","name":"Alquera.com","description":"Loja on-line de produtos qu\u00edmicos e equipamento de laborat\u00f3rio","publisher":{"@id":"https:\/\/www.alquera.com\/en\/#organization"},"potentialAction":[{"@type":"SearchAction","target":{"@type":"EntryPoint","urlTemplate":"https:\/\/www.alquera.com\/en\/?s={search_term_string}"},"query-input":{"@type":"PropertyValueSpecification","valueRequired":true,"valueName":"search_term_string"}}],"inLanguage":"pt-PT"},{"@type":"Organization","@id":"https:\/\/www.alquera.com\/en\/#organization","name":"ALQUERA CIENCIA SL","url":"https:\/\/www.alquera.com\/en\/","logo":{"@type":"ImageObject","inLanguage":"pt-PT","@id":"https:\/\/www.alquera.com\/en\/#\/schema\/logo\/image\/","url":"https:\/\/www.alquera.com\/wp-content\/uploads\/2020\/11\/logo_300_ancho.png","contentUrl":"https:\/\/www.alquera.com\/wp-content\/uploads\/2020\/11\/logo_300_ancho.png","width":300,"height":86,"caption":"ALQUERA CIENCIA SL"},"image":{"@id":"https:\/\/www.alquera.com\/en\/#\/schema\/logo\/image\/"},"sameAs":["https:\/\/www.facebook.com\/alqueraciencia","https:\/\/www.instagram.com\/alquera_ciencia\/","https:\/\/www.youtube.com\/c\/alquera"]}]},"product_brand":"Alquera","og_availability":"instock","product_availability":"instock","product_retailer_item_id":"QK-6G29-PBDS","product_condition":"new"},"_links":{"self":[{"href":"https:\/\/www.alquera.com\/pt\/wp-json\/wp\/v2\/product\/1267","targetHints":{"allow":["GET"]}}],"collection":[{"href":"https:\/\/www.alquera.com\/pt\/wp-json\/wp\/v2\/product"}],"about":[{"href":"https:\/\/www.alquera.com\/pt\/wp-json\/wp\/v2\/types\/product"}],"replies":[{"embeddable":true,"href":"https:\/\/www.alquera.com\/pt\/wp-json\/wp\/v2\/comments?post=1267"}],"wp:featuredmedia":[{"embeddable":true,"href":"https:\/\/www.alquera.com\/pt\/wp-json\/wp\/v2\/media\/198"}],"wp:attachment":[{"href":"https:\/\/www.alquera.com\/pt\/wp-json\/wp\/v2\/media?parent=1267"}],"wp:term":[{"taxonomy":"product_brand","embeddable":true,"href":"https:\/\/www.alquera.com\/pt\/wp-json\/wp\/v2\/product_brand?post=1267"},{"taxonomy":"product_cat","embeddable":true,"href":"https:\/\/www.alquera.com\/pt\/wp-json\/wp\/v2\/product_cat?post=1267"},{"taxonomy":"product_tag","embeddable":true,"href":"https:\/\/www.alquera.com\/pt\/wp-json\/wp\/v2\/product_tag?post=1267"}],"curies":[{"name":"wp","href":"https:\/\/api.w.org\/{rel}","templated":true}]}}