{"id":1275,"date":"2020-09-18T18:07:22","date_gmt":"2020-09-18T18:07:22","guid":{"rendered":"http:\/\/localhost\/alquera\/productos\/producto\/fosfato-monopotasico\/"},"modified":"2026-04-26T14:13:05","modified_gmt":"2026-04-26T14:13:05","slug":"fosfato-monopotasico","status":"publish","type":"product","link":"https:\/\/www.alquera.com\/pt\/fosfato-monopotasico\/","title":{"rendered":"Fosfato Monopot\u00e1ssico"},"content":{"rendered":"<p>O fosfato monopot\u00e1ssico, tamb\u00e9m conhecido como MKP, \u00e9 um fertilizante utilizado para fornecer f\u00f3sforo e pot\u00e1ssio \u00e0s plantas. \u00c9 a base de muitos fertilizantes e \u00e9 muito sol\u00favel na \u00e1gua. Juntamente com fosfato monopot\u00e1ssico, sulfato de pot\u00e1ssio e nitrato de pot\u00e1ssio s\u00e3o tamb\u00e9m utilizados. O f\u00f3sforo \u00e9 um dos 12 nutrientes essenciais para o crescimento e desenvolvimento das plantas e \u00e9 um dos 3 macronutrientes principais.<\/p>\n<h2>IDENTIFICA\u00c7\u00c3O E PROPRIEDADES<\/h2>\n<p><strong>Nome:<\/strong> Fosfato Monopot\u00e1ssico<br \/>\n<strong>Sin\u00f3nimos:<\/strong> Di-hidrogeno-ortofosfato de pot\u00e1ssio<br \/>\n<strong>F\u00f3rmula qu\u00edmica:<\/strong> KH2PO4<br \/>\n<strong>CE:<\/strong> 231-913-4<br \/>\n<strong>CAS :<\/strong> 7778-77-0<\/p>\n<ul>\n<li>Estado f\u00edsico: S\u00f3lido (Cristalino)<\/li>\n<li>Cor: Branco<\/li>\n<li>Odor: inodoro<\/li>\n<li>Ponto de fus\u00e3o\/ponto de congela\u00e7\u00e3o: 253\u00baC<\/li>\n<li>Ponto de ebuli\u00e7\u00e3o inicial e intervalo de ebuli\u00e7\u00e3o: &gt;450\u00baC<\/li>\n<li>Inflamabilidade (s\u00f3lido\/g\u00e1s): N\u00e3o inflam\u00e1vel<\/li>\n<li>Solubilidade(s): Solubilidade(s): Livremente sol\u00favel nos seguintes materiais: \u00e1gua fria<\/li>\n<li>Solubilidade em \u00e1gua: &gt;100 g\/l a 20\u00baC<\/li>\n<li>Propriedades explosivas: Nenhuma<\/li>\n<\/ul>\n<h2>USES<\/h2>\n<ul>\n<li>Utiliza\u00e7\u00e3o industrial para prepara\u00e7\u00e3o de misturas qu\u00edmicas<\/li>\n<li>Prepara\u00e7\u00e3o profissional de produtos fertilizantes<\/li>\n<li>Utiliza\u00e7\u00e3o profissional como fertilizante agr\u00edcola: carregamento e espalhamento.<\/li>\n<li>Utiliza\u00e7\u00e3o profissional como fertilizante em estufas.<\/li>\n<li>Utiliza\u00e7\u00e3o profissional como fertilizante l\u00edquido em campo aberto (por exemplo, fertirriga\u00e7\u00e3o).<\/li>\n<li>Utiliza\u00e7\u00e3o profissional como fertilizante: manuten\u00e7\u00e3o do equipamento.<\/li>\n<\/ul>\n<h2>FICHA DE DADOS DE SEGURAN\u00c7A<\/h2>\n<p>Descarregar a ficha de dados de seguran\u00e7a do fosfato MKP: <a href=\"https:\/\/www.alquera.com\/pt\/?attachment_id=32539\" rel=\"attachment wp-att-32539\">MSDS FOSFATO MONOPOT\u00c1SSICO<\/a><\/p>\n<h3>OUTRAS INFORMA\u00c7\u00d5ES DE INTERESSE<\/h3>\n<p>Informa\u00e7\u00e3o sobre nutri\u00e7\u00e3o vegetal de acordo com o tipo de cultura: <a href=\"https:\/\/www.yara.es\/nutricion-vegetal\/cultivos\/\" target=\"_blank\" rel=\"noopener noreferrer\">Adubos - culturas<\/a><\/p>\n<p>&nbsp;<\/p>","protected":false},"excerpt":{"rendered":"<p><strong>Comprar fosfato monopot\u00e1ssico<\/strong>tamb\u00e9m conhecido como MKP. O fosfato monopot\u00e1ssico \u00e9 um fertilizante utilizado para fornecer f\u00f3sforo e pot\u00e1ssio \u00e0s plantas. \u00c9 a base de muitos fertilizantes e \u00e9 muito sol\u00favel na \u00e1gua. Para al\u00e9m do fosfato monopot\u00e1ssico, \u00e9 tamb\u00e9m normalmente utilizado como fertilizante. <a href=\"https:\/\/www.alquera.com\/pt\/sulfato-de-potasio\/\">sulfato de pot\u00e1ssio<\/a> e a <a href=\"https:\/\/www.alquera.com\/pt\/nitrato-de-potasio\/\">nitrato de pot\u00e1ssio<\/a>. No caso dos aqu\u00e1rios, temos um <a href=\"https:\/\/www.alquera.com\/pt\/pack-acuario\/\">pacote de aqu\u00e1rio<\/a> com os 3 componentes principais. Em Alquera pode comprar fosfato monopot\u00e1ssico nos formatos 1Kg, 5Kg e 25Kg. Entregas em 24\/48h.<\/p>","protected":false},"featured_media":35830,"comment_status":"open","ping_status":"closed","template":"","meta":{"_acf_changed":false,"site-sidebar-layout":"default","site-content-layout":"default","ast-site-content-layout":"default","site-content-style":"default","site-sidebar-style":"default","ast-global-header-display":"","ast-banner-title-visibility":"","ast-main-header-display":"","ast-hfb-above-header-display":"","ast-hfb-below-header-display":"","ast-hfb-mobile-header-display":"","site-post-title":"","ast-breadcrumbs-content":"","ast-featured-img":"","footer-sml-layout":"","ast-disable-related-posts":"","theme-transparent-header-meta":"default","adv-header-id-meta":"","stick-header-meta":"default","header-above-stick-meta":"","header-main-stick-meta":"","header-below-stick-meta":"","astra-migrate-meta-layouts":"set","ast-page-background-enabled":"default","ast-page-background-meta":{"desktop":{"background-color":"var(--ast-global-color-4)","background-image":"","background-repeat":"repeat","background-position":"center center","background-size":"auto","background-attachment":"scroll","background-type":"","background-media":"","overlay-type":"","overlay-color":"","overlay-opacity":"","overlay-gradient":""},"tablet":{"background-color":"","background-image":"","background-repeat":"repeat","background-position":"center center","background-size":"auto","background-attachment":"scroll","background-type":"","background-media":"","overlay-type":"","overlay-color":"","overlay-opacity":"","overlay-gradient":""},"mobile":{"background-color":"","background-image":"","background-repeat":"repeat","background-position":"center center","background-size":"auto","background-attachment":"scroll","background-type":"","background-media":"","overlay-type":"","overlay-color":"","overlay-opacity":"","overlay-gradient":""}},"ast-content-background-meta":{"desktop":{"background-color":"var(--ast-global-color-5)","background-image":"","background-repeat":"repeat","background-position":"center center","background-size":"auto","background-attachment":"scroll","background-type":"","background-media":"","overlay-type":"","overlay-color":"","overlay-opacity":"","overlay-gradient":""},"tablet":{"background-color":"var(--ast-global-color-5)","background-image":"","background-repeat":"repeat","background-position":"center center","background-size":"auto","background-attachment":"scroll","background-type":"","background-media":"","overlay-type":"","overlay-color":"","overlay-opacity":"","overlay-gradient":""},"mobile":{"background-color":"var(--ast-global-color-5)","background-image":"","background-repeat":"repeat","background-position":"center center","background-size":"auto","background-attachment":"scroll","background-type":"","background-media":"","overlay-type":"","overlay-color":"","overlay-opacity":"","overlay-gradient":""}}},"product_brand":[],"product_cat":[213,21],"product_tag":[],"class_list":{"0":"post-1275","1":"product","2":"type-product","3":"status-publish","4":"has-post-thumbnail","6":"product_cat-agroquimicos","7":"product_cat-productos","8":"pa_cantidad-250g","9":"pa_cantidad-1kg","10":"pa_cantidad-5kg","11":"pa_cantidad-25kg","12":"desktop-align-left","13":"tablet-align-left","14":"mobile-align-left","15":"ast-product-gallery-layout-horizontal-slider","16":"ast-magnify-disabled","17":"ast-product-single-variable","18":"ast-product-tabs-layout-horizontal","19":"ast-qv-on-image","21":"first","22":"instock","23":"taxable","24":"shipping-taxable","25":"purchasable","26":"product-type-variable","27":"has-default-attributes"},"acf":[],"yoast_head":"<!-- This site is optimized with the Yoast SEO Premium plugin v27.1 (Yoast SEO v27.1.1) - https:\/\/yoast.com\/product\/yoast-seo-premium-wordpress\/ -->\n<title>Fosfato Monopot\u00e1sico: Comprar - Alquera.com<\/title>\n<meta name=\"description\" content=\"ENV\u00cdOS EN 24\/48H Comprar fosfato monopot\u00e1sico, como abono simple para plantas. Aporte de f\u00f3sforo para el crecimiento de las plantas.\" \/>\n<meta name=\"robots\" content=\"index, follow, max-snippet:-1, max-image-preview:large, max-video-preview:-1\" \/>\n<link rel=\"canonical\" href=\"https:\/\/www.alquera.com\/pt\/fosfato-monopotasico\/\" \/>\n<meta property=\"og:locale\" content=\"pt_PT\" \/>\n<meta property=\"og:type\" content=\"article\" \/>\n<meta property=\"og:title\" content=\"Fosfato Monopot\u00e1sico: Comprar Online - Alquera.com\" \/>\n<meta property=\"og:description\" content=\"ENV\u00cdOS EN 24\/48H Comprar fosfato monopot\u00e1sico, como abono simple para plantas. Aporte de f\u00f3sforo para el crecimiento de las plantas.\" \/>\n<meta property=\"og:url\" content=\"https:\/\/www.alquera.com\/pt\/fosfato-monopotasico\/\" \/>\n<meta property=\"og:site_name\" content=\"Alquera.com\" \/>\n<meta property=\"article:publisher\" content=\"https:\/\/www.facebook.com\/alqueraciencia\" \/>\n<meta property=\"article:modified_time\" content=\"2026-04-26T14:13:05+00:00\" \/>\n<meta property=\"og:image\" content=\"https:\/\/www.alquera.com\/wp-content\/uploads\/2020\/09\/FOSFATO-MONOPOTASICO.png\" \/>\n\t<meta property=\"og:image:width\" content=\"800\" \/>\n\t<meta property=\"og:image:height\" content=\"800\" \/>\n\t<meta property=\"og:image:type\" content=\"image\/png\" \/>\n<meta name=\"twitter:card\" content=\"summary_large_image\" \/>\n<meta name=\"twitter:label1\" content=\"Disponibilidade\" \/>\n\t<meta name=\"twitter:data1\" content=\"Em stock\" \/>\n<script type=\"application\/ld+json\" class=\"yoast-schema-graph\">{\"@context\":\"https:\/\/schema.org\",\"@graph\":[{\"@type\":[\"WebPage\",\"ItemPage\"],\"@id\":\"https:\/\/www.alquera.com\/fosfato-monopotasico\/\",\"url\":\"https:\/\/www.alquera.com\/fosfato-monopotasico\/\",\"name\":\"Fosfato Monopot\u00e1sico: Comprar - Alquera.com\",\"isPartOf\":{\"@id\":\"https:\/\/www.alquera.com\/en\/#website\"},\"primaryImageOfPage\":{\"@id\":\"https:\/\/www.alquera.com\/fosfato-monopotasico\/#primaryimage\"},\"image\":{\"@id\":\"https:\/\/www.alquera.com\/fosfato-monopotasico\/#primaryimage\"},\"thumbnailUrl\":\"https:\/\/www.alquera.com\/wp-content\/uploads\/2020\/09\/FOSFATO-MONOPOTASICO.png\",\"datePublished\":\"2020-09-18T18:07:22+00:00\",\"dateModified\":\"2026-04-26T14:13:05+00:00\",\"description\":\"ENV\u00cdOS EN 24\/48H Comprar fosfato monopot\u00e1sico, como abono simple para plantas. Aporte de f\u00f3sforo para el crecimiento de las plantas.\",\"breadcrumb\":{\"@id\":\"https:\/\/www.alquera.com\/fosfato-monopotasico\/#breadcrumb\"},\"inLanguage\":\"pt-PT\",\"potentialAction\":[{\"@type\":\"ReadAction\",\"target\":[\"https:\/\/www.alquera.com\/fosfato-monopotasico\/\"]}]},{\"@type\":\"ImageObject\",\"inLanguage\":\"pt-PT\",\"@id\":\"https:\/\/www.alquera.com\/fosfato-monopotasico\/#primaryimage\",\"url\":\"https:\/\/www.alquera.com\/wp-content\/uploads\/2020\/09\/FOSFATO-MONOPOTASICO.png\",\"contentUrl\":\"https:\/\/www.alquera.com\/wp-content\/uploads\/2020\/09\/FOSFATO-MONOPOTASICO.png\",\"width\":800,\"height\":800,\"caption\":\"FOSFATO MONOPOTASICO\"},{\"@type\":\"BreadcrumbList\",\"@id\":\"https:\/\/www.alquera.com\/fosfato-monopotasico\/#breadcrumb\",\"itemListElement\":[{\"@type\":\"ListItem\",\"position\":1,\"name\":\"Inicio\",\"item\":\"https:\/\/www.alquera.com\/\"},{\"@type\":\"ListItem\",\"position\":2,\"name\":\"Alquera.com: Tienda Online de Productos Qu\u00edmicos y Material de Laboratorio\",\"item\":\"https:\/\/www.alquera.com\/en\/tienda\/\"},{\"@type\":\"ListItem\",\"position\":3,\"name\":\"Fosfato Monopot\u00e1sico\"}]},{\"@type\":\"WebSite\",\"@id\":\"https:\/\/www.alquera.com\/en\/#website\",\"url\":\"https:\/\/www.alquera.com\/en\/\",\"name\":\"Alquera.com\",\"description\":\"Tienda Online Productos Qu\u00edmicos y Material de Laboratorio\",\"publisher\":{\"@id\":\"https:\/\/www.alquera.com\/en\/#organization\"},\"potentialAction\":[{\"@type\":\"SearchAction\",\"target\":{\"@type\":\"EntryPoint\",\"urlTemplate\":\"https:\/\/www.alquera.com\/en\/?s={search_term_string}\"},\"query-input\":{\"@type\":\"PropertyValueSpecification\",\"valueRequired\":true,\"valueName\":\"search_term_string\"}}],\"inLanguage\":\"pt-PT\"},{\"@type\":\"Organization\",\"@id\":\"https:\/\/www.alquera.com\/en\/#organization\",\"name\":\"ALQUERA CIENCIA SL\",\"url\":\"https:\/\/www.alquera.com\/en\/\",\"logo\":{\"@type\":\"ImageObject\",\"inLanguage\":\"pt-PT\",\"@id\":\"https:\/\/www.alquera.com\/en\/#\/schema\/logo\/image\/\",\"url\":\"https:\/\/www.alquera.com\/wp-content\/uploads\/2020\/11\/logo_300_ancho.png\",\"contentUrl\":\"https:\/\/www.alquera.com\/wp-content\/uploads\/2020\/11\/logo_300_ancho.png\",\"width\":300,\"height\":86,\"caption\":\"ALQUERA CIENCIA SL\"},\"image\":{\"@id\":\"https:\/\/www.alquera.com\/en\/#\/schema\/logo\/image\/\"},\"sameAs\":[\"https:\/\/www.facebook.com\/alqueraciencia\",\"https:\/\/www.instagram.com\/alquera_ciencia\/\",\"https:\/\/www.youtube.com\/c\/alquera\"]}]}<\/script>\n<meta property=\"product:brand\" content=\"Alquera\" \/>\n<meta property=\"og:availability\" content=\"instock\" \/>\n<meta property=\"product:availability\" content=\"instock\" \/>\n<meta property=\"product:retailer_item_id\" content=\"5Q-0EFL-N90V\" \/>\n<meta property=\"product:condition\" content=\"new\" \/>\n<!-- \/ Yoast SEO Premium plugin. -->","yoast_head_json":{"title":"Fosfato Monopot\u00e1ssico: Comprar - Alquera.com","description":"COMPRAR EM 24\/48H Comprar fosfato monopot\u00e1ssico, como um simples fertilizante vegetal. Fornece f\u00f3sforo para o crescimento das plantas.","robots":{"index":"index","follow":"follow","max-snippet":"max-snippet:-1","max-image-preview":"max-image-preview:large","max-video-preview":"max-video-preview:-1"},"canonical":"https:\/\/www.alquera.com\/pt\/fosfato-monopotasico\/","og_locale":"pt_PT","og_type":"article","og_title":"Fosfato Monopot\u00e1sico: Comprar Online - Alquera.com","og_description":"ENV\u00cdOS EN 24\/48H Comprar fosfato monopot\u00e1sico, como abono simple para plantas. Aporte de f\u00f3sforo para el crecimiento de las plantas.","og_url":"https:\/\/www.alquera.com\/pt\/fosfato-monopotasico\/","og_site_name":"Alquera.com","article_publisher":"https:\/\/www.facebook.com\/alqueraciencia","article_modified_time":"2026-04-26T14:13:05+00:00","og_image":[{"width":800,"height":800,"url":"https:\/\/www.alquera.com\/wp-content\/uploads\/2020\/09\/FOSFATO-MONOPOTASICO.png","type":"image\/png"}],"twitter_card":"summary_large_image","twitter_misc":{"Disponibilidade":"Em stock"},"schema":{"@context":"https:\/\/schema.org","@graph":[{"@type":["WebPage","ItemPage"],"@id":"https:\/\/www.alquera.com\/fosfato-monopotasico\/","url":"https:\/\/www.alquera.com\/fosfato-monopotasico\/","name":"Fosfato Monopot\u00e1ssico: Comprar - Alquera.com","isPartOf":{"@id":"https:\/\/www.alquera.com\/en\/#website"},"primaryImageOfPage":{"@id":"https:\/\/www.alquera.com\/fosfato-monopotasico\/#primaryimage"},"image":{"@id":"https:\/\/www.alquera.com\/fosfato-monopotasico\/#primaryimage"},"thumbnailUrl":"https:\/\/www.alquera.com\/wp-content\/uploads\/2020\/09\/FOSFATO-MONOPOTASICO.png","datePublished":"2020-09-18T18:07:22+00:00","dateModified":"2026-04-26T14:13:05+00:00","description":"COMPRAR EM 24\/48H Comprar fosfato monopot\u00e1ssico, como um simples fertilizante vegetal. Fornece f\u00f3sforo para o crescimento das plantas.","breadcrumb":{"@id":"https:\/\/www.alquera.com\/fosfato-monopotasico\/#breadcrumb"},"inLanguage":"pt-PT","potentialAction":[{"@type":"ReadAction","target":["https:\/\/www.alquera.com\/fosfato-monopotasico\/"]}]},{"@type":"ImageObject","inLanguage":"pt-PT","@id":"https:\/\/www.alquera.com\/fosfato-monopotasico\/#primaryimage","url":"https:\/\/www.alquera.com\/wp-content\/uploads\/2020\/09\/FOSFATO-MONOPOTASICO.png","contentUrl":"https:\/\/www.alquera.com\/wp-content\/uploads\/2020\/09\/FOSFATO-MONOPOTASICO.png","width":800,"height":800,"caption":"FOSFATO MONOPOTASICO"},{"@type":"BreadcrumbList","@id":"https:\/\/www.alquera.com\/fosfato-monopotasico\/#breadcrumb","itemListElement":[{"@type":"ListItem","position":1,"name":"Inicio","item":"https:\/\/www.alquera.com\/"},{"@type":"ListItem","position":2,"name":"Alquera.com: Tienda Online de Productos Qu\u00edmicos y Material de Laboratorio","item":"https:\/\/www.alquera.com\/en\/tienda\/"},{"@type":"ListItem","position":3,"name":"Fosfato Monopot\u00e1sico"}]},{"@type":"WebSite","@id":"https:\/\/www.alquera.com\/en\/#website","url":"https:\/\/www.alquera.com\/en\/","name":"Alquera.com","description":"Loja on-line de produtos qu\u00edmicos e equipamento de laborat\u00f3rio","publisher":{"@id":"https:\/\/www.alquera.com\/en\/#organization"},"potentialAction":[{"@type":"SearchAction","target":{"@type":"EntryPoint","urlTemplate":"https:\/\/www.alquera.com\/en\/?s={search_term_string}"},"query-input":{"@type":"PropertyValueSpecification","valueRequired":true,"valueName":"search_term_string"}}],"inLanguage":"pt-PT"},{"@type":"Organization","@id":"https:\/\/www.alquera.com\/en\/#organization","name":"ALQUERA CIENCIA SL","url":"https:\/\/www.alquera.com\/en\/","logo":{"@type":"ImageObject","inLanguage":"pt-PT","@id":"https:\/\/www.alquera.com\/en\/#\/schema\/logo\/image\/","url":"https:\/\/www.alquera.com\/wp-content\/uploads\/2020\/11\/logo_300_ancho.png","contentUrl":"https:\/\/www.alquera.com\/wp-content\/uploads\/2020\/11\/logo_300_ancho.png","width":300,"height":86,"caption":"ALQUERA CIENCIA SL"},"image":{"@id":"https:\/\/www.alquera.com\/en\/#\/schema\/logo\/image\/"},"sameAs":["https:\/\/www.facebook.com\/alqueraciencia","https:\/\/www.instagram.com\/alquera_ciencia\/","https:\/\/www.youtube.com\/c\/alquera"]}]},"product_brand":"Alquera","og_availability":"instock","product_availability":"instock","product_retailer_item_id":"5Q-0EFL-N90V","product_condition":"new"},"_links":{"self":[{"href":"https:\/\/www.alquera.com\/pt\/wp-json\/wp\/v2\/product\/1275","targetHints":{"allow":["GET"]}}],"collection":[{"href":"https:\/\/www.alquera.com\/pt\/wp-json\/wp\/v2\/product"}],"about":[{"href":"https:\/\/www.alquera.com\/pt\/wp-json\/wp\/v2\/types\/product"}],"replies":[{"embeddable":true,"href":"https:\/\/www.alquera.com\/pt\/wp-json\/wp\/v2\/comments?post=1275"}],"wp:featuredmedia":[{"embeddable":true,"href":"https:\/\/www.alquera.com\/pt\/wp-json\/wp\/v2\/media\/35830"}],"wp:attachment":[{"href":"https:\/\/www.alquera.com\/pt\/wp-json\/wp\/v2\/media?parent=1275"}],"wp:term":[{"taxonomy":"product_brand","embeddable":true,"href":"https:\/\/www.alquera.com\/pt\/wp-json\/wp\/v2\/product_brand?post=1275"},{"taxonomy":"product_cat","embeddable":true,"href":"https:\/\/www.alquera.com\/pt\/wp-json\/wp\/v2\/product_cat?post=1275"},{"taxonomy":"product_tag","embeddable":true,"href":"https:\/\/www.alquera.com\/pt\/wp-json\/wp\/v2\/product_tag?post=1275"}],"curies":[{"name":"wp","href":"https:\/\/api.w.org\/{rel}","templated":true}]}}