{"id":32769,"date":"2021-01-29T12:47:38","date_gmt":"2021-01-29T12:47:38","guid":{"rendered":"https:\/\/www.alquera.com\/?post_type=product&#038;p=32769"},"modified":"2026-03-02T15:14:00","modified_gmt":"2026-03-02T15:14:00","slug":"fosfato-monoamonico","status":"publish","type":"product","link":"https:\/\/www.alquera.com\/pt\/fosfato-monoamonico\/","title":{"rendered":"Fosfato Monoam\u00f3nico"},"content":{"rendered":"<p>Comprar fosfato monoam\u00f4nico na Alquera. O fosfato monoam\u00f3nico, tamb\u00e9m conhecido como MAP, \u00e9 um fertilizante utilizado para fornecer \u00e0s plantas f\u00f3sforo e azoto. O f\u00f3sforo \u00e9 um nutriente essencial para a planta nas fases de enraizamento e flora\u00e7\u00e3o. Juntamente com fosfato monoam\u00f3nico, sulfato de pot\u00e1ssio, fosfato monopot\u00e1ssico e nitrato de pot\u00e1ssio s\u00e3o tamb\u00e9m utilizados. O f\u00f3sforo e o nitrog\u00e9nio s\u00e3o um dos 12 nutrientes essenciais para o crescimento e desenvolvimento das plantas e fazem parte dos 3 macronutrientes principais Nitrog\u00e9nio, F\u00f3sforo e Pot\u00e1ssio (NPK).<\/p>\n<h2>IDENTIFICA\u00c7\u00c3O E PROPRIEDADES<\/h2>\n<p><strong>Nome:<\/strong> Fosfato Monoam\u00f3nico<br \/>\n<strong>Sin\u00f3nimos:<\/strong> Di-hidrogeno-ortofosfato de am\u00f3nio<br \/>\n<strong>F\u00f3rmula qu\u00edmica:<\/strong> NH4H2PO4<br \/>\n<strong>CAS:<\/strong> 7722-76-1<br \/>\n<strong>CE:<\/strong> 231-764-5<\/p>\n<ul>\n<li>Estado f\u00edsico: S\u00f3lido<\/li>\n<li>Cor: Branco<\/li>\n<li>Odor: inodoro<\/li>\n<li>pH: 3,6-4 (Conc.: 10 g\/l)<\/li>\n<li>Ponto de fus\u00e3o\/ponto de congela\u00e7\u00e3o: 197\u00baC<\/li>\n<li>Press\u00e3o de vapor: 0.0000147 hPa<\/li>\n<li>Densidade relativa: 1,81<\/li>\n<li>Solubilidade Quantitativa em \u00c1gua: &gt;100 g\/l<\/li>\n<\/ul>\n<h2>USES<\/h2>\n<ul>\n<li>Utiliza\u00e7\u00e3o industrial para a prepara\u00e7\u00e3o de misturas de fertilizantes<\/li>\n<li>Utiliza\u00e7\u00e3o profissional como fertilizante na explora\u00e7\u00e3o: carregamento e espalhamento (incluindo prepara\u00e7\u00e3o do terreno)<\/li>\n<li>Utiliza\u00e7\u00e3o profissional como fertilizante em estufas<\/li>\n<li>Utiliza\u00e7\u00e3o profissional como fertilizante l\u00edquido em campos abertos<\/li>\n<li>Utiliza\u00e7\u00e3o profissional como fertilizante: manuten\u00e7\u00e3o do equipamento<\/li>\n<li>Utiliza\u00e7\u00e3o de fertilizantes pelo consumidor<\/li>\n<\/ul>\n<p>&nbsp;<\/p>\n<h3>OUTRAS INFORMA\u00c7\u00d5ES DE INTERESSE<\/h3>\n<p>Informa\u00e7\u00e3o sobre nutri\u00e7\u00e3o vegetal de acordo com o tipo de cultura: <a href=\"https:\/\/www.yara.es\/nutricion-vegetal\/cultivos\/\" target=\"_blank\" rel=\"noopener noreferrer\">Adubos - culturas<\/a><\/p>\n<p>&nbsp;<\/p>","protected":false},"excerpt":{"rendered":"<p>Comprar fosfato monoam\u00f4nico nos formatos de 1Kg e 5Kg. O pre\u00e7o dos diferentes formatos de fosfato monoam\u00f3nico pode ser visto quando se selecciona o formato que se pretende. A encomenda \u00e9 feita directamente atrav\u00e9s da Web seguindo os passos indicados, sendo entregue em 24\/48 horas.<\/p>","protected":false},"featured_media":35827,"comment_status":"open","ping_status":"closed","template":"","meta":{"_acf_changed":false,"site-sidebar-layout":"default","site-content-layout":"default","ast-site-content-layout":"default","site-content-style":"default","site-sidebar-style":"default","ast-global-header-display":"","ast-banner-title-visibility":"","ast-main-header-display":"","ast-hfb-above-header-display":"","ast-hfb-below-header-display":"","ast-hfb-mobile-header-display":"","site-post-title":"","ast-breadcrumbs-content":"","ast-featured-img":"","footer-sml-layout":"","ast-disable-related-posts":"","theme-transparent-header-meta":"default","adv-header-id-meta":"","stick-header-meta":"default","header-above-stick-meta":"","header-main-stick-meta":"","header-below-stick-meta":"","astra-migrate-meta-layouts":"default","ast-page-background-enabled":"default","ast-page-background-meta":{"desktop":{"background-color":"var(--ast-global-color-4)","background-image":"","background-repeat":"repeat","background-position":"center center","background-size":"auto","background-attachment":"scroll","background-type":"","background-media":"","overlay-type":"","overlay-color":"","overlay-opacity":"","overlay-gradient":""},"tablet":{"background-color":"","background-image":"","background-repeat":"repeat","background-position":"center center","background-size":"auto","background-attachment":"scroll","background-type":"","background-media":"","overlay-type":"","overlay-color":"","overlay-opacity":"","overlay-gradient":""},"mobile":{"background-color":"","background-image":"","background-repeat":"repeat","background-position":"center center","background-size":"auto","background-attachment":"scroll","background-type":"","background-media":"","overlay-type":"","overlay-color":"","overlay-opacity":"","overlay-gradient":""}},"ast-content-background-meta":{"desktop":{"background-color":"var(--ast-global-color-5)","background-image":"","background-repeat":"repeat","background-position":"center center","background-size":"auto","background-attachment":"scroll","background-type":"","background-media":"","overlay-type":"","overlay-color":"","overlay-opacity":"","overlay-gradient":""},"tablet":{"background-color":"var(--ast-global-color-5)","background-image":"","background-repeat":"repeat","background-position":"center center","background-size":"auto","background-attachment":"scroll","background-type":"","background-media":"","overlay-type":"","overlay-color":"","overlay-opacity":"","overlay-gradient":""},"mobile":{"background-color":"var(--ast-global-color-5)","background-image":"","background-repeat":"repeat","background-position":"center center","background-size":"auto","background-attachment":"scroll","background-type":"","background-media":"","overlay-type":"","overlay-color":"","overlay-opacity":"","overlay-gradient":""}}},"product_brand":[],"product_cat":[213],"product_tag":[],"class_list":{"0":"post-32769","1":"product","2":"type-product","3":"status-publish","4":"has-post-thumbnail","6":"product_cat-agroquimicos","7":"pa_cantidad-1kg","8":"pa_cantidad-5kg","9":"pa_cantidad-25kg","10":"desktop-align-left","11":"tablet-align-left","12":"mobile-align-left","13":"ast-product-gallery-layout-horizontal-slider","14":"ast-product-gallery-with-no-image","15":"ast-magnify-disabled","16":"ast-product-single-variable","17":"ast-product-tabs-layout-horizontal","18":"ast-qv-on-image","20":"first","21":"instock","22":"taxable","23":"shipping-taxable","24":"purchasable","25":"product-type-variable","26":"has-default-attributes"},"acf":[],"yoast_head":"<!-- This site is optimized with the Yoast SEO Premium plugin v27.1 (Yoast SEO v27.1.1) - https:\/\/yoast.com\/product\/yoast-seo-premium-wordpress\/ -->\n<title>Fosfato Monoam\u00f3nico: Comprar Online - Alquera.com<\/title>\n<meta name=\"description\" content=\"ENV\u00cdOS EN 24\/48H Comprar fosfato monoam\u00f3nico, como abono simple para plantas. Aporte de f\u00f3sforo para el crecimiento de las plantas.\" \/>\n<meta name=\"robots\" content=\"index, follow, max-snippet:-1, max-image-preview:large, max-video-preview:-1\" \/>\n<link rel=\"canonical\" href=\"https:\/\/www.alquera.com\/pt\/fosfato-monoamonico\/\" \/>\n<meta property=\"og:locale\" content=\"pt_PT\" \/>\n<meta property=\"og:type\" content=\"article\" \/>\n<meta property=\"og:title\" content=\"Fosfato Monoam\u00f3nico: Comprar Online - Alquera.com\" \/>\n<meta property=\"og:description\" content=\"ENV\u00cdOS EN 24\/48H Comprar fosfato monoam\u00f3nico, como abono simple para plantas. Aporte de f\u00f3sforo para el crecimiento de las plantas.\" \/>\n<meta property=\"og:url\" content=\"https:\/\/www.alquera.com\/pt\/fosfato-monoamonico\/\" \/>\n<meta property=\"og:site_name\" content=\"Alquera.com\" \/>\n<meta property=\"article:publisher\" content=\"https:\/\/www.facebook.com\/alqueraciencia\" \/>\n<meta property=\"article:modified_time\" content=\"2026-03-02T15:14:00+00:00\" \/>\n<meta property=\"og:image\" content=\"https:\/\/www.alquera.com\/wp-content\/uploads\/2021\/01\/FOSFATO-MONOAMONICO.png\" \/>\n\t<meta property=\"og:image:width\" content=\"800\" \/>\n\t<meta property=\"og:image:height\" content=\"800\" \/>\n\t<meta property=\"og:image:type\" content=\"image\/png\" \/>\n<meta name=\"twitter:card\" content=\"summary_large_image\" \/>\n<meta name=\"twitter:label1\" content=\"Disponibilidade\" \/>\n\t<meta name=\"twitter:data1\" content=\"Em stock\" \/>\n<script type=\"application\/ld+json\" class=\"yoast-schema-graph\">{\"@context\":\"https:\/\/schema.org\",\"@graph\":[{\"@type\":[\"WebPage\",\"ItemPage\"],\"@id\":\"https:\/\/www.alquera.com\/fosfato-monoamonico\/\",\"url\":\"https:\/\/www.alquera.com\/fosfato-monoamonico\/\",\"name\":\"Fosfato Monoam\u00f3nico: Comprar Online - Alquera.com\",\"isPartOf\":{\"@id\":\"https:\/\/www.alquera.com\/en\/#website\"},\"primaryImageOfPage\":{\"@id\":\"https:\/\/www.alquera.com\/fosfato-monoamonico\/#primaryimage\"},\"image\":{\"@id\":\"https:\/\/www.alquera.com\/fosfato-monoamonico\/#primaryimage\"},\"thumbnailUrl\":\"https:\/\/www.alquera.com\/wp-content\/uploads\/2021\/01\/FOSFATO-MONOAMONICO.png\",\"datePublished\":\"2021-01-29T12:47:38+00:00\",\"dateModified\":\"2026-03-02T15:14:00+00:00\",\"description\":\"ENV\u00cdOS EN 24\/48H Comprar fosfato monoam\u00f3nico, como abono simple para plantas. Aporte de f\u00f3sforo para el crecimiento de las plantas.\",\"breadcrumb\":{\"@id\":\"https:\/\/www.alquera.com\/fosfato-monoamonico\/#breadcrumb\"},\"inLanguage\":\"pt-PT\",\"potentialAction\":[{\"@type\":\"ReadAction\",\"target\":[\"https:\/\/www.alquera.com\/fosfato-monoamonico\/\"]}]},{\"@type\":\"ImageObject\",\"inLanguage\":\"pt-PT\",\"@id\":\"https:\/\/www.alquera.com\/fosfato-monoamonico\/#primaryimage\",\"url\":\"https:\/\/www.alquera.com\/wp-content\/uploads\/2021\/01\/FOSFATO-MONOAMONICO.png\",\"contentUrl\":\"https:\/\/www.alquera.com\/wp-content\/uploads\/2021\/01\/FOSFATO-MONOAMONICO.png\",\"width\":800,\"height\":800,\"caption\":\"FOSFATO MONOAMONICO\"},{\"@type\":\"BreadcrumbList\",\"@id\":\"https:\/\/www.alquera.com\/fosfato-monoamonico\/#breadcrumb\",\"itemListElement\":[{\"@type\":\"ListItem\",\"position\":1,\"name\":\"Inicio\",\"item\":\"https:\/\/www.alquera.com\/\"},{\"@type\":\"ListItem\",\"position\":2,\"name\":\"Alquera.com: Tienda Online de Productos Qu\u00edmicos y Material de Laboratorio\",\"item\":\"https:\/\/www.alquera.com\/en\/tienda\/\"},{\"@type\":\"ListItem\",\"position\":3,\"name\":\"Fosfato Monoam\u00f3nico\"}]},{\"@type\":\"WebSite\",\"@id\":\"https:\/\/www.alquera.com\/en\/#website\",\"url\":\"https:\/\/www.alquera.com\/en\/\",\"name\":\"Alquera.com\",\"description\":\"Tienda Online Productos Qu\u00edmicos y Material de Laboratorio\",\"publisher\":{\"@id\":\"https:\/\/www.alquera.com\/en\/#organization\"},\"potentialAction\":[{\"@type\":\"SearchAction\",\"target\":{\"@type\":\"EntryPoint\",\"urlTemplate\":\"https:\/\/www.alquera.com\/en\/?s={search_term_string}\"},\"query-input\":{\"@type\":\"PropertyValueSpecification\",\"valueRequired\":true,\"valueName\":\"search_term_string\"}}],\"inLanguage\":\"pt-PT\"},{\"@type\":\"Organization\",\"@id\":\"https:\/\/www.alquera.com\/en\/#organization\",\"name\":\"ALQUERA CIENCIA SL\",\"url\":\"https:\/\/www.alquera.com\/en\/\",\"logo\":{\"@type\":\"ImageObject\",\"inLanguage\":\"pt-PT\",\"@id\":\"https:\/\/www.alquera.com\/en\/#\/schema\/logo\/image\/\",\"url\":\"https:\/\/www.alquera.com\/wp-content\/uploads\/2020\/11\/logo_300_ancho.png\",\"contentUrl\":\"https:\/\/www.alquera.com\/wp-content\/uploads\/2020\/11\/logo_300_ancho.png\",\"width\":300,\"height\":86,\"caption\":\"ALQUERA CIENCIA SL\"},\"image\":{\"@id\":\"https:\/\/www.alquera.com\/en\/#\/schema\/logo\/image\/\"},\"sameAs\":[\"https:\/\/www.facebook.com\/alqueraciencia\",\"https:\/\/www.instagram.com\/alquera_ciencia\/\",\"https:\/\/www.youtube.com\/c\/alquera\"]}]}<\/script>\n<meta property=\"og:availability\" content=\"instock\" \/>\n<meta property=\"product:availability\" content=\"instock\" \/>\n<meta property=\"product:condition\" content=\"new\" \/>\n<!-- \/ Yoast SEO Premium plugin. -->","yoast_head_json":{"title":"Fosfato de Monoam\u00f3nio: Comprar Online - Alquera.com","description":"COMPRAR EM 24\/48H Comprar fosfato monoam\u00f4nico, como um simples fertilizante vegetal. Fornece f\u00f3sforo para o crescimento das plantas.","robots":{"index":"index","follow":"follow","max-snippet":"max-snippet:-1","max-image-preview":"max-image-preview:large","max-video-preview":"max-video-preview:-1"},"canonical":"https:\/\/www.alquera.com\/pt\/fosfato-monoamonico\/","og_locale":"pt_PT","og_type":"article","og_title":"Fosfato Monoam\u00f3nico: Comprar Online - Alquera.com","og_description":"ENV\u00cdOS EN 24\/48H Comprar fosfato monoam\u00f3nico, como abono simple para plantas. Aporte de f\u00f3sforo para el crecimiento de las plantas.","og_url":"https:\/\/www.alquera.com\/pt\/fosfato-monoamonico\/","og_site_name":"Alquera.com","article_publisher":"https:\/\/www.facebook.com\/alqueraciencia","article_modified_time":"2026-03-02T15:14:00+00:00","og_image":[{"width":800,"height":800,"url":"https:\/\/www.alquera.com\/wp-content\/uploads\/2021\/01\/FOSFATO-MONOAMONICO.png","type":"image\/png"}],"twitter_card":"summary_large_image","twitter_misc":{"Disponibilidade":"Em stock"},"schema":{"@context":"https:\/\/schema.org","@graph":[{"@type":["WebPage","ItemPage"],"@id":"https:\/\/www.alquera.com\/fosfato-monoamonico\/","url":"https:\/\/www.alquera.com\/fosfato-monoamonico\/","name":"Fosfato de Monoam\u00f3nio: Comprar Online - Alquera.com","isPartOf":{"@id":"https:\/\/www.alquera.com\/en\/#website"},"primaryImageOfPage":{"@id":"https:\/\/www.alquera.com\/fosfato-monoamonico\/#primaryimage"},"image":{"@id":"https:\/\/www.alquera.com\/fosfato-monoamonico\/#primaryimage"},"thumbnailUrl":"https:\/\/www.alquera.com\/wp-content\/uploads\/2021\/01\/FOSFATO-MONOAMONICO.png","datePublished":"2021-01-29T12:47:38+00:00","dateModified":"2026-03-02T15:14:00+00:00","description":"COMPRAR EM 24\/48H Comprar fosfato monoam\u00f4nico, como um simples fertilizante vegetal. Fornece f\u00f3sforo para o crescimento das plantas.","breadcrumb":{"@id":"https:\/\/www.alquera.com\/fosfato-monoamonico\/#breadcrumb"},"inLanguage":"pt-PT","potentialAction":[{"@type":"ReadAction","target":["https:\/\/www.alquera.com\/fosfato-monoamonico\/"]}]},{"@type":"ImageObject","inLanguage":"pt-PT","@id":"https:\/\/www.alquera.com\/fosfato-monoamonico\/#primaryimage","url":"https:\/\/www.alquera.com\/wp-content\/uploads\/2021\/01\/FOSFATO-MONOAMONICO.png","contentUrl":"https:\/\/www.alquera.com\/wp-content\/uploads\/2021\/01\/FOSFATO-MONOAMONICO.png","width":800,"height":800,"caption":"FOSFATO MONOAMONICO"},{"@type":"BreadcrumbList","@id":"https:\/\/www.alquera.com\/fosfato-monoamonico\/#breadcrumb","itemListElement":[{"@type":"ListItem","position":1,"name":"Inicio","item":"https:\/\/www.alquera.com\/"},{"@type":"ListItem","position":2,"name":"Alquera.com: Tienda Online de Productos Qu\u00edmicos y Material de Laboratorio","item":"https:\/\/www.alquera.com\/en\/tienda\/"},{"@type":"ListItem","position":3,"name":"Fosfato Monoam\u00f3nico"}]},{"@type":"WebSite","@id":"https:\/\/www.alquera.com\/en\/#website","url":"https:\/\/www.alquera.com\/en\/","name":"Alquera.com","description":"Loja on-line de produtos qu\u00edmicos e equipamento de laborat\u00f3rio","publisher":{"@id":"https:\/\/www.alquera.com\/en\/#organization"},"potentialAction":[{"@type":"SearchAction","target":{"@type":"EntryPoint","urlTemplate":"https:\/\/www.alquera.com\/en\/?s={search_term_string}"},"query-input":{"@type":"PropertyValueSpecification","valueRequired":true,"valueName":"search_term_string"}}],"inLanguage":"pt-PT"},{"@type":"Organization","@id":"https:\/\/www.alquera.com\/en\/#organization","name":"ALQUERA CIENCIA SL","url":"https:\/\/www.alquera.com\/en\/","logo":{"@type":"ImageObject","inLanguage":"pt-PT","@id":"https:\/\/www.alquera.com\/en\/#\/schema\/logo\/image\/","url":"https:\/\/www.alquera.com\/wp-content\/uploads\/2020\/11\/logo_300_ancho.png","contentUrl":"https:\/\/www.alquera.com\/wp-content\/uploads\/2020\/11\/logo_300_ancho.png","width":300,"height":86,"caption":"ALQUERA CIENCIA SL"},"image":{"@id":"https:\/\/www.alquera.com\/en\/#\/schema\/logo\/image\/"},"sameAs":["https:\/\/www.facebook.com\/alqueraciencia","https:\/\/www.instagram.com\/alquera_ciencia\/","https:\/\/www.youtube.com\/c\/alquera"]}]},"og_availability":"instock","product_availability":"instock","product_condition":"new"},"_links":{"self":[{"href":"https:\/\/www.alquera.com\/pt\/wp-json\/wp\/v2\/product\/32769","targetHints":{"allow":["GET"]}}],"collection":[{"href":"https:\/\/www.alquera.com\/pt\/wp-json\/wp\/v2\/product"}],"about":[{"href":"https:\/\/www.alquera.com\/pt\/wp-json\/wp\/v2\/types\/product"}],"replies":[{"embeddable":true,"href":"https:\/\/www.alquera.com\/pt\/wp-json\/wp\/v2\/comments?post=32769"}],"wp:featuredmedia":[{"embeddable":true,"href":"https:\/\/www.alquera.com\/pt\/wp-json\/wp\/v2\/media\/35827"}],"wp:attachment":[{"href":"https:\/\/www.alquera.com\/pt\/wp-json\/wp\/v2\/media?parent=32769"}],"wp:term":[{"taxonomy":"product_brand","embeddable":true,"href":"https:\/\/www.alquera.com\/pt\/wp-json\/wp\/v2\/product_brand?post=32769"},{"taxonomy":"product_cat","embeddable":true,"href":"https:\/\/www.alquera.com\/pt\/wp-json\/wp\/v2\/product_cat?post=32769"},{"taxonomy":"product_tag","embeddable":true,"href":"https:\/\/www.alquera.com\/pt\/wp-json\/wp\/v2\/product_tag?post=32769"}],"curies":[{"name":"wp","href":"https:\/\/api.w.org\/{rel}","templated":true}]}}