{"id":32794,"date":"2021-02-01T09:17:36","date_gmt":"2021-02-01T09:17:36","guid":{"rendered":"https:\/\/www.alquera.com\/?post_type=product&#038;p=32794"},"modified":"2026-02-23T16:11:36","modified_gmt":"2026-02-23T16:11:36","slug":"caldo-bordeles","status":"publish","type":"product","link":"https:\/\/www.alquera.com\/pt\/caldo-bordeles\/","title":{"rendered":"Caldo de Bord\u00e9us (Sulfato de Cuprocalcio 20% p\/p)"},"content":{"rendered":"<p><span style=\"color: #ff0000;\">Formato de 10Kg para uso profissional.<\/span> Sulfato de Cuprocalcio 20% p\/p.<\/p>\n<p>O Bordelaise Broth \u00e9 um fungicida c\u00faprico preventivo de largo espectro e bactericida. Azul. Tem <strong>Certificado Verde CAAE<\/strong><\/p>\n<h2>BORDELAISE PARA CULTURAS<\/h2>\n<p><strong>Adequado para colheitas: <\/strong>\u00a0Alcachofra, Am\u00eandoa, Avel\u00e3, Beringela (ao ar livre), Beringela (estufa), Br\u00f3colos, Bolbos de legumes, Citrinos, Couve-flor, Cucurbit\u00e1ceas (casca comest\u00edvel), Cucurbit\u00e1ceas (casca n\u00e3o comest\u00edvel), Morangueiro, \u00c1rvores de fruta de pedra, Pom\u00f3ideas, Ervilhas verdes, Feij\u00e3o verde, Alface e similares, Nozes, Azeitonas, Plantas ornamentais herb\u00e1ceas, Plantas ornamentais lenhosas, Batata, Pimenta, Pist\u00e1cio, Alho franc\u00eas, Tomate (ao ar livre) e Tomate (estufa).<\/p>\n<h2>CALDO FUNGICIDA BORDELAISE<\/h2>\n<p>Fungicida e bactericida aprovados para uso profissional (ar livre e estufa) e para uso n\u00e3o profissional.<br \/>\nprofissional (ao ar livre). Aplicar por pulveriza\u00e7\u00e3o normal.<br \/>\nPara todas as utiliza\u00e7\u00f5es autorizadas:<br \/>\n- N\u00e3o exceder a dose m\u00e1xima de 20 kg de produto\/ha e ano - N\u00e3o exceder a dose de 4.000 g de Cu (cobre inorg\u00e2nico)\/ha e ano.<br \/>\nTomar precau\u00e7\u00f5es devido \u00e0 fitotoxicidade do cobre, especialmente em zonas frias ou h\u00famidas.<br \/>\nh\u00famido, em algumas variedades de \u00e1rvores de fruto e outras culturas.<\/p>\n<h2><strong>DOSAGEM E M\u00c9TODO DE APLICA\u00c7\u00c3O BORDELAISE STOCK<\/strong><\/h2>\n<p>Para aplicar o produto, a dosagem de acordo com a cultura deve ler o seguinte documento: <a href=\"https:\/\/www.alquera.com\/pt\/?attachment_id=32795\" rel=\"attachment wp-att-32795\">MISTURA DE BORDEAUX DE DOSAGEM E APLICA\u00c7\u00c3O<\/a><\/p>","protected":false},"excerpt":{"rendered":"<p>Formato de 10Kg para Uso Profesional. Sulfato Cuproc\u00e1lcico 20% p\/p. El Caldo Bordel\u00e9s es un fungicida y bactericida c\u00faprico preventivo de amplio espectro. Azul. Tiene Certificado Ecol\u00f3gico CAAE CALDO BORDEL\u00c9S PARA CULTIVOS Adecuado para Cultivos: \u00a0Alcachofa, Almendro, Avellano, Berenjena, (aire libre), Berenjena (invernadero), Br\u00e9col, Bulbos hort\u00edcolas, C\u00edtricos, Coliflor, Cucurbit\u00e1ceas piel comestible, Cucurbit\u00e1ceas piel NO comestible, [&hellip;]<\/p>\n","protected":false},"featured_media":32799,"comment_status":"open","ping_status":"closed","template":"","meta":{"_acf_changed":false,"site-sidebar-layout":"default","site-content-layout":"default","ast-site-content-layout":"default","site-content-style":"default","site-sidebar-style":"default","ast-global-header-display":"","ast-banner-title-visibility":"","ast-main-header-display":"","ast-hfb-above-header-display":"","ast-hfb-below-header-display":"","ast-hfb-mobile-header-display":"","site-post-title":"","ast-breadcrumbs-content":"","ast-featured-img":"","footer-sml-layout":"","ast-disable-related-posts":"","theme-transparent-header-meta":"default","adv-header-id-meta":"","stick-header-meta":"default","header-above-stick-meta":"","header-main-stick-meta":"","header-below-stick-meta":"","astra-migrate-meta-layouts":"default","ast-page-background-enabled":"default","ast-page-background-meta":{"desktop":{"background-color":"var(--ast-global-color-4)","background-image":"","background-repeat":"repeat","background-position":"center center","background-size":"auto","background-attachment":"scroll","background-type":"","background-media":"","overlay-type":"","overlay-color":"","overlay-opacity":"","overlay-gradient":""},"tablet":{"background-color":"","background-image":"","background-repeat":"repeat","background-position":"center center","background-size":"auto","background-attachment":"scroll","background-type":"","background-media":"","overlay-type":"","overlay-color":"","overlay-opacity":"","overlay-gradient":""},"mobile":{"background-color":"","background-image":"","background-repeat":"repeat","background-position":"center center","background-size":"auto","background-attachment":"scroll","background-type":"","background-media":"","overlay-type":"","overlay-color":"","overlay-opacity":"","overlay-gradient":""}},"ast-content-background-meta":{"desktop":{"background-color":"var(--ast-global-color-5)","background-image":"","background-repeat":"repeat","background-position":"center center","background-size":"auto","background-attachment":"scroll","background-type":"","background-media":"","overlay-type":"","overlay-color":"","overlay-opacity":"","overlay-gradient":""},"tablet":{"background-color":"var(--ast-global-color-5)","background-image":"","background-repeat":"repeat","background-position":"center center","background-size":"auto","background-attachment":"scroll","background-type":"","background-media":"","overlay-type":"","overlay-color":"","overlay-opacity":"","overlay-gradient":""},"mobile":{"background-color":"var(--ast-global-color-5)","background-image":"","background-repeat":"repeat","background-position":"center center","background-size":"auto","background-attachment":"scroll","background-type":"","background-media":"","overlay-type":"","overlay-color":"","overlay-opacity":"","overlay-gradient":""}}},"product_brand":[],"product_cat":[213],"product_tag":[],"class_list":{"0":"post-32794","1":"product","2":"type-product","3":"status-publish","4":"has-post-thumbnail","6":"product_cat-agroquimicos","7":"pa_cantidad-500g","8":"pa_cantidad-10kg","9":"desktop-align-left","10":"tablet-align-left","11":"mobile-align-left","12":"ast-product-gallery-layout-horizontal-slider","13":"ast-product-gallery-with-no-image","14":"ast-magnify-disabled","15":"ast-product-single-variable","16":"ast-product-tabs-layout-horizontal","17":"ast-qv-on-image","19":"first","20":"instock","21":"taxable","22":"shipping-taxable","23":"purchasable","24":"product-type-variable","25":"has-default-attributes"},"acf":[],"yoast_head":"<!-- This site is optimized with the Yoast SEO Premium plugin v27.1 (Yoast SEO v27.1.1) - https:\/\/yoast.com\/product\/yoast-seo-premium-wordpress\/ -->\n<title>Comprar Caldo Bordel\u00e9s (Sulfato Cuproc\u00e1lcico 20% p\/p) - Alquera.com<\/title>\n<meta name=\"description\" content=\"Comprar Caldo Bordel\u00e9s, sulfato cuproc\u00e1lcico. Fungicida para pr\u00e1cticamente todo tipo de cultivos. Env\u00edos en 24\/48h.\" \/>\n<meta name=\"robots\" content=\"index, follow, max-snippet:-1, max-image-preview:large, max-video-preview:-1\" \/>\n<link rel=\"canonical\" href=\"https:\/\/www.alquera.com\/pt\/caldo-bordeles\/\" \/>\n<meta property=\"og:locale\" content=\"pt_PT\" \/>\n<meta property=\"og:type\" content=\"article\" \/>\n<meta property=\"og:title\" content=\"Caldo Bordel\u00e9s (Sulfato Cuproc\u00e1lcico 20% p\/p): Comprar Online - Alquera.com\" \/>\n<meta property=\"og:description\" content=\"Comprar Caldo Bordel\u00e9s, sulfato cuproc\u00e1lcico. Fungicida para pr\u00e1cticamente todo tipo de cultivos. Env\u00edos en 24\/48h.\" \/>\n<meta property=\"og:url\" content=\"https:\/\/www.alquera.com\/pt\/caldo-bordeles\/\" \/>\n<meta property=\"og:site_name\" content=\"Alquera.com\" \/>\n<meta property=\"article:publisher\" content=\"https:\/\/www.facebook.com\/alqueraciencia\" \/>\n<meta property=\"article:modified_time\" content=\"2026-02-23T16:11:36+00:00\" \/>\n<meta property=\"og:image\" content=\"https:\/\/www.alquera.com\/wp-content\/uploads\/2021\/02\/CALDO-BORDELES.png\" \/>\n\t<meta property=\"og:image:width\" content=\"624\" \/>\n\t<meta property=\"og:image:height\" content=\"624\" \/>\n\t<meta property=\"og:image:type\" content=\"image\/png\" \/>\n<meta name=\"twitter:card\" content=\"summary_large_image\" \/>\n<meta name=\"twitter:label1\" content=\"Disponibilidade\" \/>\n\t<meta name=\"twitter:data1\" content=\"Em stock\" \/>\n<script type=\"application\/ld+json\" class=\"yoast-schema-graph\">{\"@context\":\"https:\/\/schema.org\",\"@graph\":[{\"@type\":[\"WebPage\",\"ItemPage\"],\"@id\":\"https:\/\/www.alquera.com\/caldo-bordeles\/\",\"url\":\"https:\/\/www.alquera.com\/caldo-bordeles\/\",\"name\":\"Comprar Caldo Bordel\u00e9s (Sulfato Cuproc\u00e1lcico 20% p\/p) - Alquera.com\",\"isPartOf\":{\"@id\":\"https:\/\/www.alquera.com\/en\/#website\"},\"primaryImageOfPage\":{\"@id\":\"https:\/\/www.alquera.com\/caldo-bordeles\/#primaryimage\"},\"image\":{\"@id\":\"https:\/\/www.alquera.com\/caldo-bordeles\/#primaryimage\"},\"thumbnailUrl\":\"https:\/\/www.alquera.com\/wp-content\/uploads\/2021\/02\/CALDO-BORDELES.png\",\"datePublished\":\"2021-02-01T09:17:36+00:00\",\"dateModified\":\"2026-02-23T16:11:36+00:00\",\"description\":\"Comprar Caldo Bordel\u00e9s, sulfato cuproc\u00e1lcico. Fungicida para pr\u00e1cticamente todo tipo de cultivos. Env\u00edos en 24\/48h.\",\"breadcrumb\":{\"@id\":\"https:\/\/www.alquera.com\/caldo-bordeles\/#breadcrumb\"},\"inLanguage\":\"pt-PT\",\"potentialAction\":[{\"@type\":\"ReadAction\",\"target\":[\"https:\/\/www.alquera.com\/caldo-bordeles\/\"]}]},{\"@type\":\"ImageObject\",\"inLanguage\":\"pt-PT\",\"@id\":\"https:\/\/www.alquera.com\/caldo-bordeles\/#primaryimage\",\"url\":\"https:\/\/www.alquera.com\/wp-content\/uploads\/2021\/02\/CALDO-BORDELES.png\",\"contentUrl\":\"https:\/\/www.alquera.com\/wp-content\/uploads\/2021\/02\/CALDO-BORDELES.png\",\"width\":624,\"height\":624,\"caption\":\"CALDO BORDEL\u00c9S\"},{\"@type\":\"BreadcrumbList\",\"@id\":\"https:\/\/www.alquera.com\/caldo-bordeles\/#breadcrumb\",\"itemListElement\":[{\"@type\":\"ListItem\",\"position\":1,\"name\":\"Inicio\",\"item\":\"https:\/\/www.alquera.com\/\"},{\"@type\":\"ListItem\",\"position\":2,\"name\":\"Alquera.com: Tienda Online de Productos Qu\u00edmicos y Material de Laboratorio\",\"item\":\"https:\/\/www.alquera.com\/en\/tienda\/\"},{\"@type\":\"ListItem\",\"position\":3,\"name\":\"Caldo Bordel\u00e9s (Sulfato Cuproc\u00e1lcico 20% p\/p)\"}]},{\"@type\":\"WebSite\",\"@id\":\"https:\/\/www.alquera.com\/en\/#website\",\"url\":\"https:\/\/www.alquera.com\/en\/\",\"name\":\"Alquera.com\",\"description\":\"Tienda Online Productos Qu\u00edmicos y Material de Laboratorio\",\"publisher\":{\"@id\":\"https:\/\/www.alquera.com\/en\/#organization\"},\"potentialAction\":[{\"@type\":\"SearchAction\",\"target\":{\"@type\":\"EntryPoint\",\"urlTemplate\":\"https:\/\/www.alquera.com\/en\/?s={search_term_string}\"},\"query-input\":{\"@type\":\"PropertyValueSpecification\",\"valueRequired\":true,\"valueName\":\"search_term_string\"}}],\"inLanguage\":\"pt-PT\"},{\"@type\":\"Organization\",\"@id\":\"https:\/\/www.alquera.com\/en\/#organization\",\"name\":\"ALQUERA CIENCIA SL\",\"url\":\"https:\/\/www.alquera.com\/en\/\",\"logo\":{\"@type\":\"ImageObject\",\"inLanguage\":\"pt-PT\",\"@id\":\"https:\/\/www.alquera.com\/en\/#\/schema\/logo\/image\/\",\"url\":\"https:\/\/www.alquera.com\/wp-content\/uploads\/2020\/11\/logo_300_ancho.png\",\"contentUrl\":\"https:\/\/www.alquera.com\/wp-content\/uploads\/2020\/11\/logo_300_ancho.png\",\"width\":300,\"height\":86,\"caption\":\"ALQUERA CIENCIA SL\"},\"image\":{\"@id\":\"https:\/\/www.alquera.com\/en\/#\/schema\/logo\/image\/\"},\"sameAs\":[\"https:\/\/www.facebook.com\/alqueraciencia\",\"https:\/\/www.instagram.com\/alquera_ciencia\/\",\"https:\/\/www.youtube.com\/c\/alquera\"]}]}<\/script>\n<meta property=\"og:availability\" content=\"instock\" \/>\n<meta property=\"product:availability\" content=\"instock\" \/>\n<meta property=\"product:condition\" content=\"new\" \/>\n<!-- \/ Yoast SEO Premium plugin. -->","yoast_head_json":{"title":"Comprar caldo Bordelaise (Cuprocalcium Sulphate 20% c\/w) - Alquera.com","description":"Comprar Caldo Bordel\u00e9s, sulfato de cuprocalcio. Fungicida para praticamente todos os tipos de culturas. Embarca\u00e7\u00f5es em 24\/48h.","robots":{"index":"index","follow":"follow","max-snippet":"max-snippet:-1","max-image-preview":"max-image-preview:large","max-video-preview":"max-video-preview:-1"},"canonical":"https:\/\/www.alquera.com\/pt\/caldo-bordeles\/","og_locale":"pt_PT","og_type":"article","og_title":"Caldo Bordel\u00e9s (Sulfato Cuproc\u00e1lcico 20% p\/p): Comprar Online - Alquera.com","og_description":"Comprar Caldo Bordel\u00e9s, sulfato cuproc\u00e1lcico. Fungicida para pr\u00e1cticamente todo tipo de cultivos. Env\u00edos en 24\/48h.","og_url":"https:\/\/www.alquera.com\/pt\/caldo-bordeles\/","og_site_name":"Alquera.com","article_publisher":"https:\/\/www.facebook.com\/alqueraciencia","article_modified_time":"2026-02-23T16:11:36+00:00","og_image":[{"width":624,"height":624,"url":"https:\/\/www.alquera.com\/wp-content\/uploads\/2021\/02\/CALDO-BORDELES.png","type":"image\/png"}],"twitter_card":"summary_large_image","twitter_misc":{"Disponibilidade":"Em stock"},"schema":{"@context":"https:\/\/schema.org","@graph":[{"@type":["WebPage","ItemPage"],"@id":"https:\/\/www.alquera.com\/caldo-bordeles\/","url":"https:\/\/www.alquera.com\/caldo-bordeles\/","name":"Comprar caldo Bordelaise (Cuprocalcium Sulphate 20% c\/w) - Alquera.com","isPartOf":{"@id":"https:\/\/www.alquera.com\/en\/#website"},"primaryImageOfPage":{"@id":"https:\/\/www.alquera.com\/caldo-bordeles\/#primaryimage"},"image":{"@id":"https:\/\/www.alquera.com\/caldo-bordeles\/#primaryimage"},"thumbnailUrl":"https:\/\/www.alquera.com\/wp-content\/uploads\/2021\/02\/CALDO-BORDELES.png","datePublished":"2021-02-01T09:17:36+00:00","dateModified":"2026-02-23T16:11:36+00:00","description":"Comprar Caldo Bordel\u00e9s, sulfato de cuprocalcio. Fungicida para praticamente todos os tipos de culturas. Embarca\u00e7\u00f5es em 24\/48h.","breadcrumb":{"@id":"https:\/\/www.alquera.com\/caldo-bordeles\/#breadcrumb"},"inLanguage":"pt-PT","potentialAction":[{"@type":"ReadAction","target":["https:\/\/www.alquera.com\/caldo-bordeles\/"]}]},{"@type":"ImageObject","inLanguage":"pt-PT","@id":"https:\/\/www.alquera.com\/caldo-bordeles\/#primaryimage","url":"https:\/\/www.alquera.com\/wp-content\/uploads\/2021\/02\/CALDO-BORDELES.png","contentUrl":"https:\/\/www.alquera.com\/wp-content\/uploads\/2021\/02\/CALDO-BORDELES.png","width":624,"height":624,"caption":"CALDO BORDEL\u00c9S"},{"@type":"BreadcrumbList","@id":"https:\/\/www.alquera.com\/caldo-bordeles\/#breadcrumb","itemListElement":[{"@type":"ListItem","position":1,"name":"Inicio","item":"https:\/\/www.alquera.com\/"},{"@type":"ListItem","position":2,"name":"Alquera.com: Tienda Online de Productos Qu\u00edmicos y Material de Laboratorio","item":"https:\/\/www.alquera.com\/en\/tienda\/"},{"@type":"ListItem","position":3,"name":"Caldo Bordel\u00e9s (Sulfato Cuproc\u00e1lcico 20% p\/p)"}]},{"@type":"WebSite","@id":"https:\/\/www.alquera.com\/en\/#website","url":"https:\/\/www.alquera.com\/en\/","name":"Alquera.com","description":"Loja on-line de produtos qu\u00edmicos e equipamento de laborat\u00f3rio","publisher":{"@id":"https:\/\/www.alquera.com\/en\/#organization"},"potentialAction":[{"@type":"SearchAction","target":{"@type":"EntryPoint","urlTemplate":"https:\/\/www.alquera.com\/en\/?s={search_term_string}"},"query-input":{"@type":"PropertyValueSpecification","valueRequired":true,"valueName":"search_term_string"}}],"inLanguage":"pt-PT"},{"@type":"Organization","@id":"https:\/\/www.alquera.com\/en\/#organization","name":"ALQUERA CIENCIA SL","url":"https:\/\/www.alquera.com\/en\/","logo":{"@type":"ImageObject","inLanguage":"pt-PT","@id":"https:\/\/www.alquera.com\/en\/#\/schema\/logo\/image\/","url":"https:\/\/www.alquera.com\/wp-content\/uploads\/2020\/11\/logo_300_ancho.png","contentUrl":"https:\/\/www.alquera.com\/wp-content\/uploads\/2020\/11\/logo_300_ancho.png","width":300,"height":86,"caption":"ALQUERA CIENCIA SL"},"image":{"@id":"https:\/\/www.alquera.com\/en\/#\/schema\/logo\/image\/"},"sameAs":["https:\/\/www.facebook.com\/alqueraciencia","https:\/\/www.instagram.com\/alquera_ciencia\/","https:\/\/www.youtube.com\/c\/alquera"]}]},"og_availability":"instock","product_availability":"instock","product_condition":"new"},"_links":{"self":[{"href":"https:\/\/www.alquera.com\/pt\/wp-json\/wp\/v2\/product\/32794","targetHints":{"allow":["GET"]}}],"collection":[{"href":"https:\/\/www.alquera.com\/pt\/wp-json\/wp\/v2\/product"}],"about":[{"href":"https:\/\/www.alquera.com\/pt\/wp-json\/wp\/v2\/types\/product"}],"replies":[{"embeddable":true,"href":"https:\/\/www.alquera.com\/pt\/wp-json\/wp\/v2\/comments?post=32794"}],"wp:featuredmedia":[{"embeddable":true,"href":"https:\/\/www.alquera.com\/pt\/wp-json\/wp\/v2\/media\/32799"}],"wp:attachment":[{"href":"https:\/\/www.alquera.com\/pt\/wp-json\/wp\/v2\/media?parent=32794"}],"wp:term":[{"taxonomy":"product_brand","embeddable":true,"href":"https:\/\/www.alquera.com\/pt\/wp-json\/wp\/v2\/product_brand?post=32794"},{"taxonomy":"product_cat","embeddable":true,"href":"https:\/\/www.alquera.com\/pt\/wp-json\/wp\/v2\/product_cat?post=32794"},{"taxonomy":"product_tag","embeddable":true,"href":"https:\/\/www.alquera.com\/pt\/wp-json\/wp\/v2\/product_tag?post=32794"}],"curies":[{"name":"wp","href":"https:\/\/api.w.org\/{rel}","templated":true}]}}