{"id":32849,"date":"2021-02-05T11:03:03","date_gmt":"2021-02-05T11:03:03","guid":{"rendered":"https:\/\/www.alquera.com\/?post_type=product&#038;p=32849"},"modified":"2026-02-23T16:11:51","modified_gmt":"2026-02-23T16:11:51","slug":"abono-ecologico-nkp","status":"publish","type":"product","link":"https:\/\/www.alquera.com\/pt\/abono-ecologico-nkp\/","title":{"rendered":"Fertilizante Org\u00e2nico NPK"},"content":{"rendered":"<p><strong>Comprar adubo org\u00e2nico NPK<\/strong> de origem animal e vegetal com ferro (Fe). \u00c9 certificado org\u00e2nico. Este produto \u00e9 totalmente natural, organo-biol\u00f3gico. \u00c9 feito a partir da melhor selec\u00e7\u00e3o de estrume tratado com microrganismos de interesse agron\u00f3mico e enriquecido com microelementos.<\/p>\n<p>N\u00e3o cont\u00e9m pedras, sementes de ervas daninhas ou fungos fitopatog\u00e9nicos, elementos normalmente presentes nos estrumes tradicionais. Registado na Agricultura Biol\u00f3gica (SOHICERT).<\/p>\n<h2>DOSEAMENTO E MODO DE UTILIZA\u00c7\u00c3O<\/h2>\n<p>\u00c9 adequado para todos os tipos de culturas. \u00c9 aplicado manualmente ou com fertilizantes convencionais no solo entre 2 e 20 cm e utilizando doses que variam entre 2.500 e 5.000 kg\/ha, dependendo do tipo de solo e da cultura. Deve ser utilizado preferencialmente como prepara\u00e7\u00e3o do solo para todos os tipos de culturas.<\/p>\n<h2>CONTE\u00daDO DECLARADO<\/h2>\n<table id=\"table9\" border=\"0\" cellspacing=\"0\" cellpadding=\"5\">\n<tbody>\n<tr>\n<td colspan=\"2\" align=\"center\">\n<table id=\"table1\" border=\"0\" cellspacing=\"0\" cellpadding=\"4\">\n<tbody>\n<tr>\n<td><\/td>\n<td align=\"right\"><strong>Pelota<\/strong><\/td>\n<\/tr>\n<tr>\n<td><\/td>\n<td align=\"right\"><strong>% p\/p<\/strong><\/td>\n<\/tr>\n<tr>\n<td align=\"right\">Azoto total (N)<\/td>\n<td align=\"right\">3,0<\/td>\n<\/tr>\n<tr>\n<td align=\"right\">Azoto org\u00e2nico (N)<\/td>\n<td align=\"right\">2,5<\/td>\n<\/tr>\n<tr>\n<td align=\"right\">F\u00f3sforo pentoxido (P2O5) sol\u00favel em \u00e1gua<\/td>\n<td align=\"right\">3,0<\/td>\n<\/tr>\n<tr>\n<td align=\"right\">\u00d3xido de pot\u00e1ssio (K2O) sol\u00favel em \u00e1gua<\/td>\n<td align=\"right\">1,0<\/td>\n<\/tr>\n<tr>\n<td align=\"right\">Ferro total (Fe)<\/td>\n<td align=\"right\">1,5<\/td>\n<\/tr>\n<tr>\n<td align=\"right\">Carbono org\u00e2nico (C2O)<\/td>\n<td align=\"right\">28,5<\/td>\n<\/tr>\n<tr>\n<td align=\"right\">Conte\u00fado em mat\u00e9ria org\u00e2nica (s.m.s.)<\/td>\n<td align=\"right\">70,0<\/td>\n<\/tr>\n<tr>\n<td align=\"right\">\u00c1cidos h\u00famicos<\/td>\n<td align=\"right\">6,0<\/td>\n<\/tr>\n<tr>\n<td align=\"right\">Rela\u00e7\u00e3o C\/N<\/td>\n<td align=\"right\">11,4<\/td>\n<\/tr>\n<tr>\n<td align=\"right\">Humidade<\/td>\n<td align=\"right\">10-14<\/td>\n<\/tr>\n<tr>\n<td align=\"right\">pH<\/td>\n<td align=\"right\">6<\/td>\n<\/tr>\n<\/tbody>\n<\/table>\n<\/td>\n<\/tr>\n<tr>\n<td colspan=\"2\">\n<h2>PRECAU\u00c7\u00d5ES<\/h2>\n<p align=\"justify\">N\u00e3o misturar com nitratos. Fertilizante de origem biol\u00f3gica: N\u00e3o ser\u00e1 permitido o pastoreio de animais de explora\u00e7\u00e3o durante pelo menos 21 dias ap\u00f3s a aplica\u00e7\u00e3o.<\/p>\n<\/td>\n<\/tr>\n<\/tbody>\n<\/table>","protected":false},"excerpt":{"rendered":"<p>Comprar Abono org\u00e1nico NPK de origen animal y vegetal con hierro (Fe). Tiene certificado ecol\u00f3gico. Este producto es totalmente natural, organo-biol\u00f3gico. Est\u00e1 fabricado con la mejor selecci\u00f3n de esti\u00e9rcol tratado con microorganismos de inter\u00e9s agron\u00f3mico y enriquecido con microelementos. No contiene piedras, ni semillas de malas hierbas, ni hongos fito pat\u00f3genos, elementos presentes por lo [&hellip;]<\/p>\n","protected":false},"featured_media":32853,"comment_status":"open","ping_status":"closed","template":"","meta":{"_acf_changed":false,"site-sidebar-layout":"default","site-content-layout":"default","ast-site-content-layout":"default","site-content-style":"default","site-sidebar-style":"default","ast-global-header-display":"","ast-banner-title-visibility":"","ast-main-header-display":"","ast-hfb-above-header-display":"","ast-hfb-below-header-display":"","ast-hfb-mobile-header-display":"","site-post-title":"","ast-breadcrumbs-content":"","ast-featured-img":"","footer-sml-layout":"","ast-disable-related-posts":"","theme-transparent-header-meta":"default","adv-header-id-meta":"","stick-header-meta":"default","header-above-stick-meta":"","header-main-stick-meta":"","header-below-stick-meta":"","astra-migrate-meta-layouts":"set","ast-page-background-enabled":"default","ast-page-background-meta":{"desktop":{"background-color":"var(--ast-global-color-4)","background-image":"","background-repeat":"repeat","background-position":"center center","background-size":"auto","background-attachment":"scroll","background-type":"","background-media":"","overlay-type":"","overlay-color":"","overlay-opacity":"","overlay-gradient":""},"tablet":{"background-color":"","background-image":"","background-repeat":"repeat","background-position":"center center","background-size":"auto","background-attachment":"scroll","background-type":"","background-media":"","overlay-type":"","overlay-color":"","overlay-opacity":"","overlay-gradient":""},"mobile":{"background-color":"","background-image":"","background-repeat":"repeat","background-position":"center center","background-size":"auto","background-attachment":"scroll","background-type":"","background-media":"","overlay-type":"","overlay-color":"","overlay-opacity":"","overlay-gradient":""}},"ast-content-background-meta":{"desktop":{"background-color":"var(--ast-global-color-5)","background-image":"","background-repeat":"repeat","background-position":"center center","background-size":"auto","background-attachment":"scroll","background-type":"","background-media":"","overlay-type":"","overlay-color":"","overlay-opacity":"","overlay-gradient":""},"tablet":{"background-color":"var(--ast-global-color-5)","background-image":"","background-repeat":"repeat","background-position":"center center","background-size":"auto","background-attachment":"scroll","background-type":"","background-media":"","overlay-type":"","overlay-color":"","overlay-opacity":"","overlay-gradient":""},"mobile":{"background-color":"var(--ast-global-color-5)","background-image":"","background-repeat":"repeat","background-position":"center center","background-size":"auto","background-attachment":"scroll","background-type":"","background-media":"","overlay-type":"","overlay-color":"","overlay-opacity":"","overlay-gradient":""}}},"product_brand":[],"product_cat":[213],"product_tag":[],"class_list":{"0":"post-32849","1":"product","2":"type-product","3":"status-publish","4":"has-post-thumbnail","6":"product_cat-agroquimicos","7":"pa_cantidad-30kg","8":"pa_cantidad-5kg","9":"desktop-align-left","10":"tablet-align-left","11":"mobile-align-left","12":"ast-product-gallery-layout-horizontal-slider","13":"ast-magnify-disabled","14":"ast-product-single-variable","15":"ast-product-tabs-layout-horizontal","16":"ast-qv-on-image","18":"first","19":"instock","20":"taxable","21":"shipping-taxable","22":"purchasable","23":"product-type-variable","24":"has-default-attributes"},"acf":[],"yoast_head":"<!-- This site is optimized with the Yoast SEO Premium plugin v27.1 (Yoast SEO v27.1.1) - https:\/\/yoast.com\/product\/yoast-seo-premium-wordpress\/ -->\n<title>Abono Ecol\u00f3gico NPK: Comprar Online - Alquera.com<\/title>\n<meta name=\"description\" content=\"ENV\u00cdOS EN 24\/48H. Comprar Abono Ec\u00f3logico. de origen animal y vegetal con hierro (Fe). Tiene certificado ecol\u00f3gico. Producto natural.\" \/>\n<meta name=\"robots\" content=\"index, follow, max-snippet:-1, max-image-preview:large, max-video-preview:-1\" \/>\n<link rel=\"canonical\" href=\"https:\/\/www.alquera.com\/pt\/abono-ecologico-nkp\/\" \/>\n<meta property=\"og:locale\" content=\"pt_PT\" \/>\n<meta property=\"og:type\" content=\"article\" \/>\n<meta property=\"og:title\" content=\"Abono Ecol\u00f3gico NPK: Comprar Online - Alquera.com\" \/>\n<meta property=\"og:description\" content=\"ENV\u00cdOS EN 24\/48H. Comprar Abono Ec\u00f3logico. de origen animal y vegetal con hierro (Fe). Tiene certificado ecol\u00f3gico. Producto natural.\" \/>\n<meta property=\"og:url\" content=\"https:\/\/www.alquera.com\/pt\/abono-ecologico-nkp\/\" \/>\n<meta property=\"og:site_name\" content=\"Alquera.com\" \/>\n<meta property=\"article:publisher\" content=\"https:\/\/www.facebook.com\/alqueraciencia\" \/>\n<meta property=\"article:modified_time\" content=\"2026-02-23T16:11:51+00:00\" \/>\n<meta property=\"og:image\" content=\"https:\/\/www.alquera.com\/wp-content\/uploads\/2021\/02\/ABONO-ECOLOGICO-NKP-scaled.jpg\" \/>\n\t<meta property=\"og:image:width\" content=\"800\" \/>\n\t<meta property=\"og:image:height\" content=\"800\" \/>\n\t<meta property=\"og:image:type\" content=\"image\/jpeg\" \/>\n<meta name=\"twitter:card\" content=\"summary_large_image\" \/>\n<meta name=\"twitter:label1\" content=\"Disponibilidade\" \/>\n\t<meta name=\"twitter:data1\" content=\"Em stock\" \/>\n<script type=\"application\/ld+json\" class=\"yoast-schema-graph\">{\"@context\":\"https:\/\/schema.org\",\"@graph\":[{\"@type\":[\"WebPage\",\"ItemPage\"],\"@id\":\"https:\/\/www.alquera.com\/abono-ecologico-nkp\/\",\"url\":\"https:\/\/www.alquera.com\/abono-ecologico-nkp\/\",\"name\":\"Abono Ecol\u00f3gico NPK: Comprar Online - Alquera.com\",\"isPartOf\":{\"@id\":\"https:\/\/www.alquera.com\/en\/#website\"},\"primaryImageOfPage\":{\"@id\":\"https:\/\/www.alquera.com\/abono-ecologico-nkp\/#primaryimage\"},\"image\":{\"@id\":\"https:\/\/www.alquera.com\/abono-ecologico-nkp\/#primaryimage\"},\"thumbnailUrl\":\"https:\/\/www.alquera.com\/wp-content\/uploads\/2021\/02\/ABONO-ECOLOGICO-NKP-scaled.jpg\",\"datePublished\":\"2021-02-05T11:03:03+00:00\",\"dateModified\":\"2026-02-23T16:11:51+00:00\",\"description\":\"ENV\u00cdOS EN 24\/48H. Comprar Abono Ec\u00f3logico. de origen animal y vegetal con hierro (Fe). Tiene certificado ecol\u00f3gico. Producto natural.\",\"breadcrumb\":{\"@id\":\"https:\/\/www.alquera.com\/abono-ecologico-nkp\/#breadcrumb\"},\"inLanguage\":\"pt-PT\",\"potentialAction\":[{\"@type\":\"ReadAction\",\"target\":[\"https:\/\/www.alquera.com\/abono-ecologico-nkp\/\"]}]},{\"@type\":\"ImageObject\",\"inLanguage\":\"pt-PT\",\"@id\":\"https:\/\/www.alquera.com\/abono-ecologico-nkp\/#primaryimage\",\"url\":\"https:\/\/www.alquera.com\/wp-content\/uploads\/2021\/02\/ABONO-ECOLOGICO-NKP-scaled.jpg\",\"contentUrl\":\"https:\/\/www.alquera.com\/wp-content\/uploads\/2021\/02\/ABONO-ECOLOGICO-NKP-scaled.jpg\",\"width\":800,\"height\":800,\"caption\":\"ABONO ECOLOGICO NKP\"},{\"@type\":\"BreadcrumbList\",\"@id\":\"https:\/\/www.alquera.com\/abono-ecologico-nkp\/#breadcrumb\",\"itemListElement\":[{\"@type\":\"ListItem\",\"position\":1,\"name\":\"Inicio\",\"item\":\"https:\/\/www.alquera.com\/\"},{\"@type\":\"ListItem\",\"position\":2,\"name\":\"Alquera.com: Tienda Online de Productos Qu\u00edmicos y Material de Laboratorio\",\"item\":\"https:\/\/www.alquera.com\/en\/tienda\/\"},{\"@type\":\"ListItem\",\"position\":3,\"name\":\"Abono Ecol\u00f3gico NPK\"}]},{\"@type\":\"WebSite\",\"@id\":\"https:\/\/www.alquera.com\/en\/#website\",\"url\":\"https:\/\/www.alquera.com\/en\/\",\"name\":\"Alquera.com\",\"description\":\"Tienda Online Productos Qu\u00edmicos y Material de Laboratorio\",\"publisher\":{\"@id\":\"https:\/\/www.alquera.com\/en\/#organization\"},\"potentialAction\":[{\"@type\":\"SearchAction\",\"target\":{\"@type\":\"EntryPoint\",\"urlTemplate\":\"https:\/\/www.alquera.com\/en\/?s={search_term_string}\"},\"query-input\":{\"@type\":\"PropertyValueSpecification\",\"valueRequired\":true,\"valueName\":\"search_term_string\"}}],\"inLanguage\":\"pt-PT\"},{\"@type\":\"Organization\",\"@id\":\"https:\/\/www.alquera.com\/en\/#organization\",\"name\":\"ALQUERA CIENCIA SL\",\"url\":\"https:\/\/www.alquera.com\/en\/\",\"logo\":{\"@type\":\"ImageObject\",\"inLanguage\":\"pt-PT\",\"@id\":\"https:\/\/www.alquera.com\/en\/#\/schema\/logo\/image\/\",\"url\":\"https:\/\/www.alquera.com\/wp-content\/uploads\/2020\/11\/logo_300_ancho.png\",\"contentUrl\":\"https:\/\/www.alquera.com\/wp-content\/uploads\/2020\/11\/logo_300_ancho.png\",\"width\":300,\"height\":86,\"caption\":\"ALQUERA CIENCIA SL\"},\"image\":{\"@id\":\"https:\/\/www.alquera.com\/en\/#\/schema\/logo\/image\/\"},\"sameAs\":[\"https:\/\/www.facebook.com\/alqueraciencia\",\"https:\/\/www.instagram.com\/alquera_ciencia\/\",\"https:\/\/www.youtube.com\/c\/alquera\"]}]}<\/script>\n<meta property=\"og:availability\" content=\"instock\" \/>\n<meta property=\"product:availability\" content=\"instock\" \/>\n<meta property=\"product:condition\" content=\"new\" \/>\n<!-- \/ Yoast SEO Premium plugin. -->","yoast_head_json":{"title":"Fertilizante Org\u00e2nico NPK: Comprar Online - Alquera.com","description":"ENVIOS EM 24\/48H. Comprar Fertilizante Ecol\u00f3gico. de origem animal e vegetal com ferro (Fe). Org\u00e2nico certificado. Produto natural.","robots":{"index":"index","follow":"follow","max-snippet":"max-snippet:-1","max-image-preview":"max-image-preview:large","max-video-preview":"max-video-preview:-1"},"canonical":"https:\/\/www.alquera.com\/pt\/abono-ecologico-nkp\/","og_locale":"pt_PT","og_type":"article","og_title":"Abono Ecol\u00f3gico NPK: Comprar Online - Alquera.com","og_description":"ENV\u00cdOS EN 24\/48H. Comprar Abono Ec\u00f3logico. de origen animal y vegetal con hierro (Fe). Tiene certificado ecol\u00f3gico. Producto natural.","og_url":"https:\/\/www.alquera.com\/pt\/abono-ecologico-nkp\/","og_site_name":"Alquera.com","article_publisher":"https:\/\/www.facebook.com\/alqueraciencia","article_modified_time":"2026-02-23T16:11:51+00:00","og_image":[{"width":800,"height":800,"url":"https:\/\/www.alquera.com\/wp-content\/uploads\/2021\/02\/ABONO-ECOLOGICO-NKP-scaled.jpg","type":"image\/jpeg"}],"twitter_card":"summary_large_image","twitter_misc":{"Disponibilidade":"Em stock"},"schema":{"@context":"https:\/\/schema.org","@graph":[{"@type":["WebPage","ItemPage"],"@id":"https:\/\/www.alquera.com\/abono-ecologico-nkp\/","url":"https:\/\/www.alquera.com\/abono-ecologico-nkp\/","name":"Fertilizante Org\u00e2nico NPK: Comprar Online - Alquera.com","isPartOf":{"@id":"https:\/\/www.alquera.com\/en\/#website"},"primaryImageOfPage":{"@id":"https:\/\/www.alquera.com\/abono-ecologico-nkp\/#primaryimage"},"image":{"@id":"https:\/\/www.alquera.com\/abono-ecologico-nkp\/#primaryimage"},"thumbnailUrl":"https:\/\/www.alquera.com\/wp-content\/uploads\/2021\/02\/ABONO-ECOLOGICO-NKP-scaled.jpg","datePublished":"2021-02-05T11:03:03+00:00","dateModified":"2026-02-23T16:11:51+00:00","description":"ENVIOS EM 24\/48H. Comprar Fertilizante Ecol\u00f3gico. de origem animal e vegetal com ferro (Fe). Org\u00e2nico certificado. Produto natural.","breadcrumb":{"@id":"https:\/\/www.alquera.com\/abono-ecologico-nkp\/#breadcrumb"},"inLanguage":"pt-PT","potentialAction":[{"@type":"ReadAction","target":["https:\/\/www.alquera.com\/abono-ecologico-nkp\/"]}]},{"@type":"ImageObject","inLanguage":"pt-PT","@id":"https:\/\/www.alquera.com\/abono-ecologico-nkp\/#primaryimage","url":"https:\/\/www.alquera.com\/wp-content\/uploads\/2021\/02\/ABONO-ECOLOGICO-NKP-scaled.jpg","contentUrl":"https:\/\/www.alquera.com\/wp-content\/uploads\/2021\/02\/ABONO-ECOLOGICO-NKP-scaled.jpg","width":800,"height":800,"caption":"ABONO ECOLOGICO NKP"},{"@type":"BreadcrumbList","@id":"https:\/\/www.alquera.com\/abono-ecologico-nkp\/#breadcrumb","itemListElement":[{"@type":"ListItem","position":1,"name":"Inicio","item":"https:\/\/www.alquera.com\/"},{"@type":"ListItem","position":2,"name":"Alquera.com: Tienda Online de Productos Qu\u00edmicos y Material de Laboratorio","item":"https:\/\/www.alquera.com\/en\/tienda\/"},{"@type":"ListItem","position":3,"name":"Abono Ecol\u00f3gico NPK"}]},{"@type":"WebSite","@id":"https:\/\/www.alquera.com\/en\/#website","url":"https:\/\/www.alquera.com\/en\/","name":"Alquera.com","description":"Loja on-line de produtos qu\u00edmicos e equipamento de laborat\u00f3rio","publisher":{"@id":"https:\/\/www.alquera.com\/en\/#organization"},"potentialAction":[{"@type":"SearchAction","target":{"@type":"EntryPoint","urlTemplate":"https:\/\/www.alquera.com\/en\/?s={search_term_string}"},"query-input":{"@type":"PropertyValueSpecification","valueRequired":true,"valueName":"search_term_string"}}],"inLanguage":"pt-PT"},{"@type":"Organization","@id":"https:\/\/www.alquera.com\/en\/#organization","name":"ALQUERA CIENCIA SL","url":"https:\/\/www.alquera.com\/en\/","logo":{"@type":"ImageObject","inLanguage":"pt-PT","@id":"https:\/\/www.alquera.com\/en\/#\/schema\/logo\/image\/","url":"https:\/\/www.alquera.com\/wp-content\/uploads\/2020\/11\/logo_300_ancho.png","contentUrl":"https:\/\/www.alquera.com\/wp-content\/uploads\/2020\/11\/logo_300_ancho.png","width":300,"height":86,"caption":"ALQUERA CIENCIA SL"},"image":{"@id":"https:\/\/www.alquera.com\/en\/#\/schema\/logo\/image\/"},"sameAs":["https:\/\/www.facebook.com\/alqueraciencia","https:\/\/www.instagram.com\/alquera_ciencia\/","https:\/\/www.youtube.com\/c\/alquera"]}]},"og_availability":"instock","product_availability":"instock","product_condition":"new"},"_links":{"self":[{"href":"https:\/\/www.alquera.com\/pt\/wp-json\/wp\/v2\/product\/32849","targetHints":{"allow":["GET"]}}],"collection":[{"href":"https:\/\/www.alquera.com\/pt\/wp-json\/wp\/v2\/product"}],"about":[{"href":"https:\/\/www.alquera.com\/pt\/wp-json\/wp\/v2\/types\/product"}],"replies":[{"embeddable":true,"href":"https:\/\/www.alquera.com\/pt\/wp-json\/wp\/v2\/comments?post=32849"}],"wp:featuredmedia":[{"embeddable":true,"href":"https:\/\/www.alquera.com\/pt\/wp-json\/wp\/v2\/media\/32853"}],"wp:attachment":[{"href":"https:\/\/www.alquera.com\/pt\/wp-json\/wp\/v2\/media?parent=32849"}],"wp:term":[{"taxonomy":"product_brand","embeddable":true,"href":"https:\/\/www.alquera.com\/pt\/wp-json\/wp\/v2\/product_brand?post=32849"},{"taxonomy":"product_cat","embeddable":true,"href":"https:\/\/www.alquera.com\/pt\/wp-json\/wp\/v2\/product_cat?post=32849"},{"taxonomy":"product_tag","embeddable":true,"href":"https:\/\/www.alquera.com\/pt\/wp-json\/wp\/v2\/product_tag?post=32849"}],"curies":[{"name":"wp","href":"https:\/\/api.w.org\/{rel}","templated":true}]}}