{"id":33043,"date":"2021-02-23T12:05:29","date_gmt":"2021-02-23T12:05:29","guid":{"rendered":"https:\/\/www.alquera.com\/?post_type=product&#038;p=33043"},"modified":"2026-04-01T18:25:47","modified_gmt":"2026-04-01T18:25:47","slug":"fluoresceina-sodica-al-1","status":"publish","type":"product","link":"https:\/\/www.alquera.com\/pt\/fluoresceina-sodica-al-1\/","title":{"rendered":"Fluoresce\u00edna de S\u00f3dio 1%"},"content":{"rendered":"<p>Fluoresce\u00edna de S\u00f3dio em solu\u00e7\u00e3o aquosa 1%. Este formato permite um melhor manuseamento da fluoresce\u00edna, uma vez que est\u00e1 praticamente pronta a ser utilizada, uma vez que j\u00e1 est\u00e1 dissolvida.<\/p>\n<p>Se preferir a fluoresce\u00edna de s\u00f3dio em p\u00f3, pode encontr\u00e1-la aqui: <a href=\"https:\/\/www.alquera.com\/pt\/fluoresceina-sodica\/\">comprar fluoresce\u00edna de s\u00f3dio em p\u00f3<\/a>.<\/p>\n<h2>IDENTIFICA\u00c7\u00c3O E PROPRIEDADES<\/h2>\n<p><strong>1.1 Identificador do produto.<\/strong><\/p>\n<p>Nome do produto: <strong>FLUORESCE\u00cdNA DE S\u00d3DIO 1%<br \/>\n<\/strong><span style=\"font-size: 16px;\">C\u00f3digo do produto: ALQ0056<br \/>\n<\/span>Tipo de produto: Mistura. Categoria: Marcadores fluorescentes.<\/p>\n<p><strong>Aspecto:<br \/>\n<\/strong>Estado f\u00edsico (20\u00baC): l\u00edquido.<br \/>\nCor: castanho saturado (quando dilu\u00eddo, muda para o amarelo profundo carater\u00edstico da fluoresce\u00edna de s\u00f3dio dilu\u00edda)<br \/>\nOdor: inodoro.<br \/>\nLimiar olfativo: N\u00e3o relevante devido \u00e0 natureza do produto, n\u00e3o fornecendo informa\u00e7\u00f5es sobre os seus perigos.<\/p>\n<p><strong>Volatilidade:<br \/>\n<\/strong>Ponto inicial\/ponto de ebuli\u00e7\u00e3o\/intervalo de ebuli\u00e7\u00e3o: \u2265100 \u00baC, solu\u00e7\u00e3o aquosa (Estimativa baseada nas indica\u00e7\u00f5es e componentes do Regulamento (CE) n.\u00ba 1272\/2008).<\/p>\n<p><strong>Inflamabilidade:<\/strong><\/p>\n<p>Inflamabilidade: Este material \u00e9 combust\u00edvel, mas n\u00e3o \u00e9 facilmente inflam\u00e1vel.<br \/>\nPonto de inflama\u00e7\u00e3o: &gt;200 \u00b0C (m\u00e9todo de estimativa\/c\u00e1lculo (2.6.4.3)); fluoresce\u00edna 217,6 \u00b0C a 967,3 hPa (ECHA, m\u00e9todo do copo fechado, Pensky-Martens).<br \/>\nTemperatura de auto-inflamabilidade: A fluoresce\u00edna N.A. n\u00e3o \u00e9 auto-inflam\u00e1vel, decomp\u00f5e-se &gt;300\u00b0C (ECHA).<\/p>\n<p><strong>Carater\u00edsticas do produto:<\/strong><\/p>\n<p>Ponto de fus\u00e3o\/congela\u00e7\u00e3o: N.D. Como solu\u00e7\u00e3o aquosa, espera-se que congele \u22640\u00baC.<br \/>\nSolubilidade em \u00e1gua: sol\u00favel em \u00e1gua (solubilidade da fluoresce\u00edna em \u00e1gua &gt; 100 g\/l, 20 \u00b0C).<br \/>\nSolubilidade lip\u00eddica:N.D.<br \/>\nCoeficiente de parti\u00e7\u00e3o (n-octanol\/\u00e1gua) (valor logar\u00edtmico): N.A.; fluoresce\u00edna 0,34 (pH 7) (ECHA).<br \/>\nDensidade aparente: N.D.<br \/>\nDensidade relativa (\u00e1gua=1): 0,8-1,0 (estimativa baseada nos componentes).<\/p>\n<h2>1% DOSE DE FLUORESCE\u00cdNA DE S\u00d3DIO<\/h2>\n<p>A dose de fluoresce\u00edna ir\u00e1 variar muito dependendo da aplica\u00e7\u00e3o da fluoresce\u00edna.<\/p>\n<p>Se quiser colorir uma massa de \u00e1gua, 2 ml de Fluoresce\u00edna de S\u00f3dio 1% por litro de \u00e1gua ser\u00e3o suficientes. Se quiser detectar gotas individuais e diferenci\u00e1-las de gotas de \u00e1gua n\u00e3o coradas, recomendamos pelo menos 10ml da solu\u00e7\u00e3o por litro de \u00e1gua. A utiliza\u00e7\u00e3o de uma tocha ou luz UV ir\u00e1 ajud\u00e1-lo a detectar a fuga.<\/p>\n<p>&nbsp;<\/p>","protected":false},"excerpt":{"rendered":"<p>Comprar fluoresce\u00edna de s\u00f3dio dilu\u00edda em 1%. A fluoresce\u00edna de s\u00f3dio dilu\u00edda em 1% tem uma concentra\u00e7\u00e3o muito elevada, pelo que deve ser dilu\u00edda para ser utilizada. Como se pode ver na figura, 2 ml de fluoresce\u00edna 1% s\u00e3o suficientes para colorir 1 litro de \u00e1gua. Se desejar, tamb\u00e9m pode comprar <a href=\"https:\/\/www.alquera.com\/pt\/fluoresceina-sodica\/\">fluoresce\u00edna de s\u00f3dio em p\u00f3<\/a> e fazer voc\u00ea mesmo a pr\u00e9-solu\u00e7\u00e3o. A encomenda \u00e9 feita diretamente na Web, seguindo os passos indicados, e a entrega \u00e9 feita no prazo de 24\/48 horas.<\/p>","protected":false},"featured_media":33047,"comment_status":"open","ping_status":"closed","template":"","meta":{"_acf_changed":false,"site-sidebar-layout":"default","site-content-layout":"default","ast-site-content-layout":"default","site-content-style":"default","site-sidebar-style":"default","ast-global-header-display":"","ast-banner-title-visibility":"","ast-main-header-display":"","ast-hfb-above-header-display":"","ast-hfb-below-header-display":"","ast-hfb-mobile-header-display":"","site-post-title":"","ast-breadcrumbs-content":"","ast-featured-img":"","footer-sml-layout":"","ast-disable-related-posts":"","theme-transparent-header-meta":"default","adv-header-id-meta":"","stick-header-meta":"default","header-above-stick-meta":"","header-main-stick-meta":"","header-below-stick-meta":"","astra-migrate-meta-layouts":"set","ast-page-background-enabled":"default","ast-page-background-meta":{"desktop":{"background-color":"var(--ast-global-color-4)","background-image":"","background-repeat":"repeat","background-position":"center center","background-size":"auto","background-attachment":"scroll","background-type":"","background-media":"","overlay-type":"","overlay-color":"","overlay-opacity":"","overlay-gradient":""},"tablet":{"background-color":"","background-image":"","background-repeat":"repeat","background-position":"center center","background-size":"auto","background-attachment":"scroll","background-type":"","background-media":"","overlay-type":"","overlay-color":"","overlay-opacity":"","overlay-gradient":""},"mobile":{"background-color":"","background-image":"","background-repeat":"repeat","background-position":"center center","background-size":"auto","background-attachment":"scroll","background-type":"","background-media":"","overlay-type":"","overlay-color":"","overlay-opacity":"","overlay-gradient":""}},"ast-content-background-meta":{"desktop":{"background-color":"var(--ast-global-color-5)","background-image":"","background-repeat":"repeat","background-position":"center center","background-size":"auto","background-attachment":"scroll","background-type":"","background-media":"","overlay-type":"","overlay-color":"","overlay-opacity":"","overlay-gradient":""},"tablet":{"background-color":"var(--ast-global-color-5)","background-image":"","background-repeat":"repeat","background-position":"center center","background-size":"auto","background-attachment":"scroll","background-type":"","background-media":"","overlay-type":"","overlay-color":"","overlay-opacity":"","overlay-gradient":""},"mobile":{"background-color":"var(--ast-global-color-5)","background-image":"","background-repeat":"repeat","background-position":"center center","background-size":"auto","background-attachment":"scroll","background-type":"","background-media":"","overlay-type":"","overlay-color":"","overlay-opacity":"","overlay-gradient":""}}},"product_brand":[],"product_cat":[215],"product_tag":[],"class_list":{"0":"post-33043","1":"product","2":"type-product","3":"status-publish","4":"has-post-thumbnail","6":"product_cat-trazadores-fluorescentes","7":"pa_cantidad-125ml","8":"pa_cantidad-500ml","9":"desktop-align-left","10":"tablet-align-left","11":"mobile-align-left","12":"ast-product-gallery-layout-horizontal-slider","13":"ast-magnify-disabled","14":"ast-product-single-variable","15":"ast-product-tabs-layout-horizontal","16":"ast-qv-on-image","18":"first","19":"instock","20":"taxable","21":"shipping-taxable","22":"purchasable","23":"product-type-variable","24":"has-default-attributes"},"acf":[],"yoast_head":"<!-- This site is optimized with the Yoast SEO Premium plugin v27.1 (Yoast SEO v27.1.1) - https:\/\/yoast.com\/product\/yoast-seo-premium-wordpress\/ -->\n<title>Fluoresce\u00edna S\u00f3dica al 1%: Comprar Online - Alquera.com<\/title>\n<meta name=\"robots\" content=\"index, follow, max-snippet:-1, max-image-preview:large, max-video-preview:-1\" \/>\n<link rel=\"canonical\" href=\"https:\/\/www.alquera.com\/pt\/fluoresceina-sodica-al-1\/\" \/>\n<meta property=\"og:locale\" content=\"pt_PT\" \/>\n<meta property=\"og:type\" content=\"article\" \/>\n<meta property=\"og:title\" content=\"Fluoresce\u00edna S\u00f3dica al 1%: Comprar Online - Alquera.com\" \/>\n<meta property=\"og:description\" content=\"Comprar fluoresce\u00edna s\u00f3dica dilu\u00edda al 1%. La fluoresce\u00edna s\u00f3dica dilu\u00edda al 1% tiene una concentraci\u00f3n muy alta, de tal forma que debe ser as\u00ed mismo dilu\u00edda para utilizarse. Tal y como puedes ver en la imagen, 2ml de fluoresce\u00edna al 1% es suficiente para dar color a 1L de agua. Si lo deseas tambi\u00e9n puedes comprar fluoresce\u00edna s\u00f3dica en polvo y realizar tu mismo la predisoluci\u00f3n. El pedido se realiza directamente por la Web siguiendo los pasos que se indican, haci\u00e9ndose la entrega en 24\/48 horas.\" \/>\n<meta property=\"og:url\" content=\"https:\/\/www.alquera.com\/pt\/fluoresceina-sodica-al-1\/\" \/>\n<meta property=\"og:site_name\" content=\"Alquera.com\" \/>\n<meta property=\"article:publisher\" content=\"https:\/\/www.facebook.com\/alqueraciencia\" \/>\n<meta property=\"article:modified_time\" content=\"2026-04-01T18:25:47+00:00\" \/>\n<meta property=\"og:image\" content=\"https:\/\/www.alquera.com\/wp-content\/uploads\/2021\/02\/Fluoresceina-sodica-1_diluido-scaled.jpg\" \/>\n\t<meta property=\"og:image:width\" content=\"800\" \/>\n\t<meta property=\"og:image:height\" content=\"800\" \/>\n\t<meta property=\"og:image:type\" content=\"image\/jpeg\" \/>\n<meta name=\"twitter:card\" content=\"summary_large_image\" \/>\n<meta name=\"twitter:label1\" content=\"Disponibilidade\" \/>\n\t<meta name=\"twitter:data1\" content=\"Em stock\" \/>\n<script type=\"application\/ld+json\" class=\"yoast-schema-graph\">{\"@context\":\"https:\/\/schema.org\",\"@graph\":[{\"@type\":[\"WebPage\",\"ItemPage\"],\"@id\":\"https:\/\/www.alquera.com\/fluoresceina-sodica-al-1\/\",\"url\":\"https:\/\/www.alquera.com\/fluoresceina-sodica-al-1\/\",\"name\":\"Fluoresce\u00edna S\u00f3dica al 1%: Comprar Online - Alquera.com\",\"isPartOf\":{\"@id\":\"https:\/\/www.alquera.com\/en\/#website\"},\"primaryImageOfPage\":{\"@id\":\"https:\/\/www.alquera.com\/fluoresceina-sodica-al-1\/#primaryimage\"},\"image\":{\"@id\":\"https:\/\/www.alquera.com\/fluoresceina-sodica-al-1\/#primaryimage\"},\"thumbnailUrl\":\"https:\/\/www.alquera.com\/wp-content\/uploads\/2021\/02\/Fluoresceina-sodica-1_diluido-scaled.jpg\",\"datePublished\":\"2021-02-23T12:05:29+00:00\",\"dateModified\":\"2026-04-01T18:25:47+00:00\",\"breadcrumb\":{\"@id\":\"https:\/\/www.alquera.com\/fluoresceina-sodica-al-1\/#breadcrumb\"},\"inLanguage\":\"pt-PT\",\"potentialAction\":[{\"@type\":\"ReadAction\",\"target\":[\"https:\/\/www.alquera.com\/fluoresceina-sodica-al-1\/\"]}]},{\"@type\":\"ImageObject\",\"inLanguage\":\"pt-PT\",\"@id\":\"https:\/\/www.alquera.com\/fluoresceina-sodica-al-1\/#primaryimage\",\"url\":\"https:\/\/www.alquera.com\/wp-content\/uploads\/2021\/02\/Fluoresceina-sodica-1_diluido-scaled.jpg\",\"contentUrl\":\"https:\/\/www.alquera.com\/wp-content\/uploads\/2021\/02\/Fluoresceina-sodica-1_diluido-scaled.jpg\",\"width\":800,\"height\":800,\"caption\":\"Fluoresceina sodica 1%_diluido\"},{\"@type\":\"BreadcrumbList\",\"@id\":\"https:\/\/www.alquera.com\/fluoresceina-sodica-al-1\/#breadcrumb\",\"itemListElement\":[{\"@type\":\"ListItem\",\"position\":1,\"name\":\"Inicio\",\"item\":\"https:\/\/www.alquera.com\/\"},{\"@type\":\"ListItem\",\"position\":2,\"name\":\"Alquera.com: Tienda Online de Productos Qu\u00edmicos y Material de Laboratorio\",\"item\":\"https:\/\/www.alquera.com\/en\/tienda\/\"},{\"@type\":\"ListItem\",\"position\":3,\"name\":\"Fluoresce\u00edna S\u00f3dica al 1%\"}]},{\"@type\":\"WebSite\",\"@id\":\"https:\/\/www.alquera.com\/en\/#website\",\"url\":\"https:\/\/www.alquera.com\/en\/\",\"name\":\"Alquera.com\",\"description\":\"Tienda Online Productos Qu\u00edmicos y Material de Laboratorio\",\"publisher\":{\"@id\":\"https:\/\/www.alquera.com\/en\/#organization\"},\"potentialAction\":[{\"@type\":\"SearchAction\",\"target\":{\"@type\":\"EntryPoint\",\"urlTemplate\":\"https:\/\/www.alquera.com\/en\/?s={search_term_string}\"},\"query-input\":{\"@type\":\"PropertyValueSpecification\",\"valueRequired\":true,\"valueName\":\"search_term_string\"}}],\"inLanguage\":\"pt-PT\"},{\"@type\":\"Organization\",\"@id\":\"https:\/\/www.alquera.com\/en\/#organization\",\"name\":\"ALQUERA CIENCIA SL\",\"url\":\"https:\/\/www.alquera.com\/en\/\",\"logo\":{\"@type\":\"ImageObject\",\"inLanguage\":\"pt-PT\",\"@id\":\"https:\/\/www.alquera.com\/en\/#\/schema\/logo\/image\/\",\"url\":\"https:\/\/www.alquera.com\/wp-content\/uploads\/2020\/11\/logo_300_ancho.png\",\"contentUrl\":\"https:\/\/www.alquera.com\/wp-content\/uploads\/2020\/11\/logo_300_ancho.png\",\"width\":300,\"height\":86,\"caption\":\"ALQUERA CIENCIA SL\"},\"image\":{\"@id\":\"https:\/\/www.alquera.com\/en\/#\/schema\/logo\/image\/\"},\"sameAs\":[\"https:\/\/www.facebook.com\/alqueraciencia\",\"https:\/\/www.instagram.com\/alquera_ciencia\/\",\"https:\/\/www.youtube.com\/c\/alquera\"]}]}<\/script>\n<meta property=\"og:availability\" content=\"instock\" \/>\n<meta property=\"product:availability\" content=\"instock\" \/>\n<meta property=\"product:condition\" content=\"new\" \/>\n<!-- \/ Yoast SEO Premium plugin. -->","yoast_head_json":{"title":"Fluoresce\u00edna S\u00f3dica 1%: Comprar Online - Alquera.com","robots":{"index":"index","follow":"follow","max-snippet":"max-snippet:-1","max-image-preview":"max-image-preview:large","max-video-preview":"max-video-preview:-1"},"canonical":"https:\/\/www.alquera.com\/pt\/fluoresceina-sodica-al-1\/","og_locale":"pt_PT","og_type":"article","og_title":"Fluoresce\u00edna S\u00f3dica al 1%: Comprar Online - Alquera.com","og_description":"Comprar fluoresce\u00edna s\u00f3dica dilu\u00edda al 1%. La fluoresce\u00edna s\u00f3dica dilu\u00edda al 1% tiene una concentraci\u00f3n muy alta, de tal forma que debe ser as\u00ed mismo dilu\u00edda para utilizarse. Tal y como puedes ver en la imagen, 2ml de fluoresce\u00edna al 1% es suficiente para dar color a 1L de agua. Si lo deseas tambi\u00e9n puedes comprar fluoresce\u00edna s\u00f3dica en polvo y realizar tu mismo la predisoluci\u00f3n. El pedido se realiza directamente por la Web siguiendo los pasos que se indican, haci\u00e9ndose la entrega en 24\/48 horas.","og_url":"https:\/\/www.alquera.com\/pt\/fluoresceina-sodica-al-1\/","og_site_name":"Alquera.com","article_publisher":"https:\/\/www.facebook.com\/alqueraciencia","article_modified_time":"2026-04-01T18:25:47+00:00","og_image":[{"width":800,"height":800,"url":"https:\/\/www.alquera.com\/wp-content\/uploads\/2021\/02\/Fluoresceina-sodica-1_diluido-scaled.jpg","type":"image\/jpeg"}],"twitter_card":"summary_large_image","twitter_misc":{"Disponibilidade":"Em stock"},"schema":{"@context":"https:\/\/schema.org","@graph":[{"@type":["WebPage","ItemPage"],"@id":"https:\/\/www.alquera.com\/fluoresceina-sodica-al-1\/","url":"https:\/\/www.alquera.com\/fluoresceina-sodica-al-1\/","name":"Fluoresce\u00edna S\u00f3dica 1%: Comprar Online - Alquera.com","isPartOf":{"@id":"https:\/\/www.alquera.com\/en\/#website"},"primaryImageOfPage":{"@id":"https:\/\/www.alquera.com\/fluoresceina-sodica-al-1\/#primaryimage"},"image":{"@id":"https:\/\/www.alquera.com\/fluoresceina-sodica-al-1\/#primaryimage"},"thumbnailUrl":"https:\/\/www.alquera.com\/wp-content\/uploads\/2021\/02\/Fluoresceina-sodica-1_diluido-scaled.jpg","datePublished":"2021-02-23T12:05:29+00:00","dateModified":"2026-04-01T18:25:47+00:00","breadcrumb":{"@id":"https:\/\/www.alquera.com\/fluoresceina-sodica-al-1\/#breadcrumb"},"inLanguage":"pt-PT","potentialAction":[{"@type":"ReadAction","target":["https:\/\/www.alquera.com\/fluoresceina-sodica-al-1\/"]}]},{"@type":"ImageObject","inLanguage":"pt-PT","@id":"https:\/\/www.alquera.com\/fluoresceina-sodica-al-1\/#primaryimage","url":"https:\/\/www.alquera.com\/wp-content\/uploads\/2021\/02\/Fluoresceina-sodica-1_diluido-scaled.jpg","contentUrl":"https:\/\/www.alquera.com\/wp-content\/uploads\/2021\/02\/Fluoresceina-sodica-1_diluido-scaled.jpg","width":800,"height":800,"caption":"Fluoresceina sodica 1%_diluido"},{"@type":"BreadcrumbList","@id":"https:\/\/www.alquera.com\/fluoresceina-sodica-al-1\/#breadcrumb","itemListElement":[{"@type":"ListItem","position":1,"name":"Inicio","item":"https:\/\/www.alquera.com\/"},{"@type":"ListItem","position":2,"name":"Alquera.com: Tienda Online de Productos Qu\u00edmicos y Material de Laboratorio","item":"https:\/\/www.alquera.com\/en\/tienda\/"},{"@type":"ListItem","position":3,"name":"Fluoresce\u00edna S\u00f3dica al 1%"}]},{"@type":"WebSite","@id":"https:\/\/www.alquera.com\/en\/#website","url":"https:\/\/www.alquera.com\/en\/","name":"Alquera.com","description":"Loja on-line de produtos qu\u00edmicos e equipamento de laborat\u00f3rio","publisher":{"@id":"https:\/\/www.alquera.com\/en\/#organization"},"potentialAction":[{"@type":"SearchAction","target":{"@type":"EntryPoint","urlTemplate":"https:\/\/www.alquera.com\/en\/?s={search_term_string}"},"query-input":{"@type":"PropertyValueSpecification","valueRequired":true,"valueName":"search_term_string"}}],"inLanguage":"pt-PT"},{"@type":"Organization","@id":"https:\/\/www.alquera.com\/en\/#organization","name":"ALQUERA CIENCIA SL","url":"https:\/\/www.alquera.com\/en\/","logo":{"@type":"ImageObject","inLanguage":"pt-PT","@id":"https:\/\/www.alquera.com\/en\/#\/schema\/logo\/image\/","url":"https:\/\/www.alquera.com\/wp-content\/uploads\/2020\/11\/logo_300_ancho.png","contentUrl":"https:\/\/www.alquera.com\/wp-content\/uploads\/2020\/11\/logo_300_ancho.png","width":300,"height":86,"caption":"ALQUERA CIENCIA SL"},"image":{"@id":"https:\/\/www.alquera.com\/en\/#\/schema\/logo\/image\/"},"sameAs":["https:\/\/www.facebook.com\/alqueraciencia","https:\/\/www.instagram.com\/alquera_ciencia\/","https:\/\/www.youtube.com\/c\/alquera"]}]},"og_availability":"instock","product_availability":"instock","product_condition":"new"},"_links":{"self":[{"href":"https:\/\/www.alquera.com\/pt\/wp-json\/wp\/v2\/product\/33043","targetHints":{"allow":["GET"]}}],"collection":[{"href":"https:\/\/www.alquera.com\/pt\/wp-json\/wp\/v2\/product"}],"about":[{"href":"https:\/\/www.alquera.com\/pt\/wp-json\/wp\/v2\/types\/product"}],"replies":[{"embeddable":true,"href":"https:\/\/www.alquera.com\/pt\/wp-json\/wp\/v2\/comments?post=33043"}],"wp:featuredmedia":[{"embeddable":true,"href":"https:\/\/www.alquera.com\/pt\/wp-json\/wp\/v2\/media\/33047"}],"wp:attachment":[{"href":"https:\/\/www.alquera.com\/pt\/wp-json\/wp\/v2\/media?parent=33043"}],"wp:term":[{"taxonomy":"product_brand","embeddable":true,"href":"https:\/\/www.alquera.com\/pt\/wp-json\/wp\/v2\/product_brand?post=33043"},{"taxonomy":"product_cat","embeddable":true,"href":"https:\/\/www.alquera.com\/pt\/wp-json\/wp\/v2\/product_cat?post=33043"},{"taxonomy":"product_tag","embeddable":true,"href":"https:\/\/www.alquera.com\/pt\/wp-json\/wp\/v2\/product_tag?post=33043"}],"curies":[{"name":"wp","href":"https:\/\/api.w.org\/{rel}","templated":true}]}}