{"id":33222,"date":"2021-03-15T13:05:54","date_gmt":"2021-03-15T13:05:54","guid":{"rendered":"https:\/\/www.alquera.com\/?post_type=product&#038;p=33222"},"modified":"2026-03-23T11:23:00","modified_gmt":"2026-03-23T11:23:00","slug":"bisulfato-de-sodio","status":"publish","type":"product","link":"https:\/\/www.alquera.com\/pt\/bisulfato-de-sodio\/","title":{"rendered":"Bissulfato de S\u00f3dio"},"content":{"rendered":"<p>O bissulfato de s\u00f3dio \u00e9 um s\u00f3lido na forma de um p\u00f3 branco. O bissulfato de s\u00f3dio \u00e9 utilizado principalmente para acidificar solu\u00e7\u00f5es. \u00c9 tamb\u00e9m utilizado no tratamento de metais, como parte da solu\u00e7\u00e3o decapante, que \u00e9 utilizada para remover a camada de \u00f3xido que se forma quando a superf\u00edcie met\u00e1lica \u00e9 aquecida. Em piscinas \u00e9 utilizado para reduzir o pH da \u00e1gua (necess\u00e1rio para a efic\u00e1cia do cloro).  Aprovado pela AAFCO como um aditivo alimentar de uso geral. O bissulfato de s\u00f3dio gera \u00e1cido sulf\u00farico em solu\u00e7\u00e3o aquosa e, portanto, foi historicamente utilizado como um composto principal em alguns produtos de limpeza.<\/p>\n<h2>IDENTIFICA\u00c7\u00c3O E PROPRIEDADES<\/h2>\n<p><strong>Nome:<\/strong> Bissulfato de S\u00f3dio<br \/>\n<strong>Sin\u00f3nimos:<\/strong> Bissulfato de s\u00f3dio<br \/>\n<strong>CAS:<\/strong> 7681-38-1<br \/>\n<strong>CE:<\/strong> 231-665-7<\/p>\n<ul>\n<li>Aspecto (20\u00baC, 101,3 kPa): s\u00f3lido, sob a forma de contas ou p\u00f3 branco ou ligeiramente amarelado<\/li>\n<li>Odor: inodoro<\/li>\n<li>Limiar olfactivo: N\u00e3o h\u00e1 dados dispon\u00edveis<\/li>\n<li>pH (20\u00baC, 50 g\/l H2O): 1<\/li>\n<li>Ponto de fus\u00e3o: 179\u00baC<\/li>\n<li>Limites explosivos: N\u00e3o explosivos<\/li>\n<li>Densidade (20\u00baC): 2,44 g\/cm3<\/li>\n<li>Solubilidade em \u00e1gua (25\u00baC): 1050 g\/l<\/li>\n<li>Temperatura de decomposi\u00e7\u00e3o: 460\u00baC<\/li>\n<li>Propriedades explosivas: N\u00e3o explosivas<\/li>\n<li>Propriedades oxidantes: N\u00e3o-combustivo<\/li>\n<li>Densidade a granel: 1200-1500 g\/l<\/li>\n<\/ul>\n<h2>USES<\/h2>\n<ul>\n<li>Produ\u00e7\u00e3o de subst\u00e2ncias - Industrial<\/li>\n<li>Formula\u00e7\u00e3o de prepara\u00e7\u00f5es - Industrial<\/li>\n<li>Utiliza\u00e7\u00e3o de Agentes de Limpeza - Industrial \/ Profissional \/ Consumidor<\/li>\n<li>Produtos de tratamento de superf\u00edcies met\u00e1licas, incluindo produtos electrol\u00edticos e galv\u00e2nicos - Industrial<\/li>\n<li>Tratamento de \u00c1gua - Industrial \/ Profissional \/ Consumidor<\/li>\n<li>Alimenta\u00e7\u00e3o humana e animal - Industrial<\/li>\n<\/ul>","protected":false},"excerpt":{"rendered":"<p>Comprar bissulfato de s\u00f3dio em pequenas embalagens de 1kg a 25kg. O pre\u00e7o dos diferentes formatos de bissulfato de s\u00f3dio pode ser visto quando se selecciona o formato que se pretende. A encomenda \u00e9 feita directamente atrav\u00e9s da Web seguindo os passos indicados, e a entrega \u00e9 feita em 24\/48 horas.<\/p>","protected":false},"featured_media":57327,"comment_status":"open","ping_status":"closed","template":"","meta":{"_acf_changed":false,"site-sidebar-layout":"default","site-content-layout":"default","ast-site-content-layout":"default","site-content-style":"default","site-sidebar-style":"default","ast-global-header-display":"","ast-banner-title-visibility":"","ast-main-header-display":"","ast-hfb-above-header-display":"","ast-hfb-below-header-display":"","ast-hfb-mobile-header-display":"","site-post-title":"","ast-breadcrumbs-content":"","ast-featured-img":"","footer-sml-layout":"","ast-disable-related-posts":"","theme-transparent-header-meta":"default","adv-header-id-meta":"","stick-header-meta":"default","header-above-stick-meta":"","header-main-stick-meta":"","header-below-stick-meta":"","astra-migrate-meta-layouts":"set","ast-page-background-enabled":"default","ast-page-background-meta":{"desktop":{"background-color":"var(--ast-global-color-4)","background-image":"","background-repeat":"repeat","background-position":"center center","background-size":"auto","background-attachment":"scroll","background-type":"","background-media":"","overlay-type":"","overlay-color":"","overlay-opacity":"","overlay-gradient":""},"tablet":{"background-color":"","background-image":"","background-repeat":"repeat","background-position":"center center","background-size":"auto","background-attachment":"scroll","background-type":"","background-media":"","overlay-type":"","overlay-color":"","overlay-opacity":"","overlay-gradient":""},"mobile":{"background-color":"","background-image":"","background-repeat":"repeat","background-position":"center center","background-size":"auto","background-attachment":"scroll","background-type":"","background-media":"","overlay-type":"","overlay-color":"","overlay-opacity":"","overlay-gradient":""}},"ast-content-background-meta":{"desktop":{"background-color":"var(--ast-global-color-5)","background-image":"","background-repeat":"repeat","background-position":"center center","background-size":"auto","background-attachment":"scroll","background-type":"","background-media":"","overlay-type":"","overlay-color":"","overlay-opacity":"","overlay-gradient":""},"tablet":{"background-color":"var(--ast-global-color-5)","background-image":"","background-repeat":"repeat","background-position":"center center","background-size":"auto","background-attachment":"scroll","background-type":"","background-media":"","overlay-type":"","overlay-color":"","overlay-opacity":"","overlay-gradient":""},"mobile":{"background-color":"var(--ast-global-color-5)","background-image":"","background-repeat":"repeat","background-position":"center center","background-size":"auto","background-attachment":"scroll","background-type":"","background-media":"","overlay-type":"","overlay-color":"","overlay-opacity":"","overlay-gradient":""}}},"product_brand":[],"product_cat":[270,21],"product_tag":[],"class_list":{"0":"post-33222","1":"product","2":"type-product","3":"status-publish","4":"has-post-thumbnail","6":"product_cat-productos-piscinas","7":"product_cat-productos","8":"pa_cantidad-1kg","9":"pa_cantidad-5kg","10":"pa_cantidad-25kg","11":"desktop-align-left","12":"tablet-align-left","13":"mobile-align-left","14":"ast-product-gallery-layout-horizontal-slider","15":"ast-product-gallery-with-no-image","16":"ast-magnify-disabled","17":"ast-product-single-variable","18":"ast-product-tabs-layout-horizontal","19":"ast-qv-on-image","21":"first","22":"instock","23":"taxable","24":"shipping-taxable","25":"purchasable","26":"product-type-variable","27":"has-default-attributes"},"acf":[],"yoast_head":"<!-- This site is optimized with the Yoast SEO Premium plugin v27.1 (Yoast SEO v27.1.1) - https:\/\/yoast.com\/product\/yoast-seo-premium-wordpress\/ -->\n<title>Bisulfato de Sodio: Comprar Online - Alquera.com<\/title>\n<meta name=\"description\" content=\"Comprar Bisulfato de Sodio en Alquera. Producto utilizado para acidificaci\u00f3n, bajar pH, uso general alimenticio. ENV\u00cdOS EN 24\/48H\" \/>\n<meta name=\"robots\" content=\"index, follow, max-snippet:-1, max-image-preview:large, max-video-preview:-1\" \/>\n<link rel=\"canonical\" href=\"https:\/\/www.alquera.com\/pt\/bisulfato-de-sodio\/\" \/>\n<meta property=\"og:locale\" content=\"pt_PT\" \/>\n<meta property=\"og:type\" content=\"article\" \/>\n<meta property=\"og:title\" content=\"Bisulfato de Sodio: Comprar Online - Alquera.com\" \/>\n<meta property=\"og:description\" content=\"Comprar Bisulfato de Sodio en Alquera. Producto utilizado para acidificaci\u00f3n, bajar pH, uso general alimenticio. ENV\u00cdOS EN 24\/48H\" \/>\n<meta property=\"og:url\" content=\"https:\/\/www.alquera.com\/pt\/bisulfato-de-sodio\/\" \/>\n<meta property=\"og:site_name\" content=\"Alquera.com\" \/>\n<meta property=\"article:publisher\" content=\"https:\/\/www.facebook.com\/alqueraciencia\" \/>\n<meta property=\"article:modified_time\" content=\"2026-03-23T11:23:00+00:00\" \/>\n<meta property=\"og:image\" content=\"https:\/\/www.alquera.com\/wp-content\/uploads\/2021\/03\/BISULFATO-DE-SODIO-1KG-FOTO-936x1024.png\" \/>\n\t<meta property=\"og:image:width\" content=\"936\" \/>\n\t<meta property=\"og:image:height\" content=\"1024\" \/>\n\t<meta property=\"og:image:type\" content=\"image\/png\" \/>\n<meta name=\"twitter:card\" content=\"summary_large_image\" \/>\n<meta name=\"twitter:label1\" content=\"Disponibilidade\" \/>\n\t<meta name=\"twitter:data1\" content=\"Em stock\" \/>\n<script type=\"application\/ld+json\" class=\"yoast-schema-graph\">{\"@context\":\"https:\/\/schema.org\",\"@graph\":[{\"@type\":[\"WebPage\",\"ItemPage\"],\"@id\":\"https:\/\/www.alquera.com\/bisulfato-de-sodio\/\",\"url\":\"https:\/\/www.alquera.com\/bisulfato-de-sodio\/\",\"name\":\"Bisulfato de Sodio: Comprar Online - Alquera.com\",\"isPartOf\":{\"@id\":\"https:\/\/www.alquera.com\/en\/#website\"},\"primaryImageOfPage\":{\"@id\":\"https:\/\/www.alquera.com\/bisulfato-de-sodio\/#primaryimage\"},\"image\":{\"@id\":\"https:\/\/www.alquera.com\/bisulfato-de-sodio\/#primaryimage\"},\"thumbnailUrl\":\"https:\/\/www.alquera.com\/wp-content\/uploads\/2021\/03\/BISULFATO-DE-SODIO-1KG-FOTO-scaled.png\",\"datePublished\":\"2021-03-15T13:05:54+00:00\",\"dateModified\":\"2026-03-23T11:23:00+00:00\",\"description\":\"Comprar Bisulfato de Sodio en Alquera. Producto utilizado para acidificaci\u00f3n, bajar pH, uso general alimenticio. ENV\u00cdOS EN 24\/48H\",\"breadcrumb\":{\"@id\":\"https:\/\/www.alquera.com\/bisulfato-de-sodio\/#breadcrumb\"},\"inLanguage\":\"pt-PT\",\"potentialAction\":[{\"@type\":\"ReadAction\",\"target\":[\"https:\/\/www.alquera.com\/bisulfato-de-sodio\/\"]}]},{\"@type\":\"ImageObject\",\"inLanguage\":\"pt-PT\",\"@id\":\"https:\/\/www.alquera.com\/bisulfato-de-sodio\/#primaryimage\",\"url\":\"https:\/\/www.alquera.com\/wp-content\/uploads\/2021\/03\/BISULFATO-DE-SODIO-1KG-FOTO-scaled.png\",\"contentUrl\":\"https:\/\/www.alquera.com\/wp-content\/uploads\/2021\/03\/BISULFATO-DE-SODIO-1KG-FOTO-scaled.png\",\"width\":2340,\"height\":2560,\"caption\":\"Bisulfato de Sodio\"},{\"@type\":\"BreadcrumbList\",\"@id\":\"https:\/\/www.alquera.com\/bisulfato-de-sodio\/#breadcrumb\",\"itemListElement\":[{\"@type\":\"ListItem\",\"position\":1,\"name\":\"Inicio\",\"item\":\"https:\/\/www.alquera.com\/\"},{\"@type\":\"ListItem\",\"position\":2,\"name\":\"Alquera.com: Tienda Online de Productos Qu\u00edmicos y Material de Laboratorio\",\"item\":\"https:\/\/www.alquera.com\/en\/tienda\/\"},{\"@type\":\"ListItem\",\"position\":3,\"name\":\"Bisulfato de Sodio\"}]},{\"@type\":\"WebSite\",\"@id\":\"https:\/\/www.alquera.com\/en\/#website\",\"url\":\"https:\/\/www.alquera.com\/en\/\",\"name\":\"Alquera.com\",\"description\":\"Tienda Online Productos Qu\u00edmicos y Material de Laboratorio\",\"publisher\":{\"@id\":\"https:\/\/www.alquera.com\/en\/#organization\"},\"potentialAction\":[{\"@type\":\"SearchAction\",\"target\":{\"@type\":\"EntryPoint\",\"urlTemplate\":\"https:\/\/www.alquera.com\/en\/?s={search_term_string}\"},\"query-input\":{\"@type\":\"PropertyValueSpecification\",\"valueRequired\":true,\"valueName\":\"search_term_string\"}}],\"inLanguage\":\"pt-PT\"},{\"@type\":\"Organization\",\"@id\":\"https:\/\/www.alquera.com\/en\/#organization\",\"name\":\"ALQUERA CIENCIA SL\",\"url\":\"https:\/\/www.alquera.com\/en\/\",\"logo\":{\"@type\":\"ImageObject\",\"inLanguage\":\"pt-PT\",\"@id\":\"https:\/\/www.alquera.com\/en\/#\/schema\/logo\/image\/\",\"url\":\"https:\/\/www.alquera.com\/wp-content\/uploads\/2020\/11\/logo_300_ancho.png\",\"contentUrl\":\"https:\/\/www.alquera.com\/wp-content\/uploads\/2020\/11\/logo_300_ancho.png\",\"width\":300,\"height\":86,\"caption\":\"ALQUERA CIENCIA SL\"},\"image\":{\"@id\":\"https:\/\/www.alquera.com\/en\/#\/schema\/logo\/image\/\"},\"sameAs\":[\"https:\/\/www.facebook.com\/alqueraciencia\",\"https:\/\/www.instagram.com\/alquera_ciencia\/\",\"https:\/\/www.youtube.com\/c\/alquera\"]}]}<\/script>\n<meta property=\"og:availability\" content=\"instock\" \/>\n<meta property=\"product:availability\" content=\"instock\" \/>\n<meta property=\"product:condition\" content=\"new\" \/>\n<!-- \/ Yoast SEO Premium plugin. -->","yoast_head_json":{"title":"Bisulfato de s\u00f3dio: Comprar online - Alquera.com","description":"Comprar bissulfato de s\u00f3dio em Alquera. Produto utilizado para acidifica\u00e7\u00e3o, diminui\u00e7\u00e3o do pH, uso alimentar geral. ENVIOS EM 24\/48H","robots":{"index":"index","follow":"follow","max-snippet":"max-snippet:-1","max-image-preview":"max-image-preview:large","max-video-preview":"max-video-preview:-1"},"canonical":"https:\/\/www.alquera.com\/pt\/bisulfato-de-sodio\/","og_locale":"pt_PT","og_type":"article","og_title":"Bisulfato de Sodio: Comprar Online - Alquera.com","og_description":"Comprar Bisulfato de Sodio en Alquera. Producto utilizado para acidificaci\u00f3n, bajar pH, uso general alimenticio. ENV\u00cdOS EN 24\/48H","og_url":"https:\/\/www.alquera.com\/pt\/bisulfato-de-sodio\/","og_site_name":"Alquera.com","article_publisher":"https:\/\/www.facebook.com\/alqueraciencia","article_modified_time":"2026-03-23T11:23:00+00:00","og_image":[{"width":936,"height":1024,"url":"https:\/\/www.alquera.com\/wp-content\/uploads\/2021\/03\/BISULFATO-DE-SODIO-1KG-FOTO-936x1024.png","type":"image\/png"}],"twitter_card":"summary_large_image","twitter_misc":{"Disponibilidade":"Em stock"},"schema":{"@context":"https:\/\/schema.org","@graph":[{"@type":["WebPage","ItemPage"],"@id":"https:\/\/www.alquera.com\/bisulfato-de-sodio\/","url":"https:\/\/www.alquera.com\/bisulfato-de-sodio\/","name":"Bisulfato de s\u00f3dio: Comprar online - Alquera.com","isPartOf":{"@id":"https:\/\/www.alquera.com\/en\/#website"},"primaryImageOfPage":{"@id":"https:\/\/www.alquera.com\/bisulfato-de-sodio\/#primaryimage"},"image":{"@id":"https:\/\/www.alquera.com\/bisulfato-de-sodio\/#primaryimage"},"thumbnailUrl":"https:\/\/www.alquera.com\/wp-content\/uploads\/2021\/03\/BISULFATO-DE-SODIO-1KG-FOTO-scaled.png","datePublished":"2021-03-15T13:05:54+00:00","dateModified":"2026-03-23T11:23:00+00:00","description":"Comprar bissulfato de s\u00f3dio em Alquera. Produto utilizado para acidifica\u00e7\u00e3o, diminui\u00e7\u00e3o do pH, uso alimentar geral. ENVIOS EM 24\/48H","breadcrumb":{"@id":"https:\/\/www.alquera.com\/bisulfato-de-sodio\/#breadcrumb"},"inLanguage":"pt-PT","potentialAction":[{"@type":"ReadAction","target":["https:\/\/www.alquera.com\/bisulfato-de-sodio\/"]}]},{"@type":"ImageObject","inLanguage":"pt-PT","@id":"https:\/\/www.alquera.com\/bisulfato-de-sodio\/#primaryimage","url":"https:\/\/www.alquera.com\/wp-content\/uploads\/2021\/03\/BISULFATO-DE-SODIO-1KG-FOTO-scaled.png","contentUrl":"https:\/\/www.alquera.com\/wp-content\/uploads\/2021\/03\/BISULFATO-DE-SODIO-1KG-FOTO-scaled.png","width":2340,"height":2560,"caption":"Bisulfato de Sodio"},{"@type":"BreadcrumbList","@id":"https:\/\/www.alquera.com\/bisulfato-de-sodio\/#breadcrumb","itemListElement":[{"@type":"ListItem","position":1,"name":"Inicio","item":"https:\/\/www.alquera.com\/"},{"@type":"ListItem","position":2,"name":"Alquera.com: Tienda Online de Productos Qu\u00edmicos y Material de Laboratorio","item":"https:\/\/www.alquera.com\/en\/tienda\/"},{"@type":"ListItem","position":3,"name":"Bisulfato de Sodio"}]},{"@type":"WebSite","@id":"https:\/\/www.alquera.com\/en\/#website","url":"https:\/\/www.alquera.com\/en\/","name":"Alquera.com","description":"Loja on-line de produtos qu\u00edmicos e equipamento de laborat\u00f3rio","publisher":{"@id":"https:\/\/www.alquera.com\/en\/#organization"},"potentialAction":[{"@type":"SearchAction","target":{"@type":"EntryPoint","urlTemplate":"https:\/\/www.alquera.com\/en\/?s={search_term_string}"},"query-input":{"@type":"PropertyValueSpecification","valueRequired":true,"valueName":"search_term_string"}}],"inLanguage":"pt-PT"},{"@type":"Organization","@id":"https:\/\/www.alquera.com\/en\/#organization","name":"ALQUERA CIENCIA SL","url":"https:\/\/www.alquera.com\/en\/","logo":{"@type":"ImageObject","inLanguage":"pt-PT","@id":"https:\/\/www.alquera.com\/en\/#\/schema\/logo\/image\/","url":"https:\/\/www.alquera.com\/wp-content\/uploads\/2020\/11\/logo_300_ancho.png","contentUrl":"https:\/\/www.alquera.com\/wp-content\/uploads\/2020\/11\/logo_300_ancho.png","width":300,"height":86,"caption":"ALQUERA CIENCIA SL"},"image":{"@id":"https:\/\/www.alquera.com\/en\/#\/schema\/logo\/image\/"},"sameAs":["https:\/\/www.facebook.com\/alqueraciencia","https:\/\/www.instagram.com\/alquera_ciencia\/","https:\/\/www.youtube.com\/c\/alquera"]}]},"og_availability":"instock","product_availability":"instock","product_condition":"new"},"_links":{"self":[{"href":"https:\/\/www.alquera.com\/pt\/wp-json\/wp\/v2\/product\/33222","targetHints":{"allow":["GET"]}}],"collection":[{"href":"https:\/\/www.alquera.com\/pt\/wp-json\/wp\/v2\/product"}],"about":[{"href":"https:\/\/www.alquera.com\/pt\/wp-json\/wp\/v2\/types\/product"}],"replies":[{"embeddable":true,"href":"https:\/\/www.alquera.com\/pt\/wp-json\/wp\/v2\/comments?post=33222"}],"wp:featuredmedia":[{"embeddable":true,"href":"https:\/\/www.alquera.com\/pt\/wp-json\/wp\/v2\/media\/57327"}],"wp:attachment":[{"href":"https:\/\/www.alquera.com\/pt\/wp-json\/wp\/v2\/media?parent=33222"}],"wp:term":[{"taxonomy":"product_brand","embeddable":true,"href":"https:\/\/www.alquera.com\/pt\/wp-json\/wp\/v2\/product_brand?post=33222"},{"taxonomy":"product_cat","embeddable":true,"href":"https:\/\/www.alquera.com\/pt\/wp-json\/wp\/v2\/product_cat?post=33222"},{"taxonomy":"product_tag","embeddable":true,"href":"https:\/\/www.alquera.com\/pt\/wp-json\/wp\/v2\/product_tag?post=33222"}],"curies":[{"name":"wp","href":"https:\/\/api.w.org\/{rel}","templated":true}]}}