{"id":33449,"date":"2021-03-29T10:48:54","date_gmt":"2021-03-29T10:48:54","guid":{"rendered":"https:\/\/www.alquera.com\/?post_type=product&#038;p=33449"},"modified":"2026-03-02T15:13:07","modified_gmt":"2026-03-02T15:13:07","slug":"zeolita-natural","status":"publish","type":"product","link":"https:\/\/www.alquera.com\/pt\/zeolita-natural\/","title":{"rendered":"Ze\u00f3lito Natural"},"content":{"rendered":"<p>O ze\u00f3lito natural \u00e9 um mineral de origem vulc\u00e2nica, com uma capacidade de troca cati\u00f3nica muito elevada (260 meq\/gr), a mais elevada do mercado. \u00c9 capaz de reter selectivamente os i\u00f5es NH4+ de am\u00f3nio e K+ de pot\u00e1ssio dentro da sua estrutura cristalina, e depois de os trocar gradualmente para as ra\u00edzes da cultura. <span style=\"font-weight: 400;\">Como substrato \u00e9 excelente, pois aumenta a reten\u00e7\u00e3o de \u00e1gua e nutrientes no solo, reduzindo o consumo de \u00e1gua e fertilizantes e mantendo o solo em condi\u00e7\u00f5es ideais para um bom crescimento das plantas.\u00a0<\/span><\/p>\n<p><span style=\"font-weight: 400;\">Em piscinas pode ser utilizado como meio filtrante de alta capacidade, uma vez que remove part\u00edculas s\u00f3lidas at\u00e9 5 microns. \u00c9 o \u00fanico meio filtrante que tamb\u00e9m remove o amon\u00edaco e metais pesados.\u00a0<\/span><\/p>\n<p><span style=\"font-weight: 400;\">Em casa, pode ser utilizado para absorver humidade e odores em espa\u00e7os fechados tais como arm\u00e1rios, frigor\u00edficos, carros, barcos e caves.<\/span><\/p>\n<p>Quanto aos animais de estima\u00e7\u00e3o, \u00e9 ideal para <span style=\"font-weight: 400;\">\u00a0para utiliza\u00e7\u00e3o como cama de gato e \u00e9 excelente para gaiolas de p\u00e1ssaros e hamsteres. \u00c9 tamb\u00e9m utilizado em aqu\u00e1rios para controlar os n\u00edveis de am\u00f3nio.<\/span><\/p>\n<p><strong>CAPACIDADE DE TROCA CATI\u00d3NICA (CEC)<\/strong> : 250 meq<br \/>\n- <strong>Gravidade espec\u00edfica :<\/strong> 0,88 Kg\/Litro<br \/>\n- <strong>Humidade relativa :<\/strong>\u00a0 0 a 1 %.<br \/>\n- <strong>Granulometria :<\/strong> 98 % entre 0,7 e 1,7 mm de di\u00e2metro.<\/p>\n<p>Produto seco no forno a altas temperaturas para assegurar uma densidade e um teor de humidade constantes.<\/p>","protected":false},"excerpt":{"rendered":"<p>Comprar Zeolite Natural em pequenas embalagens de 1Kg a 25Kg. Pode ver o pre\u00e7o dos diferentes formatos de Zeolite Natural quando selecciona o formato desejado. A encomenda \u00e9 feita directamente atrav\u00e9s da Web seguindo os passos indicados, sendo entregue em 24\/48 horas.<\/p>","protected":false},"featured_media":35790,"comment_status":"open","ping_status":"closed","template":"","meta":{"_acf_changed":false,"site-sidebar-layout":"default","site-content-layout":"default","ast-site-content-layout":"default","site-content-style":"default","site-sidebar-style":"default","ast-global-header-display":"","ast-banner-title-visibility":"","ast-main-header-display":"","ast-hfb-above-header-display":"","ast-hfb-below-header-display":"","ast-hfb-mobile-header-display":"","site-post-title":"","ast-breadcrumbs-content":"","ast-featured-img":"","footer-sml-layout":"","ast-disable-related-posts":"","theme-transparent-header-meta":"default","adv-header-id-meta":"","stick-header-meta":"default","header-above-stick-meta":"","header-main-stick-meta":"","header-below-stick-meta":"","astra-migrate-meta-layouts":"set","ast-page-background-enabled":"default","ast-page-background-meta":{"desktop":{"background-color":"var(--ast-global-color-4)","background-image":"","background-repeat":"repeat","background-position":"center center","background-size":"auto","background-attachment":"scroll","background-type":"","background-media":"","overlay-type":"","overlay-color":"","overlay-opacity":"","overlay-gradient":""},"tablet":{"background-color":"","background-image":"","background-repeat":"repeat","background-position":"center center","background-size":"auto","background-attachment":"scroll","background-type":"","background-media":"","overlay-type":"","overlay-color":"","overlay-opacity":"","overlay-gradient":""},"mobile":{"background-color":"","background-image":"","background-repeat":"repeat","background-position":"center center","background-size":"auto","background-attachment":"scroll","background-type":"","background-media":"","overlay-type":"","overlay-color":"","overlay-opacity":"","overlay-gradient":""}},"ast-content-background-meta":{"desktop":{"background-color":"var(--ast-global-color-5)","background-image":"","background-repeat":"repeat","background-position":"center center","background-size":"auto","background-attachment":"scroll","background-type":"","background-media":"","overlay-type":"","overlay-color":"","overlay-opacity":"","overlay-gradient":""},"tablet":{"background-color":"var(--ast-global-color-5)","background-image":"","background-repeat":"repeat","background-position":"center center","background-size":"auto","background-attachment":"scroll","background-type":"","background-media":"","overlay-type":"","overlay-color":"","overlay-opacity":"","overlay-gradient":""},"mobile":{"background-color":"var(--ast-global-color-5)","background-image":"","background-repeat":"repeat","background-position":"center center","background-size":"auto","background-attachment":"scroll","background-type":"","background-media":"","overlay-type":"","overlay-color":"","overlay-opacity":"","overlay-gradient":""}}},"product_brand":[],"product_cat":[213],"product_tag":[],"class_list":{"0":"post-33449","1":"product","2":"type-product","3":"status-publish","4":"has-post-thumbnail","6":"product_cat-agroquimicos","7":"pa_cantidad-1kg","8":"pa_cantidad-5kg","9":"pa_cantidad-20kg","10":"desktop-align-left","11":"tablet-align-left","12":"mobile-align-left","13":"ast-product-gallery-layout-horizontal-slider","14":"ast-magnify-disabled","15":"ast-product-single-variable","16":"ast-product-tabs-layout-horizontal","17":"ast-qv-on-image","19":"first","20":"instock","21":"taxable","22":"shipping-taxable","23":"purchasable","24":"product-type-variable","25":"has-default-attributes"},"acf":[],"yoast_head":"<!-- This site is optimized with the Yoast SEO Premium plugin v27.1 (Yoast SEO v27.1.1) - https:\/\/yoast.com\/product\/yoast-seo-premium-wordpress\/ -->\n<title>Zeolita Natural: Comprar Online - Alquera.com<\/title>\n<meta name=\"description\" content=\"ENV\u00cdOS EN 24\/48H. Comprar Zeolita Natural en Alquera. Utilizado para mejorar las caracter\u00edsticas f\u00edsicas del suelo en retenci\u00f3n de agua...\" \/>\n<meta name=\"robots\" content=\"index, follow, max-snippet:-1, max-image-preview:large, max-video-preview:-1\" \/>\n<link rel=\"canonical\" href=\"https:\/\/www.alquera.com\/pt\/zeolita-natural\/\" \/>\n<meta property=\"og:locale\" content=\"pt_PT\" \/>\n<meta property=\"og:type\" content=\"article\" \/>\n<meta property=\"og:title\" content=\"Zeolita Natural: Comprar Online - Alquera.com\" \/>\n<meta property=\"og:description\" content=\"ENV\u00cdOS EN 24\/48H. Comprar Zeolita Natural en Alquera. Utilizado para mejorar las caracter\u00edsticas f\u00edsicas del suelo en retenci\u00f3n de agua...\" \/>\n<meta property=\"og:url\" content=\"https:\/\/www.alquera.com\/pt\/zeolita-natural\/\" \/>\n<meta property=\"og:site_name\" content=\"Alquera.com\" \/>\n<meta property=\"article:publisher\" content=\"https:\/\/www.facebook.com\/alqueraciencia\" \/>\n<meta property=\"article:modified_time\" content=\"2026-03-02T15:13:07+00:00\" \/>\n<meta property=\"og:image\" content=\"https:\/\/www.alquera.com\/wp-content\/uploads\/2021\/03\/ZEOLITA-1KG_27_10.png\" \/>\n\t<meta property=\"og:image:width\" content=\"800\" \/>\n\t<meta property=\"og:image:height\" content=\"800\" \/>\n\t<meta property=\"og:image:type\" content=\"image\/png\" \/>\n<meta name=\"twitter:card\" content=\"summary_large_image\" \/>\n<meta name=\"twitter:label1\" content=\"Disponibilidade\" \/>\n\t<meta name=\"twitter:data1\" content=\"Em stock\" \/>\n<script type=\"application\/ld+json\" class=\"yoast-schema-graph\">{\"@context\":\"https:\/\/schema.org\",\"@graph\":[{\"@type\":[\"WebPage\",\"ItemPage\"],\"@id\":\"https:\/\/www.alquera.com\/zeolita-natural\/\",\"url\":\"https:\/\/www.alquera.com\/zeolita-natural\/\",\"name\":\"Zeolita Natural: Comprar Online - Alquera.com\",\"isPartOf\":{\"@id\":\"https:\/\/www.alquera.com\/en\/#website\"},\"primaryImageOfPage\":{\"@id\":\"https:\/\/www.alquera.com\/zeolita-natural\/#primaryimage\"},\"image\":{\"@id\":\"https:\/\/www.alquera.com\/zeolita-natural\/#primaryimage\"},\"thumbnailUrl\":\"https:\/\/www.alquera.com\/wp-content\/uploads\/2021\/03\/ZEOLITA-1KG_27_10.png\",\"datePublished\":\"2021-03-29T10:48:54+00:00\",\"dateModified\":\"2026-03-02T15:13:07+00:00\",\"description\":\"ENV\u00cdOS EN 24\/48H. Comprar Zeolita Natural en Alquera. Utilizado para mejorar las caracter\u00edsticas f\u00edsicas del suelo en retenci\u00f3n de agua...\",\"breadcrumb\":{\"@id\":\"https:\/\/www.alquera.com\/zeolita-natural\/#breadcrumb\"},\"inLanguage\":\"pt-PT\",\"potentialAction\":[{\"@type\":\"ReadAction\",\"target\":[\"https:\/\/www.alquera.com\/zeolita-natural\/\"]}]},{\"@type\":\"ImageObject\",\"inLanguage\":\"pt-PT\",\"@id\":\"https:\/\/www.alquera.com\/zeolita-natural\/#primaryimage\",\"url\":\"https:\/\/www.alquera.com\/wp-content\/uploads\/2021\/03\/ZEOLITA-1KG_27_10.png\",\"contentUrl\":\"https:\/\/www.alquera.com\/wp-content\/uploads\/2021\/03\/ZEOLITA-1KG_27_10.png\",\"width\":800,\"height\":800,\"caption\":\"ZEOLITA NATURAL\"},{\"@type\":\"BreadcrumbList\",\"@id\":\"https:\/\/www.alquera.com\/zeolita-natural\/#breadcrumb\",\"itemListElement\":[{\"@type\":\"ListItem\",\"position\":1,\"name\":\"Inicio\",\"item\":\"https:\/\/www.alquera.com\/\"},{\"@type\":\"ListItem\",\"position\":2,\"name\":\"Alquera.com: Tienda Online de Productos Qu\u00edmicos y Material de Laboratorio\",\"item\":\"https:\/\/www.alquera.com\/en\/tienda\/\"},{\"@type\":\"ListItem\",\"position\":3,\"name\":\"Zeolita Natural\"}]},{\"@type\":\"WebSite\",\"@id\":\"https:\/\/www.alquera.com\/en\/#website\",\"url\":\"https:\/\/www.alquera.com\/en\/\",\"name\":\"Alquera.com\",\"description\":\"Tienda Online Productos Qu\u00edmicos y Material de Laboratorio\",\"publisher\":{\"@id\":\"https:\/\/www.alquera.com\/en\/#organization\"},\"potentialAction\":[{\"@type\":\"SearchAction\",\"target\":{\"@type\":\"EntryPoint\",\"urlTemplate\":\"https:\/\/www.alquera.com\/en\/?s={search_term_string}\"},\"query-input\":{\"@type\":\"PropertyValueSpecification\",\"valueRequired\":true,\"valueName\":\"search_term_string\"}}],\"inLanguage\":\"pt-PT\"},{\"@type\":\"Organization\",\"@id\":\"https:\/\/www.alquera.com\/en\/#organization\",\"name\":\"ALQUERA CIENCIA SL\",\"url\":\"https:\/\/www.alquera.com\/en\/\",\"logo\":{\"@type\":\"ImageObject\",\"inLanguage\":\"pt-PT\",\"@id\":\"https:\/\/www.alquera.com\/en\/#\/schema\/logo\/image\/\",\"url\":\"https:\/\/www.alquera.com\/wp-content\/uploads\/2020\/11\/logo_300_ancho.png\",\"contentUrl\":\"https:\/\/www.alquera.com\/wp-content\/uploads\/2020\/11\/logo_300_ancho.png\",\"width\":300,\"height\":86,\"caption\":\"ALQUERA CIENCIA SL\"},\"image\":{\"@id\":\"https:\/\/www.alquera.com\/en\/#\/schema\/logo\/image\/\"},\"sameAs\":[\"https:\/\/www.facebook.com\/alqueraciencia\",\"https:\/\/www.instagram.com\/alquera_ciencia\/\",\"https:\/\/www.youtube.com\/c\/alquera\"]}]}<\/script>\n<meta property=\"product:brand\" content=\"Alquera\" \/>\n<meta property=\"og:availability\" content=\"instock\" \/>\n<meta property=\"product:availability\" content=\"instock\" \/>\n<meta property=\"product:condition\" content=\"new\" \/>\n<!-- \/ Yoast SEO Premium plugin. -->","yoast_head_json":{"title":"Zeolite Natural: Comprar Online - Alquera.com","description":"ENTREGA 24\/48H. Comprar Ze\u00f3lito Natural em Alquera. Utilizado para melhorar as caracter\u00edsticas f\u00edsicas do solo na reten\u00e7\u00e3o de \u00e1gua e...","robots":{"index":"index","follow":"follow","max-snippet":"max-snippet:-1","max-image-preview":"max-image-preview:large","max-video-preview":"max-video-preview:-1"},"canonical":"https:\/\/www.alquera.com\/pt\/zeolita-natural\/","og_locale":"pt_PT","og_type":"article","og_title":"Zeolita Natural: Comprar Online - Alquera.com","og_description":"ENV\u00cdOS EN 24\/48H. Comprar Zeolita Natural en Alquera. Utilizado para mejorar las caracter\u00edsticas f\u00edsicas del suelo en retenci\u00f3n de agua...","og_url":"https:\/\/www.alquera.com\/pt\/zeolita-natural\/","og_site_name":"Alquera.com","article_publisher":"https:\/\/www.facebook.com\/alqueraciencia","article_modified_time":"2026-03-02T15:13:07+00:00","og_image":[{"width":800,"height":800,"url":"https:\/\/www.alquera.com\/wp-content\/uploads\/2021\/03\/ZEOLITA-1KG_27_10.png","type":"image\/png"}],"twitter_card":"summary_large_image","twitter_misc":{"Disponibilidade":"Em stock"},"schema":{"@context":"https:\/\/schema.org","@graph":[{"@type":["WebPage","ItemPage"],"@id":"https:\/\/www.alquera.com\/zeolita-natural\/","url":"https:\/\/www.alquera.com\/zeolita-natural\/","name":"Zeolite Natural: Comprar Online - Alquera.com","isPartOf":{"@id":"https:\/\/www.alquera.com\/en\/#website"},"primaryImageOfPage":{"@id":"https:\/\/www.alquera.com\/zeolita-natural\/#primaryimage"},"image":{"@id":"https:\/\/www.alquera.com\/zeolita-natural\/#primaryimage"},"thumbnailUrl":"https:\/\/www.alquera.com\/wp-content\/uploads\/2021\/03\/ZEOLITA-1KG_27_10.png","datePublished":"2021-03-29T10:48:54+00:00","dateModified":"2026-03-02T15:13:07+00:00","description":"ENTREGA 24\/48H. Comprar Ze\u00f3lito Natural em Alquera. Utilizado para melhorar as caracter\u00edsticas f\u00edsicas do solo na reten\u00e7\u00e3o de \u00e1gua e...","breadcrumb":{"@id":"https:\/\/www.alquera.com\/zeolita-natural\/#breadcrumb"},"inLanguage":"pt-PT","potentialAction":[{"@type":"ReadAction","target":["https:\/\/www.alquera.com\/zeolita-natural\/"]}]},{"@type":"ImageObject","inLanguage":"pt-PT","@id":"https:\/\/www.alquera.com\/zeolita-natural\/#primaryimage","url":"https:\/\/www.alquera.com\/wp-content\/uploads\/2021\/03\/ZEOLITA-1KG_27_10.png","contentUrl":"https:\/\/www.alquera.com\/wp-content\/uploads\/2021\/03\/ZEOLITA-1KG_27_10.png","width":800,"height":800,"caption":"ZEOLITA NATURAL"},{"@type":"BreadcrumbList","@id":"https:\/\/www.alquera.com\/zeolita-natural\/#breadcrumb","itemListElement":[{"@type":"ListItem","position":1,"name":"Inicio","item":"https:\/\/www.alquera.com\/"},{"@type":"ListItem","position":2,"name":"Alquera.com: Tienda Online de Productos Qu\u00edmicos y Material de Laboratorio","item":"https:\/\/www.alquera.com\/en\/tienda\/"},{"@type":"ListItem","position":3,"name":"Zeolita Natural"}]},{"@type":"WebSite","@id":"https:\/\/www.alquera.com\/en\/#website","url":"https:\/\/www.alquera.com\/en\/","name":"Alquera.com","description":"Loja on-line de produtos qu\u00edmicos e equipamento de laborat\u00f3rio","publisher":{"@id":"https:\/\/www.alquera.com\/en\/#organization"},"potentialAction":[{"@type":"SearchAction","target":{"@type":"EntryPoint","urlTemplate":"https:\/\/www.alquera.com\/en\/?s={search_term_string}"},"query-input":{"@type":"PropertyValueSpecification","valueRequired":true,"valueName":"search_term_string"}}],"inLanguage":"pt-PT"},{"@type":"Organization","@id":"https:\/\/www.alquera.com\/en\/#organization","name":"ALQUERA CIENCIA SL","url":"https:\/\/www.alquera.com\/en\/","logo":{"@type":"ImageObject","inLanguage":"pt-PT","@id":"https:\/\/www.alquera.com\/en\/#\/schema\/logo\/image\/","url":"https:\/\/www.alquera.com\/wp-content\/uploads\/2020\/11\/logo_300_ancho.png","contentUrl":"https:\/\/www.alquera.com\/wp-content\/uploads\/2020\/11\/logo_300_ancho.png","width":300,"height":86,"caption":"ALQUERA CIENCIA SL"},"image":{"@id":"https:\/\/www.alquera.com\/en\/#\/schema\/logo\/image\/"},"sameAs":["https:\/\/www.facebook.com\/alqueraciencia","https:\/\/www.instagram.com\/alquera_ciencia\/","https:\/\/www.youtube.com\/c\/alquera"]}]},"product_brand":"Alquera","og_availability":"instock","product_availability":"instock","product_condition":"new"},"_links":{"self":[{"href":"https:\/\/www.alquera.com\/pt\/wp-json\/wp\/v2\/product\/33449","targetHints":{"allow":["GET"]}}],"collection":[{"href":"https:\/\/www.alquera.com\/pt\/wp-json\/wp\/v2\/product"}],"about":[{"href":"https:\/\/www.alquera.com\/pt\/wp-json\/wp\/v2\/types\/product"}],"replies":[{"embeddable":true,"href":"https:\/\/www.alquera.com\/pt\/wp-json\/wp\/v2\/comments?post=33449"}],"wp:featuredmedia":[{"embeddable":true,"href":"https:\/\/www.alquera.com\/pt\/wp-json\/wp\/v2\/media\/35790"}],"wp:attachment":[{"href":"https:\/\/www.alquera.com\/pt\/wp-json\/wp\/v2\/media?parent=33449"}],"wp:term":[{"taxonomy":"product_brand","embeddable":true,"href":"https:\/\/www.alquera.com\/pt\/wp-json\/wp\/v2\/product_brand?post=33449"},{"taxonomy":"product_cat","embeddable":true,"href":"https:\/\/www.alquera.com\/pt\/wp-json\/wp\/v2\/product_cat?post=33449"},{"taxonomy":"product_tag","embeddable":true,"href":"https:\/\/www.alquera.com\/pt\/wp-json\/wp\/v2\/product_tag?post=33449"}],"curies":[{"name":"wp","href":"https:\/\/api.w.org\/{rel}","templated":true}]}}