{"id":33708,"date":"2021-04-28T10:45:19","date_gmt":"2021-04-28T10:45:19","guid":{"rendered":"https:\/\/www.alquera.com\/?post_type=product&#038;p=33708"},"modified":"2026-03-02T15:25:59","modified_gmt":"2026-03-02T15:25:59","slug":"tierra-de-diatomeas","status":"publish","type":"product","link":"https:\/\/www.alquera.com\/pt\/tierra-de-diatomeas\/","title":{"rendered":"Terra Diatom\u00e1cea"},"content":{"rendered":"<p><strong>Terra Diatom\u00e1cea<\/strong>p\u00f3, utilizado para polvilhar e misturar no solo ou substrato em crescimento. Tamb\u00e9m utilizado em camas para animais ou como suplemento alimentar para animais.<\/p>\n<h2>COMPOSI\u00c7\u00c3O DE TERRA DE DIATOM\u00c1CEAS<\/h2>\n<p>A riqueza e composi\u00e7\u00e3o qu\u00edmica do <strong>elementos mais importantes<\/strong> s\u00e3o:<\/p>\n<p>Sil\u00edcio (SiO2)............................................ 62,00%<br \/>\nCarbonato de C\u00e1lcio (CaCO4).................... 34,50%<br \/>\nC\u00e1lcio (CaO).................................................... 19,30%<br \/>\nSulfato de cal (CaSO4)......................... 0,22%<br \/>\nMagn\u00e9sio (MgO)................................................. 0,45%<br \/>\nF\u00f3sforo (P2O5)................................................... 0,13%<br \/>\nPot\u00e1ssio (K2O)...................................................... 0,18%<br \/>\nFerro (Fe2O3)................................................... 0,72%<br \/>\nAlum\u00ednio (Al2O3)............................................. 1,40%<br \/>\nCloro (Cl)............................................................... 0,05%<\/p>\n<p>A terra de diatom\u00e1ceas cont\u00e9m at\u00e9 40 nutrientes minerais. Estes incluem nutrientes prim\u00e1rios tais como azoto, f\u00f3sforo e pot\u00e1ssio, assim como nutrientes secund\u00e1rios tais como c\u00e1lcio, magn\u00e9sio e enxofre. Existem tamb\u00e9m 13 outros elementos vestigiais prim\u00e1rios e secund\u00e1rios, que, embora presentes em pequenas quantidades, s\u00e3o indispens\u00e1veis para o desenvolvimento e a vida das plantas.<\/p>\n<ul>\n<li>3 nutrientes principais: Nitrog\u00e9nio (N), F\u00f3sforo (P), Pot\u00e1ssio (K)<\/li>\n<li>3 Nutrientes secund\u00e1rios: C\u00e1lcio (Ca), Magn\u00e9sio (Mg), e Enxofre (S).<\/li>\n<li>6 Principais elementos vestigiais: Ferro (Fe), Mangan\u00eas (Mn), Cobre (Cu), Zinco (Zn), Boro (B) e Molibd\u00e9nio (Mo).<\/li>\n<li>7 Elementos residuais secund\u00e1rios: Sil\u00edcio (Si), Cobalto (Co), Fl\u00faor (F), N\u00edquel (Ni), Sel\u00e9nio (Se), Estanho (Sn), Iodo (I) e Van\u00e1dio (V).<\/li>\n<\/ul>\n<p>&nbsp;<\/p>\n<h2>UTILIZA\u00c7\u00d5ES DE TERRA DE DIATOM\u00c1CEAS<\/h2>\n<h3>PLANTAS DE AC\u00c7\u00c3O MULTI-CORRECTIVA<\/h3>\n<p>A elevada capacidade de troca cati\u00f3nica (C.I.C.) permite que todos os macro e micro elementos que fornece sejam assimilados pelas plantas, tornando-a um grande multicorrector das defici\u00eancias que as plantas podem sofrer durante os seus ciclos de crescimento.<\/p>\n<p><strong>DOSAGEM<\/strong><\/p>\n<ul>\n<li>DOSE: Polvilhar entre 200 e 300 gr\/m2.<\/li>\n<li>SUBSTRATO: Polvilhar 10\/15gr\/litro de substrato.<\/li>\n<\/ul>\n<h3><strong>CONTROLO DE PARASITAS EM ANIMAIS E HUMANOS.<\/strong><\/h3>\n<p>A terra de diatom\u00e1ceas \u00e9 adequada para o controlo de parasitas em animais e humanos. Insectos tais como piolhos, carra\u00e7as, pulgas, percevejos podem ser tratados com terra de diatom\u00e1ceas.<\/p>\n<p>O<strong> aplica\u00e7\u00e3o<\/strong> seria aplicar o p\u00f3 directamente ao animal com um p\u00f3 de talco ou por pulveriza\u00e7\u00e3o manual. A dosagem neste caso seria de 1g por kg de animal (0 gramas por kg de animal). Tamb\u00e9m pode ser aplicado \u00e0 taxa de 20% - 30% nos champ\u00f4s dos nossos animais de estima\u00e7\u00e3o.<\/p>\n<p>Tamb\u00e9m \u00e9 recomendado polvilhar ligeiramente em camas para animais, e no ambiente humano pode ser aplicado tanto em casas de campo como em casas de cidade, polvilhando o produto em roupeiros, copas, armaz\u00e9ns ou qualquer outro lugar que deseje proteger de insectos tais como aranhas, tra\u00e7as, mosquitos, baratas, \u00e1caros, etc.<\/p>\n<p>100% \u00e9 inofensivo em animais e humanos.<\/p>\n<h3><strong>PROTECTOR DE SEMENTES.<\/strong><\/h3>\n<p>Os tratamentos org\u00e2nicos s\u00e3o muito eficazes no controlo de insectos, bact\u00e9rias e fungos durante o armazenamento de trigo, cevada, soja, milho, etc., e especialmente contra os gorgulhos.<\/p>\n<p>Para al\u00e9m de proteger as sementes, a terra diatom\u00e1cea aumenta consideravelmente o seu poder germinativo, reduz a sua humidade e aumenta o seu peso espec\u00edfico.<\/p>\n<h3>DOSE DE PROTEC\u00c7\u00c3O DE SEMENTES:<\/h3>\n<p>Com 2 a 3 kg por MT de semente de gr\u00e3o, para per\u00edodos de armazenamento m\u00e9dios, ou seja, at\u00e9 cerca de 12 meses, pode basicamente armazenar as suas sementes de uma cultura para a seguinte.<\/p>\n<h2><strong>TERRA DE DIATOM\u00c1CEAS COMO FUNGICIDA<\/strong><\/h2>\n<p>A terra diatom\u00e1cea \u00e9 composta por sil\u00edcio org\u00e2nico amorfo, ou seja, n\u00e3o \u00e9 o sil\u00edcio convencional que conhecemos e \u00e9 utilizado em v\u00e1rias ind\u00fastrias. Esta peculiaridade amorfa faz dela um indutor de fitoalexinas.<\/p>\n<p>\u00c9 um sistema natural semelhante \u00e0s vacinas, que s\u00e3o sintetizadas com v\u00edrus enfraquecidos das mesmas doen\u00e7as contra as quais animais e seres humanos s\u00e3o imunizados.  Estes, ao produzir e ter os anticorpos necess\u00e1rios que neutralizam a ligeira infec\u00e7\u00e3o produzida pela vacina, fornecem defesas para prevenir qualquer infec\u00e7\u00e3o, que n\u00e3o progredir\u00e3o porque t\u00eam defesas.<\/p>\n<ul>\n<li>DOSE: Polvilhar entre 200 e 300 gr\/m2.<\/li>\n<li>SUBSTRATO: Polvilhar 10\/15gr\/litro de substrato.<\/li>\n<\/ul>\n<h2><strong>CONTROLO DE INSECTOS NAS CULTURAS DO SOLO<\/strong><\/h2>\n<p>A terra de diatom\u00e1ceas actua como agente de secagem para insectos de sangue frio. Os insectos come\u00e7am a secar e a morrer, pelo que \u00e9 um grande aliado misturar-se no nosso solo ou substrato de cultivo e controlar insectos do solo como formigas, carac\u00f3is, vermes do solo, etc.<\/p>\n<ul>\n<li>\u00c1caros, Carra\u00e7as, Moscas, Af\u00eddeos, Aranhas, Gorgulhos, Mosquitos, Mosquitos, Moscas a cavalo, Carac\u00f3is, T\u00e9rmitas, Carac\u00f3is, Formigas, Piolhos, Tucos, Percevejos, Tra\u00e7as, Tra\u00e7as, Cochonilhas, Baratas, Gafanhotos, Pulgas, Larvas, Lagartas, Lagartas, Vermes<\/li>\n<li>DOSE ON PLYWOOD: 100gr\/m2.<\/li>\n<li>DOSE ORQU\u00cdDICA: 250gr\/m2<\/li>\n<\/ul>\n<p>&nbsp;<\/p>","protected":false},"excerpt":{"rendered":"<p>Comprar Terra de Diatom\u00e1ceas em pacotes de 1Kg e 5Kg. O pre\u00e7o dos diferentes formatos de Diatom\u00e1ceas Terra pode ser visto quando se selecciona o formato que se pretende. A encomenda \u00e9 feita directamente atrav\u00e9s da Web seguindo os passos indicados, sendo entregue em 24\/48 horas.<\/p>","protected":false},"featured_media":35760,"comment_status":"open","ping_status":"closed","template":"","meta":{"_acf_changed":false,"site-sidebar-layout":"default","site-content-layout":"default","ast-site-content-layout":"default","site-content-style":"default","site-sidebar-style":"default","ast-global-header-display":"","ast-banner-title-visibility":"","ast-main-header-display":"","ast-hfb-above-header-display":"","ast-hfb-below-header-display":"","ast-hfb-mobile-header-display":"","site-post-title":"","ast-breadcrumbs-content":"","ast-featured-img":"","footer-sml-layout":"","ast-disable-related-posts":"","theme-transparent-header-meta":"default","adv-header-id-meta":"","stick-header-meta":"default","header-above-stick-meta":"","header-main-stick-meta":"","header-below-stick-meta":"","astra-migrate-meta-layouts":"set","ast-page-background-enabled":"default","ast-page-background-meta":{"desktop":{"background-color":"var(--ast-global-color-4)","background-image":"","background-repeat":"repeat","background-position":"center center","background-size":"auto","background-attachment":"scroll","background-type":"","background-media":"","overlay-type":"","overlay-color":"","overlay-opacity":"","overlay-gradient":""},"tablet":{"background-color":"","background-image":"","background-repeat":"repeat","background-position":"center center","background-size":"auto","background-attachment":"scroll","background-type":"","background-media":"","overlay-type":"","overlay-color":"","overlay-opacity":"","overlay-gradient":""},"mobile":{"background-color":"","background-image":"","background-repeat":"repeat","background-position":"center center","background-size":"auto","background-attachment":"scroll","background-type":"","background-media":"","overlay-type":"","overlay-color":"","overlay-opacity":"","overlay-gradient":""}},"ast-content-background-meta":{"desktop":{"background-color":"var(--ast-global-color-5)","background-image":"","background-repeat":"repeat","background-position":"center center","background-size":"auto","background-attachment":"scroll","background-type":"","background-media":"","overlay-type":"","overlay-color":"","overlay-opacity":"","overlay-gradient":""},"tablet":{"background-color":"var(--ast-global-color-5)","background-image":"","background-repeat":"repeat","background-position":"center center","background-size":"auto","background-attachment":"scroll","background-type":"","background-media":"","overlay-type":"","overlay-color":"","overlay-opacity":"","overlay-gradient":""},"mobile":{"background-color":"var(--ast-global-color-5)","background-image":"","background-repeat":"repeat","background-position":"center center","background-size":"auto","background-attachment":"scroll","background-type":"","background-media":"","overlay-type":"","overlay-color":"","overlay-opacity":"","overlay-gradient":""}}},"product_brand":[],"product_cat":[213,21],"product_tag":[],"class_list":{"0":"post-33708","1":"product","2":"type-product","3":"status-publish","4":"has-post-thumbnail","6":"product_cat-agroquimicos","7":"product_cat-productos","8":"pa_cantidad-3kg","9":"pa_cantidad-1kg","10":"desktop-align-left","11":"tablet-align-left","12":"mobile-align-left","13":"ast-product-gallery-layout-horizontal-slider","14":"ast-magnify-disabled","15":"ast-product-single-variable","16":"ast-product-tabs-layout-horizontal","17":"ast-qv-on-image","19":"first","20":"instock","21":"taxable","22":"shipping-taxable","23":"purchasable","24":"product-type-variable","25":"has-default-attributes"},"acf":[],"yoast_head":"<!-- This site is optimized with the Yoast SEO Premium plugin v27.1 (Yoast SEO v27.1.1) - https:\/\/yoast.com\/product\/yoast-seo-premium-wordpress\/ -->\n<title>Tierra de Diatomeas: Comprar Online - Alquera.com<\/title>\n<meta name=\"description\" content=\"ENVIOS EN 24\/48H. Comprar Tierra de Diatomeas. Utilizada para espolvorear y mezclar en el suelo de cultivo, como multinutriente y fungicida.\" \/>\n<meta name=\"robots\" content=\"index, follow, max-snippet:-1, max-image-preview:large, max-video-preview:-1\" \/>\n<link rel=\"canonical\" href=\"https:\/\/www.alquera.com\/pt\/tierra-de-diatomeas\/\" \/>\n<meta property=\"og:locale\" content=\"pt_PT\" \/>\n<meta property=\"og:type\" content=\"article\" \/>\n<meta property=\"og:title\" content=\"Tierra de Diatomeas: Comprar Online - Alquera.com\" \/>\n<meta property=\"og:description\" content=\"ENVIOS EN 24\/48H. Comprar Tierra de Diatomeas. Utilizada para espolvorear y mezclar en el suelo de cultivo, como multinutriente y fungicida.\" \/>\n<meta property=\"og:url\" content=\"https:\/\/www.alquera.com\/pt\/tierra-de-diatomeas\/\" \/>\n<meta property=\"og:site_name\" content=\"Alquera.com\" \/>\n<meta property=\"article:publisher\" content=\"https:\/\/www.facebook.com\/alqueraciencia\" \/>\n<meta property=\"article:modified_time\" content=\"2026-03-02T15:25:59+00:00\" \/>\n<meta property=\"og:image\" content=\"https:\/\/www.alquera.com\/wp-content\/uploads\/2021\/04\/TIERRA-DE-DIATOMEAS_22_10.png\" \/>\n\t<meta property=\"og:image:width\" content=\"800\" \/>\n\t<meta property=\"og:image:height\" content=\"800\" \/>\n\t<meta property=\"og:image:type\" content=\"image\/png\" \/>\n<meta name=\"twitter:card\" content=\"summary_large_image\" \/>\n<meta name=\"twitter:label1\" content=\"Disponibilidade\" \/>\n\t<meta name=\"twitter:data1\" content=\"Em stock\" \/>\n<script type=\"application\/ld+json\" class=\"yoast-schema-graph\">{\"@context\":\"https:\/\/schema.org\",\"@graph\":[{\"@type\":[\"WebPage\",\"ItemPage\"],\"@id\":\"https:\/\/www.alquera.com\/tierra-de-diatomeas\/\",\"url\":\"https:\/\/www.alquera.com\/tierra-de-diatomeas\/\",\"name\":\"Tierra de Diatomeas: Comprar Online - Alquera.com\",\"isPartOf\":{\"@id\":\"https:\/\/www.alquera.com\/en\/#website\"},\"primaryImageOfPage\":{\"@id\":\"https:\/\/www.alquera.com\/tierra-de-diatomeas\/#primaryimage\"},\"image\":{\"@id\":\"https:\/\/www.alquera.com\/tierra-de-diatomeas\/#primaryimage\"},\"thumbnailUrl\":\"https:\/\/www.alquera.com\/wp-content\/uploads\/2021\/04\/TIERRA-DE-DIATOMEAS_22_10.png\",\"datePublished\":\"2021-04-28T10:45:19+00:00\",\"dateModified\":\"2026-03-02T15:25:59+00:00\",\"description\":\"ENVIOS EN 24\/48H. Comprar Tierra de Diatomeas. Utilizada para espolvorear y mezclar en el suelo de cultivo, como multinutriente y fungicida.\",\"breadcrumb\":{\"@id\":\"https:\/\/www.alquera.com\/tierra-de-diatomeas\/#breadcrumb\"},\"inLanguage\":\"pt-PT\",\"potentialAction\":[{\"@type\":\"ReadAction\",\"target\":[\"https:\/\/www.alquera.com\/tierra-de-diatomeas\/\"]}]},{\"@type\":\"ImageObject\",\"inLanguage\":\"pt-PT\",\"@id\":\"https:\/\/www.alquera.com\/tierra-de-diatomeas\/#primaryimage\",\"url\":\"https:\/\/www.alquera.com\/wp-content\/uploads\/2021\/04\/TIERRA-DE-DIATOMEAS_22_10.png\",\"contentUrl\":\"https:\/\/www.alquera.com\/wp-content\/uploads\/2021\/04\/TIERRA-DE-DIATOMEAS_22_10.png\",\"width\":800,\"height\":800,\"caption\":\"TIERRA DE DIATOMEAS\"},{\"@type\":\"BreadcrumbList\",\"@id\":\"https:\/\/www.alquera.com\/tierra-de-diatomeas\/#breadcrumb\",\"itemListElement\":[{\"@type\":\"ListItem\",\"position\":1,\"name\":\"Inicio\",\"item\":\"https:\/\/www.alquera.com\/\"},{\"@type\":\"ListItem\",\"position\":2,\"name\":\"Alquera.com: Tienda Online de Productos Qu\u00edmicos y Material de Laboratorio\",\"item\":\"https:\/\/www.alquera.com\/en\/tienda\/\"},{\"@type\":\"ListItem\",\"position\":3,\"name\":\"Tierra de Diatomeas\"}]},{\"@type\":\"WebSite\",\"@id\":\"https:\/\/www.alquera.com\/en\/#website\",\"url\":\"https:\/\/www.alquera.com\/en\/\",\"name\":\"Alquera.com\",\"description\":\"Tienda Online Productos Qu\u00edmicos y Material de Laboratorio\",\"publisher\":{\"@id\":\"https:\/\/www.alquera.com\/en\/#organization\"},\"potentialAction\":[{\"@type\":\"SearchAction\",\"target\":{\"@type\":\"EntryPoint\",\"urlTemplate\":\"https:\/\/www.alquera.com\/en\/?s={search_term_string}\"},\"query-input\":{\"@type\":\"PropertyValueSpecification\",\"valueRequired\":true,\"valueName\":\"search_term_string\"}}],\"inLanguage\":\"pt-PT\"},{\"@type\":\"Organization\",\"@id\":\"https:\/\/www.alquera.com\/en\/#organization\",\"name\":\"ALQUERA CIENCIA SL\",\"url\":\"https:\/\/www.alquera.com\/en\/\",\"logo\":{\"@type\":\"ImageObject\",\"inLanguage\":\"pt-PT\",\"@id\":\"https:\/\/www.alquera.com\/en\/#\/schema\/logo\/image\/\",\"url\":\"https:\/\/www.alquera.com\/wp-content\/uploads\/2020\/11\/logo_300_ancho.png\",\"contentUrl\":\"https:\/\/www.alquera.com\/wp-content\/uploads\/2020\/11\/logo_300_ancho.png\",\"width\":300,\"height\":86,\"caption\":\"ALQUERA CIENCIA SL\"},\"image\":{\"@id\":\"https:\/\/www.alquera.com\/en\/#\/schema\/logo\/image\/\"},\"sameAs\":[\"https:\/\/www.facebook.com\/alqueraciencia\",\"https:\/\/www.instagram.com\/alquera_ciencia\/\",\"https:\/\/www.youtube.com\/c\/alquera\"]}]}<\/script>\n<meta property=\"og:availability\" content=\"instock\" \/>\n<meta property=\"product:availability\" content=\"instock\" \/>\n<meta property=\"product:condition\" content=\"new\" \/>\n<!-- \/ Yoast SEO Premium plugin. -->","yoast_head_json":{"title":"Terra Diatom\u00e1cea: Comprar Online - Alquera.com","description":"24\/48H DE NAVEGA\u00c7\u00c3O. Comprar Terra Diatom\u00e1cea. Utilizado para aspergir e misturar no solo, como um multi-nutriente e fungicida.","robots":{"index":"index","follow":"follow","max-snippet":"max-snippet:-1","max-image-preview":"max-image-preview:large","max-video-preview":"max-video-preview:-1"},"canonical":"https:\/\/www.alquera.com\/pt\/tierra-de-diatomeas\/","og_locale":"pt_PT","og_type":"article","og_title":"Tierra de Diatomeas: Comprar Online - Alquera.com","og_description":"ENVIOS EN 24\/48H. Comprar Tierra de Diatomeas. Utilizada para espolvorear y mezclar en el suelo de cultivo, como multinutriente y fungicida.","og_url":"https:\/\/www.alquera.com\/pt\/tierra-de-diatomeas\/","og_site_name":"Alquera.com","article_publisher":"https:\/\/www.facebook.com\/alqueraciencia","article_modified_time":"2026-03-02T15:25:59+00:00","og_image":[{"width":800,"height":800,"url":"https:\/\/www.alquera.com\/wp-content\/uploads\/2021\/04\/TIERRA-DE-DIATOMEAS_22_10.png","type":"image\/png"}],"twitter_card":"summary_large_image","twitter_misc":{"Disponibilidade":"Em stock"},"schema":{"@context":"https:\/\/schema.org","@graph":[{"@type":["WebPage","ItemPage"],"@id":"https:\/\/www.alquera.com\/tierra-de-diatomeas\/","url":"https:\/\/www.alquera.com\/tierra-de-diatomeas\/","name":"Terra Diatom\u00e1cea: Comprar Online - Alquera.com","isPartOf":{"@id":"https:\/\/www.alquera.com\/en\/#website"},"primaryImageOfPage":{"@id":"https:\/\/www.alquera.com\/tierra-de-diatomeas\/#primaryimage"},"image":{"@id":"https:\/\/www.alquera.com\/tierra-de-diatomeas\/#primaryimage"},"thumbnailUrl":"https:\/\/www.alquera.com\/wp-content\/uploads\/2021\/04\/TIERRA-DE-DIATOMEAS_22_10.png","datePublished":"2021-04-28T10:45:19+00:00","dateModified":"2026-03-02T15:25:59+00:00","description":"24\/48H DE NAVEGA\u00c7\u00c3O. Comprar Terra Diatom\u00e1cea. Utilizado para aspergir e misturar no solo, como um multi-nutriente e fungicida.","breadcrumb":{"@id":"https:\/\/www.alquera.com\/tierra-de-diatomeas\/#breadcrumb"},"inLanguage":"pt-PT","potentialAction":[{"@type":"ReadAction","target":["https:\/\/www.alquera.com\/tierra-de-diatomeas\/"]}]},{"@type":"ImageObject","inLanguage":"pt-PT","@id":"https:\/\/www.alquera.com\/tierra-de-diatomeas\/#primaryimage","url":"https:\/\/www.alquera.com\/wp-content\/uploads\/2021\/04\/TIERRA-DE-DIATOMEAS_22_10.png","contentUrl":"https:\/\/www.alquera.com\/wp-content\/uploads\/2021\/04\/TIERRA-DE-DIATOMEAS_22_10.png","width":800,"height":800,"caption":"TIERRA DE DIATOMEAS"},{"@type":"BreadcrumbList","@id":"https:\/\/www.alquera.com\/tierra-de-diatomeas\/#breadcrumb","itemListElement":[{"@type":"ListItem","position":1,"name":"Inicio","item":"https:\/\/www.alquera.com\/"},{"@type":"ListItem","position":2,"name":"Alquera.com: Tienda Online de Productos Qu\u00edmicos y Material de Laboratorio","item":"https:\/\/www.alquera.com\/en\/tienda\/"},{"@type":"ListItem","position":3,"name":"Tierra de Diatomeas"}]},{"@type":"WebSite","@id":"https:\/\/www.alquera.com\/en\/#website","url":"https:\/\/www.alquera.com\/en\/","name":"Alquera.com","description":"Loja on-line de produtos qu\u00edmicos e equipamento de laborat\u00f3rio","publisher":{"@id":"https:\/\/www.alquera.com\/en\/#organization"},"potentialAction":[{"@type":"SearchAction","target":{"@type":"EntryPoint","urlTemplate":"https:\/\/www.alquera.com\/en\/?s={search_term_string}"},"query-input":{"@type":"PropertyValueSpecification","valueRequired":true,"valueName":"search_term_string"}}],"inLanguage":"pt-PT"},{"@type":"Organization","@id":"https:\/\/www.alquera.com\/en\/#organization","name":"ALQUERA CIENCIA SL","url":"https:\/\/www.alquera.com\/en\/","logo":{"@type":"ImageObject","inLanguage":"pt-PT","@id":"https:\/\/www.alquera.com\/en\/#\/schema\/logo\/image\/","url":"https:\/\/www.alquera.com\/wp-content\/uploads\/2020\/11\/logo_300_ancho.png","contentUrl":"https:\/\/www.alquera.com\/wp-content\/uploads\/2020\/11\/logo_300_ancho.png","width":300,"height":86,"caption":"ALQUERA CIENCIA SL"},"image":{"@id":"https:\/\/www.alquera.com\/en\/#\/schema\/logo\/image\/"},"sameAs":["https:\/\/www.facebook.com\/alqueraciencia","https:\/\/www.instagram.com\/alquera_ciencia\/","https:\/\/www.youtube.com\/c\/alquera"]}]},"og_availability":"instock","product_availability":"instock","product_condition":"new"},"_links":{"self":[{"href":"https:\/\/www.alquera.com\/pt\/wp-json\/wp\/v2\/product\/33708","targetHints":{"allow":["GET"]}}],"collection":[{"href":"https:\/\/www.alquera.com\/pt\/wp-json\/wp\/v2\/product"}],"about":[{"href":"https:\/\/www.alquera.com\/pt\/wp-json\/wp\/v2\/types\/product"}],"replies":[{"embeddable":true,"href":"https:\/\/www.alquera.com\/pt\/wp-json\/wp\/v2\/comments?post=33708"}],"wp:featuredmedia":[{"embeddable":true,"href":"https:\/\/www.alquera.com\/pt\/wp-json\/wp\/v2\/media\/35760"}],"wp:attachment":[{"href":"https:\/\/www.alquera.com\/pt\/wp-json\/wp\/v2\/media?parent=33708"}],"wp:term":[{"taxonomy":"product_brand","embeddable":true,"href":"https:\/\/www.alquera.com\/pt\/wp-json\/wp\/v2\/product_brand?post=33708"},{"taxonomy":"product_cat","embeddable":true,"href":"https:\/\/www.alquera.com\/pt\/wp-json\/wp\/v2\/product_cat?post=33708"},{"taxonomy":"product_tag","embeddable":true,"href":"https:\/\/www.alquera.com\/pt\/wp-json\/wp\/v2\/product_tag?post=33708"}],"curies":[{"name":"wp","href":"https:\/\/api.w.org\/{rel}","templated":true}]}}