{"id":34389,"date":"2021-07-14T07:51:45","date_gmt":"2021-07-14T07:51:45","guid":{"rendered":"https:\/\/www.alquera.com\/?post_type=product&#038;p=34389"},"modified":"2026-02-23T16:11:51","modified_gmt":"2026-02-23T16:11:51","slug":"sulfato-de-manganeso","status":"publish","type":"product","link":"https:\/\/www.alquera.com\/pt\/sulfato-de-manganeso\/","title":{"rendered":"Sulfato de Mangan\u00eas"},"content":{"rendered":"<p>O sulfato de mangan\u00eas \u00e9 um composto inorg\u00e2nico, aparentemente em forma de p\u00f3, com uma cor rosa p\u00e1lido e uma utiliza\u00e7\u00e3o comercial significativa.<\/p>\n<h2>IDENTIFICA\u00c7\u00c3O E PROPRIEDADES<\/h2>\n<p><strong>Nome:<\/strong> Sulfato de Mangan\u00eas<br \/>\n<strong>CAS: <\/strong>10034-96-5<br \/>\n<strong>CE: <\/strong>232-089-9<\/p>\n<ul>\n<li>Estado f\u00edsico a 20\u00baC: S\u00f3lido<\/li>\n<li>Cor: Rosa<\/li>\n<li>Odor: inodoro<\/li>\n<li>Press\u00e3o de vapor a 50\u00b0C: &lt;300000 Pa (300 kPa)<\/li>\n<li>Densidade s 20\u00baC: 2947 Kg\/m3<\/li>\n<li>Densidade relativa a 20\u00baC: 2,947<\/li>\n<li>pH: 6-6,5<\/li>\n<\/ul>\n<h2><strong>USOS DO SULFATO DE MANGAN\u00caS<\/strong><\/h2>\n<ul>\n<li>Fertilizante<\/li>\n<\/ul>\n<p>&nbsp;<\/p>","protected":false},"excerpt":{"rendered":"<p>Comprar pacotes de sulfato de mangan\u00eas de 1kg para sacos de 25kg. O pre\u00e7o dos diferentes formatos de Sulfato de Mangan\u00eas pode ser visto quando se selecciona o formato desejado. A encomenda \u00e9 feita directamente atrav\u00e9s da Web seguindo os passos indicados, sendo entregue em 24\/48 horas.<\/p>","protected":false},"featured_media":35690,"comment_status":"open","ping_status":"closed","template":"","meta":{"_acf_changed":false,"site-sidebar-layout":"default","site-content-layout":"default","ast-site-content-layout":"default","site-content-style":"default","site-sidebar-style":"default","ast-global-header-display":"","ast-banner-title-visibility":"","ast-main-header-display":"","ast-hfb-above-header-display":"","ast-hfb-below-header-display":"","ast-hfb-mobile-header-display":"","site-post-title":"","ast-breadcrumbs-content":"","ast-featured-img":"","footer-sml-layout":"","ast-disable-related-posts":"","theme-transparent-header-meta":"default","adv-header-id-meta":"","stick-header-meta":"default","header-above-stick-meta":"","header-main-stick-meta":"","header-below-stick-meta":"","astra-migrate-meta-layouts":"default","ast-page-background-enabled":"default","ast-page-background-meta":{"desktop":{"background-color":"var(--ast-global-color-4)","background-image":"","background-repeat":"repeat","background-position":"center center","background-size":"auto","background-attachment":"scroll","background-type":"","background-media":"","overlay-type":"","overlay-color":"","overlay-opacity":"","overlay-gradient":""},"tablet":{"background-color":"","background-image":"","background-repeat":"repeat","background-position":"center center","background-size":"auto","background-attachment":"scroll","background-type":"","background-media":"","overlay-type":"","overlay-color":"","overlay-opacity":"","overlay-gradient":""},"mobile":{"background-color":"","background-image":"","background-repeat":"repeat","background-position":"center center","background-size":"auto","background-attachment":"scroll","background-type":"","background-media":"","overlay-type":"","overlay-color":"","overlay-opacity":"","overlay-gradient":""}},"ast-content-background-meta":{"desktop":{"background-color":"var(--ast-global-color-5)","background-image":"","background-repeat":"repeat","background-position":"center center","background-size":"auto","background-attachment":"scroll","background-type":"","background-media":"","overlay-type":"","overlay-color":"","overlay-opacity":"","overlay-gradient":""},"tablet":{"background-color":"var(--ast-global-color-5)","background-image":"","background-repeat":"repeat","background-position":"center center","background-size":"auto","background-attachment":"scroll","background-type":"","background-media":"","overlay-type":"","overlay-color":"","overlay-opacity":"","overlay-gradient":""},"mobile":{"background-color":"var(--ast-global-color-5)","background-image":"","background-repeat":"repeat","background-position":"center center","background-size":"auto","background-attachment":"scroll","background-type":"","background-media":"","overlay-type":"","overlay-color":"","overlay-opacity":"","overlay-gradient":""}}},"product_brand":[],"product_cat":[213,21],"product_tag":[],"class_list":{"0":"post-34389","1":"product","2":"type-product","3":"status-publish","4":"has-post-thumbnail","6":"product_cat-agroquimicos","7":"product_cat-productos","8":"pa_cantidad-1kg","9":"pa_cantidad-5kg","10":"pa_cantidad-25kg","11":"desktop-align-left","12":"tablet-align-left","13":"mobile-align-left","14":"ast-product-gallery-layout-horizontal-slider","15":"ast-magnify-disabled","16":"ast-product-single-variable","17":"ast-product-tabs-layout-horizontal","18":"ast-qv-on-image","20":"first","21":"instock","22":"taxable","23":"shipping-taxable","24":"purchasable","25":"product-type-variable","26":"has-default-attributes"},"acf":[],"yoast_head":"<!-- This site is optimized with the Yoast SEO Premium plugin v27.1 (Yoast SEO v27.1.1) - https:\/\/yoast.com\/product\/yoast-seo-premium-wordpress\/ -->\n<title>Sulfato de Manganeso: Comprar Online- Alquera.com<\/title>\n<meta name=\"description\" content=\"ENVIOS EN 24\/48H. Comprar Sulfato de Manganeso en la tienda online de Alquera. Ver todo el cat\u00e1logo con env\u00edos a toda la Pen\u00ednsula e Islas.\" \/>\n<meta name=\"robots\" content=\"index, follow, max-snippet:-1, max-image-preview:large, max-video-preview:-1\" \/>\n<link rel=\"canonical\" href=\"https:\/\/www.alquera.com\/pt\/sulfato-de-manganeso\/\" \/>\n<meta property=\"og:locale\" content=\"pt_PT\" \/>\n<meta property=\"og:type\" content=\"article\" \/>\n<meta property=\"og:title\" content=\"Sulfato de Manganeso: Comprar Online - Alquera.com\" \/>\n<meta property=\"og:description\" content=\"ENVIOS EN 24\/48H. Comprar Sulfato de Manganeso en la tienda online de Alquera. Ver todo el cat\u00e1logo con env\u00edos a toda la Pen\u00ednsula e Islas.\" \/>\n<meta property=\"og:url\" content=\"https:\/\/www.alquera.com\/pt\/sulfato-de-manganeso\/\" \/>\n<meta property=\"og:site_name\" content=\"Alquera.com\" \/>\n<meta property=\"article:publisher\" content=\"https:\/\/www.facebook.com\/alqueraciencia\" \/>\n<meta property=\"article:modified_time\" content=\"2026-02-23T16:11:51+00:00\" \/>\n<meta property=\"og:image\" content=\"https:\/\/www.alquera.com\/wp-content\/uploads\/2021\/07\/sulfato-de-manganeso-editada-1kg-2.png\" \/>\n\t<meta property=\"og:image:width\" content=\"800\" \/>\n\t<meta property=\"og:image:height\" content=\"796\" \/>\n\t<meta property=\"og:image:type\" content=\"image\/png\" \/>\n<meta name=\"twitter:card\" content=\"summary_large_image\" \/>\n<meta name=\"twitter:label1\" content=\"Disponibilidade\" \/>\n\t<meta name=\"twitter:data1\" content=\"Em stock\" \/>\n<script type=\"application\/ld+json\" class=\"yoast-schema-graph\">{\"@context\":\"https:\/\/schema.org\",\"@graph\":[{\"@type\":[\"WebPage\",\"ItemPage\"],\"@id\":\"https:\/\/www.alquera.com\/sulfato-de-manganeso\/\",\"url\":\"https:\/\/www.alquera.com\/sulfato-de-manganeso\/\",\"name\":\"Sulfato de Manganeso: Comprar Online- Alquera.com\",\"isPartOf\":{\"@id\":\"https:\/\/www.alquera.com\/en\/#website\"},\"primaryImageOfPage\":{\"@id\":\"https:\/\/www.alquera.com\/sulfato-de-manganeso\/#primaryimage\"},\"image\":{\"@id\":\"https:\/\/www.alquera.com\/sulfato-de-manganeso\/#primaryimage\"},\"thumbnailUrl\":\"https:\/\/www.alquera.com\/wp-content\/uploads\/2021\/07\/sulfato-de-manganeso-editada-1kg-2.png\",\"datePublished\":\"2021-07-14T07:51:45+00:00\",\"dateModified\":\"2026-02-23T16:11:51+00:00\",\"description\":\"ENVIOS EN 24\/48H. Comprar Sulfato de Manganeso en la tienda online de Alquera. Ver todo el cat\u00e1logo con env\u00edos a toda la Pen\u00ednsula e Islas.\",\"breadcrumb\":{\"@id\":\"https:\/\/www.alquera.com\/sulfato-de-manganeso\/#breadcrumb\"},\"inLanguage\":\"pt-PT\",\"potentialAction\":[{\"@type\":\"ReadAction\",\"target\":[\"https:\/\/www.alquera.com\/sulfato-de-manganeso\/\"]}]},{\"@type\":\"ImageObject\",\"inLanguage\":\"pt-PT\",\"@id\":\"https:\/\/www.alquera.com\/sulfato-de-manganeso\/#primaryimage\",\"url\":\"https:\/\/www.alquera.com\/wp-content\/uploads\/2021\/07\/sulfato-de-manganeso-editada-1kg-2.png\",\"contentUrl\":\"https:\/\/www.alquera.com\/wp-content\/uploads\/2021\/07\/sulfato-de-manganeso-editada-1kg-2.png\",\"width\":800,\"height\":796},{\"@type\":\"BreadcrumbList\",\"@id\":\"https:\/\/www.alquera.com\/sulfato-de-manganeso\/#breadcrumb\",\"itemListElement\":[{\"@type\":\"ListItem\",\"position\":1,\"name\":\"Inicio\",\"item\":\"https:\/\/www.alquera.com\/\"},{\"@type\":\"ListItem\",\"position\":2,\"name\":\"Alquera.com: Tienda Online de Productos Qu\u00edmicos y Material de Laboratorio\",\"item\":\"https:\/\/www.alquera.com\/en\/tienda\/\"},{\"@type\":\"ListItem\",\"position\":3,\"name\":\"Sulfato de Manganeso\"}]},{\"@type\":\"WebSite\",\"@id\":\"https:\/\/www.alquera.com\/en\/#website\",\"url\":\"https:\/\/www.alquera.com\/en\/\",\"name\":\"Alquera.com\",\"description\":\"Tienda Online Productos Qu\u00edmicos y Material de Laboratorio\",\"publisher\":{\"@id\":\"https:\/\/www.alquera.com\/en\/#organization\"},\"potentialAction\":[{\"@type\":\"SearchAction\",\"target\":{\"@type\":\"EntryPoint\",\"urlTemplate\":\"https:\/\/www.alquera.com\/en\/?s={search_term_string}\"},\"query-input\":{\"@type\":\"PropertyValueSpecification\",\"valueRequired\":true,\"valueName\":\"search_term_string\"}}],\"inLanguage\":\"pt-PT\"},{\"@type\":\"Organization\",\"@id\":\"https:\/\/www.alquera.com\/en\/#organization\",\"name\":\"ALQUERA CIENCIA SL\",\"url\":\"https:\/\/www.alquera.com\/en\/\",\"logo\":{\"@type\":\"ImageObject\",\"inLanguage\":\"pt-PT\",\"@id\":\"https:\/\/www.alquera.com\/en\/#\/schema\/logo\/image\/\",\"url\":\"https:\/\/www.alquera.com\/wp-content\/uploads\/2020\/11\/logo_300_ancho.png\",\"contentUrl\":\"https:\/\/www.alquera.com\/wp-content\/uploads\/2020\/11\/logo_300_ancho.png\",\"width\":300,\"height\":86,\"caption\":\"ALQUERA CIENCIA SL\"},\"image\":{\"@id\":\"https:\/\/www.alquera.com\/en\/#\/schema\/logo\/image\/\"},\"sameAs\":[\"https:\/\/www.facebook.com\/alqueraciencia\",\"https:\/\/www.instagram.com\/alquera_ciencia\/\",\"https:\/\/www.youtube.com\/c\/alquera\"]}]}<\/script>\n<meta property=\"og:availability\" content=\"instock\" \/>\n<meta property=\"product:availability\" content=\"instock\" \/>\n<meta property=\"product:condition\" content=\"new\" \/>\n<!-- \/ Yoast SEO Premium plugin. -->","yoast_head_json":{"title":"Sulfato de Mangan\u00eas: Comprar Online-Alquera.com","description":"24\/48H DE NAVEGA\u00c7\u00c3O. Comprar Sulfato de Mangan\u00eas na loja online da Alquera. Ver o cat\u00e1logo completo com envios para toda a Pen\u00ednsula e Ilhas.","robots":{"index":"index","follow":"follow","max-snippet":"max-snippet:-1","max-image-preview":"max-image-preview:large","max-video-preview":"max-video-preview:-1"},"canonical":"https:\/\/www.alquera.com\/pt\/sulfato-de-manganeso\/","og_locale":"pt_PT","og_type":"article","og_title":"Sulfato de Manganeso: Comprar Online - Alquera.com","og_description":"ENVIOS EN 24\/48H. Comprar Sulfato de Manganeso en la tienda online de Alquera. Ver todo el cat\u00e1logo con env\u00edos a toda la Pen\u00ednsula e Islas.","og_url":"https:\/\/www.alquera.com\/pt\/sulfato-de-manganeso\/","og_site_name":"Alquera.com","article_publisher":"https:\/\/www.facebook.com\/alqueraciencia","article_modified_time":"2026-02-23T16:11:51+00:00","og_image":[{"width":800,"height":796,"url":"https:\/\/www.alquera.com\/wp-content\/uploads\/2021\/07\/sulfato-de-manganeso-editada-1kg-2.png","type":"image\/png"}],"twitter_card":"summary_large_image","twitter_misc":{"Disponibilidade":"Em stock"},"schema":{"@context":"https:\/\/schema.org","@graph":[{"@type":["WebPage","ItemPage"],"@id":"https:\/\/www.alquera.com\/sulfato-de-manganeso\/","url":"https:\/\/www.alquera.com\/sulfato-de-manganeso\/","name":"Sulfato de Mangan\u00eas: Comprar Online-Alquera.com","isPartOf":{"@id":"https:\/\/www.alquera.com\/en\/#website"},"primaryImageOfPage":{"@id":"https:\/\/www.alquera.com\/sulfato-de-manganeso\/#primaryimage"},"image":{"@id":"https:\/\/www.alquera.com\/sulfato-de-manganeso\/#primaryimage"},"thumbnailUrl":"https:\/\/www.alquera.com\/wp-content\/uploads\/2021\/07\/sulfato-de-manganeso-editada-1kg-2.png","datePublished":"2021-07-14T07:51:45+00:00","dateModified":"2026-02-23T16:11:51+00:00","description":"24\/48H DE NAVEGA\u00c7\u00c3O. Comprar Sulfato de Mangan\u00eas na loja online da Alquera. Ver o cat\u00e1logo completo com envios para toda a Pen\u00ednsula e Ilhas.","breadcrumb":{"@id":"https:\/\/www.alquera.com\/sulfato-de-manganeso\/#breadcrumb"},"inLanguage":"pt-PT","potentialAction":[{"@type":"ReadAction","target":["https:\/\/www.alquera.com\/sulfato-de-manganeso\/"]}]},{"@type":"ImageObject","inLanguage":"pt-PT","@id":"https:\/\/www.alquera.com\/sulfato-de-manganeso\/#primaryimage","url":"https:\/\/www.alquera.com\/wp-content\/uploads\/2021\/07\/sulfato-de-manganeso-editada-1kg-2.png","contentUrl":"https:\/\/www.alquera.com\/wp-content\/uploads\/2021\/07\/sulfato-de-manganeso-editada-1kg-2.png","width":800,"height":796},{"@type":"BreadcrumbList","@id":"https:\/\/www.alquera.com\/sulfato-de-manganeso\/#breadcrumb","itemListElement":[{"@type":"ListItem","position":1,"name":"Inicio","item":"https:\/\/www.alquera.com\/"},{"@type":"ListItem","position":2,"name":"Alquera.com: Tienda Online de Productos Qu\u00edmicos y Material de Laboratorio","item":"https:\/\/www.alquera.com\/en\/tienda\/"},{"@type":"ListItem","position":3,"name":"Sulfato de Manganeso"}]},{"@type":"WebSite","@id":"https:\/\/www.alquera.com\/en\/#website","url":"https:\/\/www.alquera.com\/en\/","name":"Alquera.com","description":"Loja on-line de produtos qu\u00edmicos e equipamento de laborat\u00f3rio","publisher":{"@id":"https:\/\/www.alquera.com\/en\/#organization"},"potentialAction":[{"@type":"SearchAction","target":{"@type":"EntryPoint","urlTemplate":"https:\/\/www.alquera.com\/en\/?s={search_term_string}"},"query-input":{"@type":"PropertyValueSpecification","valueRequired":true,"valueName":"search_term_string"}}],"inLanguage":"pt-PT"},{"@type":"Organization","@id":"https:\/\/www.alquera.com\/en\/#organization","name":"ALQUERA CIENCIA SL","url":"https:\/\/www.alquera.com\/en\/","logo":{"@type":"ImageObject","inLanguage":"pt-PT","@id":"https:\/\/www.alquera.com\/en\/#\/schema\/logo\/image\/","url":"https:\/\/www.alquera.com\/wp-content\/uploads\/2020\/11\/logo_300_ancho.png","contentUrl":"https:\/\/www.alquera.com\/wp-content\/uploads\/2020\/11\/logo_300_ancho.png","width":300,"height":86,"caption":"ALQUERA CIENCIA SL"},"image":{"@id":"https:\/\/www.alquera.com\/en\/#\/schema\/logo\/image\/"},"sameAs":["https:\/\/www.facebook.com\/alqueraciencia","https:\/\/www.instagram.com\/alquera_ciencia\/","https:\/\/www.youtube.com\/c\/alquera"]}]},"og_availability":"instock","product_availability":"instock","product_condition":"new"},"_links":{"self":[{"href":"https:\/\/www.alquera.com\/pt\/wp-json\/wp\/v2\/product\/34389","targetHints":{"allow":["GET"]}}],"collection":[{"href":"https:\/\/www.alquera.com\/pt\/wp-json\/wp\/v2\/product"}],"about":[{"href":"https:\/\/www.alquera.com\/pt\/wp-json\/wp\/v2\/types\/product"}],"replies":[{"embeddable":true,"href":"https:\/\/www.alquera.com\/pt\/wp-json\/wp\/v2\/comments?post=34389"}],"wp:featuredmedia":[{"embeddable":true,"href":"https:\/\/www.alquera.com\/pt\/wp-json\/wp\/v2\/media\/35690"}],"wp:attachment":[{"href":"https:\/\/www.alquera.com\/pt\/wp-json\/wp\/v2\/media?parent=34389"}],"wp:term":[{"taxonomy":"product_brand","embeddable":true,"href":"https:\/\/www.alquera.com\/pt\/wp-json\/wp\/v2\/product_brand?post=34389"},{"taxonomy":"product_cat","embeddable":true,"href":"https:\/\/www.alquera.com\/pt\/wp-json\/wp\/v2\/product_cat?post=34389"},{"taxonomy":"product_tag","embeddable":true,"href":"https:\/\/www.alquera.com\/pt\/wp-json\/wp\/v2\/product_tag?post=34389"}],"curies":[{"name":"wp","href":"https:\/\/api.w.org\/{rel}","templated":true}]}}