{"id":35510,"date":"2021-09-30T09:11:20","date_gmt":"2021-09-30T09:11:20","guid":{"rendered":"https:\/\/www.alquera.com\/?post_type=product&#038;p=35510"},"modified":"2026-03-23T09:04:33","modified_gmt":"2026-03-23T09:04:33","slug":"alcohol-isopropilico","status":"publish","type":"product","link":"https:\/\/www.alquera.com\/pt\/alcohol-isopropilico\/","title":{"rendered":"\u00c1lcool isoprop\u00edlico"},"content":{"rendered":"<p>O isopropanol \u00e9 um solvente de alta pureza com mais de 99,9%. \u00c9 usado por outros nomes tais como isopranol, propanol e API. A sua textura \u00e9 como a de qualquer outro \u00e1lcool, mas quando est\u00e1 a temperaturas muito baixas e extremamente frias \u00e9 visivelmente mais espessa e mais densa. Tem diferentes fun\u00e7\u00f5es, para a limpeza de certos objectos, tais como equipamento electr\u00f3nico, como desinfectante, especialmente como gel hidroalco\u00f3lico contendo cerca de % do mesmo, \u00e9 tamb\u00e9m utilizado para matar pragas. Al\u00e9m disso, \u00e9 tamb\u00e9m utilizado na ind\u00fastria autom\u00f3vel, uma vez que \u00e9 um dos aditivos que s\u00e3o adicionados ao combust\u00edvel, nas ind\u00fastrias deste sector \u00e9 frequentemente utilizado, para al\u00e9m de remover gordura e \u00f3leo de superf\u00edcies, m\u00e1quinas e ferramentas. Encontrar diferentes formatos de \u00c1lcool isoprop\u00edlico em Alquera. Se tiver alguma d\u00favida, por favor contacte-nos.<\/p>\n<h2><strong>IDENTIFICA\u00c7\u00c3O E PROPRIEDADES\u00a0<\/strong><\/h2>\n<p><strong>Nome: <\/strong>\u00c1lcool isoprop\u00edlico<br \/>\n<strong>Conte\u00fado<\/strong> &gt;99,8%<br \/>\n<strong>Sin\u00f3nimos: <\/strong>IPA, Isopropanol, Sec-Propanol, Dimetil carbinol, \u00c1lcool prop\u00edlico secund\u00e1rio, Propan-2-ol.<br \/>\n<strong>CAS: <\/strong>67-63-0<br \/>\n<strong>CE:\u00a0<\/strong>200-661-7<\/p>\n<ul>\n<li>Aspecto (20 \u00baC): L\u00edquido incolor<\/li>\n<li>Odor: Caracter\u00edstico do \u00e1lcool<\/li>\n<li>Limiar olfactivo: 22 - 200 ppm<\/li>\n<li>Ponto de fus\u00e3o: - 90 \u00baC<\/li>\n<li>Ponto de ebuli\u00e7\u00e3o: 83 \u00baC<\/li>\n<li>Ponto de inflama\u00e7\u00e3o: 12 \u00baC<\/li>\n<li>Inflamabilidade (s\u00f3lido \/ g\u00e1s): 12 \u00baC<\/li>\n<li>Limites explosivos: Inferior: 2 % ,Superior: 12 %<\/li>\n<li>Press\u00e3o de vapor (20 \u00baC): 4,4 kPa<\/li>\n<li>Densidade do vapor (ar=1) (20 \u00baC): 2,1<\/li>\n<li>Densidade (20 C): 0,787 g\/cm3<\/li>\n<li>Solubilidade na \u00e1gua: Sol\u00favel<\/li>\n<li>Coeficiente de parti\u00e7\u00e3o n-octanol\/\u00e1gua (25 \u00baC):0.05<\/li>\n<li>Temperatura de auto-igni\u00e7\u00e3o: 399 - 455,6 \u00b0C<\/li>\n<li>Viscosidade, din\u00e2mica(20 \u00baC): 2.3cP<\/li>\n<li>Propriedades explosivas: N\u00e3o explosivas<\/li>\n<li>Propriedades oxidantes: N\u00e3o-combustivo<\/li>\n<\/ul>\n<h2>USES<\/h2>\n<ul>\n<li>Fabrico de subst\u00e2ncias - Industrial<\/li>\n<li>Formula\u00e7\u00e3o e (re)acondicionamento de subst\u00e2ncias e misturas - Industrial<\/li>\n<li>Usos do revestimento -Ind\u00fastria \/ Profissional \/ Consumidor<\/li>\n<li>Utiliza\u00e7\u00e3o em Agentes de Limpeza - Industrial \/ Profissional \/ Consumidor<\/li>\n<li>Utiliza\u00e7\u00e3o em Opera\u00e7\u00f5es de Perfura\u00e7\u00e3o e Explora\u00e7\u00e3o de Campos Petrol\u00edferos - Industrial<\/li>\n<li>Utiliza\u00e7\u00e3o em Lubrificantes - Industrial \/ Profissional \/ Consumidor<\/li>\n<li>Utiliza\u00e7\u00e3o em fluidos metal\u00fargicos\/\u00f3leos de laminagem - Industrial \/ Profissional<\/li>\n<li>Utiliza\u00e7\u00e3o como Agentes de Expans\u00e3o - Industrial<\/li>\n<li>Utiliza\u00e7\u00e3o como agentes aglutinantes e desmoldantes - Industrial \/ Profissional<\/li>\n<li>Utiliza\u00e7\u00e3o em Agroqu\u00edmicos - Profissional \/ Consumidor<\/li>\n<li>Utiliza\u00e7\u00e3o de combust\u00edvel - Industrial \/ Profissional \/ Consumidor<\/li>\n<li>Utiliza\u00e7\u00e3o como fluidos funcionais - Industrial \/ Profissional \/ Consumidor<\/li>\n<li>Aplica\u00e7\u00f5es de descongela\u00e7\u00e3o e anticongelamento -Profissional\/Consumidor<\/li>\n<li>Utiliza Constru\u00e7\u00e3o e aplica\u00e7\u00f5es rodovi\u00e1rias - Profissional<\/li>\n<li>Uso laboratorial - Industrial \/ Profissional<\/li>\n<li>Fabrico e utiliza\u00e7\u00e3o de explosivos - Profissional<\/li>\n<li>Produ\u00e7\u00e3o e transforma\u00e7\u00e3o de borracha - Industrial<\/li>\n<li>Utiliza Processamento de Pol\u00edmeros - Industrial \/ Profissional<\/li>\n<li>Agente de tratamento de \u00e1gua - Industrial \/ Profissional<\/li>\n<li>Produtos qu\u00edmicos de tratamento de \u00e1gua - Consumidor<\/li>\n<li>Usos Ind\u00fastria mineira - Industrial<\/li>\n<li>Utiliza\u00e7\u00e3o final de produtos cosm\u00e9ticos - Aplica\u00e7\u00e3o cosm\u00e9tica apenas para grau cosm\u00e9tico\/farmacol\u00f3gico - Consumidor<\/li>\n<\/ul>\n<p>&nbsp;<\/p>\n<p>&nbsp;<\/p>\n<p>&nbsp;<\/p>\n<p>&nbsp;<\/p>","protected":false},"excerpt":{"rendered":"<p>Comprar \u00e1lcool isoprop\u00edlico. O pre\u00e7o dos diferentes formatos de Isopropyl Alcohol pode ser visto seleccionando o formato desejado. A encomenda \u00e9 feita directamente atrav\u00e9s da Web seguindo os passos indicados, sendo entregue em 24\/48 horas.<\/p>","protected":false},"featured_media":35583,"comment_status":"open","ping_status":"closed","template":"","meta":{"_acf_changed":false,"site-sidebar-layout":"default","site-content-layout":"default","ast-site-content-layout":"default","site-content-style":"default","site-sidebar-style":"default","ast-global-header-display":"","ast-banner-title-visibility":"","ast-main-header-display":"","ast-hfb-above-header-display":"","ast-hfb-below-header-display":"","ast-hfb-mobile-header-display":"","site-post-title":"","ast-breadcrumbs-content":"","ast-featured-img":"","footer-sml-layout":"","ast-disable-related-posts":"","theme-transparent-header-meta":"default","adv-header-id-meta":"","stick-header-meta":"default","header-above-stick-meta":"","header-main-stick-meta":"","header-below-stick-meta":"","astra-migrate-meta-layouts":"set","ast-page-background-enabled":"default","ast-page-background-meta":{"desktop":{"background-color":"var(--ast-global-color-4)","background-image":"","background-repeat":"repeat","background-position":"center center","background-size":"auto","background-attachment":"scroll","background-type":"","background-media":"","overlay-type":"","overlay-color":"","overlay-opacity":"","overlay-gradient":""},"tablet":{"background-color":"","background-image":"","background-repeat":"repeat","background-position":"center center","background-size":"auto","background-attachment":"scroll","background-type":"","background-media":"","overlay-type":"","overlay-color":"","overlay-opacity":"","overlay-gradient":""},"mobile":{"background-color":"","background-image":"","background-repeat":"repeat","background-position":"center center","background-size":"auto","background-attachment":"scroll","background-type":"","background-media":"","overlay-type":"","overlay-color":"","overlay-opacity":"","overlay-gradient":""}},"ast-content-background-meta":{"desktop":{"background-color":"var(--ast-global-color-5)","background-image":"","background-repeat":"repeat","background-position":"center center","background-size":"auto","background-attachment":"scroll","background-type":"","background-media":"","overlay-type":"","overlay-color":"","overlay-opacity":"","overlay-gradient":""},"tablet":{"background-color":"var(--ast-global-color-5)","background-image":"","background-repeat":"repeat","background-position":"center center","background-size":"auto","background-attachment":"scroll","background-type":"","background-media":"","overlay-type":"","overlay-color":"","overlay-opacity":"","overlay-gradient":""},"mobile":{"background-color":"var(--ast-global-color-5)","background-image":"","background-repeat":"repeat","background-position":"center center","background-size":"auto","background-attachment":"scroll","background-type":"","background-media":"","overlay-type":"","overlay-color":"","overlay-opacity":"","overlay-gradient":""}}},"product_brand":[],"product_cat":[21],"product_tag":[],"class_list":{"0":"post-35510","1":"product","2":"type-product","3":"status-publish","4":"has-post-thumbnail","6":"product_cat-productos","7":"pa_cantidad-1l","8":"pa_cantidad-5l","9":"pa_cantidad-25l-2","10":"desktop-align-left","11":"tablet-align-left","12":"mobile-align-left","13":"ast-product-gallery-layout-horizontal-slider","14":"ast-product-gallery-with-no-image","15":"ast-magnify-disabled","16":"ast-product-single-variable","17":"ast-product-tabs-layout-horizontal","18":"ast-qv-on-image","20":"first","21":"instock","22":"taxable","23":"shipping-taxable","24":"purchasable","25":"product-type-variable","26":"has-default-attributes"},"acf":[],"yoast_head":"<!-- This site is optimized with the Yoast SEO Premium plugin v27.1 (Yoast SEO v27.1.1) - https:\/\/yoast.com\/product\/yoast-seo-premium-wordpress\/ -->\n<title>Alcohol Isoprop\u00edlico: Comprar Online - Alquera.com<\/title>\n<meta name=\"description\" content=\"ENV\u00cdOS EN 24\/48H. Comprar Alcohol Isoprop\u00edlico en Alquera. Composici\u00f3n al 99% tambi\u00e9n conocido como Propan-2-ol.\" \/>\n<meta name=\"robots\" content=\"index, follow, max-snippet:-1, max-image-preview:large, max-video-preview:-1\" \/>\n<link rel=\"canonical\" href=\"https:\/\/www.alquera.com\/pt\/alcohol-isopropilico\/\" \/>\n<meta property=\"og:locale\" content=\"pt_PT\" \/>\n<meta property=\"og:type\" content=\"article\" \/>\n<meta property=\"og:title\" content=\"Alcohol Isoprop\u00edlico: Comprar Online - Alquera.com\" \/>\n<meta property=\"og:description\" content=\"ENV\u00cdOS EN 24\/48H. Comprar Alcohol Isoprop\u00edlico en Alquera. Composici\u00f3n al 99% tambi\u00e9n conocido como Propan-2-ol.\" \/>\n<meta property=\"og:url\" content=\"https:\/\/www.alquera.com\/pt\/alcohol-isopropilico\/\" \/>\n<meta property=\"og:site_name\" content=\"Alquera.com\" \/>\n<meta property=\"article:publisher\" content=\"https:\/\/www.facebook.com\/alqueraciencia\" \/>\n<meta property=\"article:modified_time\" content=\"2026-03-23T09:04:33+00:00\" \/>\n<meta property=\"og:image\" content=\"https:\/\/www.alquera.com\/wp-content\/uploads\/2021\/09\/ALCOHOL-ISOPROPILICO.png\" \/>\n\t<meta property=\"og:image:width\" content=\"777\" \/>\n\t<meta property=\"og:image:height\" content=\"800\" \/>\n\t<meta property=\"og:image:type\" content=\"image\/png\" \/>\n<meta name=\"twitter:card\" content=\"summary_large_image\" \/>\n<meta name=\"twitter:label1\" content=\"Disponibilidade\" \/>\n\t<meta name=\"twitter:data1\" content=\"Em stock\" \/>\n<script type=\"application\/ld+json\" class=\"yoast-schema-graph\">{\"@context\":\"https:\/\/schema.org\",\"@graph\":[{\"@type\":[\"WebPage\",\"ItemPage\"],\"@id\":\"https:\/\/www.alquera.com\/alcohol-isopropilico\/\",\"url\":\"https:\/\/www.alquera.com\/alcohol-isopropilico\/\",\"name\":\"Alcohol Isoprop\u00edlico: Comprar Online - Alquera.com\",\"isPartOf\":{\"@id\":\"https:\/\/www.alquera.com\/en\/#website\"},\"primaryImageOfPage\":{\"@id\":\"https:\/\/www.alquera.com\/alcohol-isopropilico\/#primaryimage\"},\"image\":{\"@id\":\"https:\/\/www.alquera.com\/alcohol-isopropilico\/#primaryimage\"},\"thumbnailUrl\":\"https:\/\/www.alquera.com\/wp-content\/uploads\/2021\/09\/ALCOHOL-ISOPROPILICO.png\",\"datePublished\":\"2021-09-30T09:11:20+00:00\",\"dateModified\":\"2026-03-23T09:04:33+00:00\",\"description\":\"ENV\u00cdOS EN 24\/48H. Comprar Alcohol Isoprop\u00edlico en Alquera. Composici\u00f3n al 99% tambi\u00e9n conocido como Propan-2-ol.\",\"breadcrumb\":{\"@id\":\"https:\/\/www.alquera.com\/alcohol-isopropilico\/#breadcrumb\"},\"inLanguage\":\"pt-PT\",\"potentialAction\":[{\"@type\":\"ReadAction\",\"target\":[\"https:\/\/www.alquera.com\/alcohol-isopropilico\/\"]}]},{\"@type\":\"ImageObject\",\"inLanguage\":\"pt-PT\",\"@id\":\"https:\/\/www.alquera.com\/alcohol-isopropilico\/#primaryimage\",\"url\":\"https:\/\/www.alquera.com\/wp-content\/uploads\/2021\/09\/ALCOHOL-ISOPROPILICO.png\",\"contentUrl\":\"https:\/\/www.alquera.com\/wp-content\/uploads\/2021\/09\/ALCOHOL-ISOPROPILICO.png\",\"width\":777,\"height\":800,\"caption\":\"alcohol isopropilico\"},{\"@type\":\"BreadcrumbList\",\"@id\":\"https:\/\/www.alquera.com\/alcohol-isopropilico\/#breadcrumb\",\"itemListElement\":[{\"@type\":\"ListItem\",\"position\":1,\"name\":\"Inicio\",\"item\":\"https:\/\/www.alquera.com\/\"},{\"@type\":\"ListItem\",\"position\":2,\"name\":\"Alquera.com: Tienda Online de Productos Qu\u00edmicos y Material de Laboratorio\",\"item\":\"https:\/\/www.alquera.com\/en\/tienda\/\"},{\"@type\":\"ListItem\",\"position\":3,\"name\":\"Alcohol Isoprop\u00edlico\"}]},{\"@type\":\"WebSite\",\"@id\":\"https:\/\/www.alquera.com\/en\/#website\",\"url\":\"https:\/\/www.alquera.com\/en\/\",\"name\":\"Alquera.com\",\"description\":\"Tienda Online Productos Qu\u00edmicos y Material de Laboratorio\",\"publisher\":{\"@id\":\"https:\/\/www.alquera.com\/en\/#organization\"},\"potentialAction\":[{\"@type\":\"SearchAction\",\"target\":{\"@type\":\"EntryPoint\",\"urlTemplate\":\"https:\/\/www.alquera.com\/en\/?s={search_term_string}\"},\"query-input\":{\"@type\":\"PropertyValueSpecification\",\"valueRequired\":true,\"valueName\":\"search_term_string\"}}],\"inLanguage\":\"pt-PT\"},{\"@type\":\"Organization\",\"@id\":\"https:\/\/www.alquera.com\/en\/#organization\",\"name\":\"ALQUERA CIENCIA SL\",\"url\":\"https:\/\/www.alquera.com\/en\/\",\"logo\":{\"@type\":\"ImageObject\",\"inLanguage\":\"pt-PT\",\"@id\":\"https:\/\/www.alquera.com\/en\/#\/schema\/logo\/image\/\",\"url\":\"https:\/\/www.alquera.com\/wp-content\/uploads\/2020\/11\/logo_300_ancho.png\",\"contentUrl\":\"https:\/\/www.alquera.com\/wp-content\/uploads\/2020\/11\/logo_300_ancho.png\",\"width\":300,\"height\":86,\"caption\":\"ALQUERA CIENCIA SL\"},\"image\":{\"@id\":\"https:\/\/www.alquera.com\/en\/#\/schema\/logo\/image\/\"},\"sameAs\":[\"https:\/\/www.facebook.com\/alqueraciencia\",\"https:\/\/www.instagram.com\/alquera_ciencia\/\",\"https:\/\/www.youtube.com\/c\/alquera\"]}]}<\/script>\n<meta property=\"og:availability\" content=\"instock\" \/>\n<meta property=\"product:availability\" content=\"instock\" \/>\n<meta property=\"product:condition\" content=\"new\" \/>\n<!-- \/ Yoast SEO Premium plugin. -->","yoast_head_json":{"title":"Isopropyl Alcohol: Comprar Online - Alquera.com","description":"ENVIOS EM 24\/48H. Comprar \u00e1lcool isoprop\u00edlico em Alquera. Composi\u00e7\u00e3o 99% tamb\u00e9m conhecido como Propan-2-ol.","robots":{"index":"index","follow":"follow","max-snippet":"max-snippet:-1","max-image-preview":"max-image-preview:large","max-video-preview":"max-video-preview:-1"},"canonical":"https:\/\/www.alquera.com\/pt\/alcohol-isopropilico\/","og_locale":"pt_PT","og_type":"article","og_title":"Alcohol Isoprop\u00edlico: Comprar Online - Alquera.com","og_description":"ENV\u00cdOS EN 24\/48H. Comprar Alcohol Isoprop\u00edlico en Alquera. Composici\u00f3n al 99% tambi\u00e9n conocido como Propan-2-ol.","og_url":"https:\/\/www.alquera.com\/pt\/alcohol-isopropilico\/","og_site_name":"Alquera.com","article_publisher":"https:\/\/www.facebook.com\/alqueraciencia","article_modified_time":"2026-03-23T09:04:33+00:00","og_image":[{"width":777,"height":800,"url":"https:\/\/www.alquera.com\/wp-content\/uploads\/2021\/09\/ALCOHOL-ISOPROPILICO.png","type":"image\/png"}],"twitter_card":"summary_large_image","twitter_misc":{"Disponibilidade":"Em stock"},"schema":{"@context":"https:\/\/schema.org","@graph":[{"@type":["WebPage","ItemPage"],"@id":"https:\/\/www.alquera.com\/alcohol-isopropilico\/","url":"https:\/\/www.alquera.com\/alcohol-isopropilico\/","name":"Isopropyl Alcohol: Comprar Online - Alquera.com","isPartOf":{"@id":"https:\/\/www.alquera.com\/en\/#website"},"primaryImageOfPage":{"@id":"https:\/\/www.alquera.com\/alcohol-isopropilico\/#primaryimage"},"image":{"@id":"https:\/\/www.alquera.com\/alcohol-isopropilico\/#primaryimage"},"thumbnailUrl":"https:\/\/www.alquera.com\/wp-content\/uploads\/2021\/09\/ALCOHOL-ISOPROPILICO.png","datePublished":"2021-09-30T09:11:20+00:00","dateModified":"2026-03-23T09:04:33+00:00","description":"ENVIOS EM 24\/48H. Comprar \u00e1lcool isoprop\u00edlico em Alquera. Composi\u00e7\u00e3o 99% tamb\u00e9m conhecido como Propan-2-ol.","breadcrumb":{"@id":"https:\/\/www.alquera.com\/alcohol-isopropilico\/#breadcrumb"},"inLanguage":"pt-PT","potentialAction":[{"@type":"ReadAction","target":["https:\/\/www.alquera.com\/alcohol-isopropilico\/"]}]},{"@type":"ImageObject","inLanguage":"pt-PT","@id":"https:\/\/www.alquera.com\/alcohol-isopropilico\/#primaryimage","url":"https:\/\/www.alquera.com\/wp-content\/uploads\/2021\/09\/ALCOHOL-ISOPROPILICO.png","contentUrl":"https:\/\/www.alquera.com\/wp-content\/uploads\/2021\/09\/ALCOHOL-ISOPROPILICO.png","width":777,"height":800,"caption":"alcohol isopropilico"},{"@type":"BreadcrumbList","@id":"https:\/\/www.alquera.com\/alcohol-isopropilico\/#breadcrumb","itemListElement":[{"@type":"ListItem","position":1,"name":"Inicio","item":"https:\/\/www.alquera.com\/"},{"@type":"ListItem","position":2,"name":"Alquera.com: Tienda Online de Productos Qu\u00edmicos y Material de Laboratorio","item":"https:\/\/www.alquera.com\/en\/tienda\/"},{"@type":"ListItem","position":3,"name":"Alcohol Isoprop\u00edlico"}]},{"@type":"WebSite","@id":"https:\/\/www.alquera.com\/en\/#website","url":"https:\/\/www.alquera.com\/en\/","name":"Alquera.com","description":"Loja on-line de produtos qu\u00edmicos e equipamento de laborat\u00f3rio","publisher":{"@id":"https:\/\/www.alquera.com\/en\/#organization"},"potentialAction":[{"@type":"SearchAction","target":{"@type":"EntryPoint","urlTemplate":"https:\/\/www.alquera.com\/en\/?s={search_term_string}"},"query-input":{"@type":"PropertyValueSpecification","valueRequired":true,"valueName":"search_term_string"}}],"inLanguage":"pt-PT"},{"@type":"Organization","@id":"https:\/\/www.alquera.com\/en\/#organization","name":"ALQUERA CIENCIA SL","url":"https:\/\/www.alquera.com\/en\/","logo":{"@type":"ImageObject","inLanguage":"pt-PT","@id":"https:\/\/www.alquera.com\/en\/#\/schema\/logo\/image\/","url":"https:\/\/www.alquera.com\/wp-content\/uploads\/2020\/11\/logo_300_ancho.png","contentUrl":"https:\/\/www.alquera.com\/wp-content\/uploads\/2020\/11\/logo_300_ancho.png","width":300,"height":86,"caption":"ALQUERA CIENCIA SL"},"image":{"@id":"https:\/\/www.alquera.com\/en\/#\/schema\/logo\/image\/"},"sameAs":["https:\/\/www.facebook.com\/alqueraciencia","https:\/\/www.instagram.com\/alquera_ciencia\/","https:\/\/www.youtube.com\/c\/alquera"]}]},"og_availability":"instock","product_availability":"instock","product_condition":"new"},"_links":{"self":[{"href":"https:\/\/www.alquera.com\/pt\/wp-json\/wp\/v2\/product\/35510","targetHints":{"allow":["GET"]}}],"collection":[{"href":"https:\/\/www.alquera.com\/pt\/wp-json\/wp\/v2\/product"}],"about":[{"href":"https:\/\/www.alquera.com\/pt\/wp-json\/wp\/v2\/types\/product"}],"replies":[{"embeddable":true,"href":"https:\/\/www.alquera.com\/pt\/wp-json\/wp\/v2\/comments?post=35510"}],"wp:featuredmedia":[{"embeddable":true,"href":"https:\/\/www.alquera.com\/pt\/wp-json\/wp\/v2\/media\/35583"}],"wp:attachment":[{"href":"https:\/\/www.alquera.com\/pt\/wp-json\/wp\/v2\/media?parent=35510"}],"wp:term":[{"taxonomy":"product_brand","embeddable":true,"href":"https:\/\/www.alquera.com\/pt\/wp-json\/wp\/v2\/product_brand?post=35510"},{"taxonomy":"product_cat","embeddable":true,"href":"https:\/\/www.alquera.com\/pt\/wp-json\/wp\/v2\/product_cat?post=35510"},{"taxonomy":"product_tag","embeddable":true,"href":"https:\/\/www.alquera.com\/pt\/wp-json\/wp\/v2\/product_tag?post=35510"}],"curies":[{"name":"wp","href":"https:\/\/api.w.org\/{rel}","templated":true}]}}