{"id":35931,"date":"2021-11-14T12:16:18","date_gmt":"2021-11-14T12:16:18","guid":{"rendered":"https:\/\/www.alquera.com\/?post_type=product&#038;p=35931"},"modified":"2024-08-21T07:48:44","modified_gmt":"2024-08-21T07:48:44","slug":"tubos-de-ensayo-de-vidrio-borosilicato","status":"publish","type":"product","link":"https:\/\/www.alquera.com\/pt\/tubos-de-ensayo-de-vidrio-borosilicato\/","title":{"rendered":"Tubos de teste de Borosilicato de Vidro"},"content":{"rendered":"<p>Produto: tubo de ensaio de vidro borosilicato. Fabricado em vidro borossilicatado LBG 3.3. sem aro.<\/p>\n<p>LBG 3.3 \u00e9 um vidro borosilicato com um teor m\u00ednimo de s\u00edlica de 80% e um coeficiente de expans\u00e3o muito baixo (3,3-10-6 K-1) que pertence ao grupo dos borosilicatos \"3,3\" tal como definido na norma ISO 3585. \u00c9 utilizado em produtos onde a resist\u00eancia qu\u00edmica, a resist\u00eancia mec\u00e2nica e a resist\u00eancia a mudan\u00e7as bruscas de temperatura devem ser combinadas, e devido a esta combina\u00e7\u00e3o \u00fanica de propriedades, \u00e9 o tipo de vidro de refer\u00eancia a partir do qual a maioria dos produtos de laborat\u00f3rio s\u00e3o fabricados.<\/p>\n<h2>MEDIDAS DE TUBOS DE ENSAIO DE BOROSSILICATO DE VIDRO<\/h2>\n<table style=\"border-collapse: collapse; width: 449px; height: 229px;\" border=\"0\" width=\"320\" cellspacing=\"0\" cellpadding=\"0\">\n<tbody>\n<tr style=\"height: 20.5pt;\">\n<td class=\"xl66\" style=\"height: 20.5pt; width: 60pt;\" width=\"80\" height=\"27\"><span style=\"box-sizing: inherit;\">capacidade<\/span><\/td>\n<td class=\"xl66\" style=\"width: 60pt;\" width=\"80\"><span style=\"box-sizing: inherit;\">\u00d8(mm) exterior<\/span><\/td>\n<td class=\"xl66\" style=\"width: 60pt;\" width=\"80\"><span style=\"box-sizing: inherit;\">l (mm)<\/span><\/td>\n<td class=\"xl66\" style=\"width: 60pt;\" width=\"80\"><span style=\"box-sizing: inherit;\">espessura (mm)<\/span><\/td>\n<td class=\"xl66\" style=\"width: 60pt;\" width=\"80\"><\/td>\n<\/tr>\n<tr style=\"height: 15.0pt;\">\n<td class=\"xl65\" style=\"height: 15.0pt; width: 60pt; box-sizing: inherit; padding-bottom: 5px; padding-top: 5px;\" width=\"80\" height=\"20\" data-sort-value=\"8 ml\" data-label=\"capacidad\">8 ml<\/td>\n<td class=\"xl65\" style=\"width: 60pt; box-sizing: inherit; padding-bottom: 5px; padding-top: 5px;\" width=\"80\" data-sort-value=\"13\" data-label=\"\u00d8exterior(mm)\">13<\/td>\n<td class=\"xl65\" style=\"width: 60pt; box-sizing: inherit; padding-bottom: 5px; padding-top: 5px;\" width=\"80\" data-sort-value=\"100\" data-label=\"l (mm)\">100<\/td>\n<td class=\"xl65\" style=\"width: 60pt; box-sizing: inherit; padding-bottom: 5px; padding-top: 5px;\" width=\"80\" data-sort-value=\"0,8 - 1,0\" data-label=\"grosor (mm)\">0,8 &#8211; 1,0<\/td>\n<\/tr>\n<tr style=\"height: 15.0pt;\">\n<td class=\"xl65\" style=\"height: 15.0pt; width: 60pt; box-sizing: inherit; padding-bottom: 5px; padding-top: 5px;\" width=\"80\" height=\"20\" data-sort-value=\"10 ml\" data-label=\"capacidad\">10 ml<\/td>\n<td class=\"xl65\" style=\"width: 60pt; box-sizing: inherit; padding-bottom: 5px; padding-top: 5px;\" width=\"80\" data-sort-value=\"16\" data-label=\"\u00d8exterior(mm)\">16<\/td>\n<td class=\"xl65\" style=\"width: 60pt; box-sizing: inherit; padding-bottom: 5px; padding-top: 5px;\" width=\"80\" data-sort-value=\"100\" data-label=\"l (mm)\">100<\/td>\n<td class=\"xl65\" style=\"width: 60pt; box-sizing: inherit; padding-bottom: 5px; padding-top: 5px;\" width=\"80\" data-sort-value=\"1.0\" data-label=\"grosor (mm)\">1.0<\/td>\n<\/tr>\n<tr style=\"height: 14.5pt;\">\n<td class=\"xl65\" style=\"height: 14.5pt; width: 60pt; box-sizing: inherit; padding-bottom: 5px; padding-top: 5px;\" width=\"80\" height=\"19\" data-sort-value=\"19 ml\" data-label=\"capacidad\">19 ml<\/td>\n<td class=\"xl65\" style=\"width: 60pt; box-sizing: inherit; padding-bottom: 5px; padding-top: 5px;\" width=\"80\" data-sort-value=\"16\" data-label=\"\u00d8exterior(mm)\">16<\/td>\n<td class=\"xl65\" style=\"width: 60pt; box-sizing: inherit; padding-bottom: 5px; padding-top: 5px;\" width=\"80\" data-sort-value=\"150\" data-label=\"l (mm)\">150<\/td>\n<td class=\"xl65\" style=\"width: 60pt; box-sizing: inherit; padding-bottom: 5px; padding-top: 5px;\" width=\"80\" data-sort-value=\"1.0\" data-label=\"grosor (mm)\">1.0<\/td>\n<\/tr>\n<\/tbody>\n<\/table>\n<h2>PROPRIEDADES F\u00cdSICAS E QU\u00cdMICAS DO VIDRO BOROSSILICATADO LGB 3.3<\/h2>\n<p>Coeficiente de expans\u00e3o linear (@ 20\/300 \u00baC): 3,3-10-6 K-1<br \/>\nTemperatura de recozimento (Ponto de deforma\u00e7\u00e3o): 520 \u00b0C<br \/>\nTemperatura do ponto de recozimento: 560 \u00b1 10 \u00b0C<br \/>\nTemperatura de amolecimento (ponto de amolecimento): 820 \u00b1 10 \u00b0C<br \/>\nDensidade: 2,23 \u00b1 0,02 g\/cm\u00b3<br \/>\nResist\u00eancia hidrol\u00edtica (de acordo com ISO 719, \u00e1gua a 98 \u00baC): Classe 1<br \/>\nResist\u00eancia hidrol\u00edtica (de acordo com ISO 720, \u00e1gua a 121 \u00baC): Classe 1<br \/>\nResist\u00eancia aos \u00e1cidos (de acordo com a norma ISO 1776): Classe 1<br \/>\nResist\u00eancia aos \u00e1lcalis (de acordo com a norma ISO 695): Classe 2<br \/>\nComposi\u00e7\u00e3o t\u00edpica<br \/>\n80,4% por peso SiO2<br \/>\n13,0% por peso B2O3<br \/>\n4,2% wt\/wt Na2O<br \/>\n2,4% por peso Al2O3<\/p>","protected":false},"excerpt":{"rendered":"<p>Producto: Tubo de ensayo de vidrio borosilicato. Fabricado en vidrio borosilicato LBG 3.3. Sin reborde. LBG 3.3 es un vidrio borosilicato con un contenido m\u00ednimo en s\u00edlice del 80% y muy bajo coeficiente de expansi\u00f3n (3,3\u202210-6 K-1) que pertenece al grupo de los borosilicatos tipo \u201c3.3\u201d tal como se definen en la norma ISO 3585. [&hellip;]<\/p>\n","protected":false},"featured_media":35941,"comment_status":"open","ping_status":"closed","template":"","meta":{"_acf_changed":false,"site-sidebar-layout":"default","site-content-layout":"default","ast-site-content-layout":"default","site-content-style":"default","site-sidebar-style":"default","ast-global-header-display":"","ast-banner-title-visibility":"","ast-main-header-display":"","ast-hfb-above-header-display":"","ast-hfb-below-header-display":"","ast-hfb-mobile-header-display":"","site-post-title":"","ast-breadcrumbs-content":"","ast-featured-img":"","footer-sml-layout":"","ast-disable-related-posts":"","theme-transparent-header-meta":"default","adv-header-id-meta":"","stick-header-meta":"default","header-above-stick-meta":"","header-main-stick-meta":"","header-below-stick-meta":"","astra-migrate-meta-layouts":"default","ast-page-background-enabled":"default","ast-page-background-meta":{"desktop":{"background-color":"var(--ast-global-color-4)","background-image":"","background-repeat":"repeat","background-position":"center center","background-size":"auto","background-attachment":"scroll","background-type":"","background-media":"","overlay-type":"","overlay-color":"","overlay-opacity":"","overlay-gradient":""},"tablet":{"background-color":"","background-image":"","background-repeat":"repeat","background-position":"center center","background-size":"auto","background-attachment":"scroll","background-type":"","background-media":"","overlay-type":"","overlay-color":"","overlay-opacity":"","overlay-gradient":""},"mobile":{"background-color":"","background-image":"","background-repeat":"repeat","background-position":"center center","background-size":"auto","background-attachment":"scroll","background-type":"","background-media":"","overlay-type":"","overlay-color":"","overlay-opacity":"","overlay-gradient":""}},"ast-content-background-meta":{"desktop":{"background-color":"var(--ast-global-color-5)","background-image":"","background-repeat":"repeat","background-position":"center center","background-size":"auto","background-attachment":"scroll","background-type":"","background-media":"","overlay-type":"","overlay-color":"","overlay-opacity":"","overlay-gradient":""},"tablet":{"background-color":"var(--ast-global-color-5)","background-image":"","background-repeat":"repeat","background-position":"center center","background-size":"auto","background-attachment":"scroll","background-type":"","background-media":"","overlay-type":"","overlay-color":"","overlay-opacity":"","overlay-gradient":""},"mobile":{"background-color":"var(--ast-global-color-5)","background-image":"","background-repeat":"repeat","background-position":"center center","background-size":"auto","background-attachment":"scroll","background-type":"","background-media":"","overlay-type":"","overlay-color":"","overlay-opacity":"","overlay-gradient":""}}},"product_brand":[],"product_cat":[21],"product_tag":[],"class_list":{"0":"post-35931","1":"product","2":"type-product","3":"status-publish","4":"has-post-thumbnail","6":"product_cat-productos","7":"pa_unidades-297","8":"pa_unidades-304","9":"desktop-align-left","10":"tablet-align-left","11":"mobile-align-left","12":"ast-product-gallery-layout-horizontal-slider","13":"ast-product-gallery-with-no-image","14":"ast-magnify-disabled","15":"ast-product-single-variable","16":"ast-product-tabs-layout-horizontal","17":"ast-qv-on-image","19":"first","20":"instock","21":"taxable","22":"shipping-taxable","23":"purchasable","24":"product-type-variable","25":"has-default-attributes"},"acf":[],"yoast_head":"<!-- This site is optimized with the Yoast SEO Premium plugin v27.1 (Yoast SEO v27.1.1) - https:\/\/yoast.com\/product\/yoast-seo-premium-wordpress\/ -->\n<title>Tubos de Ensayo de Vidrio Borosilicato: Comprar Online - Alquera.com<\/title>\n<meta name=\"description\" content=\"ENV\u00cdOS EN 24\/48H. Comprar tubos de ensayo de vidrio borosilicato LGB 3.3 para laboratorio. Resistencia qu\u00edmica y a temperatura.\" \/>\n<meta name=\"robots\" content=\"index, follow, max-snippet:-1, max-image-preview:large, max-video-preview:-1\" \/>\n<link rel=\"canonical\" href=\"https:\/\/www.alquera.com\/pt\/tubos-de-ensayo-de-vidrio-borosilicato\/\" \/>\n<meta property=\"og:locale\" content=\"pt_PT\" \/>\n<meta property=\"og:type\" content=\"article\" \/>\n<meta property=\"og:title\" content=\"Tubos de Ensayo de Vidrio Borosilicato: Comprar Online - Alquera.com\" \/>\n<meta property=\"og:description\" content=\"ENV\u00cdOS EN 24\/48H. Comprar tubos de ensayo de vidrio borosilicato LGB 3.3 para laboratorio. Resistencia qu\u00edmica y a temperatura.\" \/>\n<meta property=\"og:url\" content=\"https:\/\/www.alquera.com\/pt\/tubos-de-ensayo-de-vidrio-borosilicato\/\" \/>\n<meta property=\"og:site_name\" content=\"Alquera.com\" \/>\n<meta property=\"article:publisher\" content=\"https:\/\/www.facebook.com\/alqueraciencia\" \/>\n<meta property=\"article:modified_time\" content=\"2024-08-21T07:48:44+00:00\" \/>\n<meta property=\"og:image\" content=\"https:\/\/www.alquera.com\/wp-content\/uploads\/2021\/11\/TUBOS-ENSAYO-VIDRIO-NEUTRO-1.png\" \/>\n\t<meta property=\"og:image:width\" content=\"600\" \/>\n\t<meta property=\"og:image:height\" content=\"600\" \/>\n\t<meta property=\"og:image:type\" content=\"image\/png\" \/>\n<meta name=\"twitter:card\" content=\"summary_large_image\" \/>\n<meta name=\"twitter:label1\" content=\"Disponibilidade\" \/>\n\t<meta name=\"twitter:data1\" content=\"Em stock\" \/>\n<script type=\"application\/ld+json\" class=\"yoast-schema-graph\">{\"@context\":\"https:\/\/schema.org\",\"@graph\":[{\"@type\":[\"WebPage\",\"ItemPage\"],\"@id\":\"https:\/\/www.alquera.com\/tubos-de-ensayo-de-vidrio-borosilicato\/\",\"url\":\"https:\/\/www.alquera.com\/tubos-de-ensayo-de-vidrio-borosilicato\/\",\"name\":\"Tubos de Ensayo de Vidrio Borosilicato: Comprar Online - Alquera.com\",\"isPartOf\":{\"@id\":\"https:\/\/www.alquera.com\/en\/#website\"},\"primaryImageOfPage\":{\"@id\":\"https:\/\/www.alquera.com\/tubos-de-ensayo-de-vidrio-borosilicato\/#primaryimage\"},\"image\":{\"@id\":\"https:\/\/www.alquera.com\/tubos-de-ensayo-de-vidrio-borosilicato\/#primaryimage\"},\"thumbnailUrl\":\"https:\/\/www.alquera.com\/wp-content\/uploads\/2021\/11\/TUBOS-ENSAYO-VIDRIO-NEUTRO-1.png\",\"datePublished\":\"2021-11-14T12:16:18+00:00\",\"dateModified\":\"2024-08-21T07:48:44+00:00\",\"description\":\"ENV\u00cdOS EN 24\/48H. Comprar tubos de ensayo de vidrio borosilicato LGB 3.3 para laboratorio. Resistencia qu\u00edmica y a temperatura.\",\"breadcrumb\":{\"@id\":\"https:\/\/www.alquera.com\/tubos-de-ensayo-de-vidrio-borosilicato\/#breadcrumb\"},\"inLanguage\":\"pt-PT\",\"potentialAction\":[{\"@type\":\"ReadAction\",\"target\":[\"https:\/\/www.alquera.com\/tubos-de-ensayo-de-vidrio-borosilicato\/\"]}]},{\"@type\":\"ImageObject\",\"inLanguage\":\"pt-PT\",\"@id\":\"https:\/\/www.alquera.com\/tubos-de-ensayo-de-vidrio-borosilicato\/#primaryimage\",\"url\":\"https:\/\/www.alquera.com\/wp-content\/uploads\/2021\/11\/TUBOS-ENSAYO-VIDRIO-NEUTRO-1.png\",\"contentUrl\":\"https:\/\/www.alquera.com\/wp-content\/uploads\/2021\/11\/TUBOS-ENSAYO-VIDRIO-NEUTRO-1.png\",\"width\":600,\"height\":600,\"caption\":\"TUBOS DE ENSAYO\"},{\"@type\":\"BreadcrumbList\",\"@id\":\"https:\/\/www.alquera.com\/tubos-de-ensayo-de-vidrio-borosilicato\/#breadcrumb\",\"itemListElement\":[{\"@type\":\"ListItem\",\"position\":1,\"name\":\"Inicio\",\"item\":\"https:\/\/www.alquera.com\/\"},{\"@type\":\"ListItem\",\"position\":2,\"name\":\"Alquera.com: Tienda Online de Productos Qu\u00edmicos y Material de Laboratorio\",\"item\":\"https:\/\/www.alquera.com\/en\/tienda\/\"},{\"@type\":\"ListItem\",\"position\":3,\"name\":\"Tubos de Ensayo de Vidrio Borosilicato\"}]},{\"@type\":\"WebSite\",\"@id\":\"https:\/\/www.alquera.com\/en\/#website\",\"url\":\"https:\/\/www.alquera.com\/en\/\",\"name\":\"Alquera.com\",\"description\":\"Tienda Online Productos Qu\u00edmicos y Material de Laboratorio\",\"publisher\":{\"@id\":\"https:\/\/www.alquera.com\/en\/#organization\"},\"potentialAction\":[{\"@type\":\"SearchAction\",\"target\":{\"@type\":\"EntryPoint\",\"urlTemplate\":\"https:\/\/www.alquera.com\/en\/?s={search_term_string}\"},\"query-input\":{\"@type\":\"PropertyValueSpecification\",\"valueRequired\":true,\"valueName\":\"search_term_string\"}}],\"inLanguage\":\"pt-PT\"},{\"@type\":\"Organization\",\"@id\":\"https:\/\/www.alquera.com\/en\/#organization\",\"name\":\"ALQUERA CIENCIA SL\",\"url\":\"https:\/\/www.alquera.com\/en\/\",\"logo\":{\"@type\":\"ImageObject\",\"inLanguage\":\"pt-PT\",\"@id\":\"https:\/\/www.alquera.com\/en\/#\/schema\/logo\/image\/\",\"url\":\"https:\/\/www.alquera.com\/wp-content\/uploads\/2020\/11\/logo_300_ancho.png\",\"contentUrl\":\"https:\/\/www.alquera.com\/wp-content\/uploads\/2020\/11\/logo_300_ancho.png\",\"width\":300,\"height\":86,\"caption\":\"ALQUERA CIENCIA SL\"},\"image\":{\"@id\":\"https:\/\/www.alquera.com\/en\/#\/schema\/logo\/image\/\"},\"sameAs\":[\"https:\/\/www.facebook.com\/alqueraciencia\",\"https:\/\/www.instagram.com\/alquera_ciencia\/\",\"https:\/\/www.youtube.com\/c\/alquera\"]}]}<\/script>\n<meta property=\"og:availability\" content=\"instock\" \/>\n<meta property=\"product:availability\" content=\"instock\" \/>\n<meta property=\"product:condition\" content=\"new\" \/>\n<!-- \/ Yoast SEO Premium plugin. -->","yoast_head_json":{"title":"Tubos de ensaio de vidro borossilicato: Comprar online - Alquera.com","description":"24\/48H DE NAVEGA\u00c7\u00c3O. Comprar tubos de ensaio de borossilicato de vidro LGB 3.3 para uso laboratorial. Resist\u00eancia qu\u00edmica e \u00e0 temperatura.","robots":{"index":"index","follow":"follow","max-snippet":"max-snippet:-1","max-image-preview":"max-image-preview:large","max-video-preview":"max-video-preview:-1"},"canonical":"https:\/\/www.alquera.com\/pt\/tubos-de-ensayo-de-vidrio-borosilicato\/","og_locale":"pt_PT","og_type":"article","og_title":"Tubos de Ensayo de Vidrio Borosilicato: Comprar Online - Alquera.com","og_description":"ENV\u00cdOS EN 24\/48H. Comprar tubos de ensayo de vidrio borosilicato LGB 3.3 para laboratorio. Resistencia qu\u00edmica y a temperatura.","og_url":"https:\/\/www.alquera.com\/pt\/tubos-de-ensayo-de-vidrio-borosilicato\/","og_site_name":"Alquera.com","article_publisher":"https:\/\/www.facebook.com\/alqueraciencia","article_modified_time":"2024-08-21T07:48:44+00:00","og_image":[{"width":600,"height":600,"url":"https:\/\/www.alquera.com\/wp-content\/uploads\/2021\/11\/TUBOS-ENSAYO-VIDRIO-NEUTRO-1.png","type":"image\/png"}],"twitter_card":"summary_large_image","twitter_misc":{"Disponibilidade":"Em stock"},"schema":{"@context":"https:\/\/schema.org","@graph":[{"@type":["WebPage","ItemPage"],"@id":"https:\/\/www.alquera.com\/tubos-de-ensayo-de-vidrio-borosilicato\/","url":"https:\/\/www.alquera.com\/tubos-de-ensayo-de-vidrio-borosilicato\/","name":"Tubos de ensaio de vidro borossilicato: Comprar online - Alquera.com","isPartOf":{"@id":"https:\/\/www.alquera.com\/en\/#website"},"primaryImageOfPage":{"@id":"https:\/\/www.alquera.com\/tubos-de-ensayo-de-vidrio-borosilicato\/#primaryimage"},"image":{"@id":"https:\/\/www.alquera.com\/tubos-de-ensayo-de-vidrio-borosilicato\/#primaryimage"},"thumbnailUrl":"https:\/\/www.alquera.com\/wp-content\/uploads\/2021\/11\/TUBOS-ENSAYO-VIDRIO-NEUTRO-1.png","datePublished":"2021-11-14T12:16:18+00:00","dateModified":"2024-08-21T07:48:44+00:00","description":"24\/48H DE NAVEGA\u00c7\u00c3O. Comprar tubos de ensaio de borossilicato de vidro LGB 3.3 para uso laboratorial. Resist\u00eancia qu\u00edmica e \u00e0 temperatura.","breadcrumb":{"@id":"https:\/\/www.alquera.com\/tubos-de-ensayo-de-vidrio-borosilicato\/#breadcrumb"},"inLanguage":"pt-PT","potentialAction":[{"@type":"ReadAction","target":["https:\/\/www.alquera.com\/tubos-de-ensayo-de-vidrio-borosilicato\/"]}]},{"@type":"ImageObject","inLanguage":"pt-PT","@id":"https:\/\/www.alquera.com\/tubos-de-ensayo-de-vidrio-borosilicato\/#primaryimage","url":"https:\/\/www.alquera.com\/wp-content\/uploads\/2021\/11\/TUBOS-ENSAYO-VIDRIO-NEUTRO-1.png","contentUrl":"https:\/\/www.alquera.com\/wp-content\/uploads\/2021\/11\/TUBOS-ENSAYO-VIDRIO-NEUTRO-1.png","width":600,"height":600,"caption":"TUBOS DE ENSAYO"},{"@type":"BreadcrumbList","@id":"https:\/\/www.alquera.com\/tubos-de-ensayo-de-vidrio-borosilicato\/#breadcrumb","itemListElement":[{"@type":"ListItem","position":1,"name":"Inicio","item":"https:\/\/www.alquera.com\/"},{"@type":"ListItem","position":2,"name":"Alquera.com: Tienda Online de Productos Qu\u00edmicos y Material de Laboratorio","item":"https:\/\/www.alquera.com\/en\/tienda\/"},{"@type":"ListItem","position":3,"name":"Tubos de Ensayo de Vidrio Borosilicato"}]},{"@type":"WebSite","@id":"https:\/\/www.alquera.com\/en\/#website","url":"https:\/\/www.alquera.com\/en\/","name":"Alquera.com","description":"Loja on-line de produtos qu\u00edmicos e equipamento de laborat\u00f3rio","publisher":{"@id":"https:\/\/www.alquera.com\/en\/#organization"},"potentialAction":[{"@type":"SearchAction","target":{"@type":"EntryPoint","urlTemplate":"https:\/\/www.alquera.com\/en\/?s={search_term_string}"},"query-input":{"@type":"PropertyValueSpecification","valueRequired":true,"valueName":"search_term_string"}}],"inLanguage":"pt-PT"},{"@type":"Organization","@id":"https:\/\/www.alquera.com\/en\/#organization","name":"ALQUERA CIENCIA SL","url":"https:\/\/www.alquera.com\/en\/","logo":{"@type":"ImageObject","inLanguage":"pt-PT","@id":"https:\/\/www.alquera.com\/en\/#\/schema\/logo\/image\/","url":"https:\/\/www.alquera.com\/wp-content\/uploads\/2020\/11\/logo_300_ancho.png","contentUrl":"https:\/\/www.alquera.com\/wp-content\/uploads\/2020\/11\/logo_300_ancho.png","width":300,"height":86,"caption":"ALQUERA CIENCIA SL"},"image":{"@id":"https:\/\/www.alquera.com\/en\/#\/schema\/logo\/image\/"},"sameAs":["https:\/\/www.facebook.com\/alqueraciencia","https:\/\/www.instagram.com\/alquera_ciencia\/","https:\/\/www.youtube.com\/c\/alquera"]}]},"og_availability":"instock","product_availability":"instock","product_condition":"new"},"_links":{"self":[{"href":"https:\/\/www.alquera.com\/pt\/wp-json\/wp\/v2\/product\/35931","targetHints":{"allow":["GET"]}}],"collection":[{"href":"https:\/\/www.alquera.com\/pt\/wp-json\/wp\/v2\/product"}],"about":[{"href":"https:\/\/www.alquera.com\/pt\/wp-json\/wp\/v2\/types\/product"}],"replies":[{"embeddable":true,"href":"https:\/\/www.alquera.com\/pt\/wp-json\/wp\/v2\/comments?post=35931"}],"wp:featuredmedia":[{"embeddable":true,"href":"https:\/\/www.alquera.com\/pt\/wp-json\/wp\/v2\/media\/35941"}],"wp:attachment":[{"href":"https:\/\/www.alquera.com\/pt\/wp-json\/wp\/v2\/media?parent=35931"}],"wp:term":[{"taxonomy":"product_brand","embeddable":true,"href":"https:\/\/www.alquera.com\/pt\/wp-json\/wp\/v2\/product_brand?post=35931"},{"taxonomy":"product_cat","embeddable":true,"href":"https:\/\/www.alquera.com\/pt\/wp-json\/wp\/v2\/product_cat?post=35931"},{"taxonomy":"product_tag","embeddable":true,"href":"https:\/\/www.alquera.com\/pt\/wp-json\/wp\/v2\/product_tag?post=35931"}],"curies":[{"name":"wp","href":"https:\/\/api.w.org\/{rel}","templated":true}]}}