{"id":368,"date":"2015-03-28T20:54:51","date_gmt":"2015-03-28T20:54:51","guid":{"rendered":"http:\/\/localhost\/alquera\/productos\/producto\/cloruro-de-calcio\/"},"modified":"2026-04-05T15:56:52","modified_gmt":"2026-04-05T15:56:52","slug":"cloruro-de-calcio","status":"publish","type":"product","link":"https:\/\/www.alquera.com\/pt\/cloruro-de-calcio\/","title":{"rendered":"Cloreto de C\u00e1lcio"},"content":{"rendered":"<p>O cloreto de c\u00e1lcio \u00e9 um composto qu\u00edmico, inorg\u00e2nico, mineral. \u00c9 um cristal branco, incolor e altamente higrosc\u00f3pico que reage fortemente com a \u00e1gua, produzindo uma reac\u00e7\u00e3o exot\u00e9rmica.  Descarregar ficha t\u00e9cnica internacional. <a href=\"https:\/\/www.alquera.com\/pt\/?attachment_id=33105\" target=\"_blank\" rel=\"attachment noopener wp-att-33105 noreferrer\">ICSC 1184 - CLORETO DE C\u00c1LCIO (ANIDRO)<\/a><\/p>\n<h2>IDENTIFICA\u00c7\u00c3O E PROPRIEDADES DO CLORETO DE C\u00c1LCIO<\/h2>\n<p><strong>Nome:<\/strong> Cloreto de C\u00e1lcio Gr\u00e2nulos s\u00f3lidos<br \/>\n<strong>Sin\u00f3nimos:<\/strong> Cloreto de c\u00e1lcio<br \/>\n<strong>CAS:<\/strong> 10043-52-4<br \/>\n<strong>CE:<\/strong> 233-140-8<\/p>\n<ul>\n<li>Aspecto: s\u00f3lido, flocos, gr\u00e2nulos brancos; a subst\u00e2ncia pode ter pequenas impurezas de ferro que lhe conferem uma leve tonalidade de cor no produto final, dependendo do estado de oxida\u00e7\u00e3o do ferro (branco-creme, amarelo, rosa).<\/li>\n<li>Odor: inodoro<\/li>\n<li>pH (solu\u00e7\u00e3o H2O de 10%): 7-11<\/li>\n<li>Ponto de fus\u00e3o: 782\u00baC<\/li>\n<li>Ponto de ebuli\u00e7\u00e3o: &gt;1600\u00baC<\/li>\n<li>Press\u00e3o de vapor (20\u00baC): Negligenci\u00e1vel<\/li>\n<li>Densidade (20\u00baC): 2,15 g\/cm3<\/li>\n<li>Solubilidade em \u00e1gua (20\u00baC): 745 g\/l<\/li>\n<li>Solubilidade em \u00e1gua (100\u00baC): 1590 g\/l<\/li>\n<li>Propriedades explosivas: N\u00e3o explosivas<\/li>\n<li>Propriedades oxidantes: N\u00e3o-combustivo<\/li>\n<\/ul>\n<h2>USES<\/h2>\n<ul>\n<li>Desumidifica\u00e7\u00e3o<\/li>\n<li>Descongela\u00e7\u00e3o de estradas<\/li>\n<li>Remo\u00e7\u00e3o de poeiras<\/li>\n<li>Meio de arrefecimento<\/li>\n<li>Aditivo alimentar<\/li>\n<li>Ajudas na perfura\u00e7\u00e3o de po\u00e7os de petr\u00f3leo e outras \u00e1reas de aplica\u00e7\u00e3o.<\/li>\n<\/ul>\n<p>&nbsp;<\/p>\n<p>&nbsp;<\/p>\n<p>&nbsp;<\/p>\n<p>&nbsp;<\/p>\n<p>&nbsp;<\/p>\n<p>&nbsp;<\/p>\n<p>&nbsp;<\/p>\n<p>&nbsp;<\/p>\n<p>&nbsp;<\/p>\n<p>&nbsp;<\/p>\n<p>&nbsp;<\/p>\n<p>&nbsp;<\/p>\n<p>&nbsp;<\/p>\n<p>&nbsp;<\/p>","protected":false},"excerpt":{"rendered":"<p>Comprar cloreto de c\u00e1lcio de embalagens de 1kg a sacos de 25kg. O pre\u00e7o dos diferentes formatos de Cloreto de C\u00e1lcio pode ser visto quando se selecciona o formato que se pretende. A encomenda \u00e9 feita directamente atrav\u00e9s da web seguindo os passos indicados, sendo entregue em 24\/48 horas.<\/p>","protected":false},"featured_media":35828,"comment_status":"open","ping_status":"closed","template":"","meta":{"_acf_changed":false,"site-sidebar-layout":"default","site-content-layout":"default","ast-site-content-layout":"default","site-content-style":"default","site-sidebar-style":"default","ast-global-header-display":"","ast-banner-title-visibility":"","ast-main-header-display":"","ast-hfb-above-header-display":"","ast-hfb-below-header-display":"","ast-hfb-mobile-header-display":"","site-post-title":"","ast-breadcrumbs-content":"","ast-featured-img":"","footer-sml-layout":"","ast-disable-related-posts":"","theme-transparent-header-meta":"default","adv-header-id-meta":"","stick-header-meta":"default","header-above-stick-meta":"","header-main-stick-meta":"","header-below-stick-meta":"","astra-migrate-meta-layouts":"set","ast-page-background-enabled":"default","ast-page-background-meta":{"desktop":{"background-color":"var(--ast-global-color-4)","background-image":"","background-repeat":"repeat","background-position":"center center","background-size":"auto","background-attachment":"scroll","background-type":"","background-media":"","overlay-type":"","overlay-color":"","overlay-opacity":"","overlay-gradient":""},"tablet":{"background-color":"","background-image":"","background-repeat":"repeat","background-position":"center center","background-size":"auto","background-attachment":"scroll","background-type":"","background-media":"","overlay-type":"","overlay-color":"","overlay-opacity":"","overlay-gradient":""},"mobile":{"background-color":"","background-image":"","background-repeat":"repeat","background-position":"center center","background-size":"auto","background-attachment":"scroll","background-type":"","background-media":"","overlay-type":"","overlay-color":"","overlay-opacity":"","overlay-gradient":""}},"ast-content-background-meta":{"desktop":{"background-color":"var(--ast-global-color-5)","background-image":"","background-repeat":"repeat","background-position":"center center","background-size":"auto","background-attachment":"scroll","background-type":"","background-media":"","overlay-type":"","overlay-color":"","overlay-opacity":"","overlay-gradient":""},"tablet":{"background-color":"var(--ast-global-color-5)","background-image":"","background-repeat":"repeat","background-position":"center center","background-size":"auto","background-attachment":"scroll","background-type":"","background-media":"","overlay-type":"","overlay-color":"","overlay-opacity":"","overlay-gradient":""},"mobile":{"background-color":"var(--ast-global-color-5)","background-image":"","background-repeat":"repeat","background-position":"center center","background-size":"auto","background-attachment":"scroll","background-type":"","background-media":"","overlay-type":"","overlay-color":"","overlay-opacity":"","overlay-gradient":""}}},"product_brand":[],"product_cat":[21],"product_tag":[],"class_list":{"0":"post-368","1":"product","2":"type-product","3":"status-publish","4":"has-post-thumbnail","6":"product_cat-productos","7":"pa_cantidad-500g","8":"pa_cantidad-1kg","9":"pa_cantidad-5kg","10":"pa_cantidad-25kg","11":"desktop-align-left","12":"tablet-align-left","13":"mobile-align-left","14":"ast-product-gallery-layout-horizontal-slider","15":"ast-magnify-disabled","16":"ast-product-single-variable","17":"ast-product-tabs-layout-horizontal","18":"ast-qv-on-image","20":"first","21":"instock","22":"taxable","23":"shipping-taxable","24":"purchasable","25":"product-type-variable","26":"has-default-attributes"},"acf":[],"yoast_head":"<!-- This site is optimized with the Yoast SEO Premium plugin v27.1 (Yoast SEO v27.1.1) - https:\/\/yoast.com\/product\/yoast-seo-premium-wordpress\/ -->\n<title>Cloruro de Calcio: Comprar Online - Alquera.com<\/title>\n<meta name=\"description\" content=\"ENV\u00cdOS EN 24\/48H. Comprar Cloruro de Calcio en Alquera. M\u00faltiples usos como deshumificador, sal para bajar temperatura de helado, fraguado.\" \/>\n<meta name=\"robots\" content=\"index, follow, max-snippet:-1, max-image-preview:large, max-video-preview:-1\" \/>\n<link rel=\"canonical\" href=\"https:\/\/www.alquera.com\/pt\/cloruro-de-calcio\/\" \/>\n<meta property=\"og:locale\" content=\"pt_PT\" \/>\n<meta property=\"og:type\" content=\"article\" \/>\n<meta property=\"og:title\" content=\"Cloruro de Calcio: Comprar Online - Alquera.com\" \/>\n<meta property=\"og:description\" content=\"ENV\u00cdOS EN 24\/48H. Comprar Cloruro de Calcio en Alquera. M\u00faltiples usos como deshumificador, sal para bajar temperatura de helado, fraguado.\" \/>\n<meta property=\"og:url\" content=\"https:\/\/www.alquera.com\/pt\/cloruro-de-calcio\/\" \/>\n<meta property=\"og:site_name\" content=\"Alquera.com\" \/>\n<meta property=\"article:publisher\" content=\"https:\/\/www.facebook.com\/alqueraciencia\" \/>\n<meta property=\"article:modified_time\" content=\"2026-04-05T15:56:52+00:00\" \/>\n<meta property=\"og:image\" content=\"https:\/\/www.alquera.com\/wp-content\/uploads\/2015\/03\/CLORURO-DE-CALCIO.png\" \/>\n\t<meta property=\"og:image:width\" content=\"800\" \/>\n\t<meta property=\"og:image:height\" content=\"800\" \/>\n\t<meta property=\"og:image:type\" content=\"image\/png\" \/>\n<meta name=\"twitter:card\" content=\"summary_large_image\" \/>\n<meta name=\"twitter:label1\" content=\"Disponibilidade\" \/>\n\t<meta name=\"twitter:data1\" content=\"Em stock\" \/>\n<script type=\"application\/ld+json\" class=\"yoast-schema-graph\">{\"@context\":\"https:\/\/schema.org\",\"@graph\":[{\"@type\":[\"WebPage\",\"ItemPage\"],\"@id\":\"https:\/\/www.alquera.com\/cloruro-de-calcio\/\",\"url\":\"https:\/\/www.alquera.com\/cloruro-de-calcio\/\",\"name\":\"Cloruro de Calcio: Comprar Online - Alquera.com\",\"isPartOf\":{\"@id\":\"https:\/\/www.alquera.com\/en\/#website\"},\"primaryImageOfPage\":{\"@id\":\"https:\/\/www.alquera.com\/cloruro-de-calcio\/#primaryimage\"},\"image\":{\"@id\":\"https:\/\/www.alquera.com\/cloruro-de-calcio\/#primaryimage\"},\"thumbnailUrl\":\"https:\/\/www.alquera.com\/wp-content\/uploads\/2015\/03\/CLORURO-DE-CALCIO.png\",\"datePublished\":\"2015-03-28T20:54:51+00:00\",\"dateModified\":\"2026-04-05T15:56:52+00:00\",\"description\":\"ENV\u00cdOS EN 24\/48H. Comprar Cloruro de Calcio en Alquera. M\u00faltiples usos como deshumificador, sal para bajar temperatura de helado, fraguado.\",\"breadcrumb\":{\"@id\":\"https:\/\/www.alquera.com\/cloruro-de-calcio\/#breadcrumb\"},\"inLanguage\":\"pt-PT\",\"potentialAction\":[{\"@type\":\"ReadAction\",\"target\":[\"https:\/\/www.alquera.com\/cloruro-de-calcio\/\"]}]},{\"@type\":\"ImageObject\",\"inLanguage\":\"pt-PT\",\"@id\":\"https:\/\/www.alquera.com\/cloruro-de-calcio\/#primaryimage\",\"url\":\"https:\/\/www.alquera.com\/wp-content\/uploads\/2015\/03\/CLORURO-DE-CALCIO.png\",\"contentUrl\":\"https:\/\/www.alquera.com\/wp-content\/uploads\/2015\/03\/CLORURO-DE-CALCIO.png\",\"width\":800,\"height\":800,\"caption\":\"CLORURO DE CALCIO\"},{\"@type\":\"BreadcrumbList\",\"@id\":\"https:\/\/www.alquera.com\/cloruro-de-calcio\/#breadcrumb\",\"itemListElement\":[{\"@type\":\"ListItem\",\"position\":1,\"name\":\"Inicio\",\"item\":\"https:\/\/www.alquera.com\/\"},{\"@type\":\"ListItem\",\"position\":2,\"name\":\"Alquera.com: Tienda Online de Productos Qu\u00edmicos y Material de Laboratorio\",\"item\":\"https:\/\/www.alquera.com\/en\/tienda\/\"},{\"@type\":\"ListItem\",\"position\":3,\"name\":\"Cloruro de Calcio\"}]},{\"@type\":\"WebSite\",\"@id\":\"https:\/\/www.alquera.com\/en\/#website\",\"url\":\"https:\/\/www.alquera.com\/en\/\",\"name\":\"Alquera.com\",\"description\":\"Tienda Online Productos Qu\u00edmicos y Material de Laboratorio\",\"publisher\":{\"@id\":\"https:\/\/www.alquera.com\/en\/#organization\"},\"potentialAction\":[{\"@type\":\"SearchAction\",\"target\":{\"@type\":\"EntryPoint\",\"urlTemplate\":\"https:\/\/www.alquera.com\/en\/?s={search_term_string}\"},\"query-input\":{\"@type\":\"PropertyValueSpecification\",\"valueRequired\":true,\"valueName\":\"search_term_string\"}}],\"inLanguage\":\"pt-PT\"},{\"@type\":\"Organization\",\"@id\":\"https:\/\/www.alquera.com\/en\/#organization\",\"name\":\"ALQUERA CIENCIA SL\",\"url\":\"https:\/\/www.alquera.com\/en\/\",\"logo\":{\"@type\":\"ImageObject\",\"inLanguage\":\"pt-PT\",\"@id\":\"https:\/\/www.alquera.com\/en\/#\/schema\/logo\/image\/\",\"url\":\"https:\/\/www.alquera.com\/wp-content\/uploads\/2020\/11\/logo_300_ancho.png\",\"contentUrl\":\"https:\/\/www.alquera.com\/wp-content\/uploads\/2020\/11\/logo_300_ancho.png\",\"width\":300,\"height\":86,\"caption\":\"ALQUERA CIENCIA SL\"},\"image\":{\"@id\":\"https:\/\/www.alquera.com\/en\/#\/schema\/logo\/image\/\"},\"sameAs\":[\"https:\/\/www.facebook.com\/alqueraciencia\",\"https:\/\/www.instagram.com\/alquera_ciencia\/\",\"https:\/\/www.youtube.com\/c\/alquera\"]}]}<\/script>\n<meta property=\"og:availability\" content=\"instock\" \/>\n<meta property=\"product:availability\" content=\"instock\" \/>\n<meta property=\"product:retailer_item_id\" content=\"AL10005500\" \/>\n<meta property=\"product:condition\" content=\"new\" \/>\n<!-- \/ Yoast SEO Premium plugin. -->","yoast_head_json":{"title":"Cloreto de C\u00e1lcio: Comprar Online - Alquera.com","description":"ENTREGA 24\/48H. Comprar cloreto de c\u00e1lcio em Alquera. Utiliza\u00e7\u00f5es m\u00faltiplas como desumidificador, sal para baixar a temperatura do gelado, ajuste.","robots":{"index":"index","follow":"follow","max-snippet":"max-snippet:-1","max-image-preview":"max-image-preview:large","max-video-preview":"max-video-preview:-1"},"canonical":"https:\/\/www.alquera.com\/pt\/cloruro-de-calcio\/","og_locale":"pt_PT","og_type":"article","og_title":"Cloruro de Calcio: Comprar Online - Alquera.com","og_description":"ENV\u00cdOS EN 24\/48H. Comprar Cloruro de Calcio en Alquera. M\u00faltiples usos como deshumificador, sal para bajar temperatura de helado, fraguado.","og_url":"https:\/\/www.alquera.com\/pt\/cloruro-de-calcio\/","og_site_name":"Alquera.com","article_publisher":"https:\/\/www.facebook.com\/alqueraciencia","article_modified_time":"2026-04-05T15:56:52+00:00","og_image":[{"width":800,"height":800,"url":"https:\/\/www.alquera.com\/wp-content\/uploads\/2015\/03\/CLORURO-DE-CALCIO.png","type":"image\/png"}],"twitter_card":"summary_large_image","twitter_misc":{"Disponibilidade":"Em stock"},"schema":{"@context":"https:\/\/schema.org","@graph":[{"@type":["WebPage","ItemPage"],"@id":"https:\/\/www.alquera.com\/cloruro-de-calcio\/","url":"https:\/\/www.alquera.com\/cloruro-de-calcio\/","name":"Cloreto de C\u00e1lcio: Comprar Online - Alquera.com","isPartOf":{"@id":"https:\/\/www.alquera.com\/en\/#website"},"primaryImageOfPage":{"@id":"https:\/\/www.alquera.com\/cloruro-de-calcio\/#primaryimage"},"image":{"@id":"https:\/\/www.alquera.com\/cloruro-de-calcio\/#primaryimage"},"thumbnailUrl":"https:\/\/www.alquera.com\/wp-content\/uploads\/2015\/03\/CLORURO-DE-CALCIO.png","datePublished":"2015-03-28T20:54:51+00:00","dateModified":"2026-04-05T15:56:52+00:00","description":"ENTREGA 24\/48H. Comprar cloreto de c\u00e1lcio em Alquera. Utiliza\u00e7\u00f5es m\u00faltiplas como desumidificador, sal para baixar a temperatura do gelado, ajuste.","breadcrumb":{"@id":"https:\/\/www.alquera.com\/cloruro-de-calcio\/#breadcrumb"},"inLanguage":"pt-PT","potentialAction":[{"@type":"ReadAction","target":["https:\/\/www.alquera.com\/cloruro-de-calcio\/"]}]},{"@type":"ImageObject","inLanguage":"pt-PT","@id":"https:\/\/www.alquera.com\/cloruro-de-calcio\/#primaryimage","url":"https:\/\/www.alquera.com\/wp-content\/uploads\/2015\/03\/CLORURO-DE-CALCIO.png","contentUrl":"https:\/\/www.alquera.com\/wp-content\/uploads\/2015\/03\/CLORURO-DE-CALCIO.png","width":800,"height":800,"caption":"CLORURO DE CALCIO"},{"@type":"BreadcrumbList","@id":"https:\/\/www.alquera.com\/cloruro-de-calcio\/#breadcrumb","itemListElement":[{"@type":"ListItem","position":1,"name":"Inicio","item":"https:\/\/www.alquera.com\/"},{"@type":"ListItem","position":2,"name":"Alquera.com: Tienda Online de Productos Qu\u00edmicos y Material de Laboratorio","item":"https:\/\/www.alquera.com\/en\/tienda\/"},{"@type":"ListItem","position":3,"name":"Cloruro de Calcio"}]},{"@type":"WebSite","@id":"https:\/\/www.alquera.com\/en\/#website","url":"https:\/\/www.alquera.com\/en\/","name":"Alquera.com","description":"Loja on-line de produtos qu\u00edmicos e equipamento de laborat\u00f3rio","publisher":{"@id":"https:\/\/www.alquera.com\/en\/#organization"},"potentialAction":[{"@type":"SearchAction","target":{"@type":"EntryPoint","urlTemplate":"https:\/\/www.alquera.com\/en\/?s={search_term_string}"},"query-input":{"@type":"PropertyValueSpecification","valueRequired":true,"valueName":"search_term_string"}}],"inLanguage":"pt-PT"},{"@type":"Organization","@id":"https:\/\/www.alquera.com\/en\/#organization","name":"ALQUERA CIENCIA SL","url":"https:\/\/www.alquera.com\/en\/","logo":{"@type":"ImageObject","inLanguage":"pt-PT","@id":"https:\/\/www.alquera.com\/en\/#\/schema\/logo\/image\/","url":"https:\/\/www.alquera.com\/wp-content\/uploads\/2020\/11\/logo_300_ancho.png","contentUrl":"https:\/\/www.alquera.com\/wp-content\/uploads\/2020\/11\/logo_300_ancho.png","width":300,"height":86,"caption":"ALQUERA CIENCIA SL"},"image":{"@id":"https:\/\/www.alquera.com\/en\/#\/schema\/logo\/image\/"},"sameAs":["https:\/\/www.facebook.com\/alqueraciencia","https:\/\/www.instagram.com\/alquera_ciencia\/","https:\/\/www.youtube.com\/c\/alquera"]}]},"og_availability":"instock","product_availability":"instock","product_retailer_item_id":"AL10005500","product_condition":"new"},"_links":{"self":[{"href":"https:\/\/www.alquera.com\/pt\/wp-json\/wp\/v2\/product\/368","targetHints":{"allow":["GET"]}}],"collection":[{"href":"https:\/\/www.alquera.com\/pt\/wp-json\/wp\/v2\/product"}],"about":[{"href":"https:\/\/www.alquera.com\/pt\/wp-json\/wp\/v2\/types\/product"}],"replies":[{"embeddable":true,"href":"https:\/\/www.alquera.com\/pt\/wp-json\/wp\/v2\/comments?post=368"}],"wp:featuredmedia":[{"embeddable":true,"href":"https:\/\/www.alquera.com\/pt\/wp-json\/wp\/v2\/media\/35828"}],"wp:attachment":[{"href":"https:\/\/www.alquera.com\/pt\/wp-json\/wp\/v2\/media?parent=368"}],"wp:term":[{"taxonomy":"product_brand","embeddable":true,"href":"https:\/\/www.alquera.com\/pt\/wp-json\/wp\/v2\/product_brand?post=368"},{"taxonomy":"product_cat","embeddable":true,"href":"https:\/\/www.alquera.com\/pt\/wp-json\/wp\/v2\/product_cat?post=368"},{"taxonomy":"product_tag","embeddable":true,"href":"https:\/\/www.alquera.com\/pt\/wp-json\/wp\/v2\/product_tag?post=368"}],"curies":[{"name":"wp","href":"https:\/\/api.w.org\/{rel}","templated":true}]}}