{"id":37072,"date":"2022-03-02T15:11:02","date_gmt":"2022-03-02T15:11:02","guid":{"rendered":"https:\/\/www.alquera.com\/?post_type=product&#038;p=37072"},"modified":"2025-11-13T08:39:20","modified_gmt":"2025-11-13T08:39:20","slug":"cubo-tapa","status":"publish","type":"product","link":"https:\/\/www.alquera.com\/pt\/cubo-tapa\/","title":{"rendered":"Balde + Tampa"},"content":{"rendered":"<p>- Tamanhos de baldes: 2L, 5.5L e 11L<br \/>\n- Baldes aprovados pela ADR para o transporte de mercadorias perigosas.<br \/>\n- Produto de alta qualidade: resistente, seguro, pr\u00e1tico e f\u00e1cil de manusear.<br \/>\n- Cubos empilh\u00e1veis e optimizados em palete.<br \/>\n- V\u00e1rios tipos de tampas dispon\u00edveis: standard, tintom\u00e9tricas, com bico de verter.<br \/>\n- Especialmente destinado aos sectores qu\u00edmico e da manuten\u00e7\u00e3o da \u00e1gua,<br \/>\nmanuten\u00e7\u00e3o industrial, colas, etc...<br \/>\n- Utiliza\u00e7\u00e3o alimentar.<br \/>\n- Balde e Tampa de Branco<\/p>\n<p><img loading=\"lazy\" decoding=\"async\" class=\"alignnone size-full wp-image-37079\" src=\"https:\/\/www.alquera.com\/wp-content\/uploads\/2022\/03\/CUBOS.png\" alt=\"CUBOS TAMA\u00d1OS\" width=\"800\" height=\"580\" srcset=\"https:\/\/www.alquera.com\/wp-content\/uploads\/2022\/03\/CUBOS.png 800w, https:\/\/www.alquera.com\/wp-content\/uploads\/2022\/03\/CUBOS-300x218.png 300w, https:\/\/www.alquera.com\/wp-content\/uploads\/2022\/03\/CUBOS-1024x743.png 1024w, https:\/\/www.alquera.com\/wp-content\/uploads\/2022\/03\/CUBOS-768x557.png 768w, https:\/\/www.alquera.com\/wp-content\/uploads\/2022\/03\/CUBOS-600x435.png 600w\" sizes=\"auto, (max-width: 800px) 100vw, 800px\" \/><\/p>","protected":false},"excerpt":{"rendered":"<p>Comprar Contentores Cubo PP Branco com Tampa nos tamanhos 2L, 6,6L e 11L. Pode ver o pre\u00e7o dos diferentes formatos de baldes quando selecciona o formato desejado. A encomenda \u00e9 feita directamente atrav\u00e9s da Web seguindo os passos indicados, e a entrega \u00e9 feita em 24\/48 horas. Pode ver mais formatos de contentores aqui: contentores <a href=\"https:\/\/www.alquera.com\/pt\/envases\/\">contentores\u00a0<\/a><\/p>","protected":false},"featured_media":37078,"comment_status":"open","ping_status":"closed","template":"","meta":{"_acf_changed":false,"site-sidebar-layout":"default","site-content-layout":"default","ast-site-content-layout":"default","site-content-style":"default","site-sidebar-style":"default","ast-global-header-display":"","ast-banner-title-visibility":"","ast-main-header-display":"","ast-hfb-above-header-display":"","ast-hfb-below-header-display":"","ast-hfb-mobile-header-display":"","site-post-title":"","ast-breadcrumbs-content":"","ast-featured-img":"","footer-sml-layout":"","ast-disable-related-posts":"","theme-transparent-header-meta":"default","adv-header-id-meta":"","stick-header-meta":"default","header-above-stick-meta":"","header-main-stick-meta":"","header-below-stick-meta":"","astra-migrate-meta-layouts":"set","ast-page-background-enabled":"default","ast-page-background-meta":{"desktop":{"background-color":"var(--ast-global-color-4)","background-image":"","background-repeat":"repeat","background-position":"center center","background-size":"auto","background-attachment":"scroll","background-type":"","background-media":"","overlay-type":"","overlay-color":"","overlay-opacity":"","overlay-gradient":""},"tablet":{"background-color":"","background-image":"","background-repeat":"repeat","background-position":"center center","background-size":"auto","background-attachment":"scroll","background-type":"","background-media":"","overlay-type":"","overlay-color":"","overlay-opacity":"","overlay-gradient":""},"mobile":{"background-color":"","background-image":"","background-repeat":"repeat","background-position":"center center","background-size":"auto","background-attachment":"scroll","background-type":"","background-media":"","overlay-type":"","overlay-color":"","overlay-opacity":"","overlay-gradient":""}},"ast-content-background-meta":{"desktop":{"background-color":"var(--ast-global-color-5)","background-image":"","background-repeat":"repeat","background-position":"center center","background-size":"auto","background-attachment":"scroll","background-type":"","background-media":"","overlay-type":"","overlay-color":"","overlay-opacity":"","overlay-gradient":""},"tablet":{"background-color":"var(--ast-global-color-5)","background-image":"","background-repeat":"repeat","background-position":"center center","background-size":"auto","background-attachment":"scroll","background-type":"","background-media":"","overlay-type":"","overlay-color":"","overlay-opacity":"","overlay-gradient":""},"mobile":{"background-color":"var(--ast-global-color-5)","background-image":"","background-repeat":"repeat","background-position":"center center","background-size":"auto","background-attachment":"scroll","background-type":"","background-media":"","overlay-type":"","overlay-color":"","overlay-opacity":"","overlay-gradient":""}}},"product_brand":[],"product_cat":[310],"product_tag":[],"class_list":{"0":"post-37072","1":"product","2":"type-product","3":"status-publish","4":"has-post-thumbnail","6":"product_cat-envases","7":"pa_cantidad-2l","8":"pa_cantidad-55l","9":"pa_cantidad-11l","10":"desktop-align-left","11":"tablet-align-left","12":"mobile-align-left","13":"ast-product-gallery-layout-horizontal-slider","14":"ast-magnify-disabled","15":"ast-product-single-variable","16":"ast-product-tabs-layout-horizontal","17":"ast-qv-on-image","19":"first","20":"instock","21":"taxable","22":"shipping-taxable","23":"purchasable","24":"product-type-variable","25":"has-default-attributes"},"acf":[],"yoast_head":"<!-- This site is optimized with the Yoast SEO Premium plugin v27.1 (Yoast SEO v27.1.1) - https:\/\/yoast.com\/product\/yoast-seo-premium-wordpress\/ -->\n<title>Cubo + Tapa: Comprar Online - Alquera.com<\/title>\n<meta name=\"robots\" content=\"index, follow, max-snippet:-1, max-image-preview:large, max-video-preview:-1\" \/>\n<link rel=\"canonical\" href=\"https:\/\/www.alquera.com\/pt\/cubo-tapa\/\" \/>\n<meta property=\"og:locale\" content=\"pt_PT\" \/>\n<meta property=\"og:type\" content=\"article\" \/>\n<meta property=\"og:title\" content=\"Cubo + Tapa: Comprar Online - Alquera.com\" \/>\n<meta property=\"og:description\" content=\"Comprar Envases Cubos de PP Blanco con su Tapa en tama\u00f1os de 2L, 5,5L y 11L. El precio de los diferentes formatos de Cubos lo puedes ver al seleccionar el formato que deseas. El pedido se realiza directamente por la Web siguiendo los pasos que se indican, haci\u00e9ndose la entrega en 24\/48 horas. Puedes ver m\u00e1s formatos de envases aqu\u00ed: envases\u00a0\" \/>\n<meta property=\"og:url\" content=\"https:\/\/www.alquera.com\/pt\/cubo-tapa\/\" \/>\n<meta property=\"og:site_name\" content=\"Alquera.com\" \/>\n<meta property=\"article:publisher\" content=\"https:\/\/www.facebook.com\/alqueraciencia\" \/>\n<meta property=\"article:modified_time\" content=\"2025-11-13T08:39:20+00:00\" \/>\n<meta property=\"og:image\" content=\"https:\/\/www.alquera.com\/wp-content\/uploads\/2022\/03\/CUBO.png\" \/>\n\t<meta property=\"og:image:width\" content=\"600\" \/>\n\t<meta property=\"og:image:height\" content=\"600\" \/>\n\t<meta property=\"og:image:type\" content=\"image\/png\" \/>\n<meta name=\"twitter:card\" content=\"summary_large_image\" \/>\n<meta name=\"twitter:label1\" content=\"Disponibilidade\" \/>\n\t<meta name=\"twitter:data1\" content=\"Em stock\" \/>\n<script type=\"application\/ld+json\" class=\"yoast-schema-graph\">{\"@context\":\"https:\/\/schema.org\",\"@graph\":[{\"@type\":[\"WebPage\",\"ItemPage\"],\"@id\":\"https:\/\/www.alquera.com\/cubo-tapa\/\",\"url\":\"https:\/\/www.alquera.com\/cubo-tapa\/\",\"name\":\"Cubo + Tapa: Comprar Online - Alquera.com\",\"isPartOf\":{\"@id\":\"https:\/\/www.alquera.com\/en\/#website\"},\"primaryImageOfPage\":{\"@id\":\"https:\/\/www.alquera.com\/cubo-tapa\/#primaryimage\"},\"image\":{\"@id\":\"https:\/\/www.alquera.com\/cubo-tapa\/#primaryimage\"},\"thumbnailUrl\":\"https:\/\/www.alquera.com\/wp-content\/uploads\/2022\/03\/CUBO.png\",\"datePublished\":\"2022-03-02T15:11:02+00:00\",\"dateModified\":\"2025-11-13T08:39:20+00:00\",\"breadcrumb\":{\"@id\":\"https:\/\/www.alquera.com\/cubo-tapa\/#breadcrumb\"},\"inLanguage\":\"pt-PT\",\"potentialAction\":[{\"@type\":\"ReadAction\",\"target\":[\"https:\/\/www.alquera.com\/cubo-tapa\/\"]}]},{\"@type\":\"ImageObject\",\"inLanguage\":\"pt-PT\",\"@id\":\"https:\/\/www.alquera.com\/cubo-tapa\/#primaryimage\",\"url\":\"https:\/\/www.alquera.com\/wp-content\/uploads\/2022\/03\/CUBO.png\",\"contentUrl\":\"https:\/\/www.alquera.com\/wp-content\/uploads\/2022\/03\/CUBO.png\",\"width\":600,\"height\":600,\"caption\":\"CUBO\"},{\"@type\":\"BreadcrumbList\",\"@id\":\"https:\/\/www.alquera.com\/cubo-tapa\/#breadcrumb\",\"itemListElement\":[{\"@type\":\"ListItem\",\"position\":1,\"name\":\"Inicio\",\"item\":\"https:\/\/www.alquera.com\/\"},{\"@type\":\"ListItem\",\"position\":2,\"name\":\"Alquera.com: Tienda Online de Productos Qu\u00edmicos y Material de Laboratorio\",\"item\":\"https:\/\/www.alquera.com\/en\/tienda\/\"},{\"@type\":\"ListItem\",\"position\":3,\"name\":\"Cubo + Tapa\"}]},{\"@type\":\"WebSite\",\"@id\":\"https:\/\/www.alquera.com\/en\/#website\",\"url\":\"https:\/\/www.alquera.com\/en\/\",\"name\":\"Alquera.com\",\"description\":\"Tienda Online Productos Qu\u00edmicos y Material de Laboratorio\",\"publisher\":{\"@id\":\"https:\/\/www.alquera.com\/en\/#organization\"},\"potentialAction\":[{\"@type\":\"SearchAction\",\"target\":{\"@type\":\"EntryPoint\",\"urlTemplate\":\"https:\/\/www.alquera.com\/en\/?s={search_term_string}\"},\"query-input\":{\"@type\":\"PropertyValueSpecification\",\"valueRequired\":true,\"valueName\":\"search_term_string\"}}],\"inLanguage\":\"pt-PT\"},{\"@type\":\"Organization\",\"@id\":\"https:\/\/www.alquera.com\/en\/#organization\",\"name\":\"ALQUERA CIENCIA SL\",\"url\":\"https:\/\/www.alquera.com\/en\/\",\"logo\":{\"@type\":\"ImageObject\",\"inLanguage\":\"pt-PT\",\"@id\":\"https:\/\/www.alquera.com\/en\/#\/schema\/logo\/image\/\",\"url\":\"https:\/\/www.alquera.com\/wp-content\/uploads\/2020\/11\/logo_300_ancho.png\",\"contentUrl\":\"https:\/\/www.alquera.com\/wp-content\/uploads\/2020\/11\/logo_300_ancho.png\",\"width\":300,\"height\":86,\"caption\":\"ALQUERA CIENCIA SL\"},\"image\":{\"@id\":\"https:\/\/www.alquera.com\/en\/#\/schema\/logo\/image\/\"},\"sameAs\":[\"https:\/\/www.facebook.com\/alqueraciencia\",\"https:\/\/www.instagram.com\/alquera_ciencia\/\",\"https:\/\/www.youtube.com\/c\/alquera\"]}]}<\/script>\n<meta property=\"og:availability\" content=\"instock\" \/>\n<meta property=\"product:availability\" content=\"instock\" \/>\n<meta property=\"product:condition\" content=\"new\" \/>\n<!-- \/ Yoast SEO Premium plugin. -->","yoast_head_json":{"title":"Balde + Tampa: Comprar Online - Alquera.com","robots":{"index":"index","follow":"follow","max-snippet":"max-snippet:-1","max-image-preview":"max-image-preview:large","max-video-preview":"max-video-preview:-1"},"canonical":"https:\/\/www.alquera.com\/pt\/cubo-tapa\/","og_locale":"pt_PT","og_type":"article","og_title":"Cubo + Tapa: Comprar Online - Alquera.com","og_description":"Comprar Envases Cubos de PP Blanco con su Tapa en tama\u00f1os de 2L, 5,5L y 11L. El precio de los diferentes formatos de Cubos lo puedes ver al seleccionar el formato que deseas. El pedido se realiza directamente por la Web siguiendo los pasos que se indican, haci\u00e9ndose la entrega en 24\/48 horas. Puedes ver m\u00e1s formatos de envases aqu\u00ed: envases\u00a0","og_url":"https:\/\/www.alquera.com\/pt\/cubo-tapa\/","og_site_name":"Alquera.com","article_publisher":"https:\/\/www.facebook.com\/alqueraciencia","article_modified_time":"2025-11-13T08:39:20+00:00","og_image":[{"width":600,"height":600,"url":"https:\/\/www.alquera.com\/wp-content\/uploads\/2022\/03\/CUBO.png","type":"image\/png"}],"twitter_card":"summary_large_image","twitter_misc":{"Disponibilidade":"Em stock"},"schema":{"@context":"https:\/\/schema.org","@graph":[{"@type":["WebPage","ItemPage"],"@id":"https:\/\/www.alquera.com\/cubo-tapa\/","url":"https:\/\/www.alquera.com\/cubo-tapa\/","name":"Balde + Tampa: Comprar Online - Alquera.com","isPartOf":{"@id":"https:\/\/www.alquera.com\/en\/#website"},"primaryImageOfPage":{"@id":"https:\/\/www.alquera.com\/cubo-tapa\/#primaryimage"},"image":{"@id":"https:\/\/www.alquera.com\/cubo-tapa\/#primaryimage"},"thumbnailUrl":"https:\/\/www.alquera.com\/wp-content\/uploads\/2022\/03\/CUBO.png","datePublished":"2022-03-02T15:11:02+00:00","dateModified":"2025-11-13T08:39:20+00:00","breadcrumb":{"@id":"https:\/\/www.alquera.com\/cubo-tapa\/#breadcrumb"},"inLanguage":"pt-PT","potentialAction":[{"@type":"ReadAction","target":["https:\/\/www.alquera.com\/cubo-tapa\/"]}]},{"@type":"ImageObject","inLanguage":"pt-PT","@id":"https:\/\/www.alquera.com\/cubo-tapa\/#primaryimage","url":"https:\/\/www.alquera.com\/wp-content\/uploads\/2022\/03\/CUBO.png","contentUrl":"https:\/\/www.alquera.com\/wp-content\/uploads\/2022\/03\/CUBO.png","width":600,"height":600,"caption":"CUBO"},{"@type":"BreadcrumbList","@id":"https:\/\/www.alquera.com\/cubo-tapa\/#breadcrumb","itemListElement":[{"@type":"ListItem","position":1,"name":"Inicio","item":"https:\/\/www.alquera.com\/"},{"@type":"ListItem","position":2,"name":"Alquera.com: Tienda Online de Productos Qu\u00edmicos y Material de Laboratorio","item":"https:\/\/www.alquera.com\/en\/tienda\/"},{"@type":"ListItem","position":3,"name":"Cubo + Tapa"}]},{"@type":"WebSite","@id":"https:\/\/www.alquera.com\/en\/#website","url":"https:\/\/www.alquera.com\/en\/","name":"Alquera.com","description":"Loja on-line de produtos qu\u00edmicos e equipamento de laborat\u00f3rio","publisher":{"@id":"https:\/\/www.alquera.com\/en\/#organization"},"potentialAction":[{"@type":"SearchAction","target":{"@type":"EntryPoint","urlTemplate":"https:\/\/www.alquera.com\/en\/?s={search_term_string}"},"query-input":{"@type":"PropertyValueSpecification","valueRequired":true,"valueName":"search_term_string"}}],"inLanguage":"pt-PT"},{"@type":"Organization","@id":"https:\/\/www.alquera.com\/en\/#organization","name":"ALQUERA CIENCIA SL","url":"https:\/\/www.alquera.com\/en\/","logo":{"@type":"ImageObject","inLanguage":"pt-PT","@id":"https:\/\/www.alquera.com\/en\/#\/schema\/logo\/image\/","url":"https:\/\/www.alquera.com\/wp-content\/uploads\/2020\/11\/logo_300_ancho.png","contentUrl":"https:\/\/www.alquera.com\/wp-content\/uploads\/2020\/11\/logo_300_ancho.png","width":300,"height":86,"caption":"ALQUERA CIENCIA SL"},"image":{"@id":"https:\/\/www.alquera.com\/en\/#\/schema\/logo\/image\/"},"sameAs":["https:\/\/www.facebook.com\/alqueraciencia","https:\/\/www.instagram.com\/alquera_ciencia\/","https:\/\/www.youtube.com\/c\/alquera"]}]},"og_availability":"instock","product_availability":"instock","product_condition":"new"},"_links":{"self":[{"href":"https:\/\/www.alquera.com\/pt\/wp-json\/wp\/v2\/product\/37072","targetHints":{"allow":["GET"]}}],"collection":[{"href":"https:\/\/www.alquera.com\/pt\/wp-json\/wp\/v2\/product"}],"about":[{"href":"https:\/\/www.alquera.com\/pt\/wp-json\/wp\/v2\/types\/product"}],"replies":[{"embeddable":true,"href":"https:\/\/www.alquera.com\/pt\/wp-json\/wp\/v2\/comments?post=37072"}],"wp:featuredmedia":[{"embeddable":true,"href":"https:\/\/www.alquera.com\/pt\/wp-json\/wp\/v2\/media\/37078"}],"wp:attachment":[{"href":"https:\/\/www.alquera.com\/pt\/wp-json\/wp\/v2\/media?parent=37072"}],"wp:term":[{"taxonomy":"product_brand","embeddable":true,"href":"https:\/\/www.alquera.com\/pt\/wp-json\/wp\/v2\/product_brand?post=37072"},{"taxonomy":"product_cat","embeddable":true,"href":"https:\/\/www.alquera.com\/pt\/wp-json\/wp\/v2\/product_cat?post=37072"},{"taxonomy":"product_tag","embeddable":true,"href":"https:\/\/www.alquera.com\/pt\/wp-json\/wp\/v2\/product_tag?post=37072"}],"curies":[{"name":"wp","href":"https:\/\/api.w.org\/{rel}","templated":true}]}}