{"id":373,"date":"2015-04-09T12:04:21","date_gmt":"2015-04-09T12:04:21","guid":{"rendered":"http:\/\/localhost\/alquera\/productos\/producto\/kit-experimento-hacer-un-liquido-fluorescente\/"},"modified":"2026-03-26T08:36:06","modified_gmt":"2026-03-26T08:36:06","slug":"kit-experimento-hacer-un-liquido-fluorescente","status":"publish","type":"product","link":"https:\/\/www.alquera.com\/pt\/kit-experimento-hacer-un-liquido-fluorescente\/","title":{"rendered":"Fluoresc\u00eancia - Fluoresc\u00eancia Fluoresc\u00eancia Kit de fabrico de l\u00edquidos. #Exp1"},"content":{"rendered":"<p>Este kit cont\u00e9m os elementos necess\u00e1rios para realizar a experi\u00eancia de fazer um l\u00edquido fluorescente (ver v\u00eddeo abaixo).<\/p>\n<p>Os materiais contidos no kit s\u00e3o:<\/p>\n<ul>\n<li>Copo - Vidro 250ml<\/li>\n<li>Esp\u00e1tula de a\u00e7o inoxid\u00e1vel<\/li>\n<li>Luz ultravioleta - 9 l\u00e2mpadas LED<\/li>\n<li>Fluoresce\u00edna de s\u00f3dio - 20 gramas<\/li>\n<\/ul>\n<p>Pode ver como a experi\u00eancia foi levada a cabo neste v\u00eddeo:<\/p>\n<p><iframe loading=\"lazy\" src=\"https:\/\/www.youtube.com\/embed\/zsq1paqbVls?rel=0\" width=\"560\" height=\"315\" frameborder=\"0\"><\/iframe><\/p>\n<p>\u00c9 necess\u00e1rio tratar estes elementos com extremo cuidado, \u00e9 necess\u00e1rio ler cuidadosamente as indica\u00e7\u00f5es (anexadas abaixo na \u00e1rea de download de cada material). N\u00e3o tocar com as m\u00e3os nem inalar em momento algum.<\/p>\n<div class=\"rte2\">\n<h2>Experi\u00eancia para fazer l\u00edquidos fluorescentes passo a passo<\/h2>\n<h3>Passo 1<\/h3>\n<p>Pegue no copo fornecido no kit, e encha-o com \u00e1gua. De prefer\u00eancia \u00e1gua destilada com 1 gota de amon\u00edaco (\u00e9 aqui que a fluoresce\u00edna emite o seu melhor). Tamb\u00e9m se pode utilizar \u00e1gua da torneira sem amon\u00edaco.<\/p>\n<h3>Passo 2<\/h3>\n<p>Com a esp\u00e1tula, tomar alguns p\u00f3s de fluoresce\u00edna, e introduzi-los<\/p>\n<h3>Etapa 3<\/h3>\n<p>Com a luz ultravioleta, ilumine a solu\u00e7\u00e3o, e surpreenda-se com o efeito que ir\u00e1 conseguir. Aproveite a oportunidade para realizar a experi\u00eancia numa sala escura, para ver o efeito de forma ainda mais brilhante.<\/p>\n<h3>Extras<\/h3>\n<p>A fluoresce mais quando o pH \u00e9 8, por isso recomendamos a utiliza\u00e7\u00e3o de 1 gota de amon\u00edaco na solu\u00e7\u00e3o (ir\u00e1 aumentar ligeiramente o pH). Embora a utiliza\u00e7\u00e3o de \u00e1gua da torneira seja perfeitamente boa, se quiser medir o pH da solu\u00e7\u00e3o, pode verificar os nossos\u00a0<a href=\"https:\/\/www.alquera.com\/pt\/tiras-papel-ph\/\">Tiras de teste de pH<\/a>.<\/p>\n<p>N\u00e3o fa\u00e7a apenas um l\u00edquido fluorescente, use a sua imagina\u00e7\u00e3o para criar outros objectos fluorescentes. Tamb\u00e9m pode usar <a href=\"https:\/\/www.alquera.com\/pt\/hidrogel\/\">hydrogel<\/a>\u00a0(introduzindo-os no l\u00edquido) e criar cristais fluorescentes.<\/p>\n<\/div>","protected":false},"excerpt":{"rendered":"<p>Este kit cont\u00e9m os elementos necess\u00e1rios para realizar a experi\u00eancia de fazer um l\u00edquido fluorescente. Pode ver na descri\u00e7\u00e3o os detalhes do que o kit cont\u00e9m.<\/p>","protected":false},"featured_media":9062,"comment_status":"open","ping_status":"closed","template":"","meta":{"_acf_changed":false,"site-sidebar-layout":"default","site-content-layout":"default","ast-site-content-layout":"default","site-content-style":"default","site-sidebar-style":"default","ast-global-header-display":"","ast-banner-title-visibility":"","ast-main-header-display":"","ast-hfb-above-header-display":"","ast-hfb-below-header-display":"","ast-hfb-mobile-header-display":"","site-post-title":"","ast-breadcrumbs-content":"","ast-featured-img":"","footer-sml-layout":"","ast-disable-related-posts":"","theme-transparent-header-meta":"default","adv-header-id-meta":"","stick-header-meta":"default","header-above-stick-meta":"","header-main-stick-meta":"","header-below-stick-meta":"","astra-migrate-meta-layouts":"default","ast-page-background-enabled":"default","ast-page-background-meta":{"desktop":{"background-color":"var(--ast-global-color-4)","background-image":"","background-repeat":"repeat","background-position":"center center","background-size":"auto","background-attachment":"scroll","background-type":"","background-media":"","overlay-type":"","overlay-color":"","overlay-opacity":"","overlay-gradient":""},"tablet":{"background-color":"","background-image":"","background-repeat":"repeat","background-position":"center center","background-size":"auto","background-attachment":"scroll","background-type":"","background-media":"","overlay-type":"","overlay-color":"","overlay-opacity":"","overlay-gradient":""},"mobile":{"background-color":"","background-image":"","background-repeat":"repeat","background-position":"center center","background-size":"auto","background-attachment":"scroll","background-type":"","background-media":"","overlay-type":"","overlay-color":"","overlay-opacity":"","overlay-gradient":""}},"ast-content-background-meta":{"desktop":{"background-color":"var(--ast-global-color-5)","background-image":"","background-repeat":"repeat","background-position":"center center","background-size":"auto","background-attachment":"scroll","background-type":"","background-media":"","overlay-type":"","overlay-color":"","overlay-opacity":"","overlay-gradient":""},"tablet":{"background-color":"var(--ast-global-color-5)","background-image":"","background-repeat":"repeat","background-position":"center center","background-size":"auto","background-attachment":"scroll","background-type":"","background-media":"","overlay-type":"","overlay-color":"","overlay-opacity":"","overlay-gradient":""},"mobile":{"background-color":"var(--ast-global-color-5)","background-image":"","background-repeat":"repeat","background-position":"center center","background-size":"auto","background-attachment":"scroll","background-type":"","background-media":"","overlay-type":"","overlay-color":"","overlay-opacity":"","overlay-gradient":""}}},"product_brand":[],"product_cat":[329],"product_tag":[],"class_list":{"0":"post-373","1":"product","2":"type-product","3":"status-publish","4":"has-post-thumbnail","6":"product_cat-experimentos-ciencias","7":"desktop-align-left","8":"tablet-align-left","9":"mobile-align-left","10":"ast-product-gallery-layout-horizontal-slider","11":"ast-product-gallery-with-no-image","12":"ast-magnify-disabled","13":"ast-product-tabs-layout-horizontal","14":"ast-qv-on-image","16":"first","17":"instock","18":"taxable","19":"shipping-taxable","20":"purchasable","21":"product-type-simple"},"acf":[],"yoast_head":"<!-- This site is optimized with the Yoast SEO Premium plugin v27.1 (Yoast SEO v27.1.1) - https:\/\/yoast.com\/product\/yoast-seo-premium-wordpress\/ -->\n<title>Fluorescencia - Kit para Hacer un l\u00edquido fluorescente. #Exp1: Comprar Online - Alquera.com<\/title>\n<meta name=\"robots\" content=\"index, follow, max-snippet:-1, max-image-preview:large, max-video-preview:-1\" \/>\n<link rel=\"canonical\" href=\"https:\/\/www.alquera.com\/pt\/kit-experimento-hacer-un-liquido-fluorescente\/\" \/>\n<meta property=\"og:locale\" content=\"pt_PT\" \/>\n<meta property=\"og:type\" content=\"article\" \/>\n<meta property=\"og:title\" content=\"Fluorescencia - Kit para Hacer un l\u00edquido fluorescente. #Exp1: Comprar Online - Alquera.com\" \/>\n<meta property=\"og:description\" content=\"Este kit contiene los elementos necesarios para realizar el\u00a0experimento de\u00a0hacer un l\u00edquido fluorescente. Puedes ver en la descripci\u00f3n el detalle de lo que contiene el kit.\" \/>\n<meta property=\"og:url\" content=\"https:\/\/www.alquera.com\/pt\/kit-experimento-hacer-un-liquido-fluorescente\/\" \/>\n<meta property=\"og:site_name\" content=\"Alquera.com\" \/>\n<meta property=\"article:publisher\" content=\"https:\/\/www.facebook.com\/alqueraciencia\" \/>\n<meta property=\"article:modified_time\" content=\"2026-03-26T08:36:06+00:00\" \/>\n<meta property=\"og:image\" content=\"https:\/\/www.alquera.com\/wp-content\/uploads\/2015\/04\/kit-experimento-hacer-un-liquido-fluorescente.jpg\" \/>\n\t<meta property=\"og:image:width\" content=\"800\" \/>\n\t<meta property=\"og:image:height\" content=\"800\" \/>\n\t<meta property=\"og:image:type\" content=\"image\/jpeg\" \/>\n<meta name=\"twitter:card\" content=\"summary_large_image\" \/>\n<meta name=\"twitter:label1\" content=\"pre\u00e7o\" \/>\n\t<meta name=\"twitter:data1\" content=\"26,90&euro;\" \/>\n\t<meta name=\"twitter:label2\" content=\"Disponibilidade\" \/>\n\t<meta name=\"twitter:data2\" content=\"Em stock\" \/>\n<script type=\"application\/ld+json\" class=\"yoast-schema-graph\">{\"@context\":\"https:\/\/schema.org\",\"@graph\":[{\"@type\":[\"WebPage\",\"ItemPage\"],\"@id\":\"https:\/\/www.alquera.com\/kit-experimento-hacer-un-liquido-fluorescente\/\",\"url\":\"https:\/\/www.alquera.com\/kit-experimento-hacer-un-liquido-fluorescente\/\",\"name\":\"Fluorescencia - Kit para Hacer un l\u00edquido fluorescente. #Exp1: Comprar Online - Alquera.com\",\"isPartOf\":{\"@id\":\"https:\/\/www.alquera.com\/en\/#website\"},\"primaryImageOfPage\":{\"@id\":\"https:\/\/www.alquera.com\/kit-experimento-hacer-un-liquido-fluorescente\/#primaryimage\"},\"image\":{\"@id\":\"https:\/\/www.alquera.com\/kit-experimento-hacer-un-liquido-fluorescente\/#primaryimage\"},\"thumbnailUrl\":\"https:\/\/www.alquera.com\/wp-content\/uploads\/2015\/04\/kit-experimento-hacer-un-liquido-fluorescente.jpg\",\"datePublished\":\"2015-04-09T12:04:21+00:00\",\"dateModified\":\"2026-03-26T08:36:06+00:00\",\"breadcrumb\":{\"@id\":\"https:\/\/www.alquera.com\/kit-experimento-hacer-un-liquido-fluorescente\/#breadcrumb\"},\"inLanguage\":\"pt-PT\",\"potentialAction\":[{\"@type\":\"ReadAction\",\"target\":[\"https:\/\/www.alquera.com\/kit-experimento-hacer-un-liquido-fluorescente\/\"]}]},{\"@type\":\"ImageObject\",\"inLanguage\":\"pt-PT\",\"@id\":\"https:\/\/www.alquera.com\/kit-experimento-hacer-un-liquido-fluorescente\/#primaryimage\",\"url\":\"https:\/\/www.alquera.com\/wp-content\/uploads\/2015\/04\/kit-experimento-hacer-un-liquido-fluorescente.jpg\",\"contentUrl\":\"https:\/\/www.alquera.com\/wp-content\/uploads\/2015\/04\/kit-experimento-hacer-un-liquido-fluorescente.jpg\",\"width\":800,\"height\":800,\"caption\":\"kit hacer liquido fluorescente\"},{\"@type\":\"BreadcrumbList\",\"@id\":\"https:\/\/www.alquera.com\/kit-experimento-hacer-un-liquido-fluorescente\/#breadcrumb\",\"itemListElement\":[{\"@type\":\"ListItem\",\"position\":1,\"name\":\"Inicio\",\"item\":\"https:\/\/www.alquera.com\/\"},{\"@type\":\"ListItem\",\"position\":2,\"name\":\"Alquera.com: Tienda Online de Productos Qu\u00edmicos y Material de Laboratorio\",\"item\":\"https:\/\/www.alquera.com\/en\/tienda\/\"},{\"@type\":\"ListItem\",\"position\":3,\"name\":\"Fluorescencia &#8211; Kit para Hacer un l\u00edquido fluorescente. #Exp1\"}]},{\"@type\":\"WebSite\",\"@id\":\"https:\/\/www.alquera.com\/en\/#website\",\"url\":\"https:\/\/www.alquera.com\/en\/\",\"name\":\"Alquera.com\",\"description\":\"Tienda Online Productos Qu\u00edmicos y Material de Laboratorio\",\"publisher\":{\"@id\":\"https:\/\/www.alquera.com\/en\/#organization\"},\"potentialAction\":[{\"@type\":\"SearchAction\",\"target\":{\"@type\":\"EntryPoint\",\"urlTemplate\":\"https:\/\/www.alquera.com\/en\/?s={search_term_string}\"},\"query-input\":{\"@type\":\"PropertyValueSpecification\",\"valueRequired\":true,\"valueName\":\"search_term_string\"}}],\"inLanguage\":\"pt-PT\"},{\"@type\":\"Organization\",\"@id\":\"https:\/\/www.alquera.com\/en\/#organization\",\"name\":\"ALQUERA CIENCIA SL\",\"url\":\"https:\/\/www.alquera.com\/en\/\",\"logo\":{\"@type\":\"ImageObject\",\"inLanguage\":\"pt-PT\",\"@id\":\"https:\/\/www.alquera.com\/en\/#\/schema\/logo\/image\/\",\"url\":\"https:\/\/www.alquera.com\/wp-content\/uploads\/2020\/11\/logo_300_ancho.png\",\"contentUrl\":\"https:\/\/www.alquera.com\/wp-content\/uploads\/2020\/11\/logo_300_ancho.png\",\"width\":300,\"height\":86,\"caption\":\"ALQUERA CIENCIA SL\"},\"image\":{\"@id\":\"https:\/\/www.alquera.com\/en\/#\/schema\/logo\/image\/\"},\"sameAs\":[\"https:\/\/www.facebook.com\/alqueraciencia\",\"https:\/\/www.instagram.com\/alquera_ciencia\/\",\"https:\/\/www.youtube.com\/c\/alquera\"]}]}<\/script>\n<meta property=\"product:price:amount\" content=\"26.90\" \/>\n<meta property=\"product:price:currency\" content=\"EUR\" \/>\n<meta property=\"og:availability\" content=\"instock\" \/>\n<meta property=\"product:availability\" content=\"instock\" \/>\n<meta property=\"product:retailer_item_id\" content=\"AL30001\" \/>\n<meta property=\"product:condition\" content=\"new\" \/>\n<!-- \/ Yoast SEO Premium plugin. -->","yoast_head_json":{"title":"Fluoresc\u00eancia - Kit para fazer um l\u00edquido fluorescente. #Exp1: Comprar Online - Alquera.com","robots":{"index":"index","follow":"follow","max-snippet":"max-snippet:-1","max-image-preview":"max-image-preview:large","max-video-preview":"max-video-preview:-1"},"canonical":"https:\/\/www.alquera.com\/pt\/kit-experimento-hacer-un-liquido-fluorescente\/","og_locale":"pt_PT","og_type":"article","og_title":"Fluorescencia - Kit para Hacer un l\u00edquido fluorescente. #Exp1: Comprar Online - Alquera.com","og_description":"Este kit contiene los elementos necesarios para realizar el\u00a0experimento de\u00a0hacer un l\u00edquido fluorescente. Puedes ver en la descripci\u00f3n el detalle de lo que contiene el kit.","og_url":"https:\/\/www.alquera.com\/pt\/kit-experimento-hacer-un-liquido-fluorescente\/","og_site_name":"Alquera.com","article_publisher":"https:\/\/www.facebook.com\/alqueraciencia","article_modified_time":"2026-03-26T08:36:06+00:00","og_image":[{"width":800,"height":800,"url":"https:\/\/www.alquera.com\/wp-content\/uploads\/2015\/04\/kit-experimento-hacer-un-liquido-fluorescente.jpg","type":"image\/jpeg"}],"twitter_card":"summary_large_image","twitter_misc":{"pre\u00e7o":"26,90&euro;","Disponibilidade":"Em stock"},"schema":{"@context":"https:\/\/schema.org","@graph":[{"@type":["WebPage","ItemPage"],"@id":"https:\/\/www.alquera.com\/kit-experimento-hacer-un-liquido-fluorescente\/","url":"https:\/\/www.alquera.com\/kit-experimento-hacer-un-liquido-fluorescente\/","name":"Fluoresc\u00eancia - Kit para fazer um l\u00edquido fluorescente. #Exp1: Comprar Online - Alquera.com","isPartOf":{"@id":"https:\/\/www.alquera.com\/en\/#website"},"primaryImageOfPage":{"@id":"https:\/\/www.alquera.com\/kit-experimento-hacer-un-liquido-fluorescente\/#primaryimage"},"image":{"@id":"https:\/\/www.alquera.com\/kit-experimento-hacer-un-liquido-fluorescente\/#primaryimage"},"thumbnailUrl":"https:\/\/www.alquera.com\/wp-content\/uploads\/2015\/04\/kit-experimento-hacer-un-liquido-fluorescente.jpg","datePublished":"2015-04-09T12:04:21+00:00","dateModified":"2026-03-26T08:36:06+00:00","breadcrumb":{"@id":"https:\/\/www.alquera.com\/kit-experimento-hacer-un-liquido-fluorescente\/#breadcrumb"},"inLanguage":"pt-PT","potentialAction":[{"@type":"ReadAction","target":["https:\/\/www.alquera.com\/kit-experimento-hacer-un-liquido-fluorescente\/"]}]},{"@type":"ImageObject","inLanguage":"pt-PT","@id":"https:\/\/www.alquera.com\/kit-experimento-hacer-un-liquido-fluorescente\/#primaryimage","url":"https:\/\/www.alquera.com\/wp-content\/uploads\/2015\/04\/kit-experimento-hacer-un-liquido-fluorescente.jpg","contentUrl":"https:\/\/www.alquera.com\/wp-content\/uploads\/2015\/04\/kit-experimento-hacer-un-liquido-fluorescente.jpg","width":800,"height":800,"caption":"kit hacer liquido fluorescente"},{"@type":"BreadcrumbList","@id":"https:\/\/www.alquera.com\/kit-experimento-hacer-un-liquido-fluorescente\/#breadcrumb","itemListElement":[{"@type":"ListItem","position":1,"name":"Inicio","item":"https:\/\/www.alquera.com\/"},{"@type":"ListItem","position":2,"name":"Alquera.com: Tienda Online de Productos Qu\u00edmicos y Material de Laboratorio","item":"https:\/\/www.alquera.com\/en\/tienda\/"},{"@type":"ListItem","position":3,"name":"Fluorescencia &#8211; Kit para Hacer un l\u00edquido fluorescente. #Exp1"}]},{"@type":"WebSite","@id":"https:\/\/www.alquera.com\/en\/#website","url":"https:\/\/www.alquera.com\/en\/","name":"Alquera.com","description":"Loja on-line de produtos qu\u00edmicos e equipamento de laborat\u00f3rio","publisher":{"@id":"https:\/\/www.alquera.com\/en\/#organization"},"potentialAction":[{"@type":"SearchAction","target":{"@type":"EntryPoint","urlTemplate":"https:\/\/www.alquera.com\/en\/?s={search_term_string}"},"query-input":{"@type":"PropertyValueSpecification","valueRequired":true,"valueName":"search_term_string"}}],"inLanguage":"pt-PT"},{"@type":"Organization","@id":"https:\/\/www.alquera.com\/en\/#organization","name":"ALQUERA CIENCIA SL","url":"https:\/\/www.alquera.com\/en\/","logo":{"@type":"ImageObject","inLanguage":"pt-PT","@id":"https:\/\/www.alquera.com\/en\/#\/schema\/logo\/image\/","url":"https:\/\/www.alquera.com\/wp-content\/uploads\/2020\/11\/logo_300_ancho.png","contentUrl":"https:\/\/www.alquera.com\/wp-content\/uploads\/2020\/11\/logo_300_ancho.png","width":300,"height":86,"caption":"ALQUERA CIENCIA SL"},"image":{"@id":"https:\/\/www.alquera.com\/en\/#\/schema\/logo\/image\/"},"sameAs":["https:\/\/www.facebook.com\/alqueraciencia","https:\/\/www.instagram.com\/alquera_ciencia\/","https:\/\/www.youtube.com\/c\/alquera"]}]},"product_price_amount":"26.90","product_price_currency":"EUR","og_availability":"instock","product_availability":"instock","product_retailer_item_id":"AL30001","product_condition":"new"},"_links":{"self":[{"href":"https:\/\/www.alquera.com\/pt\/wp-json\/wp\/v2\/product\/373","targetHints":{"allow":["GET"]}}],"collection":[{"href":"https:\/\/www.alquera.com\/pt\/wp-json\/wp\/v2\/product"}],"about":[{"href":"https:\/\/www.alquera.com\/pt\/wp-json\/wp\/v2\/types\/product"}],"replies":[{"embeddable":true,"href":"https:\/\/www.alquera.com\/pt\/wp-json\/wp\/v2\/comments?post=373"}],"wp:featuredmedia":[{"embeddable":true,"href":"https:\/\/www.alquera.com\/pt\/wp-json\/wp\/v2\/media\/9062"}],"wp:attachment":[{"href":"https:\/\/www.alquera.com\/pt\/wp-json\/wp\/v2\/media?parent=373"}],"wp:term":[{"taxonomy":"product_brand","embeddable":true,"href":"https:\/\/www.alquera.com\/pt\/wp-json\/wp\/v2\/product_brand?post=373"},{"taxonomy":"product_cat","embeddable":true,"href":"https:\/\/www.alquera.com\/pt\/wp-json\/wp\/v2\/product_cat?post=373"},{"taxonomy":"product_tag","embeddable":true,"href":"https:\/\/www.alquera.com\/pt\/wp-json\/wp\/v2\/product_tag?post=373"}],"curies":[{"name":"wp","href":"https:\/\/api.w.org\/{rel}","templated":true}]}}