{"id":37303,"date":"2022-03-24T09:09:58","date_gmt":"2022-03-24T09:09:58","guid":{"rendered":"https:\/\/www.alquera.com\/?post_type=product&#038;p=37303"},"modified":"2023-03-17T10:05:46","modified_gmt":"2023-03-17T10:05:46","slug":"medidor-de-tds-solidos-disueltos","status":"publish","type":"product","link":"https:\/\/www.alquera.com\/pt\/medidor-de-tds-solidos-disueltos\/","title":{"rendered":"Medidor de s\u00f3lidos dissolvidos. TDS"},"content":{"rendered":"<h2>O QUE \u00c9 TDS?<\/h2>\n<p>S\u00f3lido total dissolvido (TDS) \u00e9 o peso total de todos os s\u00f3lidos (minerais, sais ou metais) dissolvidos num determinado volume de \u00e1gua, expresso em miligramas por litro (mg\/L) ou partes por milh\u00e3o (PPM).<\/p>\n<h2>PROPRIEDADES<\/h2>\n<ul>\n<li>100% novo e de alta qualidade.<\/li>\n<li>Este artigo pode ser utilizado em: purificadores e filtros de \u00e1gua, monitoriza\u00e7\u00e3o da qualidade de alimentos (vegetais, frutas) e bebidas, piscinas e spas, aqu\u00e1rios, hidrop\u00f3nicos.<\/li>\n<li>Fun\u00e7\u00e3o Hold: guarda as medi\u00e7\u00f5es para uma leitura e grava\u00e7\u00e3o conveniente.<\/li>\n<li>Fun\u00e7\u00e3o de desligamento autom\u00e1tico: o instrumento desliga-se automaticamente ap\u00f3s 10 minutos de n\u00e3o utiliza\u00e7\u00e3o.<\/li>\n<li>Gama dupla: medidas de 0 a 999 ppm, com uma resolu\u00e7\u00e3o de 1 ppm. De 1.000 a 9.990 ppm, com uma resolu\u00e7\u00e3o de 10 ppm, indicada pela imagem \"x 10\", calibrada de f\u00e1brica.<\/li>\n<li>Gama: 0-9990 ppm, resolu\u00e7\u00e3o \u00e9 1 ppm, 1000-9990 ppm, resolu\u00e7\u00e3o \u00e9 10 ppm.<\/li>\n<li>Precis\u00e3o: +\/-2%.<\/li>\n<li>Bateria: <strong>2 x 1,5 V de pilha de bot\u00e3o (n\u00e3o inclu\u00edda).<\/strong><\/li>\n<li>Tamanho do artigo: 154 mm x 29 mm x 19 mm.<\/li>\n<li>Peso: 72 g (2,3 oz).<\/li>\n<\/ul>\n<div><img loading=\"lazy\" decoding=\"async\" class=\"aligncenter wp-image-41691\" src=\"https:\/\/www.alquera.com\/wp-content\/uploads\/2022\/03\/BATERIAS-300x258.png\" alt=\"BATERIAS\" width=\"600\" height=\"517\" srcset=\"https:\/\/www.alquera.com\/wp-content\/uploads\/2022\/03\/BATERIAS-300x258.png 300w, https:\/\/www.alquera.com\/wp-content\/uploads\/2022\/03\/BATERIAS-14x12.png 14w, https:\/\/www.alquera.com\/wp-content\/uploads\/2022\/03\/BATERIAS-600x517.png 600w, https:\/\/www.alquera.com\/wp-content\/uploads\/2022\/03\/BATERIAS.png 678w\" sizes=\"auto, (max-width: 600px) 100vw, 600px\" \/><\/div>\n<div><\/div>\n<h2>COMO UTILIZAR OS TDS<\/h2>\n<ol>\n<li>Retirar a tampa de protec\u00e7\u00e3o e ligar o contador.<\/li>\n<li>Mergulhar o medidor na solu\u00e7\u00e3o (o n\u00edvel m\u00e1ximo de imers\u00e3o \u00e9 de 5 cm).<\/li>\n<li>Agitar ligeiramente o contador para libertar quaisquer bolhas. Esperar at\u00e9 o visor estabilizar. Pressionar o bot\u00e3o HOLD para bloquear a leitura.<\/li>\n<li>Ap\u00f3s a utiliza\u00e7\u00e3o, sacudir o excesso de \u00e1gua do seu medidor e substituir a tampa.<\/li>\n<\/ol>\n<p>NOTA:<\/p>\n<ol>\n<li>N\u00e3o mergulhar todo o medidor TDS em \u00e1gua ou imergi-lo para al\u00e9m do n\u00edvel m\u00e1ximo de imers\u00e3o. O medidor n\u00e3o \u00e9 \u00e0 prova de \u00e1gua.<\/li>\n<li>N\u00e3o armazenar o instrumento em altas temperaturas ou sob luz solar directa.<\/li>\n<li>N\u00e3o golpear, pressionar ou largar este instrumento.<\/li>\n<\/ol>\n<p><img loading=\"lazy\" decoding=\"async\" class=\"aligncenter wp-image-41689\" src=\"https:\/\/www.alquera.com\/wp-content\/uploads\/2022\/03\/MODO-DE-USO-TDS-300x198.png\" alt=\"MODO DE USO\" width=\"600\" height=\"395\" srcset=\"https:\/\/www.alquera.com\/wp-content\/uploads\/2022\/03\/MODO-DE-USO-TDS-300x198.png 300w, https:\/\/www.alquera.com\/wp-content\/uploads\/2022\/03\/MODO-DE-USO-TDS-768x506.png 768w, https:\/\/www.alquera.com\/wp-content\/uploads\/2022\/03\/MODO-DE-USO-TDS-18x12.png 18w, https:\/\/www.alquera.com\/wp-content\/uploads\/2022\/03\/MODO-DE-USO-TDS-600x395.png 600w, https:\/\/www.alquera.com\/wp-content\/uploads\/2022\/03\/MODO-DE-USO-TDS.png 800w\" sizes=\"auto, (max-width: 600px) 100vw, 600px\" \/><\/p>\n<p>&nbsp;<\/p>\n<p>&nbsp;<\/p>","protected":false},"excerpt":{"rendered":"<p>Comprar contador de s\u00f3lidos dissolvidos. Tamb\u00e9m conhecido como TDS (Total de s\u00f3lidos dissolvidos). Pode ver o pre\u00e7o ao seleccionar o produto. A encomenda \u00e9 feita directamente pela Web seguindo os passos indicados, sendo a entrega dentro de 24\/48 horas.<\/p>","protected":false},"featured_media":37312,"comment_status":"open","ping_status":"closed","template":"","meta":{"_acf_changed":false,"site-sidebar-layout":"default","site-content-layout":"default","ast-site-content-layout":"default","site-content-style":"default","site-sidebar-style":"default","ast-global-header-display":"","ast-banner-title-visibility":"","ast-main-header-display":"","ast-hfb-above-header-display":"","ast-hfb-below-header-display":"","ast-hfb-mobile-header-display":"","site-post-title":"","ast-breadcrumbs-content":"","ast-featured-img":"","footer-sml-layout":"","ast-disable-related-posts":"","theme-transparent-header-meta":"default","adv-header-id-meta":"","stick-header-meta":"default","header-above-stick-meta":"","header-main-stick-meta":"","header-below-stick-meta":"","astra-migrate-meta-layouts":"default","ast-page-background-enabled":"default","ast-page-background-meta":{"desktop":{"background-color":"var(--ast-global-color-4)","background-image":"","background-repeat":"repeat","background-position":"center center","background-size":"auto","background-attachment":"scroll","background-type":"","background-media":"","overlay-type":"","overlay-color":"","overlay-opacity":"","overlay-gradient":""},"tablet":{"background-color":"","background-image":"","background-repeat":"repeat","background-position":"center center","background-size":"auto","background-attachment":"scroll","background-type":"","background-media":"","overlay-type":"","overlay-color":"","overlay-opacity":"","overlay-gradient":""},"mobile":{"background-color":"","background-image":"","background-repeat":"repeat","background-position":"center center","background-size":"auto","background-attachment":"scroll","background-type":"","background-media":"","overlay-type":"","overlay-color":"","overlay-opacity":"","overlay-gradient":""}},"ast-content-background-meta":{"desktop":{"background-color":"var(--ast-global-color-5)","background-image":"","background-repeat":"repeat","background-position":"center center","background-size":"auto","background-attachment":"scroll","background-type":"","background-media":"","overlay-type":"","overlay-color":"","overlay-opacity":"","overlay-gradient":""},"tablet":{"background-color":"var(--ast-global-color-5)","background-image":"","background-repeat":"repeat","background-position":"center center","background-size":"auto","background-attachment":"scroll","background-type":"","background-media":"","overlay-type":"","overlay-color":"","overlay-opacity":"","overlay-gradient":""},"mobile":{"background-color":"var(--ast-global-color-5)","background-image":"","background-repeat":"repeat","background-position":"center center","background-size":"auto","background-attachment":"scroll","background-type":"","background-media":"","overlay-type":"","overlay-color":"","overlay-opacity":"","overlay-gradient":""}}},"product_brand":[],"product_cat":[315,21],"product_tag":[],"class_list":{"0":"post-37303","1":"product","2":"type-product","3":"status-publish","4":"has-post-thumbnail","6":"product_cat-medidor-de-ph","7":"product_cat-productos","8":"desktop-align-left","9":"tablet-align-left","10":"mobile-align-left","11":"ast-product-gallery-layout-horizontal-slider","12":"ast-magnify-disabled","13":"ast-product-tabs-layout-horizontal","14":"ast-qv-on-image","16":"first","17":"instock","18":"taxable","19":"shipping-taxable","20":"purchasable","21":"product-type-simple"},"acf":[],"yoast_head":"<!-- This site is optimized with the Yoast SEO Premium plugin v27.1 (Yoast SEO v27.1.1) - https:\/\/yoast.com\/product\/yoast-seo-premium-wordpress\/ -->\n<title>Medidor de s\u00f3lidos disueltos. TDS: Comprar Online - Alquera.com<\/title>\n<meta name=\"description\" content=\"ENV\u00cdOS EN 24\/48H. Comprar medidor de s\u00f3lidos disueltos. TDS Total dissolved solids. Usado en filtros de agua, alimentos, piscinas, acuarios\" \/>\n<meta name=\"robots\" content=\"index, follow, max-snippet:-1, max-image-preview:large, max-video-preview:-1\" \/>\n<link rel=\"canonical\" href=\"https:\/\/www.alquera.com\/pt\/medidor-de-tds-solidos-disueltos\/\" \/>\n<meta property=\"og:locale\" content=\"pt_PT\" \/>\n<meta property=\"og:type\" content=\"article\" \/>\n<meta property=\"og:title\" content=\"Medidor de s\u00f3lidos disueltos. TDS: Comprar Online - Alquera.com\" \/>\n<meta property=\"og:description\" content=\"ENV\u00cdOS EN 24\/48H. Comprar medidor de s\u00f3lidos disueltos. TDS Total dissolved solids. Usado en filtros de agua, alimentos, piscinas, acuarios\" \/>\n<meta property=\"og:url\" content=\"https:\/\/www.alquera.com\/pt\/medidor-de-tds-solidos-disueltos\/\" \/>\n<meta property=\"og:site_name\" content=\"Alquera.com\" \/>\n<meta property=\"article:publisher\" content=\"https:\/\/www.facebook.com\/alqueraciencia\" \/>\n<meta property=\"article:modified_time\" content=\"2023-03-17T10:05:46+00:00\" \/>\n<meta property=\"og:image\" content=\"https:\/\/www.alquera.com\/wp-content\/uploads\/2022\/03\/HTB17aWcaiLxK1Rjy0Ffq6zYdVXat.jpg\" \/>\n\t<meta property=\"og:image:width\" content=\"800\" \/>\n\t<meta property=\"og:image:height\" content=\"800\" \/>\n\t<meta property=\"og:image:type\" content=\"image\/jpeg\" \/>\n<meta name=\"twitter:card\" content=\"summary_large_image\" \/>\n<meta name=\"twitter:label1\" content=\"pre\u00e7o\" \/>\n\t<meta name=\"twitter:data1\" content=\"10,90&euro;\" \/>\n\t<meta name=\"twitter:label2\" content=\"Disponibilidade\" \/>\n\t<meta name=\"twitter:data2\" content=\"Em stock\" \/>\n<script type=\"application\/ld+json\" class=\"yoast-schema-graph\">{\"@context\":\"https:\/\/schema.org\",\"@graph\":[{\"@type\":[\"WebPage\",\"ItemPage\"],\"@id\":\"https:\/\/www.alquera.com\/medidor-de-tds-solidos-disueltos\/\",\"url\":\"https:\/\/www.alquera.com\/medidor-de-tds-solidos-disueltos\/\",\"name\":\"Medidor de s\u00f3lidos disueltos. TDS: Comprar Online - Alquera.com\",\"isPartOf\":{\"@id\":\"https:\/\/www.alquera.com\/en\/#website\"},\"primaryImageOfPage\":{\"@id\":\"https:\/\/www.alquera.com\/medidor-de-tds-solidos-disueltos\/#primaryimage\"},\"image\":{\"@id\":\"https:\/\/www.alquera.com\/medidor-de-tds-solidos-disueltos\/#primaryimage\"},\"thumbnailUrl\":\"https:\/\/www.alquera.com\/wp-content\/uploads\/2022\/03\/HTB17aWcaiLxK1Rjy0Ffq6zYdVXat.jpg\",\"datePublished\":\"2022-03-24T09:09:58+00:00\",\"dateModified\":\"2023-03-17T10:05:46+00:00\",\"description\":\"ENV\u00cdOS EN 24\/48H. Comprar medidor de s\u00f3lidos disueltos. TDS Total dissolved solids. Usado en filtros de agua, alimentos, piscinas, acuarios\",\"breadcrumb\":{\"@id\":\"https:\/\/www.alquera.com\/medidor-de-tds-solidos-disueltos\/#breadcrumb\"},\"inLanguage\":\"pt-PT\",\"potentialAction\":[{\"@type\":\"ReadAction\",\"target\":[\"https:\/\/www.alquera.com\/medidor-de-tds-solidos-disueltos\/\"]}]},{\"@type\":\"ImageObject\",\"inLanguage\":\"pt-PT\",\"@id\":\"https:\/\/www.alquera.com\/medidor-de-tds-solidos-disueltos\/#primaryimage\",\"url\":\"https:\/\/www.alquera.com\/wp-content\/uploads\/2022\/03\/HTB17aWcaiLxK1Rjy0Ffq6zYdVXat.jpg\",\"contentUrl\":\"https:\/\/www.alquera.com\/wp-content\/uploads\/2022\/03\/HTB17aWcaiLxK1Rjy0Ffq6zYdVXat.jpg\",\"width\":800,\"height\":800,\"caption\":\"ph\"},{\"@type\":\"BreadcrumbList\",\"@id\":\"https:\/\/www.alquera.com\/medidor-de-tds-solidos-disueltos\/#breadcrumb\",\"itemListElement\":[{\"@type\":\"ListItem\",\"position\":1,\"name\":\"Inicio\",\"item\":\"https:\/\/www.alquera.com\/\"},{\"@type\":\"ListItem\",\"position\":2,\"name\":\"Alquera.com: Tienda Online de Productos Qu\u00edmicos y Material de Laboratorio\",\"item\":\"https:\/\/www.alquera.com\/en\/tienda\/\"},{\"@type\":\"ListItem\",\"position\":3,\"name\":\"Medidor de s\u00f3lidos disueltos. TDS\"}]},{\"@type\":\"WebSite\",\"@id\":\"https:\/\/www.alquera.com\/en\/#website\",\"url\":\"https:\/\/www.alquera.com\/en\/\",\"name\":\"Alquera.com\",\"description\":\"Tienda Online Productos Qu\u00edmicos y Material de Laboratorio\",\"publisher\":{\"@id\":\"https:\/\/www.alquera.com\/en\/#organization\"},\"potentialAction\":[{\"@type\":\"SearchAction\",\"target\":{\"@type\":\"EntryPoint\",\"urlTemplate\":\"https:\/\/www.alquera.com\/en\/?s={search_term_string}\"},\"query-input\":{\"@type\":\"PropertyValueSpecification\",\"valueRequired\":true,\"valueName\":\"search_term_string\"}}],\"inLanguage\":\"pt-PT\"},{\"@type\":\"Organization\",\"@id\":\"https:\/\/www.alquera.com\/en\/#organization\",\"name\":\"ALQUERA CIENCIA SL\",\"url\":\"https:\/\/www.alquera.com\/en\/\",\"logo\":{\"@type\":\"ImageObject\",\"inLanguage\":\"pt-PT\",\"@id\":\"https:\/\/www.alquera.com\/en\/#\/schema\/logo\/image\/\",\"url\":\"https:\/\/www.alquera.com\/wp-content\/uploads\/2020\/11\/logo_300_ancho.png\",\"contentUrl\":\"https:\/\/www.alquera.com\/wp-content\/uploads\/2020\/11\/logo_300_ancho.png\",\"width\":300,\"height\":86,\"caption\":\"ALQUERA CIENCIA SL\"},\"image\":{\"@id\":\"https:\/\/www.alquera.com\/en\/#\/schema\/logo\/image\/\"},\"sameAs\":[\"https:\/\/www.facebook.com\/alqueraciencia\",\"https:\/\/www.instagram.com\/alquera_ciencia\/\",\"https:\/\/www.youtube.com\/c\/alquera\"]}]}<\/script>\n<meta property=\"product:price:amount\" content=\"10.90\" \/>\n<meta property=\"product:price:currency\" content=\"EUR\" \/>\n<meta property=\"og:availability\" content=\"instock\" \/>\n<meta property=\"product:availability\" content=\"instock\" \/>\n<meta property=\"product:retailer_item_id\" content=\"ALQ0100_PH\" \/>\n<meta property=\"product:condition\" content=\"new\" \/>\n<!-- \/ Yoast SEO Premium plugin. -->","yoast_head_json":{"title":"Medidor de S\u00f3lidos Dissolvidos. TDS: Comprar Online - Alquera.com","description":"24\/48H DE NAVEGA\u00c7\u00c3O. Comprar contador de s\u00f3lidos dissolvidos. TDS Total de s\u00f3lidos dissolvidos. Utilizado em filtros de \u00e1gua, alimentos, piscinas, aqu\u00e1rios.","robots":{"index":"index","follow":"follow","max-snippet":"max-snippet:-1","max-image-preview":"max-image-preview:large","max-video-preview":"max-video-preview:-1"},"canonical":"https:\/\/www.alquera.com\/pt\/medidor-de-tds-solidos-disueltos\/","og_locale":"pt_PT","og_type":"article","og_title":"Medidor de s\u00f3lidos disueltos. TDS: Comprar Online - Alquera.com","og_description":"ENV\u00cdOS EN 24\/48H. Comprar medidor de s\u00f3lidos disueltos. TDS Total dissolved solids. Usado en filtros de agua, alimentos, piscinas, acuarios","og_url":"https:\/\/www.alquera.com\/pt\/medidor-de-tds-solidos-disueltos\/","og_site_name":"Alquera.com","article_publisher":"https:\/\/www.facebook.com\/alqueraciencia","article_modified_time":"2023-03-17T10:05:46+00:00","og_image":[{"width":800,"height":800,"url":"https:\/\/www.alquera.com\/wp-content\/uploads\/2022\/03\/HTB17aWcaiLxK1Rjy0Ffq6zYdVXat.jpg","type":"image\/jpeg"}],"twitter_card":"summary_large_image","twitter_misc":{"pre\u00e7o":"10,90&euro;","Disponibilidade":"Em stock"},"schema":{"@context":"https:\/\/schema.org","@graph":[{"@type":["WebPage","ItemPage"],"@id":"https:\/\/www.alquera.com\/medidor-de-tds-solidos-disueltos\/","url":"https:\/\/www.alquera.com\/medidor-de-tds-solidos-disueltos\/","name":"Medidor de S\u00f3lidos Dissolvidos. TDS: Comprar Online - Alquera.com","isPartOf":{"@id":"https:\/\/www.alquera.com\/en\/#website"},"primaryImageOfPage":{"@id":"https:\/\/www.alquera.com\/medidor-de-tds-solidos-disueltos\/#primaryimage"},"image":{"@id":"https:\/\/www.alquera.com\/medidor-de-tds-solidos-disueltos\/#primaryimage"},"thumbnailUrl":"https:\/\/www.alquera.com\/wp-content\/uploads\/2022\/03\/HTB17aWcaiLxK1Rjy0Ffq6zYdVXat.jpg","datePublished":"2022-03-24T09:09:58+00:00","dateModified":"2023-03-17T10:05:46+00:00","description":"24\/48H DE NAVEGA\u00c7\u00c3O. Comprar contador de s\u00f3lidos dissolvidos. TDS Total de s\u00f3lidos dissolvidos. Utilizado em filtros de \u00e1gua, alimentos, piscinas, aqu\u00e1rios.","breadcrumb":{"@id":"https:\/\/www.alquera.com\/medidor-de-tds-solidos-disueltos\/#breadcrumb"},"inLanguage":"pt-PT","potentialAction":[{"@type":"ReadAction","target":["https:\/\/www.alquera.com\/medidor-de-tds-solidos-disueltos\/"]}]},{"@type":"ImageObject","inLanguage":"pt-PT","@id":"https:\/\/www.alquera.com\/medidor-de-tds-solidos-disueltos\/#primaryimage","url":"https:\/\/www.alquera.com\/wp-content\/uploads\/2022\/03\/HTB17aWcaiLxK1Rjy0Ffq6zYdVXat.jpg","contentUrl":"https:\/\/www.alquera.com\/wp-content\/uploads\/2022\/03\/HTB17aWcaiLxK1Rjy0Ffq6zYdVXat.jpg","width":800,"height":800,"caption":"ph"},{"@type":"BreadcrumbList","@id":"https:\/\/www.alquera.com\/medidor-de-tds-solidos-disueltos\/#breadcrumb","itemListElement":[{"@type":"ListItem","position":1,"name":"Inicio","item":"https:\/\/www.alquera.com\/"},{"@type":"ListItem","position":2,"name":"Alquera.com: Tienda Online de Productos Qu\u00edmicos y Material de Laboratorio","item":"https:\/\/www.alquera.com\/en\/tienda\/"},{"@type":"ListItem","position":3,"name":"Medidor de s\u00f3lidos disueltos. TDS"}]},{"@type":"WebSite","@id":"https:\/\/www.alquera.com\/en\/#website","url":"https:\/\/www.alquera.com\/en\/","name":"Alquera.com","description":"Loja on-line de produtos qu\u00edmicos e equipamento de laborat\u00f3rio","publisher":{"@id":"https:\/\/www.alquera.com\/en\/#organization"},"potentialAction":[{"@type":"SearchAction","target":{"@type":"EntryPoint","urlTemplate":"https:\/\/www.alquera.com\/en\/?s={search_term_string}"},"query-input":{"@type":"PropertyValueSpecification","valueRequired":true,"valueName":"search_term_string"}}],"inLanguage":"pt-PT"},{"@type":"Organization","@id":"https:\/\/www.alquera.com\/en\/#organization","name":"ALQUERA CIENCIA SL","url":"https:\/\/www.alquera.com\/en\/","logo":{"@type":"ImageObject","inLanguage":"pt-PT","@id":"https:\/\/www.alquera.com\/en\/#\/schema\/logo\/image\/","url":"https:\/\/www.alquera.com\/wp-content\/uploads\/2020\/11\/logo_300_ancho.png","contentUrl":"https:\/\/www.alquera.com\/wp-content\/uploads\/2020\/11\/logo_300_ancho.png","width":300,"height":86,"caption":"ALQUERA CIENCIA SL"},"image":{"@id":"https:\/\/www.alquera.com\/en\/#\/schema\/logo\/image\/"},"sameAs":["https:\/\/www.facebook.com\/alqueraciencia","https:\/\/www.instagram.com\/alquera_ciencia\/","https:\/\/www.youtube.com\/c\/alquera"]}]},"product_price_amount":"10.90","product_price_currency":"EUR","og_availability":"instock","product_availability":"instock","product_retailer_item_id":"ALQ0100_PH","product_condition":"new"},"_links":{"self":[{"href":"https:\/\/www.alquera.com\/pt\/wp-json\/wp\/v2\/product\/37303","targetHints":{"allow":["GET"]}}],"collection":[{"href":"https:\/\/www.alquera.com\/pt\/wp-json\/wp\/v2\/product"}],"about":[{"href":"https:\/\/www.alquera.com\/pt\/wp-json\/wp\/v2\/types\/product"}],"replies":[{"embeddable":true,"href":"https:\/\/www.alquera.com\/pt\/wp-json\/wp\/v2\/comments?post=37303"}],"wp:featuredmedia":[{"embeddable":true,"href":"https:\/\/www.alquera.com\/pt\/wp-json\/wp\/v2\/media\/37312"}],"wp:attachment":[{"href":"https:\/\/www.alquera.com\/pt\/wp-json\/wp\/v2\/media?parent=37303"}],"wp:term":[{"taxonomy":"product_brand","embeddable":true,"href":"https:\/\/www.alquera.com\/pt\/wp-json\/wp\/v2\/product_brand?post=37303"},{"taxonomy":"product_cat","embeddable":true,"href":"https:\/\/www.alquera.com\/pt\/wp-json\/wp\/v2\/product_cat?post=37303"},{"taxonomy":"product_tag","embeddable":true,"href":"https:\/\/www.alquera.com\/pt\/wp-json\/wp\/v2\/product_tag?post=37303"}],"curies":[{"name":"wp","href":"https:\/\/api.w.org\/{rel}","templated":true}]}}