{"id":37969,"date":"2022-04-28T09:27:43","date_gmt":"2022-04-28T09:27:43","guid":{"rendered":"https:\/\/www.alquera.com\/?post_type=product&#038;p=37969"},"modified":"2022-05-05T11:11:03","modified_gmt":"2022-05-05T11:11:03","slug":"balance-21-17","status":"publish","type":"product","link":"https:\/\/www.alquera.com\/pt\/balance-21-17\/","title":{"rendered":"Balan\u00e7o 21-17"},"content":{"rendered":"<h2>IDENTIFICA\u00c7\u00c3O E PROPRIEDADES<\/h2>\n<p><strong>Nome:<\/strong> Balan\u00e7o 21-17<\/p>\n<ul>\n<li>Estado f\u00edsico: S\u00f3lido (gr\u00e2nulos)<\/li>\n<li>Cor: Cinzento<\/li>\n<li>Odor: inodoro<\/li>\n<li>pH: 4-7<\/li>\n<li>Ponto de fus\u00e3o\/ponto de congela\u00e7\u00e3o: 150\u00baC<\/li>\n<li>Ponto de ebuli\u00e7\u00e3o inicial e intervalo de ebuli\u00e7\u00e3o: Inadequado\/n\u00e3o aplic\u00e1vel devido \u00e0 natureza do produto.<\/li>\n<li>Densidade do volume: 990- 1,090 kg\/m3<\/li>\n<li>Solubilidade na \u00e1gua: &gt;80 g\/l<\/li>\n<\/ul>\n<h2>CARACTER\u00cdSTICAS DO PRODUTO<\/h2>\n<ul>\n<li>Fertilizante perolado: todos os nutrientes presentes em propor\u00e7\u00f5es iguais num \u00fanico gr\u00e2nulo perolado.<\/li>\n<li>Distribui\u00e7\u00e3o uniforme e homog\u00e9nea do produto, gra\u00e7as aos gr\u00e2nulos perolados.<\/li>\n<li>Fabricado pelo processo de Nitrophosphorisation<\/li>\n<li>Higrosc\u00f3pico: absorve facilmente a humidade do solo para que os seus nutrientes sejam facilmente incorporados na solu\u00e7\u00e3o do solo. Fornece nutrientes imediatamente dispon\u00edveis para a planta.<\/li>\n<li>Sem p\u00f3: revestido com uma pel\u00edcula patenteada que evita a forma\u00e7\u00e3o de p\u00f3 e a forma\u00e7\u00e3o de bolos.<\/li>\n<\/ul>\n<h2>NUTRIENTES<\/h2>\n<ul>\n<li>Fornece azoto na forma sol\u00favel e assimil\u00e1vel, do qual 7,5% corresponde ao azoto n\u00edtrico imediatamente assimil\u00e1vel pela cultura e 13,5% de azoto amoniacal dispon\u00edvel por um per\u00edodo de tempo prolongado.<\/li>\n<li>O f\u00f3sforo est\u00e1 totalmente dispon\u00edvel e parcialmente sob a forma de Polifosfatos (25-30%). O f\u00f3sforo assimil\u00e1vel \u00e9 fundamental para o correcto desenvolvimento da planta, uma vez que interv\u00e9m em processos fisiol\u00f3gicos que requerem um fornecimento extra de energia, tais como o desenvolvimento das ra\u00edzes, o perfilhamento, etc.<\/li>\n<li>Cont\u00e9m enxofre sob a forma de sulfato, que \u00e9 necess\u00e1rio para o desenvolvimento das plantas, al\u00e9m de ser um constituinte essencial das prote\u00ednas do trigo.<\/li>\n<li>O pot\u00e1ssio presente \u00e9 sol\u00favel e assimil\u00e1vel, favorecendo a forma\u00e7\u00e3o de amido e reduzindo o stress vegetal.<\/li>\n<\/ul>\n<h2>BENEF\u00cdCIOS PARA A CULTURA<\/h2>\n<ul>\n<li>Alta efici\u00eancia do f\u00f3sforo sob a forma de polifosfatos que favorecem a brota\u00e7\u00e3o, um maior n\u00famero de descendentes, enchimento de gr\u00e3os e desenvolvimento \u00f3ptimo das ra\u00edzes em compara\u00e7\u00e3o com o f\u00f3sforo convencional.<\/li>\n<li>Nitrog\u00e9nio n\u00edtrico e amoniacal dispon\u00edvel e assimil\u00e1vel, para um melhor desenvolvimento da planta durante todo o ciclo de cultivo.<\/li>\n<\/ul>\n<h2>INSTRU\u00c7\u00d5ES DE UTILIZA\u00c7\u00c3O<\/h2>\n<p>Aplicar como fundo ou fertilizante de cultura precoce para proporcionar equil\u00edbrio de nutrientes ao longo de todo o ciclo de crescimento.<\/p>\n<p>&nbsp;<\/p>\n<p><img loading=\"lazy\" decoding=\"async\" class=\"wp-image-37997 aligncenter\" src=\"https:\/\/www.alquera.com\/wp-content\/uploads\/2022\/04\/composicion.png\" alt=\"\" width=\"750\" height=\"294\" srcset=\"https:\/\/www.alquera.com\/wp-content\/uploads\/2022\/04\/composicion.png 587w, https:\/\/www.alquera.com\/wp-content\/uploads\/2022\/04\/composicion-300x118.png 300w\" sizes=\"auto, (max-width: 750px) 100vw, 750px\" \/><\/p>\n<h2>USES<\/h2>\n<ul>\n<li>Prepara\u00e7\u00e3o de misturas qu\u00edmicas<\/li>\n<li>Prepara\u00e7\u00e3o profissional de produtos fertilizantes<\/li>\n<li>Fertilizante na quinta: carregamento e espalhamento<\/li>\n<li>Fertilizante l\u00edquido em campo aberto<\/li>\n<li>Fertilizante: manuten\u00e7\u00e3o do equipamento<\/li>\n<\/ul>","protected":false},"excerpt":{"rendered":"<p>Comprar Balance 21-17 de pacotes de 1kg para sacos de 25kg. Pode ver o pre\u00e7o dos diferentes formatos de Balance 21-17 quando selecciona o formato desejado. A encomenda \u00e9 feita directamente atrav\u00e9s da Web seguindo os passos indicados, e a entrega \u00e9 feita em 24\/48 horas.<\/p>","protected":false},"featured_media":38104,"comment_status":"open","ping_status":"closed","template":"","meta":{"_acf_changed":false,"site-sidebar-layout":"default","site-content-layout":"default","ast-site-content-layout":"default","site-content-style":"default","site-sidebar-style":"default","ast-global-header-display":"","ast-banner-title-visibility":"","ast-main-header-display":"","ast-hfb-above-header-display":"","ast-hfb-below-header-display":"","ast-hfb-mobile-header-display":"","site-post-title":"","ast-breadcrumbs-content":"","ast-featured-img":"","footer-sml-layout":"","ast-disable-related-posts":"","theme-transparent-header-meta":"default","adv-header-id-meta":"","stick-header-meta":"default","header-above-stick-meta":"","header-main-stick-meta":"","header-below-stick-meta":"","astra-migrate-meta-layouts":"default","ast-page-background-enabled":"default","ast-page-background-meta":{"desktop":{"background-color":"var(--ast-global-color-4)","background-image":"","background-repeat":"repeat","background-position":"center center","background-size":"auto","background-attachment":"scroll","background-type":"","background-media":"","overlay-type":"","overlay-color":"","overlay-opacity":"","overlay-gradient":""},"tablet":{"background-color":"","background-image":"","background-repeat":"repeat","background-position":"center center","background-size":"auto","background-attachment":"scroll","background-type":"","background-media":"","overlay-type":"","overlay-color":"","overlay-opacity":"","overlay-gradient":""},"mobile":{"background-color":"","background-image":"","background-repeat":"repeat","background-position":"center center","background-size":"auto","background-attachment":"scroll","background-type":"","background-media":"","overlay-type":"","overlay-color":"","overlay-opacity":"","overlay-gradient":""}},"ast-content-background-meta":{"desktop":{"background-color":"var(--ast-global-color-5)","background-image":"","background-repeat":"repeat","background-position":"center center","background-size":"auto","background-attachment":"scroll","background-type":"","background-media":"","overlay-type":"","overlay-color":"","overlay-opacity":"","overlay-gradient":""},"tablet":{"background-color":"var(--ast-global-color-5)","background-image":"","background-repeat":"repeat","background-position":"center center","background-size":"auto","background-attachment":"scroll","background-type":"","background-media":"","overlay-type":"","overlay-color":"","overlay-opacity":"","overlay-gradient":""},"mobile":{"background-color":"var(--ast-global-color-5)","background-image":"","background-repeat":"repeat","background-position":"center center","background-size":"auto","background-attachment":"scroll","background-type":"","background-media":"","overlay-type":"","overlay-color":"","overlay-opacity":"","overlay-gradient":""}}},"product_brand":[],"product_cat":[21],"product_tag":[],"class_list":{"0":"post-37969","1":"product","2":"type-product","3":"status-publish","4":"has-post-thumbnail","6":"product_cat-productos","7":"pa_cantidad-1kg","8":"pa_cantidad-5kg","9":"pa_cantidad-25kg","10":"desktop-align-left","11":"tablet-align-left","12":"mobile-align-left","13":"ast-product-gallery-layout-horizontal-slider","14":"ast-product-gallery-with-no-image","15":"ast-magnify-disabled","16":"ast-product-single-variable","17":"ast-product-tabs-layout-horizontal","18":"ast-qv-on-image","20":"first","21":"instock","22":"taxable","23":"shipping-taxable","24":"purchasable","25":"product-type-variable","26":"has-default-attributes"},"acf":[],"yoast_head":"<!-- This site is optimized with the Yoast SEO Premium plugin v27.1 (Yoast SEO v27.1.1) - https:\/\/yoast.com\/product\/yoast-seo-premium-wordpress\/ -->\n<title>Balance 21-17: Comprar Online - Alquera.com<\/title>\n<meta name=\"description\" content=\"ENV\u00cdOS EN 24\/48H. Comprar en Alquera Balance 21-17, su funci\u00f3n es abonar el suelo con diversos nutrientes\" \/>\n<meta name=\"robots\" content=\"index, follow, max-snippet:-1, max-image-preview:large, max-video-preview:-1\" \/>\n<link rel=\"canonical\" href=\"https:\/\/www.alquera.com\/pt\/balance-21-17\/\" \/>\n<meta property=\"og:locale\" content=\"pt_PT\" \/>\n<meta property=\"og:type\" content=\"article\" \/>\n<meta property=\"og:title\" content=\"Balance 21-17: Comprar Online - Alquera.com\" \/>\n<meta property=\"og:description\" content=\"ENV\u00cdOS EN 24\/48H. Comprar en Alquera Balance 21-17, su funci\u00f3n es abonar el suelo con diversos nutrientes\" \/>\n<meta property=\"og:url\" content=\"https:\/\/www.alquera.com\/pt\/balance-21-17\/\" \/>\n<meta property=\"og:site_name\" content=\"Alquera.com\" \/>\n<meta property=\"article:publisher\" content=\"https:\/\/www.facebook.com\/alqueraciencia\" \/>\n<meta property=\"article:modified_time\" content=\"2022-05-05T11:11:03+00:00\" \/>\n<meta property=\"og:image\" content=\"https:\/\/www.alquera.com\/wp-content\/uploads\/2022\/04\/Balance-21-17-1.png\" \/>\n\t<meta property=\"og:image:width\" content=\"600\" \/>\n\t<meta property=\"og:image:height\" content=\"635\" \/>\n\t<meta property=\"og:image:type\" content=\"image\/png\" \/>\n<meta name=\"twitter:card\" content=\"summary_large_image\" \/>\n<meta name=\"twitter:label1\" content=\"Disponibilidade\" \/>\n\t<meta name=\"twitter:data1\" content=\"Em stock\" \/>\n<script type=\"application\/ld+json\" class=\"yoast-schema-graph\">{\"@context\":\"https:\/\/schema.org\",\"@graph\":[{\"@type\":[\"WebPage\",\"ItemPage\"],\"@id\":\"https:\/\/www.alquera.com\/balance-21-17\/\",\"url\":\"https:\/\/www.alquera.com\/balance-21-17\/\",\"name\":\"Balance 21-17: Comprar Online - Alquera.com\",\"isPartOf\":{\"@id\":\"https:\/\/www.alquera.com\/en\/#website\"},\"primaryImageOfPage\":{\"@id\":\"https:\/\/www.alquera.com\/balance-21-17\/#primaryimage\"},\"image\":{\"@id\":\"https:\/\/www.alquera.com\/balance-21-17\/#primaryimage\"},\"thumbnailUrl\":\"https:\/\/www.alquera.com\/wp-content\/uploads\/2022\/04\/Balance-21-17-1.png\",\"datePublished\":\"2022-04-28T09:27:43+00:00\",\"dateModified\":\"2022-05-05T11:11:03+00:00\",\"description\":\"ENV\u00cdOS EN 24\/48H. Comprar en Alquera Balance 21-17, su funci\u00f3n es abonar el suelo con diversos nutrientes\",\"breadcrumb\":{\"@id\":\"https:\/\/www.alquera.com\/balance-21-17\/#breadcrumb\"},\"inLanguage\":\"pt-PT\",\"potentialAction\":[{\"@type\":\"ReadAction\",\"target\":[\"https:\/\/www.alquera.com\/balance-21-17\/\"]}]},{\"@type\":\"ImageObject\",\"inLanguage\":\"pt-PT\",\"@id\":\"https:\/\/www.alquera.com\/balance-21-17\/#primaryimage\",\"url\":\"https:\/\/www.alquera.com\/wp-content\/uploads\/2022\/04\/Balance-21-17-1.png\",\"contentUrl\":\"https:\/\/www.alquera.com\/wp-content\/uploads\/2022\/04\/Balance-21-17-1.png\",\"width\":600,\"height\":635,\"caption\":\"Balance 21-17\"},{\"@type\":\"BreadcrumbList\",\"@id\":\"https:\/\/www.alquera.com\/balance-21-17\/#breadcrumb\",\"itemListElement\":[{\"@type\":\"ListItem\",\"position\":1,\"name\":\"Inicio\",\"item\":\"https:\/\/www.alquera.com\/\"},{\"@type\":\"ListItem\",\"position\":2,\"name\":\"Alquera.com: Tienda Online de Productos Qu\u00edmicos y Material de Laboratorio\",\"item\":\"https:\/\/www.alquera.com\/en\/tienda\/\"},{\"@type\":\"ListItem\",\"position\":3,\"name\":\"Balance 21-17\"}]},{\"@type\":\"WebSite\",\"@id\":\"https:\/\/www.alquera.com\/en\/#website\",\"url\":\"https:\/\/www.alquera.com\/en\/\",\"name\":\"Alquera.com\",\"description\":\"Tienda Online Productos Qu\u00edmicos y Material de Laboratorio\",\"publisher\":{\"@id\":\"https:\/\/www.alquera.com\/en\/#organization\"},\"potentialAction\":[{\"@type\":\"SearchAction\",\"target\":{\"@type\":\"EntryPoint\",\"urlTemplate\":\"https:\/\/www.alquera.com\/en\/?s={search_term_string}\"},\"query-input\":{\"@type\":\"PropertyValueSpecification\",\"valueRequired\":true,\"valueName\":\"search_term_string\"}}],\"inLanguage\":\"pt-PT\"},{\"@type\":\"Organization\",\"@id\":\"https:\/\/www.alquera.com\/en\/#organization\",\"name\":\"ALQUERA CIENCIA SL\",\"url\":\"https:\/\/www.alquera.com\/en\/\",\"logo\":{\"@type\":\"ImageObject\",\"inLanguage\":\"pt-PT\",\"@id\":\"https:\/\/www.alquera.com\/en\/#\/schema\/logo\/image\/\",\"url\":\"https:\/\/www.alquera.com\/wp-content\/uploads\/2020\/11\/logo_300_ancho.png\",\"contentUrl\":\"https:\/\/www.alquera.com\/wp-content\/uploads\/2020\/11\/logo_300_ancho.png\",\"width\":300,\"height\":86,\"caption\":\"ALQUERA CIENCIA SL\"},\"image\":{\"@id\":\"https:\/\/www.alquera.com\/en\/#\/schema\/logo\/image\/\"},\"sameAs\":[\"https:\/\/www.facebook.com\/alqueraciencia\",\"https:\/\/www.instagram.com\/alquera_ciencia\/\",\"https:\/\/www.youtube.com\/c\/alquera\"]}]}<\/script>\n<meta property=\"og:availability\" content=\"instock\" \/>\n<meta property=\"product:availability\" content=\"instock\" \/>\n<meta property=\"product:condition\" content=\"new\" \/>\n<!-- \/ Yoast SEO Premium plugin. -->","yoast_head_json":{"title":"Balan\u00e7a 21-17: Comprar Online - Alquera.com","description":"ENVIOS EM 24\/48H. Comprar em Alquera Balance 21-17, a sua fun\u00e7\u00e3o \u00e9 fertilizar o solo com v\u00e1rios nutrientes.","robots":{"index":"index","follow":"follow","max-snippet":"max-snippet:-1","max-image-preview":"max-image-preview:large","max-video-preview":"max-video-preview:-1"},"canonical":"https:\/\/www.alquera.com\/pt\/balance-21-17\/","og_locale":"pt_PT","og_type":"article","og_title":"Balance 21-17: Comprar Online - Alquera.com","og_description":"ENV\u00cdOS EN 24\/48H. Comprar en Alquera Balance 21-17, su funci\u00f3n es abonar el suelo con diversos nutrientes","og_url":"https:\/\/www.alquera.com\/pt\/balance-21-17\/","og_site_name":"Alquera.com","article_publisher":"https:\/\/www.facebook.com\/alqueraciencia","article_modified_time":"2022-05-05T11:11:03+00:00","og_image":[{"width":600,"height":635,"url":"https:\/\/www.alquera.com\/wp-content\/uploads\/2022\/04\/Balance-21-17-1.png","type":"image\/png"}],"twitter_card":"summary_large_image","twitter_misc":{"Disponibilidade":"Em stock"},"schema":{"@context":"https:\/\/schema.org","@graph":[{"@type":["WebPage","ItemPage"],"@id":"https:\/\/www.alquera.com\/balance-21-17\/","url":"https:\/\/www.alquera.com\/balance-21-17\/","name":"Balan\u00e7a 21-17: Comprar Online - Alquera.com","isPartOf":{"@id":"https:\/\/www.alquera.com\/en\/#website"},"primaryImageOfPage":{"@id":"https:\/\/www.alquera.com\/balance-21-17\/#primaryimage"},"image":{"@id":"https:\/\/www.alquera.com\/balance-21-17\/#primaryimage"},"thumbnailUrl":"https:\/\/www.alquera.com\/wp-content\/uploads\/2022\/04\/Balance-21-17-1.png","datePublished":"2022-04-28T09:27:43+00:00","dateModified":"2022-05-05T11:11:03+00:00","description":"ENVIOS EM 24\/48H. Comprar em Alquera Balance 21-17, a sua fun\u00e7\u00e3o \u00e9 fertilizar o solo com v\u00e1rios nutrientes.","breadcrumb":{"@id":"https:\/\/www.alquera.com\/balance-21-17\/#breadcrumb"},"inLanguage":"pt-PT","potentialAction":[{"@type":"ReadAction","target":["https:\/\/www.alquera.com\/balance-21-17\/"]}]},{"@type":"ImageObject","inLanguage":"pt-PT","@id":"https:\/\/www.alquera.com\/balance-21-17\/#primaryimage","url":"https:\/\/www.alquera.com\/wp-content\/uploads\/2022\/04\/Balance-21-17-1.png","contentUrl":"https:\/\/www.alquera.com\/wp-content\/uploads\/2022\/04\/Balance-21-17-1.png","width":600,"height":635,"caption":"Balance 21-17"},{"@type":"BreadcrumbList","@id":"https:\/\/www.alquera.com\/balance-21-17\/#breadcrumb","itemListElement":[{"@type":"ListItem","position":1,"name":"Inicio","item":"https:\/\/www.alquera.com\/"},{"@type":"ListItem","position":2,"name":"Alquera.com: Tienda Online de Productos Qu\u00edmicos y Material de Laboratorio","item":"https:\/\/www.alquera.com\/en\/tienda\/"},{"@type":"ListItem","position":3,"name":"Balance 21-17"}]},{"@type":"WebSite","@id":"https:\/\/www.alquera.com\/en\/#website","url":"https:\/\/www.alquera.com\/en\/","name":"Alquera.com","description":"Loja on-line de produtos qu\u00edmicos e equipamento de laborat\u00f3rio","publisher":{"@id":"https:\/\/www.alquera.com\/en\/#organization"},"potentialAction":[{"@type":"SearchAction","target":{"@type":"EntryPoint","urlTemplate":"https:\/\/www.alquera.com\/en\/?s={search_term_string}"},"query-input":{"@type":"PropertyValueSpecification","valueRequired":true,"valueName":"search_term_string"}}],"inLanguage":"pt-PT"},{"@type":"Organization","@id":"https:\/\/www.alquera.com\/en\/#organization","name":"ALQUERA CIENCIA SL","url":"https:\/\/www.alquera.com\/en\/","logo":{"@type":"ImageObject","inLanguage":"pt-PT","@id":"https:\/\/www.alquera.com\/en\/#\/schema\/logo\/image\/","url":"https:\/\/www.alquera.com\/wp-content\/uploads\/2020\/11\/logo_300_ancho.png","contentUrl":"https:\/\/www.alquera.com\/wp-content\/uploads\/2020\/11\/logo_300_ancho.png","width":300,"height":86,"caption":"ALQUERA CIENCIA SL"},"image":{"@id":"https:\/\/www.alquera.com\/en\/#\/schema\/logo\/image\/"},"sameAs":["https:\/\/www.facebook.com\/alqueraciencia","https:\/\/www.instagram.com\/alquera_ciencia\/","https:\/\/www.youtube.com\/c\/alquera"]}]},"og_availability":"instock","product_availability":"instock","product_condition":"new"},"_links":{"self":[{"href":"https:\/\/www.alquera.com\/pt\/wp-json\/wp\/v2\/product\/37969","targetHints":{"allow":["GET"]}}],"collection":[{"href":"https:\/\/www.alquera.com\/pt\/wp-json\/wp\/v2\/product"}],"about":[{"href":"https:\/\/www.alquera.com\/pt\/wp-json\/wp\/v2\/types\/product"}],"replies":[{"embeddable":true,"href":"https:\/\/www.alquera.com\/pt\/wp-json\/wp\/v2\/comments?post=37969"}],"wp:featuredmedia":[{"embeddable":true,"href":"https:\/\/www.alquera.com\/pt\/wp-json\/wp\/v2\/media\/38104"}],"wp:attachment":[{"href":"https:\/\/www.alquera.com\/pt\/wp-json\/wp\/v2\/media?parent=37969"}],"wp:term":[{"taxonomy":"product_brand","embeddable":true,"href":"https:\/\/www.alquera.com\/pt\/wp-json\/wp\/v2\/product_brand?post=37969"},{"taxonomy":"product_cat","embeddable":true,"href":"https:\/\/www.alquera.com\/pt\/wp-json\/wp\/v2\/product_cat?post=37969"},{"taxonomy":"product_tag","embeddable":true,"href":"https:\/\/www.alquera.com\/pt\/wp-json\/wp\/v2\/product_tag?post=37969"}],"curies":[{"name":"wp","href":"https:\/\/api.w.org\/{rel}","templated":true}]}}