{"id":39775,"date":"2022-11-11T10:34:55","date_gmt":"2022-11-11T10:34:55","guid":{"rendered":"https:\/\/www.alquera.com\/?post_type=product&#038;p=39775"},"modified":"2025-03-31T11:03:38","modified_gmt":"2025-03-31T11:03:38","slug":"grabar-chapas-hierro","status":"publish","type":"product","link":"https:\/\/www.alquera.com\/pt\/grabar-chapas-hierro\/","title":{"rendered":"Chapas de Ferro de Gravura Electrol\u00edtica - Kit para 15 utiliza\u00e7\u00f5es. #Exp4"},"content":{"rendered":"<p>O kit de grava\u00e7\u00e3o electrol\u00edtica para chapas de ferro \u00e9 um kit com o qual ter\u00e1 os componentes qu\u00edmicos para fazer as suas chapas de ferro gravadas de forma personalizada.<\/p>\n<h2>CONTE\u00daDO DO KIT DE GRAVURA ELECTROL\u00cdTICA PARA CHAPAS DE FERRO<\/h2>\n<p>O kit inclui:<\/p>\n<ul>\n<li>15 unidades de <a href=\"https:\/\/www.alquera.com\/pt\/chapas-de-hierro\/\">Chapas de ferro<\/a><\/li>\n<li>250g <a href=\"https:\/\/www.alquera.com\/pt\/sulfato-de-cobre\/\">Sulfato de Cobre<\/a><\/li>\n<li>250g <a href=\"https:\/\/www.alquera.com\/pt\/cloruro-sodio\/\">Cloreto de s\u00f3dio<\/a> (sal comum)<\/li>\n<li>3 <a href=\"https:\/\/www.alquera.com\/pt\/vaso-precipitados-polipropileno\/\">Copos de polipropileno<\/a> de 250ml.<\/li>\n<\/ul>\n<p>O kit n\u00e3o inclui:<\/p>\n<ul>\n<li>Esmaltes<\/li>\n<li>\u00c1lcool\/Acetona para limpeza<\/li>\n<li>Lixa de diferentes granalhas<\/li>\n<\/ul>\n<h2>PASSO A PASSO COMO GRAVAR FOLHAS DE FERRO<\/h2>\n<p>Mostramos-lhe o passo-a-passo detalhado em v\u00eddeo<\/p>\n<div class=\"ast-oembed-container\" style=\"height: 100%;\"><iframe loading=\"lazy\" title=\"#Exp4 - Reacci\u00f3n Oxidaci\u00f3n entre Hierro y Sulfato de Cobre. Grabado de una Chapa de Hierro\" width=\"500\" height=\"281\" src=\"https:\/\/www.youtube.com\/embed\/n6xppA_wDu8?feature=oembed\" frameborder=\"0\" allow=\"accelerometer; autoplay; clipboard-write; encrypted-media; gyroscope; picture-in-picture; web-share\" referrerpolicy=\"strict-origin-when-cross-origin\" allowfullscreen><\/iframe><\/div>\n<ol>\n<li><span data-sheets-value=\"{&quot;1&quot;:2,&quot;2&quot;:&quot;Colocar el sulfato de cobre y cloruro de sodio (sal com\u00fan) en un vaso con agua. 3 cucharas de cada uno.&quot;}\" data-sheets-userformat=\"{&quot;2&quot;:769,&quot;3&quot;:{&quot;1&quot;:0},&quot;11&quot;:4,&quot;12&quot;:0}\">Colocar o sulfato de cobre e cloreto de s\u00f3dio (sal comum) num copo de \u00e1gua. 3 colheres de sopa de cada.<\/span><\/li>\n<li>Tomar a placa de ferro<\/li>\n<li>Limpar muito bem toda a superf\u00edcie com \u00e1lcool, incluindo lixar se houver qualquer res\u00edduo de ferrugem.<\/li>\n<li>Cobrir bem um lado da folha com fita adesiva e fazer uma borda do outro lado.<\/li>\n<li>Pode fazer um desenho na pe\u00e7a com o esmalte, pode usar a caneta ou o ponche para conseguir tra\u00e7os mais finos. Tamb\u00e9m poderia usar um autocolante, ou usar papel vegetal e usar o seu pr\u00f3prio stencil.<\/li>\n<li>Mergulhar a pe\u00e7a e deix\u00e1-la por 1-2h. Quanto mais tempo a folha permanecer na solu\u00e7\u00e3o, mais gravar\u00e1.<\/li>\n<li>A cada 15min remover a camada avermelhada que se forma<\/li>\n<li>Retirar a placa e mergulh\u00e1-la em \u00e1gua,<\/li>\n<li>Limpar a chapa met\u00e1lica: Remover a fita e remover o esmalte com acetona e lixar bem a superf\u00edcie com lixa multi-grit.<\/li>\n<\/ol>\n<h2>O QUE SE APRENDE COM ESTA EXPERI\u00caNCIA<\/h2>\n<ul>\n<li>A reac\u00e7\u00e3o entre ferro e sulfato de cobre permite estudar a corros\u00e3o electroqu\u00edmica do ferro, onde o i\u00e3o de cobre actua como um agente oxidante.<\/li>\n<li>Permite ver os 2 elementos numa reac\u00e7\u00e3o de oxida\u00e7\u00e3o-redu\u00e7\u00e3o, redox, uma vez que o ferro \u00e9 oxidado em solu\u00e7\u00e3o e o i\u00e3o de cobre \u00e9 reduzido a cobre met\u00e1lico e depositado sobre o ferro.<\/li>\n<li>Esta experi\u00eancia permite-lhe ver como um qu\u00edmico activo actua sobre o metal.<\/li>\n<\/ul>\n<h2><strong>EXPLICA\u00c7\u00c3O T\u00c9CNICA<\/strong><\/h2>\n<p><strong>Reac\u00e7\u00e3o Redox.<\/strong> Esta experi\u00eancia mostra uma aplica\u00e7\u00e3o pr\u00e1tica de uma reac\u00e7\u00e3o de oxida\u00e7\u00e3o-redu\u00e7\u00e3o.<\/p>\n<p>O conceito que temos de oxida\u00e7\u00e3o do ferro \u00e9 a camada de \u00f3xido de ferro que \u00e9 depositada na sua superf\u00edcie quando oxidada pelo ar. \u00c9 uma camada de Fe2O3 (\u00f3xido de ferro). Neste caso, em vez de ser oxidado pelo oxig\u00e9nio, o ferro ser\u00e1 oxidado pelo i\u00e3o de cobre. O ferro, Fe, oxidar\u00e1 ao i\u00e3o de ferro, Fe2+ e Fe3+ passando para a solu\u00e7\u00e3o (isto faz com que a solu\u00e7\u00e3o mude de cor).<\/p>\n<p>Por outro lado, o i\u00e3o de cobre Cu2+ do sulfato ser\u00e1 reduzido a Cu de cobre. Isto pode ser visto por uma fina camada vermelha depositada sobre o ferro. Esta camada n\u00e3o \u00e9 fixa e pode ser facilmente removida da placa.<\/p>\n<p>As reac\u00e7\u00f5es que est\u00e3o, portanto, a ter lugar s\u00e3o:<\/p>\n<p><strong>CuSO4 + Fe -&gt; FeSO4 + Cu<\/strong><\/p>\n<p>O papel do sal comum, cloreto de s\u00f3dio, \u00e9 de facilitar o movimento dos electr\u00f5es para que a reac\u00e7\u00e3o tenha lugar.<\/p>","protected":false},"excerpt":{"rendered":"<p>Esta actividade, fazendo uma gravura electrol\u00edtica do ferro, \u00e9 uma grande experi\u00eancia a fazer entre o ferro e o i\u00e3o de cobre (de sulfato de cobre). \u00c9 uma reac\u00e7\u00e3o de oxida\u00e7\u00e3o-redu\u00e7\u00e3o que lhe permite fazer uma grava\u00e7\u00e3o em ferro, por exemplo para fazer um crach\u00e1 ou um porta-chaves personalizado. Pode comprar um kit para 15 utiliza\u00e7\u00f5es, para o poder fazer com 15 pessoas ou 15 vezes individuais. Para encomendar, siga os passos abaixo.<\/p>","protected":false},"featured_media":40840,"comment_status":"open","ping_status":"closed","template":"","meta":{"_acf_changed":false,"site-sidebar-layout":"default","site-content-layout":"default","ast-site-content-layout":"default","site-content-style":"default","site-sidebar-style":"default","ast-global-header-display":"","ast-banner-title-visibility":"","ast-main-header-display":"","ast-hfb-above-header-display":"","ast-hfb-below-header-display":"","ast-hfb-mobile-header-display":"","site-post-title":"","ast-breadcrumbs-content":"","ast-featured-img":"","footer-sml-layout":"","ast-disable-related-posts":"","theme-transparent-header-meta":"default","adv-header-id-meta":"","stick-header-meta":"default","header-above-stick-meta":"","header-main-stick-meta":"","header-below-stick-meta":"","astra-migrate-meta-layouts":"set","ast-page-background-enabled":"default","ast-page-background-meta":{"desktop":{"background-color":"var(--ast-global-color-4)","background-image":"","background-repeat":"repeat","background-position":"center center","background-size":"auto","background-attachment":"scroll","background-type":"","background-media":"","overlay-type":"","overlay-color":"","overlay-opacity":"","overlay-gradient":""},"tablet":{"background-color":"","background-image":"","background-repeat":"repeat","background-position":"center center","background-size":"auto","background-attachment":"scroll","background-type":"","background-media":"","overlay-type":"","overlay-color":"","overlay-opacity":"","overlay-gradient":""},"mobile":{"background-color":"","background-image":"","background-repeat":"repeat","background-position":"center center","background-size":"auto","background-attachment":"scroll","background-type":"","background-media":"","overlay-type":"","overlay-color":"","overlay-opacity":"","overlay-gradient":""}},"ast-content-background-meta":{"desktop":{"background-color":"var(--ast-global-color-5)","background-image":"","background-repeat":"repeat","background-position":"center center","background-size":"auto","background-attachment":"scroll","background-type":"","background-media":"","overlay-type":"","overlay-color":"","overlay-opacity":"","overlay-gradient":""},"tablet":{"background-color":"var(--ast-global-color-5)","background-image":"","background-repeat":"repeat","background-position":"center center","background-size":"auto","background-attachment":"scroll","background-type":"","background-media":"","overlay-type":"","overlay-color":"","overlay-opacity":"","overlay-gradient":""},"mobile":{"background-color":"var(--ast-global-color-5)","background-image":"","background-repeat":"repeat","background-position":"center center","background-size":"auto","background-attachment":"scroll","background-type":"","background-media":"","overlay-type":"","overlay-color":"","overlay-opacity":"","overlay-gradient":""}}},"product_brand":[],"product_cat":[329],"product_tag":[],"class_list":{"0":"post-39775","1":"product","2":"type-product","3":"status-publish","4":"has-post-thumbnail","6":"product_cat-experimentos-ciencias","7":"pa_unidades-247","8":"pa_unidades-297","9":"desktop-align-left","10":"tablet-align-left","11":"mobile-align-left","12":"ast-product-gallery-layout-horizontal-slider","13":"ast-magnify-disabled","14":"ast-product-single-variable","15":"ast-product-tabs-layout-horizontal","16":"ast-qv-on-image","18":"first","19":"instock","20":"taxable","21":"shipping-taxable","22":"purchasable","23":"product-type-variable","24":"has-default-attributes"},"acf":[],"yoast_head":"<!-- This site is optimized with the Yoast SEO Premium plugin v27.1 (Yoast SEO v27.1.1) - https:\/\/yoast.com\/product\/yoast-seo-premium-wordpress\/ -->\n<title>Grabado Electrol\u00edtico Chapas de Hierro - Kit para 15 Usos. #Exp4: Comprar Online - Alquera.com<\/title>\n<meta name=\"robots\" content=\"index, follow, max-snippet:-1, max-image-preview:large, max-video-preview:-1\" \/>\n<link rel=\"canonical\" href=\"https:\/\/www.alquera.com\/pt\/grabar-chapas-hierro\/\" \/>\n<meta property=\"og:locale\" content=\"pt_PT\" \/>\n<meta property=\"og:type\" content=\"article\" \/>\n<meta property=\"og:title\" content=\"Grabado Electrol\u00edtico Chapas de Hierro - Kit para 15 Usos. #Exp4: Comprar Online - Alquera.com\" \/>\n<meta property=\"og:description\" content=\"Esta actividad, hacer un grabado electrol\u00edtico del hierro es un gran experimento a realizar entre el hierro y el ion cobre (proveniente del sulfato de cobre). Es una reacci\u00f3n de oxidaci\u00f3n-reducci\u00f3n que permite hacer un grabado sobre el hierro, pudiendo por ejemplo hacer una chapa o un llavero personalizado. Puedes comprar un kit para 15 usos, pudi\u00e9ndolo realizar con 15 personas o 15 veces individuales. Para hacer el pedido sigue los pasos que se indican aqu\u00ed m\u00e1s abajo.\" \/>\n<meta property=\"og:url\" content=\"https:\/\/www.alquera.com\/pt\/grabar-chapas-hierro\/\" \/>\n<meta property=\"og:site_name\" content=\"Alquera.com\" \/>\n<meta property=\"article:publisher\" content=\"https:\/\/www.facebook.com\/alqueraciencia\" \/>\n<meta property=\"article:modified_time\" content=\"2025-03-31T11:03:38+00:00\" \/>\n<meta property=\"og:image\" content=\"https:\/\/www.alquera.com\/wp-content\/uploads\/2022\/11\/KIT-CHAPAS-DE-HIERRO.png\" \/>\n\t<meta property=\"og:image:width\" content=\"900\" \/>\n\t<meta property=\"og:image:height\" content=\"900\" \/>\n\t<meta property=\"og:image:type\" content=\"image\/png\" \/>\n<meta name=\"twitter:card\" content=\"summary_large_image\" \/>\n<meta name=\"twitter:label1\" content=\"Disponibilidade\" \/>\n\t<meta name=\"twitter:data1\" content=\"Em stock\" \/>\n<script type=\"application\/ld+json\" class=\"yoast-schema-graph\">{\"@context\":\"https:\/\/schema.org\",\"@graph\":[{\"@type\":[\"WebPage\",\"ItemPage\"],\"@id\":\"https:\/\/www.alquera.com\/grabar-chapas-hierro\/\",\"url\":\"https:\/\/www.alquera.com\/grabar-chapas-hierro\/\",\"name\":\"Grabado Electrol\u00edtico Chapas de Hierro - Kit para 15 Usos. #Exp4: Comprar Online - Alquera.com\",\"isPartOf\":{\"@id\":\"https:\/\/www.alquera.com\/en\/#website\"},\"primaryImageOfPage\":{\"@id\":\"https:\/\/www.alquera.com\/grabar-chapas-hierro\/#primaryimage\"},\"image\":{\"@id\":\"https:\/\/www.alquera.com\/grabar-chapas-hierro\/#primaryimage\"},\"thumbnailUrl\":\"https:\/\/www.alquera.com\/wp-content\/uploads\/2022\/11\/KIT-CHAPAS-DE-HIERRO.png\",\"datePublished\":\"2022-11-11T10:34:55+00:00\",\"dateModified\":\"2025-03-31T11:03:38+00:00\",\"breadcrumb\":{\"@id\":\"https:\/\/www.alquera.com\/grabar-chapas-hierro\/#breadcrumb\"},\"inLanguage\":\"pt-PT\",\"potentialAction\":[{\"@type\":\"ReadAction\",\"target\":[\"https:\/\/www.alquera.com\/grabar-chapas-hierro\/\"]}]},{\"@type\":\"ImageObject\",\"inLanguage\":\"pt-PT\",\"@id\":\"https:\/\/www.alquera.com\/grabar-chapas-hierro\/#primaryimage\",\"url\":\"https:\/\/www.alquera.com\/wp-content\/uploads\/2022\/11\/KIT-CHAPAS-DE-HIERRO.png\",\"contentUrl\":\"https:\/\/www.alquera.com\/wp-content\/uploads\/2022\/11\/KIT-CHAPAS-DE-HIERRO.png\",\"width\":900,\"height\":900,\"caption\":\"Kit Grabado Chapas de Hierro\"},{\"@type\":\"BreadcrumbList\",\"@id\":\"https:\/\/www.alquera.com\/grabar-chapas-hierro\/#breadcrumb\",\"itemListElement\":[{\"@type\":\"ListItem\",\"position\":1,\"name\":\"Inicio\",\"item\":\"https:\/\/www.alquera.com\/\"},{\"@type\":\"ListItem\",\"position\":2,\"name\":\"Alquera.com: Tienda Online de Productos Qu\u00edmicos y Material de Laboratorio\",\"item\":\"https:\/\/www.alquera.com\/en\/tienda\/\"},{\"@type\":\"ListItem\",\"position\":3,\"name\":\"Grabado Electrol\u00edtico Chapas de Hierro &#8211; Kit para 15 Usos. #Exp4\"}]},{\"@type\":\"WebSite\",\"@id\":\"https:\/\/www.alquera.com\/en\/#website\",\"url\":\"https:\/\/www.alquera.com\/en\/\",\"name\":\"Alquera.com\",\"description\":\"Tienda Online Productos Qu\u00edmicos y Material de Laboratorio\",\"publisher\":{\"@id\":\"https:\/\/www.alquera.com\/en\/#organization\"},\"potentialAction\":[{\"@type\":\"SearchAction\",\"target\":{\"@type\":\"EntryPoint\",\"urlTemplate\":\"https:\/\/www.alquera.com\/en\/?s={search_term_string}\"},\"query-input\":{\"@type\":\"PropertyValueSpecification\",\"valueRequired\":true,\"valueName\":\"search_term_string\"}}],\"inLanguage\":\"pt-PT\"},{\"@type\":\"Organization\",\"@id\":\"https:\/\/www.alquera.com\/en\/#organization\",\"name\":\"ALQUERA CIENCIA SL\",\"url\":\"https:\/\/www.alquera.com\/en\/\",\"logo\":{\"@type\":\"ImageObject\",\"inLanguage\":\"pt-PT\",\"@id\":\"https:\/\/www.alquera.com\/en\/#\/schema\/logo\/image\/\",\"url\":\"https:\/\/www.alquera.com\/wp-content\/uploads\/2020\/11\/logo_300_ancho.png\",\"contentUrl\":\"https:\/\/www.alquera.com\/wp-content\/uploads\/2020\/11\/logo_300_ancho.png\",\"width\":300,\"height\":86,\"caption\":\"ALQUERA CIENCIA SL\"},\"image\":{\"@id\":\"https:\/\/www.alquera.com\/en\/#\/schema\/logo\/image\/\"},\"sameAs\":[\"https:\/\/www.facebook.com\/alqueraciencia\",\"https:\/\/www.instagram.com\/alquera_ciencia\/\",\"https:\/\/www.youtube.com\/c\/alquera\"]}]}<\/script>\n<meta property=\"og:availability\" content=\"instock\" \/>\n<meta property=\"product:availability\" content=\"instock\" \/>\n<meta property=\"product:condition\" content=\"new\" \/>\n<!-- \/ Yoast SEO Premium plugin. -->","yoast_head_json":{"title":"Gravura electrol\u00edtica de placas de ferro - Kit para 15 utiliza\u00e7\u00f5es. #Exp4: Comprar Online - Alquera.com","robots":{"index":"index","follow":"follow","max-snippet":"max-snippet:-1","max-image-preview":"max-image-preview:large","max-video-preview":"max-video-preview:-1"},"canonical":"https:\/\/www.alquera.com\/pt\/grabar-chapas-hierro\/","og_locale":"pt_PT","og_type":"article","og_title":"Grabado Electrol\u00edtico Chapas de Hierro - Kit para 15 Usos. #Exp4: Comprar Online - Alquera.com","og_description":"Esta actividad, hacer un grabado electrol\u00edtico del hierro es un gran experimento a realizar entre el hierro y el ion cobre (proveniente del sulfato de cobre). Es una reacci\u00f3n de oxidaci\u00f3n-reducci\u00f3n que permite hacer un grabado sobre el hierro, pudiendo por ejemplo hacer una chapa o un llavero personalizado. Puedes comprar un kit para 15 usos, pudi\u00e9ndolo realizar con 15 personas o 15 veces individuales. Para hacer el pedido sigue los pasos que se indican aqu\u00ed m\u00e1s abajo.","og_url":"https:\/\/www.alquera.com\/pt\/grabar-chapas-hierro\/","og_site_name":"Alquera.com","article_publisher":"https:\/\/www.facebook.com\/alqueraciencia","article_modified_time":"2025-03-31T11:03:38+00:00","og_image":[{"width":900,"height":900,"url":"https:\/\/www.alquera.com\/wp-content\/uploads\/2022\/11\/KIT-CHAPAS-DE-HIERRO.png","type":"image\/png"}],"twitter_card":"summary_large_image","twitter_misc":{"Disponibilidade":"Em stock"},"schema":{"@context":"https:\/\/schema.org","@graph":[{"@type":["WebPage","ItemPage"],"@id":"https:\/\/www.alquera.com\/grabar-chapas-hierro\/","url":"https:\/\/www.alquera.com\/grabar-chapas-hierro\/","name":"Gravura electrol\u00edtica de placas de ferro - Kit para 15 utiliza\u00e7\u00f5es. #Exp4: Comprar Online - Alquera.com","isPartOf":{"@id":"https:\/\/www.alquera.com\/en\/#website"},"primaryImageOfPage":{"@id":"https:\/\/www.alquera.com\/grabar-chapas-hierro\/#primaryimage"},"image":{"@id":"https:\/\/www.alquera.com\/grabar-chapas-hierro\/#primaryimage"},"thumbnailUrl":"https:\/\/www.alquera.com\/wp-content\/uploads\/2022\/11\/KIT-CHAPAS-DE-HIERRO.png","datePublished":"2022-11-11T10:34:55+00:00","dateModified":"2025-03-31T11:03:38+00:00","breadcrumb":{"@id":"https:\/\/www.alquera.com\/grabar-chapas-hierro\/#breadcrumb"},"inLanguage":"pt-PT","potentialAction":[{"@type":"ReadAction","target":["https:\/\/www.alquera.com\/grabar-chapas-hierro\/"]}]},{"@type":"ImageObject","inLanguage":"pt-PT","@id":"https:\/\/www.alquera.com\/grabar-chapas-hierro\/#primaryimage","url":"https:\/\/www.alquera.com\/wp-content\/uploads\/2022\/11\/KIT-CHAPAS-DE-HIERRO.png","contentUrl":"https:\/\/www.alquera.com\/wp-content\/uploads\/2022\/11\/KIT-CHAPAS-DE-HIERRO.png","width":900,"height":900,"caption":"Kit Grabado Chapas de Hierro"},{"@type":"BreadcrumbList","@id":"https:\/\/www.alquera.com\/grabar-chapas-hierro\/#breadcrumb","itemListElement":[{"@type":"ListItem","position":1,"name":"Inicio","item":"https:\/\/www.alquera.com\/"},{"@type":"ListItem","position":2,"name":"Alquera.com: Tienda Online de Productos Qu\u00edmicos y Material de Laboratorio","item":"https:\/\/www.alquera.com\/en\/tienda\/"},{"@type":"ListItem","position":3,"name":"Grabado Electrol\u00edtico Chapas de Hierro &#8211; Kit para 15 Usos. #Exp4"}]},{"@type":"WebSite","@id":"https:\/\/www.alquera.com\/en\/#website","url":"https:\/\/www.alquera.com\/en\/","name":"Alquera.com","description":"Loja on-line de produtos qu\u00edmicos e equipamento de laborat\u00f3rio","publisher":{"@id":"https:\/\/www.alquera.com\/en\/#organization"},"potentialAction":[{"@type":"SearchAction","target":{"@type":"EntryPoint","urlTemplate":"https:\/\/www.alquera.com\/en\/?s={search_term_string}"},"query-input":{"@type":"PropertyValueSpecification","valueRequired":true,"valueName":"search_term_string"}}],"inLanguage":"pt-PT"},{"@type":"Organization","@id":"https:\/\/www.alquera.com\/en\/#organization","name":"ALQUERA CIENCIA SL","url":"https:\/\/www.alquera.com\/en\/","logo":{"@type":"ImageObject","inLanguage":"pt-PT","@id":"https:\/\/www.alquera.com\/en\/#\/schema\/logo\/image\/","url":"https:\/\/www.alquera.com\/wp-content\/uploads\/2020\/11\/logo_300_ancho.png","contentUrl":"https:\/\/www.alquera.com\/wp-content\/uploads\/2020\/11\/logo_300_ancho.png","width":300,"height":86,"caption":"ALQUERA CIENCIA SL"},"image":{"@id":"https:\/\/www.alquera.com\/en\/#\/schema\/logo\/image\/"},"sameAs":["https:\/\/www.facebook.com\/alqueraciencia","https:\/\/www.instagram.com\/alquera_ciencia\/","https:\/\/www.youtube.com\/c\/alquera"]}]},"og_availability":"instock","product_availability":"instock","product_condition":"new"},"_links":{"self":[{"href":"https:\/\/www.alquera.com\/pt\/wp-json\/wp\/v2\/product\/39775","targetHints":{"allow":["GET"]}}],"collection":[{"href":"https:\/\/www.alquera.com\/pt\/wp-json\/wp\/v2\/product"}],"about":[{"href":"https:\/\/www.alquera.com\/pt\/wp-json\/wp\/v2\/types\/product"}],"replies":[{"embeddable":true,"href":"https:\/\/www.alquera.com\/pt\/wp-json\/wp\/v2\/comments?post=39775"}],"wp:featuredmedia":[{"embeddable":true,"href":"https:\/\/www.alquera.com\/pt\/wp-json\/wp\/v2\/media\/40840"}],"wp:attachment":[{"href":"https:\/\/www.alquera.com\/pt\/wp-json\/wp\/v2\/media?parent=39775"}],"wp:term":[{"taxonomy":"product_brand","embeddable":true,"href":"https:\/\/www.alquera.com\/pt\/wp-json\/wp\/v2\/product_brand?post=39775"},{"taxonomy":"product_cat","embeddable":true,"href":"https:\/\/www.alquera.com\/pt\/wp-json\/wp\/v2\/product_cat?post=39775"},{"taxonomy":"product_tag","embeddable":true,"href":"https:\/\/www.alquera.com\/pt\/wp-json\/wp\/v2\/product_tag?post=39775"}],"curies":[{"name":"wp","href":"https:\/\/api.w.org\/{rel}","templated":true}]}}