{"id":40848,"date":"2023-01-26T15:13:24","date_gmt":"2023-01-26T15:13:24","guid":{"rendered":"https:\/\/www.alquera.com\/?post_type=product&#038;p=40848"},"modified":"2024-12-28T06:51:26","modified_gmt":"2024-12-28T06:51:26","slug":"deteccion-huellas-dactilares","status":"publish","type":"product","link":"https:\/\/www.alquera.com\/pt\/deteccion-huellas-dactilares\/","title":{"rendered":"Detec\u00e7\u00e3o de impress\u00f5es digitais. Oxida\u00e7\u00e3o do Iodeto de Pot\u00e1ssio... #Exp6"},"content":{"rendered":"<p>O kit de detec\u00e7\u00e3o de impress\u00f5es digitais \u00e9 um kit com o qual ter\u00e1 os componentes qu\u00edmicos para poder levar a cabo a pr\u00e1tica da detec\u00e7\u00e3o de impress\u00f5es digitais.<\/p>\n<h2>CONTE\u00daDO DO KIT DE DETEC\u00c7\u00c3O DE IMPRESS\u00d5ES DIGITAIS<\/h2>\n<p>O kit inclui<\/p>\n<ul>\n<li><span style=\"font-size: 16px;\">100g <\/span><a style=\"font-size: 16px; background-color: #ffffff;\" href=\"https:\/\/www.alquera.com\/pt\/sulfato-de-cobre\/\">Sulfato de Cobre<\/a><\/li>\n<li>100g <a href=\"https:\/\/www.alquera.com\/pt\/yoduro-de-potasio\/\">Iodeto de Pot\u00e1ssio<\/a><\/li>\n<li>3 <a href=\"https:\/\/www.alquera.com\/pt\/placas-de-petri\/\">Pratos Petri<\/a><\/li>\n<\/ul>\n<h2>IMPRESS\u00d5ES DIGITAIS PASSO A PASSO<\/h2>\n<p>Mostramos-lhe o passo-a-passo detalhado em v\u00eddeo<\/p>\n<div class=\"ast-oembed-container\" style=\"height: 100%;\"><iframe loading=\"lazy\" title=\"#Exp6 - Huellas Dactilares a trav\u00e9s de la Oxidaci\u00f3n del Yodo.\" width=\"500\" height=\"281\" src=\"https:\/\/www.youtube.com\/embed\/mQyC5msTUEQ?feature=oembed\" frameborder=\"0\" allow=\"accelerometer; autoplay; clipboard-write; encrypted-media; gyroscope; picture-in-picture; web-share\" referrerpolicy=\"strict-origin-when-cross-origin\" allowfullscreen><\/iframe><\/div>\n<ol>\n<li>Tomar meia colher de sopa de iodeto de pot\u00e1ssio e coloc\u00e1-la sobre a placa de petri.<\/li>\n<li>Tomar a mesma propor\u00e7\u00e3o de sulfato de cobre e mistur\u00e1-lo na placa de Petri.<\/li>\n<li>Adicionar algumas gotas de \u00e1gua para promover a mistura e a agita\u00e7\u00e3o.<\/li>\n<li>Numa folha de papel, marca-se os dedos. Temos naturalmente gordura nas nossas m\u00e3os e quando se marca os dedos no papel, mesmo que n\u00e3o se consiga ver a gordura, esta ter\u00e1 ficado no papel.<\/li>\n<li>Colocar o papel virado para baixo na placa de petri (onde estavam o sulfato de cobre e o iodeto de pot\u00e1ssio). Espere 1-2 minutos e quando retirar o papel ter\u00e1 os vest\u00edgios marcados no copo.<\/li>\n<\/ol>\n<h2><strong>EXPLICA\u00c7\u00c3O T\u00c9CNICA<\/strong><\/h2>\n<p>Quando o iodeto de pot\u00e1ssio (KI) \u00e9 misturado com sulfato de cobre (CuSO4) numa solu\u00e7\u00e3o aquosa, tem lugar uma reac\u00e7\u00e3o qu\u00edmica conhecida como reac\u00e7\u00e3o de oxida\u00e7\u00e3o-redu\u00e7\u00e3o. A reac\u00e7\u00e3o qu\u00edmica completa \u00e9:<\/p>\n<p>2 KI + CuSO4 \u2192 CuI + K2SO4 + I2<\/p>\n<p>Nesta reac\u00e7\u00e3o, o i\u00e3o iodeto (I-) actua como um agente redutor e o i\u00e3o cobre (Cu2+) actua como um agente oxidante. O i\u00e3o iodeto entrega os electr\u00f5es ao i\u00e3o cobre, resultando na forma\u00e7\u00e3o de \u00f3xido de cobre (CuI) e iodo (I2). O iodo \u00e9 um g\u00e1s incolor que \u00e9 libertado na reac\u00e7\u00e3o e o \u00f3xido de cobre \u00e9 um composto castanho.<\/p>\n<p>O iodo \u00e9 um composto org\u00e2nico utilizado como corante em v\u00e1rios processos qu\u00edmicos, incluindo a detec\u00e7\u00e3o de impress\u00f5es digitais.<\/p>\n<p>A gordura \u00e9 um componente presente nas impress\u00f5es digitais, e quando uma solu\u00e7\u00e3o de iodo \u00e9 aplicada a uma superf\u00edcie das impress\u00f5es digitais, as gorduras presentes nas impress\u00f5es digitais reagem com o iodo para formar um composto castanho. Este processo \u00e9 conhecido como \"colora\u00e7\u00e3o de iodo\" e \u00e9 utilizado para real\u00e7ar impress\u00f5es digitais numa superf\u00edcie.<\/p>","protected":false},"excerpt":{"rendered":"<p>Nesta experi\u00eancia, ir\u00e1 utilizar uma t\u00e9cnica conhecida como \"colora\u00e7\u00e3o por iodo\" para detectar impress\u00f5es digitais numa superf\u00edcie. Poder\u00e1 ver como realizar toda a experi\u00eancia, bem como comprar um kit para a realizar.<\/p>","protected":false},"featured_media":40851,"comment_status":"open","ping_status":"closed","template":"","meta":{"_acf_changed":false,"site-sidebar-layout":"default","site-content-layout":"default","ast-site-content-layout":"default","site-content-style":"default","site-sidebar-style":"default","ast-global-header-display":"","ast-banner-title-visibility":"","ast-main-header-display":"","ast-hfb-above-header-display":"","ast-hfb-below-header-display":"","ast-hfb-mobile-header-display":"","site-post-title":"","ast-breadcrumbs-content":"","ast-featured-img":"","footer-sml-layout":"","ast-disable-related-posts":"","theme-transparent-header-meta":"default","adv-header-id-meta":"","stick-header-meta":"default","header-above-stick-meta":"","header-main-stick-meta":"","header-below-stick-meta":"","astra-migrate-meta-layouts":"default","ast-page-background-enabled":"default","ast-page-background-meta":{"desktop":{"background-color":"var(--ast-global-color-4)","background-image":"","background-repeat":"repeat","background-position":"center center","background-size":"auto","background-attachment":"scroll","background-type":"","background-media":"","overlay-type":"","overlay-color":"","overlay-opacity":"","overlay-gradient":""},"tablet":{"background-color":"","background-image":"","background-repeat":"repeat","background-position":"center center","background-size":"auto","background-attachment":"scroll","background-type":"","background-media":"","overlay-type":"","overlay-color":"","overlay-opacity":"","overlay-gradient":""},"mobile":{"background-color":"","background-image":"","background-repeat":"repeat","background-position":"center center","background-size":"auto","background-attachment":"scroll","background-type":"","background-media":"","overlay-type":"","overlay-color":"","overlay-opacity":"","overlay-gradient":""}},"ast-content-background-meta":{"desktop":{"background-color":"var(--ast-global-color-5)","background-image":"","background-repeat":"repeat","background-position":"center center","background-size":"auto","background-attachment":"scroll","background-type":"","background-media":"","overlay-type":"","overlay-color":"","overlay-opacity":"","overlay-gradient":""},"tablet":{"background-color":"var(--ast-global-color-5)","background-image":"","background-repeat":"repeat","background-position":"center center","background-size":"auto","background-attachment":"scroll","background-type":"","background-media":"","overlay-type":"","overlay-color":"","overlay-opacity":"","overlay-gradient":""},"mobile":{"background-color":"var(--ast-global-color-5)","background-image":"","background-repeat":"repeat","background-position":"center center","background-size":"auto","background-attachment":"scroll","background-type":"","background-media":"","overlay-type":"","overlay-color":"","overlay-opacity":"","overlay-gradient":""}}},"product_brand":[],"product_cat":[329],"product_tag":[],"class_list":{"0":"post-40848","1":"product","2":"type-product","3":"status-publish","4":"has-post-thumbnail","6":"product_cat-experimentos-ciencias","7":"desktop-align-left","8":"tablet-align-left","9":"mobile-align-left","10":"ast-product-gallery-layout-horizontal-slider","11":"ast-product-gallery-with-no-image","12":"ast-magnify-disabled","13":"ast-product-tabs-layout-horizontal","14":"ast-qv-on-image","16":"first","17":"instock","18":"taxable","19":"shipping-taxable","20":"purchasable","21":"product-type-simple"},"acf":[],"yoast_head":"<!-- This site is optimized with the Yoast SEO Premium plugin v27.1 (Yoast SEO v27.1.1) - https:\/\/yoast.com\/product\/yoast-seo-premium-wordpress\/ -->\n<title>Detecci\u00f3n Huellas Dactilares. Oxidaci\u00f3n de Yoduro de Potasio.. #Exp6: Comprar Online - Alquera.com<\/title>\n<meta name=\"description\" content=\"Conoce el experimento para detectar huellas dactilares en una reacci\u00f3n redox. Puedes comprar un kit para realizar el experimento tu mismo.\" \/>\n<meta name=\"robots\" content=\"index, follow, max-snippet:-1, max-image-preview:large, max-video-preview:-1\" \/>\n<link rel=\"canonical\" href=\"https:\/\/www.alquera.com\/pt\/deteccion-huellas-dactilares\/\" \/>\n<meta property=\"og:locale\" content=\"pt_PT\" \/>\n<meta property=\"og:type\" content=\"article\" \/>\n<meta property=\"og:title\" content=\"Detecci\u00f3n Huellas Dactilares. Oxidaci\u00f3n de Yoduro de Potasio.. #Exp6: Comprar Online - Alquera.com\" \/>\n<meta property=\"og:description\" content=\"Conoce el experimento para detectar huellas dactilares en una reacci\u00f3n redox. Puedes comprar un kit para realizar el experimento tu mismo.\" \/>\n<meta property=\"og:url\" content=\"https:\/\/www.alquera.com\/pt\/deteccion-huellas-dactilares\/\" \/>\n<meta property=\"og:site_name\" content=\"Alquera.com\" \/>\n<meta property=\"article:publisher\" content=\"https:\/\/www.facebook.com\/alqueraciencia\" \/>\n<meta property=\"article:modified_time\" content=\"2024-12-28T06:51:26+00:00\" \/>\n<meta property=\"og:image\" content=\"https:\/\/www.alquera.com\/wp-content\/uploads\/2023\/01\/KIT-GRABAR-HUELLAS-DACTILARES.png\" \/>\n\t<meta property=\"og:image:width\" content=\"900\" \/>\n\t<meta property=\"og:image:height\" content=\"900\" \/>\n\t<meta property=\"og:image:type\" content=\"image\/png\" \/>\n<meta name=\"twitter:card\" content=\"summary_large_image\" \/>\n<meta name=\"twitter:label1\" content=\"pre\u00e7o\" \/>\n\t<meta name=\"twitter:data1\" content=\"36,90&euro;\" \/>\n\t<meta name=\"twitter:label2\" content=\"Disponibilidade\" \/>\n\t<meta name=\"twitter:data2\" content=\"Em stock\" \/>\n<script type=\"application\/ld+json\" class=\"yoast-schema-graph\">{\"@context\":\"https:\/\/schema.org\",\"@graph\":[{\"@type\":[\"WebPage\",\"ItemPage\"],\"@id\":\"https:\/\/www.alquera.com\/deteccion-huellas-dactilares\/\",\"url\":\"https:\/\/www.alquera.com\/deteccion-huellas-dactilares\/\",\"name\":\"Detecci\u00f3n Huellas Dactilares. Oxidaci\u00f3n de Yoduro de Potasio.. #Exp6: Comprar Online - Alquera.com\",\"isPartOf\":{\"@id\":\"https:\/\/www.alquera.com\/en\/#website\"},\"primaryImageOfPage\":{\"@id\":\"https:\/\/www.alquera.com\/deteccion-huellas-dactilares\/#primaryimage\"},\"image\":{\"@id\":\"https:\/\/www.alquera.com\/deteccion-huellas-dactilares\/#primaryimage\"},\"thumbnailUrl\":\"https:\/\/www.alquera.com\/wp-content\/uploads\/2023\/01\/KIT-GRABAR-HUELLAS-DACTILARES.png\",\"datePublished\":\"2023-01-26T15:13:24+00:00\",\"dateModified\":\"2024-12-28T06:51:26+00:00\",\"description\":\"Conoce el experimento para detectar huellas dactilares en una reacci\u00f3n redox. Puedes comprar un kit para realizar el experimento tu mismo.\",\"breadcrumb\":{\"@id\":\"https:\/\/www.alquera.com\/deteccion-huellas-dactilares\/#breadcrumb\"},\"inLanguage\":\"pt-PT\",\"potentialAction\":[{\"@type\":\"ReadAction\",\"target\":[\"https:\/\/www.alquera.com\/deteccion-huellas-dactilares\/\"]}]},{\"@type\":\"ImageObject\",\"inLanguage\":\"pt-PT\",\"@id\":\"https:\/\/www.alquera.com\/deteccion-huellas-dactilares\/#primaryimage\",\"url\":\"https:\/\/www.alquera.com\/wp-content\/uploads\/2023\/01\/KIT-GRABAR-HUELLAS-DACTILARES.png\",\"contentUrl\":\"https:\/\/www.alquera.com\/wp-content\/uploads\/2023\/01\/KIT-GRABAR-HUELLAS-DACTILARES.png\",\"width\":900,\"height\":900,\"caption\":\"GRABAR HUELLAS DACTILARES\"},{\"@type\":\"BreadcrumbList\",\"@id\":\"https:\/\/www.alquera.com\/deteccion-huellas-dactilares\/#breadcrumb\",\"itemListElement\":[{\"@type\":\"ListItem\",\"position\":1,\"name\":\"Inicio\",\"item\":\"https:\/\/www.alquera.com\/\"},{\"@type\":\"ListItem\",\"position\":2,\"name\":\"Alquera.com: Tienda Online de Productos Qu\u00edmicos y Material de Laboratorio\",\"item\":\"https:\/\/www.alquera.com\/en\/tienda\/\"},{\"@type\":\"ListItem\",\"position\":3,\"name\":\"Detecci\u00f3n Huellas Dactilares. Oxidaci\u00f3n de Yoduro de Potasio.. #Exp6\"}]},{\"@type\":\"WebSite\",\"@id\":\"https:\/\/www.alquera.com\/en\/#website\",\"url\":\"https:\/\/www.alquera.com\/en\/\",\"name\":\"Alquera.com\",\"description\":\"Tienda Online Productos Qu\u00edmicos y Material de Laboratorio\",\"publisher\":{\"@id\":\"https:\/\/www.alquera.com\/en\/#organization\"},\"potentialAction\":[{\"@type\":\"SearchAction\",\"target\":{\"@type\":\"EntryPoint\",\"urlTemplate\":\"https:\/\/www.alquera.com\/en\/?s={search_term_string}\"},\"query-input\":{\"@type\":\"PropertyValueSpecification\",\"valueRequired\":true,\"valueName\":\"search_term_string\"}}],\"inLanguage\":\"pt-PT\"},{\"@type\":\"Organization\",\"@id\":\"https:\/\/www.alquera.com\/en\/#organization\",\"name\":\"ALQUERA CIENCIA SL\",\"url\":\"https:\/\/www.alquera.com\/en\/\",\"logo\":{\"@type\":\"ImageObject\",\"inLanguage\":\"pt-PT\",\"@id\":\"https:\/\/www.alquera.com\/en\/#\/schema\/logo\/image\/\",\"url\":\"https:\/\/www.alquera.com\/wp-content\/uploads\/2020\/11\/logo_300_ancho.png\",\"contentUrl\":\"https:\/\/www.alquera.com\/wp-content\/uploads\/2020\/11\/logo_300_ancho.png\",\"width\":300,\"height\":86,\"caption\":\"ALQUERA CIENCIA SL\"},\"image\":{\"@id\":\"https:\/\/www.alquera.com\/en\/#\/schema\/logo\/image\/\"},\"sameAs\":[\"https:\/\/www.facebook.com\/alqueraciencia\",\"https:\/\/www.instagram.com\/alquera_ciencia\/\",\"https:\/\/www.youtube.com\/c\/alquera\"]}]}<\/script>\n<meta property=\"product:price:amount\" content=\"36.90\" \/>\n<meta property=\"product:price:currency\" content=\"EUR\" \/>\n<meta property=\"og:availability\" content=\"instock\" \/>\n<meta property=\"product:availability\" content=\"instock\" \/>\n<meta property=\"product:condition\" content=\"new\" \/>\n<!-- \/ Yoast SEO Premium plugin. -->","yoast_head_json":{"title":"Dete\u00e7\u00e3o de impress\u00f5es digitais. Oxida\u00e7\u00e3o de Iodeto de Pot\u00e1ssio... #Exp6: Comprar Online - Alquera.com","description":"Aprender sobre a experi\u00eancia para detectar impress\u00f5es digitais numa reac\u00e7\u00e3o redox. Pode comprar um kit para realizar a experi\u00eancia voc\u00ea mesmo.","robots":{"index":"index","follow":"follow","max-snippet":"max-snippet:-1","max-image-preview":"max-image-preview:large","max-video-preview":"max-video-preview:-1"},"canonical":"https:\/\/www.alquera.com\/pt\/deteccion-huellas-dactilares\/","og_locale":"pt_PT","og_type":"article","og_title":"Detecci\u00f3n Huellas Dactilares. Oxidaci\u00f3n de Yoduro de Potasio.. #Exp6: Comprar Online - Alquera.com","og_description":"Conoce el experimento para detectar huellas dactilares en una reacci\u00f3n redox. Puedes comprar un kit para realizar el experimento tu mismo.","og_url":"https:\/\/www.alquera.com\/pt\/deteccion-huellas-dactilares\/","og_site_name":"Alquera.com","article_publisher":"https:\/\/www.facebook.com\/alqueraciencia","article_modified_time":"2024-12-28T06:51:26+00:00","og_image":[{"width":900,"height":900,"url":"https:\/\/www.alquera.com\/wp-content\/uploads\/2023\/01\/KIT-GRABAR-HUELLAS-DACTILARES.png","type":"image\/png"}],"twitter_card":"summary_large_image","twitter_misc":{"pre\u00e7o":"36,90&euro;","Disponibilidade":"Em stock"},"schema":{"@context":"https:\/\/schema.org","@graph":[{"@type":["WebPage","ItemPage"],"@id":"https:\/\/www.alquera.com\/deteccion-huellas-dactilares\/","url":"https:\/\/www.alquera.com\/deteccion-huellas-dactilares\/","name":"Dete\u00e7\u00e3o de impress\u00f5es digitais. Oxida\u00e7\u00e3o de Iodeto de Pot\u00e1ssio... #Exp6: Comprar Online - Alquera.com","isPartOf":{"@id":"https:\/\/www.alquera.com\/en\/#website"},"primaryImageOfPage":{"@id":"https:\/\/www.alquera.com\/deteccion-huellas-dactilares\/#primaryimage"},"image":{"@id":"https:\/\/www.alquera.com\/deteccion-huellas-dactilares\/#primaryimage"},"thumbnailUrl":"https:\/\/www.alquera.com\/wp-content\/uploads\/2023\/01\/KIT-GRABAR-HUELLAS-DACTILARES.png","datePublished":"2023-01-26T15:13:24+00:00","dateModified":"2024-12-28T06:51:26+00:00","description":"Aprender sobre a experi\u00eancia para detectar impress\u00f5es digitais numa reac\u00e7\u00e3o redox. Pode comprar um kit para realizar a experi\u00eancia voc\u00ea mesmo.","breadcrumb":{"@id":"https:\/\/www.alquera.com\/deteccion-huellas-dactilares\/#breadcrumb"},"inLanguage":"pt-PT","potentialAction":[{"@type":"ReadAction","target":["https:\/\/www.alquera.com\/deteccion-huellas-dactilares\/"]}]},{"@type":"ImageObject","inLanguage":"pt-PT","@id":"https:\/\/www.alquera.com\/deteccion-huellas-dactilares\/#primaryimage","url":"https:\/\/www.alquera.com\/wp-content\/uploads\/2023\/01\/KIT-GRABAR-HUELLAS-DACTILARES.png","contentUrl":"https:\/\/www.alquera.com\/wp-content\/uploads\/2023\/01\/KIT-GRABAR-HUELLAS-DACTILARES.png","width":900,"height":900,"caption":"GRABAR HUELLAS DACTILARES"},{"@type":"BreadcrumbList","@id":"https:\/\/www.alquera.com\/deteccion-huellas-dactilares\/#breadcrumb","itemListElement":[{"@type":"ListItem","position":1,"name":"Inicio","item":"https:\/\/www.alquera.com\/"},{"@type":"ListItem","position":2,"name":"Alquera.com: Tienda Online de Productos Qu\u00edmicos y Material de Laboratorio","item":"https:\/\/www.alquera.com\/en\/tienda\/"},{"@type":"ListItem","position":3,"name":"Detecci\u00f3n Huellas Dactilares. Oxidaci\u00f3n de Yoduro de Potasio.. #Exp6"}]},{"@type":"WebSite","@id":"https:\/\/www.alquera.com\/en\/#website","url":"https:\/\/www.alquera.com\/en\/","name":"Alquera.com","description":"Loja on-line de produtos qu\u00edmicos e equipamento de laborat\u00f3rio","publisher":{"@id":"https:\/\/www.alquera.com\/en\/#organization"},"potentialAction":[{"@type":"SearchAction","target":{"@type":"EntryPoint","urlTemplate":"https:\/\/www.alquera.com\/en\/?s={search_term_string}"},"query-input":{"@type":"PropertyValueSpecification","valueRequired":true,"valueName":"search_term_string"}}],"inLanguage":"pt-PT"},{"@type":"Organization","@id":"https:\/\/www.alquera.com\/en\/#organization","name":"ALQUERA CIENCIA SL","url":"https:\/\/www.alquera.com\/en\/","logo":{"@type":"ImageObject","inLanguage":"pt-PT","@id":"https:\/\/www.alquera.com\/en\/#\/schema\/logo\/image\/","url":"https:\/\/www.alquera.com\/wp-content\/uploads\/2020\/11\/logo_300_ancho.png","contentUrl":"https:\/\/www.alquera.com\/wp-content\/uploads\/2020\/11\/logo_300_ancho.png","width":300,"height":86,"caption":"ALQUERA CIENCIA SL"},"image":{"@id":"https:\/\/www.alquera.com\/en\/#\/schema\/logo\/image\/"},"sameAs":["https:\/\/www.facebook.com\/alqueraciencia","https:\/\/www.instagram.com\/alquera_ciencia\/","https:\/\/www.youtube.com\/c\/alquera"]}]},"product_price_amount":"36.90","product_price_currency":"EUR","og_availability":"instock","product_availability":"instock","product_condition":"new"},"_links":{"self":[{"href":"https:\/\/www.alquera.com\/pt\/wp-json\/wp\/v2\/product\/40848","targetHints":{"allow":["GET"]}}],"collection":[{"href":"https:\/\/www.alquera.com\/pt\/wp-json\/wp\/v2\/product"}],"about":[{"href":"https:\/\/www.alquera.com\/pt\/wp-json\/wp\/v2\/types\/product"}],"replies":[{"embeddable":true,"href":"https:\/\/www.alquera.com\/pt\/wp-json\/wp\/v2\/comments?post=40848"}],"wp:featuredmedia":[{"embeddable":true,"href":"https:\/\/www.alquera.com\/pt\/wp-json\/wp\/v2\/media\/40851"}],"wp:attachment":[{"href":"https:\/\/www.alquera.com\/pt\/wp-json\/wp\/v2\/media?parent=40848"}],"wp:term":[{"taxonomy":"product_brand","embeddable":true,"href":"https:\/\/www.alquera.com\/pt\/wp-json\/wp\/v2\/product_brand?post=40848"},{"taxonomy":"product_cat","embeddable":true,"href":"https:\/\/www.alquera.com\/pt\/wp-json\/wp\/v2\/product_cat?post=40848"},{"taxonomy":"product_tag","embeddable":true,"href":"https:\/\/www.alquera.com\/pt\/wp-json\/wp\/v2\/product_tag?post=40848"}],"curies":[{"name":"wp","href":"https:\/\/api.w.org\/{rel}","templated":true}]}}