{"id":40861,"date":"2023-02-06T10:42:35","date_gmt":"2023-02-06T10:42:35","guid":{"rendered":"https:\/\/www.alquera.com\/?post_type=product&#038;p=40861"},"modified":"2023-09-01T14:53:28","modified_gmt":"2023-09-01T14:53:28","slug":"cristalizacion-alumbre-de-roca-exp10","status":"publish","type":"product","link":"https:\/\/www.alquera.com\/pt\/cristalizacion-alumbre-de-roca-exp10\/","title":{"rendered":"Cristaliza\u00e7\u00e3o de al\u00famen de rocha #Exp10"},"content":{"rendered":"<h2>O QUE EST\u00c1 INCLU\u00cdDO NO KIT<\/h2>\n<ul>\n<li>1kg de al\u00famen de rocha<\/li>\n<li>N\u00e3o inclui: Copos, Fio, Corante e Varinha de vidro, que ter\u00e1 de comprar numa loja.<\/li>\n<\/ul>\n<h2>PASSO-A-PASSO DETALHADO<\/h2>\n<p>Mostramos-lhe o v\u00eddeo detalhado passo a passo:<\/p>\n<div class=\"ast-oembed-container\" style=\"height: 100%;\"><iframe loading=\"lazy\" title=\"#Exp10 - Cristalizaci\u00f3n de Alumbre\" width=\"500\" height=\"281\" src=\"https:\/\/www.youtube.com\/embed\/oMOpx2lun9M?feature=oembed\" frameborder=\"0\" allow=\"accelerometer; autoplay; clipboard-write; encrypted-media; gyroscope; picture-in-picture; web-share\" referrerpolicy=\"strict-origin-when-cross-origin\" allowfullscreen><\/iframe><\/div>\n<p>&nbsp;<\/p>\n<ul>\n<li>Vamos utilizar 250g de al\u00famen e 250ml de \u00e1gua. Aquecer e misturar at\u00e9 \u00e0 sua completa dissolu\u00e7\u00e3o.<\/li>\n<li>Verter a solu\u00e7\u00e3o para um copo (se quiser colorir o copo, adicionar a colora\u00e7\u00e3o nesta etapa).<\/li>\n<li>Colocar o fio sobre uma vara (ou similar) de modo a que caia sobre o vidro.<\/li>\n<li>Dentro de 30-40 minutos come\u00e7ar\u00e1 a ver cristais a formarem-se. Ap\u00f3s algumas horas, o cristal continuar\u00e1 a crescer.<\/li>\n<\/ul>\n<h2>EXPLICA\u00c7\u00c3O T\u00c9CNICA<\/h2>\n<p>A cristaliza\u00e7\u00e3o \u00e9 o processo pelo qual os cristais s\u00e3o criados a partir de um elemento em p\u00f3. A base da cristaliza\u00e7\u00e3o \u00e9 a maior solubilidade de um elemento a uma temperatura mais alta do que a uma temperatura mais baixa. \u00c0 medida que a solu\u00e7\u00e3o arrefece, a solubilidade do al\u00famen diminui e o cristal forma-se \u00e0 volta do fio.<\/p>","protected":false},"excerpt":{"rendered":"<p>Nesta experi\u00eancia pode-se ver como os belos cristais s\u00e3o formados a partir de um elemento em p\u00f3. Pode ver na descri\u00e7\u00e3o os detalhes do que o kit cont\u00e9m.<\/p>","protected":false},"featured_media":41089,"comment_status":"open","ping_status":"closed","template":"","meta":{"_acf_changed":false,"site-sidebar-layout":"default","site-content-layout":"default","ast-site-content-layout":"default","site-content-style":"default","site-sidebar-style":"default","ast-global-header-display":"","ast-banner-title-visibility":"","ast-main-header-display":"","ast-hfb-above-header-display":"","ast-hfb-below-header-display":"","ast-hfb-mobile-header-display":"","site-post-title":"","ast-breadcrumbs-content":"","ast-featured-img":"","footer-sml-layout":"","ast-disable-related-posts":"","theme-transparent-header-meta":"default","adv-header-id-meta":"","stick-header-meta":"default","header-above-stick-meta":"","header-main-stick-meta":"","header-below-stick-meta":"","astra-migrate-meta-layouts":"default","ast-page-background-enabled":"default","ast-page-background-meta":{"desktop":{"background-color":"var(--ast-global-color-4)","background-image":"","background-repeat":"repeat","background-position":"center center","background-size":"auto","background-attachment":"scroll","background-type":"","background-media":"","overlay-type":"","overlay-color":"","overlay-opacity":"","overlay-gradient":""},"tablet":{"background-color":"","background-image":"","background-repeat":"repeat","background-position":"center center","background-size":"auto","background-attachment":"scroll","background-type":"","background-media":"","overlay-type":"","overlay-color":"","overlay-opacity":"","overlay-gradient":""},"mobile":{"background-color":"","background-image":"","background-repeat":"repeat","background-position":"center center","background-size":"auto","background-attachment":"scroll","background-type":"","background-media":"","overlay-type":"","overlay-color":"","overlay-opacity":"","overlay-gradient":""}},"ast-content-background-meta":{"desktop":{"background-color":"var(--ast-global-color-5)","background-image":"","background-repeat":"repeat","background-position":"center center","background-size":"auto","background-attachment":"scroll","background-type":"","background-media":"","overlay-type":"","overlay-color":"","overlay-opacity":"","overlay-gradient":""},"tablet":{"background-color":"var(--ast-global-color-5)","background-image":"","background-repeat":"repeat","background-position":"center center","background-size":"auto","background-attachment":"scroll","background-type":"","background-media":"","overlay-type":"","overlay-color":"","overlay-opacity":"","overlay-gradient":""},"mobile":{"background-color":"var(--ast-global-color-5)","background-image":"","background-repeat":"repeat","background-position":"center center","background-size":"auto","background-attachment":"scroll","background-type":"","background-media":"","overlay-type":"","overlay-color":"","overlay-opacity":"","overlay-gradient":""}}},"product_brand":[],"product_cat":[329,21],"product_tag":[],"class_list":{"0":"post-40861","1":"product","2":"type-product","3":"status-publish","4":"has-post-thumbnail","6":"product_cat-experimentos-ciencias","7":"product_cat-productos","8":"desktop-align-left","9":"tablet-align-left","10":"mobile-align-left","11":"ast-product-gallery-layout-horizontal-slider","12":"ast-product-gallery-with-no-image","13":"ast-magnify-disabled","14":"ast-product-tabs-layout-horizontal","15":"ast-qv-on-image","17":"first","18":"instock","19":"taxable","20":"shipping-taxable","21":"purchasable","22":"product-type-simple"},"acf":[],"yoast_head":"<!-- This site is optimized with the Yoast SEO Premium plugin v27.1 (Yoast SEO v27.1.1) - https:\/\/yoast.com\/product\/yoast-seo-premium-wordpress\/ -->\n<title>Cristalizaci\u00f3n Alumbre de Roca #Exp10: Comprar Online - Alquera.com<\/title>\n<meta name=\"description\" content=\"La cristalizaci\u00f3n es el proceso mediante el cual se crean cristales a partir de un elemento en polvo, con este experimento podr\u00e1s preciosos cristales.\" \/>\n<meta name=\"robots\" content=\"index, follow, max-snippet:-1, max-image-preview:large, max-video-preview:-1\" \/>\n<link rel=\"canonical\" href=\"https:\/\/www.alquera.com\/pt\/cristalizacion-alumbre-de-roca-exp10\/\" \/>\n<meta property=\"og:locale\" content=\"pt_PT\" \/>\n<meta property=\"og:type\" content=\"article\" \/>\n<meta property=\"og:title\" content=\"Cristalizaci\u00f3n Alumbre de Roca #Exp10: Comprar Online - Alquera.com\" \/>\n<meta property=\"og:description\" content=\"La cristalizaci\u00f3n es el proceso mediante el cual se crean cristales a partir de un elemento en polvo, con este experimento podr\u00e1s preciosos cristales.\" \/>\n<meta property=\"og:url\" content=\"https:\/\/www.alquera.com\/pt\/cristalizacion-alumbre-de-roca-exp10\/\" \/>\n<meta property=\"og:site_name\" content=\"Alquera.com\" \/>\n<meta property=\"article:publisher\" content=\"https:\/\/www.facebook.com\/alqueraciencia\" \/>\n<meta property=\"article:modified_time\" content=\"2023-09-01T14:53:28+00:00\" \/>\n<meta property=\"og:image\" content=\"https:\/\/www.alquera.com\/wp-content\/uploads\/2023\/02\/alumbre-roca-foto.png\" \/>\n\t<meta property=\"og:image:width\" content=\"600\" \/>\n\t<meta property=\"og:image:height\" content=\"625\" \/>\n\t<meta property=\"og:image:type\" content=\"image\/png\" \/>\n<meta name=\"twitter:card\" content=\"summary_large_image\" \/>\n<meta name=\"twitter:label1\" content=\"pre\u00e7o\" \/>\n\t<meta name=\"twitter:data1\" content=\"5,00&euro;\" \/>\n\t<meta name=\"twitter:label2\" content=\"Disponibilidade\" \/>\n\t<meta name=\"twitter:data2\" content=\"Em stock\" \/>\n<script type=\"application\/ld+json\" class=\"yoast-schema-graph\">{\"@context\":\"https:\/\/schema.org\",\"@graph\":[{\"@type\":[\"WebPage\",\"ItemPage\"],\"@id\":\"https:\/\/www.alquera.com\/cristalizacion-alumbre-de-roca-exp10\/\",\"url\":\"https:\/\/www.alquera.com\/cristalizacion-alumbre-de-roca-exp10\/\",\"name\":\"Cristalizaci\u00f3n Alumbre de Roca #Exp10: Comprar Online - Alquera.com\",\"isPartOf\":{\"@id\":\"https:\/\/www.alquera.com\/en\/#website\"},\"primaryImageOfPage\":{\"@id\":\"https:\/\/www.alquera.com\/cristalizacion-alumbre-de-roca-exp10\/#primaryimage\"},\"image\":{\"@id\":\"https:\/\/www.alquera.com\/cristalizacion-alumbre-de-roca-exp10\/#primaryimage\"},\"thumbnailUrl\":\"https:\/\/www.alquera.com\/wp-content\/uploads\/2023\/02\/alumbre-roca-foto.png\",\"datePublished\":\"2023-02-06T10:42:35+00:00\",\"dateModified\":\"2023-09-01T14:53:28+00:00\",\"description\":\"La cristalizaci\u00f3n es el proceso mediante el cual se crean cristales a partir de un elemento en polvo, con este experimento podr\u00e1s preciosos cristales.\",\"breadcrumb\":{\"@id\":\"https:\/\/www.alquera.com\/cristalizacion-alumbre-de-roca-exp10\/#breadcrumb\"},\"inLanguage\":\"pt-PT\",\"potentialAction\":[{\"@type\":\"ReadAction\",\"target\":[\"https:\/\/www.alquera.com\/cristalizacion-alumbre-de-roca-exp10\/\"]}]},{\"@type\":\"ImageObject\",\"inLanguage\":\"pt-PT\",\"@id\":\"https:\/\/www.alquera.com\/cristalizacion-alumbre-de-roca-exp10\/#primaryimage\",\"url\":\"https:\/\/www.alquera.com\/wp-content\/uploads\/2023\/02\/alumbre-roca-foto.png\",\"contentUrl\":\"https:\/\/www.alquera.com\/wp-content\/uploads\/2023\/02\/alumbre-roca-foto.png\",\"width\":600,\"height\":625,\"caption\":\"KIT CRISTALIZACI\u00d3N ALUMBRE DE ROCA\"},{\"@type\":\"BreadcrumbList\",\"@id\":\"https:\/\/www.alquera.com\/cristalizacion-alumbre-de-roca-exp10\/#breadcrumb\",\"itemListElement\":[{\"@type\":\"ListItem\",\"position\":1,\"name\":\"Inicio\",\"item\":\"https:\/\/www.alquera.com\/\"},{\"@type\":\"ListItem\",\"position\":2,\"name\":\"Alquera.com: Tienda Online de Productos Qu\u00edmicos y Material de Laboratorio\",\"item\":\"https:\/\/www.alquera.com\/en\/tienda\/\"},{\"@type\":\"ListItem\",\"position\":3,\"name\":\"Cristalizaci\u00f3n Alumbre de Roca #Exp10\"}]},{\"@type\":\"WebSite\",\"@id\":\"https:\/\/www.alquera.com\/en\/#website\",\"url\":\"https:\/\/www.alquera.com\/en\/\",\"name\":\"Alquera.com\",\"description\":\"Tienda Online Productos Qu\u00edmicos y Material de Laboratorio\",\"publisher\":{\"@id\":\"https:\/\/www.alquera.com\/en\/#organization\"},\"potentialAction\":[{\"@type\":\"SearchAction\",\"target\":{\"@type\":\"EntryPoint\",\"urlTemplate\":\"https:\/\/www.alquera.com\/en\/?s={search_term_string}\"},\"query-input\":{\"@type\":\"PropertyValueSpecification\",\"valueRequired\":true,\"valueName\":\"search_term_string\"}}],\"inLanguage\":\"pt-PT\"},{\"@type\":\"Organization\",\"@id\":\"https:\/\/www.alquera.com\/en\/#organization\",\"name\":\"ALQUERA CIENCIA SL\",\"url\":\"https:\/\/www.alquera.com\/en\/\",\"logo\":{\"@type\":\"ImageObject\",\"inLanguage\":\"pt-PT\",\"@id\":\"https:\/\/www.alquera.com\/en\/#\/schema\/logo\/image\/\",\"url\":\"https:\/\/www.alquera.com\/wp-content\/uploads\/2020\/11\/logo_300_ancho.png\",\"contentUrl\":\"https:\/\/www.alquera.com\/wp-content\/uploads\/2020\/11\/logo_300_ancho.png\",\"width\":300,\"height\":86,\"caption\":\"ALQUERA CIENCIA SL\"},\"image\":{\"@id\":\"https:\/\/www.alquera.com\/en\/#\/schema\/logo\/image\/\"},\"sameAs\":[\"https:\/\/www.facebook.com\/alqueraciencia\",\"https:\/\/www.instagram.com\/alquera_ciencia\/\",\"https:\/\/www.youtube.com\/c\/alquera\"]}]}<\/script>\n<meta property=\"product:price:amount\" content=\"5.00\" \/>\n<meta property=\"product:price:currency\" content=\"EUR\" \/>\n<meta property=\"og:availability\" content=\"instock\" \/>\n<meta property=\"product:availability\" content=\"instock\" \/>\n<meta property=\"product:condition\" content=\"new\" \/>\n<!-- \/ Yoast SEO Premium plugin. -->","yoast_head_json":{"title":"Cristaliza\u00e7\u00e3o de al\u00famen de rocha #Exp10: Comprar online - Alquera.com","description":"A cristaliza\u00e7\u00e3o \u00e9 o processo pelo qual os cristais s\u00e3o criados a partir de um elemento em p\u00f3, com esta experi\u00eancia ser\u00e1 capaz de fazer belos cristais.","robots":{"index":"index","follow":"follow","max-snippet":"max-snippet:-1","max-image-preview":"max-image-preview:large","max-video-preview":"max-video-preview:-1"},"canonical":"https:\/\/www.alquera.com\/pt\/cristalizacion-alumbre-de-roca-exp10\/","og_locale":"pt_PT","og_type":"article","og_title":"Cristalizaci\u00f3n Alumbre de Roca #Exp10: Comprar Online - Alquera.com","og_description":"La cristalizaci\u00f3n es el proceso mediante el cual se crean cristales a partir de un elemento en polvo, con este experimento podr\u00e1s preciosos cristales.","og_url":"https:\/\/www.alquera.com\/pt\/cristalizacion-alumbre-de-roca-exp10\/","og_site_name":"Alquera.com","article_publisher":"https:\/\/www.facebook.com\/alqueraciencia","article_modified_time":"2023-09-01T14:53:28+00:00","og_image":[{"width":600,"height":625,"url":"https:\/\/www.alquera.com\/wp-content\/uploads\/2023\/02\/alumbre-roca-foto.png","type":"image\/png"}],"twitter_card":"summary_large_image","twitter_misc":{"pre\u00e7o":"5,00&euro;","Disponibilidade":"Em stock"},"schema":{"@context":"https:\/\/schema.org","@graph":[{"@type":["WebPage","ItemPage"],"@id":"https:\/\/www.alquera.com\/cristalizacion-alumbre-de-roca-exp10\/","url":"https:\/\/www.alquera.com\/cristalizacion-alumbre-de-roca-exp10\/","name":"Cristaliza\u00e7\u00e3o de al\u00famen de rocha #Exp10: Comprar online - Alquera.com","isPartOf":{"@id":"https:\/\/www.alquera.com\/en\/#website"},"primaryImageOfPage":{"@id":"https:\/\/www.alquera.com\/cristalizacion-alumbre-de-roca-exp10\/#primaryimage"},"image":{"@id":"https:\/\/www.alquera.com\/cristalizacion-alumbre-de-roca-exp10\/#primaryimage"},"thumbnailUrl":"https:\/\/www.alquera.com\/wp-content\/uploads\/2023\/02\/alumbre-roca-foto.png","datePublished":"2023-02-06T10:42:35+00:00","dateModified":"2023-09-01T14:53:28+00:00","description":"A cristaliza\u00e7\u00e3o \u00e9 o processo pelo qual os cristais s\u00e3o criados a partir de um elemento em p\u00f3, com esta experi\u00eancia ser\u00e1 capaz de fazer belos cristais.","breadcrumb":{"@id":"https:\/\/www.alquera.com\/cristalizacion-alumbre-de-roca-exp10\/#breadcrumb"},"inLanguage":"pt-PT","potentialAction":[{"@type":"ReadAction","target":["https:\/\/www.alquera.com\/cristalizacion-alumbre-de-roca-exp10\/"]}]},{"@type":"ImageObject","inLanguage":"pt-PT","@id":"https:\/\/www.alquera.com\/cristalizacion-alumbre-de-roca-exp10\/#primaryimage","url":"https:\/\/www.alquera.com\/wp-content\/uploads\/2023\/02\/alumbre-roca-foto.png","contentUrl":"https:\/\/www.alquera.com\/wp-content\/uploads\/2023\/02\/alumbre-roca-foto.png","width":600,"height":625,"caption":"KIT CRISTALIZACI\u00d3N ALUMBRE DE ROCA"},{"@type":"BreadcrumbList","@id":"https:\/\/www.alquera.com\/cristalizacion-alumbre-de-roca-exp10\/#breadcrumb","itemListElement":[{"@type":"ListItem","position":1,"name":"Inicio","item":"https:\/\/www.alquera.com\/"},{"@type":"ListItem","position":2,"name":"Alquera.com: Tienda Online de Productos Qu\u00edmicos y Material de Laboratorio","item":"https:\/\/www.alquera.com\/en\/tienda\/"},{"@type":"ListItem","position":3,"name":"Cristalizaci\u00f3n Alumbre de Roca #Exp10"}]},{"@type":"WebSite","@id":"https:\/\/www.alquera.com\/en\/#website","url":"https:\/\/www.alquera.com\/en\/","name":"Alquera.com","description":"Loja on-line de produtos qu\u00edmicos e equipamento de laborat\u00f3rio","publisher":{"@id":"https:\/\/www.alquera.com\/en\/#organization"},"potentialAction":[{"@type":"SearchAction","target":{"@type":"EntryPoint","urlTemplate":"https:\/\/www.alquera.com\/en\/?s={search_term_string}"},"query-input":{"@type":"PropertyValueSpecification","valueRequired":true,"valueName":"search_term_string"}}],"inLanguage":"pt-PT"},{"@type":"Organization","@id":"https:\/\/www.alquera.com\/en\/#organization","name":"ALQUERA CIENCIA SL","url":"https:\/\/www.alquera.com\/en\/","logo":{"@type":"ImageObject","inLanguage":"pt-PT","@id":"https:\/\/www.alquera.com\/en\/#\/schema\/logo\/image\/","url":"https:\/\/www.alquera.com\/wp-content\/uploads\/2020\/11\/logo_300_ancho.png","contentUrl":"https:\/\/www.alquera.com\/wp-content\/uploads\/2020\/11\/logo_300_ancho.png","width":300,"height":86,"caption":"ALQUERA CIENCIA SL"},"image":{"@id":"https:\/\/www.alquera.com\/en\/#\/schema\/logo\/image\/"},"sameAs":["https:\/\/www.facebook.com\/alqueraciencia","https:\/\/www.instagram.com\/alquera_ciencia\/","https:\/\/www.youtube.com\/c\/alquera"]}]},"product_price_amount":"5.00","product_price_currency":"EUR","og_availability":"instock","product_availability":"instock","product_condition":"new"},"_links":{"self":[{"href":"https:\/\/www.alquera.com\/pt\/wp-json\/wp\/v2\/product\/40861","targetHints":{"allow":["GET"]}}],"collection":[{"href":"https:\/\/www.alquera.com\/pt\/wp-json\/wp\/v2\/product"}],"about":[{"href":"https:\/\/www.alquera.com\/pt\/wp-json\/wp\/v2\/types\/product"}],"replies":[{"embeddable":true,"href":"https:\/\/www.alquera.com\/pt\/wp-json\/wp\/v2\/comments?post=40861"}],"wp:featuredmedia":[{"embeddable":true,"href":"https:\/\/www.alquera.com\/pt\/wp-json\/wp\/v2\/media\/41089"}],"wp:attachment":[{"href":"https:\/\/www.alquera.com\/pt\/wp-json\/wp\/v2\/media?parent=40861"}],"wp:term":[{"taxonomy":"product_brand","embeddable":true,"href":"https:\/\/www.alquera.com\/pt\/wp-json\/wp\/v2\/product_brand?post=40861"},{"taxonomy":"product_cat","embeddable":true,"href":"https:\/\/www.alquera.com\/pt\/wp-json\/wp\/v2\/product_cat?post=40861"},{"taxonomy":"product_tag","embeddable":true,"href":"https:\/\/www.alquera.com\/pt\/wp-json\/wp\/v2\/product_tag?post=40861"}],"curies":[{"name":"wp","href":"https:\/\/api.w.org\/{rel}","templated":true}]}}