{"id":41277,"date":"2023-02-17T20:30:53","date_gmt":"2023-02-17T20:30:53","guid":{"rendered":"https:\/\/www.alquera.com\/?post_type=product&#038;p=41277"},"modified":"2026-02-23T16:12:44","modified_gmt":"2026-02-23T16:12:44","slug":"embudo-vidrio","status":"publish","type":"product","link":"https:\/\/www.alquera.com\/pt\/embudo-vidrio\/","title":{"rendered":"Funil de Borosilicato de Vidro LBG 3.3"},"content":{"rendered":"<p>Funil de ramo curto. Fabricado em vidro borossilicatado LBG 3.3 e concebido de acordo com a norma ISO 4798.<\/p>\n<h2>DADOS T\u00c9CNICOS<\/h2>\n<p>Superior \u00d8(mm)- 75mm\/90mm<br \/>\n<span style=\"font-size: 16px;\">haste (mm) 75,mm\/90mm<br \/>\n<\/span><span style=\"font-size: 16px;\">haste \u00d8 (mm) 8mm\/10mm<\/span><\/p>\n<h2>FUNIL DE BOROSILICATO LBG 3.3<\/h2>\n<p>O vidro de borosilicato 3.3 \u00e9 um vidro com um teor m\u00ednimo de s\u00edlica.<br \/>\n\u00c9 praticamente livre de magn\u00e9sio, cal e zinco e cont\u00e9m apenas vest\u00edgios de metais pesados.<br \/>\nComposi\u00e7\u00e3o qu\u00edmica:<br \/>\n81% por peso SiO2<br \/>\n13,0% em peso de B2O3<br \/>\n4% na wt Na2O<br \/>\nPropriedades t\u00e9rmicas:<br \/>\nCoeficiente de expans\u00e3o linear: 32,5 x10-7 \u00ba C<br \/>\nTemperatura m\u00e1xima de trabalho : 515 \u00ba C<br \/>\nTemperatura de recozimento: 565 \u00ba C<br \/>\nTemperatura de amolecimento: 820 \u00ba C<br \/>\nCalor espec\u00edfico: 0,2<br \/>\nCondutividade t\u00e9rmica (cal\/cm3 \/ \u00ba C \/ seg): 0,0027<br \/>\nResist\u00eancia qu\u00edmica:<br \/>\nEste vidro \u00e9 altamente resistente \u00e0 \u00e1gua, solu\u00e7\u00f5es neutras e \u00e1cidas, \u00e1cidos concentrados e suas misturas, bem como a<br \/>\ncloreto, bromo, iodo, e solventes org\u00e2nicos. Mesmo durante longos per\u00edodos de exposi\u00e7\u00e3o e a temperaturas mais elevadas<br \/>\na 100\u00b0C, a sua resist\u00eancia qu\u00edmica excede a da maioria dos metais e outros materiais.<br \/>\nPode resistir \u00e0 esteriliza\u00e7\u00e3o repetida a seco e a h\u00famido sem deteriora\u00e7\u00e3o da superf\u00edcie e consequente<br \/>\ncontamina\u00e7\u00e3o. Resistente ao ataque de v\u00e1rios produtos qu\u00edmicos. Apenas \u00e1cido fluor\u00eddrico, \u00e1cido fosf\u00f3rico muito quente<br \/>\ne solu\u00e7\u00f5es alcalinas com concentra\u00e7\u00e3o e temperatura crescentes, atacam cada vez mais a superf\u00edcie do vidro.<\/p>","protected":false},"excerpt":{"rendered":"<p>Funil de ramo curto. Fabricado em vidro borossilicatado LBG 3.3 e concebido de acordo com a norma ISO 4798.<\/p>","protected":false},"featured_media":41280,"comment_status":"open","ping_status":"closed","template":"","meta":{"_acf_changed":false,"site-sidebar-layout":"default","site-content-layout":"default","ast-site-content-layout":"default","site-content-style":"default","site-sidebar-style":"default","ast-global-header-display":"","ast-banner-title-visibility":"","ast-main-header-display":"","ast-hfb-above-header-display":"","ast-hfb-below-header-display":"","ast-hfb-mobile-header-display":"","site-post-title":"","ast-breadcrumbs-content":"","ast-featured-img":"","footer-sml-layout":"","ast-disable-related-posts":"","theme-transparent-header-meta":"default","adv-header-id-meta":"","stick-header-meta":"default","header-above-stick-meta":"","header-main-stick-meta":"","header-below-stick-meta":"","astra-migrate-meta-layouts":"default","ast-page-background-enabled":"default","ast-page-background-meta":{"desktop":{"background-color":"var(--ast-global-color-4)","background-image":"","background-repeat":"repeat","background-position":"center center","background-size":"auto","background-attachment":"scroll","background-type":"","background-media":"","overlay-type":"","overlay-color":"","overlay-opacity":"","overlay-gradient":""},"tablet":{"background-color":"","background-image":"","background-repeat":"repeat","background-position":"center center","background-size":"auto","background-attachment":"scroll","background-type":"","background-media":"","overlay-type":"","overlay-color":"","overlay-opacity":"","overlay-gradient":""},"mobile":{"background-color":"","background-image":"","background-repeat":"repeat","background-position":"center center","background-size":"auto","background-attachment":"scroll","background-type":"","background-media":"","overlay-type":"","overlay-color":"","overlay-opacity":"","overlay-gradient":""}},"ast-content-background-meta":{"desktop":{"background-color":"var(--ast-global-color-5)","background-image":"","background-repeat":"repeat","background-position":"center center","background-size":"auto","background-attachment":"scroll","background-type":"","background-media":"","overlay-type":"","overlay-color":"","overlay-opacity":"","overlay-gradient":""},"tablet":{"background-color":"var(--ast-global-color-5)","background-image":"","background-repeat":"repeat","background-position":"center center","background-size":"auto","background-attachment":"scroll","background-type":"","background-media":"","overlay-type":"","overlay-color":"","overlay-opacity":"","overlay-gradient":""},"mobile":{"background-color":"var(--ast-global-color-5)","background-image":"","background-repeat":"repeat","background-position":"center center","background-size":"auto","background-attachment":"scroll","background-type":"","background-media":"","overlay-type":"","overlay-color":"","overlay-opacity":"","overlay-gradient":""}}},"product_brand":[],"product_cat":[26],"product_tag":[],"class_list":{"0":"post-41277","1":"product","2":"type-product","3":"status-publish","4":"has-post-thumbnail","6":"product_cat-material-de-laboratorio","7":"desktop-align-left","8":"tablet-align-left","9":"mobile-align-left","10":"ast-product-gallery-layout-horizontal-slider","11":"ast-product-gallery-with-no-image","12":"ast-magnify-disabled","13":"ast-product-single-variable","14":"ast-product-tabs-layout-horizontal","15":"ast-qv-on-image","17":"first","18":"instock","19":"taxable","20":"shipping-taxable","21":"purchasable","22":"product-type-variable","23":"has-default-attributes"},"acf":[],"yoast_head":"<!-- This site is optimized with the Yoast SEO Premium plugin v27.1 (Yoast SEO v27.1.1) - https:\/\/yoast.com\/product\/yoast-seo-premium-wordpress\/ -->\n<title>Embudo Vidrio Borosilicato: Comprar Online - Alquera.com<\/title>\n<meta name=\"description\" content=\"ENV\u00cdOS EN 24\/48H. Embudo en vidrio borosilicato para decantaciones, filtros de productos qu\u00edmicos. Di\u00e1metro exterior D75mm D90mm.\" \/>\n<meta name=\"robots\" content=\"index, follow, max-snippet:-1, max-image-preview:large, max-video-preview:-1\" \/>\n<link rel=\"canonical\" href=\"https:\/\/www.alquera.com\/pt\/embudo-vidrio\/\" \/>\n<meta property=\"og:locale\" content=\"pt_PT\" \/>\n<meta property=\"og:type\" content=\"article\" \/>\n<meta property=\"og:title\" content=\"Embudo Vidrio Borosilicato LBG 3.3: Comprar Online - Alquera.com\" \/>\n<meta property=\"og:description\" content=\"ENV\u00cdOS EN 24\/48H. Embudo en vidrio borosilicato para decantaciones, filtros de productos qu\u00edmicos. Di\u00e1metro exterior D75mm D90mm.\" \/>\n<meta property=\"og:url\" content=\"https:\/\/www.alquera.com\/pt\/embudo-vidrio\/\" \/>\n<meta property=\"og:site_name\" content=\"Alquera.com\" \/>\n<meta property=\"article:publisher\" content=\"https:\/\/www.facebook.com\/alqueraciencia\" \/>\n<meta property=\"article:modified_time\" content=\"2026-02-23T16:12:44+00:00\" \/>\n<meta property=\"og:image\" content=\"https:\/\/www.alquera.com\/wp-content\/uploads\/2023\/02\/EMBUDO.png\" \/>\n\t<meta property=\"og:image:width\" content=\"600\" \/>\n\t<meta property=\"og:image:height\" content=\"600\" \/>\n\t<meta property=\"og:image:type\" content=\"image\/png\" \/>\n<meta name=\"twitter:card\" content=\"summary_large_image\" \/>\n<meta name=\"twitter:label1\" content=\"Disponibilidade\" \/>\n\t<meta name=\"twitter:data1\" content=\"Em stock\" \/>\n<script type=\"application\/ld+json\" class=\"yoast-schema-graph\">{\"@context\":\"https:\/\/schema.org\",\"@graph\":[{\"@type\":[\"WebPage\",\"ItemPage\"],\"@id\":\"https:\/\/www.alquera.com\/embudo-vidrio\/\",\"url\":\"https:\/\/www.alquera.com\/embudo-vidrio\/\",\"name\":\"Embudo Vidrio Borosilicato: Comprar Online - Alquera.com\",\"isPartOf\":{\"@id\":\"https:\/\/www.alquera.com\/en\/#website\"},\"primaryImageOfPage\":{\"@id\":\"https:\/\/www.alquera.com\/embudo-vidrio\/#primaryimage\"},\"image\":{\"@id\":\"https:\/\/www.alquera.com\/embudo-vidrio\/#primaryimage\"},\"thumbnailUrl\":\"https:\/\/www.alquera.com\/wp-content\/uploads\/2023\/02\/EMBUDO.png\",\"datePublished\":\"2023-02-17T20:30:53+00:00\",\"dateModified\":\"2026-02-23T16:12:44+00:00\",\"description\":\"ENV\u00cdOS EN 24\/48H. Embudo en vidrio borosilicato para decantaciones, filtros de productos qu\u00edmicos. Di\u00e1metro exterior D75mm D90mm.\",\"breadcrumb\":{\"@id\":\"https:\/\/www.alquera.com\/embudo-vidrio\/#breadcrumb\"},\"inLanguage\":\"pt-PT\",\"potentialAction\":[{\"@type\":\"ReadAction\",\"target\":[\"https:\/\/www.alquera.com\/embudo-vidrio\/\"]}]},{\"@type\":\"ImageObject\",\"inLanguage\":\"pt-PT\",\"@id\":\"https:\/\/www.alquera.com\/embudo-vidrio\/#primaryimage\",\"url\":\"https:\/\/www.alquera.com\/wp-content\/uploads\/2023\/02\/EMBUDO.png\",\"contentUrl\":\"https:\/\/www.alquera.com\/wp-content\/uploads\/2023\/02\/EMBUDO.png\",\"width\":600,\"height\":600,\"caption\":\"EMBUDO\"},{\"@type\":\"BreadcrumbList\",\"@id\":\"https:\/\/www.alquera.com\/embudo-vidrio\/#breadcrumb\",\"itemListElement\":[{\"@type\":\"ListItem\",\"position\":1,\"name\":\"Inicio\",\"item\":\"https:\/\/www.alquera.com\/\"},{\"@type\":\"ListItem\",\"position\":2,\"name\":\"Alquera.com: Tienda Online de Productos Qu\u00edmicos y Material de Laboratorio\",\"item\":\"https:\/\/www.alquera.com\/en\/tienda\/\"},{\"@type\":\"ListItem\",\"position\":3,\"name\":\"Embudo Vidrio Borosilicato LBG 3.3\"}]},{\"@type\":\"WebSite\",\"@id\":\"https:\/\/www.alquera.com\/en\/#website\",\"url\":\"https:\/\/www.alquera.com\/en\/\",\"name\":\"Alquera.com\",\"description\":\"Tienda Online Productos Qu\u00edmicos y Material de Laboratorio\",\"publisher\":{\"@id\":\"https:\/\/www.alquera.com\/en\/#organization\"},\"potentialAction\":[{\"@type\":\"SearchAction\",\"target\":{\"@type\":\"EntryPoint\",\"urlTemplate\":\"https:\/\/www.alquera.com\/en\/?s={search_term_string}\"},\"query-input\":{\"@type\":\"PropertyValueSpecification\",\"valueRequired\":true,\"valueName\":\"search_term_string\"}}],\"inLanguage\":\"pt-PT\"},{\"@type\":\"Organization\",\"@id\":\"https:\/\/www.alquera.com\/en\/#organization\",\"name\":\"ALQUERA CIENCIA SL\",\"url\":\"https:\/\/www.alquera.com\/en\/\",\"logo\":{\"@type\":\"ImageObject\",\"inLanguage\":\"pt-PT\",\"@id\":\"https:\/\/www.alquera.com\/en\/#\/schema\/logo\/image\/\",\"url\":\"https:\/\/www.alquera.com\/wp-content\/uploads\/2020\/11\/logo_300_ancho.png\",\"contentUrl\":\"https:\/\/www.alquera.com\/wp-content\/uploads\/2020\/11\/logo_300_ancho.png\",\"width\":300,\"height\":86,\"caption\":\"ALQUERA CIENCIA SL\"},\"image\":{\"@id\":\"https:\/\/www.alquera.com\/en\/#\/schema\/logo\/image\/\"},\"sameAs\":[\"https:\/\/www.facebook.com\/alqueraciencia\",\"https:\/\/www.instagram.com\/alquera_ciencia\/\",\"https:\/\/www.youtube.com\/c\/alquera\"]}]}<\/script>\n<meta property=\"og:availability\" content=\"instock\" \/>\n<meta property=\"product:availability\" content=\"instock\" \/>\n<meta property=\"product:condition\" content=\"new\" \/>\n<!-- \/ Yoast SEO Premium plugin. -->","yoast_head_json":{"title":"Vidro Borosilicato de Funil: Compra Online - Alquera.com","description":"ENVIOS EM 24\/48H. Funil de vidro borosilicato para decanta\u00e7\u00e3o, filtros de produtos qu\u00edmicos. Di\u00e2metro exterior D75mm D90mm.","robots":{"index":"index","follow":"follow","max-snippet":"max-snippet:-1","max-image-preview":"max-image-preview:large","max-video-preview":"max-video-preview:-1"},"canonical":"https:\/\/www.alquera.com\/pt\/embudo-vidrio\/","og_locale":"pt_PT","og_type":"article","og_title":"Embudo Vidrio Borosilicato LBG 3.3: Comprar Online - Alquera.com","og_description":"ENV\u00cdOS EN 24\/48H. Embudo en vidrio borosilicato para decantaciones, filtros de productos qu\u00edmicos. Di\u00e1metro exterior D75mm D90mm.","og_url":"https:\/\/www.alquera.com\/pt\/embudo-vidrio\/","og_site_name":"Alquera.com","article_publisher":"https:\/\/www.facebook.com\/alqueraciencia","article_modified_time":"2026-02-23T16:12:44+00:00","og_image":[{"width":600,"height":600,"url":"https:\/\/www.alquera.com\/wp-content\/uploads\/2023\/02\/EMBUDO.png","type":"image\/png"}],"twitter_card":"summary_large_image","twitter_misc":{"Disponibilidade":"Em stock"},"schema":{"@context":"https:\/\/schema.org","@graph":[{"@type":["WebPage","ItemPage"],"@id":"https:\/\/www.alquera.com\/embudo-vidrio\/","url":"https:\/\/www.alquera.com\/embudo-vidrio\/","name":"Vidro Borosilicato de Funil: Compra Online - Alquera.com","isPartOf":{"@id":"https:\/\/www.alquera.com\/en\/#website"},"primaryImageOfPage":{"@id":"https:\/\/www.alquera.com\/embudo-vidrio\/#primaryimage"},"image":{"@id":"https:\/\/www.alquera.com\/embudo-vidrio\/#primaryimage"},"thumbnailUrl":"https:\/\/www.alquera.com\/wp-content\/uploads\/2023\/02\/EMBUDO.png","datePublished":"2023-02-17T20:30:53+00:00","dateModified":"2026-02-23T16:12:44+00:00","description":"ENVIOS EM 24\/48H. Funil de vidro borosilicato para decanta\u00e7\u00e3o, filtros de produtos qu\u00edmicos. Di\u00e2metro exterior D75mm D90mm.","breadcrumb":{"@id":"https:\/\/www.alquera.com\/embudo-vidrio\/#breadcrumb"},"inLanguage":"pt-PT","potentialAction":[{"@type":"ReadAction","target":["https:\/\/www.alquera.com\/embudo-vidrio\/"]}]},{"@type":"ImageObject","inLanguage":"pt-PT","@id":"https:\/\/www.alquera.com\/embudo-vidrio\/#primaryimage","url":"https:\/\/www.alquera.com\/wp-content\/uploads\/2023\/02\/EMBUDO.png","contentUrl":"https:\/\/www.alquera.com\/wp-content\/uploads\/2023\/02\/EMBUDO.png","width":600,"height":600,"caption":"EMBUDO"},{"@type":"BreadcrumbList","@id":"https:\/\/www.alquera.com\/embudo-vidrio\/#breadcrumb","itemListElement":[{"@type":"ListItem","position":1,"name":"Inicio","item":"https:\/\/www.alquera.com\/"},{"@type":"ListItem","position":2,"name":"Alquera.com: Tienda Online de Productos Qu\u00edmicos y Material de Laboratorio","item":"https:\/\/www.alquera.com\/en\/tienda\/"},{"@type":"ListItem","position":3,"name":"Embudo Vidrio Borosilicato LBG 3.3"}]},{"@type":"WebSite","@id":"https:\/\/www.alquera.com\/en\/#website","url":"https:\/\/www.alquera.com\/en\/","name":"Alquera.com","description":"Loja on-line de produtos qu\u00edmicos e equipamento de laborat\u00f3rio","publisher":{"@id":"https:\/\/www.alquera.com\/en\/#organization"},"potentialAction":[{"@type":"SearchAction","target":{"@type":"EntryPoint","urlTemplate":"https:\/\/www.alquera.com\/en\/?s={search_term_string}"},"query-input":{"@type":"PropertyValueSpecification","valueRequired":true,"valueName":"search_term_string"}}],"inLanguage":"pt-PT"},{"@type":"Organization","@id":"https:\/\/www.alquera.com\/en\/#organization","name":"ALQUERA CIENCIA SL","url":"https:\/\/www.alquera.com\/en\/","logo":{"@type":"ImageObject","inLanguage":"pt-PT","@id":"https:\/\/www.alquera.com\/en\/#\/schema\/logo\/image\/","url":"https:\/\/www.alquera.com\/wp-content\/uploads\/2020\/11\/logo_300_ancho.png","contentUrl":"https:\/\/www.alquera.com\/wp-content\/uploads\/2020\/11\/logo_300_ancho.png","width":300,"height":86,"caption":"ALQUERA CIENCIA SL"},"image":{"@id":"https:\/\/www.alquera.com\/en\/#\/schema\/logo\/image\/"},"sameAs":["https:\/\/www.facebook.com\/alqueraciencia","https:\/\/www.instagram.com\/alquera_ciencia\/","https:\/\/www.youtube.com\/c\/alquera"]}]},"og_availability":"instock","product_availability":"instock","product_condition":"new"},"_links":{"self":[{"href":"https:\/\/www.alquera.com\/pt\/wp-json\/wp\/v2\/product\/41277","targetHints":{"allow":["GET"]}}],"collection":[{"href":"https:\/\/www.alquera.com\/pt\/wp-json\/wp\/v2\/product"}],"about":[{"href":"https:\/\/www.alquera.com\/pt\/wp-json\/wp\/v2\/types\/product"}],"replies":[{"embeddable":true,"href":"https:\/\/www.alquera.com\/pt\/wp-json\/wp\/v2\/comments?post=41277"}],"wp:featuredmedia":[{"embeddable":true,"href":"https:\/\/www.alquera.com\/pt\/wp-json\/wp\/v2\/media\/41280"}],"wp:attachment":[{"href":"https:\/\/www.alquera.com\/pt\/wp-json\/wp\/v2\/media?parent=41277"}],"wp:term":[{"taxonomy":"product_brand","embeddable":true,"href":"https:\/\/www.alquera.com\/pt\/wp-json\/wp\/v2\/product_brand?post=41277"},{"taxonomy":"product_cat","embeddable":true,"href":"https:\/\/www.alquera.com\/pt\/wp-json\/wp\/v2\/product_cat?post=41277"},{"taxonomy":"product_tag","embeddable":true,"href":"https:\/\/www.alquera.com\/pt\/wp-json\/wp\/v2\/product_tag?post=41277"}],"curies":[{"name":"wp","href":"https:\/\/api.w.org\/{rel}","templated":true}]}}