{"id":416,"date":"2015-10-21T16:39:40","date_gmt":"2015-10-21T16:39:40","guid":{"rendered":"http:\/\/localhost\/alquera\/productos\/producto\/acido-citrico-1kg\/"},"modified":"2026-05-09T18:17:13","modified_gmt":"2026-05-09T18:17:13","slug":"acido-citrico","status":"publish","type":"product","link":"https:\/\/www.alquera.com\/pt\/acido-citrico\/","title":{"rendered":"\u00c1cido C\u00edtrico"},"content":{"rendered":"<p>O \u00e1cido c\u00edtrico \u00e9 um \u00e1cido org\u00e2nico tricarbox\u00edlico que pode ser encontrado na maioria dos citrinos, especialmente lim\u00f5es e laranjas. O \u00e1cido c\u00edtrico \u00e9 um grande antioxidante, da\u00ed a sua utiliza\u00e7\u00e3o como conservante alimentar. \u00c9 um componente utilizado em muitos produtos de limpeza de pavimentos e cer\u00e2mica. \u00c9 tamb\u00e9m amplamente utilizada em cosm\u00e9ticos para regular o pH dos cosm\u00e9ticos e em pequenas experi\u00eancias cient\u00edficas com crian\u00e7as.<\/p>\n<h2>IDENTIFICA\u00c7\u00c3O E PROPRIEDADES<\/h2>\n<p><strong>Nome:\u00a0<\/strong>\u00c1cido c\u00edtrico monohidrato<br \/>\n<strong>Sin\u00f3nimos:<\/strong> \u00c1cido tricarbox\u00edlico-2-hidroxi 1-2-3-propano \u00e1cido tricarbox\u00edlico<br \/>\n<strong>CE: <\/strong>201-069-1<br \/>\n<strong>CAS: <\/strong>5949-29-1<\/p>\n<ul>\n<li>Aspecto: P\u00f3 s\u00f3lido, cristalino, branco \/ incolor<\/li>\n<li>Odor: inodoro<\/li>\n<li>pH (100g\/l): 1,7<\/li>\n<li>Ponto de fus\u00e3o: 153\u00baC<\/li>\n<li>Ponto de ebuli\u00e7\u00e3o: decomp\u00f5e-se antes de ferver<\/li>\n<li>Inflamabilidade (s\u00f3lido\/g\u00e1s): N\u00e3o inflam\u00e1vel<\/li>\n<li>Press\u00e3o de vapor (20\u00baC): &lt;0,1 hPa<\/li>\n<li>Densidade (20\u00baC): 1,665 g\/cm<i>3<\/i><\/li>\n<li>Solubilidade em \u00e1gua (20\u00baC): 590 g\/l. Em \u00e1lcoois, parcialmente sol\u00faveis.<\/li>\n<li>Coeficiente de parti\u00e7\u00e3o n-octanol\/\u00e1gua (log Pow) (20\u00baC): -0,2 a 1,8<\/li>\n<li>Temperatura de auto-igni\u00e7\u00e3o: 345\u00baC<\/li>\n<li>Temperatura de decomposi\u00e7\u00e3o: &gt;170\u00baC<\/li>\n<\/ul>\n<h2>USES<\/h2>\n<ul>\n<li>Produto interm\u00e9dio<\/li>\n<li>Produtos de cuidados pessoais<\/li>\n<li>Detergentes e produtos de limpeza<\/li>\n<li>Ind\u00fastria do papel<\/li>\n<li>Produtos de constru\u00e7\u00e3o<\/li>\n<li>Pol\u00edmeros e pl\u00e1sticos<\/li>\n<li>Ind\u00fastria petrol\u00edfera<\/li>\n<li>Tintas e revestimentos<\/li>\n<li>Tabaco<\/li>\n<li>Produtos fotogr\u00e1ficos<\/li>\n<li>Ind\u00fastria t\u00eaxtil<\/li>\n<li>Reagentes de laborat\u00f3rio<\/li>\n<li>Tratamento de \u00e1guas<\/li>\n<li>Tratamento de Superf\u00edcie Met\u00e1lica<\/li>\n<li>Aplica\u00e7\u00f5es na Agricultura<\/li>\n<li>Aplica\u00e7\u00f5es espec\u00edficas de limpeza<\/li>\n<\/ul>","protected":false},"excerpt":{"rendered":"<p>Comprar \u00e1cido c\u00edtrico em pacotes de 100g, 1Kg, 5Kg e 25Kg. Pode ver o pre\u00e7o dos diferentes formatos de \u00e1cido c\u00edtrico ao seleccionar o formato desejado. A encomenda \u00e9 feita directamente atrav\u00e9s da Web seguindo os passos indicados, sendo entregue em 24\/48 horas.<\/p>","protected":false},"featured_media":35753,"comment_status":"open","ping_status":"closed","template":"","meta":{"_acf_changed":false,"site-sidebar-layout":"default","site-content-layout":"default","ast-site-content-layout":"default","site-content-style":"default","site-sidebar-style":"default","ast-global-header-display":"","ast-banner-title-visibility":"","ast-main-header-display":"","ast-hfb-above-header-display":"","ast-hfb-below-header-display":"","ast-hfb-mobile-header-display":"","site-post-title":"","ast-breadcrumbs-content":"","ast-featured-img":"","footer-sml-layout":"","ast-disable-related-posts":"","theme-transparent-header-meta":"default","adv-header-id-meta":"","stick-header-meta":"default","header-above-stick-meta":"","header-main-stick-meta":"","header-below-stick-meta":"","astra-migrate-meta-layouts":"default","ast-page-background-enabled":"default","ast-page-background-meta":{"desktop":{"background-color":"var(--ast-global-color-4)","background-image":"","background-repeat":"repeat","background-position":"center center","background-size":"auto","background-attachment":"scroll","background-type":"","background-media":"","overlay-type":"","overlay-color":"","overlay-opacity":"","overlay-gradient":""},"tablet":{"background-color":"","background-image":"","background-repeat":"repeat","background-position":"center center","background-size":"auto","background-attachment":"scroll","background-type":"","background-media":"","overlay-type":"","overlay-color":"","overlay-opacity":"","overlay-gradient":""},"mobile":{"background-color":"","background-image":"","background-repeat":"repeat","background-position":"center center","background-size":"auto","background-attachment":"scroll","background-type":"","background-media":"","overlay-type":"","overlay-color":"","overlay-opacity":"","overlay-gradient":""}},"ast-content-background-meta":{"desktop":{"background-color":"var(--ast-global-color-5)","background-image":"","background-repeat":"repeat","background-position":"center center","background-size":"auto","background-attachment":"scroll","background-type":"","background-media":"","overlay-type":"","overlay-color":"","overlay-opacity":"","overlay-gradient":""},"tablet":{"background-color":"var(--ast-global-color-5)","background-image":"","background-repeat":"repeat","background-position":"center center","background-size":"auto","background-attachment":"scroll","background-type":"","background-media":"","overlay-type":"","overlay-color":"","overlay-opacity":"","overlay-gradient":""},"mobile":{"background-color":"var(--ast-global-color-5)","background-image":"","background-repeat":"repeat","background-position":"center center","background-size":"auto","background-attachment":"scroll","background-type":"","background-media":"","overlay-type":"","overlay-color":"","overlay-opacity":"","overlay-gradient":""}}},"product_brand":[],"product_cat":[21],"product_tag":[],"class_list":{"0":"post-416","1":"product","2":"type-product","3":"status-publish","4":"has-post-thumbnail","6":"product_cat-productos","7":"pa_cantidad-100g","8":"pa_cantidad-1kg","9":"pa_cantidad-5kg","10":"pa_cantidad-25kg","11":"desktop-align-left","12":"tablet-align-left","13":"mobile-align-left","14":"ast-product-gallery-layout-horizontal-slider","15":"ast-magnify-disabled","16":"ast-product-single-variable","17":"ast-product-tabs-layout-horizontal","18":"ast-qv-on-image","20":"first","21":"instock","22":"taxable","23":"shipping-taxable","24":"purchasable","25":"product-type-variable","26":"has-default-attributes"},"acf":[],"yoast_head":"<!-- This site is optimized with the Yoast SEO Premium plugin v27.1 (Yoast SEO v27.1.1) - https:\/\/yoast.com\/product\/yoast-seo-premium-wordpress\/ -->\n<title>\u00c1cido C\u00edtrico: Comprar online - Alquera.com<\/title>\n<meta name=\"description\" content=\"ENV\u00cdOS EN 24\/48H - Comprar \u00e1cido c\u00edtrico en Alquera. El \u00e1cido c\u00edtrico es un producto qu\u00edmico utilizado en gran cantidad de utilidades.\" \/>\n<meta name=\"robots\" content=\"index, follow, max-snippet:-1, max-image-preview:large, max-video-preview:-1\" \/>\n<link rel=\"canonical\" href=\"https:\/\/www.alquera.com\/pt\/acido-citrico\/\" \/>\n<meta property=\"og:locale\" content=\"pt_PT\" \/>\n<meta property=\"og:type\" content=\"article\" \/>\n<meta property=\"og:title\" content=\"\u00c1cido C\u00edtrico: Comprar Online - Alquera.com\" \/>\n<meta property=\"og:description\" content=\"ENV\u00cdOS EN 24\/48H - Comprar \u00e1cido c\u00edtrico en Alquera. El \u00e1cido c\u00edtrico es un producto qu\u00edmico utilizado en gran cantidad de utilidades.\" \/>\n<meta property=\"og:url\" content=\"https:\/\/www.alquera.com\/pt\/acido-citrico\/\" \/>\n<meta property=\"og:site_name\" content=\"Alquera.com\" \/>\n<meta property=\"article:publisher\" content=\"https:\/\/www.facebook.com\/alqueraciencia\" \/>\n<meta property=\"article:modified_time\" content=\"2026-05-09T18:17:13+00:00\" \/>\n<meta property=\"og:image\" content=\"https:\/\/www.alquera.com\/wp-content\/uploads\/2015\/10\/acido-citrico-1kg.png\" \/>\n\t<meta property=\"og:image:width\" content=\"800\" \/>\n\t<meta property=\"og:image:height\" content=\"800\" \/>\n\t<meta property=\"og:image:type\" content=\"image\/png\" \/>\n<meta name=\"twitter:card\" content=\"summary_large_image\" \/>\n<meta name=\"twitter:label1\" content=\"Disponibilidade\" \/>\n\t<meta name=\"twitter:data1\" content=\"Em stock\" \/>\n<script type=\"application\/ld+json\" class=\"yoast-schema-graph\">{\"@context\":\"https:\/\/schema.org\",\"@graph\":[{\"@type\":[\"WebPage\",\"ItemPage\"],\"@id\":\"https:\/\/www.alquera.com\/acido-citrico\/\",\"url\":\"https:\/\/www.alquera.com\/acido-citrico\/\",\"name\":\"\u00c1cido C\u00edtrico: Comprar online - Alquera.com\",\"isPartOf\":{\"@id\":\"https:\/\/www.alquera.com\/en\/#website\"},\"primaryImageOfPage\":{\"@id\":\"https:\/\/www.alquera.com\/acido-citrico\/#primaryimage\"},\"image\":{\"@id\":\"https:\/\/www.alquera.com\/acido-citrico\/#primaryimage\"},\"thumbnailUrl\":\"https:\/\/www.alquera.com\/wp-content\/uploads\/2015\/10\/acido-citrico-1kg.png\",\"datePublished\":\"2015-10-21T16:39:40+00:00\",\"dateModified\":\"2026-05-09T18:17:13+00:00\",\"description\":\"ENV\u00cdOS EN 24\/48H - Comprar \u00e1cido c\u00edtrico en Alquera. El \u00e1cido c\u00edtrico es un producto qu\u00edmico utilizado en gran cantidad de utilidades.\",\"breadcrumb\":{\"@id\":\"https:\/\/www.alquera.com\/acido-citrico\/#breadcrumb\"},\"inLanguage\":\"pt-PT\",\"potentialAction\":[{\"@type\":\"ReadAction\",\"target\":[\"https:\/\/www.alquera.com\/acido-citrico\/\"]}]},{\"@type\":\"ImageObject\",\"inLanguage\":\"pt-PT\",\"@id\":\"https:\/\/www.alquera.com\/acido-citrico\/#primaryimage\",\"url\":\"https:\/\/www.alquera.com\/wp-content\/uploads\/2015\/10\/acido-citrico-1kg.png\",\"contentUrl\":\"https:\/\/www.alquera.com\/wp-content\/uploads\/2015\/10\/acido-citrico-1kg.png\",\"width\":800,\"height\":800,\"caption\":\"\u00e1cido c\u00edtrico\"},{\"@type\":\"BreadcrumbList\",\"@id\":\"https:\/\/www.alquera.com\/acido-citrico\/#breadcrumb\",\"itemListElement\":[{\"@type\":\"ListItem\",\"position\":1,\"name\":\"Inicio\",\"item\":\"https:\/\/www.alquera.com\/\"},{\"@type\":\"ListItem\",\"position\":2,\"name\":\"Alquera.com: Tienda Online de Productos Qu\u00edmicos y Material de Laboratorio\",\"item\":\"https:\/\/www.alquera.com\/en\/tienda\/\"},{\"@type\":\"ListItem\",\"position\":3,\"name\":\"\u00c1cido C\u00edtrico\"}]},{\"@type\":\"WebSite\",\"@id\":\"https:\/\/www.alquera.com\/en\/#website\",\"url\":\"https:\/\/www.alquera.com\/en\/\",\"name\":\"Alquera.com\",\"description\":\"Tienda Online Productos Qu\u00edmicos y Material de Laboratorio\",\"publisher\":{\"@id\":\"https:\/\/www.alquera.com\/en\/#organization\"},\"potentialAction\":[{\"@type\":\"SearchAction\",\"target\":{\"@type\":\"EntryPoint\",\"urlTemplate\":\"https:\/\/www.alquera.com\/en\/?s={search_term_string}\"},\"query-input\":{\"@type\":\"PropertyValueSpecification\",\"valueRequired\":true,\"valueName\":\"search_term_string\"}}],\"inLanguage\":\"pt-PT\"},{\"@type\":\"Organization\",\"@id\":\"https:\/\/www.alquera.com\/en\/#organization\",\"name\":\"ALQUERA CIENCIA SL\",\"url\":\"https:\/\/www.alquera.com\/en\/\",\"logo\":{\"@type\":\"ImageObject\",\"inLanguage\":\"pt-PT\",\"@id\":\"https:\/\/www.alquera.com\/en\/#\/schema\/logo\/image\/\",\"url\":\"https:\/\/www.alquera.com\/wp-content\/uploads\/2020\/11\/logo_300_ancho.png\",\"contentUrl\":\"https:\/\/www.alquera.com\/wp-content\/uploads\/2020\/11\/logo_300_ancho.png\",\"width\":300,\"height\":86,\"caption\":\"ALQUERA CIENCIA SL\"},\"image\":{\"@id\":\"https:\/\/www.alquera.com\/en\/#\/schema\/logo\/image\/\"},\"sameAs\":[\"https:\/\/www.facebook.com\/alqueraciencia\",\"https:\/\/www.instagram.com\/alquera_ciencia\/\",\"https:\/\/www.youtube.com\/c\/alquera\"]}]}<\/script>\n<meta property=\"og:availability\" content=\"instock\" \/>\n<meta property=\"product:availability\" content=\"instock\" \/>\n<meta property=\"product:retailer_item_id\" content=\"AL100011\" \/>\n<meta property=\"product:condition\" content=\"new\" \/>\n<!-- \/ Yoast SEO Premium plugin. -->","yoast_head_json":{"title":"\u00c1cido c\u00edtrico: Comprar online - Alquera.com","description":"COMPRAS EM 24\/48H - Comprar \u00e1cido c\u00edtrico em Alquera. O \u00e1cido c\u00edtrico \u00e9 um produto qu\u00edmico utilizado numa vasta gama de aplica\u00e7\u00f5es.","robots":{"index":"index","follow":"follow","max-snippet":"max-snippet:-1","max-image-preview":"max-image-preview:large","max-video-preview":"max-video-preview:-1"},"canonical":"https:\/\/www.alquera.com\/pt\/acido-citrico\/","og_locale":"pt_PT","og_type":"article","og_title":"\u00c1cido C\u00edtrico: Comprar Online - Alquera.com","og_description":"ENV\u00cdOS EN 24\/48H - Comprar \u00e1cido c\u00edtrico en Alquera. El \u00e1cido c\u00edtrico es un producto qu\u00edmico utilizado en gran cantidad de utilidades.","og_url":"https:\/\/www.alquera.com\/pt\/acido-citrico\/","og_site_name":"Alquera.com","article_publisher":"https:\/\/www.facebook.com\/alqueraciencia","article_modified_time":"2026-05-09T18:17:13+00:00","og_image":[{"width":800,"height":800,"url":"https:\/\/www.alquera.com\/wp-content\/uploads\/2015\/10\/acido-citrico-1kg.png","type":"image\/png"}],"twitter_card":"summary_large_image","twitter_misc":{"Disponibilidade":"Em stock"},"schema":{"@context":"https:\/\/schema.org","@graph":[{"@type":["WebPage","ItemPage"],"@id":"https:\/\/www.alquera.com\/acido-citrico\/","url":"https:\/\/www.alquera.com\/acido-citrico\/","name":"\u00c1cido c\u00edtrico: Comprar online - Alquera.com","isPartOf":{"@id":"https:\/\/www.alquera.com\/en\/#website"},"primaryImageOfPage":{"@id":"https:\/\/www.alquera.com\/acido-citrico\/#primaryimage"},"image":{"@id":"https:\/\/www.alquera.com\/acido-citrico\/#primaryimage"},"thumbnailUrl":"https:\/\/www.alquera.com\/wp-content\/uploads\/2015\/10\/acido-citrico-1kg.png","datePublished":"2015-10-21T16:39:40+00:00","dateModified":"2026-05-09T18:17:13+00:00","description":"COMPRAS EM 24\/48H - Comprar \u00e1cido c\u00edtrico em Alquera. O \u00e1cido c\u00edtrico \u00e9 um produto qu\u00edmico utilizado numa vasta gama de aplica\u00e7\u00f5es.","breadcrumb":{"@id":"https:\/\/www.alquera.com\/acido-citrico\/#breadcrumb"},"inLanguage":"pt-PT","potentialAction":[{"@type":"ReadAction","target":["https:\/\/www.alquera.com\/acido-citrico\/"]}]},{"@type":"ImageObject","inLanguage":"pt-PT","@id":"https:\/\/www.alquera.com\/acido-citrico\/#primaryimage","url":"https:\/\/www.alquera.com\/wp-content\/uploads\/2015\/10\/acido-citrico-1kg.png","contentUrl":"https:\/\/www.alquera.com\/wp-content\/uploads\/2015\/10\/acido-citrico-1kg.png","width":800,"height":800,"caption":"\u00e1cido c\u00edtrico"},{"@type":"BreadcrumbList","@id":"https:\/\/www.alquera.com\/acido-citrico\/#breadcrumb","itemListElement":[{"@type":"ListItem","position":1,"name":"Inicio","item":"https:\/\/www.alquera.com\/"},{"@type":"ListItem","position":2,"name":"Alquera.com: Tienda Online de Productos Qu\u00edmicos y Material de Laboratorio","item":"https:\/\/www.alquera.com\/en\/tienda\/"},{"@type":"ListItem","position":3,"name":"\u00c1cido C\u00edtrico"}]},{"@type":"WebSite","@id":"https:\/\/www.alquera.com\/en\/#website","url":"https:\/\/www.alquera.com\/en\/","name":"Alquera.com","description":"Loja on-line de produtos qu\u00edmicos e equipamento de laborat\u00f3rio","publisher":{"@id":"https:\/\/www.alquera.com\/en\/#organization"},"potentialAction":[{"@type":"SearchAction","target":{"@type":"EntryPoint","urlTemplate":"https:\/\/www.alquera.com\/en\/?s={search_term_string}"},"query-input":{"@type":"PropertyValueSpecification","valueRequired":true,"valueName":"search_term_string"}}],"inLanguage":"pt-PT"},{"@type":"Organization","@id":"https:\/\/www.alquera.com\/en\/#organization","name":"ALQUERA CIENCIA SL","url":"https:\/\/www.alquera.com\/en\/","logo":{"@type":"ImageObject","inLanguage":"pt-PT","@id":"https:\/\/www.alquera.com\/en\/#\/schema\/logo\/image\/","url":"https:\/\/www.alquera.com\/wp-content\/uploads\/2020\/11\/logo_300_ancho.png","contentUrl":"https:\/\/www.alquera.com\/wp-content\/uploads\/2020\/11\/logo_300_ancho.png","width":300,"height":86,"caption":"ALQUERA CIENCIA SL"},"image":{"@id":"https:\/\/www.alquera.com\/en\/#\/schema\/logo\/image\/"},"sameAs":["https:\/\/www.facebook.com\/alqueraciencia","https:\/\/www.instagram.com\/alquera_ciencia\/","https:\/\/www.youtube.com\/c\/alquera"]}]},"og_availability":"instock","product_availability":"instock","product_retailer_item_id":"AL100011","product_condition":"new"},"_links":{"self":[{"href":"https:\/\/www.alquera.com\/pt\/wp-json\/wp\/v2\/product\/416","targetHints":{"allow":["GET"]}}],"collection":[{"href":"https:\/\/www.alquera.com\/pt\/wp-json\/wp\/v2\/product"}],"about":[{"href":"https:\/\/www.alquera.com\/pt\/wp-json\/wp\/v2\/types\/product"}],"replies":[{"embeddable":true,"href":"https:\/\/www.alquera.com\/pt\/wp-json\/wp\/v2\/comments?post=416"}],"wp:featuredmedia":[{"embeddable":true,"href":"https:\/\/www.alquera.com\/pt\/wp-json\/wp\/v2\/media\/35753"}],"wp:attachment":[{"href":"https:\/\/www.alquera.com\/pt\/wp-json\/wp\/v2\/media?parent=416"}],"wp:term":[{"taxonomy":"product_brand","embeddable":true,"href":"https:\/\/www.alquera.com\/pt\/wp-json\/wp\/v2\/product_brand?post=416"},{"taxonomy":"product_cat","embeddable":true,"href":"https:\/\/www.alquera.com\/pt\/wp-json\/wp\/v2\/product_cat?post=416"},{"taxonomy":"product_tag","embeddable":true,"href":"https:\/\/www.alquera.com\/pt\/wp-json\/wp\/v2\/product_tag?post=416"}],"curies":[{"name":"wp","href":"https:\/\/api.w.org\/{rel}","templated":true}]}}