{"id":41723,"date":"2023-03-19T14:55:51","date_gmt":"2023-03-19T14:55:51","guid":{"rendered":"https:\/\/www.alquera.com\/?post_type=product&#038;p=41723"},"modified":"2026-02-23T16:11:37","modified_gmt":"2026-02-23T16:11:37","slug":"parafina-para-velas","status":"publish","type":"product","link":"https:\/\/www.alquera.com\/pt\/parafina-para-velas\/","title":{"rendered":"Cera de Parafina para Velas"},"content":{"rendered":"<p><strong>Cera de parafina para velas 56<\/strong> em missangas. A parafina de 56\u00ba \u00e9 uma parafina de baixo ponto de fus\u00e3o (56\u00baC). \u00c9 uma parafina que se destaca por ser <strong>el\u00e1stico e muito brilhante.<\/strong> \u00c9 ideal para o fabrico f\u00e1cil de velas.<\/p>\n<h2>M\u00c9TODO DE UTILIZA\u00c7\u00c3O<\/h2>\n<p class=\"texto--opened\">Para fazer as velas com parafina ter\u00e1 de derreter a parafina e inseri-la no molde onde se v\u00e3o fazer as velas. As contas de parafina s\u00e3o derretidas em lume brando numa panela, evite usar o microondas. Uma vez derretida a parafina, se houver pe\u00e7as n\u00e3o derretidas, desligue o calor e deixe-o terminar de derreter com o calor latente.<\/p>\n<p class=\"texto--opened\">Uma vez derretido, pode adicionar cor e perfume para lhe dar a cor e o cheiro que deseja.<\/p>\n<h2>PROPRIEDADES DA PARAFINA<\/h2>\n<p class=\"texto--opened\">Ponto de solidifica\u00e7\u00e3o (de acordo com ASTM D 938) : 55 - 59 \u00baC<br \/>\nViscosidade cinem\u00e1tica a 100\u00baC (segundo ASTM D 445): 3 - 5 cSt<br \/>\nPenetra\u00e7\u00e3o a 25\u00baC (de acordo com ASTM D 1321): 1\/10 mm 18 max. cSt<br \/>\nTeor de \u00f3leo (de acordo com ASTM D 721): ,5 m\u00e1x. % 0<br \/>\nCor Saybolt (de acordo com ASTM D 156) --- 24 - 30<\/p>\n<h2>A PARAFINA UTILIZA 56<\/h2>\n<p>- Fabrico de velas, casti\u00e7ais, casti\u00e7ais por imers\u00e3o, moldagem, ou moldagem por injec\u00e7\u00e3o<br \/>\n- \u00c9 um produto utilizado para o fabrico de estatuetas decorativas trabalhadas, bem como para o<br \/>\nrevestimento de pavio<\/p>\n<h2>ARMAZENAMENTO<\/h2>\n<p>Proteger do calor, da \u00e1gua, do p\u00f3 e da luz. A temperatura e humidade n\u00e3o afectam a seguran\u00e7a do produto, mas podem afectar a sua apresenta\u00e7\u00e3o e estado f\u00edsico. Recomenda-se a armazenagem em locais frescos e secos, a uma temperatura entre 5\u00baC e 25\u00baC. Em condi\u00e7\u00f5es normais de armazenamento, o produto mant\u00e9m-se perfeitamente durante 2 anos.<\/p>","protected":false},"excerpt":{"rendered":"<p>Comprar cera de vela, ponto de fus\u00e3o 56, em formatos de 1kg e 5kg. O formato da parafina \u00e9 em p\u00e9rolas e \u00e9 ideal para o fabrico de velas. A encomenda \u00e9 feita seguindo os passos indicados na Web.<\/p>","protected":false},"featured_media":41724,"comment_status":"open","ping_status":"closed","template":"","meta":{"_acf_changed":false,"site-sidebar-layout":"default","site-content-layout":"default","ast-site-content-layout":"default","site-content-style":"default","site-sidebar-style":"default","ast-global-header-display":"","ast-banner-title-visibility":"","ast-main-header-display":"","ast-hfb-above-header-display":"","ast-hfb-below-header-display":"","ast-hfb-mobile-header-display":"","site-post-title":"","ast-breadcrumbs-content":"","ast-featured-img":"","footer-sml-layout":"","ast-disable-related-posts":"","theme-transparent-header-meta":"default","adv-header-id-meta":"","stick-header-meta":"default","header-above-stick-meta":"","header-main-stick-meta":"","header-below-stick-meta":"","astra-migrate-meta-layouts":"default","ast-page-background-enabled":"default","ast-page-background-meta":{"desktop":{"background-color":"var(--ast-global-color-4)","background-image":"","background-repeat":"repeat","background-position":"center center","background-size":"auto","background-attachment":"scroll","background-type":"","background-media":"","overlay-type":"","overlay-color":"","overlay-opacity":"","overlay-gradient":""},"tablet":{"background-color":"","background-image":"","background-repeat":"repeat","background-position":"center center","background-size":"auto","background-attachment":"scroll","background-type":"","background-media":"","overlay-type":"","overlay-color":"","overlay-opacity":"","overlay-gradient":""},"mobile":{"background-color":"","background-image":"","background-repeat":"repeat","background-position":"center center","background-size":"auto","background-attachment":"scroll","background-type":"","background-media":"","overlay-type":"","overlay-color":"","overlay-opacity":"","overlay-gradient":""}},"ast-content-background-meta":{"desktop":{"background-color":"var(--ast-global-color-5)","background-image":"","background-repeat":"repeat","background-position":"center center","background-size":"auto","background-attachment":"scroll","background-type":"","background-media":"","overlay-type":"","overlay-color":"","overlay-opacity":"","overlay-gradient":""},"tablet":{"background-color":"var(--ast-global-color-5)","background-image":"","background-repeat":"repeat","background-position":"center center","background-size":"auto","background-attachment":"scroll","background-type":"","background-media":"","overlay-type":"","overlay-color":"","overlay-opacity":"","overlay-gradient":""},"mobile":{"background-color":"var(--ast-global-color-5)","background-image":"","background-repeat":"repeat","background-position":"center center","background-size":"auto","background-attachment":"scroll","background-type":"","background-media":"","overlay-type":"","overlay-color":"","overlay-opacity":"","overlay-gradient":""}}},"product_brand":[],"product_cat":[21],"product_tag":[],"class_list":{"0":"post-41723","1":"product","2":"type-product","3":"status-publish","4":"has-post-thumbnail","6":"product_cat-productos","7":"pa_cantidad-1kg","8":"pa_cantidad-5kg","9":"pa_cantidad-25kg","10":"desktop-align-left","11":"tablet-align-left","12":"mobile-align-left","13":"ast-product-gallery-layout-horizontal-slider","14":"ast-product-gallery-with-no-image","15":"ast-magnify-disabled","16":"ast-product-single-variable","17":"ast-product-tabs-layout-horizontal","18":"ast-qv-on-image","20":"first","21":"instock","22":"taxable","23":"shipping-taxable","24":"purchasable","25":"product-type-variable","26":"has-default-attributes"},"acf":[],"yoast_head":"<!-- This site is optimized with the Yoast SEO Premium plugin v27.1 (Yoast SEO v27.1.1) - https:\/\/yoast.com\/product\/yoast-seo-premium-wordpress\/ -->\n<title>Parafina para Velas: Comprar Online - Alquera.com<\/title>\n<meta name=\"robots\" content=\"index, follow, max-snippet:-1, max-image-preview:large, max-video-preview:-1\" \/>\n<link rel=\"canonical\" href=\"https:\/\/www.alquera.com\/pt\/parafina-para-velas\/\" \/>\n<meta property=\"og:locale\" content=\"pt_PT\" \/>\n<meta property=\"og:type\" content=\"article\" \/>\n<meta property=\"og:title\" content=\"Parafina para Velas: Comprar Online - Alquera.com\" \/>\n<meta property=\"og:description\" content=\"Comprar Parafina de Velas, punto de fusi\u00f3n 56, en formatos de 1kg y de 5kg. El formato de la Parafina es en perlas y es ideal para la fabricaci\u00f3n de velas. El pedido se hace siguiendo los pasos que se indican en la Web.\" \/>\n<meta property=\"og:url\" content=\"https:\/\/www.alquera.com\/pt\/parafina-para-velas\/\" \/>\n<meta property=\"og:site_name\" content=\"Alquera.com\" \/>\n<meta property=\"article:publisher\" content=\"https:\/\/www.facebook.com\/alqueraciencia\" \/>\n<meta property=\"article:modified_time\" content=\"2026-02-23T16:11:37+00:00\" \/>\n<meta property=\"og:image\" content=\"https:\/\/www.alquera.com\/wp-content\/uploads\/2023\/03\/PARAFINA-PARA-VELAS.webp\" \/>\n\t<meta property=\"og:image:width\" content=\"850\" \/>\n\t<meta property=\"og:image:height\" content=\"850\" \/>\n\t<meta property=\"og:image:type\" content=\"image\/webp\" \/>\n<meta name=\"twitter:card\" content=\"summary_large_image\" \/>\n<meta name=\"twitter:label1\" content=\"Disponibilidade\" \/>\n\t<meta name=\"twitter:data1\" content=\"Em stock\" \/>\n<script type=\"application\/ld+json\" class=\"yoast-schema-graph\">{\"@context\":\"https:\/\/schema.org\",\"@graph\":[{\"@type\":[\"WebPage\",\"ItemPage\"],\"@id\":\"https:\/\/www.alquera.com\/parafina-para-velas\/\",\"url\":\"https:\/\/www.alquera.com\/parafina-para-velas\/\",\"name\":\"Parafina para Velas: Comprar Online - Alquera.com\",\"isPartOf\":{\"@id\":\"https:\/\/www.alquera.com\/en\/#website\"},\"primaryImageOfPage\":{\"@id\":\"https:\/\/www.alquera.com\/parafina-para-velas\/#primaryimage\"},\"image\":{\"@id\":\"https:\/\/www.alquera.com\/parafina-para-velas\/#primaryimage\"},\"thumbnailUrl\":\"https:\/\/www.alquera.com\/wp-content\/uploads\/2023\/03\/PARAFINA-PARA-VELAS.webp\",\"datePublished\":\"2023-03-19T14:55:51+00:00\",\"dateModified\":\"2026-02-23T16:11:37+00:00\",\"breadcrumb\":{\"@id\":\"https:\/\/www.alquera.com\/parafina-para-velas\/#breadcrumb\"},\"inLanguage\":\"pt-PT\",\"potentialAction\":[{\"@type\":\"ReadAction\",\"target\":[\"https:\/\/www.alquera.com\/parafina-para-velas\/\"]}]},{\"@type\":\"ImageObject\",\"inLanguage\":\"pt-PT\",\"@id\":\"https:\/\/www.alquera.com\/parafina-para-velas\/#primaryimage\",\"url\":\"https:\/\/www.alquera.com\/wp-content\/uploads\/2023\/03\/PARAFINA-PARA-VELAS.webp\",\"contentUrl\":\"https:\/\/www.alquera.com\/wp-content\/uploads\/2023\/03\/PARAFINA-PARA-VELAS.webp\",\"width\":850,\"height\":850,\"caption\":\"PARAFINA PARA VELAS\"},{\"@type\":\"BreadcrumbList\",\"@id\":\"https:\/\/www.alquera.com\/parafina-para-velas\/#breadcrumb\",\"itemListElement\":[{\"@type\":\"ListItem\",\"position\":1,\"name\":\"Inicio\",\"item\":\"https:\/\/www.alquera.com\/\"},{\"@type\":\"ListItem\",\"position\":2,\"name\":\"Alquera.com: Tienda Online de Productos Qu\u00edmicos y Material de Laboratorio\",\"item\":\"https:\/\/www.alquera.com\/en\/tienda\/\"},{\"@type\":\"ListItem\",\"position\":3,\"name\":\"Parafina para Velas\"}]},{\"@type\":\"WebSite\",\"@id\":\"https:\/\/www.alquera.com\/en\/#website\",\"url\":\"https:\/\/www.alquera.com\/en\/\",\"name\":\"Alquera.com\",\"description\":\"Tienda Online Productos Qu\u00edmicos y Material de Laboratorio\",\"publisher\":{\"@id\":\"https:\/\/www.alquera.com\/en\/#organization\"},\"potentialAction\":[{\"@type\":\"SearchAction\",\"target\":{\"@type\":\"EntryPoint\",\"urlTemplate\":\"https:\/\/www.alquera.com\/en\/?s={search_term_string}\"},\"query-input\":{\"@type\":\"PropertyValueSpecification\",\"valueRequired\":true,\"valueName\":\"search_term_string\"}}],\"inLanguage\":\"pt-PT\"},{\"@type\":\"Organization\",\"@id\":\"https:\/\/www.alquera.com\/en\/#organization\",\"name\":\"ALQUERA CIENCIA SL\",\"url\":\"https:\/\/www.alquera.com\/en\/\",\"logo\":{\"@type\":\"ImageObject\",\"inLanguage\":\"pt-PT\",\"@id\":\"https:\/\/www.alquera.com\/en\/#\/schema\/logo\/image\/\",\"url\":\"https:\/\/www.alquera.com\/wp-content\/uploads\/2020\/11\/logo_300_ancho.png\",\"contentUrl\":\"https:\/\/www.alquera.com\/wp-content\/uploads\/2020\/11\/logo_300_ancho.png\",\"width\":300,\"height\":86,\"caption\":\"ALQUERA CIENCIA SL\"},\"image\":{\"@id\":\"https:\/\/www.alquera.com\/en\/#\/schema\/logo\/image\/\"},\"sameAs\":[\"https:\/\/www.facebook.com\/alqueraciencia\",\"https:\/\/www.instagram.com\/alquera_ciencia\/\",\"https:\/\/www.youtube.com\/c\/alquera\"]}]}<\/script>\n<meta property=\"og:availability\" content=\"instock\" \/>\n<meta property=\"product:availability\" content=\"instock\" \/>\n<meta property=\"product:condition\" content=\"new\" \/>\n<!-- \/ Yoast SEO Premium plugin. -->","yoast_head_json":{"title":"Cera de parafina para velas: Comprar online - Alquera.com","robots":{"index":"index","follow":"follow","max-snippet":"max-snippet:-1","max-image-preview":"max-image-preview:large","max-video-preview":"max-video-preview:-1"},"canonical":"https:\/\/www.alquera.com\/pt\/parafina-para-velas\/","og_locale":"pt_PT","og_type":"article","og_title":"Parafina para Velas: Comprar Online - Alquera.com","og_description":"Comprar Parafina de Velas, punto de fusi\u00f3n 56, en formatos de 1kg y de 5kg. El formato de la Parafina es en perlas y es ideal para la fabricaci\u00f3n de velas. El pedido se hace siguiendo los pasos que se indican en la Web.","og_url":"https:\/\/www.alquera.com\/pt\/parafina-para-velas\/","og_site_name":"Alquera.com","article_publisher":"https:\/\/www.facebook.com\/alqueraciencia","article_modified_time":"2026-02-23T16:11:37+00:00","og_image":[{"width":850,"height":850,"url":"https:\/\/www.alquera.com\/wp-content\/uploads\/2023\/03\/PARAFINA-PARA-VELAS.webp","type":"image\/webp"}],"twitter_card":"summary_large_image","twitter_misc":{"Disponibilidade":"Em stock"},"schema":{"@context":"https:\/\/schema.org","@graph":[{"@type":["WebPage","ItemPage"],"@id":"https:\/\/www.alquera.com\/parafina-para-velas\/","url":"https:\/\/www.alquera.com\/parafina-para-velas\/","name":"Cera de parafina para velas: Comprar online - Alquera.com","isPartOf":{"@id":"https:\/\/www.alquera.com\/en\/#website"},"primaryImageOfPage":{"@id":"https:\/\/www.alquera.com\/parafina-para-velas\/#primaryimage"},"image":{"@id":"https:\/\/www.alquera.com\/parafina-para-velas\/#primaryimage"},"thumbnailUrl":"https:\/\/www.alquera.com\/wp-content\/uploads\/2023\/03\/PARAFINA-PARA-VELAS.webp","datePublished":"2023-03-19T14:55:51+00:00","dateModified":"2026-02-23T16:11:37+00:00","breadcrumb":{"@id":"https:\/\/www.alquera.com\/parafina-para-velas\/#breadcrumb"},"inLanguage":"pt-PT","potentialAction":[{"@type":"ReadAction","target":["https:\/\/www.alquera.com\/parafina-para-velas\/"]}]},{"@type":"ImageObject","inLanguage":"pt-PT","@id":"https:\/\/www.alquera.com\/parafina-para-velas\/#primaryimage","url":"https:\/\/www.alquera.com\/wp-content\/uploads\/2023\/03\/PARAFINA-PARA-VELAS.webp","contentUrl":"https:\/\/www.alquera.com\/wp-content\/uploads\/2023\/03\/PARAFINA-PARA-VELAS.webp","width":850,"height":850,"caption":"PARAFINA PARA VELAS"},{"@type":"BreadcrumbList","@id":"https:\/\/www.alquera.com\/parafina-para-velas\/#breadcrumb","itemListElement":[{"@type":"ListItem","position":1,"name":"Inicio","item":"https:\/\/www.alquera.com\/"},{"@type":"ListItem","position":2,"name":"Alquera.com: Tienda Online de Productos Qu\u00edmicos y Material de Laboratorio","item":"https:\/\/www.alquera.com\/en\/tienda\/"},{"@type":"ListItem","position":3,"name":"Parafina para Velas"}]},{"@type":"WebSite","@id":"https:\/\/www.alquera.com\/en\/#website","url":"https:\/\/www.alquera.com\/en\/","name":"Alquera.com","description":"Loja on-line de produtos qu\u00edmicos e equipamento de laborat\u00f3rio","publisher":{"@id":"https:\/\/www.alquera.com\/en\/#organization"},"potentialAction":[{"@type":"SearchAction","target":{"@type":"EntryPoint","urlTemplate":"https:\/\/www.alquera.com\/en\/?s={search_term_string}"},"query-input":{"@type":"PropertyValueSpecification","valueRequired":true,"valueName":"search_term_string"}}],"inLanguage":"pt-PT"},{"@type":"Organization","@id":"https:\/\/www.alquera.com\/en\/#organization","name":"ALQUERA CIENCIA SL","url":"https:\/\/www.alquera.com\/en\/","logo":{"@type":"ImageObject","inLanguage":"pt-PT","@id":"https:\/\/www.alquera.com\/en\/#\/schema\/logo\/image\/","url":"https:\/\/www.alquera.com\/wp-content\/uploads\/2020\/11\/logo_300_ancho.png","contentUrl":"https:\/\/www.alquera.com\/wp-content\/uploads\/2020\/11\/logo_300_ancho.png","width":300,"height":86,"caption":"ALQUERA CIENCIA SL"},"image":{"@id":"https:\/\/www.alquera.com\/en\/#\/schema\/logo\/image\/"},"sameAs":["https:\/\/www.facebook.com\/alqueraciencia","https:\/\/www.instagram.com\/alquera_ciencia\/","https:\/\/www.youtube.com\/c\/alquera"]}]},"og_availability":"instock","product_availability":"instock","product_condition":"new"},"_links":{"self":[{"href":"https:\/\/www.alquera.com\/pt\/wp-json\/wp\/v2\/product\/41723","targetHints":{"allow":["GET"]}}],"collection":[{"href":"https:\/\/www.alquera.com\/pt\/wp-json\/wp\/v2\/product"}],"about":[{"href":"https:\/\/www.alquera.com\/pt\/wp-json\/wp\/v2\/types\/product"}],"replies":[{"embeddable":true,"href":"https:\/\/www.alquera.com\/pt\/wp-json\/wp\/v2\/comments?post=41723"}],"wp:featuredmedia":[{"embeddable":true,"href":"https:\/\/www.alquera.com\/pt\/wp-json\/wp\/v2\/media\/41724"}],"wp:attachment":[{"href":"https:\/\/www.alquera.com\/pt\/wp-json\/wp\/v2\/media?parent=41723"}],"wp:term":[{"taxonomy":"product_brand","embeddable":true,"href":"https:\/\/www.alquera.com\/pt\/wp-json\/wp\/v2\/product_brand?post=41723"},{"taxonomy":"product_cat","embeddable":true,"href":"https:\/\/www.alquera.com\/pt\/wp-json\/wp\/v2\/product_cat?post=41723"},{"taxonomy":"product_tag","embeddable":true,"href":"https:\/\/www.alquera.com\/pt\/wp-json\/wp\/v2\/product_tag?post=41723"}],"curies":[{"name":"wp","href":"https:\/\/api.w.org\/{rel}","templated":true}]}}