{"id":41744,"date":"2023-03-20T11:05:06","date_gmt":"2023-03-20T11:05:06","guid":{"rendered":"https:\/\/www.alquera.com\/?post_type=product&#038;p=41744"},"modified":"2026-02-23T16:13:00","modified_gmt":"2026-02-23T16:13:00","slug":"silicona-para-moldes-catalizador","status":"publish","type":"product","link":"https:\/\/www.alquera.com\/pt\/silicona-para-moldes-catalizador\/","title":{"rendered":"Silicone para Moldes + Catalisador"},"content":{"rendered":"<p>O silicone de moldagem e o catalisador s\u00e3o vendidos em conjunto numa propor\u00e7\u00e3o de 100:5, ou seja<\/p>\n<ul>\n<li>1kg de silicone+50 gramas de catalisador<\/li>\n<li>5kg de silicone + catalisador de 250 gramas<\/li>\n<li>25kg de silicone+1,25kg de catalisador.<\/li>\n<\/ul>\n<p>La silicona para fabricaci\u00f3n de moldes es un elast\u00f3mero de silicona de dos componentes, que mezclados a temperaturaambiente, reticulan, obteniendo un producto final flexible, el\u00e1stico y de excelentes propiedades mec\u00e1nicas.<\/p>\n<p>S\u00e3o amplamente utilizados na produ\u00e7\u00e3o de moldes para a reprodu\u00e7\u00e3o de modelos de cera, cer\u00e2mica, madeira, metal, pedra, gesso, etc., em materiais tais como resinas de poli\u00e9ster, poliuretano, pedra artificial, alabastro, gesso, etc.<\/p>\n<h2>CARACTER\u00cdSTICAS F\u00cdSICAS<\/h2>\n<p>- APEARAN\u00c7A - Pasta fluida<br \/>\n- COR - Branco<br \/>\n- VISCOSIDADE a 25 \u00b0C, mPa.s 25-40,000<br \/>\n- DENSIDADE a 25 \u00b0C, g\/cm3 1,10<\/p>\n<h2>PROPRIEDADES MEC\u00c2NICAS<\/h2>\n<p>- TEMPO DE TRABALHO a 25 \u00b0C: 3h .<br \/>\n- TEMPO DE DEMOULA\u00c7\u00c3O a 25 \u00b0C: 24h<br \/>\n- DUREZA (Costa A) : 12<br \/>\n- FOR\u00c7A DE REPARTI\u00c7\u00c3O, Kg\/cm2: 34<br \/>\n- FOR\u00c7A DE ALONGAMENTO, % : 550<br \/>\n- TEAR STRENGTH, Kg\/cm: 22<\/p>\n<h2>CANDIDATURAS<\/h2>\n<p>Os seguintes pontos devem ser observados a fim de se conseguir uma boa utiliza\u00e7\u00e3o do silicone:<br \/>\n1. utilizar um recipiente limpo e seco para misturar bem a base e o catalisador, com agita\u00e7\u00e3o manual ou mec\u00e2nica, evitando a adi\u00e7\u00e3o de ar \u00e0 mistura.<br \/>\n2. A fim de obter moldes sem vazios internos, \u00e9 aconselh\u00e1vel desaerar a mistura. Para este fim, \u00e9 suficiente um v\u00e1cuo numa c\u00e2mara entre 30 e 50 mm\/hg. durante alguns minutos.<br \/>\n3. O verter da mistura deve ser feito com cuidado para evitar a incorpora\u00e7\u00e3o de ar, o que resultaria na forma\u00e7\u00e3o de bolhas.<\/p>\n<h2>M\u00c9TODO DE UTILIZA\u00c7\u00c3O<\/h2>\n<p>Para fazer um molde de silicone com o silicone do molde e catalisador, seguir os passos abaixo:<\/p>\n<ol>\n<li>\u00a0Encontrar um recipiente com dimens\u00f5es adequadas para o objecto a ser moldado. Para evitar a necessidade de produto extra, recomenda-se a utiliza\u00e7\u00e3o de um recipiente com medidas o mais pr\u00f3ximo poss\u00edvel do objecto a moldar.<\/li>\n<li>Se desejar, pode utilizar um agente desmoldante no objecto para facilitar a sua remo\u00e7\u00e3o. Caso contr\u00e1rio, este silicone \u00e9 f\u00e1cil de remover usando sab\u00e3o e \u00e1gua uma vez endurecido.<\/li>\n<li>Cubra a base do recipiente com pel\u00edcula pl\u00e1stica e coloque o objecto a ser moldado no mesmo.<\/li>\n<li>Verter uma pequena quantidade da mistura de silicone e catalisador para cobrir a base do molde, segurando o objecto na base para impedir o seu movimento. Deixar secar<\/li>\n<li>Cobrir o resto do molde com a mistura de silicone e catalisador.<\/li>\n<li>Deixar secar durante v\u00e1rias horas at\u00e9 ser endurecido.<\/li>\n<\/ol>\n<h2>HIGIENE E SEGURAN\u00c7A<\/h2>\n<p>Os catalisadores cont\u00eam sais de estanho t\u00f3xicos e, portanto, recomenda-se evitar o contacto com a pele e salpicos nos olhos durante a manipula\u00e7\u00e3o. Em caso de contacto acidental, lavar imediatamente com bastante \u00e1gua e consultar um m\u00e9dico. Para mais informa\u00e7\u00f5es, por favor, solicite o manual de seguran\u00e7a do produto.<\/p>","protected":false},"excerpt":{"rendered":"<p class=\"ai-optimize-47\">Comprar Silicone para moldes e catalisador. Produ\u00e7\u00e3o de moldes para a reprodu\u00e7\u00e3o de modelos de cera, cer\u00e2mica, madeira, metal, pedra, gesso, etc., em materiais tais como resinas de poli\u00e9ster, poliuretano, pedra artificial, alabastro, gesso, etc. Fa\u00e7a a sua encomenda seguindo os passos abaixo.<\/p>","protected":false},"featured_media":41766,"comment_status":"open","ping_status":"closed","template":"","meta":{"_acf_changed":false,"site-sidebar-layout":"default","site-content-layout":"default","ast-site-content-layout":"default","site-content-style":"default","site-sidebar-style":"default","ast-global-header-display":"","ast-banner-title-visibility":"","ast-main-header-display":"","ast-hfb-above-header-display":"","ast-hfb-below-header-display":"","ast-hfb-mobile-header-display":"","site-post-title":"","ast-breadcrumbs-content":"","ast-featured-img":"","footer-sml-layout":"","ast-disable-related-posts":"","theme-transparent-header-meta":"default","adv-header-id-meta":"","stick-header-meta":"default","header-above-stick-meta":"","header-main-stick-meta":"","header-below-stick-meta":"","astra-migrate-meta-layouts":"set","ast-page-background-enabled":"default","ast-page-background-meta":{"desktop":{"background-color":"var(--ast-global-color-4)","background-image":"","background-repeat":"repeat","background-position":"center center","background-size":"auto","background-attachment":"scroll","background-type":"","background-media":"","overlay-type":"","overlay-color":"","overlay-opacity":"","overlay-gradient":""},"tablet":{"background-color":"","background-image":"","background-repeat":"repeat","background-position":"center center","background-size":"auto","background-attachment":"scroll","background-type":"","background-media":"","overlay-type":"","overlay-color":"","overlay-opacity":"","overlay-gradient":""},"mobile":{"background-color":"","background-image":"","background-repeat":"repeat","background-position":"center center","background-size":"auto","background-attachment":"scroll","background-type":"","background-media":"","overlay-type":"","overlay-color":"","overlay-opacity":"","overlay-gradient":""}},"ast-content-background-meta":{"desktop":{"background-color":"var(--ast-global-color-5)","background-image":"","background-repeat":"repeat","background-position":"center center","background-size":"auto","background-attachment":"scroll","background-type":"","background-media":"","overlay-type":"","overlay-color":"","overlay-opacity":"","overlay-gradient":""},"tablet":{"background-color":"var(--ast-global-color-5)","background-image":"","background-repeat":"repeat","background-position":"center center","background-size":"auto","background-attachment":"scroll","background-type":"","background-media":"","overlay-type":"","overlay-color":"","overlay-opacity":"","overlay-gradient":""},"mobile":{"background-color":"var(--ast-global-color-5)","background-image":"","background-repeat":"repeat","background-position":"center center","background-size":"auto","background-attachment":"scroll","background-type":"","background-media":"","overlay-type":"","overlay-color":"","overlay-opacity":"","overlay-gradient":""}}},"product_brand":[],"product_cat":[21],"product_tag":[],"class_list":{"0":"post-41744","1":"product","2":"type-product","3":"status-publish","4":"has-post-thumbnail","6":"product_cat-productos","7":"pa_cantidad-1kg","8":"pa_cantidad-5kg","9":"pa_cantidad-25kg","10":"desktop-align-left","11":"tablet-align-left","12":"mobile-align-left","13":"ast-product-gallery-layout-horizontal-slider","14":"ast-product-gallery-with-no-image","15":"ast-magnify-disabled","16":"ast-product-single-variable","17":"ast-product-tabs-layout-horizontal","18":"ast-qv-on-image","20":"first","21":"instock","22":"taxable","23":"shipping-taxable","24":"purchasable","25":"product-type-variable","26":"has-default-attributes"},"acf":[],"yoast_head":"<!-- This site is optimized with the Yoast SEO Premium plugin v27.1 (Yoast SEO v27.1.1) - https:\/\/yoast.com\/product\/yoast-seo-premium-wordpress\/ -->\n<title>Silicona para Moldes + Catalizador: Comprar Online - Alquera.com<\/title>\n<meta name=\"description\" content=\"ENV\u00cdOS EN 24\/48H - Silicona para moldes y catalizador. Moldes para la reproducci\u00f3n de modelos de cera, cer\u00e1mica, madera, metal, piedra, yeso, etc.,\" \/>\n<meta name=\"robots\" content=\"index, follow, max-snippet:-1, max-image-preview:large, max-video-preview:-1\" \/>\n<link rel=\"canonical\" href=\"https:\/\/www.alquera.com\/pt\/silicona-para-moldes-catalizador\/\" \/>\n<meta property=\"og:locale\" content=\"pt_PT\" \/>\n<meta property=\"og:type\" content=\"article\" \/>\n<meta property=\"og:title\" content=\"Silicona para Moldes + Catalizador: Comprar Online - Alquera.com\" \/>\n<meta property=\"og:description\" content=\"ENV\u00cdOS EN 24\/48H - Silicona para moldes y catalizador. Moldes para la reproducci\u00f3n de modelos de cera, cer\u00e1mica, madera, metal, piedra, yeso, etc.,\" \/>\n<meta property=\"og:url\" content=\"https:\/\/www.alquera.com\/pt\/silicona-para-moldes-catalizador\/\" \/>\n<meta property=\"og:site_name\" content=\"Alquera.com\" \/>\n<meta property=\"article:publisher\" content=\"https:\/\/www.facebook.com\/alqueraciencia\" \/>\n<meta property=\"article:modified_time\" content=\"2026-02-23T16:13:00+00:00\" \/>\n<meta property=\"og:image\" content=\"https:\/\/www.alquera.com\/wp-content\/uploads\/2023\/03\/SILICONA-PARA-MOLDES.jpg\" \/>\n\t<meta property=\"og:image:width\" content=\"900\" \/>\n\t<meta property=\"og:image:height\" content=\"900\" \/>\n\t<meta property=\"og:image:type\" content=\"image\/jpeg\" \/>\n<meta name=\"twitter:card\" content=\"summary_large_image\" \/>\n<meta name=\"twitter:label1\" content=\"Disponibilidade\" \/>\n\t<meta name=\"twitter:data1\" content=\"Em stock\" \/>\n<script type=\"application\/ld+json\" class=\"yoast-schema-graph\">{\"@context\":\"https:\/\/schema.org\",\"@graph\":[{\"@type\":[\"WebPage\",\"ItemPage\"],\"@id\":\"https:\/\/www.alquera.com\/silicona-para-moldes-catalizador\/\",\"url\":\"https:\/\/www.alquera.com\/silicona-para-moldes-catalizador\/\",\"name\":\"Silicona para Moldes + Catalizador: Comprar Online - Alquera.com\",\"isPartOf\":{\"@id\":\"https:\/\/www.alquera.com\/en\/#website\"},\"primaryImageOfPage\":{\"@id\":\"https:\/\/www.alquera.com\/silicona-para-moldes-catalizador\/#primaryimage\"},\"image\":{\"@id\":\"https:\/\/www.alquera.com\/silicona-para-moldes-catalizador\/#primaryimage\"},\"thumbnailUrl\":\"https:\/\/www.alquera.com\/wp-content\/uploads\/2023\/03\/SILICONA-PARA-MOLDES.jpg\",\"datePublished\":\"2023-03-20T11:05:06+00:00\",\"dateModified\":\"2026-02-23T16:13:00+00:00\",\"description\":\"ENV\u00cdOS EN 24\/48H - Silicona para moldes y catalizador. Moldes para la reproducci\u00f3n de modelos de cera, cer\u00e1mica, madera, metal, piedra, yeso, etc.,\",\"breadcrumb\":{\"@id\":\"https:\/\/www.alquera.com\/silicona-para-moldes-catalizador\/#breadcrumb\"},\"inLanguage\":\"pt-PT\",\"potentialAction\":[{\"@type\":\"ReadAction\",\"target\":[\"https:\/\/www.alquera.com\/silicona-para-moldes-catalizador\/\"]}]},{\"@type\":\"ImageObject\",\"inLanguage\":\"pt-PT\",\"@id\":\"https:\/\/www.alquera.com\/silicona-para-moldes-catalizador\/#primaryimage\",\"url\":\"https:\/\/www.alquera.com\/wp-content\/uploads\/2023\/03\/SILICONA-PARA-MOLDES.jpg\",\"contentUrl\":\"https:\/\/www.alquera.com\/wp-content\/uploads\/2023\/03\/SILICONA-PARA-MOLDES.jpg\",\"width\":900,\"height\":900,\"caption\":\"SILICONA PARA MOLDES\"},{\"@type\":\"BreadcrumbList\",\"@id\":\"https:\/\/www.alquera.com\/silicona-para-moldes-catalizador\/#breadcrumb\",\"itemListElement\":[{\"@type\":\"ListItem\",\"position\":1,\"name\":\"Inicio\",\"item\":\"https:\/\/www.alquera.com\/\"},{\"@type\":\"ListItem\",\"position\":2,\"name\":\"Alquera.com: Tienda Online de Productos Qu\u00edmicos y Material de Laboratorio\",\"item\":\"https:\/\/www.alquera.com\/en\/tienda\/\"},{\"@type\":\"ListItem\",\"position\":3,\"name\":\"Silicona para Moldes + Catalizador\"}]},{\"@type\":\"WebSite\",\"@id\":\"https:\/\/www.alquera.com\/en\/#website\",\"url\":\"https:\/\/www.alquera.com\/en\/\",\"name\":\"Alquera.com\",\"description\":\"Tienda Online Productos Qu\u00edmicos y Material de Laboratorio\",\"publisher\":{\"@id\":\"https:\/\/www.alquera.com\/en\/#organization\"},\"potentialAction\":[{\"@type\":\"SearchAction\",\"target\":{\"@type\":\"EntryPoint\",\"urlTemplate\":\"https:\/\/www.alquera.com\/en\/?s={search_term_string}\"},\"query-input\":{\"@type\":\"PropertyValueSpecification\",\"valueRequired\":true,\"valueName\":\"search_term_string\"}}],\"inLanguage\":\"pt-PT\"},{\"@type\":\"Organization\",\"@id\":\"https:\/\/www.alquera.com\/en\/#organization\",\"name\":\"ALQUERA CIENCIA SL\",\"url\":\"https:\/\/www.alquera.com\/en\/\",\"logo\":{\"@type\":\"ImageObject\",\"inLanguage\":\"pt-PT\",\"@id\":\"https:\/\/www.alquera.com\/en\/#\/schema\/logo\/image\/\",\"url\":\"https:\/\/www.alquera.com\/wp-content\/uploads\/2020\/11\/logo_300_ancho.png\",\"contentUrl\":\"https:\/\/www.alquera.com\/wp-content\/uploads\/2020\/11\/logo_300_ancho.png\",\"width\":300,\"height\":86,\"caption\":\"ALQUERA CIENCIA SL\"},\"image\":{\"@id\":\"https:\/\/www.alquera.com\/en\/#\/schema\/logo\/image\/\"},\"sameAs\":[\"https:\/\/www.facebook.com\/alqueraciencia\",\"https:\/\/www.instagram.com\/alquera_ciencia\/\",\"https:\/\/www.youtube.com\/c\/alquera\"]}]}<\/script>\n<meta property=\"og:availability\" content=\"instock\" \/>\n<meta property=\"product:availability\" content=\"instock\" \/>\n<meta property=\"product:condition\" content=\"new\" \/>\n<!-- \/ Yoast SEO Premium plugin. -->","yoast_head_json":{"title":"Silicone para moldes + Catalisador: Comprar Online - Alquera.com","description":"ENVIO EM 24\/48H - Silicone para moldes e catalisador. Moldes para a reprodu\u00e7\u00e3o de modelos de cera, cer\u00e2mica, madeira, metal, pedra, gesso, etc..,","robots":{"index":"index","follow":"follow","max-snippet":"max-snippet:-1","max-image-preview":"max-image-preview:large","max-video-preview":"max-video-preview:-1"},"canonical":"https:\/\/www.alquera.com\/pt\/silicona-para-moldes-catalizador\/","og_locale":"pt_PT","og_type":"article","og_title":"Silicona para Moldes + Catalizador: Comprar Online - Alquera.com","og_description":"ENV\u00cdOS EN 24\/48H - Silicona para moldes y catalizador. Moldes para la reproducci\u00f3n de modelos de cera, cer\u00e1mica, madera, metal, piedra, yeso, etc.,","og_url":"https:\/\/www.alquera.com\/pt\/silicona-para-moldes-catalizador\/","og_site_name":"Alquera.com","article_publisher":"https:\/\/www.facebook.com\/alqueraciencia","article_modified_time":"2026-02-23T16:13:00+00:00","og_image":[{"width":900,"height":900,"url":"https:\/\/www.alquera.com\/wp-content\/uploads\/2023\/03\/SILICONA-PARA-MOLDES.jpg","type":"image\/jpeg"}],"twitter_card":"summary_large_image","twitter_misc":{"Disponibilidade":"Em stock"},"schema":{"@context":"https:\/\/schema.org","@graph":[{"@type":["WebPage","ItemPage"],"@id":"https:\/\/www.alquera.com\/silicona-para-moldes-catalizador\/","url":"https:\/\/www.alquera.com\/silicona-para-moldes-catalizador\/","name":"Silicone para moldes + Catalisador: Comprar Online - Alquera.com","isPartOf":{"@id":"https:\/\/www.alquera.com\/en\/#website"},"primaryImageOfPage":{"@id":"https:\/\/www.alquera.com\/silicona-para-moldes-catalizador\/#primaryimage"},"image":{"@id":"https:\/\/www.alquera.com\/silicona-para-moldes-catalizador\/#primaryimage"},"thumbnailUrl":"https:\/\/www.alquera.com\/wp-content\/uploads\/2023\/03\/SILICONA-PARA-MOLDES.jpg","datePublished":"2023-03-20T11:05:06+00:00","dateModified":"2026-02-23T16:13:00+00:00","description":"ENVIO EM 24\/48H - Silicone para moldes e catalisador. Moldes para a reprodu\u00e7\u00e3o de modelos de cera, cer\u00e2mica, madeira, metal, pedra, gesso, etc..,","breadcrumb":{"@id":"https:\/\/www.alquera.com\/silicona-para-moldes-catalizador\/#breadcrumb"},"inLanguage":"pt-PT","potentialAction":[{"@type":"ReadAction","target":["https:\/\/www.alquera.com\/silicona-para-moldes-catalizador\/"]}]},{"@type":"ImageObject","inLanguage":"pt-PT","@id":"https:\/\/www.alquera.com\/silicona-para-moldes-catalizador\/#primaryimage","url":"https:\/\/www.alquera.com\/wp-content\/uploads\/2023\/03\/SILICONA-PARA-MOLDES.jpg","contentUrl":"https:\/\/www.alquera.com\/wp-content\/uploads\/2023\/03\/SILICONA-PARA-MOLDES.jpg","width":900,"height":900,"caption":"SILICONA PARA MOLDES"},{"@type":"BreadcrumbList","@id":"https:\/\/www.alquera.com\/silicona-para-moldes-catalizador\/#breadcrumb","itemListElement":[{"@type":"ListItem","position":1,"name":"Inicio","item":"https:\/\/www.alquera.com\/"},{"@type":"ListItem","position":2,"name":"Alquera.com: Tienda Online de Productos Qu\u00edmicos y Material de Laboratorio","item":"https:\/\/www.alquera.com\/en\/tienda\/"},{"@type":"ListItem","position":3,"name":"Silicona para Moldes + Catalizador"}]},{"@type":"WebSite","@id":"https:\/\/www.alquera.com\/en\/#website","url":"https:\/\/www.alquera.com\/en\/","name":"Alquera.com","description":"Loja on-line de produtos qu\u00edmicos e equipamento de laborat\u00f3rio","publisher":{"@id":"https:\/\/www.alquera.com\/en\/#organization"},"potentialAction":[{"@type":"SearchAction","target":{"@type":"EntryPoint","urlTemplate":"https:\/\/www.alquera.com\/en\/?s={search_term_string}"},"query-input":{"@type":"PropertyValueSpecification","valueRequired":true,"valueName":"search_term_string"}}],"inLanguage":"pt-PT"},{"@type":"Organization","@id":"https:\/\/www.alquera.com\/en\/#organization","name":"ALQUERA CIENCIA SL","url":"https:\/\/www.alquera.com\/en\/","logo":{"@type":"ImageObject","inLanguage":"pt-PT","@id":"https:\/\/www.alquera.com\/en\/#\/schema\/logo\/image\/","url":"https:\/\/www.alquera.com\/wp-content\/uploads\/2020\/11\/logo_300_ancho.png","contentUrl":"https:\/\/www.alquera.com\/wp-content\/uploads\/2020\/11\/logo_300_ancho.png","width":300,"height":86,"caption":"ALQUERA CIENCIA SL"},"image":{"@id":"https:\/\/www.alquera.com\/en\/#\/schema\/logo\/image\/"},"sameAs":["https:\/\/www.facebook.com\/alqueraciencia","https:\/\/www.instagram.com\/alquera_ciencia\/","https:\/\/www.youtube.com\/c\/alquera"]}]},"og_availability":"instock","product_availability":"instock","product_condition":"new"},"_links":{"self":[{"href":"https:\/\/www.alquera.com\/pt\/wp-json\/wp\/v2\/product\/41744","targetHints":{"allow":["GET"]}}],"collection":[{"href":"https:\/\/www.alquera.com\/pt\/wp-json\/wp\/v2\/product"}],"about":[{"href":"https:\/\/www.alquera.com\/pt\/wp-json\/wp\/v2\/types\/product"}],"replies":[{"embeddable":true,"href":"https:\/\/www.alquera.com\/pt\/wp-json\/wp\/v2\/comments?post=41744"}],"wp:featuredmedia":[{"embeddable":true,"href":"https:\/\/www.alquera.com\/pt\/wp-json\/wp\/v2\/media\/41766"}],"wp:attachment":[{"href":"https:\/\/www.alquera.com\/pt\/wp-json\/wp\/v2\/media?parent=41744"}],"wp:term":[{"taxonomy":"product_brand","embeddable":true,"href":"https:\/\/www.alquera.com\/pt\/wp-json\/wp\/v2\/product_brand?post=41744"},{"taxonomy":"product_cat","embeddable":true,"href":"https:\/\/www.alquera.com\/pt\/wp-json\/wp\/v2\/product_cat?post=41744"},{"taxonomy":"product_tag","embeddable":true,"href":"https:\/\/www.alquera.com\/pt\/wp-json\/wp\/v2\/product_tag?post=41744"}],"curies":[{"name":"wp","href":"https:\/\/api.w.org\/{rel}","templated":true}]}}