{"id":41822,"date":"2023-03-24T12:04:28","date_gmt":"2023-03-24T12:04:28","guid":{"rendered":"https:\/\/www.alquera.com\/?post_type=product&#038;p=41822"},"modified":"2026-02-23T16:12:13","modified_gmt":"2026-02-23T16:12:13","slug":"set-cianotipia","status":"publish","type":"product","link":"https:\/\/www.alquera.com\/pt\/set-cianotipia\/","title":{"rendered":"Conjunto de Cianotipia"},"content":{"rendered":"<p>Oferecemos-lhe um conjunto de cian\u00f3tipo. O conjunto \u00e9 composto por 2 frascos (parte A e parte B), cada um contendo o conte\u00fado em p\u00f3 de ferricianeto de pot\u00e1ssio vermelho (parte A) e citrato f\u00e9rrico amoniacal (parte B) necess\u00e1rio para formar 2 frascos de 125 ml de cada um dos componentes.<\/p>\n<p>Basta encher cada frasco com \u00e1gua e ter\u00e1 125 ml de ferricianeto de pot\u00e1ssio vermelho 15% (parte A) e 125 ml de citrato f\u00e9rrico amoniacal 25% (parte B).<\/p>\n<p>Posteriormente, s\u00f3 ter\u00e1 de aplicar o mesmo conte\u00fado de cada uma das partes para aplicar no seu processo de cianotipia.<\/p>\n<h2>SET 125ml<\/h2>\n<p>PARTE A: 18,75g <a href=\"https:\/\/www.alquera.com\/pt\/ferricianuro-de-potasa-rojo\/\">Ferricianeto de Pot\u00e1ssio Vermelho<\/a> (para formar uma solu\u00e7\u00e3o de 125 ml de vermelho de ferricianeto de pot\u00e1ssio 15%)<br \/>\nPARTE B: 31,25g <a href=\"https:\/\/www.alquera.com\/pt\/citrato-ferrico-amoniacal\/\">Citrato de Am\u00f3nio F\u00e9rrico<\/a>(para formar uma solu\u00e7\u00e3o de 125 ml de citrato f\u00e9rrico de am\u00f3nio amoniacal a 25%)<\/p>\n<p>&nbsp;<\/p>\n<h2><strong>CONJUNTO CYANOTYPE. INSTRU\u00c7\u00d5ES DE UTILIZA\u00c7\u00c3O<\/strong><\/h2>\n<p>Para utiliza\u00e7\u00e3o em fotografia, em papel ou em t\u00eaxteis.<\/p>\n<p>Conte\u00fado: PARTE A (Ferricianeto de pot\u00e1ssio) e PARTE B (Citrato f\u00e9rrico de am\u00f3nio).<\/p>\n<p>Os 2 frascos do conjunto (Parte A e Parte B) cont\u00eam o produto necess\u00e1rio para que, quando cheios de \u00e1gua, possam ser utilizados na mesma propor\u00e7\u00e3o. Uma vez cheios de \u00e1gua, cada frasco conter\u00e1 125 ml de produto.<\/p>\n<p>Instru\u00e7\u00f5es<\/p>\n<ol>\n<li>Encher cada recipiente com \u00e1gua para criar as solu\u00e7\u00f5es: SOLU\u00c7\u00c3O A E B.<\/li>\n<li>Mexa at\u00e9 o p\u00f3 estar completamente dissolvido.<\/li>\n<li>Misturar partes iguais da SOLU\u00c7\u00c3O A e da SOLU\u00c7\u00c3O B para criar o sensibilizador de cian\u00f3tipo com pouca luz.<\/li>\n<li>Recomendamos que misture apenas o produto que vai utilizar. A mistura s\u00f3 \u00e9 est\u00e1vel durante 2-4 horas.<\/li>\n<li>Cobrir o papel ou o pano com o sensibilizador, expor ao sol e deixar secar ao ar livre no escuro.<\/li>\n<li>Depois de seco, fa\u00e7a exposi\u00e7\u00f5es ao sol (3 a 30 minutos, dependendo das condi\u00e7\u00f5es) ou sob uma fonte de luz UV, colocando objectos ou um negativo de filme na superf\u00edcie revestida para criar uma imagem.<\/li>\n<\/ol>\n<p>Nota: a sobre-exposi\u00e7\u00e3o \u00e0 luz \u00e9 sempre melhor do que a subexposi\u00e7\u00e3o. A prepara\u00e7\u00e3o deve adquirir uma cor bronzeada ap\u00f3s uma exposi\u00e7\u00e3o correta.<\/p>\n<ol start=\"7\">\n<li>Retirar o negativo ou a moldura do papel tratado e mergulhar o papel em \u00e1gua fria durante pelo menos 5 minutos, mudando a \u00e1gua periodicamente, at\u00e9 obter uma cor clara. Deixar secar ao ar. Em cerca de 24 horas, a impress\u00e3o oxidar\u00e1 at\u00e9 atingir a sua cor azul profunda final. Para oxidar instantaneamente a impress\u00e3o at\u00e9 \u00e0 sua cor final, mergulh\u00e1-la num banho de per\u00f3xido de hidrog\u00e9nio dilu\u00eddo ap\u00f3s a lavagem, depois enxaguar e secar.<\/li>\n<\/ol>\n<p>Nota: as impress\u00f5es de cian\u00f3tipo duram com o tempo.  No entanto, se forem expostas a ambientes com pH elevado ou fosfatos, podem ficar amarelas. Para t\u00eaxteis, lavar com detergentes sem fosfatos e devem ser tratadas com cuidado, evitando suor ou gordura.<\/p>\n<p>&nbsp;<\/p>","protected":false},"excerpt":{"rendered":"<p>O conjunto consiste em 2 garrafas, (parte A e parte B) cada uma contendo o p\u00f3 de ferricianeto de pot\u00e1ssio vermelho (parte A) e citrato f\u00e9rrico amoniacal (parte B) necess\u00e1rio para formar 2 garrafas de 125ml de cada um dos componentes. A encomenda \u00e9 feita diretamente atrav\u00e9s da Web seguindo os passos indicados, sendo a entrega em 24\/48 horas na Pen\u00ednsula de Espanha e 4-5 dias para o resto da Europa.<\/p>","protected":false},"featured_media":46895,"comment_status":"open","ping_status":"closed","template":"","meta":{"_acf_changed":false,"site-sidebar-layout":"default","site-content-layout":"default","ast-site-content-layout":"default","site-content-style":"default","site-sidebar-style":"default","ast-global-header-display":"","ast-banner-title-visibility":"","ast-main-header-display":"","ast-hfb-above-header-display":"","ast-hfb-below-header-display":"","ast-hfb-mobile-header-display":"","site-post-title":"","ast-breadcrumbs-content":"","ast-featured-img":"","footer-sml-layout":"","ast-disable-related-posts":"","theme-transparent-header-meta":"default","adv-header-id-meta":"","stick-header-meta":"default","header-above-stick-meta":"","header-main-stick-meta":"","header-below-stick-meta":"","astra-migrate-meta-layouts":"set","ast-page-background-enabled":"default","ast-page-background-meta":{"desktop":{"background-color":"var(--ast-global-color-4)","background-image":"","background-repeat":"repeat","background-position":"center center","background-size":"auto","background-attachment":"scroll","background-type":"","background-media":"","overlay-type":"","overlay-color":"","overlay-opacity":"","overlay-gradient":""},"tablet":{"background-color":"","background-image":"","background-repeat":"repeat","background-position":"center center","background-size":"auto","background-attachment":"scroll","background-type":"","background-media":"","overlay-type":"","overlay-color":"","overlay-opacity":"","overlay-gradient":""},"mobile":{"background-color":"","background-image":"","background-repeat":"repeat","background-position":"center center","background-size":"auto","background-attachment":"scroll","background-type":"","background-media":"","overlay-type":"","overlay-color":"","overlay-opacity":"","overlay-gradient":""}},"ast-content-background-meta":{"desktop":{"background-color":"var(--ast-global-color-5)","background-image":"","background-repeat":"repeat","background-position":"center center","background-size":"auto","background-attachment":"scroll","background-type":"","background-media":"","overlay-type":"","overlay-color":"","overlay-opacity":"","overlay-gradient":""},"tablet":{"background-color":"var(--ast-global-color-5)","background-image":"","background-repeat":"repeat","background-position":"center center","background-size":"auto","background-attachment":"scroll","background-type":"","background-media":"","overlay-type":"","overlay-color":"","overlay-opacity":"","overlay-gradient":""},"mobile":{"background-color":"var(--ast-global-color-5)","background-image":"","background-repeat":"repeat","background-position":"center center","background-size":"auto","background-attachment":"scroll","background-type":"","background-media":"","overlay-type":"","overlay-color":"","overlay-opacity":"","overlay-gradient":""}}},"product_brand":[],"product_cat":[21],"product_tag":[],"class_list":{"0":"post-41822","1":"product","2":"type-product","3":"status-publish","4":"has-post-thumbnail","6":"product_cat-productos","7":"pa_cantidad-50ml","8":"pa_cantidad-125ml","9":"pa_cantidad-500ml","10":"desktop-align-left","11":"tablet-align-left","12":"mobile-align-left","13":"ast-product-gallery-layout-horizontal-slider","14":"ast-magnify-disabled","15":"ast-product-tabs-layout-horizontal","16":"ast-qv-on-image","18":"first","19":"instock","20":"taxable","21":"shipping-taxable","22":"purchasable","23":"product-type-simple"},"acf":[],"yoast_head":"<!-- This site is optimized with the Yoast SEO Premium plugin v27.1 (Yoast SEO v27.1.1) - https:\/\/yoast.com\/product\/yoast-seo-premium-wordpress\/ -->\n<title>Set Cianotipia - Comprar Online Alquera.com<\/title>\n<meta name=\"description\" content=\"ENV\u00cdOS EN 24\/48H. Comprar un set preparado para realizaci\u00f3n de la pr\u00e1ctica de cianotipia. En diferentes formatos y tama\u00f1os.\" \/>\n<meta name=\"robots\" content=\"index, follow, max-snippet:-1, max-image-preview:large, max-video-preview:-1\" \/>\n<link rel=\"canonical\" href=\"https:\/\/www.alquera.com\/pt\/set-cianotipia\/\" \/>\n<meta property=\"og:locale\" content=\"pt_PT\" \/>\n<meta property=\"og:type\" content=\"article\" \/>\n<meta property=\"og:title\" content=\"Set Cianotipia: Comprar Online - Alquera.com\" \/>\n<meta property=\"og:description\" content=\"ENV\u00cdOS EN 24\/48H. Comprar un set preparado para realizaci\u00f3n de la pr\u00e1ctica de cianotipia. En diferentes formatos y tama\u00f1os.\" \/>\n<meta property=\"og:url\" content=\"https:\/\/www.alquera.com\/pt\/set-cianotipia\/\" \/>\n<meta property=\"og:site_name\" content=\"Alquera.com\" \/>\n<meta property=\"article:publisher\" content=\"https:\/\/www.facebook.com\/alqueraciencia\" \/>\n<meta property=\"article:modified_time\" content=\"2026-02-23T16:12:13+00:00\" \/>\n<meta property=\"og:image\" content=\"https:\/\/www.alquera.com\/wp-content\/uploads\/2023\/03\/SET-CIANOTIPA-POLVO-2.png\" \/>\n\t<meta property=\"og:image:width\" content=\"1208\" \/>\n\t<meta property=\"og:image:height\" content=\"1200\" \/>\n\t<meta property=\"og:image:type\" content=\"image\/png\" \/>\n<meta name=\"twitter:card\" content=\"summary_large_image\" \/>\n<meta name=\"twitter:label1\" content=\"pre\u00e7o\" \/>\n\t<meta name=\"twitter:data1\" content=\"20,90&euro;\" \/>\n\t<meta name=\"twitter:label2\" content=\"Disponibilidade\" \/>\n\t<meta name=\"twitter:data2\" content=\"Em stock\" \/>\n<script type=\"application\/ld+json\" class=\"yoast-schema-graph\">{\"@context\":\"https:\/\/schema.org\",\"@graph\":[{\"@type\":[\"WebPage\",\"ItemPage\"],\"@id\":\"https:\/\/www.alquera.com\/set-cianotipia\/\",\"url\":\"https:\/\/www.alquera.com\/set-cianotipia\/\",\"name\":\"Set Cianotipia - Comprar Online Alquera.com\",\"isPartOf\":{\"@id\":\"https:\/\/www.alquera.com\/en\/#website\"},\"primaryImageOfPage\":{\"@id\":\"https:\/\/www.alquera.com\/set-cianotipia\/#primaryimage\"},\"image\":{\"@id\":\"https:\/\/www.alquera.com\/set-cianotipia\/#primaryimage\"},\"thumbnailUrl\":\"https:\/\/www.alquera.com\/wp-content\/uploads\/2023\/03\/SET-CIANOTIPA-POLVO-2.png\",\"datePublished\":\"2023-03-24T12:04:28+00:00\",\"dateModified\":\"2026-02-23T16:12:13+00:00\",\"description\":\"ENV\u00cdOS EN 24\/48H. Comprar un set preparado para realizaci\u00f3n de la pr\u00e1ctica de cianotipia. En diferentes formatos y tama\u00f1os.\",\"breadcrumb\":{\"@id\":\"https:\/\/www.alquera.com\/set-cianotipia\/#breadcrumb\"},\"inLanguage\":\"pt-PT\",\"potentialAction\":[{\"@type\":\"ReadAction\",\"target\":[\"https:\/\/www.alquera.com\/set-cianotipia\/\"]}]},{\"@type\":\"ImageObject\",\"inLanguage\":\"pt-PT\",\"@id\":\"https:\/\/www.alquera.com\/set-cianotipia\/#primaryimage\",\"url\":\"https:\/\/www.alquera.com\/wp-content\/uploads\/2023\/03\/SET-CIANOTIPA-POLVO-2.png\",\"contentUrl\":\"https:\/\/www.alquera.com\/wp-content\/uploads\/2023\/03\/SET-CIANOTIPA-POLVO-2.png\",\"width\":1208,\"height\":1200},{\"@type\":\"BreadcrumbList\",\"@id\":\"https:\/\/www.alquera.com\/set-cianotipia\/#breadcrumb\",\"itemListElement\":[{\"@type\":\"ListItem\",\"position\":1,\"name\":\"Inicio\",\"item\":\"https:\/\/www.alquera.com\/\"},{\"@type\":\"ListItem\",\"position\":2,\"name\":\"Alquera.com: Tienda Online de Productos Qu\u00edmicos y Material de Laboratorio\",\"item\":\"https:\/\/www.alquera.com\/en\/tienda\/\"},{\"@type\":\"ListItem\",\"position\":3,\"name\":\"Set Cianotipia\"}]},{\"@type\":\"WebSite\",\"@id\":\"https:\/\/www.alquera.com\/en\/#website\",\"url\":\"https:\/\/www.alquera.com\/en\/\",\"name\":\"Alquera.com\",\"description\":\"Tienda Online Productos Qu\u00edmicos y Material de Laboratorio\",\"publisher\":{\"@id\":\"https:\/\/www.alquera.com\/en\/#organization\"},\"potentialAction\":[{\"@type\":\"SearchAction\",\"target\":{\"@type\":\"EntryPoint\",\"urlTemplate\":\"https:\/\/www.alquera.com\/en\/?s={search_term_string}\"},\"query-input\":{\"@type\":\"PropertyValueSpecification\",\"valueRequired\":true,\"valueName\":\"search_term_string\"}}],\"inLanguage\":\"pt-PT\"},{\"@type\":\"Organization\",\"@id\":\"https:\/\/www.alquera.com\/en\/#organization\",\"name\":\"ALQUERA CIENCIA SL\",\"url\":\"https:\/\/www.alquera.com\/en\/\",\"logo\":{\"@type\":\"ImageObject\",\"inLanguage\":\"pt-PT\",\"@id\":\"https:\/\/www.alquera.com\/en\/#\/schema\/logo\/image\/\",\"url\":\"https:\/\/www.alquera.com\/wp-content\/uploads\/2020\/11\/logo_300_ancho.png\",\"contentUrl\":\"https:\/\/www.alquera.com\/wp-content\/uploads\/2020\/11\/logo_300_ancho.png\",\"width\":300,\"height\":86,\"caption\":\"ALQUERA CIENCIA SL\"},\"image\":{\"@id\":\"https:\/\/www.alquera.com\/en\/#\/schema\/logo\/image\/\"},\"sameAs\":[\"https:\/\/www.facebook.com\/alqueraciencia\",\"https:\/\/www.instagram.com\/alquera_ciencia\/\",\"https:\/\/www.youtube.com\/c\/alquera\"]}]}<\/script>\n<meta property=\"product:price:amount\" content=\"20.90\" \/>\n<meta property=\"product:price:currency\" content=\"EUR\" \/>\n<meta property=\"og:availability\" content=\"instock\" \/>\n<meta property=\"product:availability\" content=\"instock\" \/>\n<meta property=\"product:condition\" content=\"new\" \/>\n<!-- \/ Yoast SEO Premium plugin. -->","yoast_head_json":{"title":"Conjunto de Cian\u00f3tipo - Comprar Online Alquera.com","description":"ENVIOS EM 24\/48H. Compre um conjunto preparado para a pr\u00e1tica da cianotipia. Em diferentes formatos e tamanhos.","robots":{"index":"index","follow":"follow","max-snippet":"max-snippet:-1","max-image-preview":"max-image-preview:large","max-video-preview":"max-video-preview:-1"},"canonical":"https:\/\/www.alquera.com\/pt\/set-cianotipia\/","og_locale":"pt_PT","og_type":"article","og_title":"Set Cianotipia: Comprar Online - Alquera.com","og_description":"ENV\u00cdOS EN 24\/48H. Comprar un set preparado para realizaci\u00f3n de la pr\u00e1ctica de cianotipia. En diferentes formatos y tama\u00f1os.","og_url":"https:\/\/www.alquera.com\/pt\/set-cianotipia\/","og_site_name":"Alquera.com","article_publisher":"https:\/\/www.facebook.com\/alqueraciencia","article_modified_time":"2026-02-23T16:12:13+00:00","og_image":[{"width":1208,"height":1200,"url":"https:\/\/www.alquera.com\/wp-content\/uploads\/2023\/03\/SET-CIANOTIPA-POLVO-2.png","type":"image\/png"}],"twitter_card":"summary_large_image","twitter_misc":{"pre\u00e7o":"20,90&euro;","Disponibilidade":"Em stock"},"schema":{"@context":"https:\/\/schema.org","@graph":[{"@type":["WebPage","ItemPage"],"@id":"https:\/\/www.alquera.com\/set-cianotipia\/","url":"https:\/\/www.alquera.com\/set-cianotipia\/","name":"Conjunto de Cian\u00f3tipo - Comprar Online Alquera.com","isPartOf":{"@id":"https:\/\/www.alquera.com\/en\/#website"},"primaryImageOfPage":{"@id":"https:\/\/www.alquera.com\/set-cianotipia\/#primaryimage"},"image":{"@id":"https:\/\/www.alquera.com\/set-cianotipia\/#primaryimage"},"thumbnailUrl":"https:\/\/www.alquera.com\/wp-content\/uploads\/2023\/03\/SET-CIANOTIPA-POLVO-2.png","datePublished":"2023-03-24T12:04:28+00:00","dateModified":"2026-02-23T16:12:13+00:00","description":"ENVIOS EM 24\/48H. Compre um conjunto preparado para a pr\u00e1tica da cianotipia. Em diferentes formatos e tamanhos.","breadcrumb":{"@id":"https:\/\/www.alquera.com\/set-cianotipia\/#breadcrumb"},"inLanguage":"pt-PT","potentialAction":[{"@type":"ReadAction","target":["https:\/\/www.alquera.com\/set-cianotipia\/"]}]},{"@type":"ImageObject","inLanguage":"pt-PT","@id":"https:\/\/www.alquera.com\/set-cianotipia\/#primaryimage","url":"https:\/\/www.alquera.com\/wp-content\/uploads\/2023\/03\/SET-CIANOTIPA-POLVO-2.png","contentUrl":"https:\/\/www.alquera.com\/wp-content\/uploads\/2023\/03\/SET-CIANOTIPA-POLVO-2.png","width":1208,"height":1200},{"@type":"BreadcrumbList","@id":"https:\/\/www.alquera.com\/set-cianotipia\/#breadcrumb","itemListElement":[{"@type":"ListItem","position":1,"name":"Inicio","item":"https:\/\/www.alquera.com\/"},{"@type":"ListItem","position":2,"name":"Alquera.com: Tienda Online de Productos Qu\u00edmicos y Material de Laboratorio","item":"https:\/\/www.alquera.com\/en\/tienda\/"},{"@type":"ListItem","position":3,"name":"Set Cianotipia"}]},{"@type":"WebSite","@id":"https:\/\/www.alquera.com\/en\/#website","url":"https:\/\/www.alquera.com\/en\/","name":"Alquera.com","description":"Loja on-line de produtos qu\u00edmicos e equipamento de laborat\u00f3rio","publisher":{"@id":"https:\/\/www.alquera.com\/en\/#organization"},"potentialAction":[{"@type":"SearchAction","target":{"@type":"EntryPoint","urlTemplate":"https:\/\/www.alquera.com\/en\/?s={search_term_string}"},"query-input":{"@type":"PropertyValueSpecification","valueRequired":true,"valueName":"search_term_string"}}],"inLanguage":"pt-PT"},{"@type":"Organization","@id":"https:\/\/www.alquera.com\/en\/#organization","name":"ALQUERA CIENCIA SL","url":"https:\/\/www.alquera.com\/en\/","logo":{"@type":"ImageObject","inLanguage":"pt-PT","@id":"https:\/\/www.alquera.com\/en\/#\/schema\/logo\/image\/","url":"https:\/\/www.alquera.com\/wp-content\/uploads\/2020\/11\/logo_300_ancho.png","contentUrl":"https:\/\/www.alquera.com\/wp-content\/uploads\/2020\/11\/logo_300_ancho.png","width":300,"height":86,"caption":"ALQUERA CIENCIA SL"},"image":{"@id":"https:\/\/www.alquera.com\/en\/#\/schema\/logo\/image\/"},"sameAs":["https:\/\/www.facebook.com\/alqueraciencia","https:\/\/www.instagram.com\/alquera_ciencia\/","https:\/\/www.youtube.com\/c\/alquera"]}]},"product_price_amount":"20.90","product_price_currency":"EUR","og_availability":"instock","product_availability":"instock","product_condition":"new"},"_links":{"self":[{"href":"https:\/\/www.alquera.com\/pt\/wp-json\/wp\/v2\/product\/41822","targetHints":{"allow":["GET"]}}],"collection":[{"href":"https:\/\/www.alquera.com\/pt\/wp-json\/wp\/v2\/product"}],"about":[{"href":"https:\/\/www.alquera.com\/pt\/wp-json\/wp\/v2\/types\/product"}],"replies":[{"embeddable":true,"href":"https:\/\/www.alquera.com\/pt\/wp-json\/wp\/v2\/comments?post=41822"}],"wp:featuredmedia":[{"embeddable":true,"href":"https:\/\/www.alquera.com\/pt\/wp-json\/wp\/v2\/media\/46895"}],"wp:attachment":[{"href":"https:\/\/www.alquera.com\/pt\/wp-json\/wp\/v2\/media?parent=41822"}],"wp:term":[{"taxonomy":"product_brand","embeddable":true,"href":"https:\/\/www.alquera.com\/pt\/wp-json\/wp\/v2\/product_brand?post=41822"},{"taxonomy":"product_cat","embeddable":true,"href":"https:\/\/www.alquera.com\/pt\/wp-json\/wp\/v2\/product_cat?post=41822"},{"taxonomy":"product_tag","embeddable":true,"href":"https:\/\/www.alquera.com\/pt\/wp-json\/wp\/v2\/product_tag?post=41822"}],"curies":[{"name":"wp","href":"https:\/\/api.w.org\/{rel}","templated":true}]}}