{"id":42248,"date":"2023-04-19T08:26:52","date_gmt":"2023-04-19T08:26:52","guid":{"rendered":"https:\/\/www.alquera.com\/?post_type=product&#038;p=42248"},"modified":"2024-05-22T09:38:27","modified_gmt":"2024-05-22T09:38:27","slug":"colorante-alimentario-verde-menta","status":"publish","type":"product","link":"https:\/\/www.alquera.com\/pt\/colorante-alimentario-verde-menta\/","title":{"rendered":"Corante Verde de Hortel\u00e3"},"content":{"rendered":"<p>Um corante alimentar em p\u00f3 (ou corante seco) \u00e9 um tipo de aditivo alimentar que \u00e9 adicionado para dar ou restaurar a cor aos alimentos.<\/p>\n<h2><strong>CARACTER\u00cdSTICAS COLORA\u00c7\u00c3O VERDE MENTA<\/strong><\/h2>\n<p><span id=\"page3R_mcid5\" class=\"markedContent\"><span dir=\"ltr\" role=\"presentation\"><strong>Cor:<\/strong> Verde menta C.I.: 19140, 4205<br \/>\n<\/span><\/span><span id=\"page3R_mcid10\" class=\"markedContent\"><strong>Aspecto:<\/strong> Poeira<br role=\"presentation\" \/><\/span><span id=\"page3R_mcid12\" class=\"markedContent\"><strong><span dir=\"ltr\" role=\"presentation\">Solubilidade:<\/span><\/strong> <span dir=\"ltr\" role=\"presentation\">Sol\u00favel em \u00e1gua<br \/>\n<\/span><\/span><strong>Composi\u00e7\u00e3o:<\/strong> Mistura de Comitex Yellow e Comitex Blue normalizada com cloreto de s\u00f3dio<\/p>\n<p><span id=\"page3R_mcid46\" class=\"markedContent\"><span dir=\"ltr\" role=\"presentation\">Corante adequado<\/span> <span dir=\"ltr\" role=\"presentation\">para alimentos (<a href=\"https:\/\/www.boe.es\/doue\/2008\/354\/L00016-00033.pdf\">DOUE REG 1333\/2008\/CE<\/a> &#8211; <a href=\"https:\/\/www.boe.es\/doue\/2011\/295\/L00001-00177.pdf\">ap\u00eandice<\/a>),<\/span> <span dir=\"ltr\" role=\"presentation\">cosm\u00e9tica (JOUE <\/span><span dir=\"ltr\" role=\"presentation\">Reg<\/span><span dir=\"ltr\" role=\"presentation\">.<\/span> <span dir=\"ltr\" role=\"presentation\">1223\/2009\/CE) e farm\u00e1cia (Dir. 2009\/35\/CE). Est\u00e1 em conformidade com a<\/span> <span dir=\"ltr\" role=\"presentation\">especifica\u00e7\u00f5es do <\/span><span dir=\"ltr\" role=\"presentation\">EU (DOUE REG 231\/2012\/UE). Consultar na legisla\u00e7\u00e3o em vigor<\/span> <span dir=\"ltr\" role=\"presentation\">as dosagens <\/span><span dir=\"ltr\" role=\"presentation\">e pedidos autorizados<\/span><\/span><\/p>\n<h2>REGULAMENTO SOBRE CORANTES ALIMENTARES<\/h2>\n<p>Ver FT e MSDS no separador Documenta\u00e7\u00e3o.<\/p>\n<p class=\"documento-tit\"><a href=\"https:\/\/www.boe.es\/doue\/1995\/226\/L00001-00045.pdf\">Directiva 95\/45\/CE da Comiss\u00e3o,<\/a> de 26 de Julho de 1995, Crit\u00e9rios de pureza espec\u00edficos relativos aos corantes para utiliza\u00e7\u00e3o em g\u00e9neros aliment\u00edcios.<br \/>\n<a href=\"https:\/\/www.boe.es\/doue\/2008\/354\/L00016-00033.pdf\">REGULAMENTO (CE) N.o 1333\/2008<\/a> do parlamento europeu e do conselho de 16 de dezembro de 2008<br \/>\nsobre aditivos alimentares<\/p>\n<p>&nbsp;<\/p>\n<div class=\"metadatosDoc\">\n<div class=\"metadatos\"><\/div>\n<\/div>","protected":false},"excerpt":{"rendered":"<p>Comprar Corante Alimentar Verde Hortel\u00e3 em p\u00f3 no formato 30g, 300g ou 1kg. Pode ver o pre\u00e7o dos diferentes formatos de Corante Alimentar Verde Menta ao seleccionar o formato que deseja. A encomenda \u00e9 feita directamente atrav\u00e9s da Web seguindo os passos indicados, sendo entregue em 24\/48 horas.<\/p>","protected":false},"featured_media":43218,"comment_status":"open","ping_status":"closed","template":"","meta":{"_acf_changed":false,"site-sidebar-layout":"default","site-content-layout":"default","ast-site-content-layout":"default","site-content-style":"default","site-sidebar-style":"default","ast-global-header-display":"","ast-banner-title-visibility":"","ast-main-header-display":"","ast-hfb-above-header-display":"","ast-hfb-below-header-display":"","ast-hfb-mobile-header-display":"","site-post-title":"","ast-breadcrumbs-content":"","ast-featured-img":"","footer-sml-layout":"","ast-disable-related-posts":"","theme-transparent-header-meta":"default","adv-header-id-meta":"","stick-header-meta":"default","header-above-stick-meta":"","header-main-stick-meta":"","header-below-stick-meta":"","astra-migrate-meta-layouts":"default","ast-page-background-enabled":"default","ast-page-background-meta":{"desktop":{"background-color":"var(--ast-global-color-4)","background-image":"","background-repeat":"repeat","background-position":"center center","background-size":"auto","background-attachment":"scroll","background-type":"","background-media":"","overlay-type":"","overlay-color":"","overlay-opacity":"","overlay-gradient":""},"tablet":{"background-color":"","background-image":"","background-repeat":"repeat","background-position":"center center","background-size":"auto","background-attachment":"scroll","background-type":"","background-media":"","overlay-type":"","overlay-color":"","overlay-opacity":"","overlay-gradient":""},"mobile":{"background-color":"","background-image":"","background-repeat":"repeat","background-position":"center center","background-size":"auto","background-attachment":"scroll","background-type":"","background-media":"","overlay-type":"","overlay-color":"","overlay-opacity":"","overlay-gradient":""}},"ast-content-background-meta":{"desktop":{"background-color":"var(--ast-global-color-5)","background-image":"","background-repeat":"repeat","background-position":"center center","background-size":"auto","background-attachment":"scroll","background-type":"","background-media":"","overlay-type":"","overlay-color":"","overlay-opacity":"","overlay-gradient":""},"tablet":{"background-color":"var(--ast-global-color-5)","background-image":"","background-repeat":"repeat","background-position":"center center","background-size":"auto","background-attachment":"scroll","background-type":"","background-media":"","overlay-type":"","overlay-color":"","overlay-opacity":"","overlay-gradient":""},"mobile":{"background-color":"var(--ast-global-color-5)","background-image":"","background-repeat":"repeat","background-position":"center center","background-size":"auto","background-attachment":"scroll","background-type":"","background-media":"","overlay-type":"","overlay-color":"","overlay-opacity":"","overlay-gradient":""}}},"product_brand":[],"product_cat":[358,359],"product_tag":[],"class_list":{"0":"post-42248","1":"product","2":"type-product","3":"status-publish","4":"has-post-thumbnail","6":"product_cat-colorantes-alimentarios","7":"product_cat-colorantes-solubles-agua","8":"pa_cantidad-30g","9":"pa_cantidad-300g","10":"pa_cantidad-1kg","11":"desktop-align-left","12":"tablet-align-left","13":"mobile-align-left","14":"ast-product-gallery-layout-horizontal-slider","15":"ast-magnify-disabled","16":"ast-product-single-variable","17":"ast-product-tabs-layout-horizontal","18":"ast-qv-on-image","20":"first","21":"instock","22":"taxable","23":"shipping-taxable","24":"purchasable","25":"product-type-variable","26":"has-default-attributes"},"acf":[],"yoast_head":"<!-- This site is optimized with the Yoast SEO Premium plugin v27.1 (Yoast SEO v27.1.1) - https:\/\/yoast.com\/product\/yoast-seo-premium-wordpress\/ -->\n<title>Colorante Verde Menta: Comprar Online - Alquera.com<\/title>\n<meta name=\"description\" content=\"ENV\u00cdOS EN 24\/48H. Comprar Colorante Alimentario Verde Menta En polvo, distintos formatos. Apto uso Alimentario y Cosm\u00e9tico.\" \/>\n<meta name=\"robots\" content=\"index, follow, max-snippet:-1, max-image-preview:large, max-video-preview:-1\" \/>\n<link rel=\"canonical\" href=\"https:\/\/www.alquera.com\/pt\/colorante-alimentario-verde-menta\/\" \/>\n<meta property=\"og:locale\" content=\"pt_PT\" \/>\n<meta property=\"og:type\" content=\"article\" \/>\n<meta property=\"og:title\" content=\"Colorante Verde Menta: Comprar Online - Alquera.com\" \/>\n<meta property=\"og:description\" content=\"ENV\u00cdOS EN 24\/48H. Comprar Colorante Alimentario Verde Menta En polvo, distintos formatos. Apto uso Alimentario y Cosm\u00e9tico.\" \/>\n<meta property=\"og:url\" content=\"https:\/\/www.alquera.com\/pt\/colorante-alimentario-verde-menta\/\" \/>\n<meta property=\"og:site_name\" content=\"Alquera.com\" \/>\n<meta property=\"article:publisher\" content=\"https:\/\/www.facebook.com\/alqueraciencia\" \/>\n<meta property=\"article:modified_time\" content=\"2024-05-22T09:38:27+00:00\" \/>\n<meta property=\"og:image\" content=\"https:\/\/www.alquera.com\/wp-content\/uploads\/2023\/04\/colorante-verde-1.png\" \/>\n\t<meta property=\"og:image:width\" content=\"364\" \/>\n\t<meta property=\"og:image:height\" content=\"372\" \/>\n\t<meta property=\"og:image:type\" content=\"image\/png\" \/>\n<meta name=\"twitter:card\" content=\"summary_large_image\" \/>\n<meta name=\"twitter:label1\" content=\"Disponibilidade\" \/>\n\t<meta name=\"twitter:data1\" content=\"Em stock\" \/>\n<script type=\"application\/ld+json\" class=\"yoast-schema-graph\">{\"@context\":\"https:\/\/schema.org\",\"@graph\":[{\"@type\":[\"WebPage\",\"ItemPage\"],\"@id\":\"https:\/\/www.alquera.com\/colorante-alimentario-verde-menta\/\",\"url\":\"https:\/\/www.alquera.com\/colorante-alimentario-verde-menta\/\",\"name\":\"Colorante Verde Menta: Comprar Online - Alquera.com\",\"isPartOf\":{\"@id\":\"https:\/\/www.alquera.com\/en\/#website\"},\"primaryImageOfPage\":{\"@id\":\"https:\/\/www.alquera.com\/colorante-alimentario-verde-menta\/#primaryimage\"},\"image\":{\"@id\":\"https:\/\/www.alquera.com\/colorante-alimentario-verde-menta\/#primaryimage\"},\"thumbnailUrl\":\"https:\/\/www.alquera.com\/wp-content\/uploads\/2023\/04\/colorante-verde-1.png\",\"datePublished\":\"2023-04-19T08:26:52+00:00\",\"dateModified\":\"2024-05-22T09:38:27+00:00\",\"description\":\"ENV\u00cdOS EN 24\/48H. Comprar Colorante Alimentario Verde Menta En polvo, distintos formatos. Apto uso Alimentario y Cosm\u00e9tico.\",\"breadcrumb\":{\"@id\":\"https:\/\/www.alquera.com\/colorante-alimentario-verde-menta\/#breadcrumb\"},\"inLanguage\":\"pt-PT\",\"potentialAction\":[{\"@type\":\"ReadAction\",\"target\":[\"https:\/\/www.alquera.com\/colorante-alimentario-verde-menta\/\"]}]},{\"@type\":\"ImageObject\",\"inLanguage\":\"pt-PT\",\"@id\":\"https:\/\/www.alquera.com\/colorante-alimentario-verde-menta\/#primaryimage\",\"url\":\"https:\/\/www.alquera.com\/wp-content\/uploads\/2023\/04\/colorante-verde-1.png\",\"contentUrl\":\"https:\/\/www.alquera.com\/wp-content\/uploads\/2023\/04\/colorante-verde-1.png\",\"width\":364,\"height\":372,\"caption\":\"colorante verde\"},{\"@type\":\"BreadcrumbList\",\"@id\":\"https:\/\/www.alquera.com\/colorante-alimentario-verde-menta\/#breadcrumb\",\"itemListElement\":[{\"@type\":\"ListItem\",\"position\":1,\"name\":\"Inicio\",\"item\":\"https:\/\/www.alquera.com\/\"},{\"@type\":\"ListItem\",\"position\":2,\"name\":\"Alquera.com: Tienda Online de Productos Qu\u00edmicos y Material de Laboratorio\",\"item\":\"https:\/\/www.alquera.com\/en\/tienda\/\"},{\"@type\":\"ListItem\",\"position\":3,\"name\":\"Colorante Verde Menta\"}]},{\"@type\":\"WebSite\",\"@id\":\"https:\/\/www.alquera.com\/en\/#website\",\"url\":\"https:\/\/www.alquera.com\/en\/\",\"name\":\"Alquera.com\",\"description\":\"Tienda Online Productos Qu\u00edmicos y Material de Laboratorio\",\"publisher\":{\"@id\":\"https:\/\/www.alquera.com\/en\/#organization\"},\"potentialAction\":[{\"@type\":\"SearchAction\",\"target\":{\"@type\":\"EntryPoint\",\"urlTemplate\":\"https:\/\/www.alquera.com\/en\/?s={search_term_string}\"},\"query-input\":{\"@type\":\"PropertyValueSpecification\",\"valueRequired\":true,\"valueName\":\"search_term_string\"}}],\"inLanguage\":\"pt-PT\"},{\"@type\":\"Organization\",\"@id\":\"https:\/\/www.alquera.com\/en\/#organization\",\"name\":\"ALQUERA CIENCIA SL\",\"url\":\"https:\/\/www.alquera.com\/en\/\",\"logo\":{\"@type\":\"ImageObject\",\"inLanguage\":\"pt-PT\",\"@id\":\"https:\/\/www.alquera.com\/en\/#\/schema\/logo\/image\/\",\"url\":\"https:\/\/www.alquera.com\/wp-content\/uploads\/2020\/11\/logo_300_ancho.png\",\"contentUrl\":\"https:\/\/www.alquera.com\/wp-content\/uploads\/2020\/11\/logo_300_ancho.png\",\"width\":300,\"height\":86,\"caption\":\"ALQUERA CIENCIA SL\"},\"image\":{\"@id\":\"https:\/\/www.alquera.com\/en\/#\/schema\/logo\/image\/\"},\"sameAs\":[\"https:\/\/www.facebook.com\/alqueraciencia\",\"https:\/\/www.instagram.com\/alquera_ciencia\/\",\"https:\/\/www.youtube.com\/c\/alquera\"]}]}<\/script>\n<meta property=\"og:availability\" content=\"instock\" \/>\n<meta property=\"product:availability\" content=\"instock\" \/>\n<meta property=\"product:condition\" content=\"new\" \/>\n<!-- \/ Yoast SEO Premium plugin. -->","yoast_head_json":{"title":"Tinta Verde Menta: Comprar Online - Alquera.com","description":"ENTREGA EM 24\/48H. Comprar Corante Alimentar em P\u00f3 Verde Menta, diferentes formatos. Adequado para uso alimentar e cosm\u00e9tico.","robots":{"index":"index","follow":"follow","max-snippet":"max-snippet:-1","max-image-preview":"max-image-preview:large","max-video-preview":"max-video-preview:-1"},"canonical":"https:\/\/www.alquera.com\/pt\/colorante-alimentario-verde-menta\/","og_locale":"pt_PT","og_type":"article","og_title":"Colorante Verde Menta: Comprar Online - Alquera.com","og_description":"ENV\u00cdOS EN 24\/48H. Comprar Colorante Alimentario Verde Menta En polvo, distintos formatos. Apto uso Alimentario y Cosm\u00e9tico.","og_url":"https:\/\/www.alquera.com\/pt\/colorante-alimentario-verde-menta\/","og_site_name":"Alquera.com","article_publisher":"https:\/\/www.facebook.com\/alqueraciencia","article_modified_time":"2024-05-22T09:38:27+00:00","og_image":[{"width":364,"height":372,"url":"https:\/\/www.alquera.com\/wp-content\/uploads\/2023\/04\/colorante-verde-1.png","type":"image\/png"}],"twitter_card":"summary_large_image","twitter_misc":{"Disponibilidade":"Em stock"},"schema":{"@context":"https:\/\/schema.org","@graph":[{"@type":["WebPage","ItemPage"],"@id":"https:\/\/www.alquera.com\/colorante-alimentario-verde-menta\/","url":"https:\/\/www.alquera.com\/colorante-alimentario-verde-menta\/","name":"Tinta Verde Menta: Comprar Online - Alquera.com","isPartOf":{"@id":"https:\/\/www.alquera.com\/en\/#website"},"primaryImageOfPage":{"@id":"https:\/\/www.alquera.com\/colorante-alimentario-verde-menta\/#primaryimage"},"image":{"@id":"https:\/\/www.alquera.com\/colorante-alimentario-verde-menta\/#primaryimage"},"thumbnailUrl":"https:\/\/www.alquera.com\/wp-content\/uploads\/2023\/04\/colorante-verde-1.png","datePublished":"2023-04-19T08:26:52+00:00","dateModified":"2024-05-22T09:38:27+00:00","description":"ENTREGA EM 24\/48H. Comprar Corante Alimentar em P\u00f3 Verde Menta, diferentes formatos. Adequado para uso alimentar e cosm\u00e9tico.","breadcrumb":{"@id":"https:\/\/www.alquera.com\/colorante-alimentario-verde-menta\/#breadcrumb"},"inLanguage":"pt-PT","potentialAction":[{"@type":"ReadAction","target":["https:\/\/www.alquera.com\/colorante-alimentario-verde-menta\/"]}]},{"@type":"ImageObject","inLanguage":"pt-PT","@id":"https:\/\/www.alquera.com\/colorante-alimentario-verde-menta\/#primaryimage","url":"https:\/\/www.alquera.com\/wp-content\/uploads\/2023\/04\/colorante-verde-1.png","contentUrl":"https:\/\/www.alquera.com\/wp-content\/uploads\/2023\/04\/colorante-verde-1.png","width":364,"height":372,"caption":"colorante verde"},{"@type":"BreadcrumbList","@id":"https:\/\/www.alquera.com\/colorante-alimentario-verde-menta\/#breadcrumb","itemListElement":[{"@type":"ListItem","position":1,"name":"Inicio","item":"https:\/\/www.alquera.com\/"},{"@type":"ListItem","position":2,"name":"Alquera.com: Tienda Online de Productos Qu\u00edmicos y Material de Laboratorio","item":"https:\/\/www.alquera.com\/en\/tienda\/"},{"@type":"ListItem","position":3,"name":"Colorante Verde Menta"}]},{"@type":"WebSite","@id":"https:\/\/www.alquera.com\/en\/#website","url":"https:\/\/www.alquera.com\/en\/","name":"Alquera.com","description":"Loja on-line de produtos qu\u00edmicos e equipamento de laborat\u00f3rio","publisher":{"@id":"https:\/\/www.alquera.com\/en\/#organization"},"potentialAction":[{"@type":"SearchAction","target":{"@type":"EntryPoint","urlTemplate":"https:\/\/www.alquera.com\/en\/?s={search_term_string}"},"query-input":{"@type":"PropertyValueSpecification","valueRequired":true,"valueName":"search_term_string"}}],"inLanguage":"pt-PT"},{"@type":"Organization","@id":"https:\/\/www.alquera.com\/en\/#organization","name":"ALQUERA CIENCIA SL","url":"https:\/\/www.alquera.com\/en\/","logo":{"@type":"ImageObject","inLanguage":"pt-PT","@id":"https:\/\/www.alquera.com\/en\/#\/schema\/logo\/image\/","url":"https:\/\/www.alquera.com\/wp-content\/uploads\/2020\/11\/logo_300_ancho.png","contentUrl":"https:\/\/www.alquera.com\/wp-content\/uploads\/2020\/11\/logo_300_ancho.png","width":300,"height":86,"caption":"ALQUERA CIENCIA SL"},"image":{"@id":"https:\/\/www.alquera.com\/en\/#\/schema\/logo\/image\/"},"sameAs":["https:\/\/www.facebook.com\/alqueraciencia","https:\/\/www.instagram.com\/alquera_ciencia\/","https:\/\/www.youtube.com\/c\/alquera"]}]},"og_availability":"instock","product_availability":"instock","product_condition":"new"},"_links":{"self":[{"href":"https:\/\/www.alquera.com\/pt\/wp-json\/wp\/v2\/product\/42248","targetHints":{"allow":["GET"]}}],"collection":[{"href":"https:\/\/www.alquera.com\/pt\/wp-json\/wp\/v2\/product"}],"about":[{"href":"https:\/\/www.alquera.com\/pt\/wp-json\/wp\/v2\/types\/product"}],"replies":[{"embeddable":true,"href":"https:\/\/www.alquera.com\/pt\/wp-json\/wp\/v2\/comments?post=42248"}],"wp:featuredmedia":[{"embeddable":true,"href":"https:\/\/www.alquera.com\/pt\/wp-json\/wp\/v2\/media\/43218"}],"wp:attachment":[{"href":"https:\/\/www.alquera.com\/pt\/wp-json\/wp\/v2\/media?parent=42248"}],"wp:term":[{"taxonomy":"product_brand","embeddable":true,"href":"https:\/\/www.alquera.com\/pt\/wp-json\/wp\/v2\/product_brand?post=42248"},{"taxonomy":"product_cat","embeddable":true,"href":"https:\/\/www.alquera.com\/pt\/wp-json\/wp\/v2\/product_cat?post=42248"},{"taxonomy":"product_tag","embeddable":true,"href":"https:\/\/www.alquera.com\/pt\/wp-json\/wp\/v2\/product_tag?post=42248"}],"curies":[{"name":"wp","href":"https:\/\/api.w.org\/{rel}","templated":true}]}}