{"id":430,"date":"2015-11-26T12:24:28","date_gmt":"2015-11-26T12:24:28","guid":{"rendered":"http:\/\/localhost\/alquera\/productos\/producto\/nitrato-de-cobre-1kg\/"},"modified":"2026-04-16T08:46:23","modified_gmt":"2026-04-16T08:46:23","slug":"nitrato-de-cobre","status":"publish","type":"product","link":"https:\/\/www.alquera.com\/pt\/nitrato-de-cobre\/","title":{"rendered":"Nitrato de Cobre"},"content":{"rendered":"<p>O nitrato de cobre tem muitas aplica\u00e7\u00f5es, sendo a principal a sua convers\u00e3o em \u00f3xido de cobre, que \u00e9 utilizado como catalisador em muitos processos da qu\u00edmica org\u00e2nica. As suas solu\u00e7\u00f5es s\u00e3o utilizadas em t\u00eaxteis e agentes de polimento para outros metais. O nitrato de cobre tamb\u00e9m \u00e9 encontrado em artigos de pirotecnia. Em laborat\u00f3rios ou institui\u00e7\u00f5es educativas, \u00e9 utilizado para demonstrar reac\u00e7\u00f5es numa c\u00e9lula galv\u00e2nica.<\/p>\n<h2>IDENTIFICA\u00c7\u00c3O E PROPRIEDADES<\/h2>\n<p><strong>Nome:<\/strong> Nitrato de Cobre<br \/>\n<strong>F\u00f3rmula<\/strong>Cu(NO3). 3H2O<br \/>\n<strong>CAS:\u00a0<\/strong>10031-43-3<br \/>\n<strong>CE:\u00a0<\/strong>221-838-5<\/p>\n<ul>\n<li>Forma: S\u00f3lido<\/li>\n<li>Cor: Azul<\/li>\n<li>Odor: Caracter\u00edstico<\/li>\n<li>Ponto de fus\u00e3o\/ponto de congela\u00e7\u00e3o: 114\u00baC<\/li>\n<li>Ponto de ebuli\u00e7\u00e3o inicial e intervalo de ebuli\u00e7\u00e3o: 170\u00b0C<\/li>\n<li>Propriedades explosivas: O produto n\u00e3o \u00e9 explosivo.<\/li>\n<li>Solubilidade em \/ Miscibilidade com \u00e1gua: a 20\u00b0C 2670 g\/l<\/li>\n<\/ul>\n<h2>USES<\/h2>\n<ul>\n<li>Produtos qu\u00edmicos para s\u00edntese<\/li>\n<li>Formula\u00e7\u00e3o de materiais<\/li>\n<li>Formula\u00e7\u00e3o de misturas<\/li>\n<li>Produtos qu\u00edmicos de laborat\u00f3rio<\/li>\n<\/ul>\n<p>&nbsp;<\/p>\n<p>&nbsp;<\/p>\n<p>&nbsp;<\/p>\n<p>&nbsp;<\/p>\n<p>&nbsp;<\/p>\n<p>&nbsp;<\/p>\n<p>&nbsp;<\/p>\n<p>&nbsp;<\/p>\n<p>&nbsp;<\/p>\n<p>&nbsp;<\/p>\n<p>&nbsp;<\/p>","protected":false},"excerpt":{"rendered":"<p>Comprar Nitrato de Cobre em Alquera, nos formatos de 100g e 1Kg. Pode ver o pre\u00e7o dos diferentes formatos de Nitrato de Cobre quando selecciona o formato desejado. A encomenda \u00e9 feita directamente atrav\u00e9s da Web seguindo os passos indicados, sendo entregue em 24\/48 horas.<\/p>","protected":false},"featured_media":57381,"comment_status":"open","ping_status":"closed","template":"","meta":{"_acf_changed":false,"site-sidebar-layout":"default","site-content-layout":"default","ast-site-content-layout":"default","site-content-style":"default","site-sidebar-style":"default","ast-global-header-display":"","ast-banner-title-visibility":"","ast-main-header-display":"","ast-hfb-above-header-display":"","ast-hfb-below-header-display":"","ast-hfb-mobile-header-display":"","site-post-title":"","ast-breadcrumbs-content":"","ast-featured-img":"","footer-sml-layout":"","ast-disable-related-posts":"","theme-transparent-header-meta":"default","adv-header-id-meta":"","stick-header-meta":"default","header-above-stick-meta":"","header-main-stick-meta":"","header-below-stick-meta":"","astra-migrate-meta-layouts":"set","ast-page-background-enabled":"default","ast-page-background-meta":{"desktop":{"background-color":"var(--ast-global-color-4)","background-image":"","background-repeat":"repeat","background-position":"center center","background-size":"auto","background-attachment":"scroll","background-type":"","background-media":"","overlay-type":"","overlay-color":"","overlay-opacity":"","overlay-gradient":""},"tablet":{"background-color":"","background-image":"","background-repeat":"repeat","background-position":"center center","background-size":"auto","background-attachment":"scroll","background-type":"","background-media":"","overlay-type":"","overlay-color":"","overlay-opacity":"","overlay-gradient":""},"mobile":{"background-color":"","background-image":"","background-repeat":"repeat","background-position":"center center","background-size":"auto","background-attachment":"scroll","background-type":"","background-media":"","overlay-type":"","overlay-color":"","overlay-opacity":"","overlay-gradient":""}},"ast-content-background-meta":{"desktop":{"background-color":"var(--ast-global-color-5)","background-image":"","background-repeat":"repeat","background-position":"center center","background-size":"auto","background-attachment":"scroll","background-type":"","background-media":"","overlay-type":"","overlay-color":"","overlay-opacity":"","overlay-gradient":""},"tablet":{"background-color":"var(--ast-global-color-5)","background-image":"","background-repeat":"repeat","background-position":"center center","background-size":"auto","background-attachment":"scroll","background-type":"","background-media":"","overlay-type":"","overlay-color":"","overlay-opacity":"","overlay-gradient":""},"mobile":{"background-color":"var(--ast-global-color-5)","background-image":"","background-repeat":"repeat","background-position":"center center","background-size":"auto","background-attachment":"scroll","background-type":"","background-media":"","overlay-type":"","overlay-color":"","overlay-opacity":"","overlay-gradient":""}}},"product_brand":[],"product_cat":[21],"product_tag":[],"class_list":{"0":"post-430","1":"product","2":"type-product","3":"status-publish","4":"has-post-thumbnail","6":"product_cat-productos","7":"pa_cantidad-100g","8":"pa_cantidad-1kg","9":"desktop-align-left","10":"tablet-align-left","11":"mobile-align-left","12":"ast-product-gallery-layout-horizontal-slider","13":"ast-magnify-disabled","14":"ast-product-single-variable","15":"ast-product-tabs-layout-horizontal","16":"ast-qv-on-image","18":"first","19":"instock","20":"taxable","21":"shipping-taxable","22":"purchasable","23":"product-type-variable","24":"has-default-attributes"},"acf":[],"yoast_head":"<!-- This site is optimized with the Yoast SEO Premium plugin v27.1 (Yoast SEO v27.1.1) - https:\/\/yoast.com\/product\/yoast-seo-premium-wordpress\/ -->\n<title>Nitrato de Cobre: Comprar Online - Alquera.com<\/title>\n<meta name=\"description\" content=\"ENV\u00cdOS EN 24\/48H. Comprar Nitrato de Cobre. Tiene multitud de aplicaciones, siendo la principal su conversi\u00f3n a \u00f3xido de cobre.\" \/>\n<meta name=\"robots\" content=\"index, follow, max-snippet:-1, max-image-preview:large, max-video-preview:-1\" \/>\n<link rel=\"canonical\" href=\"https:\/\/www.alquera.com\/pt\/nitrato-de-cobre\/\" \/>\n<meta property=\"og:locale\" content=\"pt_PT\" \/>\n<meta property=\"og:type\" content=\"article\" \/>\n<meta property=\"og:title\" content=\"Nitrato de Cobre: Comprar Online - Alquera.com\" \/>\n<meta property=\"og:description\" content=\"ENV\u00cdOS EN 24\/48H. Comprar Nitrato de Cobre. Tiene multitud de aplicaciones, siendo la principal su conversi\u00f3n a \u00f3xido de cobre.\" \/>\n<meta property=\"og:url\" content=\"https:\/\/www.alquera.com\/pt\/nitrato-de-cobre\/\" \/>\n<meta property=\"og:site_name\" content=\"Alquera.com\" \/>\n<meta property=\"article:publisher\" content=\"https:\/\/www.facebook.com\/alqueraciencia\" \/>\n<meta property=\"article:modified_time\" content=\"2026-04-16T08:46:23+00:00\" \/>\n<meta property=\"og:image\" content=\"https:\/\/www.alquera.com\/wp-content\/uploads\/2015\/11\/NITRATO-COBRE-FOTO-1-1019x1024.png\" \/>\n\t<meta property=\"og:image:width\" content=\"1019\" \/>\n\t<meta property=\"og:image:height\" content=\"1024\" \/>\n\t<meta property=\"og:image:type\" content=\"image\/png\" \/>\n<meta name=\"twitter:card\" content=\"summary_large_image\" \/>\n<meta name=\"twitter:label1\" content=\"Disponibilidade\" \/>\n\t<meta name=\"twitter:data1\" content=\"Em stock\" \/>\n<script type=\"application\/ld+json\" class=\"yoast-schema-graph\">{\"@context\":\"https:\/\/schema.org\",\"@graph\":[{\"@type\":[\"WebPage\",\"ItemPage\"],\"@id\":\"https:\/\/www.alquera.com\/nitrato-de-cobre\/\",\"url\":\"https:\/\/www.alquera.com\/nitrato-de-cobre\/\",\"name\":\"Nitrato de Cobre: Comprar Online - Alquera.com\",\"isPartOf\":{\"@id\":\"https:\/\/www.alquera.com\/en\/#website\"},\"primaryImageOfPage\":{\"@id\":\"https:\/\/www.alquera.com\/nitrato-de-cobre\/#primaryimage\"},\"image\":{\"@id\":\"https:\/\/www.alquera.com\/nitrato-de-cobre\/#primaryimage\"},\"thumbnailUrl\":\"https:\/\/www.alquera.com\/wp-content\/uploads\/2015\/11\/NITRATO-COBRE-FOTO-1-scaled.png\",\"datePublished\":\"2015-11-26T12:24:28+00:00\",\"dateModified\":\"2026-04-16T08:46:23+00:00\",\"description\":\"ENV\u00cdOS EN 24\/48H. Comprar Nitrato de Cobre. Tiene multitud de aplicaciones, siendo la principal su conversi\u00f3n a \u00f3xido de cobre.\",\"breadcrumb\":{\"@id\":\"https:\/\/www.alquera.com\/nitrato-de-cobre\/#breadcrumb\"},\"inLanguage\":\"pt-PT\",\"potentialAction\":[{\"@type\":\"ReadAction\",\"target\":[\"https:\/\/www.alquera.com\/nitrato-de-cobre\/\"]}]},{\"@type\":\"ImageObject\",\"inLanguage\":\"pt-PT\",\"@id\":\"https:\/\/www.alquera.com\/nitrato-de-cobre\/#primaryimage\",\"url\":\"https:\/\/www.alquera.com\/wp-content\/uploads\/2015\/11\/NITRATO-COBRE-FOTO-1-scaled.png\",\"contentUrl\":\"https:\/\/www.alquera.com\/wp-content\/uploads\/2015\/11\/NITRATO-COBRE-FOTO-1-scaled.png\",\"width\":2547,\"height\":2560,\"caption\":\"Nitrato de Cobre\"},{\"@type\":\"BreadcrumbList\",\"@id\":\"https:\/\/www.alquera.com\/nitrato-de-cobre\/#breadcrumb\",\"itemListElement\":[{\"@type\":\"ListItem\",\"position\":1,\"name\":\"Inicio\",\"item\":\"https:\/\/www.alquera.com\/\"},{\"@type\":\"ListItem\",\"position\":2,\"name\":\"Alquera.com: Tienda Online de Productos Qu\u00edmicos y Material de Laboratorio\",\"item\":\"https:\/\/www.alquera.com\/en\/tienda\/\"},{\"@type\":\"ListItem\",\"position\":3,\"name\":\"Nitrato de Cobre\"}]},{\"@type\":\"WebSite\",\"@id\":\"https:\/\/www.alquera.com\/en\/#website\",\"url\":\"https:\/\/www.alquera.com\/en\/\",\"name\":\"Alquera.com\",\"description\":\"Tienda Online Productos Qu\u00edmicos y Material de Laboratorio\",\"publisher\":{\"@id\":\"https:\/\/www.alquera.com\/en\/#organization\"},\"potentialAction\":[{\"@type\":\"SearchAction\",\"target\":{\"@type\":\"EntryPoint\",\"urlTemplate\":\"https:\/\/www.alquera.com\/en\/?s={search_term_string}\"},\"query-input\":{\"@type\":\"PropertyValueSpecification\",\"valueRequired\":true,\"valueName\":\"search_term_string\"}}],\"inLanguage\":\"pt-PT\"},{\"@type\":\"Organization\",\"@id\":\"https:\/\/www.alquera.com\/en\/#organization\",\"name\":\"ALQUERA CIENCIA SL\",\"url\":\"https:\/\/www.alquera.com\/en\/\",\"logo\":{\"@type\":\"ImageObject\",\"inLanguage\":\"pt-PT\",\"@id\":\"https:\/\/www.alquera.com\/en\/#\/schema\/logo\/image\/\",\"url\":\"https:\/\/www.alquera.com\/wp-content\/uploads\/2020\/11\/logo_300_ancho.png\",\"contentUrl\":\"https:\/\/www.alquera.com\/wp-content\/uploads\/2020\/11\/logo_300_ancho.png\",\"width\":300,\"height\":86,\"caption\":\"ALQUERA CIENCIA SL\"},\"image\":{\"@id\":\"https:\/\/www.alquera.com\/en\/#\/schema\/logo\/image\/\"},\"sameAs\":[\"https:\/\/www.facebook.com\/alqueraciencia\",\"https:\/\/www.instagram.com\/alquera_ciencia\/\",\"https:\/\/www.youtube.com\/c\/alquera\"]}]}<\/script>\n<meta property=\"og:availability\" content=\"instock\" \/>\n<meta property=\"product:availability\" content=\"instock\" \/>\n<meta property=\"product:retailer_item_id\" content=\"AL100091\" \/>\n<meta property=\"product:condition\" content=\"new\" \/>\n<!-- \/ Yoast SEO Premium plugin. -->","yoast_head_json":{"title":"Nitrato de Cobre: Comprar Online - Alquera.com","description":"24\/48H DE NAVEGA\u00c7\u00c3O. Comprar Nitrato de Cobre. Tem uma multiplicidade de aplica\u00e7\u00f5es, sendo a principal a sua convers\u00e3o em \u00f3xido de cobre.","robots":{"index":"index","follow":"follow","max-snippet":"max-snippet:-1","max-image-preview":"max-image-preview:large","max-video-preview":"max-video-preview:-1"},"canonical":"https:\/\/www.alquera.com\/pt\/nitrato-de-cobre\/","og_locale":"pt_PT","og_type":"article","og_title":"Nitrato de Cobre: Comprar Online - Alquera.com","og_description":"ENV\u00cdOS EN 24\/48H. Comprar Nitrato de Cobre. Tiene multitud de aplicaciones, siendo la principal su conversi\u00f3n a \u00f3xido de cobre.","og_url":"https:\/\/www.alquera.com\/pt\/nitrato-de-cobre\/","og_site_name":"Alquera.com","article_publisher":"https:\/\/www.facebook.com\/alqueraciencia","article_modified_time":"2026-04-16T08:46:23+00:00","og_image":[{"width":1019,"height":1024,"url":"https:\/\/www.alquera.com\/wp-content\/uploads\/2015\/11\/NITRATO-COBRE-FOTO-1-1019x1024.png","type":"image\/png"}],"twitter_card":"summary_large_image","twitter_misc":{"Disponibilidade":"Em stock"},"schema":{"@context":"https:\/\/schema.org","@graph":[{"@type":["WebPage","ItemPage"],"@id":"https:\/\/www.alquera.com\/nitrato-de-cobre\/","url":"https:\/\/www.alquera.com\/nitrato-de-cobre\/","name":"Nitrato de Cobre: Comprar Online - Alquera.com","isPartOf":{"@id":"https:\/\/www.alquera.com\/en\/#website"},"primaryImageOfPage":{"@id":"https:\/\/www.alquera.com\/nitrato-de-cobre\/#primaryimage"},"image":{"@id":"https:\/\/www.alquera.com\/nitrato-de-cobre\/#primaryimage"},"thumbnailUrl":"https:\/\/www.alquera.com\/wp-content\/uploads\/2015\/11\/NITRATO-COBRE-FOTO-1-scaled.png","datePublished":"2015-11-26T12:24:28+00:00","dateModified":"2026-04-16T08:46:23+00:00","description":"24\/48H DE NAVEGA\u00c7\u00c3O. Comprar Nitrato de Cobre. Tem uma multiplicidade de aplica\u00e7\u00f5es, sendo a principal a sua convers\u00e3o em \u00f3xido de cobre.","breadcrumb":{"@id":"https:\/\/www.alquera.com\/nitrato-de-cobre\/#breadcrumb"},"inLanguage":"pt-PT","potentialAction":[{"@type":"ReadAction","target":["https:\/\/www.alquera.com\/nitrato-de-cobre\/"]}]},{"@type":"ImageObject","inLanguage":"pt-PT","@id":"https:\/\/www.alquera.com\/nitrato-de-cobre\/#primaryimage","url":"https:\/\/www.alquera.com\/wp-content\/uploads\/2015\/11\/NITRATO-COBRE-FOTO-1-scaled.png","contentUrl":"https:\/\/www.alquera.com\/wp-content\/uploads\/2015\/11\/NITRATO-COBRE-FOTO-1-scaled.png","width":2547,"height":2560,"caption":"Nitrato de Cobre"},{"@type":"BreadcrumbList","@id":"https:\/\/www.alquera.com\/nitrato-de-cobre\/#breadcrumb","itemListElement":[{"@type":"ListItem","position":1,"name":"Inicio","item":"https:\/\/www.alquera.com\/"},{"@type":"ListItem","position":2,"name":"Alquera.com: Tienda Online de Productos Qu\u00edmicos y Material de Laboratorio","item":"https:\/\/www.alquera.com\/en\/tienda\/"},{"@type":"ListItem","position":3,"name":"Nitrato de Cobre"}]},{"@type":"WebSite","@id":"https:\/\/www.alquera.com\/en\/#website","url":"https:\/\/www.alquera.com\/en\/","name":"Alquera.com","description":"Loja on-line de produtos qu\u00edmicos e equipamento de laborat\u00f3rio","publisher":{"@id":"https:\/\/www.alquera.com\/en\/#organization"},"potentialAction":[{"@type":"SearchAction","target":{"@type":"EntryPoint","urlTemplate":"https:\/\/www.alquera.com\/en\/?s={search_term_string}"},"query-input":{"@type":"PropertyValueSpecification","valueRequired":true,"valueName":"search_term_string"}}],"inLanguage":"pt-PT"},{"@type":"Organization","@id":"https:\/\/www.alquera.com\/en\/#organization","name":"ALQUERA CIENCIA SL","url":"https:\/\/www.alquera.com\/en\/","logo":{"@type":"ImageObject","inLanguage":"pt-PT","@id":"https:\/\/www.alquera.com\/en\/#\/schema\/logo\/image\/","url":"https:\/\/www.alquera.com\/wp-content\/uploads\/2020\/11\/logo_300_ancho.png","contentUrl":"https:\/\/www.alquera.com\/wp-content\/uploads\/2020\/11\/logo_300_ancho.png","width":300,"height":86,"caption":"ALQUERA CIENCIA SL"},"image":{"@id":"https:\/\/www.alquera.com\/en\/#\/schema\/logo\/image\/"},"sameAs":["https:\/\/www.facebook.com\/alqueraciencia","https:\/\/www.instagram.com\/alquera_ciencia\/","https:\/\/www.youtube.com\/c\/alquera"]}]},"og_availability":"instock","product_availability":"instock","product_retailer_item_id":"AL100091","product_condition":"new"},"_links":{"self":[{"href":"https:\/\/www.alquera.com\/pt\/wp-json\/wp\/v2\/product\/430","targetHints":{"allow":["GET"]}}],"collection":[{"href":"https:\/\/www.alquera.com\/pt\/wp-json\/wp\/v2\/product"}],"about":[{"href":"https:\/\/www.alquera.com\/pt\/wp-json\/wp\/v2\/types\/product"}],"replies":[{"embeddable":true,"href":"https:\/\/www.alquera.com\/pt\/wp-json\/wp\/v2\/comments?post=430"}],"wp:featuredmedia":[{"embeddable":true,"href":"https:\/\/www.alquera.com\/pt\/wp-json\/wp\/v2\/media\/57381"}],"wp:attachment":[{"href":"https:\/\/www.alquera.com\/pt\/wp-json\/wp\/v2\/media?parent=430"}],"wp:term":[{"taxonomy":"product_brand","embeddable":true,"href":"https:\/\/www.alquera.com\/pt\/wp-json\/wp\/v2\/product_brand?post=430"},{"taxonomy":"product_cat","embeddable":true,"href":"https:\/\/www.alquera.com\/pt\/wp-json\/wp\/v2\/product_cat?post=430"},{"taxonomy":"product_tag","embeddable":true,"href":"https:\/\/www.alquera.com\/pt\/wp-json\/wp\/v2\/product_tag?post=430"}],"curies":[{"name":"wp","href":"https:\/\/api.w.org\/{rel}","templated":true}]}}