{"id":45959,"date":"2024-01-16T09:23:29","date_gmt":"2024-01-16T09:23:29","guid":{"rendered":"https:\/\/www.alquera.com\/?post_type=product&#038;p=45959"},"modified":"2026-02-23T16:36:53","modified_gmt":"2026-02-23T16:36:53","slug":"peroxido-de-hidrogeno-30","status":"publish","type":"product","link":"https:\/\/www.alquera.com\/pt\/peroxido-de-hidrogeno-30\/","title":{"rendered":"Per\u00f3xido de hidrog\u00e9nio 30%"},"content":{"rendered":"<div style=\"border: 2px solid #FF0000; background-color: #fff3f3; padding: 10px; border-radius: 5px;\">\n<p><strong>\u00a1ATENCI\u00d3N! <\/strong><strong>Este producto es de venta \u00fanica a profesionales.<\/strong><\/p>\n<p>UNA VEZ REALIZADO EL PEDIDO SE NECESITA DECLARACI\u00d3N DEL CLIENTE RELATIVA AL USO O USOS ESPEC\u00cdFICOS DE UN PRECURSOR DE EXPLOSIVOS RESTINGIDO A QUE SE REFIERE EL ANEXO I DEL REGLAMENTO (UE) 2019\/1148 DEPARLAMENTO EUROPEO Y DEL CONSEJO. Debe enviarla al e-mail: info@alquera.com, con tu n\u00famero de pedido.<\/p>\n<div style=\"border: 2px solid red; padding: 20px; background-color: #f8d7da;\"><a style=\"color: red; font-weight: bold;\" href=\"https:\/\/www.alquera.com\/wp-content\/uploads\/2025\/02\/PT-50-Declaracion-uso-precursores-explosivos-ALQUERA.pdf\" target=\"_blank\" rel=\"noopener\">Descargar documento aqu\u00ed<\/a><\/div>\n<\/div>\n<h2><\/h2>\n<h2><\/h2>\n<h2>IDENTIFICA\u00c7\u00c3O E PROPRIEDADES<\/h2>\n<p><strong>Nome:<\/strong> Per\u00f3xido de Hidrog\u00e9no 30%<br \/>\n<strong>CAS:<\/strong> 7722-84-1<br \/>\n<strong>CE:<\/strong> 231-765-0<\/p>\n<ul>\n<li>Forma\/estado: L\u00edquido<\/li>\n<li>Cor: incolor<\/li>\n<li>Masa molecular: 34,01 g\/mol<\/li>\n<li>Odor: inodoro<\/li>\n<li>Punto de fusi\u00f3n: -0,43 \u00b0C Atm. press.: 1013 hPa<\/li>\n<li>Punto de ebullici\u00f3n: 106\u00baC<\/li>\n<li>Propiedad de provocar incendios: Muy comburente<\/li>\n<li>pH: 1,5 \u2013 4 20 C\u00ba<\/li>\n<li>Viscosidad, cinem\u00e1tica:\u00a01,009 mm\u00b2\/s<\/li>\n<li>Viscosidad, din\u00e1mica: 1,11 mPa\u00b7s<\/li>\n<li>Coeficiente de partici\u00f3n n-octanol\/agua (Log pow):\u00a0-1,57<\/li>\n<li>Presi\u00f3n de vapor: 2,99 hPa 25 C\u00ba<\/li>\n<li>Densidad: 1,1 g\/cm\u00b3<\/li>\n<\/ul>\n<h2>USO<\/h2>\n<ul>\n<li>Uso en Laboratorio<\/li>\n<\/ul>","protected":false},"excerpt":{"rendered":"<p class=\"ai-optimize-47\">Comprar Per\u00f3xido de Hidr\u00f3geno 30% 1L. El pedido se realiza directamente por la Web siguiendo los pasos que se indican, haci\u00e9ndose la entrega en 24\/48 horas. Ver m\u00e1s detalles en la descripci\u00f3n del producto.<\/p>","protected":false},"featured_media":51772,"comment_status":"open","ping_status":"closed","template":"","meta":{"_acf_changed":false,"site-sidebar-layout":"default","site-content-layout":"default","ast-site-content-layout":"default","site-content-style":"default","site-sidebar-style":"default","ast-global-header-display":"","ast-banner-title-visibility":"","ast-main-header-display":"","ast-hfb-above-header-display":"","ast-hfb-below-header-display":"","ast-hfb-mobile-header-display":"","site-post-title":"","ast-breadcrumbs-content":"","ast-featured-img":"","footer-sml-layout":"","ast-disable-related-posts":"","theme-transparent-header-meta":"default","adv-header-id-meta":"","stick-header-meta":"default","header-above-stick-meta":"","header-main-stick-meta":"","header-below-stick-meta":"","astra-migrate-meta-layouts":"set","ast-page-background-enabled":"default","ast-page-background-meta":{"desktop":{"background-color":"var(--ast-global-color-4)","background-image":"","background-repeat":"repeat","background-position":"center center","background-size":"auto","background-attachment":"scroll","background-type":"","background-media":"","overlay-type":"","overlay-color":"","overlay-opacity":"","overlay-gradient":""},"tablet":{"background-color":"","background-image":"","background-repeat":"repeat","background-position":"center center","background-size":"auto","background-attachment":"scroll","background-type":"","background-media":"","overlay-type":"","overlay-color":"","overlay-opacity":"","overlay-gradient":""},"mobile":{"background-color":"","background-image":"","background-repeat":"repeat","background-position":"center center","background-size":"auto","background-attachment":"scroll","background-type":"","background-media":"","overlay-type":"","overlay-color":"","overlay-opacity":"","overlay-gradient":""}},"ast-content-background-meta":{"desktop":{"background-color":"var(--ast-global-color-5)","background-image":"","background-repeat":"repeat","background-position":"center center","background-size":"auto","background-attachment":"scroll","background-type":"","background-media":"","overlay-type":"","overlay-color":"","overlay-opacity":"","overlay-gradient":""},"tablet":{"background-color":"var(--ast-global-color-5)","background-image":"","background-repeat":"repeat","background-position":"center center","background-size":"auto","background-attachment":"scroll","background-type":"","background-media":"","overlay-type":"","overlay-color":"","overlay-opacity":"","overlay-gradient":""},"mobile":{"background-color":"var(--ast-global-color-5)","background-image":"","background-repeat":"repeat","background-position":"center center","background-size":"auto","background-attachment":"scroll","background-type":"","background-media":"","overlay-type":"","overlay-color":"","overlay-opacity":"","overlay-gradient":""}}},"product_brand":[],"product_cat":[21],"product_tag":[],"class_list":{"0":"post-45959","1":"product","2":"type-product","3":"status-publish","4":"has-post-thumbnail","6":"product_cat-productos","7":"desktop-align-left","8":"tablet-align-left","9":"mobile-align-left","10":"ast-product-gallery-layout-horizontal-slider","11":"ast-product-gallery-with-no-image","12":"ast-magnify-disabled","13":"ast-product-tabs-layout-horizontal","14":"ast-qv-on-image","16":"first","17":"instock","18":"taxable","19":"shipping-taxable","20":"purchasable","21":"product-type-simple"},"acf":[],"yoast_head":"<!-- This site is optimized with the Yoast SEO Premium plugin v27.1 (Yoast SEO v27.1.1) - https:\/\/yoast.com\/product\/yoast-seo-premium-wordpress\/ -->\n<title>Per\u00f3xido de Hidr\u00f3geno 30%: Comprar Online - Alquera.com<\/title>\n<meta name=\"description\" content=\"Per\u00f3xido de hidr\u00f3geno 30% de alta pureza, ideal para uso en laboratorio y aplicaciones qu\u00edmicas.\" \/>\n<meta name=\"robots\" content=\"index, follow, max-snippet:-1, max-image-preview:large, max-video-preview:-1\" \/>\n<link rel=\"canonical\" href=\"https:\/\/www.alquera.com\/pt\/peroxido-de-hidrogeno-30\/\" \/>\n<meta property=\"og:locale\" content=\"pt_PT\" \/>\n<meta property=\"og:type\" content=\"article\" \/>\n<meta property=\"og:title\" content=\"Per\u00f3xido de Hidr\u00f3geno 30%: Comprar Online - Alquera.com\" \/>\n<meta property=\"og:description\" content=\"Per\u00f3xido de hidr\u00f3geno 30% de alta pureza, ideal para uso en laboratorio y aplicaciones qu\u00edmicas.\" \/>\n<meta property=\"og:url\" content=\"https:\/\/www.alquera.com\/pt\/peroxido-de-hidrogeno-30\/\" \/>\n<meta property=\"og:site_name\" content=\"Alquera.com\" \/>\n<meta property=\"article:publisher\" content=\"https:\/\/www.facebook.com\/alqueraciencia\" \/>\n<meta property=\"article:modified_time\" content=\"2026-02-23T16:36:53+00:00\" \/>\n<meta property=\"og:image\" content=\"https:\/\/www.alquera.com\/wp-content\/uploads\/2024\/01\/peroxido-de-hidrogeno-foto-producto-987x1024.png\" \/>\n\t<meta property=\"og:image:width\" content=\"987\" \/>\n\t<meta property=\"og:image:height\" content=\"1024\" \/>\n\t<meta property=\"og:image:type\" content=\"image\/png\" \/>\n<meta name=\"twitter:card\" content=\"summary_large_image\" \/>\n<meta name=\"twitter:label1\" content=\"pre\u00e7o\" \/>\n\t<meta name=\"twitter:data1\" content=\"14,90&euro;\" \/>\n\t<meta name=\"twitter:label2\" content=\"Disponibilidade\" \/>\n\t<meta name=\"twitter:data2\" content=\"Em stock\" \/>\n<script type=\"application\/ld+json\" class=\"yoast-schema-graph\">{\"@context\":\"https:\/\/schema.org\",\"@graph\":[{\"@type\":[\"WebPage\",\"ItemPage\"],\"@id\":\"https:\/\/www.alquera.com\/peroxido-de-hidrogeno-30\/\",\"url\":\"https:\/\/www.alquera.com\/peroxido-de-hidrogeno-30\/\",\"name\":\"Per\u00f3xido de Hidr\u00f3geno 30%: Comprar Online - Alquera.com\",\"isPartOf\":{\"@id\":\"https:\/\/www.alquera.com\/en\/#website\"},\"primaryImageOfPage\":{\"@id\":\"https:\/\/www.alquera.com\/peroxido-de-hidrogeno-30\/#primaryimage\"},\"image\":{\"@id\":\"https:\/\/www.alquera.com\/peroxido-de-hidrogeno-30\/#primaryimage\"},\"thumbnailUrl\":\"https:\/\/www.alquera.com\/wp-content\/uploads\/2024\/01\/peroxido-de-hidrogeno-foto-producto.png\",\"datePublished\":\"2024-01-16T09:23:29+00:00\",\"dateModified\":\"2026-02-23T16:36:53+00:00\",\"description\":\"Per\u00f3xido de hidr\u00f3geno 30% de alta pureza, ideal para uso en laboratorio y aplicaciones qu\u00edmicas.\",\"breadcrumb\":{\"@id\":\"https:\/\/www.alquera.com\/peroxido-de-hidrogeno-30\/#breadcrumb\"},\"inLanguage\":\"pt-PT\",\"potentialAction\":[{\"@type\":\"ReadAction\",\"target\":[\"https:\/\/www.alquera.com\/peroxido-de-hidrogeno-30\/\"]}]},{\"@type\":\"ImageObject\",\"inLanguage\":\"pt-PT\",\"@id\":\"https:\/\/www.alquera.com\/peroxido-de-hidrogeno-30\/#primaryimage\",\"url\":\"https:\/\/www.alquera.com\/wp-content\/uploads\/2024\/01\/peroxido-de-hidrogeno-foto-producto.png\",\"contentUrl\":\"https:\/\/www.alquera.com\/wp-content\/uploads\/2024\/01\/peroxido-de-hidrogeno-foto-producto.png\",\"width\":2268,\"height\":2352,\"caption\":\"peroxido de hidrogeno\"},{\"@type\":\"BreadcrumbList\",\"@id\":\"https:\/\/www.alquera.com\/peroxido-de-hidrogeno-30\/#breadcrumb\",\"itemListElement\":[{\"@type\":\"ListItem\",\"position\":1,\"name\":\"Inicio\",\"item\":\"https:\/\/www.alquera.com\/\"},{\"@type\":\"ListItem\",\"position\":2,\"name\":\"Alquera.com: Tienda Online de Productos Qu\u00edmicos y Material de Laboratorio\",\"item\":\"https:\/\/www.alquera.com\/en\/tienda\/\"},{\"@type\":\"ListItem\",\"position\":3,\"name\":\"Per\u00f3xido de Hidr\u00f3geno 30%\"}]},{\"@type\":\"WebSite\",\"@id\":\"https:\/\/www.alquera.com\/en\/#website\",\"url\":\"https:\/\/www.alquera.com\/en\/\",\"name\":\"Alquera.com\",\"description\":\"Tienda Online Productos Qu\u00edmicos y Material de Laboratorio\",\"publisher\":{\"@id\":\"https:\/\/www.alquera.com\/en\/#organization\"},\"potentialAction\":[{\"@type\":\"SearchAction\",\"target\":{\"@type\":\"EntryPoint\",\"urlTemplate\":\"https:\/\/www.alquera.com\/en\/?s={search_term_string}\"},\"query-input\":{\"@type\":\"PropertyValueSpecification\",\"valueRequired\":true,\"valueName\":\"search_term_string\"}}],\"inLanguage\":\"pt-PT\"},{\"@type\":\"Organization\",\"@id\":\"https:\/\/www.alquera.com\/en\/#organization\",\"name\":\"ALQUERA CIENCIA SL\",\"url\":\"https:\/\/www.alquera.com\/en\/\",\"logo\":{\"@type\":\"ImageObject\",\"inLanguage\":\"pt-PT\",\"@id\":\"https:\/\/www.alquera.com\/en\/#\/schema\/logo\/image\/\",\"url\":\"https:\/\/www.alquera.com\/wp-content\/uploads\/2020\/11\/logo_300_ancho.png\",\"contentUrl\":\"https:\/\/www.alquera.com\/wp-content\/uploads\/2020\/11\/logo_300_ancho.png\",\"width\":300,\"height\":86,\"caption\":\"ALQUERA CIENCIA SL\"},\"image\":{\"@id\":\"https:\/\/www.alquera.com\/en\/#\/schema\/logo\/image\/\"},\"sameAs\":[\"https:\/\/www.facebook.com\/alqueraciencia\",\"https:\/\/www.instagram.com\/alquera_ciencia\/\",\"https:\/\/www.youtube.com\/c\/alquera\"]}]}<\/script>\n<meta property=\"product:price:amount\" content=\"14.90\" \/>\n<meta property=\"product:price:currency\" content=\"EUR\" \/>\n<meta property=\"og:availability\" content=\"instock\" \/>\n<meta property=\"product:availability\" content=\"instock\" \/>\n<meta property=\"product:condition\" content=\"new\" \/>\n<!-- \/ Yoast SEO Premium plugin. -->","yoast_head_json":{"title":"Per\u00f3xido de Hidrog\u00e9nio 30%: Comprar Online - Alquera.com","description":"Per\u00f3xido de hidr\u00f3geno 30% de alta pureza, ideal para uso en laboratorio y aplicaciones qu\u00edmicas.","robots":{"index":"index","follow":"follow","max-snippet":"max-snippet:-1","max-image-preview":"max-image-preview:large","max-video-preview":"max-video-preview:-1"},"canonical":"https:\/\/www.alquera.com\/pt\/peroxido-de-hidrogeno-30\/","og_locale":"pt_PT","og_type":"article","og_title":"Per\u00f3xido de Hidr\u00f3geno 30%: Comprar Online - Alquera.com","og_description":"Per\u00f3xido de hidr\u00f3geno 30% de alta pureza, ideal para uso en laboratorio y aplicaciones qu\u00edmicas.","og_url":"https:\/\/www.alquera.com\/pt\/peroxido-de-hidrogeno-30\/","og_site_name":"Alquera.com","article_publisher":"https:\/\/www.facebook.com\/alqueraciencia","article_modified_time":"2026-02-23T16:36:53+00:00","og_image":[{"width":987,"height":1024,"url":"https:\/\/www.alquera.com\/wp-content\/uploads\/2024\/01\/peroxido-de-hidrogeno-foto-producto-987x1024.png","type":"image\/png"}],"twitter_card":"summary_large_image","twitter_misc":{"pre\u00e7o":"14,90&euro;","Disponibilidade":"Em stock"},"schema":{"@context":"https:\/\/schema.org","@graph":[{"@type":["WebPage","ItemPage"],"@id":"https:\/\/www.alquera.com\/peroxido-de-hidrogeno-30\/","url":"https:\/\/www.alquera.com\/peroxido-de-hidrogeno-30\/","name":"Per\u00f3xido de Hidrog\u00e9nio 30%: Comprar Online - Alquera.com","isPartOf":{"@id":"https:\/\/www.alquera.com\/en\/#website"},"primaryImageOfPage":{"@id":"https:\/\/www.alquera.com\/peroxido-de-hidrogeno-30\/#primaryimage"},"image":{"@id":"https:\/\/www.alquera.com\/peroxido-de-hidrogeno-30\/#primaryimage"},"thumbnailUrl":"https:\/\/www.alquera.com\/wp-content\/uploads\/2024\/01\/peroxido-de-hidrogeno-foto-producto.png","datePublished":"2024-01-16T09:23:29+00:00","dateModified":"2026-02-23T16:36:53+00:00","description":"Per\u00f3xido de hidr\u00f3geno 30% de alta pureza, ideal para uso en laboratorio y aplicaciones qu\u00edmicas.","breadcrumb":{"@id":"https:\/\/www.alquera.com\/peroxido-de-hidrogeno-30\/#breadcrumb"},"inLanguage":"pt-PT","potentialAction":[{"@type":"ReadAction","target":["https:\/\/www.alquera.com\/peroxido-de-hidrogeno-30\/"]}]},{"@type":"ImageObject","inLanguage":"pt-PT","@id":"https:\/\/www.alquera.com\/peroxido-de-hidrogeno-30\/#primaryimage","url":"https:\/\/www.alquera.com\/wp-content\/uploads\/2024\/01\/peroxido-de-hidrogeno-foto-producto.png","contentUrl":"https:\/\/www.alquera.com\/wp-content\/uploads\/2024\/01\/peroxido-de-hidrogeno-foto-producto.png","width":2268,"height":2352,"caption":"peroxido de hidrogeno"},{"@type":"BreadcrumbList","@id":"https:\/\/www.alquera.com\/peroxido-de-hidrogeno-30\/#breadcrumb","itemListElement":[{"@type":"ListItem","position":1,"name":"Inicio","item":"https:\/\/www.alquera.com\/"},{"@type":"ListItem","position":2,"name":"Alquera.com: Tienda Online de Productos Qu\u00edmicos y Material de Laboratorio","item":"https:\/\/www.alquera.com\/en\/tienda\/"},{"@type":"ListItem","position":3,"name":"Per\u00f3xido de Hidr\u00f3geno 30%"}]},{"@type":"WebSite","@id":"https:\/\/www.alquera.com\/en\/#website","url":"https:\/\/www.alquera.com\/en\/","name":"Alquera.com","description":"Loja on-line de produtos qu\u00edmicos e equipamento de laborat\u00f3rio","publisher":{"@id":"https:\/\/www.alquera.com\/en\/#organization"},"potentialAction":[{"@type":"SearchAction","target":{"@type":"EntryPoint","urlTemplate":"https:\/\/www.alquera.com\/en\/?s={search_term_string}"},"query-input":{"@type":"PropertyValueSpecification","valueRequired":true,"valueName":"search_term_string"}}],"inLanguage":"pt-PT"},{"@type":"Organization","@id":"https:\/\/www.alquera.com\/en\/#organization","name":"ALQUERA CIENCIA SL","url":"https:\/\/www.alquera.com\/en\/","logo":{"@type":"ImageObject","inLanguage":"pt-PT","@id":"https:\/\/www.alquera.com\/en\/#\/schema\/logo\/image\/","url":"https:\/\/www.alquera.com\/wp-content\/uploads\/2020\/11\/logo_300_ancho.png","contentUrl":"https:\/\/www.alquera.com\/wp-content\/uploads\/2020\/11\/logo_300_ancho.png","width":300,"height":86,"caption":"ALQUERA CIENCIA SL"},"image":{"@id":"https:\/\/www.alquera.com\/en\/#\/schema\/logo\/image\/"},"sameAs":["https:\/\/www.facebook.com\/alqueraciencia","https:\/\/www.instagram.com\/alquera_ciencia\/","https:\/\/www.youtube.com\/c\/alquera"]}]},"product_price_amount":"14.90","product_price_currency":"EUR","og_availability":"instock","product_availability":"instock","product_condition":"new"},"_links":{"self":[{"href":"https:\/\/www.alquera.com\/pt\/wp-json\/wp\/v2\/product\/45959","targetHints":{"allow":["GET"]}}],"collection":[{"href":"https:\/\/www.alquera.com\/pt\/wp-json\/wp\/v2\/product"}],"about":[{"href":"https:\/\/www.alquera.com\/pt\/wp-json\/wp\/v2\/types\/product"}],"replies":[{"embeddable":true,"href":"https:\/\/www.alquera.com\/pt\/wp-json\/wp\/v2\/comments?post=45959"}],"wp:featuredmedia":[{"embeddable":true,"href":"https:\/\/www.alquera.com\/pt\/wp-json\/wp\/v2\/media\/51772"}],"wp:attachment":[{"href":"https:\/\/www.alquera.com\/pt\/wp-json\/wp\/v2\/media?parent=45959"}],"wp:term":[{"taxonomy":"product_brand","embeddable":true,"href":"https:\/\/www.alquera.com\/pt\/wp-json\/wp\/v2\/product_brand?post=45959"},{"taxonomy":"product_cat","embeddable":true,"href":"https:\/\/www.alquera.com\/pt\/wp-json\/wp\/v2\/product_cat?post=45959"},{"taxonomy":"product_tag","embeddable":true,"href":"https:\/\/www.alquera.com\/pt\/wp-json\/wp\/v2\/product_tag?post=45959"}],"curies":[{"name":"wp","href":"https:\/\/api.w.org\/{rel}","templated":true}]}}