{"id":501,"date":"2016-02-09T10:35:21","date_gmt":"2016-02-09T10:35:21","guid":{"rendered":"http:\/\/localhost\/alquera\/productos\/producto\/poliacrilamida-1kg\/"},"modified":"2026-04-26T12:12:11","modified_gmt":"2026-04-26T12:12:11","slug":"poliacrilamida","status":"publish","type":"product","link":"https:\/\/www.alquera.com\/pt\/poliacrilamida\/","title":{"rendered":"Poliacrilamida (Ani\u00f3nica)"},"content":{"rendered":"<p><strong>P\u00f3 de Poliacrilamida Ani\u00f3nica<\/strong><\/p>\n<ul>\n<li>Apar\u00eancia S\u00f3lido granular branco.<\/li>\n<li>Car\u00e1cter i\u00f3nico Ani\u00f3nico.<\/li>\n<li>Ionicidade m\u00e9dia.<\/li>\n<li>Densidade ~ 0,80 g\/cm3.<\/li>\n<li>Viscosidade a 0.1% 100-150 cp.<\/li>\n<li>S\u00f3lidos &gt;85%.<\/li>\n<li>Peso Molecular Muito Elevado.<\/li>\n<\/ul>\n<h2><strong>BENEF\u00cdCIOS DA POLIACRILAMIDA COMO FLOCULANTE<\/strong><\/h2>\n<p><strong>Floculante universal<\/strong> para a remo\u00e7\u00e3o de mat\u00e9rias em suspens\u00e3o. \u00c9 eficaz numa vasta gama de pH (6 - 14). A poliacrilamida pode funcionar sozinha ou em combina\u00e7\u00e3o com outros produtos de tratamento de \u00e1gua comuns, como por exemplo: <a href=\"https:\/\/www.alquera.com\/pt\/sulfato-de-aluminio\/\">sulfato de alumina<\/a>cloreto de polivinilo, cloreto de polivinilo, poliamida, cloreto de alum\u00ednio, cloreto f\u00e9rrico, poliamina, cal, etc.<\/p>\n<p>\u00c9 utilizado com sucesso em numerosas ind\u00fastrias tais como: ind\u00fastria qu\u00edmica, ind\u00fastria t\u00eaxtil, ind\u00fastria de curtumes. Tamb\u00e9m na ind\u00fastria das tintas, ind\u00fastria petrol\u00edfera, ind\u00fastria da lavagem, ind\u00fastria alimentar e matadouros, ind\u00fastria metal\u00fargica e de galvanoplastia. \u00c9 adequado para aplica\u00e7\u00f5es com elevado consumo de floculante. \u00c9 um produto sem solventes e sem tensioactivos, com um teor muito baixo de compostos org\u00e2nicos vol\u00e1teis.<\/p>\n<h2><strong>PREPARA\u00c7\u00c3O E DOSAGEM<\/strong><\/h2>\n<p>\u00c9 recomendado preparar solu\u00e7\u00f5es numa concentra\u00e7\u00e3o entre 0,1% e 0,5%. Para uma correcta dissolu\u00e7\u00e3o, recomendamos a utiliza\u00e7\u00e3o de um doseador de efeito venturi para dispersar eficazmente o produto em \u00e1gua. Ap\u00f3s os primeiros minutos de forte agita\u00e7\u00e3o, ser\u00e3o necess\u00e1rios 45-60 minutos de agita\u00e7\u00e3o lenta para completar a dissolu\u00e7\u00e3o.<\/p>\n<p>A estabilidade da solu\u00e7\u00e3o do produto depende de v\u00e1rios factores (qualidade da \u00e1gua utilizada, pH, temperatura, concentra\u00e7\u00e3o, etc.). Recomenda-se a prepara\u00e7\u00e3o da solu\u00e7\u00e3o e o seu consumo em poucas horas. Uma perda de viscosidade da solu\u00e7\u00e3o indica que a solu\u00e7\u00e3o est\u00e1 degradada. Nesta situa\u00e7\u00e3o, a solu\u00e7\u00e3o ainda \u00e9 \u00fatil, embora deva agora ser sobredosada para se conseguir o efeito desejado.<\/p>\n<p>O ponto ideal de dosagem depende da aplica\u00e7\u00e3o e deve ser determinado no local.<\/p>","protected":false},"excerpt":{"rendered":"<p>Comprar Poliacrilamida de pequenas embalagens de 1Kg para sacos de 25Kg. O pre\u00e7o dos diferentes formatos de Poliacrilamida pode ser visto quando se selecciona o formato que se pretende. A encomenda \u00e9 feita directamente atrav\u00e9s da Web seguindo os passos indicados, sendo entregue em 24\/48 horas.<\/p>","protected":false},"featured_media":52313,"comment_status":"open","ping_status":"closed","template":"","meta":{"_acf_changed":false,"site-sidebar-layout":"default","site-content-layout":"default","ast-site-content-layout":"default","site-content-style":"default","site-sidebar-style":"default","ast-global-header-display":"","ast-banner-title-visibility":"","ast-main-header-display":"","ast-hfb-above-header-display":"","ast-hfb-below-header-display":"","ast-hfb-mobile-header-display":"","site-post-title":"","ast-breadcrumbs-content":"","ast-featured-img":"","footer-sml-layout":"","ast-disable-related-posts":"","theme-transparent-header-meta":"default","adv-header-id-meta":"","stick-header-meta":"default","header-above-stick-meta":"","header-main-stick-meta":"","header-below-stick-meta":"","astra-migrate-meta-layouts":"set","ast-page-background-enabled":"default","ast-page-background-meta":{"desktop":{"background-color":"var(--ast-global-color-4)","background-image":"","background-repeat":"repeat","background-position":"center center","background-size":"auto","background-attachment":"scroll","background-type":"","background-media":"","overlay-type":"","overlay-color":"","overlay-opacity":"","overlay-gradient":""},"tablet":{"background-color":"","background-image":"","background-repeat":"repeat","background-position":"center center","background-size":"auto","background-attachment":"scroll","background-type":"","background-media":"","overlay-type":"","overlay-color":"","overlay-opacity":"","overlay-gradient":""},"mobile":{"background-color":"","background-image":"","background-repeat":"repeat","background-position":"center center","background-size":"auto","background-attachment":"scroll","background-type":"","background-media":"","overlay-type":"","overlay-color":"","overlay-opacity":"","overlay-gradient":""}},"ast-content-background-meta":{"desktop":{"background-color":"var(--ast-global-color-5)","background-image":"","background-repeat":"repeat","background-position":"center center","background-size":"auto","background-attachment":"scroll","background-type":"","background-media":"","overlay-type":"","overlay-color":"","overlay-opacity":"","overlay-gradient":""},"tablet":{"background-color":"var(--ast-global-color-5)","background-image":"","background-repeat":"repeat","background-position":"center center","background-size":"auto","background-attachment":"scroll","background-type":"","background-media":"","overlay-type":"","overlay-color":"","overlay-opacity":"","overlay-gradient":""},"mobile":{"background-color":"var(--ast-global-color-5)","background-image":"","background-repeat":"repeat","background-position":"center center","background-size":"auto","background-attachment":"scroll","background-type":"","background-media":"","overlay-type":"","overlay-color":"","overlay-opacity":"","overlay-gradient":""}}},"product_brand":[],"product_cat":[270,214],"product_tag":[],"class_list":{"0":"post-501","1":"product","2":"type-product","3":"status-publish","4":"has-post-thumbnail","6":"product_cat-productos-piscinas","7":"product_cat-polimeros-super-absorbentes","8":"pa_cantidad-3kg","9":"pa_cantidad-1kg","10":"pa_cantidad-25kg","11":"desktop-align-left","12":"tablet-align-left","13":"mobile-align-left","14":"ast-product-gallery-layout-horizontal-slider","15":"ast-magnify-disabled","16":"ast-product-single-variable","17":"ast-product-tabs-layout-horizontal","18":"ast-qv-on-image","20":"first","21":"instock","22":"taxable","23":"shipping-taxable","24":"purchasable","25":"product-type-variable","26":"has-default-attributes"},"acf":[],"yoast_head":"<!-- This site is optimized with the Yoast SEO Premium plugin v27.1 (Yoast SEO v27.1.1) - https:\/\/yoast.com\/product\/yoast-seo-premium-wordpress\/ -->\n<title>Comprar Poliacrilamida (Ani\u00f3nica) - Alquera.com<\/title>\n<meta name=\"description\" content=\"ENV\u00cdOS EN 24\/48H. Comprar Poliacrilamida. Floculante universal para eliminaci\u00f3n de materia en suspensi\u00f3n. Amplio rango de pH (6 - 14).\" \/>\n<meta name=\"robots\" content=\"index, follow, max-snippet:-1, max-image-preview:large, max-video-preview:-1\" \/>\n<link rel=\"canonical\" href=\"https:\/\/www.alquera.com\/pt\/poliacrilamida\/\" \/>\n<meta property=\"og:locale\" content=\"pt_PT\" \/>\n<meta property=\"og:type\" content=\"article\" \/>\n<meta property=\"og:title\" content=\"Poliacrilamida (Ani\u00f3nica): Comprar Online - Alquera.com\" \/>\n<meta property=\"og:description\" content=\"ENV\u00cdOS EN 24\/48H. Comprar Poliacrilamida. Floculante universal para eliminaci\u00f3n de materia en suspensi\u00f3n. Amplio rango de pH (6 - 14).\" \/>\n<meta property=\"og:url\" content=\"https:\/\/www.alquera.com\/pt\/poliacrilamida\/\" \/>\n<meta property=\"og:site_name\" content=\"Alquera.com\" \/>\n<meta property=\"article:publisher\" content=\"https:\/\/www.facebook.com\/alqueraciencia\" \/>\n<meta property=\"article:modified_time\" content=\"2026-04-26T12:12:11+00:00\" \/>\n<meta property=\"og:image\" content=\"https:\/\/www.alquera.com\/wp-content\/uploads\/2016\/02\/poliacrilamida-anionica-938x1024.png\" \/>\n\t<meta property=\"og:image:width\" content=\"938\" \/>\n\t<meta property=\"og:image:height\" content=\"1024\" \/>\n\t<meta property=\"og:image:type\" content=\"image\/png\" \/>\n<meta name=\"twitter:card\" content=\"summary_large_image\" \/>\n<meta name=\"twitter:label1\" content=\"Disponibilidade\" \/>\n\t<meta name=\"twitter:data1\" content=\"Em stock\" \/>\n<script type=\"application\/ld+json\" class=\"yoast-schema-graph\">{\"@context\":\"https:\/\/schema.org\",\"@graph\":[{\"@type\":[\"WebPage\",\"ItemPage\"],\"@id\":\"https:\/\/www.alquera.com\/poliacrilamida\/\",\"url\":\"https:\/\/www.alquera.com\/poliacrilamida\/\",\"name\":\"Comprar Poliacrilamida (Ani\u00f3nica) - Alquera.com\",\"isPartOf\":{\"@id\":\"https:\/\/www.alquera.com\/en\/#website\"},\"primaryImageOfPage\":{\"@id\":\"https:\/\/www.alquera.com\/poliacrilamida\/#primaryimage\"},\"image\":{\"@id\":\"https:\/\/www.alquera.com\/poliacrilamida\/#primaryimage\"},\"thumbnailUrl\":\"https:\/\/www.alquera.com\/wp-content\/uploads\/2016\/02\/poliacrilamida-anionica.png\",\"datePublished\":\"2016-02-09T10:35:21+00:00\",\"dateModified\":\"2026-04-26T12:12:11+00:00\",\"description\":\"ENV\u00cdOS EN 24\/48H. Comprar Poliacrilamida. Floculante universal para eliminaci\u00f3n de materia en suspensi\u00f3n. Amplio rango de pH (6 - 14).\",\"breadcrumb\":{\"@id\":\"https:\/\/www.alquera.com\/poliacrilamida\/#breadcrumb\"},\"inLanguage\":\"pt-PT\",\"potentialAction\":[{\"@type\":\"ReadAction\",\"target\":[\"https:\/\/www.alquera.com\/poliacrilamida\/\"]}]},{\"@type\":\"ImageObject\",\"inLanguage\":\"pt-PT\",\"@id\":\"https:\/\/www.alquera.com\/poliacrilamida\/#primaryimage\",\"url\":\"https:\/\/www.alquera.com\/wp-content\/uploads\/2016\/02\/poliacrilamida-anionica.png\",\"contentUrl\":\"https:\/\/www.alquera.com\/wp-content\/uploads\/2016\/02\/poliacrilamida-anionica.png\",\"width\":2054,\"height\":2243,\"caption\":\"poliacrilamida anionica\"},{\"@type\":\"BreadcrumbList\",\"@id\":\"https:\/\/www.alquera.com\/poliacrilamida\/#breadcrumb\",\"itemListElement\":[{\"@type\":\"ListItem\",\"position\":1,\"name\":\"Inicio\",\"item\":\"https:\/\/www.alquera.com\/\"},{\"@type\":\"ListItem\",\"position\":2,\"name\":\"Alquera.com: Tienda Online de Productos Qu\u00edmicos y Material de Laboratorio\",\"item\":\"https:\/\/www.alquera.com\/en\/tienda\/\"},{\"@type\":\"ListItem\",\"position\":3,\"name\":\"Poliacrilamida (Ani\u00f3nica)\"}]},{\"@type\":\"WebSite\",\"@id\":\"https:\/\/www.alquera.com\/en\/#website\",\"url\":\"https:\/\/www.alquera.com\/en\/\",\"name\":\"Alquera.com\",\"description\":\"Tienda Online Productos Qu\u00edmicos y Material de Laboratorio\",\"publisher\":{\"@id\":\"https:\/\/www.alquera.com\/en\/#organization\"},\"potentialAction\":[{\"@type\":\"SearchAction\",\"target\":{\"@type\":\"EntryPoint\",\"urlTemplate\":\"https:\/\/www.alquera.com\/en\/?s={search_term_string}\"},\"query-input\":{\"@type\":\"PropertyValueSpecification\",\"valueRequired\":true,\"valueName\":\"search_term_string\"}}],\"inLanguage\":\"pt-PT\"},{\"@type\":\"Organization\",\"@id\":\"https:\/\/www.alquera.com\/en\/#organization\",\"name\":\"ALQUERA CIENCIA SL\",\"url\":\"https:\/\/www.alquera.com\/en\/\",\"logo\":{\"@type\":\"ImageObject\",\"inLanguage\":\"pt-PT\",\"@id\":\"https:\/\/www.alquera.com\/en\/#\/schema\/logo\/image\/\",\"url\":\"https:\/\/www.alquera.com\/wp-content\/uploads\/2020\/11\/logo_300_ancho.png\",\"contentUrl\":\"https:\/\/www.alquera.com\/wp-content\/uploads\/2020\/11\/logo_300_ancho.png\",\"width\":300,\"height\":86,\"caption\":\"ALQUERA CIENCIA SL\"},\"image\":{\"@id\":\"https:\/\/www.alquera.com\/en\/#\/schema\/logo\/image\/\"},\"sameAs\":[\"https:\/\/www.facebook.com\/alqueraciencia\",\"https:\/\/www.instagram.com\/alquera_ciencia\/\",\"https:\/\/www.youtube.com\/c\/alquera\"]}]}<\/script>\n<meta property=\"og:availability\" content=\"instock\" \/>\n<meta property=\"product:availability\" content=\"instock\" \/>\n<meta property=\"product:retailer_item_id\" content=\"ALS100121\" \/>\n<meta property=\"product:condition\" content=\"new\" \/>\n<!-- \/ Yoast SEO Premium plugin. -->","yoast_head_json":{"title":"Comprar Poliacrilamida (Anionic) - Alquera.com","description":"24\/48H DE NAVEGA\u00c7\u00c3O. Comprar Poliacrilamida. Floculante universal para remo\u00e7\u00e3o de mat\u00e9ria em suspens\u00e3o. Ampla gama de pH (6 - 14).","robots":{"index":"index","follow":"follow","max-snippet":"max-snippet:-1","max-image-preview":"max-image-preview:large","max-video-preview":"max-video-preview:-1"},"canonical":"https:\/\/www.alquera.com\/pt\/poliacrilamida\/","og_locale":"pt_PT","og_type":"article","og_title":"Poliacrilamida (Ani\u00f3nica): Comprar Online - Alquera.com","og_description":"ENV\u00cdOS EN 24\/48H. Comprar Poliacrilamida. Floculante universal para eliminaci\u00f3n de materia en suspensi\u00f3n. Amplio rango de pH (6 - 14).","og_url":"https:\/\/www.alquera.com\/pt\/poliacrilamida\/","og_site_name":"Alquera.com","article_publisher":"https:\/\/www.facebook.com\/alqueraciencia","article_modified_time":"2026-04-26T12:12:11+00:00","og_image":[{"width":938,"height":1024,"url":"https:\/\/www.alquera.com\/wp-content\/uploads\/2016\/02\/poliacrilamida-anionica-938x1024.png","type":"image\/png"}],"twitter_card":"summary_large_image","twitter_misc":{"Disponibilidade":"Em stock"},"schema":{"@context":"https:\/\/schema.org","@graph":[{"@type":["WebPage","ItemPage"],"@id":"https:\/\/www.alquera.com\/poliacrilamida\/","url":"https:\/\/www.alquera.com\/poliacrilamida\/","name":"Comprar Poliacrilamida (Anionic) - Alquera.com","isPartOf":{"@id":"https:\/\/www.alquera.com\/en\/#website"},"primaryImageOfPage":{"@id":"https:\/\/www.alquera.com\/poliacrilamida\/#primaryimage"},"image":{"@id":"https:\/\/www.alquera.com\/poliacrilamida\/#primaryimage"},"thumbnailUrl":"https:\/\/www.alquera.com\/wp-content\/uploads\/2016\/02\/poliacrilamida-anionica.png","datePublished":"2016-02-09T10:35:21+00:00","dateModified":"2026-04-26T12:12:11+00:00","description":"24\/48H DE NAVEGA\u00c7\u00c3O. Comprar Poliacrilamida. Floculante universal para remo\u00e7\u00e3o de mat\u00e9ria em suspens\u00e3o. Ampla gama de pH (6 - 14).","breadcrumb":{"@id":"https:\/\/www.alquera.com\/poliacrilamida\/#breadcrumb"},"inLanguage":"pt-PT","potentialAction":[{"@type":"ReadAction","target":["https:\/\/www.alquera.com\/poliacrilamida\/"]}]},{"@type":"ImageObject","inLanguage":"pt-PT","@id":"https:\/\/www.alquera.com\/poliacrilamida\/#primaryimage","url":"https:\/\/www.alquera.com\/wp-content\/uploads\/2016\/02\/poliacrilamida-anionica.png","contentUrl":"https:\/\/www.alquera.com\/wp-content\/uploads\/2016\/02\/poliacrilamida-anionica.png","width":2054,"height":2243,"caption":"poliacrilamida anionica"},{"@type":"BreadcrumbList","@id":"https:\/\/www.alquera.com\/poliacrilamida\/#breadcrumb","itemListElement":[{"@type":"ListItem","position":1,"name":"Inicio","item":"https:\/\/www.alquera.com\/"},{"@type":"ListItem","position":2,"name":"Alquera.com: Tienda Online de Productos Qu\u00edmicos y Material de Laboratorio","item":"https:\/\/www.alquera.com\/en\/tienda\/"},{"@type":"ListItem","position":3,"name":"Poliacrilamida (Ani\u00f3nica)"}]},{"@type":"WebSite","@id":"https:\/\/www.alquera.com\/en\/#website","url":"https:\/\/www.alquera.com\/en\/","name":"Alquera.com","description":"Loja on-line de produtos qu\u00edmicos e equipamento de laborat\u00f3rio","publisher":{"@id":"https:\/\/www.alquera.com\/en\/#organization"},"potentialAction":[{"@type":"SearchAction","target":{"@type":"EntryPoint","urlTemplate":"https:\/\/www.alquera.com\/en\/?s={search_term_string}"},"query-input":{"@type":"PropertyValueSpecification","valueRequired":true,"valueName":"search_term_string"}}],"inLanguage":"pt-PT"},{"@type":"Organization","@id":"https:\/\/www.alquera.com\/en\/#organization","name":"ALQUERA CIENCIA SL","url":"https:\/\/www.alquera.com\/en\/","logo":{"@type":"ImageObject","inLanguage":"pt-PT","@id":"https:\/\/www.alquera.com\/en\/#\/schema\/logo\/image\/","url":"https:\/\/www.alquera.com\/wp-content\/uploads\/2020\/11\/logo_300_ancho.png","contentUrl":"https:\/\/www.alquera.com\/wp-content\/uploads\/2020\/11\/logo_300_ancho.png","width":300,"height":86,"caption":"ALQUERA CIENCIA SL"},"image":{"@id":"https:\/\/www.alquera.com\/en\/#\/schema\/logo\/image\/"},"sameAs":["https:\/\/www.facebook.com\/alqueraciencia","https:\/\/www.instagram.com\/alquera_ciencia\/","https:\/\/www.youtube.com\/c\/alquera"]}]},"og_availability":"instock","product_availability":"instock","product_retailer_item_id":"ALS100121","product_condition":"new"},"_links":{"self":[{"href":"https:\/\/www.alquera.com\/pt\/wp-json\/wp\/v2\/product\/501","targetHints":{"allow":["GET"]}}],"collection":[{"href":"https:\/\/www.alquera.com\/pt\/wp-json\/wp\/v2\/product"}],"about":[{"href":"https:\/\/www.alquera.com\/pt\/wp-json\/wp\/v2\/types\/product"}],"replies":[{"embeddable":true,"href":"https:\/\/www.alquera.com\/pt\/wp-json\/wp\/v2\/comments?post=501"}],"wp:featuredmedia":[{"embeddable":true,"href":"https:\/\/www.alquera.com\/pt\/wp-json\/wp\/v2\/media\/52313"}],"wp:attachment":[{"href":"https:\/\/www.alquera.com\/pt\/wp-json\/wp\/v2\/media?parent=501"}],"wp:term":[{"taxonomy":"product_brand","embeddable":true,"href":"https:\/\/www.alquera.com\/pt\/wp-json\/wp\/v2\/product_brand?post=501"},{"taxonomy":"product_cat","embeddable":true,"href":"https:\/\/www.alquera.com\/pt\/wp-json\/wp\/v2\/product_cat?post=501"},{"taxonomy":"product_tag","embeddable":true,"href":"https:\/\/www.alquera.com\/pt\/wp-json\/wp\/v2\/product_tag?post=501"}],"curies":[{"name":"wp","href":"https:\/\/api.w.org\/{rel}","templated":true}]}}