{"id":50831,"date":"2025-01-14T16:30:17","date_gmt":"2025-01-14T16:30:17","guid":{"rendered":"https:\/\/www.alquera.com\/?post_type=product&#038;p=50831"},"modified":"2026-02-23T16:11:37","modified_gmt":"2026-02-23T16:11:37","slug":"propilenglicol","status":"publish","type":"product","link":"https:\/\/www.alquera.com\/pt\/propilenglicol\/","title":{"rendered":"Propilenglicol"},"content":{"rendered":"<h2>IDENTIFICA\u00c7\u00c3O E PROPRIEDADES<\/h2>\n<p><strong>Nome:<\/strong> Propilenglicol<br \/>\n<strong>Sin\u00f3nimos:<\/strong> 1,2 \u2013propanodiol, Monopropilenglicol, 1,2-dihidroxipropano, metiletilenglicol, alfa-propilenglicol<br \/>\n<strong>CAS:<\/strong> 57-55-6<br \/>\n<strong>CE:<\/strong> 200-338-0<\/p>\n<ul>\n<li>Aspecto: L\u00edquido viscoso incoloro<\/li>\n<li>Olor: Pr\u00e1cticamente inodoro<\/li>\n<li>pH (50% soluci\u00f3n): 6,5 &#8211; 7,5<\/li>\n<li>Punto de fusi\u00f3n: &lt; &#8211; 20\u00baC<\/li>\n<li>Punto de ebullici\u00f3n: 184\u00baC<\/li>\n<li>Punto de inflamaci\u00f3n: 104\u00baC<\/li>\n<li>Tasa de evaporaci\u00f3n: &lt; 0,1 (acetato butilo =1)<\/li>\n<li>Inflamabilidade (s\u00f3lido\/g\u00e1s): N\u00e3o inflam\u00e1vel<\/li>\n<li>L\u00edmites de explosividad: Inferior: 2,6%\u00a0 Superior: 12,5%<\/li>\n<li>Presi\u00f3n de vapor (20\u00baC): 0,2 hPa<\/li>\n<li>Densidad de vapor (aire=1): 2,62<\/li>\n<li>Densidad (20\u00baC): 1,036 g\/cm3<\/li>\n<li>Solubilidad en agua (20\u00baC): Completa<\/li>\n<li>Coeficiente de reparto n-octanol\/agua (log Pow): -1,07<\/li>\n<li>Temperatura de autoinflamaci\u00f3n: &gt; 400 \u00baC<\/li>\n<li>Viscosidad din\u00e1mica (25 \u00baC): 0,0434 Pa.s<\/li>\n<\/ul>\n<h2>USES<\/h2>\n<ul>\n<li>Cosm\u00e9ticos<\/li>\n<li>Esencias\/aromas<\/li>\n<\/ul>\n<p>&nbsp;<\/p>\n<p>&nbsp;<\/p>","protected":false},"excerpt":{"rendered":"<p style=\"text-align: left;\">Comprar Propilenglicol en formato de 1L. El precio de los diferentes formatos de Propilenglicol lo puedes ver al seleccionar el formato que deseasEl pedido se realiza directamente por la Web siguiendo los pasos que se indican, haci\u00e9ndose la entrega en 24\/48 horas. Ver m\u00e1s detalles en la descripci\u00f3n del producto.<\/p>","protected":false},"featured_media":50999,"comment_status":"open","ping_status":"closed","template":"","meta":{"_acf_changed":false,"site-sidebar-layout":"default","site-content-layout":"","ast-site-content-layout":"default","site-content-style":"default","site-sidebar-style":"default","ast-global-header-display":"","ast-banner-title-visibility":"","ast-main-header-display":"","ast-hfb-above-header-display":"","ast-hfb-below-header-display":"","ast-hfb-mobile-header-display":"","site-post-title":"","ast-breadcrumbs-content":"","ast-featured-img":"","footer-sml-layout":"","ast-disable-related-posts":"","theme-transparent-header-meta":"default","adv-header-id-meta":"","stick-header-meta":"default","header-above-stick-meta":"","header-main-stick-meta":"","header-below-stick-meta":"","astra-migrate-meta-layouts":"set","ast-page-background-enabled":"default","ast-page-background-meta":{"desktop":{"background-color":"var(--ast-global-color-4)","background-image":"","background-repeat":"repeat","background-position":"center center","background-size":"auto","background-attachment":"scroll","background-type":"","background-media":"","overlay-type":"","overlay-color":"","overlay-opacity":"","overlay-gradient":""},"tablet":{"background-color":"","background-image":"","background-repeat":"repeat","background-position":"center center","background-size":"auto","background-attachment":"scroll","background-type":"","background-media":"","overlay-type":"","overlay-color":"","overlay-opacity":"","overlay-gradient":""},"mobile":{"background-color":"","background-image":"","background-repeat":"repeat","background-position":"center center","background-size":"auto","background-attachment":"scroll","background-type":"","background-media":"","overlay-type":"","overlay-color":"","overlay-opacity":"","overlay-gradient":""}},"ast-content-background-meta":{"desktop":{"background-color":"var(--ast-global-color-5)","background-image":"","background-repeat":"repeat","background-position":"center center","background-size":"auto","background-attachment":"scroll","background-type":"","background-media":"","overlay-type":"","overlay-color":"","overlay-opacity":"","overlay-gradient":""},"tablet":{"background-color":"var(--ast-global-color-5)","background-image":"","background-repeat":"repeat","background-position":"center center","background-size":"auto","background-attachment":"scroll","background-type":"","background-media":"","overlay-type":"","overlay-color":"","overlay-opacity":"","overlay-gradient":""},"mobile":{"background-color":"var(--ast-global-color-5)","background-image":"","background-repeat":"repeat","background-position":"center center","background-size":"auto","background-attachment":"scroll","background-type":"","background-media":"","overlay-type":"","overlay-color":"","overlay-opacity":"","overlay-gradient":""}}},"product_brand":[],"product_cat":[21],"product_tag":[],"class_list":{"0":"post-50831","1":"product","2":"type-product","3":"status-publish","4":"has-post-thumbnail","6":"product_cat-productos","7":"pa_cantidad-1l","8":"desktop-align-left","9":"tablet-align-left","10":"mobile-align-left","11":"ast-product-gallery-layout-horizontal-slider","12":"ast-product-gallery-with-no-image","13":"ast-magnify-disabled","14":"ast-product-single-variable","15":"ast-product-tabs-layout-horizontal","16":"ast-qv-on-image","18":"first","19":"instock","20":"taxable","21":"shipping-taxable","22":"purchasable","23":"product-type-variable","24":"has-default-attributes"},"acf":[],"yoast_head":"<!-- This site is optimized with the Yoast SEO Premium plugin v27.1 (Yoast SEO v27.1.1) - https:\/\/yoast.com\/product\/yoast-seo-premium-wordpress\/ -->\n<title>Propilenglicol: Comprar Online - Alquera.com<\/title>\n<meta name=\"description\" content=\"Propilenglicol ideal para cosm\u00e9ticos y aromas, mejorando la textura y durabilidad de productos de cuidado personal y fragancias.\" \/>\n<meta name=\"robots\" content=\"index, follow, max-snippet:-1, max-image-preview:large, max-video-preview:-1\" \/>\n<link rel=\"canonical\" href=\"https:\/\/www.alquera.com\/pt\/propilenglicol\/\" \/>\n<meta property=\"og:locale\" content=\"pt_PT\" \/>\n<meta property=\"og:type\" content=\"article\" \/>\n<meta property=\"og:title\" content=\"Propilenglicol: Comprar Online - Alquera.com\" \/>\n<meta property=\"og:description\" content=\"Propilenglicol ideal para cosm\u00e9ticos y aromas, mejorando la textura y durabilidad de productos de cuidado personal y fragancias.\" \/>\n<meta property=\"og:url\" content=\"https:\/\/www.alquera.com\/pt\/propilenglicol\/\" \/>\n<meta property=\"og:site_name\" content=\"Alquera.com\" \/>\n<meta property=\"article:publisher\" content=\"https:\/\/www.facebook.com\/alqueraciencia\" \/>\n<meta property=\"article:modified_time\" content=\"2026-02-23T16:11:37+00:00\" \/>\n<meta property=\"og:image\" content=\"https:\/\/www.alquera.com\/wp-content\/uploads\/2025\/01\/1-1020x1024.png\" \/>\n\t<meta property=\"og:image:width\" content=\"1020\" \/>\n\t<meta property=\"og:image:height\" content=\"1024\" \/>\n\t<meta property=\"og:image:type\" content=\"image\/png\" \/>\n<meta name=\"twitter:card\" content=\"summary_large_image\" \/>\n<meta name=\"twitter:label1\" content=\"Disponibilidade\" \/>\n\t<meta name=\"twitter:data1\" content=\"Em stock\" \/>\n<script type=\"application\/ld+json\" class=\"yoast-schema-graph\">{\"@context\":\"https:\/\/schema.org\",\"@graph\":[{\"@type\":[\"WebPage\",\"ItemPage\"],\"@id\":\"https:\/\/www.alquera.com\/propilenglicol\/\",\"url\":\"https:\/\/www.alquera.com\/propilenglicol\/\",\"name\":\"Propilenglicol: Comprar Online - Alquera.com\",\"isPartOf\":{\"@id\":\"https:\/\/www.alquera.com\/en\/#website\"},\"primaryImageOfPage\":{\"@id\":\"https:\/\/www.alquera.com\/propilenglicol\/#primaryimage\"},\"image\":{\"@id\":\"https:\/\/www.alquera.com\/propilenglicol\/#primaryimage\"},\"thumbnailUrl\":\"https:\/\/www.alquera.com\/wp-content\/uploads\/2025\/01\/1.png\",\"datePublished\":\"2025-01-14T16:30:17+00:00\",\"dateModified\":\"2026-02-23T16:11:37+00:00\",\"description\":\"Propilenglicol ideal para cosm\u00e9ticos y aromas, mejorando la textura y durabilidad de productos de cuidado personal y fragancias.\",\"breadcrumb\":{\"@id\":\"https:\/\/www.alquera.com\/propilenglicol\/#breadcrumb\"},\"inLanguage\":\"pt-PT\",\"potentialAction\":[{\"@type\":\"ReadAction\",\"target\":[\"https:\/\/www.alquera.com\/propilenglicol\/\"]}]},{\"@type\":\"ImageObject\",\"inLanguage\":\"pt-PT\",\"@id\":\"https:\/\/www.alquera.com\/propilenglicol\/#primaryimage\",\"url\":\"https:\/\/www.alquera.com\/wp-content\/uploads\/2025\/01\/1.png\",\"contentUrl\":\"https:\/\/www.alquera.com\/wp-content\/uploads\/2025\/01\/1.png\",\"width\":2796,\"height\":2808,\"caption\":\"Propilenglicol 1L\"},{\"@type\":\"BreadcrumbList\",\"@id\":\"https:\/\/www.alquera.com\/propilenglicol\/#breadcrumb\",\"itemListElement\":[{\"@type\":\"ListItem\",\"position\":1,\"name\":\"Inicio\",\"item\":\"https:\/\/www.alquera.com\/\"},{\"@type\":\"ListItem\",\"position\":2,\"name\":\"Alquera.com: Tienda Online de Productos Qu\u00edmicos y Material de Laboratorio\",\"item\":\"https:\/\/www.alquera.com\/en\/tienda\/\"},{\"@type\":\"ListItem\",\"position\":3,\"name\":\"Propilenglicol\"}]},{\"@type\":\"WebSite\",\"@id\":\"https:\/\/www.alquera.com\/en\/#website\",\"url\":\"https:\/\/www.alquera.com\/en\/\",\"name\":\"Alquera.com\",\"description\":\"Tienda Online Productos Qu\u00edmicos y Material de Laboratorio\",\"publisher\":{\"@id\":\"https:\/\/www.alquera.com\/en\/#organization\"},\"potentialAction\":[{\"@type\":\"SearchAction\",\"target\":{\"@type\":\"EntryPoint\",\"urlTemplate\":\"https:\/\/www.alquera.com\/en\/?s={search_term_string}\"},\"query-input\":{\"@type\":\"PropertyValueSpecification\",\"valueRequired\":true,\"valueName\":\"search_term_string\"}}],\"inLanguage\":\"pt-PT\"},{\"@type\":\"Organization\",\"@id\":\"https:\/\/www.alquera.com\/en\/#organization\",\"name\":\"ALQUERA CIENCIA SL\",\"url\":\"https:\/\/www.alquera.com\/en\/\",\"logo\":{\"@type\":\"ImageObject\",\"inLanguage\":\"pt-PT\",\"@id\":\"https:\/\/www.alquera.com\/en\/#\/schema\/logo\/image\/\",\"url\":\"https:\/\/www.alquera.com\/wp-content\/uploads\/2020\/11\/logo_300_ancho.png\",\"contentUrl\":\"https:\/\/www.alquera.com\/wp-content\/uploads\/2020\/11\/logo_300_ancho.png\",\"width\":300,\"height\":86,\"caption\":\"ALQUERA CIENCIA SL\"},\"image\":{\"@id\":\"https:\/\/www.alquera.com\/en\/#\/schema\/logo\/image\/\"},\"sameAs\":[\"https:\/\/www.facebook.com\/alqueraciencia\",\"https:\/\/www.instagram.com\/alquera_ciencia\/\",\"https:\/\/www.youtube.com\/c\/alquera\"]}]}<\/script>\n<meta property=\"og:availability\" content=\"instock\" \/>\n<meta property=\"product:availability\" content=\"instock\" \/>\n<meta property=\"product:condition\" content=\"new\" \/>\n<!-- \/ Yoast SEO Premium plugin. -->","yoast_head_json":{"title":"Propilenglicol: Comprar Online - Alquera.com","description":"Propilenglicol ideal para cosm\u00e9ticos y aromas, mejorando la textura y durabilidad de productos de cuidado personal y fragancias.","robots":{"index":"index","follow":"follow","max-snippet":"max-snippet:-1","max-image-preview":"max-image-preview:large","max-video-preview":"max-video-preview:-1"},"canonical":"https:\/\/www.alquera.com\/pt\/propilenglicol\/","og_locale":"pt_PT","og_type":"article","og_title":"Propilenglicol: Comprar Online - Alquera.com","og_description":"Propilenglicol ideal para cosm\u00e9ticos y aromas, mejorando la textura y durabilidad de productos de cuidado personal y fragancias.","og_url":"https:\/\/www.alquera.com\/pt\/propilenglicol\/","og_site_name":"Alquera.com","article_publisher":"https:\/\/www.facebook.com\/alqueraciencia","article_modified_time":"2026-02-23T16:11:37+00:00","og_image":[{"width":1020,"height":1024,"url":"https:\/\/www.alquera.com\/wp-content\/uploads\/2025\/01\/1-1020x1024.png","type":"image\/png"}],"twitter_card":"summary_large_image","twitter_misc":{"Disponibilidade":"Em stock"},"schema":{"@context":"https:\/\/schema.org","@graph":[{"@type":["WebPage","ItemPage"],"@id":"https:\/\/www.alquera.com\/propilenglicol\/","url":"https:\/\/www.alquera.com\/propilenglicol\/","name":"Propilenglicol: Comprar Online - Alquera.com","isPartOf":{"@id":"https:\/\/www.alquera.com\/en\/#website"},"primaryImageOfPage":{"@id":"https:\/\/www.alquera.com\/propilenglicol\/#primaryimage"},"image":{"@id":"https:\/\/www.alquera.com\/propilenglicol\/#primaryimage"},"thumbnailUrl":"https:\/\/www.alquera.com\/wp-content\/uploads\/2025\/01\/1.png","datePublished":"2025-01-14T16:30:17+00:00","dateModified":"2026-02-23T16:11:37+00:00","description":"Propilenglicol ideal para cosm\u00e9ticos y aromas, mejorando la textura y durabilidad de productos de cuidado personal y fragancias.","breadcrumb":{"@id":"https:\/\/www.alquera.com\/propilenglicol\/#breadcrumb"},"inLanguage":"pt-PT","potentialAction":[{"@type":"ReadAction","target":["https:\/\/www.alquera.com\/propilenglicol\/"]}]},{"@type":"ImageObject","inLanguage":"pt-PT","@id":"https:\/\/www.alquera.com\/propilenglicol\/#primaryimage","url":"https:\/\/www.alquera.com\/wp-content\/uploads\/2025\/01\/1.png","contentUrl":"https:\/\/www.alquera.com\/wp-content\/uploads\/2025\/01\/1.png","width":2796,"height":2808,"caption":"Propilenglicol 1L"},{"@type":"BreadcrumbList","@id":"https:\/\/www.alquera.com\/propilenglicol\/#breadcrumb","itemListElement":[{"@type":"ListItem","position":1,"name":"Inicio","item":"https:\/\/www.alquera.com\/"},{"@type":"ListItem","position":2,"name":"Alquera.com: Tienda Online de Productos Qu\u00edmicos y Material de Laboratorio","item":"https:\/\/www.alquera.com\/en\/tienda\/"},{"@type":"ListItem","position":3,"name":"Propilenglicol"}]},{"@type":"WebSite","@id":"https:\/\/www.alquera.com\/en\/#website","url":"https:\/\/www.alquera.com\/en\/","name":"Alquera.com","description":"Loja on-line de produtos qu\u00edmicos e equipamento de laborat\u00f3rio","publisher":{"@id":"https:\/\/www.alquera.com\/en\/#organization"},"potentialAction":[{"@type":"SearchAction","target":{"@type":"EntryPoint","urlTemplate":"https:\/\/www.alquera.com\/en\/?s={search_term_string}"},"query-input":{"@type":"PropertyValueSpecification","valueRequired":true,"valueName":"search_term_string"}}],"inLanguage":"pt-PT"},{"@type":"Organization","@id":"https:\/\/www.alquera.com\/en\/#organization","name":"ALQUERA CIENCIA SL","url":"https:\/\/www.alquera.com\/en\/","logo":{"@type":"ImageObject","inLanguage":"pt-PT","@id":"https:\/\/www.alquera.com\/en\/#\/schema\/logo\/image\/","url":"https:\/\/www.alquera.com\/wp-content\/uploads\/2020\/11\/logo_300_ancho.png","contentUrl":"https:\/\/www.alquera.com\/wp-content\/uploads\/2020\/11\/logo_300_ancho.png","width":300,"height":86,"caption":"ALQUERA CIENCIA SL"},"image":{"@id":"https:\/\/www.alquera.com\/en\/#\/schema\/logo\/image\/"},"sameAs":["https:\/\/www.facebook.com\/alqueraciencia","https:\/\/www.instagram.com\/alquera_ciencia\/","https:\/\/www.youtube.com\/c\/alquera"]}]},"og_availability":"instock","product_availability":"instock","product_condition":"new"},"_links":{"self":[{"href":"https:\/\/www.alquera.com\/pt\/wp-json\/wp\/v2\/product\/50831","targetHints":{"allow":["GET"]}}],"collection":[{"href":"https:\/\/www.alquera.com\/pt\/wp-json\/wp\/v2\/product"}],"about":[{"href":"https:\/\/www.alquera.com\/pt\/wp-json\/wp\/v2\/types\/product"}],"replies":[{"embeddable":true,"href":"https:\/\/www.alquera.com\/pt\/wp-json\/wp\/v2\/comments?post=50831"}],"wp:featuredmedia":[{"embeddable":true,"href":"https:\/\/www.alquera.com\/pt\/wp-json\/wp\/v2\/media\/50999"}],"wp:attachment":[{"href":"https:\/\/www.alquera.com\/pt\/wp-json\/wp\/v2\/media?parent=50831"}],"wp:term":[{"taxonomy":"product_brand","embeddable":true,"href":"https:\/\/www.alquera.com\/pt\/wp-json\/wp\/v2\/product_brand?post=50831"},{"taxonomy":"product_cat","embeddable":true,"href":"https:\/\/www.alquera.com\/pt\/wp-json\/wp\/v2\/product_cat?post=50831"},{"taxonomy":"product_tag","embeddable":true,"href":"https:\/\/www.alquera.com\/pt\/wp-json\/wp\/v2\/product_tag?post=50831"}],"curies":[{"name":"wp","href":"https:\/\/api.w.org\/{rel}","templated":true}]}}