{"id":542,"date":"2016-03-01T10:40:06","date_gmt":"2016-03-01T10:40:06","guid":{"rendered":"http:\/\/localhost\/alquera\/productos\/producto\/hidrogel-1kg\/"},"modified":"2026-02-23T16:12:59","modified_gmt":"2026-02-23T16:12:59","slug":"hidrogel","status":"publish","type":"product","link":"https:\/\/www.alquera.com\/pt\/hidrogel\/","title":{"rendered":"Hidrogel para Plantas"},"content":{"rendered":"<p>O hidrogel \u00e9 um retentor de \u00e1gua. \u00c9 feito de um pol\u00edmero superabsorvente chamado poliacrilato de pot\u00e1ssio. Um pol\u00edmero superabsorvente \u00e9 um material que tem a capacidade de absorver grandes quantidades de \u00e1gua e libert\u00e1-la lentamente depois. O hidrogel pertence a este tipo de material. \u00c9 um material que \u00e9 apresentado seco e sob a forma de cristais brancos de 1-2 mm de tamanho. A sua principal utiliza\u00e7\u00e3o \u00e9 na agricultura. \u00c9 tamb\u00e9m conhecida como chuva s\u00f3lida, retentor de \u00e1gua, poliacrilato de pot\u00e1ssio, gel de \u00e1gua, cristais de \u00e1gua.<\/p>\n<h2>IDENTIFICA\u00c7\u00c3O E PROPRIEDADES<\/h2>\n<p><strong>Nome:<\/strong> Hidrogel para plantas. Poliacrilato de pot\u00e1ssio.<br \/>\n<strong>CAS:<\/strong> 25608-12-2<\/p>\n<p>Apar\u00eancia: P\u00f3 ou Cristais<br \/>\nVer <a href=\"https:\/\/www.alquera.com\/pt\/hidrogel\/propiedades\/\" target=\"_blank\" rel=\"noopener noreferrer\">propriedades f\u00edsico-qu\u00edmicas hidrogel para plantas.<\/a><\/p>\n<h2>GRANULOMETRIA DO HIDROGEL VEGETAL<\/h2>\n<p>Gr\u00e3o fino: tamanho seco entre 0,8 e 1,2mm.<br \/>\nGr\u00e3o m\u00e9dio: tamanho seco entre 1,2 e 1,8mm. Hidratados t\u00eam um tamanho irregular em cristais de 10-20mm.<\/p>\n<p>Pode seleccionar um tamanho de gr\u00e3o seco de 0,8-1,2mm ou 1,2-2mm. As caracter\u00edsticas t\u00e9cnicas de ambas s\u00e3o as mesmas, o tamanho de gr\u00e3o mais pequeno destina-se a plantas ou pl\u00e2ntulas mais pequenas.<\/p>\n<h2>ABSOR\u00c7\u00c3O DE HIDROGEL<\/h2>\n<p>O hidrogel que encontra na Alquera est\u00e1 dispon\u00edvel em forma seca. Independentemente do tamanho do gr\u00e3o, o hidrogel absorve at\u00e9 300 vezes o seu peso em \u00e1gua.<\/p>\n<ul>\n<li>3,3 gramas absorvem 1L de \u00e1gua<\/li>\n<li>1Kg absorve 303L de \u00e1gua<\/li>\n<li>5Kg absorvem 1515L de \u00e1gua<\/li>\n<li>20Kg absorvem 6060 L de \u00e1gua<\/li>\n<\/ul>\n<h2>VANTAGENS NA UTILIZA\u00c7\u00c3O DE HIDROGEL<\/h2>\n<p>Com a aplica\u00e7\u00e3o de hidrogel obt\u00e9m as seguintes vantagens:<\/p>\n<ul>\n<li>Melhorar a sementeira, melhorar a taxa de germina\u00e7\u00e3o das sementes e a taxa de sobreviv\u00eancia das pl\u00e2ntulas transplantadas.<\/li>\n<li>Ra\u00edzes: Promove o desenvolvimento das ra\u00edzes, aumentando a resist\u00eancia \u00e0s doen\u00e7as.<\/li>\n<li>Poupan\u00e7a de \u00e1gua: Aumenta as reservas de \u00e1gua no solo.<\/li>\n<li>Permeabilidade do solo: Melhor utiliza\u00e7\u00e3o da mat\u00e9ria org\u00e2nica do solo<\/li>\n<li>Fertiliza\u00e7\u00e3o: Reduzir a perda de fertilizantes<\/li>\n<\/ul>\n<p>Ver v\u00eddeo: <a href=\"https:\/\/www.youtube.com\/watch?v=mxRaAunpiN4&amp;feature=youtu.be\" target=\"_blank\" rel=\"noopener noreferrer\">Reten\u00e7\u00e3o de \u00e1gua para pavimentos de hidrogel.<\/a><\/p>\n<h2>APLICA\u00c7\u00c3O DO POLIACRILATO DE POT\u00c1SSIO<\/h2>\n<p>O hidrogel \u00e9 aplic\u00e1vel em praticamente todas as situa\u00e7\u00f5es em que a \u00e1gua \u00e9 necess\u00e1ria. Neste dossier pode ver quantidades e doses de aplica\u00e7\u00e3o de hidrogel-&gt;<a href=\"https:\/\/www.alquera.com\/wp-content\/uploads\/2016\/03\/DOSSIER-POLIACRILATO-DE-POTASIO.pdf\" target=\"_blank\" rel=\"noopener noreferrer\">Ver Dossi\u00ea T\u00e9cnico Aplica\u00e7\u00e3o Hydrogel.<\/a><\/p>\n<p>Neste dossier encontrar\u00e1 informa\u00e7\u00e3o de acordo com a sua utiliza\u00e7\u00e3o:<\/p>\n<ul>\n<li>Para vasos e camas de sementes, a dosagem \u00e9 de 1,5-3Kg\/m3 (1,5-3Kg de hidrogel seco por m3 de substrato), ou seja, 1,5-3g\/litro.<\/li>\n<li>Para a manuten\u00e7\u00e3o das ra\u00edzes para transplante.<\/li>\n<li>Transplanta\u00e7\u00e3o de \u00e1rvores e arbustos. Ver dosagem e aplica\u00e7\u00e3o na sec\u00e7\u00e3o<\/li>\n<li>Aplica\u00e7\u00e3o para \u00e1rvores j\u00e1 plantadas.<\/li>\n<li>Aplica\u00e7\u00e3o para \u00e1rvores de fruto.<\/li>\n<li>Aplica\u00e7\u00e3o em relva e relva.<\/li>\n<li>Aplica\u00e7\u00e3o em solo estrutural misturado com cascalho e terra.<\/li>\n<\/ul>\n<p>&nbsp;<\/p>","protected":false},"excerpt":{"rendered":"<p>Na Alquera pode comprar facilmente hidrogel, desde pequenas embalagens de 200 gramas a sacos de 20kg. Pode ver o pre\u00e7o dos diferentes formatos de hidrogel quando selecciona o formato desejado. A encomenda \u00e9 feita directamente atrav\u00e9s da web seguindo os passos indicados, e a entrega \u00e9 feita em 24\/48 horas.<\/p>","protected":false},"featured_media":540,"comment_status":"open","ping_status":"closed","template":"","meta":{"_acf_changed":false,"site-sidebar-layout":"default","site-content-layout":"default","ast-site-content-layout":"default","site-content-style":"default","site-sidebar-style":"default","ast-global-header-display":"","ast-banner-title-visibility":"","ast-main-header-display":"","ast-hfb-above-header-display":"","ast-hfb-below-header-display":"","ast-hfb-mobile-header-display":"","site-post-title":"","ast-breadcrumbs-content":"","ast-featured-img":"","footer-sml-layout":"","ast-disable-related-posts":"","theme-transparent-header-meta":"default","adv-header-id-meta":"","stick-header-meta":"default","header-above-stick-meta":"","header-main-stick-meta":"","header-below-stick-meta":"","astra-migrate-meta-layouts":"set","ast-page-background-enabled":"default","ast-page-background-meta":{"desktop":{"background-color":"var(--ast-global-color-4)","background-image":"","background-repeat":"repeat","background-position":"center center","background-size":"auto","background-attachment":"scroll","background-type":"","background-media":"","overlay-type":"","overlay-color":"","overlay-opacity":"","overlay-gradient":""},"tablet":{"background-color":"","background-image":"","background-repeat":"repeat","background-position":"center center","background-size":"auto","background-attachment":"scroll","background-type":"","background-media":"","overlay-type":"","overlay-color":"","overlay-opacity":"","overlay-gradient":""},"mobile":{"background-color":"","background-image":"","background-repeat":"repeat","background-position":"center center","background-size":"auto","background-attachment":"scroll","background-type":"","background-media":"","overlay-type":"","overlay-color":"","overlay-opacity":"","overlay-gradient":""}},"ast-content-background-meta":{"desktop":{"background-color":"var(--ast-global-color-5)","background-image":"","background-repeat":"repeat","background-position":"center center","background-size":"auto","background-attachment":"scroll","background-type":"","background-media":"","overlay-type":"","overlay-color":"","overlay-opacity":"","overlay-gradient":""},"tablet":{"background-color":"var(--ast-global-color-5)","background-image":"","background-repeat":"repeat","background-position":"center center","background-size":"auto","background-attachment":"scroll","background-type":"","background-media":"","overlay-type":"","overlay-color":"","overlay-opacity":"","overlay-gradient":""},"mobile":{"background-color":"var(--ast-global-color-5)","background-image":"","background-repeat":"repeat","background-position":"center center","background-size":"auto","background-attachment":"scroll","background-type":"","background-media":"","overlay-type":"","overlay-color":"","overlay-opacity":"","overlay-gradient":""}}},"product_brand":[],"product_cat":[214],"product_tag":[],"class_list":{"0":"post-542","1":"product","2":"type-product","3":"status-publish","4":"has-post-thumbnail","6":"product_cat-polimeros-super-absorbentes","7":"pa_cantidad-200g","8":"pa_cantidad-1kg","9":"pa_cantidad-5kg","10":"pa_cantidad-20kg","11":"desktop-align-left","12":"tablet-align-left","13":"mobile-align-left","14":"ast-product-gallery-layout-horizontal-slider","15":"ast-magnify-disabled","16":"ast-product-single-variable","17":"ast-product-tabs-layout-horizontal","18":"ast-qv-on-image","20":"first","21":"instock","22":"taxable","23":"shipping-taxable","24":"purchasable","25":"product-type-variable","26":"has-default-attributes"},"acf":[],"yoast_head":"<!-- This site is optimized with the Yoast SEO Premium plugin v27.1 (Yoast SEO v27.1.1) - https:\/\/yoast.com\/product\/yoast-seo-premium-wordpress\/ -->\n<title>Hidrogel para Plantas: Comprar Online - Alquera.com<\/title>\n<meta name=\"description\" content=\"ENV\u00cdOS EN 24\/48H. Comprar Hidrogel para plantas. Absorbe hasta 300 veces su peso en agua. Utilizado para ahorro de tiempo y costes de riego.\" \/>\n<meta name=\"robots\" content=\"index, follow, max-snippet:-1, max-image-preview:large, max-video-preview:-1\" \/>\n<link rel=\"canonical\" href=\"https:\/\/www.alquera.com\/pt\/hidrogel\/\" \/>\n<meta property=\"og:locale\" content=\"pt_PT\" \/>\n<meta property=\"og:type\" content=\"article\" \/>\n<meta property=\"og:title\" content=\"Hidrogel para Plantas: Comprar Online - Alquera.com\" \/>\n<meta property=\"og:description\" content=\"ENV\u00cdOS EN 24\/48H. Comprar Hidrogel para plantas. Absorbe hasta 300 veces su peso en agua. Utilizado para ahorro de tiempo y costes de riego.\" \/>\n<meta property=\"og:url\" content=\"https:\/\/www.alquera.com\/pt\/hidrogel\/\" \/>\n<meta property=\"og:site_name\" content=\"Alquera.com\" \/>\n<meta property=\"article:publisher\" content=\"https:\/\/www.facebook.com\/alqueraciencia\" \/>\n<meta property=\"article:modified_time\" content=\"2026-02-23T16:12:59+00:00\" \/>\n<meta property=\"og:image\" content=\"https:\/\/www.alquera.com\/wp-content\/uploads\/2016\/03\/1039-thickbox_default-Hidrogel-1Kg.jpg\" \/>\n\t<meta property=\"og:image:width\" content=\"800\" \/>\n\t<meta property=\"og:image:height\" content=\"800\" \/>\n\t<meta property=\"og:image:type\" content=\"image\/jpeg\" \/>\n<meta name=\"twitter:card\" content=\"summary_large_image\" \/>\n<meta name=\"twitter:label1\" content=\"Disponibilidade\" \/>\n\t<meta name=\"twitter:data1\" content=\"Em stock\" \/>\n<script type=\"application\/ld+json\" class=\"yoast-schema-graph\">{\"@context\":\"https:\/\/schema.org\",\"@graph\":[{\"@type\":[\"WebPage\",\"ItemPage\"],\"@id\":\"https:\/\/www.alquera.com\/hidrogel\/\",\"url\":\"https:\/\/www.alquera.com\/hidrogel\/\",\"name\":\"Hidrogel para Plantas: Comprar Online - Alquera.com\",\"isPartOf\":{\"@id\":\"https:\/\/www.alquera.com\/en\/#website\"},\"primaryImageOfPage\":{\"@id\":\"https:\/\/www.alquera.com\/hidrogel\/#primaryimage\"},\"image\":{\"@id\":\"https:\/\/www.alquera.com\/hidrogel\/#primaryimage\"},\"thumbnailUrl\":\"https:\/\/www.alquera.com\/wp-content\/uploads\/2016\/03\/1039-thickbox_default-Hidrogel-1Kg.jpg\",\"datePublished\":\"2016-03-01T10:40:06+00:00\",\"dateModified\":\"2026-02-23T16:12:59+00:00\",\"description\":\"ENV\u00cdOS EN 24\/48H. Comprar Hidrogel para plantas. Absorbe hasta 300 veces su peso en agua. Utilizado para ahorro de tiempo y costes de riego.\",\"breadcrumb\":{\"@id\":\"https:\/\/www.alquera.com\/hidrogel\/#breadcrumb\"},\"inLanguage\":\"pt-PT\",\"potentialAction\":[{\"@type\":\"ReadAction\",\"target\":[\"https:\/\/www.alquera.com\/hidrogel\/\"]}]},{\"@type\":\"ImageObject\",\"inLanguage\":\"pt-PT\",\"@id\":\"https:\/\/www.alquera.com\/hidrogel\/#primaryimage\",\"url\":\"https:\/\/www.alquera.com\/wp-content\/uploads\/2016\/03\/1039-thickbox_default-Hidrogel-1Kg.jpg\",\"contentUrl\":\"https:\/\/www.alquera.com\/wp-content\/uploads\/2016\/03\/1039-thickbox_default-Hidrogel-1Kg.jpg\",\"width\":800,\"height\":800,\"caption\":\"Comprar Hidrogel. Hidrogel para plantas\"},{\"@type\":\"BreadcrumbList\",\"@id\":\"https:\/\/www.alquera.com\/hidrogel\/#breadcrumb\",\"itemListElement\":[{\"@type\":\"ListItem\",\"position\":1,\"name\":\"Inicio\",\"item\":\"https:\/\/www.alquera.com\/\"},{\"@type\":\"ListItem\",\"position\":2,\"name\":\"Alquera.com: Tienda Online de Productos Qu\u00edmicos y Material de Laboratorio\",\"item\":\"https:\/\/www.alquera.com\/en\/tienda\/\"},{\"@type\":\"ListItem\",\"position\":3,\"name\":\"Hidrogel para Plantas\"}]},{\"@type\":\"WebSite\",\"@id\":\"https:\/\/www.alquera.com\/en\/#website\",\"url\":\"https:\/\/www.alquera.com\/en\/\",\"name\":\"Alquera.com\",\"description\":\"Tienda Online Productos Qu\u00edmicos y Material de Laboratorio\",\"publisher\":{\"@id\":\"https:\/\/www.alquera.com\/en\/#organization\"},\"potentialAction\":[{\"@type\":\"SearchAction\",\"target\":{\"@type\":\"EntryPoint\",\"urlTemplate\":\"https:\/\/www.alquera.com\/en\/?s={search_term_string}\"},\"query-input\":{\"@type\":\"PropertyValueSpecification\",\"valueRequired\":true,\"valueName\":\"search_term_string\"}}],\"inLanguage\":\"pt-PT\"},{\"@type\":\"Organization\",\"@id\":\"https:\/\/www.alquera.com\/en\/#organization\",\"name\":\"ALQUERA CIENCIA SL\",\"url\":\"https:\/\/www.alquera.com\/en\/\",\"logo\":{\"@type\":\"ImageObject\",\"inLanguage\":\"pt-PT\",\"@id\":\"https:\/\/www.alquera.com\/en\/#\/schema\/logo\/image\/\",\"url\":\"https:\/\/www.alquera.com\/wp-content\/uploads\/2020\/11\/logo_300_ancho.png\",\"contentUrl\":\"https:\/\/www.alquera.com\/wp-content\/uploads\/2020\/11\/logo_300_ancho.png\",\"width\":300,\"height\":86,\"caption\":\"ALQUERA CIENCIA SL\"},\"image\":{\"@id\":\"https:\/\/www.alquera.com\/en\/#\/schema\/logo\/image\/\"},\"sameAs\":[\"https:\/\/www.facebook.com\/alqueraciencia\",\"https:\/\/www.instagram.com\/alquera_ciencia\/\",\"https:\/\/www.youtube.com\/c\/alquera\"]}]}<\/script>\n<meta property=\"og:availability\" content=\"instock\" \/>\n<meta property=\"product:availability\" content=\"instock\" \/>\n<meta property=\"product:retailer_item_id\" content=\"ALS10041\" \/>\n<meta property=\"product:condition\" content=\"new\" \/>\n<!-- \/ Yoast SEO Premium plugin. -->","yoast_head_json":{"title":"Hidrogel para Plantas: Comprar Online - Alquera.com","description":"ENTREGA 24\/48H. Comprar Hydrogel para plantas. Absorve at\u00e9 300 vezes o seu peso em \u00e1gua. Utilizado para poupar tempo e custos de irriga\u00e7\u00e3o.","robots":{"index":"index","follow":"follow","max-snippet":"max-snippet:-1","max-image-preview":"max-image-preview:large","max-video-preview":"max-video-preview:-1"},"canonical":"https:\/\/www.alquera.com\/pt\/hidrogel\/","og_locale":"pt_PT","og_type":"article","og_title":"Hidrogel para Plantas: Comprar Online - Alquera.com","og_description":"ENV\u00cdOS EN 24\/48H. Comprar Hidrogel para plantas. Absorbe hasta 300 veces su peso en agua. Utilizado para ahorro de tiempo y costes de riego.","og_url":"https:\/\/www.alquera.com\/pt\/hidrogel\/","og_site_name":"Alquera.com","article_publisher":"https:\/\/www.facebook.com\/alqueraciencia","article_modified_time":"2026-02-23T16:12:59+00:00","og_image":[{"width":800,"height":800,"url":"https:\/\/www.alquera.com\/wp-content\/uploads\/2016\/03\/1039-thickbox_default-Hidrogel-1Kg.jpg","type":"image\/jpeg"}],"twitter_card":"summary_large_image","twitter_misc":{"Disponibilidade":"Em stock"},"schema":{"@context":"https:\/\/schema.org","@graph":[{"@type":["WebPage","ItemPage"],"@id":"https:\/\/www.alquera.com\/hidrogel\/","url":"https:\/\/www.alquera.com\/hidrogel\/","name":"Hidrogel para Plantas: Comprar Online - Alquera.com","isPartOf":{"@id":"https:\/\/www.alquera.com\/en\/#website"},"primaryImageOfPage":{"@id":"https:\/\/www.alquera.com\/hidrogel\/#primaryimage"},"image":{"@id":"https:\/\/www.alquera.com\/hidrogel\/#primaryimage"},"thumbnailUrl":"https:\/\/www.alquera.com\/wp-content\/uploads\/2016\/03\/1039-thickbox_default-Hidrogel-1Kg.jpg","datePublished":"2016-03-01T10:40:06+00:00","dateModified":"2026-02-23T16:12:59+00:00","description":"ENTREGA 24\/48H. Comprar Hydrogel para plantas. Absorve at\u00e9 300 vezes o seu peso em \u00e1gua. Utilizado para poupar tempo e custos de irriga\u00e7\u00e3o.","breadcrumb":{"@id":"https:\/\/www.alquera.com\/hidrogel\/#breadcrumb"},"inLanguage":"pt-PT","potentialAction":[{"@type":"ReadAction","target":["https:\/\/www.alquera.com\/hidrogel\/"]}]},{"@type":"ImageObject","inLanguage":"pt-PT","@id":"https:\/\/www.alquera.com\/hidrogel\/#primaryimage","url":"https:\/\/www.alquera.com\/wp-content\/uploads\/2016\/03\/1039-thickbox_default-Hidrogel-1Kg.jpg","contentUrl":"https:\/\/www.alquera.com\/wp-content\/uploads\/2016\/03\/1039-thickbox_default-Hidrogel-1Kg.jpg","width":800,"height":800,"caption":"Comprar Hidrogel. Hidrogel para plantas"},{"@type":"BreadcrumbList","@id":"https:\/\/www.alquera.com\/hidrogel\/#breadcrumb","itemListElement":[{"@type":"ListItem","position":1,"name":"Inicio","item":"https:\/\/www.alquera.com\/"},{"@type":"ListItem","position":2,"name":"Alquera.com: Tienda Online de Productos Qu\u00edmicos y Material de Laboratorio","item":"https:\/\/www.alquera.com\/en\/tienda\/"},{"@type":"ListItem","position":3,"name":"Hidrogel para Plantas"}]},{"@type":"WebSite","@id":"https:\/\/www.alquera.com\/en\/#website","url":"https:\/\/www.alquera.com\/en\/","name":"Alquera.com","description":"Loja on-line de produtos qu\u00edmicos e equipamento de laborat\u00f3rio","publisher":{"@id":"https:\/\/www.alquera.com\/en\/#organization"},"potentialAction":[{"@type":"SearchAction","target":{"@type":"EntryPoint","urlTemplate":"https:\/\/www.alquera.com\/en\/?s={search_term_string}"},"query-input":{"@type":"PropertyValueSpecification","valueRequired":true,"valueName":"search_term_string"}}],"inLanguage":"pt-PT"},{"@type":"Organization","@id":"https:\/\/www.alquera.com\/en\/#organization","name":"ALQUERA CIENCIA SL","url":"https:\/\/www.alquera.com\/en\/","logo":{"@type":"ImageObject","inLanguage":"pt-PT","@id":"https:\/\/www.alquera.com\/en\/#\/schema\/logo\/image\/","url":"https:\/\/www.alquera.com\/wp-content\/uploads\/2020\/11\/logo_300_ancho.png","contentUrl":"https:\/\/www.alquera.com\/wp-content\/uploads\/2020\/11\/logo_300_ancho.png","width":300,"height":86,"caption":"ALQUERA CIENCIA SL"},"image":{"@id":"https:\/\/www.alquera.com\/en\/#\/schema\/logo\/image\/"},"sameAs":["https:\/\/www.facebook.com\/alqueraciencia","https:\/\/www.instagram.com\/alquera_ciencia\/","https:\/\/www.youtube.com\/c\/alquera"]}]},"og_availability":"instock","product_availability":"instock","product_retailer_item_id":"ALS10041","product_condition":"new"},"_links":{"self":[{"href":"https:\/\/www.alquera.com\/pt\/wp-json\/wp\/v2\/product\/542","targetHints":{"allow":["GET"]}}],"collection":[{"href":"https:\/\/www.alquera.com\/pt\/wp-json\/wp\/v2\/product"}],"about":[{"href":"https:\/\/www.alquera.com\/pt\/wp-json\/wp\/v2\/types\/product"}],"replies":[{"embeddable":true,"href":"https:\/\/www.alquera.com\/pt\/wp-json\/wp\/v2\/comments?post=542"}],"wp:featuredmedia":[{"embeddable":true,"href":"https:\/\/www.alquera.com\/pt\/wp-json\/wp\/v2\/media\/540"}],"wp:attachment":[{"href":"https:\/\/www.alquera.com\/pt\/wp-json\/wp\/v2\/media?parent=542"}],"wp:term":[{"taxonomy":"product_brand","embeddable":true,"href":"https:\/\/www.alquera.com\/pt\/wp-json\/wp\/v2\/product_brand?post=542"},{"taxonomy":"product_cat","embeddable":true,"href":"https:\/\/www.alquera.com\/pt\/wp-json\/wp\/v2\/product_cat?post=542"},{"taxonomy":"product_tag","embeddable":true,"href":"https:\/\/www.alquera.com\/pt\/wp-json\/wp\/v2\/product_tag?post=542"}],"curies":[{"name":"wp","href":"https:\/\/api.w.org\/{rel}","templated":true}]}}