{"id":744,"date":"2017-01-26T13:19:01","date_gmt":"2017-01-26T13:19:01","guid":{"rendered":"http:\/\/localhost\/alquera\/productos\/producto\/sal-disodica-edta-na2h2-2h2o-250\/"},"modified":"2026-04-12T07:52:43","modified_gmt":"2026-04-12T07:52:43","slug":"sal-edta","status":"publish","type":"product","link":"https:\/\/www.alquera.com\/pt\/sal-edta\/","title":{"rendered":"Sal diss\u00f3dico EDTA"},"content":{"rendered":"<p>EDTA sal diss\u00f3dico Na2H2 - 2H2O (dihidrato). O sal diss\u00f3dico EDTA \u00e9 utilizado principalmente pela sua capacidade de se ligar a i\u00f5es met\u00e1licos precipitando chumbo e outros metais em solu\u00e7\u00e3o, frequentemente utilizado como agente quelante em aqu\u00e1rios. Juntamente com <a href=\"https:\/\/www.alquera.com\/pt\/sulfato-de-hierro\/\">sulfato de ferro heptahidrato<\/a>\u00e9 utilizado para aumentar a quantidade de ferro nos aqu\u00e1rios.<\/p>\n<h2>IDENTIFICA\u00c7\u00c3O E PROPRIEDADES<\/h2>\n<p><strong>Nome:<\/strong> Sal diss\u00f3dico EDTA<br \/>\n<strong>F\u00f3rmula qu\u00edmica:<\/strong> C10H14N2Na2P8.2H2O<br \/>\n<strong>Sin\u00f3nimos:<\/strong> EDTA diss\u00f3dico EDTA di-hidratado<br \/>\n<strong>CAS:<\/strong> 6381-92-6<br \/>\n<strong>CE:<\/strong> 205-358-3<\/p>\n<ul>\n<li>Estado f\u00edsico: Cristais<\/li>\n<li>Cor: Branco<\/li>\n<li>Odor: inodoro<\/li>\n<li>pH: 4-6 1% corrente USP<\/li>\n<li>Ponto de fus\u00e3o\/intervalo de fus\u00e3o: 252\u00baC medidos Decomp\u00f5e<\/li>\n<li>Inflamabilidade (s\u00f3lido\/g\u00e1s): N\u00e3o, n\u00e3o se espera que forme misturas explosivas poeiras\/ar.<\/li>\n<li>Press\u00e3o de vapor: &lt;0.01 mmHg<\/li>\n<li>Solubilidade na \u00e1gua: 10% a 25\u00baC<\/li>\n<li>Viscosidade cinem\u00e1tica: S\u00f3lido<\/li>\n<li>Propriedades explosivas: N\u00e3o explosivas<\/li>\n<li>Propriedades oxidantes: N\u00e3o<\/li>\n<\/ul>\n<h2>USES<\/h2>\n<ul>\n<li>Fabrico da subst\u00e2ncia.<\/li>\n<li>Formula\u00e7\u00e3o intermedi\u00e1ria<\/li>\n<li>Formula\u00e7\u00e3o em p\u00f3, l\u00edquido<\/li>\n<li>Adesivos, vedantes<\/li>\n<li>Produto biocida<\/li>\n<li>Revestimentos e pinturas<\/li>\n<li>Solventes<\/li>\n<li>Decapantes<\/li>\n<li>Produtos de tratamento de superf\u00edcies met\u00e1licas, incluindo galvaniza\u00e7\u00e3o e produtos de electr\u00f3lise<\/li>\n<li>Aditivo fotoqu\u00edmico<\/li>\n<li>Corantes para t\u00eaxteis, produtos de acabamento e impregna\u00e7\u00e3o<\/li>\n<li>Produtos de limpeza e lavagem<\/li>\n<\/ul>","protected":false},"excerpt":{"rendered":"<p>Comprar sal diss\u00f3dico EDTA em formatos de 250g e 1Kg. Pode ver o pre\u00e7o dos diferentes formatos de sal diss\u00f3dico quando selecciona o formato desejado. A encomenda \u00e9 feita directamente atrav\u00e9s da Web seguindo os passos indicados, sendo entregue em 24\/48 horas.<\/p>","protected":false},"featured_media":8809,"comment_status":"open","ping_status":"closed","template":"","meta":{"_acf_changed":false,"site-sidebar-layout":"default","site-content-layout":"default","ast-site-content-layout":"default","site-content-style":"default","site-sidebar-style":"default","ast-global-header-display":"","ast-banner-title-visibility":"","ast-main-header-display":"","ast-hfb-above-header-display":"","ast-hfb-below-header-display":"","ast-hfb-mobile-header-display":"","site-post-title":"","ast-breadcrumbs-content":"","ast-featured-img":"","footer-sml-layout":"","ast-disable-related-posts":"","theme-transparent-header-meta":"default","adv-header-id-meta":"","stick-header-meta":"default","header-above-stick-meta":"","header-main-stick-meta":"","header-below-stick-meta":"","astra-migrate-meta-layouts":"set","ast-page-background-enabled":"default","ast-page-background-meta":{"desktop":{"background-color":"var(--ast-global-color-4)","background-image":"","background-repeat":"repeat","background-position":"center center","background-size":"auto","background-attachment":"scroll","background-type":"","background-media":"","overlay-type":"","overlay-color":"","overlay-opacity":"","overlay-gradient":""},"tablet":{"background-color":"","background-image":"","background-repeat":"repeat","background-position":"center center","background-size":"auto","background-attachment":"scroll","background-type":"","background-media":"","overlay-type":"","overlay-color":"","overlay-opacity":"","overlay-gradient":""},"mobile":{"background-color":"","background-image":"","background-repeat":"repeat","background-position":"center center","background-size":"auto","background-attachment":"scroll","background-type":"","background-media":"","overlay-type":"","overlay-color":"","overlay-opacity":"","overlay-gradient":""}},"ast-content-background-meta":{"desktop":{"background-color":"var(--ast-global-color-5)","background-image":"","background-repeat":"repeat","background-position":"center center","background-size":"auto","background-attachment":"scroll","background-type":"","background-media":"","overlay-type":"","overlay-color":"","overlay-opacity":"","overlay-gradient":""},"tablet":{"background-color":"var(--ast-global-color-5)","background-image":"","background-repeat":"repeat","background-position":"center center","background-size":"auto","background-attachment":"scroll","background-type":"","background-media":"","overlay-type":"","overlay-color":"","overlay-opacity":"","overlay-gradient":""},"mobile":{"background-color":"var(--ast-global-color-5)","background-image":"","background-repeat":"repeat","background-position":"center center","background-size":"auto","background-attachment":"scroll","background-type":"","background-media":"","overlay-type":"","overlay-color":"","overlay-opacity":"","overlay-gradient":""}}},"product_brand":[],"product_cat":[21],"product_tag":[],"class_list":{"0":"post-744","1":"product","2":"type-product","3":"status-publish","4":"has-post-thumbnail","6":"product_cat-productos","7":"pa_cantidad-250g","8":"pa_cantidad-1kg","9":"desktop-align-left","10":"tablet-align-left","11":"mobile-align-left","12":"ast-product-gallery-layout-horizontal-slider","13":"ast-product-gallery-with-no-image","14":"ast-magnify-disabled","15":"ast-product-single-variable","16":"ast-product-tabs-layout-horizontal","17":"ast-qv-on-image","19":"first","20":"instock","21":"taxable","22":"shipping-taxable","23":"purchasable","24":"product-type-variable","25":"has-default-attributes"},"acf":[],"yoast_head":"<!-- This site is optimized with the Yoast SEO Premium plugin v27.1 (Yoast SEO v27.1.1) - https:\/\/yoast.com\/product\/yoast-seo-premium-wordpress\/ -->\n<title>Sal dis\u00f3dica EDTA: Comprar Online - Alquera.com<\/title>\n<meta name=\"description\" content=\"ENV\u00cdOS EN 24\/48H. Sal dis\u00f3dica EDTA, tambi\u00e9n conocido como EDTA dis\u00f3dico dihidratado. Se usa en la fabricaci\u00f3n de adhesivos, disolventes..\" \/>\n<meta name=\"robots\" content=\"index, follow, max-snippet:-1, max-image-preview:large, max-video-preview:-1\" \/>\n<link rel=\"canonical\" href=\"https:\/\/www.alquera.com\/pt\/sal-edta\/\" \/>\n<meta property=\"og:locale\" content=\"pt_PT\" \/>\n<meta property=\"og:type\" content=\"article\" \/>\n<meta property=\"og:title\" content=\"Sal dis\u00f3dica EDTA: Comprar Online - Alquera.com\" \/>\n<meta property=\"og:description\" content=\"ENV\u00cdOS EN 24\/48H. Sal dis\u00f3dica EDTA, tambi\u00e9n conocido como EDTA dis\u00f3dico dihidratado. Se usa en la fabricaci\u00f3n de adhesivos, disolventes..\" \/>\n<meta property=\"og:url\" content=\"https:\/\/www.alquera.com\/pt\/sal-edta\/\" \/>\n<meta property=\"og:site_name\" content=\"Alquera.com\" \/>\n<meta property=\"article:publisher\" content=\"https:\/\/www.facebook.com\/alqueraciencia\" \/>\n<meta property=\"article:modified_time\" content=\"2026-04-12T07:52:43+00:00\" \/>\n<meta property=\"og:image\" content=\"https:\/\/www.alquera.com\/wp-content\/uploads\/2017\/01\/poliacrilato-de-sodio-250g.jpg\" \/>\n\t<meta property=\"og:image:width\" content=\"458\" \/>\n\t<meta property=\"og:image:height\" content=\"458\" \/>\n\t<meta property=\"og:image:type\" content=\"image\/jpeg\" \/>\n<meta name=\"twitter:card\" content=\"summary_large_image\" \/>\n<meta name=\"twitter:label1\" content=\"Disponibilidade\" \/>\n\t<meta name=\"twitter:data1\" content=\"Em stock\" \/>\n<script type=\"application\/ld+json\" class=\"yoast-schema-graph\">{\"@context\":\"https:\/\/schema.org\",\"@graph\":[{\"@type\":[\"WebPage\",\"ItemPage\"],\"@id\":\"https:\/\/www.alquera.com\/sal-edta\/\",\"url\":\"https:\/\/www.alquera.com\/sal-edta\/\",\"name\":\"Sal dis\u00f3dica EDTA: Comprar Online - Alquera.com\",\"isPartOf\":{\"@id\":\"https:\/\/www.alquera.com\/en\/#website\"},\"primaryImageOfPage\":{\"@id\":\"https:\/\/www.alquera.com\/sal-edta\/#primaryimage\"},\"image\":{\"@id\":\"https:\/\/www.alquera.com\/sal-edta\/#primaryimage\"},\"thumbnailUrl\":\"https:\/\/www.alquera.com\/wp-content\/uploads\/2017\/01\/poliacrilato-de-sodio-250g.jpg\",\"datePublished\":\"2017-01-26T13:19:01+00:00\",\"dateModified\":\"2026-04-12T07:52:43+00:00\",\"description\":\"ENV\u00cdOS EN 24\/48H. Sal dis\u00f3dica EDTA, tambi\u00e9n conocido como EDTA dis\u00f3dico dihidratado. Se usa en la fabricaci\u00f3n de adhesivos, disolventes..\",\"breadcrumb\":{\"@id\":\"https:\/\/www.alquera.com\/sal-edta\/#breadcrumb\"},\"inLanguage\":\"pt-PT\",\"potentialAction\":[{\"@type\":\"ReadAction\",\"target\":[\"https:\/\/www.alquera.com\/sal-edta\/\"]}]},{\"@type\":\"ImageObject\",\"inLanguage\":\"pt-PT\",\"@id\":\"https:\/\/www.alquera.com\/sal-edta\/#primaryimage\",\"url\":\"https:\/\/www.alquera.com\/wp-content\/uploads\/2017\/01\/poliacrilato-de-sodio-250g.jpg\",\"contentUrl\":\"https:\/\/www.alquera.com\/wp-content\/uploads\/2017\/01\/poliacrilato-de-sodio-250g.jpg\",\"width\":458,\"height\":458,\"caption\":\"sal disodica edta\"},{\"@type\":\"BreadcrumbList\",\"@id\":\"https:\/\/www.alquera.com\/sal-edta\/#breadcrumb\",\"itemListElement\":[{\"@type\":\"ListItem\",\"position\":1,\"name\":\"Inicio\",\"item\":\"https:\/\/www.alquera.com\/\"},{\"@type\":\"ListItem\",\"position\":2,\"name\":\"Alquera.com: Tienda Online de Productos Qu\u00edmicos y Material de Laboratorio\",\"item\":\"https:\/\/www.alquera.com\/en\/tienda\/\"},{\"@type\":\"ListItem\",\"position\":3,\"name\":\"Sal dis\u00f3dica EDTA\"}]},{\"@type\":\"WebSite\",\"@id\":\"https:\/\/www.alquera.com\/en\/#website\",\"url\":\"https:\/\/www.alquera.com\/en\/\",\"name\":\"Alquera.com\",\"description\":\"Tienda Online Productos Qu\u00edmicos y Material de Laboratorio\",\"publisher\":{\"@id\":\"https:\/\/www.alquera.com\/en\/#organization\"},\"potentialAction\":[{\"@type\":\"SearchAction\",\"target\":{\"@type\":\"EntryPoint\",\"urlTemplate\":\"https:\/\/www.alquera.com\/en\/?s={search_term_string}\"},\"query-input\":{\"@type\":\"PropertyValueSpecification\",\"valueRequired\":true,\"valueName\":\"search_term_string\"}}],\"inLanguage\":\"pt-PT\"},{\"@type\":\"Organization\",\"@id\":\"https:\/\/www.alquera.com\/en\/#organization\",\"name\":\"ALQUERA CIENCIA SL\",\"url\":\"https:\/\/www.alquera.com\/en\/\",\"logo\":{\"@type\":\"ImageObject\",\"inLanguage\":\"pt-PT\",\"@id\":\"https:\/\/www.alquera.com\/en\/#\/schema\/logo\/image\/\",\"url\":\"https:\/\/www.alquera.com\/wp-content\/uploads\/2020\/11\/logo_300_ancho.png\",\"contentUrl\":\"https:\/\/www.alquera.com\/wp-content\/uploads\/2020\/11\/logo_300_ancho.png\",\"width\":300,\"height\":86,\"caption\":\"ALQUERA CIENCIA SL\"},\"image\":{\"@id\":\"https:\/\/www.alquera.com\/en\/#\/schema\/logo\/image\/\"},\"sameAs\":[\"https:\/\/www.facebook.com\/alqueraciencia\",\"https:\/\/www.instagram.com\/alquera_ciencia\/\",\"https:\/\/www.youtube.com\/c\/alquera\"]}]}<\/script>\n<meta property=\"og:availability\" content=\"instock\" \/>\n<meta property=\"product:availability\" content=\"instock\" \/>\n<meta property=\"product:condition\" content=\"new\" \/>\n<!-- \/ Yoast SEO Premium plugin. -->","yoast_head_json":{"title":"Sal diss\u00f3dico EDTA: Comprar online - Alquera.com","description":"ENVIOS EM 24\/48H. Sal diss\u00f3dico EDTA, tamb\u00e9m conhecido como EDTA di-hidrato diss\u00f3dico. \u00c9 utilizado no fabrico de adesivos, solventes,...","robots":{"index":"index","follow":"follow","max-snippet":"max-snippet:-1","max-image-preview":"max-image-preview:large","max-video-preview":"max-video-preview:-1"},"canonical":"https:\/\/www.alquera.com\/pt\/sal-edta\/","og_locale":"pt_PT","og_type":"article","og_title":"Sal dis\u00f3dica EDTA: Comprar Online - Alquera.com","og_description":"ENV\u00cdOS EN 24\/48H. Sal dis\u00f3dica EDTA, tambi\u00e9n conocido como EDTA dis\u00f3dico dihidratado. Se usa en la fabricaci\u00f3n de adhesivos, disolventes..","og_url":"https:\/\/www.alquera.com\/pt\/sal-edta\/","og_site_name":"Alquera.com","article_publisher":"https:\/\/www.facebook.com\/alqueraciencia","article_modified_time":"2026-04-12T07:52:43+00:00","og_image":[{"width":458,"height":458,"url":"https:\/\/www.alquera.com\/wp-content\/uploads\/2017\/01\/poliacrilato-de-sodio-250g.jpg","type":"image\/jpeg"}],"twitter_card":"summary_large_image","twitter_misc":{"Disponibilidade":"Em stock"},"schema":{"@context":"https:\/\/schema.org","@graph":[{"@type":["WebPage","ItemPage"],"@id":"https:\/\/www.alquera.com\/sal-edta\/","url":"https:\/\/www.alquera.com\/sal-edta\/","name":"Sal diss\u00f3dico EDTA: Comprar online - Alquera.com","isPartOf":{"@id":"https:\/\/www.alquera.com\/en\/#website"},"primaryImageOfPage":{"@id":"https:\/\/www.alquera.com\/sal-edta\/#primaryimage"},"image":{"@id":"https:\/\/www.alquera.com\/sal-edta\/#primaryimage"},"thumbnailUrl":"https:\/\/www.alquera.com\/wp-content\/uploads\/2017\/01\/poliacrilato-de-sodio-250g.jpg","datePublished":"2017-01-26T13:19:01+00:00","dateModified":"2026-04-12T07:52:43+00:00","description":"ENVIOS EM 24\/48H. Sal diss\u00f3dico EDTA, tamb\u00e9m conhecido como EDTA di-hidrato diss\u00f3dico. \u00c9 utilizado no fabrico de adesivos, solventes,...","breadcrumb":{"@id":"https:\/\/www.alquera.com\/sal-edta\/#breadcrumb"},"inLanguage":"pt-PT","potentialAction":[{"@type":"ReadAction","target":["https:\/\/www.alquera.com\/sal-edta\/"]}]},{"@type":"ImageObject","inLanguage":"pt-PT","@id":"https:\/\/www.alquera.com\/sal-edta\/#primaryimage","url":"https:\/\/www.alquera.com\/wp-content\/uploads\/2017\/01\/poliacrilato-de-sodio-250g.jpg","contentUrl":"https:\/\/www.alquera.com\/wp-content\/uploads\/2017\/01\/poliacrilato-de-sodio-250g.jpg","width":458,"height":458,"caption":"sal disodica edta"},{"@type":"BreadcrumbList","@id":"https:\/\/www.alquera.com\/sal-edta\/#breadcrumb","itemListElement":[{"@type":"ListItem","position":1,"name":"Inicio","item":"https:\/\/www.alquera.com\/"},{"@type":"ListItem","position":2,"name":"Alquera.com: Tienda Online de Productos Qu\u00edmicos y Material de Laboratorio","item":"https:\/\/www.alquera.com\/en\/tienda\/"},{"@type":"ListItem","position":3,"name":"Sal dis\u00f3dica EDTA"}]},{"@type":"WebSite","@id":"https:\/\/www.alquera.com\/en\/#website","url":"https:\/\/www.alquera.com\/en\/","name":"Alquera.com","description":"Loja on-line de produtos qu\u00edmicos e equipamento de laborat\u00f3rio","publisher":{"@id":"https:\/\/www.alquera.com\/en\/#organization"},"potentialAction":[{"@type":"SearchAction","target":{"@type":"EntryPoint","urlTemplate":"https:\/\/www.alquera.com\/en\/?s={search_term_string}"},"query-input":{"@type":"PropertyValueSpecification","valueRequired":true,"valueName":"search_term_string"}}],"inLanguage":"pt-PT"},{"@type":"Organization","@id":"https:\/\/www.alquera.com\/en\/#organization","name":"ALQUERA CIENCIA SL","url":"https:\/\/www.alquera.com\/en\/","logo":{"@type":"ImageObject","inLanguage":"pt-PT","@id":"https:\/\/www.alquera.com\/en\/#\/schema\/logo\/image\/","url":"https:\/\/www.alquera.com\/wp-content\/uploads\/2020\/11\/logo_300_ancho.png","contentUrl":"https:\/\/www.alquera.com\/wp-content\/uploads\/2020\/11\/logo_300_ancho.png","width":300,"height":86,"caption":"ALQUERA CIENCIA SL"},"image":{"@id":"https:\/\/www.alquera.com\/en\/#\/schema\/logo\/image\/"},"sameAs":["https:\/\/www.facebook.com\/alqueraciencia","https:\/\/www.instagram.com\/alquera_ciencia\/","https:\/\/www.youtube.com\/c\/alquera"]}]},"og_availability":"instock","product_availability":"instock","product_condition":"new"},"_links":{"self":[{"href":"https:\/\/www.alquera.com\/pt\/wp-json\/wp\/v2\/product\/744","targetHints":{"allow":["GET"]}}],"collection":[{"href":"https:\/\/www.alquera.com\/pt\/wp-json\/wp\/v2\/product"}],"about":[{"href":"https:\/\/www.alquera.com\/pt\/wp-json\/wp\/v2\/types\/product"}],"replies":[{"embeddable":true,"href":"https:\/\/www.alquera.com\/pt\/wp-json\/wp\/v2\/comments?post=744"}],"wp:featuredmedia":[{"embeddable":true,"href":"https:\/\/www.alquera.com\/pt\/wp-json\/wp\/v2\/media\/8809"}],"wp:attachment":[{"href":"https:\/\/www.alquera.com\/pt\/wp-json\/wp\/v2\/media?parent=744"}],"wp:term":[{"taxonomy":"product_brand","embeddable":true,"href":"https:\/\/www.alquera.com\/pt\/wp-json\/wp\/v2\/product_brand?post=744"},{"taxonomy":"product_cat","embeddable":true,"href":"https:\/\/www.alquera.com\/pt\/wp-json\/wp\/v2\/product_cat?post=744"},{"taxonomy":"product_tag","embeddable":true,"href":"https:\/\/www.alquera.com\/pt\/wp-json\/wp\/v2\/product_tag?post=744"}],"curies":[{"name":"wp","href":"https:\/\/api.w.org\/{rel}","templated":true}]}}