{"id":813,"date":"2017-06-26T19:52:23","date_gmt":"2017-06-26T19:52:23","guid":{"rendered":"http:\/\/localhost\/alquera\/productos\/producto\/acetato-de-sodio-1kg\/"},"modified":"2026-02-23T16:13:30","modified_gmt":"2026-02-23T16:13:30","slug":"acetato-de-sodio","status":"publish","type":"product","link":"https:\/\/www.alquera.com\/pt\/acetato-de-sodio\/","title":{"rendered":"Acetato de S\u00f3dio Trihidrato"},"content":{"rendered":"<p>O acetato de s\u00f3dio, tamb\u00e9m chamado etanoato de s\u00f3dio, \u00e9 um composto qu\u00edmico com a f\u00f3rmula NaC2H3O2. \u00c9 o sal de s\u00f3dio do \u00e1cido ac\u00e9tico e \u00e9 normalmente utilizado para a regula\u00e7\u00e3o do pH e como aditivo alimentar. \u00c9 tamb\u00e9m utilizado em experi\u00eancias para fazer gelo quente, pois tem a particularidade de cristalizar instantaneamente numa reac\u00e7\u00e3o exot\u00e9rmica em certas situa\u00e7\u00f5es.<\/p>\n<h2 class=\"productdescription\">IDENTIFICA\u00c7\u00c3O E PROPRIEDADES ACETATO DE S\u00d3DIO<\/h2>\n<p><strong>Nome:<\/strong> Acetato de S\u00f3dio<br \/>\n<strong>Sin\u00f3nimos:<\/strong> \u00c1cido ac\u00e9tico, sal de s\u00f3dio, trihidrato.<br \/>\n<strong>F\u00f3rmula Qu\u00edmica<\/strong>: CH3COONa 3H2O<br \/>\n<strong>CAS:<\/strong> 6131-90-4<br \/>\n<strong>CE:<\/strong> 204-823-8<\/p>\n<ul>\n<li>Aspecto: S\u00f3lido<\/li>\n<li>Cor: Branco<\/li>\n<li>Odor: inodoro<\/li>\n<li>pH: 8,9 (solu\u00e7\u00e3o de 0,1m)<\/li>\n<li>Ponto de ebuli\u00e7\u00e3o: 122,8 \u00baC<\/li>\n<li>Ponto de congela\u00e7\u00e3o\/ponto de fus\u00e3o: 57,8 \u00baC<\/li>\n<li>Solubilidade: Sol\u00favel em \u00e1gua<\/li>\n<li>Gravidade\/densidade espec\u00edfica: 1,45<\/li>\n<li>Peso molecular: 136,08<\/li>\n<\/ul>\n<h2>UTILIZA\u00c7\u00d5ES DO ACETATO DE S\u00d3DIO TRI-HIDRATADO<\/h2>\n<ul>\n<li>O acetato de s\u00f3dio \u00e9 utilizado na ind\u00fastria t\u00eaxtil, uma vez que remove res\u00edduos de \u00e1cido sulf\u00farico.<\/li>\n<li>Na ind\u00fastria t\u00eaxtil tamb\u00e9m actua como fotossens\u00edvel, especialmente quando est\u00e3o envolvidos corantes \u00e0 base de anilina.<\/li>\n<li>A solu\u00e7\u00e3o de \u00e1cido ac\u00e9tico e acetato de s\u00f3dio actua como uma solu\u00e7\u00e3o tamp\u00e3o para manter o pH a certos valores.<\/li>\n<li>\u00c9 tamb\u00e9m utilizado em sacos t\u00e9rmicos para aquecer as m\u00e3os. Em sacos em que o conte\u00fado endurece quando pressionado por aquecimento durante um certo per\u00edodo de tempo.<\/li>\n<\/ul>\n<h2><strong>CRISTALIZA\u00c7\u00c3O INSTANT\u00c2NEA DE ACETATO DE S\u00d3DIO<\/strong><\/h2>\n<p>O acetato de s\u00f3dio tem a peculiaridade de se cristalizar instantaneamente numa solu\u00e7\u00e3o saturada. Para conseguir esta cristaliza\u00e7\u00e3o instant\u00e2nea, \u00e9 necess\u00e1rio dissolver 200g de produto em 50ml de \u00e1gua e aquec\u00ea-lo enquanto se dissolve. Como \u00e9 um produto hidratado, quando aquecido, o pr\u00f3prio produto liberta \u00e1gua.<\/p>\n<p>\u00c9 ent\u00e3o permitido o arrefecimento. Uma vez arrefecido a menos de 40\u00ba, quando uma perturba\u00e7\u00e3o \u00e9 introduzida na solu\u00e7\u00e3o, ela cristalizar\u00e1 instantaneamente.<\/p>\n<div style=\"width: 640px;\" class=\"wp-video\"><video class=\"wp-video-shortcode\" id=\"video-813-1\" width=\"640\" height=\"640\" preload=\"metadata\" controls=\"controls\"><source type=\"video\/mp4\" src=\"https:\/\/www.alquera.com\/wp-content\/uploads\/2017\/06\/acetato-sodio-instagram-alquera.mp4?_=1\" \/><a href=\"https:\/\/www.alquera.com\/wp-content\/uploads\/2017\/06\/acetato-sodio-instagram-alquera.mp4\">https:\/\/www.alquera.com\/wp-content\/uploads\/2017\/06\/acetato-sodio-instagram-alquera.mp4<\/a><\/video><\/div>\n<p>&nbsp;<\/p>\n<p><img loading=\"lazy\" decoding=\"async\" class=\"alignnone wp-image-38474\" src=\"https:\/\/www.alquera.com\/wp-content\/uploads\/2017\/06\/acetato-de-sodio-cristalizacion-instantanea-300x186.jpg\" alt=\"acetato de sodio cristalizaci\u00f3n\" width=\"373\" height=\"231\" srcset=\"https:\/\/www.alquera.com\/wp-content\/uploads\/2017\/06\/acetato-de-sodio-cristalizacion-instantanea-300x186.jpg 300w, https:\/\/www.alquera.com\/wp-content\/uploads\/2017\/06\/acetato-de-sodio-cristalizacion-instantanea-600x373.jpg 600w, https:\/\/www.alquera.com\/wp-content\/uploads\/2017\/06\/acetato-de-sodio-cristalizacion-instantanea.jpg 750w\" sizes=\"auto, (max-width: 373px) 100vw, 373px\" \/><\/p>\n<p>\u00c0 medida que se cristaliza instantaneamente, aquece. Esta experi\u00eancia \u00e9, portanto, tamb\u00e9m conhecida como <strong>gelo quente<\/strong>. Mais informa\u00e7\u00f5es sobre esta experi\u00eancia podem ser encontradas aqui: <a href=\"https:\/\/www.experimentoscientificos.es\/experimento-hielo-caliente\/\">experi\u00eancia com gelo quente<\/a><\/p>","protected":false},"excerpt":{"rendered":"<p>Comprar Trihidrato de Acetato de S\u00f3dio em pequenos pacotes de sacos de 1kg a 25kg. O pre\u00e7o dos diferentes formatos de Trihidrato de Acetato de S\u00f3dio pode ser visto quando se selecciona o formato que se pretende. A encomenda \u00e9 feita directamente atrav\u00e9s da Web seguindo os passos indicados, sendo entregue em 24\/48 horas.<\/p>","protected":false},"featured_media":35785,"comment_status":"open","ping_status":"closed","template":"","meta":{"_acf_changed":false,"site-sidebar-layout":"default","site-content-layout":"default","ast-site-content-layout":"default","site-content-style":"default","site-sidebar-style":"default","ast-global-header-display":"","ast-banner-title-visibility":"","ast-main-header-display":"","ast-hfb-above-header-display":"","ast-hfb-below-header-display":"","ast-hfb-mobile-header-display":"","site-post-title":"","ast-breadcrumbs-content":"","ast-featured-img":"","footer-sml-layout":"","ast-disable-related-posts":"","theme-transparent-header-meta":"default","adv-header-id-meta":"","stick-header-meta":"default","header-above-stick-meta":"","header-main-stick-meta":"","header-below-stick-meta":"","astra-migrate-meta-layouts":"set","ast-page-background-enabled":"default","ast-page-background-meta":{"desktop":{"background-color":"var(--ast-global-color-4)","background-image":"","background-repeat":"repeat","background-position":"center center","background-size":"auto","background-attachment":"scroll","background-type":"","background-media":"","overlay-type":"","overlay-color":"","overlay-opacity":"","overlay-gradient":""},"tablet":{"background-color":"","background-image":"","background-repeat":"repeat","background-position":"center center","background-size":"auto","background-attachment":"scroll","background-type":"","background-media":"","overlay-type":"","overlay-color":"","overlay-opacity":"","overlay-gradient":""},"mobile":{"background-color":"","background-image":"","background-repeat":"repeat","background-position":"center center","background-size":"auto","background-attachment":"scroll","background-type":"","background-media":"","overlay-type":"","overlay-color":"","overlay-opacity":"","overlay-gradient":""}},"ast-content-background-meta":{"desktop":{"background-color":"var(--ast-global-color-5)","background-image":"","background-repeat":"repeat","background-position":"center center","background-size":"auto","background-attachment":"scroll","background-type":"","background-media":"","overlay-type":"","overlay-color":"","overlay-opacity":"","overlay-gradient":""},"tablet":{"background-color":"var(--ast-global-color-5)","background-image":"","background-repeat":"repeat","background-position":"center center","background-size":"auto","background-attachment":"scroll","background-type":"","background-media":"","overlay-type":"","overlay-color":"","overlay-opacity":"","overlay-gradient":""},"mobile":{"background-color":"var(--ast-global-color-5)","background-image":"","background-repeat":"repeat","background-position":"center center","background-size":"auto","background-attachment":"scroll","background-type":"","background-media":"","overlay-type":"","overlay-color":"","overlay-opacity":"","overlay-gradient":""}}},"product_brand":[],"product_cat":[206,21],"product_tag":[],"class_list":{"0":"post-813","1":"product","2":"type-product","3":"status-publish","4":"has-post-thumbnail","6":"product_cat-productos-experimentos","7":"product_cat-productos","8":"pa_cantidad-1kg","9":"pa_cantidad-5kg","10":"pa_cantidad-25kg","11":"desktop-align-left","12":"tablet-align-left","13":"mobile-align-left","14":"ast-product-gallery-layout-horizontal-slider","15":"ast-magnify-disabled","16":"ast-product-single-variable","17":"ast-product-tabs-layout-horizontal","18":"ast-qv-on-image","20":"first","21":"instock","22":"taxable","23":"shipping-taxable","24":"purchasable","25":"product-type-variable","26":"has-default-attributes"},"acf":[],"yoast_head":"<!-- This site is optimized with the Yoast SEO Premium plugin v27.1 (Yoast SEO v27.1.1) - https:\/\/yoast.com\/product\/yoast-seo-premium-wordpress\/ -->\n<title>Acetato de Sodio Trihidratado: Comprar Online - Alquera.com<\/title>\n<meta name=\"description\" content=\"ENV\u00cdOS EN 24\/48H. El acetato de sodio trihidratado es un producto cuya caracter\u00edstica principal es la cristalizaci\u00f3n instant\u00e1nea\" \/>\n<meta name=\"robots\" content=\"index, follow, max-snippet:-1, max-image-preview:large, max-video-preview:-1\" \/>\n<link rel=\"canonical\" href=\"https:\/\/www.alquera.com\/pt\/acetato-de-sodio\/\" \/>\n<meta property=\"og:locale\" content=\"pt_PT\" \/>\n<meta property=\"og:type\" content=\"article\" \/>\n<meta property=\"og:title\" content=\"Acetato de Sodio Trihidratado: Comprar Online - Alquera.com\" \/>\n<meta property=\"og:description\" content=\"ENV\u00cdOS EN 24\/48H. El acetato de sodio trihidratado es un producto cuya caracter\u00edstica principal es la cristalizaci\u00f3n instant\u00e1nea\" \/>\n<meta property=\"og:url\" content=\"https:\/\/www.alquera.com\/pt\/acetato-de-sodio\/\" \/>\n<meta property=\"og:site_name\" content=\"Alquera.com\" \/>\n<meta property=\"article:publisher\" content=\"https:\/\/www.facebook.com\/alqueraciencia\" \/>\n<meta property=\"article:modified_time\" content=\"2026-02-23T16:13:30+00:00\" \/>\n<meta property=\"og:image\" content=\"https:\/\/www.alquera.com\/wp-content\/uploads\/2017\/06\/ACETATO-DE-SODIO.png\" \/>\n\t<meta property=\"og:image:width\" content=\"800\" \/>\n\t<meta property=\"og:image:height\" content=\"800\" \/>\n\t<meta property=\"og:image:type\" content=\"image\/png\" \/>\n<meta name=\"twitter:card\" content=\"summary_large_image\" \/>\n<meta name=\"twitter:label1\" content=\"Disponibilidade\" \/>\n\t<meta name=\"twitter:data1\" content=\"Em stock\" \/>\n<script type=\"application\/ld+json\" class=\"yoast-schema-graph\">{\"@context\":\"https:\/\/schema.org\",\"@graph\":[{\"@type\":[\"WebPage\",\"ItemPage\"],\"@id\":\"https:\/\/www.alquera.com\/acetato-de-sodio\/\",\"url\":\"https:\/\/www.alquera.com\/acetato-de-sodio\/\",\"name\":\"Acetato de Sodio Trihidratado: Comprar Online - Alquera.com\",\"isPartOf\":{\"@id\":\"https:\/\/www.alquera.com\/en\/#website\"},\"primaryImageOfPage\":{\"@id\":\"https:\/\/www.alquera.com\/acetato-de-sodio\/#primaryimage\"},\"image\":{\"@id\":\"https:\/\/www.alquera.com\/acetato-de-sodio\/#primaryimage\"},\"thumbnailUrl\":\"https:\/\/www.alquera.com\/wp-content\/uploads\/2017\/06\/ACETATO-DE-SODIO.png\",\"datePublished\":\"2017-06-26T19:52:23+00:00\",\"dateModified\":\"2026-02-23T16:13:30+00:00\",\"description\":\"ENV\u00cdOS EN 24\/48H. El acetato de sodio trihidratado es un producto cuya caracter\u00edstica principal es la cristalizaci\u00f3n instant\u00e1nea\",\"breadcrumb\":{\"@id\":\"https:\/\/www.alquera.com\/acetato-de-sodio\/#breadcrumb\"},\"inLanguage\":\"pt-PT\",\"potentialAction\":[{\"@type\":\"ReadAction\",\"target\":[\"https:\/\/www.alquera.com\/acetato-de-sodio\/\"]}]},{\"@type\":\"ImageObject\",\"inLanguage\":\"pt-PT\",\"@id\":\"https:\/\/www.alquera.com\/acetato-de-sodio\/#primaryimage\",\"url\":\"https:\/\/www.alquera.com\/wp-content\/uploads\/2017\/06\/ACETATO-DE-SODIO.png\",\"contentUrl\":\"https:\/\/www.alquera.com\/wp-content\/uploads\/2017\/06\/ACETATO-DE-SODIO.png\",\"width\":800,\"height\":800,\"caption\":\"ACETATO DE SODIO\"},{\"@type\":\"BreadcrumbList\",\"@id\":\"https:\/\/www.alquera.com\/acetato-de-sodio\/#breadcrumb\",\"itemListElement\":[{\"@type\":\"ListItem\",\"position\":1,\"name\":\"Inicio\",\"item\":\"https:\/\/www.alquera.com\/\"},{\"@type\":\"ListItem\",\"position\":2,\"name\":\"Alquera.com: Tienda Online de Productos Qu\u00edmicos y Material de Laboratorio\",\"item\":\"https:\/\/www.alquera.com\/en\/tienda\/\"},{\"@type\":\"ListItem\",\"position\":3,\"name\":\"Acetato de Sodio Trihidratado\"}]},{\"@type\":\"WebSite\",\"@id\":\"https:\/\/www.alquera.com\/en\/#website\",\"url\":\"https:\/\/www.alquera.com\/en\/\",\"name\":\"Alquera.com\",\"description\":\"Tienda Online Productos Qu\u00edmicos y Material de Laboratorio\",\"publisher\":{\"@id\":\"https:\/\/www.alquera.com\/en\/#organization\"},\"potentialAction\":[{\"@type\":\"SearchAction\",\"target\":{\"@type\":\"EntryPoint\",\"urlTemplate\":\"https:\/\/www.alquera.com\/en\/?s={search_term_string}\"},\"query-input\":{\"@type\":\"PropertyValueSpecification\",\"valueRequired\":true,\"valueName\":\"search_term_string\"}}],\"inLanguage\":\"pt-PT\"},{\"@type\":\"Organization\",\"@id\":\"https:\/\/www.alquera.com\/en\/#organization\",\"name\":\"ALQUERA CIENCIA SL\",\"url\":\"https:\/\/www.alquera.com\/en\/\",\"logo\":{\"@type\":\"ImageObject\",\"inLanguage\":\"pt-PT\",\"@id\":\"https:\/\/www.alquera.com\/en\/#\/schema\/logo\/image\/\",\"url\":\"https:\/\/www.alquera.com\/wp-content\/uploads\/2020\/11\/logo_300_ancho.png\",\"contentUrl\":\"https:\/\/www.alquera.com\/wp-content\/uploads\/2020\/11\/logo_300_ancho.png\",\"width\":300,\"height\":86,\"caption\":\"ALQUERA CIENCIA SL\"},\"image\":{\"@id\":\"https:\/\/www.alquera.com\/en\/#\/schema\/logo\/image\/\"},\"sameAs\":[\"https:\/\/www.facebook.com\/alqueraciencia\",\"https:\/\/www.instagram.com\/alquera_ciencia\/\",\"https:\/\/www.youtube.com\/c\/alquera\"]}]}<\/script>\n<meta property=\"og:availability\" content=\"instock\" \/>\n<meta property=\"product:availability\" content=\"instock\" \/>\n<meta property=\"product:retailer_item_id\" content=\"ALCS1\" \/>\n<meta property=\"product:condition\" content=\"new\" \/>\n<!-- \/ Yoast SEO Premium plugin. -->","yoast_head_json":{"title":"Trihidrato de Acetato de S\u00f3dio Trihidratado: Comprar Online - Alquera.com","description":"ENVIOS EM 24\/48H. O acetato de s\u00f3dio tri-hidratado \u00e9 um produto cuja principal caracter\u00edstica \u00e9 a sua cristaliza\u00e7\u00e3o instant\u00e2nea.","robots":{"index":"index","follow":"follow","max-snippet":"max-snippet:-1","max-image-preview":"max-image-preview:large","max-video-preview":"max-video-preview:-1"},"canonical":"https:\/\/www.alquera.com\/pt\/acetato-de-sodio\/","og_locale":"pt_PT","og_type":"article","og_title":"Acetato de Sodio Trihidratado: Comprar Online - Alquera.com","og_description":"ENV\u00cdOS EN 24\/48H. El acetato de sodio trihidratado es un producto cuya caracter\u00edstica principal es la cristalizaci\u00f3n instant\u00e1nea","og_url":"https:\/\/www.alquera.com\/pt\/acetato-de-sodio\/","og_site_name":"Alquera.com","article_publisher":"https:\/\/www.facebook.com\/alqueraciencia","article_modified_time":"2026-02-23T16:13:30+00:00","og_image":[{"width":800,"height":800,"url":"https:\/\/www.alquera.com\/wp-content\/uploads\/2017\/06\/ACETATO-DE-SODIO.png","type":"image\/png"}],"twitter_card":"summary_large_image","twitter_misc":{"Disponibilidade":"Em stock"},"schema":{"@context":"https:\/\/schema.org","@graph":[{"@type":["WebPage","ItemPage"],"@id":"https:\/\/www.alquera.com\/acetato-de-sodio\/","url":"https:\/\/www.alquera.com\/acetato-de-sodio\/","name":"Trihidrato de Acetato de S\u00f3dio Trihidratado: Comprar Online - Alquera.com","isPartOf":{"@id":"https:\/\/www.alquera.com\/en\/#website"},"primaryImageOfPage":{"@id":"https:\/\/www.alquera.com\/acetato-de-sodio\/#primaryimage"},"image":{"@id":"https:\/\/www.alquera.com\/acetato-de-sodio\/#primaryimage"},"thumbnailUrl":"https:\/\/www.alquera.com\/wp-content\/uploads\/2017\/06\/ACETATO-DE-SODIO.png","datePublished":"2017-06-26T19:52:23+00:00","dateModified":"2026-02-23T16:13:30+00:00","description":"ENVIOS EM 24\/48H. O acetato de s\u00f3dio tri-hidratado \u00e9 um produto cuja principal caracter\u00edstica \u00e9 a sua cristaliza\u00e7\u00e3o instant\u00e2nea.","breadcrumb":{"@id":"https:\/\/www.alquera.com\/acetato-de-sodio\/#breadcrumb"},"inLanguage":"pt-PT","potentialAction":[{"@type":"ReadAction","target":["https:\/\/www.alquera.com\/acetato-de-sodio\/"]}]},{"@type":"ImageObject","inLanguage":"pt-PT","@id":"https:\/\/www.alquera.com\/acetato-de-sodio\/#primaryimage","url":"https:\/\/www.alquera.com\/wp-content\/uploads\/2017\/06\/ACETATO-DE-SODIO.png","contentUrl":"https:\/\/www.alquera.com\/wp-content\/uploads\/2017\/06\/ACETATO-DE-SODIO.png","width":800,"height":800,"caption":"ACETATO DE SODIO"},{"@type":"BreadcrumbList","@id":"https:\/\/www.alquera.com\/acetato-de-sodio\/#breadcrumb","itemListElement":[{"@type":"ListItem","position":1,"name":"Inicio","item":"https:\/\/www.alquera.com\/"},{"@type":"ListItem","position":2,"name":"Alquera.com: Tienda Online de Productos Qu\u00edmicos y Material de Laboratorio","item":"https:\/\/www.alquera.com\/en\/tienda\/"},{"@type":"ListItem","position":3,"name":"Acetato de Sodio Trihidratado"}]},{"@type":"WebSite","@id":"https:\/\/www.alquera.com\/en\/#website","url":"https:\/\/www.alquera.com\/en\/","name":"Alquera.com","description":"Loja on-line de produtos qu\u00edmicos e equipamento de laborat\u00f3rio","publisher":{"@id":"https:\/\/www.alquera.com\/en\/#organization"},"potentialAction":[{"@type":"SearchAction","target":{"@type":"EntryPoint","urlTemplate":"https:\/\/www.alquera.com\/en\/?s={search_term_string}"},"query-input":{"@type":"PropertyValueSpecification","valueRequired":true,"valueName":"search_term_string"}}],"inLanguage":"pt-PT"},{"@type":"Organization","@id":"https:\/\/www.alquera.com\/en\/#organization","name":"ALQUERA CIENCIA SL","url":"https:\/\/www.alquera.com\/en\/","logo":{"@type":"ImageObject","inLanguage":"pt-PT","@id":"https:\/\/www.alquera.com\/en\/#\/schema\/logo\/image\/","url":"https:\/\/www.alquera.com\/wp-content\/uploads\/2020\/11\/logo_300_ancho.png","contentUrl":"https:\/\/www.alquera.com\/wp-content\/uploads\/2020\/11\/logo_300_ancho.png","width":300,"height":86,"caption":"ALQUERA CIENCIA SL"},"image":{"@id":"https:\/\/www.alquera.com\/en\/#\/schema\/logo\/image\/"},"sameAs":["https:\/\/www.facebook.com\/alqueraciencia","https:\/\/www.instagram.com\/alquera_ciencia\/","https:\/\/www.youtube.com\/c\/alquera"]}]},"og_availability":"instock","product_availability":"instock","product_retailer_item_id":"ALCS1","product_condition":"new"},"_links":{"self":[{"href":"https:\/\/www.alquera.com\/pt\/wp-json\/wp\/v2\/product\/813","targetHints":{"allow":["GET"]}}],"collection":[{"href":"https:\/\/www.alquera.com\/pt\/wp-json\/wp\/v2\/product"}],"about":[{"href":"https:\/\/www.alquera.com\/pt\/wp-json\/wp\/v2\/types\/product"}],"replies":[{"embeddable":true,"href":"https:\/\/www.alquera.com\/pt\/wp-json\/wp\/v2\/comments?post=813"}],"wp:featuredmedia":[{"embeddable":true,"href":"https:\/\/www.alquera.com\/pt\/wp-json\/wp\/v2\/media\/35785"}],"wp:attachment":[{"href":"https:\/\/www.alquera.com\/pt\/wp-json\/wp\/v2\/media?parent=813"}],"wp:term":[{"taxonomy":"product_brand","embeddable":true,"href":"https:\/\/www.alquera.com\/pt\/wp-json\/wp\/v2\/product_brand?post=813"},{"taxonomy":"product_cat","embeddable":true,"href":"https:\/\/www.alquera.com\/pt\/wp-json\/wp\/v2\/product_cat?post=813"},{"taxonomy":"product_tag","embeddable":true,"href":"https:\/\/www.alquera.com\/pt\/wp-json\/wp\/v2\/product_tag?post=813"}],"curies":[{"name":"wp","href":"https:\/\/api.w.org\/{rel}","templated":true}]}}