{"id":819,"date":"2017-06-26T19:52:23","date_gmt":"2017-06-26T19:52:23","guid":{"rendered":"http:\/\/localhost\/alquera\/productos\/producto\/tripolifosfato-de-sodio-1kg\/"},"modified":"2026-04-16T08:06:20","modified_gmt":"2026-04-16T08:06:20","slug":"tripolifosfato-de-sodio","status":"publish","type":"product","link":"https:\/\/www.alquera.com\/pt\/tripolifosfato-de-sodio\/","title":{"rendered":"Tripolifosfato de S\u00f3dio"},"content":{"rendered":"<p>O tripolifosfato de s\u00f3dio \u00e9 um qu\u00edmico tamb\u00e9m conhecido como STPP, tripolifosfato de s\u00f3dio ou TPF. O tripolifosfato de s\u00f3dio ocorre como cristais ou gr\u00e3os brancos. \u00c9 sol\u00favel em \u00e1gua mas n\u00e3o em solventes org\u00e2nicos. O tripolifosfato de s\u00f3dio \u00e9 utilizado em diferentes ind\u00fastrias: agricultura, constru\u00e7\u00e3o, fabrico de papel. Este composto \u00e9 um ingrediente comummente utilizado no fabrico de sab\u00f5es e detergentes por v\u00e1rias raz\u00f5es. Reduz a dureza da \u00e1gua, atraindo i\u00f5es de c\u00e1lcio e magn\u00e9sio. Tem tamb\u00e9m uma componente floculante, ou seja, mant\u00e9m a sujidade em suspens\u00e3o, tornando-a mais f\u00e1cil de limpar.<\/p>\n<h2>IDENTIFICA\u00c7\u00c3O E PROPRIEDADES TRIPOLIFOSFATO<\/h2>\n<p><strong>Nome:<\/strong> Tripolifosfato de S\u00f3dio<br \/>\n<strong>CAS:\u00a0<\/strong>7758-29-4<br \/>\n<strong>CE:\u00a0<\/strong>231-838-7<\/p>\n<ul>\n<li>Aspecto: S\u00f3lido, p\u00f3 branco ou gr\u00e2nulos (hidrosc\u00f3pico)<\/li>\n<li>Odor: inodoro<\/li>\n<li>pH (1% solu\u00e7\u00e3o H2O): 9,1-10,2<\/li>\n<li>Ponto de fus\u00e3o: 622\u00baC<\/li>\n<li>Ponto de inflama\u00e7\u00e3o: N\u00e3o inflam\u00e1vel<\/li>\n<li>Inflamabilidade (s\u00f3lido, g\u00e1s): N\u00e3o inflam\u00e1vel<\/li>\n<li>Densidade a 20\u00baC: 2,5-3,05 g\/cm3<\/li>\n<li>Densidade a granel a 20\u00baC: 450-1000 kg\/m3<\/li>\n<li>Solubilidade em \u00e1gua (20\u00baC): 148 g\/l<\/li>\n<li>Temperatura de decomposi\u00e7\u00e3o: 622\u00baC<\/li>\n<\/ul>\n<h2>UTILIZA TRIPOLIFOSFATO DE S\u00d3DIO<\/h2>\n<ul>\n<li>Subst\u00e2ncia de laborat\u00f3rio<\/li>\n<li>Tratamento de metais<\/li>\n<li>Processamento de t\u00eaxteis e couro<\/li>\n<li>Tratamento de \u00e1guas<\/li>\n<li>Produto de limpeza<\/li>\n<li>Fluido de perfura\u00e7\u00e3o (petr\u00f3leo e outros)<\/li>\n<li>Detergente<\/li>\n<li>No sector da constru\u00e7\u00e3o e dos produtos de constru\u00e7\u00e3o<\/li>\n<\/ul>\n<p>&nbsp;<\/p>\n<p>&nbsp;<\/p>\n<p>&nbsp;<\/p>\n<p>&nbsp;<\/p>\n<p>&nbsp;<\/p>\n<p>&nbsp;<\/p>\n<p>&nbsp;<\/p>\n<p>&nbsp;<\/p>\n<p>&nbsp;<\/p>\n<p>&nbsp;<\/p>\n<p>&nbsp;<\/p>","protected":false},"excerpt":{"rendered":"<p class=\"ai-optimize-47 ai-optimize-introduction\">Comprar Tripolifosfato de s\u00f3dio em pacotes de 1Kg, 5Kg e at\u00e9 sacos de 25Kg. O pre\u00e7o dos diferentes formatos de Tripolifosfato de S\u00f3dio pode ser visto quando se selecciona o formato desejado. A encomenda \u00e9 feita directamente atrav\u00e9s da Web seguindo os passos indicados, e a entrega \u00e9 feita em 24\/48 horas.<\/p>","protected":false},"featured_media":818,"comment_status":"open","ping_status":"closed","template":"","meta":{"_acf_changed":false,"site-sidebar-layout":"default","site-content-layout":"default","ast-site-content-layout":"default","site-content-style":"default","site-sidebar-style":"default","ast-global-header-display":"","ast-banner-title-visibility":"","ast-main-header-display":"","ast-hfb-above-header-display":"","ast-hfb-below-header-display":"","ast-hfb-mobile-header-display":"","site-post-title":"","ast-breadcrumbs-content":"","ast-featured-img":"","footer-sml-layout":"","ast-disable-related-posts":"","theme-transparent-header-meta":"default","adv-header-id-meta":"","stick-header-meta":"default","header-above-stick-meta":"","header-main-stick-meta":"","header-below-stick-meta":"","astra-migrate-meta-layouts":"set","ast-page-background-enabled":"default","ast-page-background-meta":{"desktop":{"background-color":"var(--ast-global-color-4)","background-image":"","background-repeat":"repeat","background-position":"center center","background-size":"auto","background-attachment":"scroll","background-type":"","background-media":"","overlay-type":"","overlay-color":"","overlay-opacity":"","overlay-gradient":""},"tablet":{"background-color":"","background-image":"","background-repeat":"repeat","background-position":"center center","background-size":"auto","background-attachment":"scroll","background-type":"","background-media":"","overlay-type":"","overlay-color":"","overlay-opacity":"","overlay-gradient":""},"mobile":{"background-color":"","background-image":"","background-repeat":"repeat","background-position":"center center","background-size":"auto","background-attachment":"scroll","background-type":"","background-media":"","overlay-type":"","overlay-color":"","overlay-opacity":"","overlay-gradient":""}},"ast-content-background-meta":{"desktop":{"background-color":"var(--ast-global-color-5)","background-image":"","background-repeat":"repeat","background-position":"center center","background-size":"auto","background-attachment":"scroll","background-type":"","background-media":"","overlay-type":"","overlay-color":"","overlay-opacity":"","overlay-gradient":""},"tablet":{"background-color":"var(--ast-global-color-5)","background-image":"","background-repeat":"repeat","background-position":"center center","background-size":"auto","background-attachment":"scroll","background-type":"","background-media":"","overlay-type":"","overlay-color":"","overlay-opacity":"","overlay-gradient":""},"mobile":{"background-color":"var(--ast-global-color-5)","background-image":"","background-repeat":"repeat","background-position":"center center","background-size":"auto","background-attachment":"scroll","background-type":"","background-media":"","overlay-type":"","overlay-color":"","overlay-opacity":"","overlay-gradient":""}}},"product_brand":[],"product_cat":[21],"product_tag":[],"class_list":{"0":"post-819","1":"product","2":"type-product","3":"status-publish","4":"has-post-thumbnail","6":"product_cat-productos","7":"pa_cantidad-1kg","8":"pa_cantidad-5kg","9":"pa_cantidad-25kg","10":"desktop-align-left","11":"tablet-align-left","12":"mobile-align-left","13":"ast-product-gallery-layout-horizontal-slider","14":"ast-product-gallery-with-no-image","15":"ast-magnify-disabled","16":"ast-product-single-variable","17":"ast-product-tabs-layout-horizontal","18":"ast-qv-on-image","20":"first","21":"instock","22":"taxable","23":"shipping-taxable","24":"purchasable","25":"product-type-variable","26":"has-default-attributes"},"acf":[],"yoast_head":"<!-- This site is optimized with the Yoast SEO Premium plugin v27.1 (Yoast SEO v27.1.1) - https:\/\/yoast.com\/product\/yoast-seo-premium-wordpress\/ -->\n<title>Tripolifosfato de Sodio Comprar Online: - Alquera.com<\/title>\n<meta name=\"description\" content=\"ENV\u00cdOS EN 24\/48H. Comprar Tripolifosfato de Sodio en diferentes formatos. Utilizado como sustancia de laboratorio, detergente...\" \/>\n<meta name=\"robots\" content=\"index, follow, max-snippet:-1, max-image-preview:large, max-video-preview:-1\" \/>\n<link rel=\"canonical\" href=\"https:\/\/www.alquera.com\/pt\/tripolifosfato-de-sodio\/\" \/>\n<meta property=\"og:locale\" content=\"pt_PT\" \/>\n<meta property=\"og:type\" content=\"article\" \/>\n<meta property=\"og:title\" content=\"Tripolifosfato de Sodio: Comprar Online - Alquera.com\" \/>\n<meta property=\"og:description\" content=\"ENV\u00cdOS EN 24\/48H. Comprar Tripolifosfato de Sodio en diferentes formatos. Utilizado como sustancia de laboratorio, detergente...\" \/>\n<meta property=\"og:url\" content=\"https:\/\/www.alquera.com\/pt\/tripolifosfato-de-sodio\/\" \/>\n<meta property=\"og:site_name\" content=\"Alquera.com\" \/>\n<meta property=\"article:publisher\" content=\"https:\/\/www.facebook.com\/alqueraciencia\" \/>\n<meta property=\"article:modified_time\" content=\"2026-04-16T08:06:20+00:00\" \/>\n<meta property=\"og:image\" content=\"https:\/\/www.alquera.com\/wp-content\/uploads\/2017\/06\/1140-thickbox_default-Tripolifosfato-de-Sodio-1Kg.jpg\" \/>\n\t<meta property=\"og:image:width\" content=\"800\" \/>\n\t<meta property=\"og:image:height\" content=\"800\" \/>\n\t<meta property=\"og:image:type\" content=\"image\/jpeg\" \/>\n<meta name=\"twitter:card\" content=\"summary_large_image\" \/>\n<meta name=\"twitter:label1\" content=\"Disponibilidade\" \/>\n\t<meta name=\"twitter:data1\" content=\"Em stock\" \/>\n<script type=\"application\/ld+json\" class=\"yoast-schema-graph\">{\"@context\":\"https:\/\/schema.org\",\"@graph\":[{\"@type\":[\"WebPage\",\"ItemPage\"],\"@id\":\"https:\/\/www.alquera.com\/tripolifosfato-de-sodio\/\",\"url\":\"https:\/\/www.alquera.com\/tripolifosfato-de-sodio\/\",\"name\":\"Tripolifosfato de Sodio Comprar Online: - Alquera.com\",\"isPartOf\":{\"@id\":\"https:\/\/www.alquera.com\/en\/#website\"},\"primaryImageOfPage\":{\"@id\":\"https:\/\/www.alquera.com\/tripolifosfato-de-sodio\/#primaryimage\"},\"image\":{\"@id\":\"https:\/\/www.alquera.com\/tripolifosfato-de-sodio\/#primaryimage\"},\"thumbnailUrl\":\"https:\/\/www.alquera.com\/wp-content\/uploads\/2017\/06\/1140-thickbox_default-Tripolifosfato-de-Sodio-1Kg.jpg\",\"datePublished\":\"2017-06-26T19:52:23+00:00\",\"dateModified\":\"2026-04-16T08:06:20+00:00\",\"description\":\"ENV\u00cdOS EN 24\/48H. Comprar Tripolifosfato de Sodio en diferentes formatos. Utilizado como sustancia de laboratorio, detergente...\",\"breadcrumb\":{\"@id\":\"https:\/\/www.alquera.com\/tripolifosfato-de-sodio\/#breadcrumb\"},\"inLanguage\":\"pt-PT\",\"potentialAction\":[{\"@type\":\"ReadAction\",\"target\":[\"https:\/\/www.alquera.com\/tripolifosfato-de-sodio\/\"]}]},{\"@type\":\"ImageObject\",\"inLanguage\":\"pt-PT\",\"@id\":\"https:\/\/www.alquera.com\/tripolifosfato-de-sodio\/#primaryimage\",\"url\":\"https:\/\/www.alquera.com\/wp-content\/uploads\/2017\/06\/1140-thickbox_default-Tripolifosfato-de-Sodio-1Kg.jpg\",\"contentUrl\":\"https:\/\/www.alquera.com\/wp-content\/uploads\/2017\/06\/1140-thickbox_default-Tripolifosfato-de-Sodio-1Kg.jpg\",\"width\":800,\"height\":800,\"caption\":\"Tripolifosfato de Sodio\"},{\"@type\":\"BreadcrumbList\",\"@id\":\"https:\/\/www.alquera.com\/tripolifosfato-de-sodio\/#breadcrumb\",\"itemListElement\":[{\"@type\":\"ListItem\",\"position\":1,\"name\":\"Inicio\",\"item\":\"https:\/\/www.alquera.com\/\"},{\"@type\":\"ListItem\",\"position\":2,\"name\":\"Alquera.com: Tienda Online de Productos Qu\u00edmicos y Material de Laboratorio\",\"item\":\"https:\/\/www.alquera.com\/en\/tienda\/\"},{\"@type\":\"ListItem\",\"position\":3,\"name\":\"Tripolifosfato de Sodio\"}]},{\"@type\":\"WebSite\",\"@id\":\"https:\/\/www.alquera.com\/en\/#website\",\"url\":\"https:\/\/www.alquera.com\/en\/\",\"name\":\"Alquera.com\",\"description\":\"Tienda Online Productos Qu\u00edmicos y Material de Laboratorio\",\"publisher\":{\"@id\":\"https:\/\/www.alquera.com\/en\/#organization\"},\"potentialAction\":[{\"@type\":\"SearchAction\",\"target\":{\"@type\":\"EntryPoint\",\"urlTemplate\":\"https:\/\/www.alquera.com\/en\/?s={search_term_string}\"},\"query-input\":{\"@type\":\"PropertyValueSpecification\",\"valueRequired\":true,\"valueName\":\"search_term_string\"}}],\"inLanguage\":\"pt-PT\"},{\"@type\":\"Organization\",\"@id\":\"https:\/\/www.alquera.com\/en\/#organization\",\"name\":\"ALQUERA CIENCIA SL\",\"url\":\"https:\/\/www.alquera.com\/en\/\",\"logo\":{\"@type\":\"ImageObject\",\"inLanguage\":\"pt-PT\",\"@id\":\"https:\/\/www.alquera.com\/en\/#\/schema\/logo\/image\/\",\"url\":\"https:\/\/www.alquera.com\/wp-content\/uploads\/2020\/11\/logo_300_ancho.png\",\"contentUrl\":\"https:\/\/www.alquera.com\/wp-content\/uploads\/2020\/11\/logo_300_ancho.png\",\"width\":300,\"height\":86,\"caption\":\"ALQUERA CIENCIA SL\"},\"image\":{\"@id\":\"https:\/\/www.alquera.com\/en\/#\/schema\/logo\/image\/\"},\"sameAs\":[\"https:\/\/www.facebook.com\/alqueraciencia\",\"https:\/\/www.instagram.com\/alquera_ciencia\/\",\"https:\/\/www.youtube.com\/c\/alquera\"]}]}<\/script>\n<meta property=\"og:availability\" content=\"instock\" \/>\n<meta property=\"product:availability\" content=\"instock\" \/>\n<meta property=\"product:retailer_item_id\" content=\"ALCS4\" \/>\n<meta property=\"product:condition\" content=\"new\" \/>\n<!-- \/ Yoast SEO Premium plugin. -->","yoast_head_json":{"title":"Tripolifosfato de s\u00f3dio Comprar Online: - Alquera.com","description":"ENTREGA 24\/48H. Comprar Tripolifosfato de S\u00f3dio em diferentes formatos. Usado como subst\u00e2ncia de laborat\u00f3rio, detergente, detergente,...","robots":{"index":"index","follow":"follow","max-snippet":"max-snippet:-1","max-image-preview":"max-image-preview:large","max-video-preview":"max-video-preview:-1"},"canonical":"https:\/\/www.alquera.com\/pt\/tripolifosfato-de-sodio\/","og_locale":"pt_PT","og_type":"article","og_title":"Tripolifosfato de Sodio: Comprar Online - Alquera.com","og_description":"ENV\u00cdOS EN 24\/48H. Comprar Tripolifosfato de Sodio en diferentes formatos. Utilizado como sustancia de laboratorio, detergente...","og_url":"https:\/\/www.alquera.com\/pt\/tripolifosfato-de-sodio\/","og_site_name":"Alquera.com","article_publisher":"https:\/\/www.facebook.com\/alqueraciencia","article_modified_time":"2026-04-16T08:06:20+00:00","og_image":[{"width":800,"height":800,"url":"https:\/\/www.alquera.com\/wp-content\/uploads\/2017\/06\/1140-thickbox_default-Tripolifosfato-de-Sodio-1Kg.jpg","type":"image\/jpeg"}],"twitter_card":"summary_large_image","twitter_misc":{"Disponibilidade":"Em stock"},"schema":{"@context":"https:\/\/schema.org","@graph":[{"@type":["WebPage","ItemPage"],"@id":"https:\/\/www.alquera.com\/tripolifosfato-de-sodio\/","url":"https:\/\/www.alquera.com\/tripolifosfato-de-sodio\/","name":"Tripolifosfato de s\u00f3dio Comprar Online: - Alquera.com","isPartOf":{"@id":"https:\/\/www.alquera.com\/en\/#website"},"primaryImageOfPage":{"@id":"https:\/\/www.alquera.com\/tripolifosfato-de-sodio\/#primaryimage"},"image":{"@id":"https:\/\/www.alquera.com\/tripolifosfato-de-sodio\/#primaryimage"},"thumbnailUrl":"https:\/\/www.alquera.com\/wp-content\/uploads\/2017\/06\/1140-thickbox_default-Tripolifosfato-de-Sodio-1Kg.jpg","datePublished":"2017-06-26T19:52:23+00:00","dateModified":"2026-04-16T08:06:20+00:00","description":"ENTREGA 24\/48H. Comprar Tripolifosfato de S\u00f3dio em diferentes formatos. Usado como subst\u00e2ncia de laborat\u00f3rio, detergente, detergente,...","breadcrumb":{"@id":"https:\/\/www.alquera.com\/tripolifosfato-de-sodio\/#breadcrumb"},"inLanguage":"pt-PT","potentialAction":[{"@type":"ReadAction","target":["https:\/\/www.alquera.com\/tripolifosfato-de-sodio\/"]}]},{"@type":"ImageObject","inLanguage":"pt-PT","@id":"https:\/\/www.alquera.com\/tripolifosfato-de-sodio\/#primaryimage","url":"https:\/\/www.alquera.com\/wp-content\/uploads\/2017\/06\/1140-thickbox_default-Tripolifosfato-de-Sodio-1Kg.jpg","contentUrl":"https:\/\/www.alquera.com\/wp-content\/uploads\/2017\/06\/1140-thickbox_default-Tripolifosfato-de-Sodio-1Kg.jpg","width":800,"height":800,"caption":"Tripolifosfato de Sodio"},{"@type":"BreadcrumbList","@id":"https:\/\/www.alquera.com\/tripolifosfato-de-sodio\/#breadcrumb","itemListElement":[{"@type":"ListItem","position":1,"name":"Inicio","item":"https:\/\/www.alquera.com\/"},{"@type":"ListItem","position":2,"name":"Alquera.com: Tienda Online de Productos Qu\u00edmicos y Material de Laboratorio","item":"https:\/\/www.alquera.com\/en\/tienda\/"},{"@type":"ListItem","position":3,"name":"Tripolifosfato de Sodio"}]},{"@type":"WebSite","@id":"https:\/\/www.alquera.com\/en\/#website","url":"https:\/\/www.alquera.com\/en\/","name":"Alquera.com","description":"Loja on-line de produtos qu\u00edmicos e equipamento de laborat\u00f3rio","publisher":{"@id":"https:\/\/www.alquera.com\/en\/#organization"},"potentialAction":[{"@type":"SearchAction","target":{"@type":"EntryPoint","urlTemplate":"https:\/\/www.alquera.com\/en\/?s={search_term_string}"},"query-input":{"@type":"PropertyValueSpecification","valueRequired":true,"valueName":"search_term_string"}}],"inLanguage":"pt-PT"},{"@type":"Organization","@id":"https:\/\/www.alquera.com\/en\/#organization","name":"ALQUERA CIENCIA SL","url":"https:\/\/www.alquera.com\/en\/","logo":{"@type":"ImageObject","inLanguage":"pt-PT","@id":"https:\/\/www.alquera.com\/en\/#\/schema\/logo\/image\/","url":"https:\/\/www.alquera.com\/wp-content\/uploads\/2020\/11\/logo_300_ancho.png","contentUrl":"https:\/\/www.alquera.com\/wp-content\/uploads\/2020\/11\/logo_300_ancho.png","width":300,"height":86,"caption":"ALQUERA CIENCIA SL"},"image":{"@id":"https:\/\/www.alquera.com\/en\/#\/schema\/logo\/image\/"},"sameAs":["https:\/\/www.facebook.com\/alqueraciencia","https:\/\/www.instagram.com\/alquera_ciencia\/","https:\/\/www.youtube.com\/c\/alquera"]}]},"og_availability":"instock","product_availability":"instock","product_retailer_item_id":"ALCS4","product_condition":"new"},"_links":{"self":[{"href":"https:\/\/www.alquera.com\/pt\/wp-json\/wp\/v2\/product\/819","targetHints":{"allow":["GET"]}}],"collection":[{"href":"https:\/\/www.alquera.com\/pt\/wp-json\/wp\/v2\/product"}],"about":[{"href":"https:\/\/www.alquera.com\/pt\/wp-json\/wp\/v2\/types\/product"}],"replies":[{"embeddable":true,"href":"https:\/\/www.alquera.com\/pt\/wp-json\/wp\/v2\/comments?post=819"}],"wp:featuredmedia":[{"embeddable":true,"href":"https:\/\/www.alquera.com\/pt\/wp-json\/wp\/v2\/media\/818"}],"wp:attachment":[{"href":"https:\/\/www.alquera.com\/pt\/wp-json\/wp\/v2\/media?parent=819"}],"wp:term":[{"taxonomy":"product_brand","embeddable":true,"href":"https:\/\/www.alquera.com\/pt\/wp-json\/wp\/v2\/product_brand?post=819"},{"taxonomy":"product_cat","embeddable":true,"href":"https:\/\/www.alquera.com\/pt\/wp-json\/wp\/v2\/product_cat?post=819"},{"taxonomy":"product_tag","embeddable":true,"href":"https:\/\/www.alquera.com\/pt\/wp-json\/wp\/v2\/product_tag?post=819"}],"curies":[{"name":"wp","href":"https:\/\/api.w.org\/{rel}","templated":true}]}}